{"id":87250,"date":"2021-12-28T17:06:50","date_gmt":"2021-12-28T16:06:50","guid":{"rendered":"https:\/\/marktxxl.de\/markt\/produkt\/braune-kraft-einfach-weihnachten-geschenkanhaenger-ferien-aufkleber-4-verschiedene-designs-51-x-76-mm-2-x-3-zoll-breit-100-etiketten-auf-einer-rolle\/"},"modified":"2023-04-09T02:40:21","modified_gmt":"2023-04-09T00:40:21","slug":"braune-kraft-einfach-weihnachten-geschenkanhaenger-ferien-aufkleber-4-verschiedene-designs-51-x-76-mm-2-x-3-zoll-breit-100-etiketten-auf-einer-rolle","status":"publish","type":"product","link":"https:\/\/marktxxl.de\/markt\/produkt\/braune-kraft-einfach-weihnachten-geschenkanhaenger-ferien-aufkleber-4-verschiedene-designs-51-x-76-mm-2-x-3-zoll-breit-100-etiketten-auf-einer-rolle\/","title":{"rendered":"Braune Kraft Einfach Weihnachten Geschenkanh\u00e4nger Ferien Aufkleber, 4 Verschiedene Designs, 51 x 76 mm 2 x 3 Zoll Breit\u2026"},"content":{"rendered":"<p>Nat\u00fcrliches braunes Kraftpapier: hochwertiges Kraftmaterial, das eine tolle Optik und Haptik bietet. Das Kraftmaterial besteht aus Weichholzfasern, die ihm das Landhaushaus verleihen, eine Art des Looks zum Basteln. Sie sind in der Lage, diese Urlaubsanh\u00e4nger mit einem Stift, Bleistift oder Spitzer zu schreiben.<br \/>\nDer perfekte Kleber: Die R\u00fcckseite dieser Etiketten hat das, was der Industriestandard als permanent betrachtet. Dies bedeutet nur, dass der Klebstoff stark ist und auf den meisten ebenen Oberfl\u00e4chen haftet. Das Wunderbare ist, dass diese auch auf Textilien aufgetragen werden k\u00f6nnen. Zum Beispiel: wenn Sie eine Decke verschenken. Sie haften gut auf der Decke und lassen sich ohne R\u00fcckst\u00e4nde entfernen oder Sch\u00e4den am Geschenk verursachen.<br \/>\n\u30104 EINZIGARTIGE GESCHENKANTEN\u3011Die Geschenkanh\u00e4nger haben 4 verschiedene Geschenkanh\u00e4nger, die einfach sind und ein minimalistisches Design haben.<br \/>\n100 Kraftpapieranh\u00e4nger (ca. 25 pro Design): Wir bieten hundert davon auf einer Rolle mit ca. 10 zus\u00e4tzlichen Etiketten, um die wenigen, die am Band verloren gehen, zu rechnen, die die Rolle zusammenhalten. Dies ist auch gro\u00dfartig, wenn Sie ein bestimmtes Projekt haben, das eine genaue Menge ben\u00f6tigt. Es erm\u00f6glicht ein paar Chaos.<br \/>\nHergestellt in den USA: Diese Etiketten werden in unserem Betrieb in den USA gedruckt. Sie k\u00f6nnen diese Anh\u00e4nger f\u00fcr Weihnachtsgeschenke, Geburtstagsgeschenke, Jubil\u00e4en und vieles mehr verwenden. Au\u00dfenma\u00dfe: 9,5 cm; Kerngr\u00f6\u00dfe: 7,6 cm.<br \/>\n<div class=\"main-cross-sell\" data-asin=\"B07VGZHHG9\">\n\n\t<div class=\"WooZone-cross-sell-loader\">\n\t\t<div>\n\t\t\t<div id=\"floatingBarsG\">\n\t\t\t\t<div class=\"blockG\" id=\"rotateG_01\"><\/div>\n\t\t\t\t<div class=\"blockG\" id=\"rotateG_02\"><\/div>\n\t\t\t\t<div class=\"blockG\" id=\"rotateG_03\"><\/div>\n\t\t\t\t<div class=\"blockG\" id=\"rotateG_04\"><\/div>\n\t\t\t\t<div class=\"blockG\" id=\"rotateG_05\"><\/div>\n\t\t\t\t<div class=\"blockG\" id=\"rotateG_06\"><\/div>\n\t\t\t\t<div class=\"blockG\" id=\"rotateG_07\"><\/div>\n\t\t\t\t<div class=\"blockG\" id=\"rotateG_08\"><\/div>\n\t\t\t<\/div>\n\t\t\t<div class=\"WooZone-cross-sell-loader-text\"><\/div>\n\t\t<\/div>\n\t<\/div>\n\n\t\t\n<\/div>\n<div style=\"clear:both;\"><\/div><\/p>\n","protected":false},"excerpt":{"rendered":"<p>Nat\u00fcrliches braunes Kraftpapier: hochwertiges Kraftmaterial, das eine tolle Optik und Haptik bietet. Das Kraftmaterial besteht aus Weichholzfasern, die ihm das Landhaushaus verleihen, eine Art des Looks zum Basteln. Sie sind in der Lage, diese Urlaubsanh\u00e4nger mit einem Stift, Bleistift oder Spitzer zu schreiben.<br \/>\nDer perfekte Kleber: Die R\u00fcckseite dieser Etiketten hat das, was der Industriestandard als permanent betrachtet. Dies bedeutet nur, dass der Klebstoff stark ist und auf den meisten ebenen Oberfl\u00e4chen haftet. Das Wunderbare ist, dass diese auch auf Textilien aufgetragen werden k\u00f6nnen. Zum Beispiel: wenn Sie eine Decke verschenken. Sie haften gut auf der Decke und lassen sich ohne R\u00fcckst\u00e4nde entfernen oder Sch\u00e4den am Geschenk verursachen.<br \/>\n\u30104 EINZIGARTIGE GESCHENKANTEN\u3011Die Geschenkanh\u00e4nger haben 4 verschiedene Geschenkanh\u00e4nger, die einfach sind und ein minimalistisches Design haben.<\/p>\n","protected":false},"featured_media":87251,"comment_status":"open","ping_status":"closed","template":"","meta":[],"product_brand":[],"product_cat":[504,8284],"product_tag":[],"class_list":{"0":"post-87250","1":"product","2":"type-product","3":"status-publish","4":"has-post-thumbnail","6":"product_cat-buerobedarf-schreibwaren","7":"product_cat-bueromaterial","8":"pa_binding-buerobedarf-schreibwaren","9":"pa_brand-instocklabels-com","10":"pa_color-sandfarben","11":"pa_manufacturer-instocklabels-com","12":"pa_size-2-x-3-tag","13":"pa_weight-0-23-pfund","15":"first","16":"instock","17":"shipping-taxable","18":"purchasable","19":"product-type-simple","20":"customify-col","21":"product-has-gallery"},"yoast_head":"<!-- This site is optimized with the Yoast SEO plugin v27.4 - https:\/\/yoast.com\/product\/yoast-seo-wordpress\/ -->\n<title>Braune Kraft Einfach Weihnachten Geschenkanh\u00e4nger Ferien Aufkleber, 4 Verschiedene Designs, 51 x 76 mm 2 x 3 Zoll Breit\u2026 - Markt-XXL<\/title>\n<meta name=\"description\" content=\"Markt-XXL Braune Kraft Einfach Weihnachten Geschenkanh\u00e4nger Ferien Aufkleber, 4 Verschiedene Designs, 51 x 76 mm 2 x 3 Zoll Breit\u2026\" \/>\n<meta name=\"robots\" content=\"index, follow, max-snippet:-1, max-image-preview:large, max-video-preview:-1\" \/>\n<link rel=\"canonical\" href=\"https:\/\/marktxxl.de\/markt\/produkt\/braune-kraft-einfach-weihnachten-geschenkanhaenger-ferien-aufkleber-4-verschiedene-designs-51-x-76-mm-2-x-3-zoll-breit-100-etiketten-auf-einer-rolle\/\" \/>\n<meta property=\"og:locale\" content=\"de_DE\" \/>\n<meta property=\"og:type\" content=\"article\" \/>\n<meta property=\"og:title\" content=\"Braune Kraft Einfach Weihnachten Geschenkanh\u00e4nger Ferien Aufkleber, 4 Verschiedene Designs, 51 x 76 mm 2 x 3 Zoll Breit\u2026 - Markt-XXL\" \/>\n<meta property=\"og:description\" content=\"Markt-XXL Braune Kraft Einfach Weihnachten Geschenkanh\u00e4nger Ferien Aufkleber, 4 Verschiedene Designs, 51 x 76 mm 2 x 3 Zoll Breit\u2026\" \/>\n<meta property=\"og:url\" content=\"https:\/\/marktxxl.de\/markt\/produkt\/braune-kraft-einfach-weihnachten-geschenkanhaenger-ferien-aufkleber-4-verschiedene-designs-51-x-76-mm-2-x-3-zoll-breit-100-etiketten-auf-einer-rolle\/\" \/>\n<meta property=\"og:site_name\" content=\"Markt-XXL\" \/>\n<meta property=\"article:modified_time\" content=\"2023-04-09T00:40:21+00:00\" \/>\n<meta property=\"og:image\" content=\"https:\/\/m.media-amazon.com\/images\/I\/41J7VhqNqDL._SL500_.jpg\" \/>\n\t<meta property=\"og:image:width\" content=\"349\" \/>\n\t<meta property=\"og:image:height\" content=\"500\" \/>\n\t<meta property=\"og:image:type\" content=\"image\/jpeg\" \/>\n<meta name=\"twitter:card\" content=\"summary_large_image\" \/>\n<meta name=\"twitter:label1\" content=\"Gesch\u00e4tzte Lesezeit\" \/>\n\t<meta name=\"twitter:data1\" content=\"1\u00a0Minute\" \/>\n<script type=\"application\/ld+json\" class=\"yoast-schema-graph\">{\"@context\":\"https:\\\/\\\/schema.org\",\"@graph\":[{\"@type\":\"WebPage\",\"@id\":\"https:\\\/\\\/marktxxl.de\\\/markt\\\/produkt\\\/braune-kraft-einfach-weihnachten-geschenkanhaenger-ferien-aufkleber-4-verschiedene-designs-51-x-76-mm-2-x-3-zoll-breit-100-etiketten-auf-einer-rolle\\\/\",\"url\":\"https:\\\/\\\/marktxxl.de\\\/markt\\\/produkt\\\/braune-kraft-einfach-weihnachten-geschenkanhaenger-ferien-aufkleber-4-verschiedene-designs-51-x-76-mm-2-x-3-zoll-breit-100-etiketten-auf-einer-rolle\\\/\",\"name\":\"Braune Kraft Einfach Weihnachten Geschenkanh\u00e4nger Ferien Aufkleber, 4 Verschiedene Designs, 51 x 76 mm 2 x 3 Zoll Breit\u2026 - Markt-XXL\",\"isPartOf\":{\"@id\":\"https:\\\/\\\/marktxxl.de\\\/markt\\\/#website\"},\"primaryImageOfPage\":{\"@id\":\"https:\\\/\\\/marktxxl.de\\\/markt\\\/produkt\\\/braune-kraft-einfach-weihnachten-geschenkanhaenger-ferien-aufkleber-4-verschiedene-designs-51-x-76-mm-2-x-3-zoll-breit-100-etiketten-auf-einer-rolle\\\/#primaryimage\"},\"image\":{\"@id\":\"https:\\\/\\\/marktxxl.de\\\/markt\\\/produkt\\\/braune-kraft-einfach-weihnachten-geschenkanhaenger-ferien-aufkleber-4-verschiedene-designs-51-x-76-mm-2-x-3-zoll-breit-100-etiketten-auf-einer-rolle\\\/#primaryimage\"},\"thumbnailUrl\":\"https:\\\/\\\/m.media-amazon.com\\\/images\\\/I\\\/41J7VhqNqDL._SL500_.jpg\",\"datePublished\":\"2021-12-28T16:06:50+00:00\",\"dateModified\":\"2023-04-09T00:40:21+00:00\",\"description\":\"Markt-XXL Braune Kraft Einfach Weihnachten Geschenkanh\u00e4nger Ferien Aufkleber, 4 Verschiedene Designs, 51 x 76 mm 2 x 3 Zoll Breit\u2026\",\"breadcrumb\":{\"@id\":\"https:\\\/\\\/marktxxl.de\\\/markt\\\/produkt\\\/braune-kraft-einfach-weihnachten-geschenkanhaenger-ferien-aufkleber-4-verschiedene-designs-51-x-76-mm-2-x-3-zoll-breit-100-etiketten-auf-einer-rolle\\\/#breadcrumb\"},\"inLanguage\":\"de\",\"potentialAction\":[{\"@type\":\"ReadAction\",\"target\":[\"https:\\\/\\\/marktxxl.de\\\/markt\\\/produkt\\\/braune-kraft-einfach-weihnachten-geschenkanhaenger-ferien-aufkleber-4-verschiedene-designs-51-x-76-mm-2-x-3-zoll-breit-100-etiketten-auf-einer-rolle\\\/\"]}]},{\"@type\":\"ImageObject\",\"inLanguage\":\"de\",\"@id\":\"https:\\\/\\\/marktxxl.de\\\/markt\\\/produkt\\\/braune-kraft-einfach-weihnachten-geschenkanhaenger-ferien-aufkleber-4-verschiedene-designs-51-x-76-mm-2-x-3-zoll-breit-100-etiketten-auf-einer-rolle\\\/#primaryimage\",\"url\":\"https:\\\/\\\/m.media-amazon.com\\\/images\\\/I\\\/41J7VhqNqDL._SL500_.jpg\",\"contentUrl\":\"https:\\\/\\\/m.media-amazon.com\\\/images\\\/I\\\/41J7VhqNqDL._SL500_.jpg\",\"width\":349,\"height\":500},{\"@type\":\"BreadcrumbList\",\"@id\":\"https:\\\/\\\/marktxxl.de\\\/markt\\\/produkt\\\/braune-kraft-einfach-weihnachten-geschenkanhaenger-ferien-aufkleber-4-verschiedene-designs-51-x-76-mm-2-x-3-zoll-breit-100-etiketten-auf-einer-rolle\\\/#breadcrumb\",\"itemListElement\":[{\"@type\":\"ListItem\",\"position\":1,\"name\":\"Startseite\",\"item\":\"https:\\\/\\\/marktxxl.de\\\/markt\\\/\"},{\"@type\":\"ListItem\",\"position\":2,\"name\":\"Markt\",\"item\":\"https:\\\/\\\/marktxxl.de\\\/markt\\\/\"},{\"@type\":\"ListItem\",\"position\":3,\"name\":\"Braune Kraft Einfach Weihnachten Geschenkanh\u00e4nger Ferien Aufkleber, 4 Verschiedene Designs, 51 x 76 mm 2 x 3 Zoll Breit\u2026\"}]},{\"@type\":\"WebSite\",\"@id\":\"https:\\\/\\\/marktxxl.de\\\/markt\\\/#website\",\"url\":\"https:\\\/\\\/marktxxl.de\\\/markt\\\/\",\"name\":\"Markt-XXL\",\"description\":\"Ihr Markt Online\",\"publisher\":{\"@id\":\"https:\\\/\\\/marktxxl.de\\\/markt\\\/#organization\"},\"potentialAction\":[{\"@type\":\"SearchAction\",\"target\":{\"@type\":\"EntryPoint\",\"urlTemplate\":\"https:\\\/\\\/marktxxl.de\\\/markt\\\/?s={search_term_string}\"},\"query-input\":{\"@type\":\"PropertyValueSpecification\",\"valueRequired\":true,\"valueName\":\"search_term_string\"}}],\"inLanguage\":\"de\"},{\"@type\":\"Organization\",\"@id\":\"https:\\\/\\\/marktxxl.de\\\/markt\\\/#organization\",\"name\":\"Markt-XXL\",\"url\":\"https:\\\/\\\/marktxxl.de\\\/markt\\\/\",\"logo\":{\"@type\":\"ImageObject\",\"inLanguage\":\"de\",\"@id\":\"https:\\\/\\\/marktxxl.de\\\/markt\\\/#\\\/schema\\\/logo\\\/image\\\/\",\"url\":\"https:\\\/\\\/marktxxl.de\\\/markt\\\/wp-content\\\/uploads\\\/sites\\\/3\\\/2020\\\/12\\\/logo.png\",\"contentUrl\":\"https:\\\/\\\/marktxxl.de\\\/markt\\\/wp-content\\\/uploads\\\/sites\\\/3\\\/2020\\\/12\\\/logo.png\",\"width\":200,\"height\":70,\"caption\":\"Markt-XXL\"},\"image\":{\"@id\":\"https:\\\/\\\/marktxxl.de\\\/markt\\\/#\\\/schema\\\/logo\\\/image\\\/\"}}]}<\/script>\n<!-- \/ Yoast SEO plugin. -->","yoast_head_json":{"title":"Braune Kraft Einfach Weihnachten Geschenkanh\u00e4nger Ferien Aufkleber, 4 Verschiedene Designs, 51 x 76 mm 2 x 3 Zoll Breit\u2026 - Markt-XXL","description":"Markt-XXL Braune Kraft Einfach Weihnachten Geschenkanh\u00e4nger Ferien Aufkleber, 4 Verschiedene Designs, 51 x 76 mm 2 x 3 Zoll Breit\u2026","robots":{"index":"index","follow":"follow","max-snippet":"max-snippet:-1","max-image-preview":"max-image-preview:large","max-video-preview":"max-video-preview:-1"},"canonical":"https:\/\/marktxxl.de\/markt\/produkt\/braune-kraft-einfach-weihnachten-geschenkanhaenger-ferien-aufkleber-4-verschiedene-designs-51-x-76-mm-2-x-3-zoll-breit-100-etiketten-auf-einer-rolle\/","og_locale":"de_DE","og_type":"article","og_title":"Braune Kraft Einfach Weihnachten Geschenkanh\u00e4nger Ferien Aufkleber, 4 Verschiedene Designs, 51 x 76 mm 2 x 3 Zoll Breit\u2026 - Markt-XXL","og_description":"Markt-XXL Braune Kraft Einfach Weihnachten Geschenkanh\u00e4nger Ferien Aufkleber, 4 Verschiedene Designs, 51 x 76 mm 2 x 3 Zoll Breit\u2026","og_url":"https:\/\/marktxxl.de\/markt\/produkt\/braune-kraft-einfach-weihnachten-geschenkanhaenger-ferien-aufkleber-4-verschiedene-designs-51-x-76-mm-2-x-3-zoll-breit-100-etiketten-auf-einer-rolle\/","og_site_name":"Markt-XXL","article_modified_time":"2023-04-09T00:40:21+00:00","og_image":[{"width":349,"height":500,"url":"https:\/\/m.media-amazon.com\/images\/I\/41J7VhqNqDL._SL500_.jpg","type":"image\/jpeg"}],"twitter_card":"summary_large_image","twitter_misc":{"Gesch\u00e4tzte Lesezeit":"1\u00a0Minute"},"schema":{"@context":"https:\/\/schema.org","@graph":[{"@type":"WebPage","@id":"https:\/\/marktxxl.de\/markt\/produkt\/braune-kraft-einfach-weihnachten-geschenkanhaenger-ferien-aufkleber-4-verschiedene-designs-51-x-76-mm-2-x-3-zoll-breit-100-etiketten-auf-einer-rolle\/","url":"https:\/\/marktxxl.de\/markt\/produkt\/braune-kraft-einfach-weihnachten-geschenkanhaenger-ferien-aufkleber-4-verschiedene-designs-51-x-76-mm-2-x-3-zoll-breit-100-etiketten-auf-einer-rolle\/","name":"Braune Kraft Einfach Weihnachten Geschenkanh\u00e4nger Ferien Aufkleber, 4 Verschiedene Designs, 51 x 76 mm 2 x 3 Zoll Breit\u2026 - Markt-XXL","isPartOf":{"@id":"https:\/\/marktxxl.de\/markt\/#website"},"primaryImageOfPage":{"@id":"https:\/\/marktxxl.de\/markt\/produkt\/braune-kraft-einfach-weihnachten-geschenkanhaenger-ferien-aufkleber-4-verschiedene-designs-51-x-76-mm-2-x-3-zoll-breit-100-etiketten-auf-einer-rolle\/#primaryimage"},"image":{"@id":"https:\/\/marktxxl.de\/markt\/produkt\/braune-kraft-einfach-weihnachten-geschenkanhaenger-ferien-aufkleber-4-verschiedene-designs-51-x-76-mm-2-x-3-zoll-breit-100-etiketten-auf-einer-rolle\/#primaryimage"},"thumbnailUrl":"https:\/\/m.media-amazon.com\/images\/I\/41J7VhqNqDL._SL500_.jpg","datePublished":"2021-12-28T16:06:50+00:00","dateModified":"2023-04-09T00:40:21+00:00","description":"Markt-XXL Braune Kraft Einfach Weihnachten Geschenkanh\u00e4nger Ferien Aufkleber, 4 Verschiedene Designs, 51 x 76 mm 2 x 3 Zoll Breit\u2026","breadcrumb":{"@id":"https:\/\/marktxxl.de\/markt\/produkt\/braune-kraft-einfach-weihnachten-geschenkanhaenger-ferien-aufkleber-4-verschiedene-designs-51-x-76-mm-2-x-3-zoll-breit-100-etiketten-auf-einer-rolle\/#breadcrumb"},"inLanguage":"de","potentialAction":[{"@type":"ReadAction","target":["https:\/\/marktxxl.de\/markt\/produkt\/braune-kraft-einfach-weihnachten-geschenkanhaenger-ferien-aufkleber-4-verschiedene-designs-51-x-76-mm-2-x-3-zoll-breit-100-etiketten-auf-einer-rolle\/"]}]},{"@type":"ImageObject","inLanguage":"de","@id":"https:\/\/marktxxl.de\/markt\/produkt\/braune-kraft-einfach-weihnachten-geschenkanhaenger-ferien-aufkleber-4-verschiedene-designs-51-x-76-mm-2-x-3-zoll-breit-100-etiketten-auf-einer-rolle\/#primaryimage","url":"https:\/\/m.media-amazon.com\/images\/I\/41J7VhqNqDL._SL500_.jpg","contentUrl":"https:\/\/m.media-amazon.com\/images\/I\/41J7VhqNqDL._SL500_.jpg","width":349,"height":500},{"@type":"BreadcrumbList","@id":"https:\/\/marktxxl.de\/markt\/produkt\/braune-kraft-einfach-weihnachten-geschenkanhaenger-ferien-aufkleber-4-verschiedene-designs-51-x-76-mm-2-x-3-zoll-breit-100-etiketten-auf-einer-rolle\/#breadcrumb","itemListElement":[{"@type":"ListItem","position":1,"name":"Startseite","item":"https:\/\/marktxxl.de\/markt\/"},{"@type":"ListItem","position":2,"name":"Markt","item":"https:\/\/marktxxl.de\/markt\/"},{"@type":"ListItem","position":3,"name":"Braune Kraft Einfach Weihnachten Geschenkanh\u00e4nger Ferien Aufkleber, 4 Verschiedene Designs, 51 x 76 mm 2 x 3 Zoll Breit\u2026"}]},{"@type":"WebSite","@id":"https:\/\/marktxxl.de\/markt\/#website","url":"https:\/\/marktxxl.de\/markt\/","name":"Markt-XXL","description":"Ihr Markt Online","publisher":{"@id":"https:\/\/marktxxl.de\/markt\/#organization"},"potentialAction":[{"@type":"SearchAction","target":{"@type":"EntryPoint","urlTemplate":"https:\/\/marktxxl.de\/markt\/?s={search_term_string}"},"query-input":{"@type":"PropertyValueSpecification","valueRequired":true,"valueName":"search_term_string"}}],"inLanguage":"de"},{"@type":"Organization","@id":"https:\/\/marktxxl.de\/markt\/#organization","name":"Markt-XXL","url":"https:\/\/marktxxl.de\/markt\/","logo":{"@type":"ImageObject","inLanguage":"de","@id":"https:\/\/marktxxl.de\/markt\/#\/schema\/logo\/image\/","url":"https:\/\/marktxxl.de\/markt\/wp-content\/uploads\/sites\/3\/2020\/12\/logo.png","contentUrl":"https:\/\/marktxxl.de\/markt\/wp-content\/uploads\/sites\/3\/2020\/12\/logo.png","width":200,"height":70,"caption":"Markt-XXL"},"image":{"@id":"https:\/\/marktxxl.de\/markt\/#\/schema\/logo\/image\/"}}]}},"_links":{"self":[{"href":"https:\/\/marktxxl.de\/markt\/wp-json\/wp\/v2\/product\/87250","targetHints":{"allow":["GET"]}}],"collection":[{"href":"https:\/\/marktxxl.de\/markt\/wp-json\/wp\/v2\/product"}],"about":[{"href":"https:\/\/marktxxl.de\/markt\/wp-json\/wp\/v2\/types\/product"}],"replies":[{"embeddable":true,"href":"https:\/\/marktxxl.de\/markt\/wp-json\/wp\/v2\/comments?post=87250"}],"wp:featuredmedia":[{"embeddable":true,"href":"https:\/\/marktxxl.de\/markt\/wp-json\/wp\/v2\/media\/87251"}],"wp:attachment":[{"href":"https:\/\/marktxxl.de\/markt\/wp-json\/wp\/v2\/media?parent=87250"}],"wp:term":[{"taxonomy":"product_brand","embeddable":true,"href":"https:\/\/marktxxl.de\/markt\/wp-json\/wp\/v2\/product_brand?post=87250"},{"taxonomy":"product_cat","embeddable":true,"href":"https:\/\/marktxxl.de\/markt\/wp-json\/wp\/v2\/product_cat?post=87250"},{"taxonomy":"product_tag","embeddable":true,"href":"https:\/\/marktxxl.de\/markt\/wp-json\/wp\/v2\/product_tag?post=87250"}],"curies":[{"name":"wp","href":"https:\/\/api.w.org\/{rel}","templated":true}]}}