{"id":86848,"date":"2021-12-28T16:30:44","date_gmt":"2021-12-28T15:30:44","guid":{"rendered":"https:\/\/marktxxl.de\/markt\/produkt\/fachhandel-plus-led-stabkerzen-4-stueck-tafelkerzen-rosa-flammenlos-fernbedienung-timer-batterie\/"},"modified":"2023-04-09T02:40:16","modified_gmt":"2023-04-09T00:40:16","slug":"fachhandel-plus-led-stabkerzen-4-stueck-tafelkerzen-rosa-flammenlos-fernbedienung-timer-batterie","status":"publish","type":"product","link":"https:\/\/marktxxl.de\/markt\/produkt\/fachhandel-plus-led-stabkerzen-4-stueck-tafelkerzen-rosa-flammenlos-fernbedienung-timer-batterie\/","title":{"rendered":"Fachhandel Plus LED Stabkerzen 4 St\u00fcck Tafelkerzen rosa flammenlos Fernbedienung Timer Batterie"},"content":{"rendered":"<p>Diese wundersch\u00f6nen flammenlosen LED Stabkerzen im 4er Set verbreiten eine gem\u00fctliche Atmosph\u00e4re in jedem Raum. Dank des Flackereffekts sind diese Tafel-Kerzen kaum von einer echten Flammen-Kerze zu unterscheiden.<br \/>\nDie LED Kerzen sind batteriebetrieben (je 2 x AAA, nicht enthalten) und mit einer Timerfunktion versehen. Die Laufzeit des Timers kann mit der Fernbedienung auf 2, 4, 6 oder 8 Leuchtstunden eingestellt werden. Am n\u00e4chsten Tag zur gleichen Zeit geht das Licht wieder an und so wiederholt sich der Zyklus.<br \/>\nFerner k\u00f6nnen die Flammen der Echtwachs-Kerzen mit der Fernbedienung auf Flackerlicht oder konstantem Licht geschaltet werden, bei Dauerlicht besteht zudem die M\u00f6glichkeit der Dimmbarkeit.<br \/>\nDas warmwei\u00dfe Licht verbreitet eine harmonische Stimmung, egal ob in der Gastronomie oder zu Hause, zu Geburtstagen, Hochzeiten, Konfirmation, Ostern, Weihnachten etc. Auch als Geschenk eine tolle Idee!<br \/>\nDie Tafelkerzen sind ca. 24,5 cm hoch und haben einen Durchmesser von ca. 2 cm. Das Einlegen der Batterien ist denkbar einfach: unten den Fu\u00df abgeschrauben, Batterien rein, zuschrauben und per Druckknopf einschalten, fertig! Nach Einschaltern per Druckknopf reagieren die Kerzen erst auf die Fernbedienung!<br \/>\n<div class=\"main-cross-sell\" data-asin=\"B084VMWKQT\">\n\n\t<div class=\"WooZone-cross-sell-loader\">\n\t\t<div>\n\t\t\t<div id=\"floatingBarsG\">\n\t\t\t\t<div class=\"blockG\" id=\"rotateG_01\"><\/div>\n\t\t\t\t<div class=\"blockG\" id=\"rotateG_02\"><\/div>\n\t\t\t\t<div class=\"blockG\" id=\"rotateG_03\"><\/div>\n\t\t\t\t<div class=\"blockG\" id=\"rotateG_04\"><\/div>\n\t\t\t\t<div class=\"blockG\" id=\"rotateG_05\"><\/div>\n\t\t\t\t<div class=\"blockG\" id=\"rotateG_06\"><\/div>\n\t\t\t\t<div class=\"blockG\" id=\"rotateG_07\"><\/div>\n\t\t\t\t<div class=\"blockG\" id=\"rotateG_08\"><\/div>\n\t\t\t<\/div>\n\t\t\t<div class=\"WooZone-cross-sell-loader-text\"><\/div>\n\t\t<\/div>\n\t<\/div>\n\n\t\t\n<\/div>\n<div style=\"clear:both;\"><\/div><\/p>\n","protected":false},"excerpt":{"rendered":"<p>Diese wundersch\u00f6nen flammenlosen LED Stabkerzen im 4er Set verbreiten eine gem\u00fctliche Atmosph\u00e4re in jedem Raum. Dank des Flackereffekts sind diese Tafel-Kerzen kaum von einer echten Flammen-Kerze zu unterscheiden.<br \/>\nDie LED Kerzen sind batteriebetrieben (je 2 x AAA, nicht enthalten) und mit einer Timerfunktion versehen. Die Laufzeit des Timers kann mit der Fernbedienung auf 2, 4, 6 oder 8 Leuchtstunden eingestellt werden. Am n\u00e4chsten Tag zur gleichen Zeit geht das Licht wieder an und so wiederholt sich der Zyklus.<br \/>\nFerner k\u00f6nnen die Flammen der Echtwachs-Kerzen mit der Fernbedienung auf Flackerlicht oder konstantem Licht geschaltet werden, bei Dauerlicht besteht zudem die M\u00f6glichkeit der Dimmbarkeit.<\/p>\n","protected":false},"featured_media":86849,"comment_status":"open","ping_status":"closed","template":"","meta":[],"product_brand":[],"product_cat":[11446,2108],"product_tag":[],"class_list":{"0":"post-86848","1":"product","2":"type-product","3":"status-publish","4":"has-post-thumbnail","6":"product_cat-aussenbeleuchtung","7":"product_cat-beleuchtung","8":"pa_binding-ausruestung","9":"pa_brand-fachhandel-plus","10":"pa_color-rosa","11":"pa_height-9-6456692815-zoll","12":"pa_length-9-6456692815-zoll","13":"pa_manufacturer-fachhandel-plus","14":"pa_weight-0-7495716908-pfund","15":"pa_width-0-787401574-zoll","17":"first","18":"instock","19":"shipping-taxable","20":"purchasable","21":"product-type-simple","22":"customify-col","23":"product-has-gallery"},"yoast_head":"<!-- This site is optimized with the Yoast SEO plugin v27.3 - https:\/\/yoast.com\/product\/yoast-seo-wordpress\/ -->\n<title>Fachhandel Plus LED Stabkerzen 4 St\u00fcck Tafelkerzen rosa flammenlos Fernbedienung Timer Batterie - Markt-XXL<\/title>\n<meta name=\"description\" content=\"Markt-XXL Fachhandel Plus LED Stabkerzen 4 St\u00fcck Tafelkerzen rosa flammenlos Fernbedienung Timer Batterie\" \/>\n<meta name=\"robots\" content=\"index, follow, max-snippet:-1, max-image-preview:large, max-video-preview:-1\" \/>\n<link rel=\"canonical\" href=\"https:\/\/marktxxl.de\/markt\/produkt\/fachhandel-plus-led-stabkerzen-4-stueck-tafelkerzen-rosa-flammenlos-fernbedienung-timer-batterie\/\" \/>\n<meta property=\"og:locale\" content=\"de_DE\" \/>\n<meta property=\"og:type\" content=\"article\" \/>\n<meta property=\"og:title\" content=\"Fachhandel Plus LED Stabkerzen 4 St\u00fcck Tafelkerzen rosa flammenlos Fernbedienung Timer Batterie - Markt-XXL\" \/>\n<meta property=\"og:description\" content=\"Markt-XXL Fachhandel Plus LED Stabkerzen 4 St\u00fcck Tafelkerzen rosa flammenlos Fernbedienung Timer Batterie\" \/>\n<meta property=\"og:url\" content=\"https:\/\/marktxxl.de\/markt\/produkt\/fachhandel-plus-led-stabkerzen-4-stueck-tafelkerzen-rosa-flammenlos-fernbedienung-timer-batterie\/\" \/>\n<meta property=\"og:site_name\" content=\"Markt-XXL\" \/>\n<meta property=\"article:modified_time\" content=\"2023-04-09T00:40:16+00:00\" \/>\n<meta property=\"og:image\" content=\"https:\/\/m.media-amazon.com\/images\/I\/41lLYXTXwqL._SL500_.jpg\" \/>\n\t<meta property=\"og:image:width\" content=\"443\" \/>\n\t<meta property=\"og:image:height\" content=\"500\" \/>\n\t<meta property=\"og:image:type\" content=\"image\/jpeg\" \/>\n<meta name=\"twitter:card\" content=\"summary_large_image\" \/>\n<meta name=\"twitter:label1\" content=\"Gesch\u00e4tzte Lesezeit\" \/>\n\t<meta name=\"twitter:data1\" content=\"1\u00a0Minute\" \/>\n<script type=\"application\/ld+json\" class=\"yoast-schema-graph\">{\"@context\":\"https:\\\/\\\/schema.org\",\"@graph\":[{\"@type\":\"WebPage\",\"@id\":\"https:\\\/\\\/marktxxl.de\\\/markt\\\/produkt\\\/fachhandel-plus-led-stabkerzen-4-stueck-tafelkerzen-rosa-flammenlos-fernbedienung-timer-batterie\\\/\",\"url\":\"https:\\\/\\\/marktxxl.de\\\/markt\\\/produkt\\\/fachhandel-plus-led-stabkerzen-4-stueck-tafelkerzen-rosa-flammenlos-fernbedienung-timer-batterie\\\/\",\"name\":\"Fachhandel Plus LED Stabkerzen 4 St\u00fcck Tafelkerzen rosa flammenlos Fernbedienung Timer Batterie - Markt-XXL\",\"isPartOf\":{\"@id\":\"https:\\\/\\\/marktxxl.de\\\/markt\\\/#website\"},\"primaryImageOfPage\":{\"@id\":\"https:\\\/\\\/marktxxl.de\\\/markt\\\/produkt\\\/fachhandel-plus-led-stabkerzen-4-stueck-tafelkerzen-rosa-flammenlos-fernbedienung-timer-batterie\\\/#primaryimage\"},\"image\":{\"@id\":\"https:\\\/\\\/marktxxl.de\\\/markt\\\/produkt\\\/fachhandel-plus-led-stabkerzen-4-stueck-tafelkerzen-rosa-flammenlos-fernbedienung-timer-batterie\\\/#primaryimage\"},\"thumbnailUrl\":\"https:\\\/\\\/m.media-amazon.com\\\/images\\\/I\\\/41lLYXTXwqL._SL500_.jpg\",\"datePublished\":\"2021-12-28T15:30:44+00:00\",\"dateModified\":\"2023-04-09T00:40:16+00:00\",\"description\":\"Markt-XXL Fachhandel Plus LED Stabkerzen 4 St\u00fcck Tafelkerzen rosa flammenlos Fernbedienung Timer Batterie\",\"breadcrumb\":{\"@id\":\"https:\\\/\\\/marktxxl.de\\\/markt\\\/produkt\\\/fachhandel-plus-led-stabkerzen-4-stueck-tafelkerzen-rosa-flammenlos-fernbedienung-timer-batterie\\\/#breadcrumb\"},\"inLanguage\":\"de\",\"potentialAction\":[{\"@type\":\"ReadAction\",\"target\":[\"https:\\\/\\\/marktxxl.de\\\/markt\\\/produkt\\\/fachhandel-plus-led-stabkerzen-4-stueck-tafelkerzen-rosa-flammenlos-fernbedienung-timer-batterie\\\/\"]}]},{\"@type\":\"ImageObject\",\"inLanguage\":\"de\",\"@id\":\"https:\\\/\\\/marktxxl.de\\\/markt\\\/produkt\\\/fachhandel-plus-led-stabkerzen-4-stueck-tafelkerzen-rosa-flammenlos-fernbedienung-timer-batterie\\\/#primaryimage\",\"url\":\"https:\\\/\\\/m.media-amazon.com\\\/images\\\/I\\\/41lLYXTXwqL._SL500_.jpg\",\"contentUrl\":\"https:\\\/\\\/m.media-amazon.com\\\/images\\\/I\\\/41lLYXTXwqL._SL500_.jpg\",\"width\":443,\"height\":500},{\"@type\":\"BreadcrumbList\",\"@id\":\"https:\\\/\\\/marktxxl.de\\\/markt\\\/produkt\\\/fachhandel-plus-led-stabkerzen-4-stueck-tafelkerzen-rosa-flammenlos-fernbedienung-timer-batterie\\\/#breadcrumb\",\"itemListElement\":[{\"@type\":\"ListItem\",\"position\":1,\"name\":\"Startseite\",\"item\":\"https:\\\/\\\/marktxxl.de\\\/markt\\\/\"},{\"@type\":\"ListItem\",\"position\":2,\"name\":\"Markt\",\"item\":\"https:\\\/\\\/marktxxl.de\\\/markt\\\/\"},{\"@type\":\"ListItem\",\"position\":3,\"name\":\"Fachhandel Plus LED Stabkerzen 4 St\u00fcck Tafelkerzen rosa flammenlos Fernbedienung Timer Batterie\"}]},{\"@type\":\"WebSite\",\"@id\":\"https:\\\/\\\/marktxxl.de\\\/markt\\\/#website\",\"url\":\"https:\\\/\\\/marktxxl.de\\\/markt\\\/\",\"name\":\"Markt-XXL\",\"description\":\"Ihr Markt Online\",\"publisher\":{\"@id\":\"https:\\\/\\\/marktxxl.de\\\/markt\\\/#organization\"},\"potentialAction\":[{\"@type\":\"SearchAction\",\"target\":{\"@type\":\"EntryPoint\",\"urlTemplate\":\"https:\\\/\\\/marktxxl.de\\\/markt\\\/?s={search_term_string}\"},\"query-input\":{\"@type\":\"PropertyValueSpecification\",\"valueRequired\":true,\"valueName\":\"search_term_string\"}}],\"inLanguage\":\"de\"},{\"@type\":\"Organization\",\"@id\":\"https:\\\/\\\/marktxxl.de\\\/markt\\\/#organization\",\"name\":\"Markt-XXL\",\"url\":\"https:\\\/\\\/marktxxl.de\\\/markt\\\/\",\"logo\":{\"@type\":\"ImageObject\",\"inLanguage\":\"de\",\"@id\":\"https:\\\/\\\/marktxxl.de\\\/markt\\\/#\\\/schema\\\/logo\\\/image\\\/\",\"url\":\"https:\\\/\\\/marktxxl.de\\\/markt\\\/wp-content\\\/uploads\\\/sites\\\/3\\\/2020\\\/12\\\/logo.png\",\"contentUrl\":\"https:\\\/\\\/marktxxl.de\\\/markt\\\/wp-content\\\/uploads\\\/sites\\\/3\\\/2020\\\/12\\\/logo.png\",\"width\":200,\"height\":70,\"caption\":\"Markt-XXL\"},\"image\":{\"@id\":\"https:\\\/\\\/marktxxl.de\\\/markt\\\/#\\\/schema\\\/logo\\\/image\\\/\"}}]}<\/script>\n<!-- \/ Yoast SEO plugin. -->","yoast_head_json":{"title":"Fachhandel Plus LED Stabkerzen 4 St\u00fcck Tafelkerzen rosa flammenlos Fernbedienung Timer Batterie - Markt-XXL","description":"Markt-XXL Fachhandel Plus LED Stabkerzen 4 St\u00fcck Tafelkerzen rosa flammenlos Fernbedienung Timer Batterie","robots":{"index":"index","follow":"follow","max-snippet":"max-snippet:-1","max-image-preview":"max-image-preview:large","max-video-preview":"max-video-preview:-1"},"canonical":"https:\/\/marktxxl.de\/markt\/produkt\/fachhandel-plus-led-stabkerzen-4-stueck-tafelkerzen-rosa-flammenlos-fernbedienung-timer-batterie\/","og_locale":"de_DE","og_type":"article","og_title":"Fachhandel Plus LED Stabkerzen 4 St\u00fcck Tafelkerzen rosa flammenlos Fernbedienung Timer Batterie - Markt-XXL","og_description":"Markt-XXL Fachhandel Plus LED Stabkerzen 4 St\u00fcck Tafelkerzen rosa flammenlos Fernbedienung Timer Batterie","og_url":"https:\/\/marktxxl.de\/markt\/produkt\/fachhandel-plus-led-stabkerzen-4-stueck-tafelkerzen-rosa-flammenlos-fernbedienung-timer-batterie\/","og_site_name":"Markt-XXL","article_modified_time":"2023-04-09T00:40:16+00:00","og_image":[{"width":443,"height":500,"url":"https:\/\/m.media-amazon.com\/images\/I\/41lLYXTXwqL._SL500_.jpg","type":"image\/jpeg"}],"twitter_card":"summary_large_image","twitter_misc":{"Gesch\u00e4tzte Lesezeit":"1\u00a0Minute"},"schema":{"@context":"https:\/\/schema.org","@graph":[{"@type":"WebPage","@id":"https:\/\/marktxxl.de\/markt\/produkt\/fachhandel-plus-led-stabkerzen-4-stueck-tafelkerzen-rosa-flammenlos-fernbedienung-timer-batterie\/","url":"https:\/\/marktxxl.de\/markt\/produkt\/fachhandel-plus-led-stabkerzen-4-stueck-tafelkerzen-rosa-flammenlos-fernbedienung-timer-batterie\/","name":"Fachhandel Plus LED Stabkerzen 4 St\u00fcck Tafelkerzen rosa flammenlos Fernbedienung Timer Batterie - Markt-XXL","isPartOf":{"@id":"https:\/\/marktxxl.de\/markt\/#website"},"primaryImageOfPage":{"@id":"https:\/\/marktxxl.de\/markt\/produkt\/fachhandel-plus-led-stabkerzen-4-stueck-tafelkerzen-rosa-flammenlos-fernbedienung-timer-batterie\/#primaryimage"},"image":{"@id":"https:\/\/marktxxl.de\/markt\/produkt\/fachhandel-plus-led-stabkerzen-4-stueck-tafelkerzen-rosa-flammenlos-fernbedienung-timer-batterie\/#primaryimage"},"thumbnailUrl":"https:\/\/m.media-amazon.com\/images\/I\/41lLYXTXwqL._SL500_.jpg","datePublished":"2021-12-28T15:30:44+00:00","dateModified":"2023-04-09T00:40:16+00:00","description":"Markt-XXL Fachhandel Plus LED Stabkerzen 4 St\u00fcck Tafelkerzen rosa flammenlos Fernbedienung Timer Batterie","breadcrumb":{"@id":"https:\/\/marktxxl.de\/markt\/produkt\/fachhandel-plus-led-stabkerzen-4-stueck-tafelkerzen-rosa-flammenlos-fernbedienung-timer-batterie\/#breadcrumb"},"inLanguage":"de","potentialAction":[{"@type":"ReadAction","target":["https:\/\/marktxxl.de\/markt\/produkt\/fachhandel-plus-led-stabkerzen-4-stueck-tafelkerzen-rosa-flammenlos-fernbedienung-timer-batterie\/"]}]},{"@type":"ImageObject","inLanguage":"de","@id":"https:\/\/marktxxl.de\/markt\/produkt\/fachhandel-plus-led-stabkerzen-4-stueck-tafelkerzen-rosa-flammenlos-fernbedienung-timer-batterie\/#primaryimage","url":"https:\/\/m.media-amazon.com\/images\/I\/41lLYXTXwqL._SL500_.jpg","contentUrl":"https:\/\/m.media-amazon.com\/images\/I\/41lLYXTXwqL._SL500_.jpg","width":443,"height":500},{"@type":"BreadcrumbList","@id":"https:\/\/marktxxl.de\/markt\/produkt\/fachhandel-plus-led-stabkerzen-4-stueck-tafelkerzen-rosa-flammenlos-fernbedienung-timer-batterie\/#breadcrumb","itemListElement":[{"@type":"ListItem","position":1,"name":"Startseite","item":"https:\/\/marktxxl.de\/markt\/"},{"@type":"ListItem","position":2,"name":"Markt","item":"https:\/\/marktxxl.de\/markt\/"},{"@type":"ListItem","position":3,"name":"Fachhandel Plus LED Stabkerzen 4 St\u00fcck Tafelkerzen rosa flammenlos Fernbedienung Timer Batterie"}]},{"@type":"WebSite","@id":"https:\/\/marktxxl.de\/markt\/#website","url":"https:\/\/marktxxl.de\/markt\/","name":"Markt-XXL","description":"Ihr Markt Online","publisher":{"@id":"https:\/\/marktxxl.de\/markt\/#organization"},"potentialAction":[{"@type":"SearchAction","target":{"@type":"EntryPoint","urlTemplate":"https:\/\/marktxxl.de\/markt\/?s={search_term_string}"},"query-input":{"@type":"PropertyValueSpecification","valueRequired":true,"valueName":"search_term_string"}}],"inLanguage":"de"},{"@type":"Organization","@id":"https:\/\/marktxxl.de\/markt\/#organization","name":"Markt-XXL","url":"https:\/\/marktxxl.de\/markt\/","logo":{"@type":"ImageObject","inLanguage":"de","@id":"https:\/\/marktxxl.de\/markt\/#\/schema\/logo\/image\/","url":"https:\/\/marktxxl.de\/markt\/wp-content\/uploads\/sites\/3\/2020\/12\/logo.png","contentUrl":"https:\/\/marktxxl.de\/markt\/wp-content\/uploads\/sites\/3\/2020\/12\/logo.png","width":200,"height":70,"caption":"Markt-XXL"},"image":{"@id":"https:\/\/marktxxl.de\/markt\/#\/schema\/logo\/image\/"}}]}},"_links":{"self":[{"href":"https:\/\/marktxxl.de\/markt\/wp-json\/wp\/v2\/product\/86848","targetHints":{"allow":["GET"]}}],"collection":[{"href":"https:\/\/marktxxl.de\/markt\/wp-json\/wp\/v2\/product"}],"about":[{"href":"https:\/\/marktxxl.de\/markt\/wp-json\/wp\/v2\/types\/product"}],"replies":[{"embeddable":true,"href":"https:\/\/marktxxl.de\/markt\/wp-json\/wp\/v2\/comments?post=86848"}],"wp:featuredmedia":[{"embeddable":true,"href":"https:\/\/marktxxl.de\/markt\/wp-json\/wp\/v2\/media\/86849"}],"wp:attachment":[{"href":"https:\/\/marktxxl.de\/markt\/wp-json\/wp\/v2\/media?parent=86848"}],"wp:term":[{"taxonomy":"product_brand","embeddable":true,"href":"https:\/\/marktxxl.de\/markt\/wp-json\/wp\/v2\/product_brand?post=86848"},{"taxonomy":"product_cat","embeddable":true,"href":"https:\/\/marktxxl.de\/markt\/wp-json\/wp\/v2\/product_cat?post=86848"},{"taxonomy":"product_tag","embeddable":true,"href":"https:\/\/marktxxl.de\/markt\/wp-json\/wp\/v2\/product_tag?post=86848"}],"curies":[{"name":"wp","href":"https:\/\/api.w.org\/{rel}","templated":true}]}}