{"id":86819,"date":"2021-12-28T16:30:26","date_gmt":"2021-12-28T15:30:26","guid":{"rendered":"https:\/\/marktxxl.de\/markt\/produkt\/solar-flammenlicht-infray-solarlampe-fuer-aussen-96-led-solar-fackel-garten-solarleuchte-solar-gartenleuchte-mit-flammeneffekt-ip65-wasserdicht-gartenfackeln-leuchte-fuer-terrasse-rasen-und-wege\/"},"modified":"2023-04-09T02:40:15","modified_gmt":"2023-04-09T00:40:15","slug":"solar-flammenlicht-infray-solarlampe-fuer-aussen-96-led-solar-fackel-garten-solarleuchte-solar-gartenleuchte-mit-flammeneffekt-ip65-wasserdicht-gartenfackeln-leuchte-fuer-terrasse-rasen-und-wege","status":"publish","type":"product","link":"https:\/\/marktxxl.de\/markt\/produkt\/solar-flammenlicht-infray-solarlampe-fuer-aussen-96-led-solar-fackel-garten-solarleuchte-solar-gartenleuchte-mit-flammeneffekt-ip65-wasserdicht-gartenfackeln-leuchte-fuer-terrasse-rasen-und-wege\/","title":{"rendered":"Solar Flammenlicht, infray Solarlampe f\u00fcr Au\u00dfen, 96 LED Solar Fackel Garten Solarleuchte, Solar Gartenleuchte mit\u2026"},"content":{"rendered":"<p>\u3010Tanzflammeneffekt &amp; 3 Flammenlicht Modi\u3011infray Solar Flammenlicht verf\u00fcgt \u00fcber einen sch\u00f6nen tanzenden Flammeneffekt, der eine warme, romanische Atmosph\u00e4re schafft. Die Solarlampe hat 3 Flammenlicht Modi, Sie k\u00f6nnen verschiedene fackeln Modi nach Ihre Bed\u00fcfnis choosen. Mit der hellen Strahlung ist sie ein optimaler Begleiter f\u00fcr die Veranstaltungen im Freien wie die Familienfeiern, Grillpartys und Campings.<br \/>\n\u30102200mAh Batterie &amp; lange Beleuchtungszeit\u3011Die Solarleuchte f\u00fcr Au\u00dfen ist mit einer 2200 mAh Lithium-Solarbatterie ausgestattet, die 2200mAh Baterrie kann 8-10 Stunden Beleuchtungszeit in den Sommer und 4-5 Stunden in den Winter gew\u00e4hrleisten.<br \/>\n\u3010Automatischer D\u00e4mmerungssensor &amp; Umweltschutz\u3011Die Solarlampet verf\u00fcgt \u00fcber einen EIN\/AUS-Schalter und einen D\u00e4mmerungssensor. Das Solarlicht wird tages\u00fcber automatisch aufladen und in der Nacht automatisch beleuchten. Sir brauchen keine Energiekosten bezahlen und es ist auch umweltfreundlich.<br \/>\n\u3010Aus ABS Matrial &amp; IP65 Wasserdicht\u3011 Die Gartenleuchten sind aus hochwertigem ABS Kunststof hergestellt und die kompakten Gartenfackeln sind wasserdicht und wetterungsbest\u00e4ndig. Durch das IP 65 Wasserdichte Design kann die Solarlampe unter verschiedenen Wetter ( sonniger Tag \/ Regen \/ Schnee) verwendet werden. So sind die Leuchten besonders geeignet f\u00fcr die Au\u00dfenbreiche wie Garten, Balkon und Terrasse.<br \/>\n\u3010Einfach Installation &amp; Produktsgarantie\u3011 Vor dem Einsetzen in den Boden dr\u00fccken Sie bitte die Taste &#8220;ON&#8221; auf der R\u00fcckseite, einfach installieren flammen Fackeln Gartenleuchten \u00fcberall, dank des Erdspie\u00dfes lassen sich die Solarleuchten an der gew\u00fcnschten Stelle fest im Erdreich verankern. Wenn Sie jede Frage haben, stehen wir gern zur Verf\u00fcgung.<br \/>\n<div class=\"main-cross-sell\" data-asin=\"B08XQDQQ31\">\n\n\t<div class=\"WooZone-cross-sell-loader\">\n\t\t<div>\n\t\t\t<div id=\"floatingBarsG\">\n\t\t\t\t<div class=\"blockG\" id=\"rotateG_01\"><\/div>\n\t\t\t\t<div class=\"blockG\" id=\"rotateG_02\"><\/div>\n\t\t\t\t<div class=\"blockG\" id=\"rotateG_03\"><\/div>\n\t\t\t\t<div class=\"blockG\" id=\"rotateG_04\"><\/div>\n\t\t\t\t<div class=\"blockG\" id=\"rotateG_05\"><\/div>\n\t\t\t\t<div class=\"blockG\" id=\"rotateG_06\"><\/div>\n\t\t\t\t<div class=\"blockG\" id=\"rotateG_07\"><\/div>\n\t\t\t\t<div class=\"blockG\" id=\"rotateG_08\"><\/div>\n\t\t\t<\/div>\n\t\t\t<div class=\"WooZone-cross-sell-loader-text\"><\/div>\n\t\t<\/div>\n\t<\/div>\n\n\t\t\n<\/div>\n<div style=\"clear:both;\"><\/div><\/p>\n","protected":false},"excerpt":{"rendered":"<p>\u3010Tanzflammeneffekt &amp; 3 Flammenlicht Modi\u3011infray Solar Flammenlicht verf\u00fcgt \u00fcber einen sch\u00f6nen tanzenden Flammeneffekt, der eine warme, romanische Atmosph\u00e4re schafft. Die Solarlampe hat 3 Flammenlicht Modi, Sie k\u00f6nnen verschiedene fackeln Modi nach Ihre Bed\u00fcfnis choosen. Mit der hellen Strahlung ist sie ein optimaler Begleiter f\u00fcr die Veranstaltungen im Freien wie die Familienfeiern, Grillpartys und Campings.<br \/>\n\u30102200mAh Batterie &amp; lange Beleuchtungszeit\u3011Die Solarleuchte f\u00fcr Au\u00dfen ist mit einer 2200 mAh Lithium-Solarbatterie ausgestattet, die 2200mAh Baterrie kann 8-10 Stunden Beleuchtungszeit in den Sommer und 4-5 Stunden in den Winter gew\u00e4hrleisten.<br \/>\n\u3010Automatischer D\u00e4mmerungssensor &amp; Umweltschutz\u3011Die Solarlampet verf\u00fcgt \u00fcber einen EIN\/AUS-Schalter und einen D\u00e4mmerungssensor. Das Solarlicht wird tages\u00fcber automatisch aufladen und in der Nacht automatisch beleuchten. Sir brauchen keine Energiekosten bezahlen und es ist auch umweltfreundlich.<\/p>\n","protected":false},"featured_media":86820,"comment_status":"open","ping_status":"closed","template":"","meta":[],"product_brand":[],"product_cat":[11446,2108],"product_tag":[],"class_list":{"0":"post-86819","1":"product","2":"type-product","3":"status-publish","4":"has-post-thumbnail","6":"product_cat-aussenbeleuchtung","7":"product_cat-beleuchtung","8":"pa_brand-infray","9":"pa_height-12-598425184-zoll","10":"pa_length-4-724409444-zoll","11":"pa_manufacturer-shenzhen-haikuan-new-energy-co-ltd","12":"pa_width-4-724409444-zoll","14":"first","15":"instock","16":"shipping-taxable","17":"purchasable","18":"product-type-simple","19":"customify-col","20":"product-has-gallery"},"yoast_head":"<!-- This site is optimized with the Yoast SEO plugin v27.4 - https:\/\/yoast.com\/product\/yoast-seo-wordpress\/ -->\n<title>Solar Flammenlicht, infray Solarlampe f\u00fcr Au\u00dfen, 96 LED Solar Fackel Garten Solarleuchte, Solar Gartenleuchte mit\u2026 - Markt-XXL<\/title>\n<meta name=\"description\" content=\"Markt-XXL Solar Flammenlicht, infray Solarlampe f\u00fcr Au\u00dfen, 96 LED Solar Fackel Garten Solarleuchte, Solar Gartenleuchte mit\u2026\" \/>\n<meta name=\"robots\" content=\"index, follow, max-snippet:-1, max-image-preview:large, max-video-preview:-1\" \/>\n<link rel=\"canonical\" href=\"https:\/\/marktxxl.de\/markt\/produkt\/solar-flammenlicht-infray-solarlampe-fuer-aussen-96-led-solar-fackel-garten-solarleuchte-solar-gartenleuchte-mit-flammeneffekt-ip65-wasserdicht-gartenfackeln-leuchte-fuer-terrasse-rasen-und-wege\/\" \/>\n<meta property=\"og:locale\" content=\"de_DE\" \/>\n<meta property=\"og:type\" content=\"article\" \/>\n<meta property=\"og:title\" content=\"Solar Flammenlicht, infray Solarlampe f\u00fcr Au\u00dfen, 96 LED Solar Fackel Garten Solarleuchte, Solar Gartenleuchte mit\u2026 - Markt-XXL\" \/>\n<meta property=\"og:description\" content=\"Markt-XXL Solar Flammenlicht, infray Solarlampe f\u00fcr Au\u00dfen, 96 LED Solar Fackel Garten Solarleuchte, Solar Gartenleuchte mit\u2026\" \/>\n<meta property=\"og:url\" content=\"https:\/\/marktxxl.de\/markt\/produkt\/solar-flammenlicht-infray-solarlampe-fuer-aussen-96-led-solar-fackel-garten-solarleuchte-solar-gartenleuchte-mit-flammeneffekt-ip65-wasserdicht-gartenfackeln-leuchte-fuer-terrasse-rasen-und-wege\/\" \/>\n<meta property=\"og:site_name\" content=\"Markt-XXL\" \/>\n<meta property=\"article:modified_time\" content=\"2023-04-09T00:40:15+00:00\" \/>\n<meta property=\"og:image\" content=\"https:\/\/m.media-amazon.com\/images\/I\/51VZFvCjXBS._SL500_.jpg\" \/>\n\t<meta property=\"og:image:width\" content=\"500\" \/>\n\t<meta property=\"og:image:height\" content=\"500\" \/>\n\t<meta property=\"og:image:type\" content=\"image\/jpeg\" \/>\n<meta name=\"twitter:card\" content=\"summary_large_image\" \/>\n<meta name=\"twitter:label1\" content=\"Gesch\u00e4tzte Lesezeit\" \/>\n\t<meta name=\"twitter:data1\" content=\"1\u00a0Minute\" \/>\n<script type=\"application\/ld+json\" class=\"yoast-schema-graph\">{\"@context\":\"https:\\\/\\\/schema.org\",\"@graph\":[{\"@type\":\"WebPage\",\"@id\":\"https:\\\/\\\/marktxxl.de\\\/markt\\\/produkt\\\/solar-flammenlicht-infray-solarlampe-fuer-aussen-96-led-solar-fackel-garten-solarleuchte-solar-gartenleuchte-mit-flammeneffekt-ip65-wasserdicht-gartenfackeln-leuchte-fuer-terrasse-rasen-und-wege\\\/\",\"url\":\"https:\\\/\\\/marktxxl.de\\\/markt\\\/produkt\\\/solar-flammenlicht-infray-solarlampe-fuer-aussen-96-led-solar-fackel-garten-solarleuchte-solar-gartenleuchte-mit-flammeneffekt-ip65-wasserdicht-gartenfackeln-leuchte-fuer-terrasse-rasen-und-wege\\\/\",\"name\":\"Solar Flammenlicht, infray Solarlampe f\u00fcr Au\u00dfen, 96 LED Solar Fackel Garten Solarleuchte, Solar Gartenleuchte mit\u2026 - Markt-XXL\",\"isPartOf\":{\"@id\":\"https:\\\/\\\/marktxxl.de\\\/markt\\\/#website\"},\"primaryImageOfPage\":{\"@id\":\"https:\\\/\\\/marktxxl.de\\\/markt\\\/produkt\\\/solar-flammenlicht-infray-solarlampe-fuer-aussen-96-led-solar-fackel-garten-solarleuchte-solar-gartenleuchte-mit-flammeneffekt-ip65-wasserdicht-gartenfackeln-leuchte-fuer-terrasse-rasen-und-wege\\\/#primaryimage\"},\"image\":{\"@id\":\"https:\\\/\\\/marktxxl.de\\\/markt\\\/produkt\\\/solar-flammenlicht-infray-solarlampe-fuer-aussen-96-led-solar-fackel-garten-solarleuchte-solar-gartenleuchte-mit-flammeneffekt-ip65-wasserdicht-gartenfackeln-leuchte-fuer-terrasse-rasen-und-wege\\\/#primaryimage\"},\"thumbnailUrl\":\"https:\\\/\\\/m.media-amazon.com\\\/images\\\/I\\\/51VZFvCjXBS._SL500_.jpg\",\"datePublished\":\"2021-12-28T15:30:26+00:00\",\"dateModified\":\"2023-04-09T00:40:15+00:00\",\"description\":\"Markt-XXL Solar Flammenlicht, infray Solarlampe f\u00fcr Au\u00dfen, 96 LED Solar Fackel Garten Solarleuchte, Solar Gartenleuchte mit\u2026\",\"breadcrumb\":{\"@id\":\"https:\\\/\\\/marktxxl.de\\\/markt\\\/produkt\\\/solar-flammenlicht-infray-solarlampe-fuer-aussen-96-led-solar-fackel-garten-solarleuchte-solar-gartenleuchte-mit-flammeneffekt-ip65-wasserdicht-gartenfackeln-leuchte-fuer-terrasse-rasen-und-wege\\\/#breadcrumb\"},\"inLanguage\":\"de\",\"potentialAction\":[{\"@type\":\"ReadAction\",\"target\":[\"https:\\\/\\\/marktxxl.de\\\/markt\\\/produkt\\\/solar-flammenlicht-infray-solarlampe-fuer-aussen-96-led-solar-fackel-garten-solarleuchte-solar-gartenleuchte-mit-flammeneffekt-ip65-wasserdicht-gartenfackeln-leuchte-fuer-terrasse-rasen-und-wege\\\/\"]}]},{\"@type\":\"ImageObject\",\"inLanguage\":\"de\",\"@id\":\"https:\\\/\\\/marktxxl.de\\\/markt\\\/produkt\\\/solar-flammenlicht-infray-solarlampe-fuer-aussen-96-led-solar-fackel-garten-solarleuchte-solar-gartenleuchte-mit-flammeneffekt-ip65-wasserdicht-gartenfackeln-leuchte-fuer-terrasse-rasen-und-wege\\\/#primaryimage\",\"url\":\"https:\\\/\\\/m.media-amazon.com\\\/images\\\/I\\\/51VZFvCjXBS._SL500_.jpg\",\"contentUrl\":\"https:\\\/\\\/m.media-amazon.com\\\/images\\\/I\\\/51VZFvCjXBS._SL500_.jpg\",\"width\":500,\"height\":500},{\"@type\":\"BreadcrumbList\",\"@id\":\"https:\\\/\\\/marktxxl.de\\\/markt\\\/produkt\\\/solar-flammenlicht-infray-solarlampe-fuer-aussen-96-led-solar-fackel-garten-solarleuchte-solar-gartenleuchte-mit-flammeneffekt-ip65-wasserdicht-gartenfackeln-leuchte-fuer-terrasse-rasen-und-wege\\\/#breadcrumb\",\"itemListElement\":[{\"@type\":\"ListItem\",\"position\":1,\"name\":\"Startseite\",\"item\":\"https:\\\/\\\/marktxxl.de\\\/markt\\\/\"},{\"@type\":\"ListItem\",\"position\":2,\"name\":\"Markt\",\"item\":\"https:\\\/\\\/marktxxl.de\\\/markt\\\/\"},{\"@type\":\"ListItem\",\"position\":3,\"name\":\"Solar Flammenlicht, infray Solarlampe f\u00fcr Au\u00dfen, 96 LED Solar Fackel Garten Solarleuchte, Solar Gartenleuchte mit\u2026\"}]},{\"@type\":\"WebSite\",\"@id\":\"https:\\\/\\\/marktxxl.de\\\/markt\\\/#website\",\"url\":\"https:\\\/\\\/marktxxl.de\\\/markt\\\/\",\"name\":\"Markt-XXL\",\"description\":\"Ihr Markt Online\",\"publisher\":{\"@id\":\"https:\\\/\\\/marktxxl.de\\\/markt\\\/#organization\"},\"potentialAction\":[{\"@type\":\"SearchAction\",\"target\":{\"@type\":\"EntryPoint\",\"urlTemplate\":\"https:\\\/\\\/marktxxl.de\\\/markt\\\/?s={search_term_string}\"},\"query-input\":{\"@type\":\"PropertyValueSpecification\",\"valueRequired\":true,\"valueName\":\"search_term_string\"}}],\"inLanguage\":\"de\"},{\"@type\":\"Organization\",\"@id\":\"https:\\\/\\\/marktxxl.de\\\/markt\\\/#organization\",\"name\":\"Markt-XXL\",\"url\":\"https:\\\/\\\/marktxxl.de\\\/markt\\\/\",\"logo\":{\"@type\":\"ImageObject\",\"inLanguage\":\"de\",\"@id\":\"https:\\\/\\\/marktxxl.de\\\/markt\\\/#\\\/schema\\\/logo\\\/image\\\/\",\"url\":\"https:\\\/\\\/marktxxl.de\\\/markt\\\/wp-content\\\/uploads\\\/sites\\\/3\\\/2020\\\/12\\\/logo.png\",\"contentUrl\":\"https:\\\/\\\/marktxxl.de\\\/markt\\\/wp-content\\\/uploads\\\/sites\\\/3\\\/2020\\\/12\\\/logo.png\",\"width\":200,\"height\":70,\"caption\":\"Markt-XXL\"},\"image\":{\"@id\":\"https:\\\/\\\/marktxxl.de\\\/markt\\\/#\\\/schema\\\/logo\\\/image\\\/\"}}]}<\/script>\n<!-- \/ Yoast SEO plugin. -->","yoast_head_json":{"title":"Solar Flammenlicht, infray Solarlampe f\u00fcr Au\u00dfen, 96 LED Solar Fackel Garten Solarleuchte, Solar Gartenleuchte mit\u2026 - Markt-XXL","description":"Markt-XXL Solar Flammenlicht, infray Solarlampe f\u00fcr Au\u00dfen, 96 LED Solar Fackel Garten Solarleuchte, Solar Gartenleuchte mit\u2026","robots":{"index":"index","follow":"follow","max-snippet":"max-snippet:-1","max-image-preview":"max-image-preview:large","max-video-preview":"max-video-preview:-1"},"canonical":"https:\/\/marktxxl.de\/markt\/produkt\/solar-flammenlicht-infray-solarlampe-fuer-aussen-96-led-solar-fackel-garten-solarleuchte-solar-gartenleuchte-mit-flammeneffekt-ip65-wasserdicht-gartenfackeln-leuchte-fuer-terrasse-rasen-und-wege\/","og_locale":"de_DE","og_type":"article","og_title":"Solar Flammenlicht, infray Solarlampe f\u00fcr Au\u00dfen, 96 LED Solar Fackel Garten Solarleuchte, Solar Gartenleuchte mit\u2026 - Markt-XXL","og_description":"Markt-XXL Solar Flammenlicht, infray Solarlampe f\u00fcr Au\u00dfen, 96 LED Solar Fackel Garten Solarleuchte, Solar Gartenleuchte mit\u2026","og_url":"https:\/\/marktxxl.de\/markt\/produkt\/solar-flammenlicht-infray-solarlampe-fuer-aussen-96-led-solar-fackel-garten-solarleuchte-solar-gartenleuchte-mit-flammeneffekt-ip65-wasserdicht-gartenfackeln-leuchte-fuer-terrasse-rasen-und-wege\/","og_site_name":"Markt-XXL","article_modified_time":"2023-04-09T00:40:15+00:00","og_image":[{"width":500,"height":500,"url":"https:\/\/m.media-amazon.com\/images\/I\/51VZFvCjXBS._SL500_.jpg","type":"image\/jpeg"}],"twitter_card":"summary_large_image","twitter_misc":{"Gesch\u00e4tzte Lesezeit":"1\u00a0Minute"},"schema":{"@context":"https:\/\/schema.org","@graph":[{"@type":"WebPage","@id":"https:\/\/marktxxl.de\/markt\/produkt\/solar-flammenlicht-infray-solarlampe-fuer-aussen-96-led-solar-fackel-garten-solarleuchte-solar-gartenleuchte-mit-flammeneffekt-ip65-wasserdicht-gartenfackeln-leuchte-fuer-terrasse-rasen-und-wege\/","url":"https:\/\/marktxxl.de\/markt\/produkt\/solar-flammenlicht-infray-solarlampe-fuer-aussen-96-led-solar-fackel-garten-solarleuchte-solar-gartenleuchte-mit-flammeneffekt-ip65-wasserdicht-gartenfackeln-leuchte-fuer-terrasse-rasen-und-wege\/","name":"Solar Flammenlicht, infray Solarlampe f\u00fcr Au\u00dfen, 96 LED Solar Fackel Garten Solarleuchte, Solar Gartenleuchte mit\u2026 - Markt-XXL","isPartOf":{"@id":"https:\/\/marktxxl.de\/markt\/#website"},"primaryImageOfPage":{"@id":"https:\/\/marktxxl.de\/markt\/produkt\/solar-flammenlicht-infray-solarlampe-fuer-aussen-96-led-solar-fackel-garten-solarleuchte-solar-gartenleuchte-mit-flammeneffekt-ip65-wasserdicht-gartenfackeln-leuchte-fuer-terrasse-rasen-und-wege\/#primaryimage"},"image":{"@id":"https:\/\/marktxxl.de\/markt\/produkt\/solar-flammenlicht-infray-solarlampe-fuer-aussen-96-led-solar-fackel-garten-solarleuchte-solar-gartenleuchte-mit-flammeneffekt-ip65-wasserdicht-gartenfackeln-leuchte-fuer-terrasse-rasen-und-wege\/#primaryimage"},"thumbnailUrl":"https:\/\/m.media-amazon.com\/images\/I\/51VZFvCjXBS._SL500_.jpg","datePublished":"2021-12-28T15:30:26+00:00","dateModified":"2023-04-09T00:40:15+00:00","description":"Markt-XXL Solar Flammenlicht, infray Solarlampe f\u00fcr Au\u00dfen, 96 LED Solar Fackel Garten Solarleuchte, Solar Gartenleuchte mit\u2026","breadcrumb":{"@id":"https:\/\/marktxxl.de\/markt\/produkt\/solar-flammenlicht-infray-solarlampe-fuer-aussen-96-led-solar-fackel-garten-solarleuchte-solar-gartenleuchte-mit-flammeneffekt-ip65-wasserdicht-gartenfackeln-leuchte-fuer-terrasse-rasen-und-wege\/#breadcrumb"},"inLanguage":"de","potentialAction":[{"@type":"ReadAction","target":["https:\/\/marktxxl.de\/markt\/produkt\/solar-flammenlicht-infray-solarlampe-fuer-aussen-96-led-solar-fackel-garten-solarleuchte-solar-gartenleuchte-mit-flammeneffekt-ip65-wasserdicht-gartenfackeln-leuchte-fuer-terrasse-rasen-und-wege\/"]}]},{"@type":"ImageObject","inLanguage":"de","@id":"https:\/\/marktxxl.de\/markt\/produkt\/solar-flammenlicht-infray-solarlampe-fuer-aussen-96-led-solar-fackel-garten-solarleuchte-solar-gartenleuchte-mit-flammeneffekt-ip65-wasserdicht-gartenfackeln-leuchte-fuer-terrasse-rasen-und-wege\/#primaryimage","url":"https:\/\/m.media-amazon.com\/images\/I\/51VZFvCjXBS._SL500_.jpg","contentUrl":"https:\/\/m.media-amazon.com\/images\/I\/51VZFvCjXBS._SL500_.jpg","width":500,"height":500},{"@type":"BreadcrumbList","@id":"https:\/\/marktxxl.de\/markt\/produkt\/solar-flammenlicht-infray-solarlampe-fuer-aussen-96-led-solar-fackel-garten-solarleuchte-solar-gartenleuchte-mit-flammeneffekt-ip65-wasserdicht-gartenfackeln-leuchte-fuer-terrasse-rasen-und-wege\/#breadcrumb","itemListElement":[{"@type":"ListItem","position":1,"name":"Startseite","item":"https:\/\/marktxxl.de\/markt\/"},{"@type":"ListItem","position":2,"name":"Markt","item":"https:\/\/marktxxl.de\/markt\/"},{"@type":"ListItem","position":3,"name":"Solar Flammenlicht, infray Solarlampe f\u00fcr Au\u00dfen, 96 LED Solar Fackel Garten Solarleuchte, Solar Gartenleuchte mit\u2026"}]},{"@type":"WebSite","@id":"https:\/\/marktxxl.de\/markt\/#website","url":"https:\/\/marktxxl.de\/markt\/","name":"Markt-XXL","description":"Ihr Markt Online","publisher":{"@id":"https:\/\/marktxxl.de\/markt\/#organization"},"potentialAction":[{"@type":"SearchAction","target":{"@type":"EntryPoint","urlTemplate":"https:\/\/marktxxl.de\/markt\/?s={search_term_string}"},"query-input":{"@type":"PropertyValueSpecification","valueRequired":true,"valueName":"search_term_string"}}],"inLanguage":"de"},{"@type":"Organization","@id":"https:\/\/marktxxl.de\/markt\/#organization","name":"Markt-XXL","url":"https:\/\/marktxxl.de\/markt\/","logo":{"@type":"ImageObject","inLanguage":"de","@id":"https:\/\/marktxxl.de\/markt\/#\/schema\/logo\/image\/","url":"https:\/\/marktxxl.de\/markt\/wp-content\/uploads\/sites\/3\/2020\/12\/logo.png","contentUrl":"https:\/\/marktxxl.de\/markt\/wp-content\/uploads\/sites\/3\/2020\/12\/logo.png","width":200,"height":70,"caption":"Markt-XXL"},"image":{"@id":"https:\/\/marktxxl.de\/markt\/#\/schema\/logo\/image\/"}}]}},"_links":{"self":[{"href":"https:\/\/marktxxl.de\/markt\/wp-json\/wp\/v2\/product\/86819","targetHints":{"allow":["GET"]}}],"collection":[{"href":"https:\/\/marktxxl.de\/markt\/wp-json\/wp\/v2\/product"}],"about":[{"href":"https:\/\/marktxxl.de\/markt\/wp-json\/wp\/v2\/types\/product"}],"replies":[{"embeddable":true,"href":"https:\/\/marktxxl.de\/markt\/wp-json\/wp\/v2\/comments?post=86819"}],"wp:featuredmedia":[{"embeddable":true,"href":"https:\/\/marktxxl.de\/markt\/wp-json\/wp\/v2\/media\/86820"}],"wp:attachment":[{"href":"https:\/\/marktxxl.de\/markt\/wp-json\/wp\/v2\/media?parent=86819"}],"wp:term":[{"taxonomy":"product_brand","embeddable":true,"href":"https:\/\/marktxxl.de\/markt\/wp-json\/wp\/v2\/product_brand?post=86819"},{"taxonomy":"product_cat","embeddable":true,"href":"https:\/\/marktxxl.de\/markt\/wp-json\/wp\/v2\/product_cat?post=86819"},{"taxonomy":"product_tag","embeddable":true,"href":"https:\/\/marktxxl.de\/markt\/wp-json\/wp\/v2\/product_tag?post=86819"}],"curies":[{"name":"wp","href":"https:\/\/api.w.org\/{rel}","templated":true}]}}