{"id":86800,"date":"2021-12-28T16:30:14","date_gmt":"2021-12-28T15:30:14","guid":{"rendered":"https:\/\/marktxxl.de\/markt\/produkt\/aussenleuchte-focusfassung-1xgu10-max-35-wattaussenbeleuchtungaussenwandleuchte-in-anthrazit1-flammig-gu10wandlampeaussenlampe\/"},"modified":"2023-04-09T02:40:15","modified_gmt":"2023-04-09T00:40:15","slug":"aussenleuchte-focusfassung-1xgu10-max-35-wattaussenbeleuchtungaussenwandleuchte-in-anthrazit1-flammig-gu10wandlampeaussenlampe","status":"publish","type":"product","link":"https:\/\/marktxxl.de\/markt\/produkt\/aussenleuchte-focusfassung-1xgu10-max-35-wattaussenbeleuchtungaussenwandleuchte-in-anthrazit1-flammig-gu10wandlampeaussenlampe\/","title":{"rendered":"Aussenleuchte Focus,Fassung 1xGU10 max.35 Watt,Au\u00dfenbeleuchtung,Au\u00dfenwandleuchte in Anthrazit,1 flammig (GU10),Wandlampe\u2026"},"content":{"rendered":"<p>AMBIENTE: Durch den breiten Lichtauslass unten wird mit dieser Au\u00dfenlampe ein sch\u00f6nes Licht erzeugt, das eine angenehme Atmosph\u00e4re im Au\u00dfenbereich schafft.<br \/>\nMODERNES DESIGN und HOCHWERTIGES MATERIAL: Die Wandlampe ist aus Aluminium und Glas gefertigt und f\u00fcgt sich mit ihrer schlichten runden Formgebung nahtlos in jede Umgebung ein.<br \/>\nWIDERSTANDSF\u00c4HIG: Diese witterungsbest\u00e4ndige Au\u00dfenlampe ist spritzwassergesch\u00fctzt (IP44). Somit ist eine bedenkenlose Nutzung im Innenbereich sowie im Au\u00dfenbereich wie z. B. Garten, Terrasse, Garage, Balkon, Gartenh\u00fctte, Wegen oder Einfahrten gegeben<br \/>\nABMESSUNGEN: H\u00f6he 15 cm,Breite 10 cm, Tiefe 11cm<br \/>\nEINFACHE MONTAGE: Setzten Sie einfach das Leuchtmittel Ihrer Wahl in das Geh\u00e4use. Dieses wird direkt an 230V ohne Trafo angeschlossen. Die Wandmontage erfolgt mit Schrauben und D\u00fcbel<br \/>\n<div class=\"main-cross-sell\" data-asin=\"B002KVL8BW\">\n\n\t<div class=\"WooZone-cross-sell-loader\">\n\t\t<div>\n\t\t\t<div id=\"floatingBarsG\">\n\t\t\t\t<div class=\"blockG\" id=\"rotateG_01\"><\/div>\n\t\t\t\t<div class=\"blockG\" id=\"rotateG_02\"><\/div>\n\t\t\t\t<div class=\"blockG\" id=\"rotateG_03\"><\/div>\n\t\t\t\t<div class=\"blockG\" id=\"rotateG_04\"><\/div>\n\t\t\t\t<div class=\"blockG\" id=\"rotateG_05\"><\/div>\n\t\t\t\t<div class=\"blockG\" id=\"rotateG_06\"><\/div>\n\t\t\t\t<div class=\"blockG\" id=\"rotateG_07\"><\/div>\n\t\t\t\t<div class=\"blockG\" id=\"rotateG_08\"><\/div>\n\t\t\t<\/div>\n\t\t\t<div class=\"WooZone-cross-sell-loader-text\"><\/div>\n\t\t<\/div>\n\t<\/div>\n\n\t\t\n<\/div>\n<div style=\"clear:both;\"><\/div><\/p>\n","protected":false},"excerpt":{"rendered":"<p>AMBIENTE: Durch den breiten Lichtauslass unten wird mit dieser Au\u00dfenlampe ein sch\u00f6nes Licht erzeugt, das eine angenehme Atmosph\u00e4re im Au\u00dfenbereich schafft.<br \/>\nMODERNES DESIGN und HOCHWERTIGES MATERIAL: Die Wandlampe ist aus Aluminium und Glas gefertigt und f\u00fcgt sich mit ihrer schlichten runden Formgebung nahtlos in jede Umgebung ein.<br \/>\nWIDERSTANDSF\u00c4HIG: Diese witterungsbest\u00e4ndige Au\u00dfenlampe ist spritzwassergesch\u00fctzt (IP44). Somit ist eine bedenkenlose Nutzung im Innenbereich sowie im Au\u00dfenbereich wie z. B. Garten, Terrasse, Garage, Balkon, Gartenh\u00fctte, Wegen oder Einfahrten gegeben<\/p>\n","protected":false},"featured_media":86801,"comment_status":"open","ping_status":"closed","template":"","meta":[],"product_brand":[],"product_cat":[11446,2108],"product_tag":[],"class_list":{"0":"post-86800","1":"product","2":"type-product","3":"status-publish","4":"has-post-thumbnail","6":"product_cat-aussenbeleuchtung","7":"product_cat-beleuchtung","8":"pa_binding-gartenartikel","9":"pa_brand-eco-light","10":"pa_color-anthrazit","11":"pa_height-5-905511805-zoll","12":"pa_length-4-2913385783-zoll","13":"pa_manufacturer-eco-light","14":"pa_model-6041-gr","15":"pa_weight-0-9479877266-pfund","16":"pa_width-4-330708657-zoll","18":"first","19":"instock","20":"shipping-taxable","21":"purchasable","22":"product-type-simple","23":"customify-col","24":"product-has-gallery"},"yoast_head":"<!-- This site is optimized with the Yoast SEO plugin v27.3 - https:\/\/yoast.com\/product\/yoast-seo-wordpress\/ -->\n<title>Aussenleuchte Focus,Fassung 1xGU10 max.35 Watt,Au\u00dfenbeleuchtung,Au\u00dfenwandleuchte in Anthrazit,1 flammig (GU10),Wandlampe\u2026 - Markt-XXL<\/title>\n<meta name=\"description\" content=\"Markt-XXL Aussenleuchte Focus,Fassung 1xGU10 max.35 Watt,Au\u00dfenbeleuchtung,Au\u00dfenwandleuchte in Anthrazit,1 flammig (GU10),Wandlampe\u2026\" \/>\n<meta name=\"robots\" content=\"index, follow, max-snippet:-1, max-image-preview:large, max-video-preview:-1\" \/>\n<link rel=\"canonical\" href=\"https:\/\/marktxxl.de\/markt\/produkt\/aussenleuchte-focusfassung-1xgu10-max-35-wattaussenbeleuchtungaussenwandleuchte-in-anthrazit1-flammig-gu10wandlampeaussenlampe\/\" \/>\n<meta property=\"og:locale\" content=\"de_DE\" \/>\n<meta property=\"og:type\" content=\"article\" \/>\n<meta property=\"og:title\" content=\"Aussenleuchte Focus,Fassung 1xGU10 max.35 Watt,Au\u00dfenbeleuchtung,Au\u00dfenwandleuchte in Anthrazit,1 flammig (GU10),Wandlampe\u2026 - Markt-XXL\" \/>\n<meta property=\"og:description\" content=\"Markt-XXL Aussenleuchte Focus,Fassung 1xGU10 max.35 Watt,Au\u00dfenbeleuchtung,Au\u00dfenwandleuchte in Anthrazit,1 flammig (GU10),Wandlampe\u2026\" \/>\n<meta property=\"og:url\" content=\"https:\/\/marktxxl.de\/markt\/produkt\/aussenleuchte-focusfassung-1xgu10-max-35-wattaussenbeleuchtungaussenwandleuchte-in-anthrazit1-flammig-gu10wandlampeaussenlampe\/\" \/>\n<meta property=\"og:site_name\" content=\"Markt-XXL\" \/>\n<meta property=\"article:modified_time\" content=\"2023-04-09T00:40:15+00:00\" \/>\n<meta property=\"og:image\" content=\"https:\/\/m.media-amazon.com\/images\/I\/31NuYR1GA8L._SL500_.jpg\" \/>\n\t<meta property=\"og:image:width\" content=\"500\" \/>\n\t<meta property=\"og:image:height\" content=\"375\" \/>\n\t<meta property=\"og:image:type\" content=\"image\/jpeg\" \/>\n<meta name=\"twitter:card\" content=\"summary_large_image\" \/>\n<meta name=\"twitter:label1\" content=\"Gesch\u00e4tzte Lesezeit\" \/>\n\t<meta name=\"twitter:data1\" content=\"1\u00a0Minute\" \/>\n<script type=\"application\/ld+json\" class=\"yoast-schema-graph\">{\"@context\":\"https:\\\/\\\/schema.org\",\"@graph\":[{\"@type\":\"WebPage\",\"@id\":\"https:\\\/\\\/marktxxl.de\\\/markt\\\/produkt\\\/aussenleuchte-focusfassung-1xgu10-max-35-wattaussenbeleuchtungaussenwandleuchte-in-anthrazit1-flammig-gu10wandlampeaussenlampe\\\/\",\"url\":\"https:\\\/\\\/marktxxl.de\\\/markt\\\/produkt\\\/aussenleuchte-focusfassung-1xgu10-max-35-wattaussenbeleuchtungaussenwandleuchte-in-anthrazit1-flammig-gu10wandlampeaussenlampe\\\/\",\"name\":\"Aussenleuchte Focus,Fassung 1xGU10 max.35 Watt,Au\u00dfenbeleuchtung,Au\u00dfenwandleuchte in Anthrazit,1 flammig (GU10),Wandlampe\u2026 - Markt-XXL\",\"isPartOf\":{\"@id\":\"https:\\\/\\\/marktxxl.de\\\/markt\\\/#website\"},\"primaryImageOfPage\":{\"@id\":\"https:\\\/\\\/marktxxl.de\\\/markt\\\/produkt\\\/aussenleuchte-focusfassung-1xgu10-max-35-wattaussenbeleuchtungaussenwandleuchte-in-anthrazit1-flammig-gu10wandlampeaussenlampe\\\/#primaryimage\"},\"image\":{\"@id\":\"https:\\\/\\\/marktxxl.de\\\/markt\\\/produkt\\\/aussenleuchte-focusfassung-1xgu10-max-35-wattaussenbeleuchtungaussenwandleuchte-in-anthrazit1-flammig-gu10wandlampeaussenlampe\\\/#primaryimage\"},\"thumbnailUrl\":\"https:\\\/\\\/m.media-amazon.com\\\/images\\\/I\\\/31NuYR1GA8L._SL500_.jpg\",\"datePublished\":\"2021-12-28T15:30:14+00:00\",\"dateModified\":\"2023-04-09T00:40:15+00:00\",\"description\":\"Markt-XXL Aussenleuchte Focus,Fassung 1xGU10 max.35 Watt,Au\u00dfenbeleuchtung,Au\u00dfenwandleuchte in Anthrazit,1 flammig (GU10),Wandlampe\u2026\",\"breadcrumb\":{\"@id\":\"https:\\\/\\\/marktxxl.de\\\/markt\\\/produkt\\\/aussenleuchte-focusfassung-1xgu10-max-35-wattaussenbeleuchtungaussenwandleuchte-in-anthrazit1-flammig-gu10wandlampeaussenlampe\\\/#breadcrumb\"},\"inLanguage\":\"de\",\"potentialAction\":[{\"@type\":\"ReadAction\",\"target\":[\"https:\\\/\\\/marktxxl.de\\\/markt\\\/produkt\\\/aussenleuchte-focusfassung-1xgu10-max-35-wattaussenbeleuchtungaussenwandleuchte-in-anthrazit1-flammig-gu10wandlampeaussenlampe\\\/\"]}]},{\"@type\":\"ImageObject\",\"inLanguage\":\"de\",\"@id\":\"https:\\\/\\\/marktxxl.de\\\/markt\\\/produkt\\\/aussenleuchte-focusfassung-1xgu10-max-35-wattaussenbeleuchtungaussenwandleuchte-in-anthrazit1-flammig-gu10wandlampeaussenlampe\\\/#primaryimage\",\"url\":\"https:\\\/\\\/m.media-amazon.com\\\/images\\\/I\\\/31NuYR1GA8L._SL500_.jpg\",\"contentUrl\":\"https:\\\/\\\/m.media-amazon.com\\\/images\\\/I\\\/31NuYR1GA8L._SL500_.jpg\",\"width\":500,\"height\":375},{\"@type\":\"BreadcrumbList\",\"@id\":\"https:\\\/\\\/marktxxl.de\\\/markt\\\/produkt\\\/aussenleuchte-focusfassung-1xgu10-max-35-wattaussenbeleuchtungaussenwandleuchte-in-anthrazit1-flammig-gu10wandlampeaussenlampe\\\/#breadcrumb\",\"itemListElement\":[{\"@type\":\"ListItem\",\"position\":1,\"name\":\"Startseite\",\"item\":\"https:\\\/\\\/marktxxl.de\\\/markt\\\/\"},{\"@type\":\"ListItem\",\"position\":2,\"name\":\"Markt\",\"item\":\"https:\\\/\\\/marktxxl.de\\\/markt\\\/\"},{\"@type\":\"ListItem\",\"position\":3,\"name\":\"Aussenleuchte Focus,Fassung 1xGU10 max.35 Watt,Au\u00dfenbeleuchtung,Au\u00dfenwandleuchte in Anthrazit,1 flammig (GU10),Wandlampe\u2026\"}]},{\"@type\":\"WebSite\",\"@id\":\"https:\\\/\\\/marktxxl.de\\\/markt\\\/#website\",\"url\":\"https:\\\/\\\/marktxxl.de\\\/markt\\\/\",\"name\":\"Markt-XXL\",\"description\":\"Ihr Markt Online\",\"publisher\":{\"@id\":\"https:\\\/\\\/marktxxl.de\\\/markt\\\/#organization\"},\"potentialAction\":[{\"@type\":\"SearchAction\",\"target\":{\"@type\":\"EntryPoint\",\"urlTemplate\":\"https:\\\/\\\/marktxxl.de\\\/markt\\\/?s={search_term_string}\"},\"query-input\":{\"@type\":\"PropertyValueSpecification\",\"valueRequired\":true,\"valueName\":\"search_term_string\"}}],\"inLanguage\":\"de\"},{\"@type\":\"Organization\",\"@id\":\"https:\\\/\\\/marktxxl.de\\\/markt\\\/#organization\",\"name\":\"Markt-XXL\",\"url\":\"https:\\\/\\\/marktxxl.de\\\/markt\\\/\",\"logo\":{\"@type\":\"ImageObject\",\"inLanguage\":\"de\",\"@id\":\"https:\\\/\\\/marktxxl.de\\\/markt\\\/#\\\/schema\\\/logo\\\/image\\\/\",\"url\":\"https:\\\/\\\/marktxxl.de\\\/markt\\\/wp-content\\\/uploads\\\/sites\\\/3\\\/2020\\\/12\\\/logo.png\",\"contentUrl\":\"https:\\\/\\\/marktxxl.de\\\/markt\\\/wp-content\\\/uploads\\\/sites\\\/3\\\/2020\\\/12\\\/logo.png\",\"width\":200,\"height\":70,\"caption\":\"Markt-XXL\"},\"image\":{\"@id\":\"https:\\\/\\\/marktxxl.de\\\/markt\\\/#\\\/schema\\\/logo\\\/image\\\/\"}}]}<\/script>\n<!-- \/ Yoast SEO plugin. -->","yoast_head_json":{"title":"Aussenleuchte Focus,Fassung 1xGU10 max.35 Watt,Au\u00dfenbeleuchtung,Au\u00dfenwandleuchte in Anthrazit,1 flammig (GU10),Wandlampe\u2026 - Markt-XXL","description":"Markt-XXL Aussenleuchte Focus,Fassung 1xGU10 max.35 Watt,Au\u00dfenbeleuchtung,Au\u00dfenwandleuchte in Anthrazit,1 flammig (GU10),Wandlampe\u2026","robots":{"index":"index","follow":"follow","max-snippet":"max-snippet:-1","max-image-preview":"max-image-preview:large","max-video-preview":"max-video-preview:-1"},"canonical":"https:\/\/marktxxl.de\/markt\/produkt\/aussenleuchte-focusfassung-1xgu10-max-35-wattaussenbeleuchtungaussenwandleuchte-in-anthrazit1-flammig-gu10wandlampeaussenlampe\/","og_locale":"de_DE","og_type":"article","og_title":"Aussenleuchte Focus,Fassung 1xGU10 max.35 Watt,Au\u00dfenbeleuchtung,Au\u00dfenwandleuchte in Anthrazit,1 flammig (GU10),Wandlampe\u2026 - Markt-XXL","og_description":"Markt-XXL Aussenleuchte Focus,Fassung 1xGU10 max.35 Watt,Au\u00dfenbeleuchtung,Au\u00dfenwandleuchte in Anthrazit,1 flammig (GU10),Wandlampe\u2026","og_url":"https:\/\/marktxxl.de\/markt\/produkt\/aussenleuchte-focusfassung-1xgu10-max-35-wattaussenbeleuchtungaussenwandleuchte-in-anthrazit1-flammig-gu10wandlampeaussenlampe\/","og_site_name":"Markt-XXL","article_modified_time":"2023-04-09T00:40:15+00:00","og_image":[{"width":500,"height":375,"url":"https:\/\/m.media-amazon.com\/images\/I\/31NuYR1GA8L._SL500_.jpg","type":"image\/jpeg"}],"twitter_card":"summary_large_image","twitter_misc":{"Gesch\u00e4tzte Lesezeit":"1\u00a0Minute"},"schema":{"@context":"https:\/\/schema.org","@graph":[{"@type":"WebPage","@id":"https:\/\/marktxxl.de\/markt\/produkt\/aussenleuchte-focusfassung-1xgu10-max-35-wattaussenbeleuchtungaussenwandleuchte-in-anthrazit1-flammig-gu10wandlampeaussenlampe\/","url":"https:\/\/marktxxl.de\/markt\/produkt\/aussenleuchte-focusfassung-1xgu10-max-35-wattaussenbeleuchtungaussenwandleuchte-in-anthrazit1-flammig-gu10wandlampeaussenlampe\/","name":"Aussenleuchte Focus,Fassung 1xGU10 max.35 Watt,Au\u00dfenbeleuchtung,Au\u00dfenwandleuchte in Anthrazit,1 flammig (GU10),Wandlampe\u2026 - Markt-XXL","isPartOf":{"@id":"https:\/\/marktxxl.de\/markt\/#website"},"primaryImageOfPage":{"@id":"https:\/\/marktxxl.de\/markt\/produkt\/aussenleuchte-focusfassung-1xgu10-max-35-wattaussenbeleuchtungaussenwandleuchte-in-anthrazit1-flammig-gu10wandlampeaussenlampe\/#primaryimage"},"image":{"@id":"https:\/\/marktxxl.de\/markt\/produkt\/aussenleuchte-focusfassung-1xgu10-max-35-wattaussenbeleuchtungaussenwandleuchte-in-anthrazit1-flammig-gu10wandlampeaussenlampe\/#primaryimage"},"thumbnailUrl":"https:\/\/m.media-amazon.com\/images\/I\/31NuYR1GA8L._SL500_.jpg","datePublished":"2021-12-28T15:30:14+00:00","dateModified":"2023-04-09T00:40:15+00:00","description":"Markt-XXL Aussenleuchte Focus,Fassung 1xGU10 max.35 Watt,Au\u00dfenbeleuchtung,Au\u00dfenwandleuchte in Anthrazit,1 flammig (GU10),Wandlampe\u2026","breadcrumb":{"@id":"https:\/\/marktxxl.de\/markt\/produkt\/aussenleuchte-focusfassung-1xgu10-max-35-wattaussenbeleuchtungaussenwandleuchte-in-anthrazit1-flammig-gu10wandlampeaussenlampe\/#breadcrumb"},"inLanguage":"de","potentialAction":[{"@type":"ReadAction","target":["https:\/\/marktxxl.de\/markt\/produkt\/aussenleuchte-focusfassung-1xgu10-max-35-wattaussenbeleuchtungaussenwandleuchte-in-anthrazit1-flammig-gu10wandlampeaussenlampe\/"]}]},{"@type":"ImageObject","inLanguage":"de","@id":"https:\/\/marktxxl.de\/markt\/produkt\/aussenleuchte-focusfassung-1xgu10-max-35-wattaussenbeleuchtungaussenwandleuchte-in-anthrazit1-flammig-gu10wandlampeaussenlampe\/#primaryimage","url":"https:\/\/m.media-amazon.com\/images\/I\/31NuYR1GA8L._SL500_.jpg","contentUrl":"https:\/\/m.media-amazon.com\/images\/I\/31NuYR1GA8L._SL500_.jpg","width":500,"height":375},{"@type":"BreadcrumbList","@id":"https:\/\/marktxxl.de\/markt\/produkt\/aussenleuchte-focusfassung-1xgu10-max-35-wattaussenbeleuchtungaussenwandleuchte-in-anthrazit1-flammig-gu10wandlampeaussenlampe\/#breadcrumb","itemListElement":[{"@type":"ListItem","position":1,"name":"Startseite","item":"https:\/\/marktxxl.de\/markt\/"},{"@type":"ListItem","position":2,"name":"Markt","item":"https:\/\/marktxxl.de\/markt\/"},{"@type":"ListItem","position":3,"name":"Aussenleuchte Focus,Fassung 1xGU10 max.35 Watt,Au\u00dfenbeleuchtung,Au\u00dfenwandleuchte in Anthrazit,1 flammig (GU10),Wandlampe\u2026"}]},{"@type":"WebSite","@id":"https:\/\/marktxxl.de\/markt\/#website","url":"https:\/\/marktxxl.de\/markt\/","name":"Markt-XXL","description":"Ihr Markt Online","publisher":{"@id":"https:\/\/marktxxl.de\/markt\/#organization"},"potentialAction":[{"@type":"SearchAction","target":{"@type":"EntryPoint","urlTemplate":"https:\/\/marktxxl.de\/markt\/?s={search_term_string}"},"query-input":{"@type":"PropertyValueSpecification","valueRequired":true,"valueName":"search_term_string"}}],"inLanguage":"de"},{"@type":"Organization","@id":"https:\/\/marktxxl.de\/markt\/#organization","name":"Markt-XXL","url":"https:\/\/marktxxl.de\/markt\/","logo":{"@type":"ImageObject","inLanguage":"de","@id":"https:\/\/marktxxl.de\/markt\/#\/schema\/logo\/image\/","url":"https:\/\/marktxxl.de\/markt\/wp-content\/uploads\/sites\/3\/2020\/12\/logo.png","contentUrl":"https:\/\/marktxxl.de\/markt\/wp-content\/uploads\/sites\/3\/2020\/12\/logo.png","width":200,"height":70,"caption":"Markt-XXL"},"image":{"@id":"https:\/\/marktxxl.de\/markt\/#\/schema\/logo\/image\/"}}]}},"_links":{"self":[{"href":"https:\/\/marktxxl.de\/markt\/wp-json\/wp\/v2\/product\/86800","targetHints":{"allow":["GET"]}}],"collection":[{"href":"https:\/\/marktxxl.de\/markt\/wp-json\/wp\/v2\/product"}],"about":[{"href":"https:\/\/marktxxl.de\/markt\/wp-json\/wp\/v2\/types\/product"}],"replies":[{"embeddable":true,"href":"https:\/\/marktxxl.de\/markt\/wp-json\/wp\/v2\/comments?post=86800"}],"wp:featuredmedia":[{"embeddable":true,"href":"https:\/\/marktxxl.de\/markt\/wp-json\/wp\/v2\/media\/86801"}],"wp:attachment":[{"href":"https:\/\/marktxxl.de\/markt\/wp-json\/wp\/v2\/media?parent=86800"}],"wp:term":[{"taxonomy":"product_brand","embeddable":true,"href":"https:\/\/marktxxl.de\/markt\/wp-json\/wp\/v2\/product_brand?post=86800"},{"taxonomy":"product_cat","embeddable":true,"href":"https:\/\/marktxxl.de\/markt\/wp-json\/wp\/v2\/product_cat?post=86800"},{"taxonomy":"product_tag","embeddable":true,"href":"https:\/\/marktxxl.de\/markt\/wp-json\/wp\/v2\/product_tag?post=86800"}],"curies":[{"name":"wp","href":"https:\/\/api.w.org\/{rel}","templated":true}]}}