{"id":86732,"date":"2021-12-28T16:27:08","date_gmt":"2021-12-28T15:27:08","guid":{"rendered":"https:\/\/marktxxl.de\/markt\/produkt\/solarleuchten-fuer-aussen-ruyilam-4-stuecke-33leds-solarfackeln-flammenlicht-gartenfackeln-mit-wasserdicht-ip65-automatisch-ein-aus-solarlampe-fuer-aussen-garten-balkon-hof-korridor-weg\/"},"modified":"2023-04-09T02:40:13","modified_gmt":"2023-04-09T00:40:13","slug":"solarleuchten-fuer-aussen-ruyilam-4-stuecke-33leds-solarfackeln-flammenlicht-gartenfackeln-mit-wasserdicht-ip65-automatisch-ein-aus-solarlampe-fuer-aussen-garten-balkon-hof-korridor-weg","status":"publish","type":"product","link":"https:\/\/marktxxl.de\/markt\/produkt\/solarleuchten-fuer-aussen-ruyilam-4-stuecke-33leds-solarfackeln-flammenlicht-gartenfackeln-mit-wasserdicht-ip65-automatisch-ein-aus-solarlampe-fuer-aussen-garten-balkon-hof-korridor-weg\/","title":{"rendered":"Solarleuchten f\u00fcr au\u00dfen, Ruyilam 4 St\u00fccke 33Leds Solarfackeln Flammenlicht Gartenfackeln mit wasserdicht IP65\u2026"},"content":{"rendered":"<p>\u3010Tanzender Flammeneffekt\u3011 Ruyilam Flammenlampe erzeugt einen traumhaften Flammeneffekt und eine helle und warme Atmosph\u00e4re. Es ist die beste Dekoration f\u00fcr Garten, Auffahrt und Wanderweg sowie f\u00fcr Aktivit\u00e4ten im Freien (wie Partys, Versammlungen von Freunden und Grillabende).<br \/>\n\u3010Einfache Installation\u3011 Keine Verkabelung erforderlich. Installieren Sie die Solarleuchten einfach auf Rasen, Wand, Boden ohne Kies oder Kiesel, damit direktes Sonnenlicht auf das Solarpanel f\u00e4llt. Es absorbiert tags\u00fcber Sonnenlicht und schaltet sich nachts automatisch ein. Der Li-lonen-Akku hat eine Kapazit\u00e4t von 600 mAh und kann nach 8 Stunden vollem Aufladen 12 Stunden lang betreiben.<br \/>\n\u3010Wasserdicht und Wetterfest\u3011 Die Gartenlampe besteht aus ABS-Material mit der wasserdichten Schutzart IP65. Selbst bei allen Wetterbedingungen kann es weiterarbeiten, ohne sich um Regen, Schnee und Frost sorgen zu m\u00fcssen. Es ist sehr f\u00fcr den Au\u00dfenbereich geeignet.<br \/>\n\u3010Breite Verwendungsm\u00f6glichkeiten\u3011 Weit verbreitet f\u00fcr die Beleuchtung oder Dekoration von Garten, Terrasse, Hochzeit, Party, Auffahrt, Camping, Grillen, Thanksgiving, Halloween, Weihnachten und anderen Anl\u00e4ssen. Sie k\u00f6nnen es an der Haust\u00fcr, am Tisch oder auf dem Rasen usw. installieren.<br \/>\n\u3010Exzellenter Kundenservice\u3011 Wenn Sie Fragen oder Probleme zur Verwendung haben, k\u00f6nnen Sie sich gerne an uns wenden. Wir werden unser Bestes tun, um Ihnen ein angenehmes Kaufserlebnis zu bieten.<br \/>\n<div class=\"main-cross-sell\" data-asin=\"B0936RD7YW\">\n\n\t<div class=\"WooZone-cross-sell-loader\">\n\t\t<div>\n\t\t\t<div id=\"floatingBarsG\">\n\t\t\t\t<div class=\"blockG\" id=\"rotateG_01\"><\/div>\n\t\t\t\t<div class=\"blockG\" id=\"rotateG_02\"><\/div>\n\t\t\t\t<div class=\"blockG\" id=\"rotateG_03\"><\/div>\n\t\t\t\t<div class=\"blockG\" id=\"rotateG_04\"><\/div>\n\t\t\t\t<div class=\"blockG\" id=\"rotateG_05\"><\/div>\n\t\t\t\t<div class=\"blockG\" id=\"rotateG_06\"><\/div>\n\t\t\t\t<div class=\"blockG\" id=\"rotateG_07\"><\/div>\n\t\t\t\t<div class=\"blockG\" id=\"rotateG_08\"><\/div>\n\t\t\t<\/div>\n\t\t\t<div class=\"WooZone-cross-sell-loader-text\"><\/div>\n\t\t<\/div>\n\t<\/div>\n\n\t\t\n<\/div>\n<div style=\"clear:both;\"><\/div><\/p>\n","protected":false},"excerpt":{"rendered":"<p>\u3010Tanzender Flammeneffekt\u3011 Ruyilam Flammenlampe erzeugt einen traumhaften Flammeneffekt und eine helle und warme Atmosph\u00e4re. Es ist die beste Dekoration f\u00fcr Garten, Auffahrt und Wanderweg sowie f\u00fcr Aktivit\u00e4ten im Freien (wie Partys, Versammlungen von Freunden und Grillabende).<br \/>\n\u3010Einfache Installation\u3011 Keine Verkabelung erforderlich. Installieren Sie die Solarleuchten einfach auf Rasen, Wand, Boden ohne Kies oder Kiesel, damit direktes Sonnenlicht auf das Solarpanel f\u00e4llt. Es absorbiert tags\u00fcber Sonnenlicht und schaltet sich nachts automatisch ein. Der Li-lonen-Akku hat eine Kapazit\u00e4t von 600 mAh und kann nach 8 Stunden vollem Aufladen 12 Stunden lang betreiben.<br \/>\n\u3010Wasserdicht und Wetterfest\u3011 Die Gartenlampe besteht aus ABS-Material mit der wasserdichten Schutzart IP65. Selbst bei allen Wetterbedingungen kann es weiterarbeiten, ohne sich um Regen, Schnee und Frost sorgen zu m\u00fcssen. Es ist sehr f\u00fcr den Au\u00dfenbereich geeignet.<\/p>\n","protected":false},"featured_media":86733,"comment_status":"open","ping_status":"closed","template":"","meta":[],"product_brand":[],"product_cat":[2108],"product_tag":[],"class_list":{"0":"post-86732","1":"product","2":"type-product","3":"status-publish","4":"has-post-thumbnail","6":"product_cat-beleuchtung","7":"pa_brand-ruyilam","8":"pa_color-schwarz","9":"pa_manufacturer-ruyilam","10":"pa_model-bh-6099s","12":"first","13":"instock","14":"shipping-taxable","15":"purchasable","16":"product-type-simple","17":"customify-col","18":"product-has-gallery"},"yoast_head":"<!-- This site is optimized with the Yoast SEO plugin v27.4 - https:\/\/yoast.com\/product\/yoast-seo-wordpress\/ -->\n<title>Solarleuchten f\u00fcr au\u00dfen, Ruyilam 4 St\u00fccke 33Leds Solarfackeln Flammenlicht Gartenfackeln mit wasserdicht IP65\u2026 - Markt-XXL<\/title>\n<meta name=\"description\" content=\"Markt-XXL Solarleuchten f\u00fcr au\u00dfen, Ruyilam 4 St\u00fccke 33Leds Solarfackeln Flammenlicht Gartenfackeln mit wasserdicht IP65\u2026\" \/>\n<meta name=\"robots\" content=\"index, follow, max-snippet:-1, max-image-preview:large, max-video-preview:-1\" \/>\n<link rel=\"canonical\" href=\"https:\/\/marktxxl.de\/markt\/produkt\/solarleuchten-fuer-aussen-ruyilam-4-stuecke-33leds-solarfackeln-flammenlicht-gartenfackeln-mit-wasserdicht-ip65-automatisch-ein-aus-solarlampe-fuer-aussen-garten-balkon-hof-korridor-weg\/\" \/>\n<meta property=\"og:locale\" content=\"de_DE\" \/>\n<meta property=\"og:type\" content=\"article\" \/>\n<meta property=\"og:title\" content=\"Solarleuchten f\u00fcr au\u00dfen, Ruyilam 4 St\u00fccke 33Leds Solarfackeln Flammenlicht Gartenfackeln mit wasserdicht IP65\u2026 - Markt-XXL\" \/>\n<meta property=\"og:description\" content=\"Markt-XXL Solarleuchten f\u00fcr au\u00dfen, Ruyilam 4 St\u00fccke 33Leds Solarfackeln Flammenlicht Gartenfackeln mit wasserdicht IP65\u2026\" \/>\n<meta property=\"og:url\" content=\"https:\/\/marktxxl.de\/markt\/produkt\/solarleuchten-fuer-aussen-ruyilam-4-stuecke-33leds-solarfackeln-flammenlicht-gartenfackeln-mit-wasserdicht-ip65-automatisch-ein-aus-solarlampe-fuer-aussen-garten-balkon-hof-korridor-weg\/\" \/>\n<meta property=\"og:site_name\" content=\"Markt-XXL\" \/>\n<meta property=\"article:modified_time\" content=\"2023-04-09T00:40:13+00:00\" \/>\n<meta property=\"og:image\" content=\"https:\/\/m.media-amazon.com\/images\/I\/5135BGAfTDS._SL500_.jpg\" \/>\n\t<meta property=\"og:image:width\" content=\"500\" \/>\n\t<meta property=\"og:image:height\" content=\"500\" \/>\n\t<meta property=\"og:image:type\" content=\"image\/jpeg\" \/>\n<meta name=\"twitter:card\" content=\"summary_large_image\" \/>\n<meta name=\"twitter:label1\" content=\"Gesch\u00e4tzte Lesezeit\" \/>\n\t<meta name=\"twitter:data1\" content=\"1\u00a0Minute\" \/>\n<script type=\"application\/ld+json\" class=\"yoast-schema-graph\">{\"@context\":\"https:\\\/\\\/schema.org\",\"@graph\":[{\"@type\":\"WebPage\",\"@id\":\"https:\\\/\\\/marktxxl.de\\\/markt\\\/produkt\\\/solarleuchten-fuer-aussen-ruyilam-4-stuecke-33leds-solarfackeln-flammenlicht-gartenfackeln-mit-wasserdicht-ip65-automatisch-ein-aus-solarlampe-fuer-aussen-garten-balkon-hof-korridor-weg\\\/\",\"url\":\"https:\\\/\\\/marktxxl.de\\\/markt\\\/produkt\\\/solarleuchten-fuer-aussen-ruyilam-4-stuecke-33leds-solarfackeln-flammenlicht-gartenfackeln-mit-wasserdicht-ip65-automatisch-ein-aus-solarlampe-fuer-aussen-garten-balkon-hof-korridor-weg\\\/\",\"name\":\"Solarleuchten f\u00fcr au\u00dfen, Ruyilam 4 St\u00fccke 33Leds Solarfackeln Flammenlicht Gartenfackeln mit wasserdicht IP65\u2026 - Markt-XXL\",\"isPartOf\":{\"@id\":\"https:\\\/\\\/marktxxl.de\\\/markt\\\/#website\"},\"primaryImageOfPage\":{\"@id\":\"https:\\\/\\\/marktxxl.de\\\/markt\\\/produkt\\\/solarleuchten-fuer-aussen-ruyilam-4-stuecke-33leds-solarfackeln-flammenlicht-gartenfackeln-mit-wasserdicht-ip65-automatisch-ein-aus-solarlampe-fuer-aussen-garten-balkon-hof-korridor-weg\\\/#primaryimage\"},\"image\":{\"@id\":\"https:\\\/\\\/marktxxl.de\\\/markt\\\/produkt\\\/solarleuchten-fuer-aussen-ruyilam-4-stuecke-33leds-solarfackeln-flammenlicht-gartenfackeln-mit-wasserdicht-ip65-automatisch-ein-aus-solarlampe-fuer-aussen-garten-balkon-hof-korridor-weg\\\/#primaryimage\"},\"thumbnailUrl\":\"https:\\\/\\\/m.media-amazon.com\\\/images\\\/I\\\/5135BGAfTDS._SL500_.jpg\",\"datePublished\":\"2021-12-28T15:27:08+00:00\",\"dateModified\":\"2023-04-09T00:40:13+00:00\",\"description\":\"Markt-XXL Solarleuchten f\u00fcr au\u00dfen, Ruyilam 4 St\u00fccke 33Leds Solarfackeln Flammenlicht Gartenfackeln mit wasserdicht IP65\u2026\",\"breadcrumb\":{\"@id\":\"https:\\\/\\\/marktxxl.de\\\/markt\\\/produkt\\\/solarleuchten-fuer-aussen-ruyilam-4-stuecke-33leds-solarfackeln-flammenlicht-gartenfackeln-mit-wasserdicht-ip65-automatisch-ein-aus-solarlampe-fuer-aussen-garten-balkon-hof-korridor-weg\\\/#breadcrumb\"},\"inLanguage\":\"de\",\"potentialAction\":[{\"@type\":\"ReadAction\",\"target\":[\"https:\\\/\\\/marktxxl.de\\\/markt\\\/produkt\\\/solarleuchten-fuer-aussen-ruyilam-4-stuecke-33leds-solarfackeln-flammenlicht-gartenfackeln-mit-wasserdicht-ip65-automatisch-ein-aus-solarlampe-fuer-aussen-garten-balkon-hof-korridor-weg\\\/\"]}]},{\"@type\":\"ImageObject\",\"inLanguage\":\"de\",\"@id\":\"https:\\\/\\\/marktxxl.de\\\/markt\\\/produkt\\\/solarleuchten-fuer-aussen-ruyilam-4-stuecke-33leds-solarfackeln-flammenlicht-gartenfackeln-mit-wasserdicht-ip65-automatisch-ein-aus-solarlampe-fuer-aussen-garten-balkon-hof-korridor-weg\\\/#primaryimage\",\"url\":\"https:\\\/\\\/m.media-amazon.com\\\/images\\\/I\\\/5135BGAfTDS._SL500_.jpg\",\"contentUrl\":\"https:\\\/\\\/m.media-amazon.com\\\/images\\\/I\\\/5135BGAfTDS._SL500_.jpg\",\"width\":500,\"height\":500},{\"@type\":\"BreadcrumbList\",\"@id\":\"https:\\\/\\\/marktxxl.de\\\/markt\\\/produkt\\\/solarleuchten-fuer-aussen-ruyilam-4-stuecke-33leds-solarfackeln-flammenlicht-gartenfackeln-mit-wasserdicht-ip65-automatisch-ein-aus-solarlampe-fuer-aussen-garten-balkon-hof-korridor-weg\\\/#breadcrumb\",\"itemListElement\":[{\"@type\":\"ListItem\",\"position\":1,\"name\":\"Startseite\",\"item\":\"https:\\\/\\\/marktxxl.de\\\/markt\\\/\"},{\"@type\":\"ListItem\",\"position\":2,\"name\":\"Markt\",\"item\":\"https:\\\/\\\/marktxxl.de\\\/markt\\\/\"},{\"@type\":\"ListItem\",\"position\":3,\"name\":\"Solarleuchten f\u00fcr au\u00dfen, Ruyilam 4 St\u00fccke 33Leds Solarfackeln Flammenlicht Gartenfackeln mit wasserdicht IP65\u2026\"}]},{\"@type\":\"WebSite\",\"@id\":\"https:\\\/\\\/marktxxl.de\\\/markt\\\/#website\",\"url\":\"https:\\\/\\\/marktxxl.de\\\/markt\\\/\",\"name\":\"Markt-XXL\",\"description\":\"Ihr Markt Online\",\"publisher\":{\"@id\":\"https:\\\/\\\/marktxxl.de\\\/markt\\\/#organization\"},\"potentialAction\":[{\"@type\":\"SearchAction\",\"target\":{\"@type\":\"EntryPoint\",\"urlTemplate\":\"https:\\\/\\\/marktxxl.de\\\/markt\\\/?s={search_term_string}\"},\"query-input\":{\"@type\":\"PropertyValueSpecification\",\"valueRequired\":true,\"valueName\":\"search_term_string\"}}],\"inLanguage\":\"de\"},{\"@type\":\"Organization\",\"@id\":\"https:\\\/\\\/marktxxl.de\\\/markt\\\/#organization\",\"name\":\"Markt-XXL\",\"url\":\"https:\\\/\\\/marktxxl.de\\\/markt\\\/\",\"logo\":{\"@type\":\"ImageObject\",\"inLanguage\":\"de\",\"@id\":\"https:\\\/\\\/marktxxl.de\\\/markt\\\/#\\\/schema\\\/logo\\\/image\\\/\",\"url\":\"https:\\\/\\\/marktxxl.de\\\/markt\\\/wp-content\\\/uploads\\\/sites\\\/3\\\/2020\\\/12\\\/logo.png\",\"contentUrl\":\"https:\\\/\\\/marktxxl.de\\\/markt\\\/wp-content\\\/uploads\\\/sites\\\/3\\\/2020\\\/12\\\/logo.png\",\"width\":200,\"height\":70,\"caption\":\"Markt-XXL\"},\"image\":{\"@id\":\"https:\\\/\\\/marktxxl.de\\\/markt\\\/#\\\/schema\\\/logo\\\/image\\\/\"}}]}<\/script>\n<!-- \/ Yoast SEO plugin. -->","yoast_head_json":{"title":"Solarleuchten f\u00fcr au\u00dfen, Ruyilam 4 St\u00fccke 33Leds Solarfackeln Flammenlicht Gartenfackeln mit wasserdicht IP65\u2026 - Markt-XXL","description":"Markt-XXL Solarleuchten f\u00fcr au\u00dfen, Ruyilam 4 St\u00fccke 33Leds Solarfackeln Flammenlicht Gartenfackeln mit wasserdicht IP65\u2026","robots":{"index":"index","follow":"follow","max-snippet":"max-snippet:-1","max-image-preview":"max-image-preview:large","max-video-preview":"max-video-preview:-1"},"canonical":"https:\/\/marktxxl.de\/markt\/produkt\/solarleuchten-fuer-aussen-ruyilam-4-stuecke-33leds-solarfackeln-flammenlicht-gartenfackeln-mit-wasserdicht-ip65-automatisch-ein-aus-solarlampe-fuer-aussen-garten-balkon-hof-korridor-weg\/","og_locale":"de_DE","og_type":"article","og_title":"Solarleuchten f\u00fcr au\u00dfen, Ruyilam 4 St\u00fccke 33Leds Solarfackeln Flammenlicht Gartenfackeln mit wasserdicht IP65\u2026 - Markt-XXL","og_description":"Markt-XXL Solarleuchten f\u00fcr au\u00dfen, Ruyilam 4 St\u00fccke 33Leds Solarfackeln Flammenlicht Gartenfackeln mit wasserdicht IP65\u2026","og_url":"https:\/\/marktxxl.de\/markt\/produkt\/solarleuchten-fuer-aussen-ruyilam-4-stuecke-33leds-solarfackeln-flammenlicht-gartenfackeln-mit-wasserdicht-ip65-automatisch-ein-aus-solarlampe-fuer-aussen-garten-balkon-hof-korridor-weg\/","og_site_name":"Markt-XXL","article_modified_time":"2023-04-09T00:40:13+00:00","og_image":[{"width":500,"height":500,"url":"https:\/\/m.media-amazon.com\/images\/I\/5135BGAfTDS._SL500_.jpg","type":"image\/jpeg"}],"twitter_card":"summary_large_image","twitter_misc":{"Gesch\u00e4tzte Lesezeit":"1\u00a0Minute"},"schema":{"@context":"https:\/\/schema.org","@graph":[{"@type":"WebPage","@id":"https:\/\/marktxxl.de\/markt\/produkt\/solarleuchten-fuer-aussen-ruyilam-4-stuecke-33leds-solarfackeln-flammenlicht-gartenfackeln-mit-wasserdicht-ip65-automatisch-ein-aus-solarlampe-fuer-aussen-garten-balkon-hof-korridor-weg\/","url":"https:\/\/marktxxl.de\/markt\/produkt\/solarleuchten-fuer-aussen-ruyilam-4-stuecke-33leds-solarfackeln-flammenlicht-gartenfackeln-mit-wasserdicht-ip65-automatisch-ein-aus-solarlampe-fuer-aussen-garten-balkon-hof-korridor-weg\/","name":"Solarleuchten f\u00fcr au\u00dfen, Ruyilam 4 St\u00fccke 33Leds Solarfackeln Flammenlicht Gartenfackeln mit wasserdicht IP65\u2026 - Markt-XXL","isPartOf":{"@id":"https:\/\/marktxxl.de\/markt\/#website"},"primaryImageOfPage":{"@id":"https:\/\/marktxxl.de\/markt\/produkt\/solarleuchten-fuer-aussen-ruyilam-4-stuecke-33leds-solarfackeln-flammenlicht-gartenfackeln-mit-wasserdicht-ip65-automatisch-ein-aus-solarlampe-fuer-aussen-garten-balkon-hof-korridor-weg\/#primaryimage"},"image":{"@id":"https:\/\/marktxxl.de\/markt\/produkt\/solarleuchten-fuer-aussen-ruyilam-4-stuecke-33leds-solarfackeln-flammenlicht-gartenfackeln-mit-wasserdicht-ip65-automatisch-ein-aus-solarlampe-fuer-aussen-garten-balkon-hof-korridor-weg\/#primaryimage"},"thumbnailUrl":"https:\/\/m.media-amazon.com\/images\/I\/5135BGAfTDS._SL500_.jpg","datePublished":"2021-12-28T15:27:08+00:00","dateModified":"2023-04-09T00:40:13+00:00","description":"Markt-XXL Solarleuchten f\u00fcr au\u00dfen, Ruyilam 4 St\u00fccke 33Leds Solarfackeln Flammenlicht Gartenfackeln mit wasserdicht IP65\u2026","breadcrumb":{"@id":"https:\/\/marktxxl.de\/markt\/produkt\/solarleuchten-fuer-aussen-ruyilam-4-stuecke-33leds-solarfackeln-flammenlicht-gartenfackeln-mit-wasserdicht-ip65-automatisch-ein-aus-solarlampe-fuer-aussen-garten-balkon-hof-korridor-weg\/#breadcrumb"},"inLanguage":"de","potentialAction":[{"@type":"ReadAction","target":["https:\/\/marktxxl.de\/markt\/produkt\/solarleuchten-fuer-aussen-ruyilam-4-stuecke-33leds-solarfackeln-flammenlicht-gartenfackeln-mit-wasserdicht-ip65-automatisch-ein-aus-solarlampe-fuer-aussen-garten-balkon-hof-korridor-weg\/"]}]},{"@type":"ImageObject","inLanguage":"de","@id":"https:\/\/marktxxl.de\/markt\/produkt\/solarleuchten-fuer-aussen-ruyilam-4-stuecke-33leds-solarfackeln-flammenlicht-gartenfackeln-mit-wasserdicht-ip65-automatisch-ein-aus-solarlampe-fuer-aussen-garten-balkon-hof-korridor-weg\/#primaryimage","url":"https:\/\/m.media-amazon.com\/images\/I\/5135BGAfTDS._SL500_.jpg","contentUrl":"https:\/\/m.media-amazon.com\/images\/I\/5135BGAfTDS._SL500_.jpg","width":500,"height":500},{"@type":"BreadcrumbList","@id":"https:\/\/marktxxl.de\/markt\/produkt\/solarleuchten-fuer-aussen-ruyilam-4-stuecke-33leds-solarfackeln-flammenlicht-gartenfackeln-mit-wasserdicht-ip65-automatisch-ein-aus-solarlampe-fuer-aussen-garten-balkon-hof-korridor-weg\/#breadcrumb","itemListElement":[{"@type":"ListItem","position":1,"name":"Startseite","item":"https:\/\/marktxxl.de\/markt\/"},{"@type":"ListItem","position":2,"name":"Markt","item":"https:\/\/marktxxl.de\/markt\/"},{"@type":"ListItem","position":3,"name":"Solarleuchten f\u00fcr au\u00dfen, Ruyilam 4 St\u00fccke 33Leds Solarfackeln Flammenlicht Gartenfackeln mit wasserdicht IP65\u2026"}]},{"@type":"WebSite","@id":"https:\/\/marktxxl.de\/markt\/#website","url":"https:\/\/marktxxl.de\/markt\/","name":"Markt-XXL","description":"Ihr Markt Online","publisher":{"@id":"https:\/\/marktxxl.de\/markt\/#organization"},"potentialAction":[{"@type":"SearchAction","target":{"@type":"EntryPoint","urlTemplate":"https:\/\/marktxxl.de\/markt\/?s={search_term_string}"},"query-input":{"@type":"PropertyValueSpecification","valueRequired":true,"valueName":"search_term_string"}}],"inLanguage":"de"},{"@type":"Organization","@id":"https:\/\/marktxxl.de\/markt\/#organization","name":"Markt-XXL","url":"https:\/\/marktxxl.de\/markt\/","logo":{"@type":"ImageObject","inLanguage":"de","@id":"https:\/\/marktxxl.de\/markt\/#\/schema\/logo\/image\/","url":"https:\/\/marktxxl.de\/markt\/wp-content\/uploads\/sites\/3\/2020\/12\/logo.png","contentUrl":"https:\/\/marktxxl.de\/markt\/wp-content\/uploads\/sites\/3\/2020\/12\/logo.png","width":200,"height":70,"caption":"Markt-XXL"},"image":{"@id":"https:\/\/marktxxl.de\/markt\/#\/schema\/logo\/image\/"}}]}},"_links":{"self":[{"href":"https:\/\/marktxxl.de\/markt\/wp-json\/wp\/v2\/product\/86732","targetHints":{"allow":["GET"]}}],"collection":[{"href":"https:\/\/marktxxl.de\/markt\/wp-json\/wp\/v2\/product"}],"about":[{"href":"https:\/\/marktxxl.de\/markt\/wp-json\/wp\/v2\/types\/product"}],"replies":[{"embeddable":true,"href":"https:\/\/marktxxl.de\/markt\/wp-json\/wp\/v2\/comments?post=86732"}],"wp:featuredmedia":[{"embeddable":true,"href":"https:\/\/marktxxl.de\/markt\/wp-json\/wp\/v2\/media\/86733"}],"wp:attachment":[{"href":"https:\/\/marktxxl.de\/markt\/wp-json\/wp\/v2\/media?parent=86732"}],"wp:term":[{"taxonomy":"product_brand","embeddable":true,"href":"https:\/\/marktxxl.de\/markt\/wp-json\/wp\/v2\/product_brand?post=86732"},{"taxonomy":"product_cat","embeddable":true,"href":"https:\/\/marktxxl.de\/markt\/wp-json\/wp\/v2\/product_cat?post=86732"},{"taxonomy":"product_tag","embeddable":true,"href":"https:\/\/marktxxl.de\/markt\/wp-json\/wp\/v2\/product_tag?post=86732"}],"curies":[{"name":"wp","href":"https:\/\/api.w.org\/{rel}","templated":true}]}}