{"id":86717,"date":"2021-12-28T16:24:37","date_gmt":"2021-12-28T15:24:37","guid":{"rendered":"https:\/\/marktxxl.de\/markt\/produkt\/schreibtischlampe-led-12w-tischlampe-fuer-buero-zimmer-5-lichtfarben-und-7-helligkeitsstufen-dimmbar-memory-funktion-usb-anschluss-fuer-aufladung-smartphones-tischleuchte-augenschutz-touchscreen\/"},"modified":"2023-04-09T02:40:13","modified_gmt":"2023-04-09T00:40:13","slug":"schreibtischlampe-led-12w-tischlampe-fuer-buero-zimmer-5-lichtfarben-und-7-helligkeitsstufen-dimmbar-memory-funktion-usb-anschluss-fuer-aufladung-smartphones-tischleuchte-augenschutz-touchscreen","status":"publish","type":"product","link":"https:\/\/marktxxl.de\/markt\/produkt\/schreibtischlampe-led-12w-tischlampe-fuer-buero-zimmer-5-lichtfarben-und-7-helligkeitsstufen-dimmbar-memory-funktion-usb-anschluss-fuer-aufladung-smartphones-tischleuchte-augenschutz-touchscreen\/","title":{"rendered":"HERILIOS Schreibtischlampe LED 12W Tischlampe 5 Lichtfarben 7 Helligkeitsstufen dimmbar Memory-Funktion USB-Anschluss\u2026"},"content":{"rendered":"<p>[5 Lichtfarben und 7 Helligkeitsstufen]: Die Tischlampe ist mit 5 Farbtemperaturen und 7 verschiedenen Helligkeitsstufen w\u00e4hlbar, geeignet f\u00fcr unterschiedliche aktivit\u00e4ten wie arbeit, lesen und unterhaltung.<br \/>\n[Augenschutz]: Diese Schreibtischlampe ohne Flimmern und Blendung reduziert die Erm\u00fcdung der Augen beim Lesen oder stundenlangen. Diese Tischlampe ist 410LM und verbraucht 75% weniger Energie als eine herk\u00f6mmliche Gl\u00fchbirne bei gleicher Helligkeit.<br \/>\n[Flexible Einstellung]: Der Arm der leselampe ist um 90\u00b0 drehbar und um 135\u00b0 nach oben und unten neigbar und die Lampenfassung kann um 45\u00b0 gedreht werden, um Ihnen den am besten geeigneten Winkel zu bieten.<br \/>\n[USB-Ladeanschluss]: Die schreibtischlampen kann mit USB-Ladeanschluss 5V, 1A als Aufladung f\u00fcr Smartphone, Tablet oder eReadern verwendet werden.<br \/>\n[robust und exquisit]: Aus Kunststoff und Aluminiumlegierungen hergestellt, passt das moderne Design dieser tageslichtlampe gut zu Ihrem Schreibtisch, Raum und M\u00f6bel. Es ist nicht nur eine sch\u00f6ne Dekoration, sondern auch ein praktisches Geschenk.<br \/>\n<div class=\"main-cross-sell\" data-asin=\"B098F7P7WC\">\n\n\t<div class=\"WooZone-cross-sell-loader\">\n\t\t<div>\n\t\t\t<div id=\"floatingBarsG\">\n\t\t\t\t<div class=\"blockG\" id=\"rotateG_01\"><\/div>\n\t\t\t\t<div class=\"blockG\" id=\"rotateG_02\"><\/div>\n\t\t\t\t<div class=\"blockG\" id=\"rotateG_03\"><\/div>\n\t\t\t\t<div class=\"blockG\" id=\"rotateG_04\"><\/div>\n\t\t\t\t<div class=\"blockG\" id=\"rotateG_05\"><\/div>\n\t\t\t\t<div class=\"blockG\" id=\"rotateG_06\"><\/div>\n\t\t\t\t<div class=\"blockG\" id=\"rotateG_07\"><\/div>\n\t\t\t\t<div class=\"blockG\" id=\"rotateG_08\"><\/div>\n\t\t\t<\/div>\n\t\t\t<div class=\"WooZone-cross-sell-loader-text\"><\/div>\n\t\t<\/div>\n\t<\/div>\n\n\t\t\n<\/div>\n<div style=\"clear:both;\"><\/div><\/p>\n","protected":false},"excerpt":{"rendered":"<p>[5 Lichtfarben und 7 Helligkeitsstufen]: Die Tischlampe ist mit 5 Farbtemperaturen und 7 verschiedenen Helligkeitsstufen w\u00e4hlbar, geeignet f\u00fcr unterschiedliche aktivit\u00e4ten wie arbeit, lesen und unterhaltung.<br \/>\n[Augenschutz]: Diese Schreibtischlampe ohne Flimmern und Blendung reduziert die Erm\u00fcdung der Augen beim Lesen oder stundenlangen. Diese Tischlampe ist 410LM und verbraucht 75% weniger Energie als eine herk\u00f6mmliche Gl\u00fchbirne bei gleicher Helligkeit.<br \/>\n[Flexible Einstellung]: Der Arm der leselampe ist um 90\u00b0 drehbar und um 135\u00b0 nach oben und unten neigbar und die Lampenfassung kann um 45\u00b0 gedreht werden, um Ihnen den am besten geeigneten Winkel zu bieten.<\/p>\n","protected":false},"featured_media":86718,"comment_status":"open","ping_status":"closed","template":"","meta":[],"product_brand":[],"product_cat":[2108],"product_tag":[],"class_list":{"0":"post-86717","1":"product","2":"type-product","3":"status-publish","4":"has-post-thumbnail","6":"product_cat-beleuchtung","7":"pa_brand-herilios","8":"pa_height-7-086614166-zoll","9":"pa_length-16-929133841-zoll","10":"pa_manufacturer-herilios","11":"pa_model-de-dl13","12":"pa_weight-1-8298367746-pfund","13":"pa_width-7-086614166-zoll","15":"first","16":"instock","17":"shipping-taxable","18":"purchasable","19":"product-type-simple","20":"customify-col","21":"product-has-gallery"},"yoast_head":"<!-- This site is optimized with the Yoast SEO plugin v27.4 - https:\/\/yoast.com\/product\/yoast-seo-wordpress\/ -->\n<title>HERILIOS Schreibtischlampe LED 12W Tischlampe 5 Lichtfarben 7 Helligkeitsstufen dimmbar Memory-Funktion USB-Anschluss\u2026 - Markt-XXL<\/title>\n<meta name=\"description\" content=\"Markt-XXL HERILIOS Schreibtischlampe LED 12W Tischlampe 5 Lichtfarben 7 Helligkeitsstufen dimmbar Memory-Funktion USB-Anschluss\u2026\" \/>\n<meta name=\"robots\" content=\"index, follow, max-snippet:-1, max-image-preview:large, max-video-preview:-1\" \/>\n<link rel=\"canonical\" href=\"https:\/\/marktxxl.de\/markt\/produkt\/schreibtischlampe-led-12w-tischlampe-fuer-buero-zimmer-5-lichtfarben-und-7-helligkeitsstufen-dimmbar-memory-funktion-usb-anschluss-fuer-aufladung-smartphones-tischleuchte-augenschutz-touchscreen\/\" \/>\n<meta property=\"og:locale\" content=\"de_DE\" \/>\n<meta property=\"og:type\" content=\"article\" \/>\n<meta property=\"og:title\" content=\"HERILIOS Schreibtischlampe LED 12W Tischlampe 5 Lichtfarben 7 Helligkeitsstufen dimmbar Memory-Funktion USB-Anschluss\u2026 - Markt-XXL\" \/>\n<meta property=\"og:description\" content=\"Markt-XXL HERILIOS Schreibtischlampe LED 12W Tischlampe 5 Lichtfarben 7 Helligkeitsstufen dimmbar Memory-Funktion USB-Anschluss\u2026\" \/>\n<meta property=\"og:url\" content=\"https:\/\/marktxxl.de\/markt\/produkt\/schreibtischlampe-led-12w-tischlampe-fuer-buero-zimmer-5-lichtfarben-und-7-helligkeitsstufen-dimmbar-memory-funktion-usb-anschluss-fuer-aufladung-smartphones-tischleuchte-augenschutz-touchscreen\/\" \/>\n<meta property=\"og:site_name\" content=\"Markt-XXL\" \/>\n<meta property=\"article:modified_time\" content=\"2023-04-09T00:40:13+00:00\" \/>\n<meta property=\"og:image\" content=\"https:\/\/m.media-amazon.com\/images\/I\/21H3M9b1XvS._SL500_.jpg\" \/>\n\t<meta property=\"og:image:width\" content=\"421\" \/>\n\t<meta property=\"og:image:height\" content=\"500\" \/>\n\t<meta property=\"og:image:type\" content=\"image\/jpeg\" \/>\n<meta name=\"twitter:card\" content=\"summary_large_image\" \/>\n<meta name=\"twitter:label1\" content=\"Gesch\u00e4tzte Lesezeit\" \/>\n\t<meta name=\"twitter:data1\" content=\"1\u00a0Minute\" \/>\n<script type=\"application\/ld+json\" class=\"yoast-schema-graph\">{\"@context\":\"https:\\\/\\\/schema.org\",\"@graph\":[{\"@type\":\"WebPage\",\"@id\":\"https:\\\/\\\/marktxxl.de\\\/markt\\\/produkt\\\/schreibtischlampe-led-12w-tischlampe-fuer-buero-zimmer-5-lichtfarben-und-7-helligkeitsstufen-dimmbar-memory-funktion-usb-anschluss-fuer-aufladung-smartphones-tischleuchte-augenschutz-touchscreen\\\/\",\"url\":\"https:\\\/\\\/marktxxl.de\\\/markt\\\/produkt\\\/schreibtischlampe-led-12w-tischlampe-fuer-buero-zimmer-5-lichtfarben-und-7-helligkeitsstufen-dimmbar-memory-funktion-usb-anschluss-fuer-aufladung-smartphones-tischleuchte-augenschutz-touchscreen\\\/\",\"name\":\"HERILIOS Schreibtischlampe LED 12W Tischlampe 5 Lichtfarben 7 Helligkeitsstufen dimmbar Memory-Funktion USB-Anschluss\u2026 - Markt-XXL\",\"isPartOf\":{\"@id\":\"https:\\\/\\\/marktxxl.de\\\/markt\\\/#website\"},\"primaryImageOfPage\":{\"@id\":\"https:\\\/\\\/marktxxl.de\\\/markt\\\/produkt\\\/schreibtischlampe-led-12w-tischlampe-fuer-buero-zimmer-5-lichtfarben-und-7-helligkeitsstufen-dimmbar-memory-funktion-usb-anschluss-fuer-aufladung-smartphones-tischleuchte-augenschutz-touchscreen\\\/#primaryimage\"},\"image\":{\"@id\":\"https:\\\/\\\/marktxxl.de\\\/markt\\\/produkt\\\/schreibtischlampe-led-12w-tischlampe-fuer-buero-zimmer-5-lichtfarben-und-7-helligkeitsstufen-dimmbar-memory-funktion-usb-anschluss-fuer-aufladung-smartphones-tischleuchte-augenschutz-touchscreen\\\/#primaryimage\"},\"thumbnailUrl\":\"https:\\\/\\\/m.media-amazon.com\\\/images\\\/I\\\/21H3M9b1XvS._SL500_.jpg\",\"datePublished\":\"2021-12-28T15:24:37+00:00\",\"dateModified\":\"2023-04-09T00:40:13+00:00\",\"description\":\"Markt-XXL HERILIOS Schreibtischlampe LED 12W Tischlampe 5 Lichtfarben 7 Helligkeitsstufen dimmbar Memory-Funktion USB-Anschluss\u2026\",\"breadcrumb\":{\"@id\":\"https:\\\/\\\/marktxxl.de\\\/markt\\\/produkt\\\/schreibtischlampe-led-12w-tischlampe-fuer-buero-zimmer-5-lichtfarben-und-7-helligkeitsstufen-dimmbar-memory-funktion-usb-anschluss-fuer-aufladung-smartphones-tischleuchte-augenschutz-touchscreen\\\/#breadcrumb\"},\"inLanguage\":\"de\",\"potentialAction\":[{\"@type\":\"ReadAction\",\"target\":[\"https:\\\/\\\/marktxxl.de\\\/markt\\\/produkt\\\/schreibtischlampe-led-12w-tischlampe-fuer-buero-zimmer-5-lichtfarben-und-7-helligkeitsstufen-dimmbar-memory-funktion-usb-anschluss-fuer-aufladung-smartphones-tischleuchte-augenschutz-touchscreen\\\/\"]}]},{\"@type\":\"ImageObject\",\"inLanguage\":\"de\",\"@id\":\"https:\\\/\\\/marktxxl.de\\\/markt\\\/produkt\\\/schreibtischlampe-led-12w-tischlampe-fuer-buero-zimmer-5-lichtfarben-und-7-helligkeitsstufen-dimmbar-memory-funktion-usb-anschluss-fuer-aufladung-smartphones-tischleuchte-augenschutz-touchscreen\\\/#primaryimage\",\"url\":\"https:\\\/\\\/m.media-amazon.com\\\/images\\\/I\\\/21H3M9b1XvS._SL500_.jpg\",\"contentUrl\":\"https:\\\/\\\/m.media-amazon.com\\\/images\\\/I\\\/21H3M9b1XvS._SL500_.jpg\",\"width\":421,\"height\":500},{\"@type\":\"BreadcrumbList\",\"@id\":\"https:\\\/\\\/marktxxl.de\\\/markt\\\/produkt\\\/schreibtischlampe-led-12w-tischlampe-fuer-buero-zimmer-5-lichtfarben-und-7-helligkeitsstufen-dimmbar-memory-funktion-usb-anschluss-fuer-aufladung-smartphones-tischleuchte-augenschutz-touchscreen\\\/#breadcrumb\",\"itemListElement\":[{\"@type\":\"ListItem\",\"position\":1,\"name\":\"Startseite\",\"item\":\"https:\\\/\\\/marktxxl.de\\\/markt\\\/\"},{\"@type\":\"ListItem\",\"position\":2,\"name\":\"Markt\",\"item\":\"https:\\\/\\\/marktxxl.de\\\/markt\\\/\"},{\"@type\":\"ListItem\",\"position\":3,\"name\":\"HERILIOS Schreibtischlampe LED 12W Tischlampe 5 Lichtfarben 7 Helligkeitsstufen dimmbar Memory-Funktion USB-Anschluss\u2026\"}]},{\"@type\":\"WebSite\",\"@id\":\"https:\\\/\\\/marktxxl.de\\\/markt\\\/#website\",\"url\":\"https:\\\/\\\/marktxxl.de\\\/markt\\\/\",\"name\":\"Markt-XXL\",\"description\":\"Ihr Markt Online\",\"publisher\":{\"@id\":\"https:\\\/\\\/marktxxl.de\\\/markt\\\/#organization\"},\"potentialAction\":[{\"@type\":\"SearchAction\",\"target\":{\"@type\":\"EntryPoint\",\"urlTemplate\":\"https:\\\/\\\/marktxxl.de\\\/markt\\\/?s={search_term_string}\"},\"query-input\":{\"@type\":\"PropertyValueSpecification\",\"valueRequired\":true,\"valueName\":\"search_term_string\"}}],\"inLanguage\":\"de\"},{\"@type\":\"Organization\",\"@id\":\"https:\\\/\\\/marktxxl.de\\\/markt\\\/#organization\",\"name\":\"Markt-XXL\",\"url\":\"https:\\\/\\\/marktxxl.de\\\/markt\\\/\",\"logo\":{\"@type\":\"ImageObject\",\"inLanguage\":\"de\",\"@id\":\"https:\\\/\\\/marktxxl.de\\\/markt\\\/#\\\/schema\\\/logo\\\/image\\\/\",\"url\":\"https:\\\/\\\/marktxxl.de\\\/markt\\\/wp-content\\\/uploads\\\/sites\\\/3\\\/2020\\\/12\\\/logo.png\",\"contentUrl\":\"https:\\\/\\\/marktxxl.de\\\/markt\\\/wp-content\\\/uploads\\\/sites\\\/3\\\/2020\\\/12\\\/logo.png\",\"width\":200,\"height\":70,\"caption\":\"Markt-XXL\"},\"image\":{\"@id\":\"https:\\\/\\\/marktxxl.de\\\/markt\\\/#\\\/schema\\\/logo\\\/image\\\/\"}}]}<\/script>\n<!-- \/ Yoast SEO plugin. -->","yoast_head_json":{"title":"HERILIOS Schreibtischlampe LED 12W Tischlampe 5 Lichtfarben 7 Helligkeitsstufen dimmbar Memory-Funktion USB-Anschluss\u2026 - Markt-XXL","description":"Markt-XXL HERILIOS Schreibtischlampe LED 12W Tischlampe 5 Lichtfarben 7 Helligkeitsstufen dimmbar Memory-Funktion USB-Anschluss\u2026","robots":{"index":"index","follow":"follow","max-snippet":"max-snippet:-1","max-image-preview":"max-image-preview:large","max-video-preview":"max-video-preview:-1"},"canonical":"https:\/\/marktxxl.de\/markt\/produkt\/schreibtischlampe-led-12w-tischlampe-fuer-buero-zimmer-5-lichtfarben-und-7-helligkeitsstufen-dimmbar-memory-funktion-usb-anschluss-fuer-aufladung-smartphones-tischleuchte-augenschutz-touchscreen\/","og_locale":"de_DE","og_type":"article","og_title":"HERILIOS Schreibtischlampe LED 12W Tischlampe 5 Lichtfarben 7 Helligkeitsstufen dimmbar Memory-Funktion USB-Anschluss\u2026 - Markt-XXL","og_description":"Markt-XXL HERILIOS Schreibtischlampe LED 12W Tischlampe 5 Lichtfarben 7 Helligkeitsstufen dimmbar Memory-Funktion USB-Anschluss\u2026","og_url":"https:\/\/marktxxl.de\/markt\/produkt\/schreibtischlampe-led-12w-tischlampe-fuer-buero-zimmer-5-lichtfarben-und-7-helligkeitsstufen-dimmbar-memory-funktion-usb-anschluss-fuer-aufladung-smartphones-tischleuchte-augenschutz-touchscreen\/","og_site_name":"Markt-XXL","article_modified_time":"2023-04-09T00:40:13+00:00","og_image":[{"width":421,"height":500,"url":"https:\/\/m.media-amazon.com\/images\/I\/21H3M9b1XvS._SL500_.jpg","type":"image\/jpeg"}],"twitter_card":"summary_large_image","twitter_misc":{"Gesch\u00e4tzte Lesezeit":"1\u00a0Minute"},"schema":{"@context":"https:\/\/schema.org","@graph":[{"@type":"WebPage","@id":"https:\/\/marktxxl.de\/markt\/produkt\/schreibtischlampe-led-12w-tischlampe-fuer-buero-zimmer-5-lichtfarben-und-7-helligkeitsstufen-dimmbar-memory-funktion-usb-anschluss-fuer-aufladung-smartphones-tischleuchte-augenschutz-touchscreen\/","url":"https:\/\/marktxxl.de\/markt\/produkt\/schreibtischlampe-led-12w-tischlampe-fuer-buero-zimmer-5-lichtfarben-und-7-helligkeitsstufen-dimmbar-memory-funktion-usb-anschluss-fuer-aufladung-smartphones-tischleuchte-augenschutz-touchscreen\/","name":"HERILIOS Schreibtischlampe LED 12W Tischlampe 5 Lichtfarben 7 Helligkeitsstufen dimmbar Memory-Funktion USB-Anschluss\u2026 - Markt-XXL","isPartOf":{"@id":"https:\/\/marktxxl.de\/markt\/#website"},"primaryImageOfPage":{"@id":"https:\/\/marktxxl.de\/markt\/produkt\/schreibtischlampe-led-12w-tischlampe-fuer-buero-zimmer-5-lichtfarben-und-7-helligkeitsstufen-dimmbar-memory-funktion-usb-anschluss-fuer-aufladung-smartphones-tischleuchte-augenschutz-touchscreen\/#primaryimage"},"image":{"@id":"https:\/\/marktxxl.de\/markt\/produkt\/schreibtischlampe-led-12w-tischlampe-fuer-buero-zimmer-5-lichtfarben-und-7-helligkeitsstufen-dimmbar-memory-funktion-usb-anschluss-fuer-aufladung-smartphones-tischleuchte-augenschutz-touchscreen\/#primaryimage"},"thumbnailUrl":"https:\/\/m.media-amazon.com\/images\/I\/21H3M9b1XvS._SL500_.jpg","datePublished":"2021-12-28T15:24:37+00:00","dateModified":"2023-04-09T00:40:13+00:00","description":"Markt-XXL HERILIOS Schreibtischlampe LED 12W Tischlampe 5 Lichtfarben 7 Helligkeitsstufen dimmbar Memory-Funktion USB-Anschluss\u2026","breadcrumb":{"@id":"https:\/\/marktxxl.de\/markt\/produkt\/schreibtischlampe-led-12w-tischlampe-fuer-buero-zimmer-5-lichtfarben-und-7-helligkeitsstufen-dimmbar-memory-funktion-usb-anschluss-fuer-aufladung-smartphones-tischleuchte-augenschutz-touchscreen\/#breadcrumb"},"inLanguage":"de","potentialAction":[{"@type":"ReadAction","target":["https:\/\/marktxxl.de\/markt\/produkt\/schreibtischlampe-led-12w-tischlampe-fuer-buero-zimmer-5-lichtfarben-und-7-helligkeitsstufen-dimmbar-memory-funktion-usb-anschluss-fuer-aufladung-smartphones-tischleuchte-augenschutz-touchscreen\/"]}]},{"@type":"ImageObject","inLanguage":"de","@id":"https:\/\/marktxxl.de\/markt\/produkt\/schreibtischlampe-led-12w-tischlampe-fuer-buero-zimmer-5-lichtfarben-und-7-helligkeitsstufen-dimmbar-memory-funktion-usb-anschluss-fuer-aufladung-smartphones-tischleuchte-augenschutz-touchscreen\/#primaryimage","url":"https:\/\/m.media-amazon.com\/images\/I\/21H3M9b1XvS._SL500_.jpg","contentUrl":"https:\/\/m.media-amazon.com\/images\/I\/21H3M9b1XvS._SL500_.jpg","width":421,"height":500},{"@type":"BreadcrumbList","@id":"https:\/\/marktxxl.de\/markt\/produkt\/schreibtischlampe-led-12w-tischlampe-fuer-buero-zimmer-5-lichtfarben-und-7-helligkeitsstufen-dimmbar-memory-funktion-usb-anschluss-fuer-aufladung-smartphones-tischleuchte-augenschutz-touchscreen\/#breadcrumb","itemListElement":[{"@type":"ListItem","position":1,"name":"Startseite","item":"https:\/\/marktxxl.de\/markt\/"},{"@type":"ListItem","position":2,"name":"Markt","item":"https:\/\/marktxxl.de\/markt\/"},{"@type":"ListItem","position":3,"name":"HERILIOS Schreibtischlampe LED 12W Tischlampe 5 Lichtfarben 7 Helligkeitsstufen dimmbar Memory-Funktion USB-Anschluss\u2026"}]},{"@type":"WebSite","@id":"https:\/\/marktxxl.de\/markt\/#website","url":"https:\/\/marktxxl.de\/markt\/","name":"Markt-XXL","description":"Ihr Markt Online","publisher":{"@id":"https:\/\/marktxxl.de\/markt\/#organization"},"potentialAction":[{"@type":"SearchAction","target":{"@type":"EntryPoint","urlTemplate":"https:\/\/marktxxl.de\/markt\/?s={search_term_string}"},"query-input":{"@type":"PropertyValueSpecification","valueRequired":true,"valueName":"search_term_string"}}],"inLanguage":"de"},{"@type":"Organization","@id":"https:\/\/marktxxl.de\/markt\/#organization","name":"Markt-XXL","url":"https:\/\/marktxxl.de\/markt\/","logo":{"@type":"ImageObject","inLanguage":"de","@id":"https:\/\/marktxxl.de\/markt\/#\/schema\/logo\/image\/","url":"https:\/\/marktxxl.de\/markt\/wp-content\/uploads\/sites\/3\/2020\/12\/logo.png","contentUrl":"https:\/\/marktxxl.de\/markt\/wp-content\/uploads\/sites\/3\/2020\/12\/logo.png","width":200,"height":70,"caption":"Markt-XXL"},"image":{"@id":"https:\/\/marktxxl.de\/markt\/#\/schema\/logo\/image\/"}}]}},"_links":{"self":[{"href":"https:\/\/marktxxl.de\/markt\/wp-json\/wp\/v2\/product\/86717","targetHints":{"allow":["GET"]}}],"collection":[{"href":"https:\/\/marktxxl.de\/markt\/wp-json\/wp\/v2\/product"}],"about":[{"href":"https:\/\/marktxxl.de\/markt\/wp-json\/wp\/v2\/types\/product"}],"replies":[{"embeddable":true,"href":"https:\/\/marktxxl.de\/markt\/wp-json\/wp\/v2\/comments?post=86717"}],"wp:featuredmedia":[{"embeddable":true,"href":"https:\/\/marktxxl.de\/markt\/wp-json\/wp\/v2\/media\/86718"}],"wp:attachment":[{"href":"https:\/\/marktxxl.de\/markt\/wp-json\/wp\/v2\/media?parent=86717"}],"wp:term":[{"taxonomy":"product_brand","embeddable":true,"href":"https:\/\/marktxxl.de\/markt\/wp-json\/wp\/v2\/product_brand?post=86717"},{"taxonomy":"product_cat","embeddable":true,"href":"https:\/\/marktxxl.de\/markt\/wp-json\/wp\/v2\/product_cat?post=86717"},{"taxonomy":"product_tag","embeddable":true,"href":"https:\/\/marktxxl.de\/markt\/wp-json\/wp\/v2\/product_tag?post=86717"}],"curies":[{"name":"wp","href":"https:\/\/api.w.org\/{rel}","templated":true}]}}