{"id":86690,"date":"2021-12-28T16:24:25","date_gmt":"2021-12-28T15:24:25","guid":{"rendered":"https:\/\/marktxxl.de\/markt\/produkt\/cokolila-dimmbarer-led-grow-lampe600w-led-pflanzenlampe-vollspektrum-mit-588pcs-smd-leds-uv-ir-dasiy-chain-funktion-grow-light-fuer-zimmerpflanzen-gemuese-blume\/"},"modified":"2023-04-09T02:40:13","modified_gmt":"2023-04-09T00:40:13","slug":"cokolila-dimmbarer-led-grow-lampe600w-led-pflanzenlampe-vollspektrum-mit-588pcs-smd-leds-uv-ir-dasiy-chain-funktion-grow-light-fuer-zimmerpflanzen-gemuese-blume","status":"publish","type":"product","link":"https:\/\/marktxxl.de\/markt\/produkt\/cokolila-dimmbarer-led-grow-lampe600w-led-pflanzenlampe-vollspektrum-mit-588pcs-smd-leds-uv-ir-dasiy-chain-funktion-grow-light-fuer-zimmerpflanzen-gemuese-blume\/","title":{"rendered":"COKOLILA Dimmbarer Led Grow Lampe,600w LED Pflanzenlampe Vollspektrum mit 588pcs SMD Leds, UV &amp; IR Dasiy Chain Funktion\u2026"},"content":{"rendered":"<p>Niedrigere Kosten und h\u00f6here Ertr\u00e4ge: In unserer 600w Pflanzenlampe sind 588 der neuesten SMD-LEDs verbaut, dadurch wird hohe Energieeffizienz mit 2,7 umol\/J erzeugt. Der Verbraucht betr\u00e4gt 80 W, Max 2.0g\/W.Perfekt f\u00fcr eine Fl\u00e4che von 3 x 3 ft in der Wachstumsphase und 2 x 2 ft in der Bl\u00fctezeit<br \/>\nVollspektrum-LED-Wachstumslicht: Unsere Anlage z\u00fcchtet Wachstumslampe mit Vollspektrum-Wei\u00df, Blau, Rot, UV und IR (3000 K, 5000 K, 660 nm, UV 395 nm und IR 760 nm). 3000K-Dioden liefern mehr r\u00f6tliches Licht und die 5000K-Dioden mehr bl\u00e4uliches Licht. 660 nm rotes und IR-Licht ist besonders n\u00fctzlich w\u00e4hrend der Bl\u00fcte, wo es die Bl\u00fctezeit beschleunigt und die Ertr\u00e4ge erh\u00f6ht. Perfekt f\u00fcr Keimung, Wachstum, Bl\u00fcte und Ernte<br \/>\nDimmbare und st\u00e4rkeres K\u00fchlsystem: Ein zus\u00e4tzlicher Dimmerknopf regelt die Helligkeit des gesamten LED Grow Lampe und erm\u00f6glicht so Flexibilit\u00e4t, um f\u00fcr jede Wachstumsphase eine perfekte Wachstumsleistung zu erzielen. Sie k\u00f6nnen auch jedes Licht unabh\u00e4ngig dimmen.der extra gro\u00dfe L\u00fcfter halten die Dioden k\u00fchl. Mit 1 eingebauten Bass Hochgeschwindigkeitsl\u00fcftern und mehreren L\u00fcftungsschlitzen, die schnell W\u00e4rme ableiten und verhindern,dass die led grow light Gl\u00fchbirne \u00fcberhitzt und besch\u00e4digt wird<br \/>\nDaisy Chain Design und weit verbreitete Verwendung: Diese Wachstumsleuchte ist eine Doppelsteckdose. Sie k\u00f6nnen mehrere Leuchten \u00fcber die Daisy Chain-Funktion miteinander verbinden, ben\u00f6tigen jedoch nur eine Steckdose. Sie k\u00f6nnen dieses Wachstumslicht im Wohnzimmer, im Gew\u00e4chshaus, im Zelt und im Hydroponikraum verwenden. Es ist sehr ideal f\u00fcr Z\u00fcchter von Zimmerpflanzen, da es wie Sonnenlicht ist, sodass Sie Ihre Nachbarn nicht verwirren<br \/>\nZertifizierung und Lieferumfang:Unser Pflanzenlicht ist CE und RoHS zertifiziert. Sichere Anwendung im Innenbereichen.Wir bieten Ihnen 2 Jahre Garantie sowie eine 30 Tage Geld zur\u00fcck Garantie.Wenn Sie irgendwelche Fragen haben, kontaktieren Sie uns bitte. Unser kompetentes Team steht Ihnen bei Fragen zur Verf\u00fcgung<br \/>\n<div class=\"main-cross-sell\" data-asin=\"B0956S8XCK\">\n\n\t<div class=\"WooZone-cross-sell-loader\">\n\t\t<div>\n\t\t\t<div id=\"floatingBarsG\">\n\t\t\t\t<div class=\"blockG\" id=\"rotateG_01\"><\/div>\n\t\t\t\t<div class=\"blockG\" id=\"rotateG_02\"><\/div>\n\t\t\t\t<div class=\"blockG\" id=\"rotateG_03\"><\/div>\n\t\t\t\t<div class=\"blockG\" id=\"rotateG_04\"><\/div>\n\t\t\t\t<div class=\"blockG\" id=\"rotateG_05\"><\/div>\n\t\t\t\t<div class=\"blockG\" id=\"rotateG_06\"><\/div>\n\t\t\t\t<div class=\"blockG\" id=\"rotateG_07\"><\/div>\n\t\t\t\t<div class=\"blockG\" id=\"rotateG_08\"><\/div>\n\t\t\t<\/div>\n\t\t\t<div class=\"WooZone-cross-sell-loader-text\"><\/div>\n\t\t<\/div>\n\t<\/div>\n\n\t\t\n<\/div>\n<div style=\"clear:both;\"><\/div><\/p>\n","protected":false},"excerpt":{"rendered":"<p>Niedrigere Kosten und h\u00f6here Ertr\u00e4ge: In unserer 600w Pflanzenlampe sind 588 der neuesten SMD-LEDs verbaut, dadurch wird hohe Energieeffizienz mit 2,7 umol\/J erzeugt. Der Verbraucht betr\u00e4gt 80 W, Max 2.0g\/W.Perfekt f\u00fcr eine Fl\u00e4che von 3 x 3 ft in der Wachstumsphase und 2 x 2 ft in der Bl\u00fctezeit<br \/>\nVollspektrum-LED-Wachstumslicht: Unsere Anlage z\u00fcchtet Wachstumslampe mit Vollspektrum-Wei\u00df, Blau, Rot, UV und IR (3000 K, 5000 K, 660 nm, UV 395 nm und IR 760 nm). 3000K-Dioden liefern mehr r\u00f6tliches Licht und die 5000K-Dioden mehr bl\u00e4uliches Licht. 660 nm rotes und IR-Licht ist besonders n\u00fctzlich w\u00e4hrend der Bl\u00fcte, wo es die Bl\u00fctezeit beschleunigt und die Ertr\u00e4ge erh\u00f6ht. Perfekt f\u00fcr Keimung, Wachstum, Bl\u00fcte und Ernte<br \/>\nDimmbare und st\u00e4rkeres K\u00fchlsystem: Ein zus\u00e4tzlicher Dimmerknopf regelt die Helligkeit des gesamten LED Grow Lampe und erm\u00f6glicht so Flexibilit\u00e4t, um f\u00fcr jede Wachstumsphase eine perfekte Wachstumsleistung zu erzielen. Sie k\u00f6nnen auch jedes Licht unabh\u00e4ngig dimmen.der extra gro\u00dfe L\u00fcfter halten die Dioden k\u00fchl. Mit 1 eingebauten Bass Hochgeschwindigkeitsl\u00fcftern und mehreren L\u00fcftungsschlitzen, die schnell W\u00e4rme ableiten und verhindern,dass die led grow light Gl\u00fchbirne \u00fcberhitzt und besch\u00e4digt wird<\/p>\n","protected":false},"featured_media":86691,"comment_status":"open","ping_status":"closed","template":"","meta":[],"product_brand":[],"product_cat":[2108],"product_tag":[],"class_list":{"0":"post-86690","1":"product","2":"type-product","3":"status-publish","4":"has-post-thumbnail","6":"product_cat-beleuchtung","7":"pa_brand-cokolila","8":"pa_manufacturer-cokolila","10":"first","11":"instock","12":"shipping-taxable","13":"purchasable","14":"product-type-simple","15":"customify-col","16":"product-has-gallery"},"yoast_head":"<!-- This site is optimized with the Yoast SEO plugin v27.4 - https:\/\/yoast.com\/product\/yoast-seo-wordpress\/ -->\n<title>COKOLILA Dimmbarer Led Grow Lampe,600w LED Pflanzenlampe Vollspektrum mit 588pcs SMD Leds, UV &amp; IR Dasiy Chain Funktion\u2026 - Markt-XXL<\/title>\n<meta name=\"description\" content=\"Markt-XXL COKOLILA Dimmbarer Led Grow Lampe,600w LED Pflanzenlampe Vollspektrum mit 588pcs SMD Leds, UV &amp; IR Dasiy Chain Funktion\u2026\" \/>\n<meta name=\"robots\" content=\"index, follow, max-snippet:-1, max-image-preview:large, max-video-preview:-1\" \/>\n<link rel=\"canonical\" href=\"https:\/\/marktxxl.de\/markt\/produkt\/cokolila-dimmbarer-led-grow-lampe600w-led-pflanzenlampe-vollspektrum-mit-588pcs-smd-leds-uv-ir-dasiy-chain-funktion-grow-light-fuer-zimmerpflanzen-gemuese-blume\/\" \/>\n<meta property=\"og:locale\" content=\"de_DE\" \/>\n<meta property=\"og:type\" content=\"article\" \/>\n<meta property=\"og:title\" content=\"COKOLILA Dimmbarer Led Grow Lampe,600w LED Pflanzenlampe Vollspektrum mit 588pcs SMD Leds, UV &amp; IR Dasiy Chain Funktion\u2026 - Markt-XXL\" \/>\n<meta property=\"og:description\" content=\"Markt-XXL COKOLILA Dimmbarer Led Grow Lampe,600w LED Pflanzenlampe Vollspektrum mit 588pcs SMD Leds, UV &amp; IR Dasiy Chain Funktion\u2026\" \/>\n<meta property=\"og:url\" content=\"https:\/\/marktxxl.de\/markt\/produkt\/cokolila-dimmbarer-led-grow-lampe600w-led-pflanzenlampe-vollspektrum-mit-588pcs-smd-leds-uv-ir-dasiy-chain-funktion-grow-light-fuer-zimmerpflanzen-gemuese-blume\/\" \/>\n<meta property=\"og:site_name\" content=\"Markt-XXL\" \/>\n<meta property=\"article:modified_time\" content=\"2023-04-09T00:40:13+00:00\" \/>\n<meta property=\"og:image\" content=\"https:\/\/m.media-amazon.com\/images\/I\/41wSYkR0N3S._SL500_.jpg\" \/>\n\t<meta property=\"og:image:width\" content=\"500\" \/>\n\t<meta property=\"og:image:height\" content=\"500\" \/>\n\t<meta property=\"og:image:type\" content=\"image\/jpeg\" \/>\n<meta name=\"twitter:card\" content=\"summary_large_image\" \/>\n<meta name=\"twitter:label1\" content=\"Gesch\u00e4tzte Lesezeit\" \/>\n\t<meta name=\"twitter:data1\" content=\"2\u00a0Minuten\" \/>\n<script type=\"application\/ld+json\" class=\"yoast-schema-graph\">{\"@context\":\"https:\\\/\\\/schema.org\",\"@graph\":[{\"@type\":\"WebPage\",\"@id\":\"https:\\\/\\\/marktxxl.de\\\/markt\\\/produkt\\\/cokolila-dimmbarer-led-grow-lampe600w-led-pflanzenlampe-vollspektrum-mit-588pcs-smd-leds-uv-ir-dasiy-chain-funktion-grow-light-fuer-zimmerpflanzen-gemuese-blume\\\/\",\"url\":\"https:\\\/\\\/marktxxl.de\\\/markt\\\/produkt\\\/cokolila-dimmbarer-led-grow-lampe600w-led-pflanzenlampe-vollspektrum-mit-588pcs-smd-leds-uv-ir-dasiy-chain-funktion-grow-light-fuer-zimmerpflanzen-gemuese-blume\\\/\",\"name\":\"COKOLILA Dimmbarer Led Grow Lampe,600w LED Pflanzenlampe Vollspektrum mit 588pcs SMD Leds, UV &amp; IR Dasiy Chain Funktion\u2026 - Markt-XXL\",\"isPartOf\":{\"@id\":\"https:\\\/\\\/marktxxl.de\\\/markt\\\/#website\"},\"primaryImageOfPage\":{\"@id\":\"https:\\\/\\\/marktxxl.de\\\/markt\\\/produkt\\\/cokolila-dimmbarer-led-grow-lampe600w-led-pflanzenlampe-vollspektrum-mit-588pcs-smd-leds-uv-ir-dasiy-chain-funktion-grow-light-fuer-zimmerpflanzen-gemuese-blume\\\/#primaryimage\"},\"image\":{\"@id\":\"https:\\\/\\\/marktxxl.de\\\/markt\\\/produkt\\\/cokolila-dimmbarer-led-grow-lampe600w-led-pflanzenlampe-vollspektrum-mit-588pcs-smd-leds-uv-ir-dasiy-chain-funktion-grow-light-fuer-zimmerpflanzen-gemuese-blume\\\/#primaryimage\"},\"thumbnailUrl\":\"https:\\\/\\\/m.media-amazon.com\\\/images\\\/I\\\/41wSYkR0N3S._SL500_.jpg\",\"datePublished\":\"2021-12-28T15:24:25+00:00\",\"dateModified\":\"2023-04-09T00:40:13+00:00\",\"description\":\"Markt-XXL COKOLILA Dimmbarer Led Grow Lampe,600w LED Pflanzenlampe Vollspektrum mit 588pcs SMD Leds, UV &amp; IR Dasiy Chain Funktion\u2026\",\"breadcrumb\":{\"@id\":\"https:\\\/\\\/marktxxl.de\\\/markt\\\/produkt\\\/cokolila-dimmbarer-led-grow-lampe600w-led-pflanzenlampe-vollspektrum-mit-588pcs-smd-leds-uv-ir-dasiy-chain-funktion-grow-light-fuer-zimmerpflanzen-gemuese-blume\\\/#breadcrumb\"},\"inLanguage\":\"de\",\"potentialAction\":[{\"@type\":\"ReadAction\",\"target\":[\"https:\\\/\\\/marktxxl.de\\\/markt\\\/produkt\\\/cokolila-dimmbarer-led-grow-lampe600w-led-pflanzenlampe-vollspektrum-mit-588pcs-smd-leds-uv-ir-dasiy-chain-funktion-grow-light-fuer-zimmerpflanzen-gemuese-blume\\\/\"]}]},{\"@type\":\"ImageObject\",\"inLanguage\":\"de\",\"@id\":\"https:\\\/\\\/marktxxl.de\\\/markt\\\/produkt\\\/cokolila-dimmbarer-led-grow-lampe600w-led-pflanzenlampe-vollspektrum-mit-588pcs-smd-leds-uv-ir-dasiy-chain-funktion-grow-light-fuer-zimmerpflanzen-gemuese-blume\\\/#primaryimage\",\"url\":\"https:\\\/\\\/m.media-amazon.com\\\/images\\\/I\\\/41wSYkR0N3S._SL500_.jpg\",\"contentUrl\":\"https:\\\/\\\/m.media-amazon.com\\\/images\\\/I\\\/41wSYkR0N3S._SL500_.jpg\",\"width\":500,\"height\":500},{\"@type\":\"BreadcrumbList\",\"@id\":\"https:\\\/\\\/marktxxl.de\\\/markt\\\/produkt\\\/cokolila-dimmbarer-led-grow-lampe600w-led-pflanzenlampe-vollspektrum-mit-588pcs-smd-leds-uv-ir-dasiy-chain-funktion-grow-light-fuer-zimmerpflanzen-gemuese-blume\\\/#breadcrumb\",\"itemListElement\":[{\"@type\":\"ListItem\",\"position\":1,\"name\":\"Startseite\",\"item\":\"https:\\\/\\\/marktxxl.de\\\/markt\\\/\"},{\"@type\":\"ListItem\",\"position\":2,\"name\":\"Markt\",\"item\":\"https:\\\/\\\/marktxxl.de\\\/markt\\\/\"},{\"@type\":\"ListItem\",\"position\":3,\"name\":\"COKOLILA Dimmbarer Led Grow Lampe,600w LED Pflanzenlampe Vollspektrum mit 588pcs SMD Leds, UV &amp; IR Dasiy Chain Funktion\u2026\"}]},{\"@type\":\"WebSite\",\"@id\":\"https:\\\/\\\/marktxxl.de\\\/markt\\\/#website\",\"url\":\"https:\\\/\\\/marktxxl.de\\\/markt\\\/\",\"name\":\"Markt-XXL\",\"description\":\"Ihr Markt Online\",\"publisher\":{\"@id\":\"https:\\\/\\\/marktxxl.de\\\/markt\\\/#organization\"},\"potentialAction\":[{\"@type\":\"SearchAction\",\"target\":{\"@type\":\"EntryPoint\",\"urlTemplate\":\"https:\\\/\\\/marktxxl.de\\\/markt\\\/?s={search_term_string}\"},\"query-input\":{\"@type\":\"PropertyValueSpecification\",\"valueRequired\":true,\"valueName\":\"search_term_string\"}}],\"inLanguage\":\"de\"},{\"@type\":\"Organization\",\"@id\":\"https:\\\/\\\/marktxxl.de\\\/markt\\\/#organization\",\"name\":\"Markt-XXL\",\"url\":\"https:\\\/\\\/marktxxl.de\\\/markt\\\/\",\"logo\":{\"@type\":\"ImageObject\",\"inLanguage\":\"de\",\"@id\":\"https:\\\/\\\/marktxxl.de\\\/markt\\\/#\\\/schema\\\/logo\\\/image\\\/\",\"url\":\"https:\\\/\\\/marktxxl.de\\\/markt\\\/wp-content\\\/uploads\\\/sites\\\/3\\\/2020\\\/12\\\/logo.png\",\"contentUrl\":\"https:\\\/\\\/marktxxl.de\\\/markt\\\/wp-content\\\/uploads\\\/sites\\\/3\\\/2020\\\/12\\\/logo.png\",\"width\":200,\"height\":70,\"caption\":\"Markt-XXL\"},\"image\":{\"@id\":\"https:\\\/\\\/marktxxl.de\\\/markt\\\/#\\\/schema\\\/logo\\\/image\\\/\"}}]}<\/script>\n<!-- \/ Yoast SEO plugin. -->","yoast_head_json":{"title":"COKOLILA Dimmbarer Led Grow Lampe,600w LED Pflanzenlampe Vollspektrum mit 588pcs SMD Leds, UV &amp; IR Dasiy Chain Funktion\u2026 - Markt-XXL","description":"Markt-XXL COKOLILA Dimmbarer Led Grow Lampe,600w LED Pflanzenlampe Vollspektrum mit 588pcs SMD Leds, UV &amp; IR Dasiy Chain Funktion\u2026","robots":{"index":"index","follow":"follow","max-snippet":"max-snippet:-1","max-image-preview":"max-image-preview:large","max-video-preview":"max-video-preview:-1"},"canonical":"https:\/\/marktxxl.de\/markt\/produkt\/cokolila-dimmbarer-led-grow-lampe600w-led-pflanzenlampe-vollspektrum-mit-588pcs-smd-leds-uv-ir-dasiy-chain-funktion-grow-light-fuer-zimmerpflanzen-gemuese-blume\/","og_locale":"de_DE","og_type":"article","og_title":"COKOLILA Dimmbarer Led Grow Lampe,600w LED Pflanzenlampe Vollspektrum mit 588pcs SMD Leds, UV &amp; IR Dasiy Chain Funktion\u2026 - Markt-XXL","og_description":"Markt-XXL COKOLILA Dimmbarer Led Grow Lampe,600w LED Pflanzenlampe Vollspektrum mit 588pcs SMD Leds, UV &amp; IR Dasiy Chain Funktion\u2026","og_url":"https:\/\/marktxxl.de\/markt\/produkt\/cokolila-dimmbarer-led-grow-lampe600w-led-pflanzenlampe-vollspektrum-mit-588pcs-smd-leds-uv-ir-dasiy-chain-funktion-grow-light-fuer-zimmerpflanzen-gemuese-blume\/","og_site_name":"Markt-XXL","article_modified_time":"2023-04-09T00:40:13+00:00","og_image":[{"width":500,"height":500,"url":"https:\/\/m.media-amazon.com\/images\/I\/41wSYkR0N3S._SL500_.jpg","type":"image\/jpeg"}],"twitter_card":"summary_large_image","twitter_misc":{"Gesch\u00e4tzte Lesezeit":"2\u00a0Minuten"},"schema":{"@context":"https:\/\/schema.org","@graph":[{"@type":"WebPage","@id":"https:\/\/marktxxl.de\/markt\/produkt\/cokolila-dimmbarer-led-grow-lampe600w-led-pflanzenlampe-vollspektrum-mit-588pcs-smd-leds-uv-ir-dasiy-chain-funktion-grow-light-fuer-zimmerpflanzen-gemuese-blume\/","url":"https:\/\/marktxxl.de\/markt\/produkt\/cokolila-dimmbarer-led-grow-lampe600w-led-pflanzenlampe-vollspektrum-mit-588pcs-smd-leds-uv-ir-dasiy-chain-funktion-grow-light-fuer-zimmerpflanzen-gemuese-blume\/","name":"COKOLILA Dimmbarer Led Grow Lampe,600w LED Pflanzenlampe Vollspektrum mit 588pcs SMD Leds, UV &amp; IR Dasiy Chain Funktion\u2026 - Markt-XXL","isPartOf":{"@id":"https:\/\/marktxxl.de\/markt\/#website"},"primaryImageOfPage":{"@id":"https:\/\/marktxxl.de\/markt\/produkt\/cokolila-dimmbarer-led-grow-lampe600w-led-pflanzenlampe-vollspektrum-mit-588pcs-smd-leds-uv-ir-dasiy-chain-funktion-grow-light-fuer-zimmerpflanzen-gemuese-blume\/#primaryimage"},"image":{"@id":"https:\/\/marktxxl.de\/markt\/produkt\/cokolila-dimmbarer-led-grow-lampe600w-led-pflanzenlampe-vollspektrum-mit-588pcs-smd-leds-uv-ir-dasiy-chain-funktion-grow-light-fuer-zimmerpflanzen-gemuese-blume\/#primaryimage"},"thumbnailUrl":"https:\/\/m.media-amazon.com\/images\/I\/41wSYkR0N3S._SL500_.jpg","datePublished":"2021-12-28T15:24:25+00:00","dateModified":"2023-04-09T00:40:13+00:00","description":"Markt-XXL COKOLILA Dimmbarer Led Grow Lampe,600w LED Pflanzenlampe Vollspektrum mit 588pcs SMD Leds, UV &amp; IR Dasiy Chain Funktion\u2026","breadcrumb":{"@id":"https:\/\/marktxxl.de\/markt\/produkt\/cokolila-dimmbarer-led-grow-lampe600w-led-pflanzenlampe-vollspektrum-mit-588pcs-smd-leds-uv-ir-dasiy-chain-funktion-grow-light-fuer-zimmerpflanzen-gemuese-blume\/#breadcrumb"},"inLanguage":"de","potentialAction":[{"@type":"ReadAction","target":["https:\/\/marktxxl.de\/markt\/produkt\/cokolila-dimmbarer-led-grow-lampe600w-led-pflanzenlampe-vollspektrum-mit-588pcs-smd-leds-uv-ir-dasiy-chain-funktion-grow-light-fuer-zimmerpflanzen-gemuese-blume\/"]}]},{"@type":"ImageObject","inLanguage":"de","@id":"https:\/\/marktxxl.de\/markt\/produkt\/cokolila-dimmbarer-led-grow-lampe600w-led-pflanzenlampe-vollspektrum-mit-588pcs-smd-leds-uv-ir-dasiy-chain-funktion-grow-light-fuer-zimmerpflanzen-gemuese-blume\/#primaryimage","url":"https:\/\/m.media-amazon.com\/images\/I\/41wSYkR0N3S._SL500_.jpg","contentUrl":"https:\/\/m.media-amazon.com\/images\/I\/41wSYkR0N3S._SL500_.jpg","width":500,"height":500},{"@type":"BreadcrumbList","@id":"https:\/\/marktxxl.de\/markt\/produkt\/cokolila-dimmbarer-led-grow-lampe600w-led-pflanzenlampe-vollspektrum-mit-588pcs-smd-leds-uv-ir-dasiy-chain-funktion-grow-light-fuer-zimmerpflanzen-gemuese-blume\/#breadcrumb","itemListElement":[{"@type":"ListItem","position":1,"name":"Startseite","item":"https:\/\/marktxxl.de\/markt\/"},{"@type":"ListItem","position":2,"name":"Markt","item":"https:\/\/marktxxl.de\/markt\/"},{"@type":"ListItem","position":3,"name":"COKOLILA Dimmbarer Led Grow Lampe,600w LED Pflanzenlampe Vollspektrum mit 588pcs SMD Leds, UV &amp; IR Dasiy Chain Funktion\u2026"}]},{"@type":"WebSite","@id":"https:\/\/marktxxl.de\/markt\/#website","url":"https:\/\/marktxxl.de\/markt\/","name":"Markt-XXL","description":"Ihr Markt Online","publisher":{"@id":"https:\/\/marktxxl.de\/markt\/#organization"},"potentialAction":[{"@type":"SearchAction","target":{"@type":"EntryPoint","urlTemplate":"https:\/\/marktxxl.de\/markt\/?s={search_term_string}"},"query-input":{"@type":"PropertyValueSpecification","valueRequired":true,"valueName":"search_term_string"}}],"inLanguage":"de"},{"@type":"Organization","@id":"https:\/\/marktxxl.de\/markt\/#organization","name":"Markt-XXL","url":"https:\/\/marktxxl.de\/markt\/","logo":{"@type":"ImageObject","inLanguage":"de","@id":"https:\/\/marktxxl.de\/markt\/#\/schema\/logo\/image\/","url":"https:\/\/marktxxl.de\/markt\/wp-content\/uploads\/sites\/3\/2020\/12\/logo.png","contentUrl":"https:\/\/marktxxl.de\/markt\/wp-content\/uploads\/sites\/3\/2020\/12\/logo.png","width":200,"height":70,"caption":"Markt-XXL"},"image":{"@id":"https:\/\/marktxxl.de\/markt\/#\/schema\/logo\/image\/"}}]}},"_links":{"self":[{"href":"https:\/\/marktxxl.de\/markt\/wp-json\/wp\/v2\/product\/86690","targetHints":{"allow":["GET"]}}],"collection":[{"href":"https:\/\/marktxxl.de\/markt\/wp-json\/wp\/v2\/product"}],"about":[{"href":"https:\/\/marktxxl.de\/markt\/wp-json\/wp\/v2\/types\/product"}],"replies":[{"embeddable":true,"href":"https:\/\/marktxxl.de\/markt\/wp-json\/wp\/v2\/comments?post=86690"}],"wp:featuredmedia":[{"embeddable":true,"href":"https:\/\/marktxxl.de\/markt\/wp-json\/wp\/v2\/media\/86691"}],"wp:attachment":[{"href":"https:\/\/marktxxl.de\/markt\/wp-json\/wp\/v2\/media?parent=86690"}],"wp:term":[{"taxonomy":"product_brand","embeddable":true,"href":"https:\/\/marktxxl.de\/markt\/wp-json\/wp\/v2\/product_brand?post=86690"},{"taxonomy":"product_cat","embeddable":true,"href":"https:\/\/marktxxl.de\/markt\/wp-json\/wp\/v2\/product_cat?post=86690"},{"taxonomy":"product_tag","embeddable":true,"href":"https:\/\/marktxxl.de\/markt\/wp-json\/wp\/v2\/product_tag?post=86690"}],"curies":[{"name":"wp","href":"https:\/\/api.w.org\/{rel}","templated":true}]}}