{"id":86577,"date":"2021-12-28T16:00:36","date_gmt":"2021-12-28T15:00:36","guid":{"rendered":"https:\/\/marktxxl.de\/markt\/produkt\/gaya-cosmetics-vegan-wimperntusche-mascara-wimpernverlaengerung-fuer-augen-schminken-zur-visuellen-verlaengerung-natuerlicher-wimpern\/"},"modified":"2023-04-09T02:39:34","modified_gmt":"2023-04-09T00:39:34","slug":"gaya-cosmetics-vegan-wimperntusche-mascara-wimpernverlaengerung-fuer-augen-schminken-zur-visuellen-verlaengerung-natuerlicher-wimpern","status":"publish","type":"product","link":"https:\/\/marktxxl.de\/markt\/produkt\/gaya-cosmetics-vegan-wimperntusche-mascara-wimpernverlaengerung-fuer-augen-schminken-zur-visuellen-verlaengerung-natuerlicher-wimpern\/","title":{"rendered":"Gaya Cosmetics Vegan Wimperntusche Mascara &#8211; Wimpernverl\u00e4ngerung f\u00fcr Augen Schminken zur visuellen Verl\u00e4ngerung\u2026"},"content":{"rendered":"<p>Vegane Wimperntusche Make up schwarz oder blau zum Verl\u00e4ngern von Wimpern, einzeln definierte Lash Extension und Volumen! Separiert und verl\u00e4ngert Augenwimpern f\u00fcr einen verf\u00fchrerischen intensiven Look<br \/>\nTiefe Pigment Farbe hohe Deckkraft &#8211; F\u00fcr sexy, sanfte, lange Wimpern, mit einem einfachen Strich l\u00e4nger und deckend. Einfaches Auftragen und Entfernen der Mascara zum Schutz und Pflege der Wimpern<br \/>\nEinzigartig unique geformte k\u00fcnstliche Silikon Applikator B\u00fcrste Brush gibt Ihnen einfach die gew\u00fcnschte L\u00e4nge und perfekte Lashes mit tollem Schwung. Kein Verschmieren und Verkleben oder Clump Klumpen der Schminke<br \/>\nKeine schwarzen oder blauen Flecken unter den Augen. Die einzigartige reiche Formel ist long anhaltend und br\u00f6ckelt nicht. Sanft zu den Wimpern. Beugt Wimpernverlust vor. F\u00fcr dichte, volle volume Wimpern<br \/>\nF\u00fcr einen professional dramatischen, sinnlichen, nat\u00fcrlichen und sexy Look! F\u00fcr Kontaktlinsen Tr\u00e4ger und empfindliche sensitive sensitiv Eyes geeignet. Ohne Tierversuche<br \/>\n<div class=\"main-cross-sell\" data-asin=\"B07BZZSPM8\">\n\n\t<div class=\"WooZone-cross-sell-loader\">\n\t\t<div>\n\t\t\t<div id=\"floatingBarsG\">\n\t\t\t\t<div class=\"blockG\" id=\"rotateG_01\"><\/div>\n\t\t\t\t<div class=\"blockG\" id=\"rotateG_02\"><\/div>\n\t\t\t\t<div class=\"blockG\" id=\"rotateG_03\"><\/div>\n\t\t\t\t<div class=\"blockG\" id=\"rotateG_04\"><\/div>\n\t\t\t\t<div class=\"blockG\" id=\"rotateG_05\"><\/div>\n\t\t\t\t<div class=\"blockG\" id=\"rotateG_06\"><\/div>\n\t\t\t\t<div class=\"blockG\" id=\"rotateG_07\"><\/div>\n\t\t\t\t<div class=\"blockG\" id=\"rotateG_08\"><\/div>\n\t\t\t<\/div>\n\t\t\t<div class=\"WooZone-cross-sell-loader-text\"><\/div>\n\t\t<\/div>\n\t<\/div>\n\n\t\t\n<\/div>\n<div style=\"clear:both;\"><\/div><\/p>\n","protected":false},"excerpt":{"rendered":"<p>Vegane Wimperntusche Make up schwarz oder blau zum Verl\u00e4ngern von Wimpern, einzeln definierte Lash Extension und Volumen! Separiert und verl\u00e4ngert Augenwimpern f\u00fcr einen verf\u00fchrerischen intensiven Look<br \/>\nTiefe Pigment Farbe hohe Deckkraft &#8211; F\u00fcr sexy, sanfte, lange Wimpern, mit einem einfachen Strich l\u00e4nger und deckend. Einfaches Auftragen und Entfernen der Mascara zum Schutz und Pflege der Wimpern<br \/>\nEinzigartig unique geformte k\u00fcnstliche Silikon Applikator B\u00fcrste Brush gibt Ihnen einfach die gew\u00fcnschte L\u00e4nge und perfekte Lashes mit tollem Schwung. Kein Verschmieren und Verkleben oder Clump Klumpen der Schminke<\/p>\n","protected":false},"featured_media":86578,"comment_status":"open","ping_status":"closed","template":"","meta":[],"product_brand":[],"product_cat":[2858,7575],"product_tag":[],"class_list":{"0":"post-86577","1":"product","2":"type-product","3":"status-publish","4":"has-post-thumbnail","6":"product_cat-beauty","7":"product_cat-make-up","8":"pa_brand-gaya-cosmetics","9":"pa_manufacturer-gaya-cosmetics","11":"first","12":"instock","13":"shipping-taxable","14":"purchasable","15":"product-type-simple","16":"customify-col","17":"product-has-gallery"},"yoast_head":"<!-- This site is optimized with the Yoast SEO plugin v27.4 - https:\/\/yoast.com\/product\/yoast-seo-wordpress\/ -->\n<title>Gaya Cosmetics Vegan Wimperntusche Mascara - Wimpernverl\u00e4ngerung f\u00fcr Augen Schminken zur visuellen Verl\u00e4ngerung\u2026 - Markt-XXL<\/title>\n<meta name=\"description\" content=\"Markt-XXL Gaya Cosmetics Vegan Wimperntusche Mascara - Wimpernverl\u00e4ngerung f\u00fcr Augen Schminken zur visuellen Verl\u00e4ngerung\u2026\" \/>\n<meta name=\"robots\" content=\"index, follow, max-snippet:-1, max-image-preview:large, max-video-preview:-1\" \/>\n<link rel=\"canonical\" href=\"https:\/\/marktxxl.de\/markt\/produkt\/gaya-cosmetics-vegan-wimperntusche-mascara-wimpernverlaengerung-fuer-augen-schminken-zur-visuellen-verlaengerung-natuerlicher-wimpern\/\" \/>\n<meta property=\"og:locale\" content=\"de_DE\" \/>\n<meta property=\"og:type\" content=\"article\" \/>\n<meta property=\"og:title\" content=\"Gaya Cosmetics Vegan Wimperntusche Mascara - Wimpernverl\u00e4ngerung f\u00fcr Augen Schminken zur visuellen Verl\u00e4ngerung\u2026 - Markt-XXL\" \/>\n<meta property=\"og:description\" content=\"Markt-XXL Gaya Cosmetics Vegan Wimperntusche Mascara - Wimpernverl\u00e4ngerung f\u00fcr Augen Schminken zur visuellen Verl\u00e4ngerung\u2026\" \/>\n<meta property=\"og:url\" content=\"https:\/\/marktxxl.de\/markt\/produkt\/gaya-cosmetics-vegan-wimperntusche-mascara-wimpernverlaengerung-fuer-augen-schminken-zur-visuellen-verlaengerung-natuerlicher-wimpern\/\" \/>\n<meta property=\"og:site_name\" content=\"Markt-XXL\" \/>\n<meta property=\"article:modified_time\" content=\"2023-04-09T00:39:34+00:00\" \/>\n<meta property=\"og:image\" content=\"https:\/\/m.media-amazon.com\/images\/I\/411CqJ6z3qL._SL500_.jpg\" \/>\n\t<meta property=\"og:image:width\" content=\"500\" \/>\n\t<meta property=\"og:image:height\" content=\"500\" \/>\n\t<meta property=\"og:image:type\" content=\"image\/jpeg\" \/>\n<meta name=\"twitter:card\" content=\"summary_large_image\" \/>\n<meta name=\"twitter:label1\" content=\"Gesch\u00e4tzte Lesezeit\" \/>\n\t<meta name=\"twitter:data1\" content=\"1\u00a0Minute\" \/>\n<script type=\"application\/ld+json\" class=\"yoast-schema-graph\">{\"@context\":\"https:\\\/\\\/schema.org\",\"@graph\":[{\"@type\":\"WebPage\",\"@id\":\"https:\\\/\\\/marktxxl.de\\\/markt\\\/produkt\\\/gaya-cosmetics-vegan-wimperntusche-mascara-wimpernverlaengerung-fuer-augen-schminken-zur-visuellen-verlaengerung-natuerlicher-wimpern\\\/\",\"url\":\"https:\\\/\\\/marktxxl.de\\\/markt\\\/produkt\\\/gaya-cosmetics-vegan-wimperntusche-mascara-wimpernverlaengerung-fuer-augen-schminken-zur-visuellen-verlaengerung-natuerlicher-wimpern\\\/\",\"name\":\"Gaya Cosmetics Vegan Wimperntusche Mascara - Wimpernverl\u00e4ngerung f\u00fcr Augen Schminken zur visuellen Verl\u00e4ngerung\u2026 - Markt-XXL\",\"isPartOf\":{\"@id\":\"https:\\\/\\\/marktxxl.de\\\/markt\\\/#website\"},\"primaryImageOfPage\":{\"@id\":\"https:\\\/\\\/marktxxl.de\\\/markt\\\/produkt\\\/gaya-cosmetics-vegan-wimperntusche-mascara-wimpernverlaengerung-fuer-augen-schminken-zur-visuellen-verlaengerung-natuerlicher-wimpern\\\/#primaryimage\"},\"image\":{\"@id\":\"https:\\\/\\\/marktxxl.de\\\/markt\\\/produkt\\\/gaya-cosmetics-vegan-wimperntusche-mascara-wimpernverlaengerung-fuer-augen-schminken-zur-visuellen-verlaengerung-natuerlicher-wimpern\\\/#primaryimage\"},\"thumbnailUrl\":\"https:\\\/\\\/m.media-amazon.com\\\/images\\\/I\\\/411CqJ6z3qL._SL500_.jpg\",\"datePublished\":\"2021-12-28T15:00:36+00:00\",\"dateModified\":\"2023-04-09T00:39:34+00:00\",\"description\":\"Markt-XXL Gaya Cosmetics Vegan Wimperntusche Mascara - Wimpernverl\u00e4ngerung f\u00fcr Augen Schminken zur visuellen Verl\u00e4ngerung\u2026\",\"breadcrumb\":{\"@id\":\"https:\\\/\\\/marktxxl.de\\\/markt\\\/produkt\\\/gaya-cosmetics-vegan-wimperntusche-mascara-wimpernverlaengerung-fuer-augen-schminken-zur-visuellen-verlaengerung-natuerlicher-wimpern\\\/#breadcrumb\"},\"inLanguage\":\"de\",\"potentialAction\":[{\"@type\":\"ReadAction\",\"target\":[\"https:\\\/\\\/marktxxl.de\\\/markt\\\/produkt\\\/gaya-cosmetics-vegan-wimperntusche-mascara-wimpernverlaengerung-fuer-augen-schminken-zur-visuellen-verlaengerung-natuerlicher-wimpern\\\/\"]}]},{\"@type\":\"ImageObject\",\"inLanguage\":\"de\",\"@id\":\"https:\\\/\\\/marktxxl.de\\\/markt\\\/produkt\\\/gaya-cosmetics-vegan-wimperntusche-mascara-wimpernverlaengerung-fuer-augen-schminken-zur-visuellen-verlaengerung-natuerlicher-wimpern\\\/#primaryimage\",\"url\":\"https:\\\/\\\/m.media-amazon.com\\\/images\\\/I\\\/411CqJ6z3qL._SL500_.jpg\",\"contentUrl\":\"https:\\\/\\\/m.media-amazon.com\\\/images\\\/I\\\/411CqJ6z3qL._SL500_.jpg\",\"width\":500,\"height\":500},{\"@type\":\"BreadcrumbList\",\"@id\":\"https:\\\/\\\/marktxxl.de\\\/markt\\\/produkt\\\/gaya-cosmetics-vegan-wimperntusche-mascara-wimpernverlaengerung-fuer-augen-schminken-zur-visuellen-verlaengerung-natuerlicher-wimpern\\\/#breadcrumb\",\"itemListElement\":[{\"@type\":\"ListItem\",\"position\":1,\"name\":\"Startseite\",\"item\":\"https:\\\/\\\/marktxxl.de\\\/markt\\\/\"},{\"@type\":\"ListItem\",\"position\":2,\"name\":\"Markt\",\"item\":\"https:\\\/\\\/marktxxl.de\\\/markt\\\/\"},{\"@type\":\"ListItem\",\"position\":3,\"name\":\"Gaya Cosmetics Vegan Wimperntusche Mascara &#8211; Wimpernverl\u00e4ngerung f\u00fcr Augen Schminken zur visuellen Verl\u00e4ngerung\u2026\"}]},{\"@type\":\"WebSite\",\"@id\":\"https:\\\/\\\/marktxxl.de\\\/markt\\\/#website\",\"url\":\"https:\\\/\\\/marktxxl.de\\\/markt\\\/\",\"name\":\"Markt-XXL\",\"description\":\"Ihr Markt Online\",\"publisher\":{\"@id\":\"https:\\\/\\\/marktxxl.de\\\/markt\\\/#organization\"},\"potentialAction\":[{\"@type\":\"SearchAction\",\"target\":{\"@type\":\"EntryPoint\",\"urlTemplate\":\"https:\\\/\\\/marktxxl.de\\\/markt\\\/?s={search_term_string}\"},\"query-input\":{\"@type\":\"PropertyValueSpecification\",\"valueRequired\":true,\"valueName\":\"search_term_string\"}}],\"inLanguage\":\"de\"},{\"@type\":\"Organization\",\"@id\":\"https:\\\/\\\/marktxxl.de\\\/markt\\\/#organization\",\"name\":\"Markt-XXL\",\"url\":\"https:\\\/\\\/marktxxl.de\\\/markt\\\/\",\"logo\":{\"@type\":\"ImageObject\",\"inLanguage\":\"de\",\"@id\":\"https:\\\/\\\/marktxxl.de\\\/markt\\\/#\\\/schema\\\/logo\\\/image\\\/\",\"url\":\"https:\\\/\\\/marktxxl.de\\\/markt\\\/wp-content\\\/uploads\\\/sites\\\/3\\\/2020\\\/12\\\/logo.png\",\"contentUrl\":\"https:\\\/\\\/marktxxl.de\\\/markt\\\/wp-content\\\/uploads\\\/sites\\\/3\\\/2020\\\/12\\\/logo.png\",\"width\":200,\"height\":70,\"caption\":\"Markt-XXL\"},\"image\":{\"@id\":\"https:\\\/\\\/marktxxl.de\\\/markt\\\/#\\\/schema\\\/logo\\\/image\\\/\"}}]}<\/script>\n<!-- \/ Yoast SEO plugin. -->","yoast_head_json":{"title":"Gaya Cosmetics Vegan Wimperntusche Mascara - Wimpernverl\u00e4ngerung f\u00fcr Augen Schminken zur visuellen Verl\u00e4ngerung\u2026 - Markt-XXL","description":"Markt-XXL Gaya Cosmetics Vegan Wimperntusche Mascara - Wimpernverl\u00e4ngerung f\u00fcr Augen Schminken zur visuellen Verl\u00e4ngerung\u2026","robots":{"index":"index","follow":"follow","max-snippet":"max-snippet:-1","max-image-preview":"max-image-preview:large","max-video-preview":"max-video-preview:-1"},"canonical":"https:\/\/marktxxl.de\/markt\/produkt\/gaya-cosmetics-vegan-wimperntusche-mascara-wimpernverlaengerung-fuer-augen-schminken-zur-visuellen-verlaengerung-natuerlicher-wimpern\/","og_locale":"de_DE","og_type":"article","og_title":"Gaya Cosmetics Vegan Wimperntusche Mascara - Wimpernverl\u00e4ngerung f\u00fcr Augen Schminken zur visuellen Verl\u00e4ngerung\u2026 - Markt-XXL","og_description":"Markt-XXL Gaya Cosmetics Vegan Wimperntusche Mascara - Wimpernverl\u00e4ngerung f\u00fcr Augen Schminken zur visuellen Verl\u00e4ngerung\u2026","og_url":"https:\/\/marktxxl.de\/markt\/produkt\/gaya-cosmetics-vegan-wimperntusche-mascara-wimpernverlaengerung-fuer-augen-schminken-zur-visuellen-verlaengerung-natuerlicher-wimpern\/","og_site_name":"Markt-XXL","article_modified_time":"2023-04-09T00:39:34+00:00","og_image":[{"width":500,"height":500,"url":"https:\/\/m.media-amazon.com\/images\/I\/411CqJ6z3qL._SL500_.jpg","type":"image\/jpeg"}],"twitter_card":"summary_large_image","twitter_misc":{"Gesch\u00e4tzte Lesezeit":"1\u00a0Minute"},"schema":{"@context":"https:\/\/schema.org","@graph":[{"@type":"WebPage","@id":"https:\/\/marktxxl.de\/markt\/produkt\/gaya-cosmetics-vegan-wimperntusche-mascara-wimpernverlaengerung-fuer-augen-schminken-zur-visuellen-verlaengerung-natuerlicher-wimpern\/","url":"https:\/\/marktxxl.de\/markt\/produkt\/gaya-cosmetics-vegan-wimperntusche-mascara-wimpernverlaengerung-fuer-augen-schminken-zur-visuellen-verlaengerung-natuerlicher-wimpern\/","name":"Gaya Cosmetics Vegan Wimperntusche Mascara - Wimpernverl\u00e4ngerung f\u00fcr Augen Schminken zur visuellen Verl\u00e4ngerung\u2026 - Markt-XXL","isPartOf":{"@id":"https:\/\/marktxxl.de\/markt\/#website"},"primaryImageOfPage":{"@id":"https:\/\/marktxxl.de\/markt\/produkt\/gaya-cosmetics-vegan-wimperntusche-mascara-wimpernverlaengerung-fuer-augen-schminken-zur-visuellen-verlaengerung-natuerlicher-wimpern\/#primaryimage"},"image":{"@id":"https:\/\/marktxxl.de\/markt\/produkt\/gaya-cosmetics-vegan-wimperntusche-mascara-wimpernverlaengerung-fuer-augen-schminken-zur-visuellen-verlaengerung-natuerlicher-wimpern\/#primaryimage"},"thumbnailUrl":"https:\/\/m.media-amazon.com\/images\/I\/411CqJ6z3qL._SL500_.jpg","datePublished":"2021-12-28T15:00:36+00:00","dateModified":"2023-04-09T00:39:34+00:00","description":"Markt-XXL Gaya Cosmetics Vegan Wimperntusche Mascara - Wimpernverl\u00e4ngerung f\u00fcr Augen Schminken zur visuellen Verl\u00e4ngerung\u2026","breadcrumb":{"@id":"https:\/\/marktxxl.de\/markt\/produkt\/gaya-cosmetics-vegan-wimperntusche-mascara-wimpernverlaengerung-fuer-augen-schminken-zur-visuellen-verlaengerung-natuerlicher-wimpern\/#breadcrumb"},"inLanguage":"de","potentialAction":[{"@type":"ReadAction","target":["https:\/\/marktxxl.de\/markt\/produkt\/gaya-cosmetics-vegan-wimperntusche-mascara-wimpernverlaengerung-fuer-augen-schminken-zur-visuellen-verlaengerung-natuerlicher-wimpern\/"]}]},{"@type":"ImageObject","inLanguage":"de","@id":"https:\/\/marktxxl.de\/markt\/produkt\/gaya-cosmetics-vegan-wimperntusche-mascara-wimpernverlaengerung-fuer-augen-schminken-zur-visuellen-verlaengerung-natuerlicher-wimpern\/#primaryimage","url":"https:\/\/m.media-amazon.com\/images\/I\/411CqJ6z3qL._SL500_.jpg","contentUrl":"https:\/\/m.media-amazon.com\/images\/I\/411CqJ6z3qL._SL500_.jpg","width":500,"height":500},{"@type":"BreadcrumbList","@id":"https:\/\/marktxxl.de\/markt\/produkt\/gaya-cosmetics-vegan-wimperntusche-mascara-wimpernverlaengerung-fuer-augen-schminken-zur-visuellen-verlaengerung-natuerlicher-wimpern\/#breadcrumb","itemListElement":[{"@type":"ListItem","position":1,"name":"Startseite","item":"https:\/\/marktxxl.de\/markt\/"},{"@type":"ListItem","position":2,"name":"Markt","item":"https:\/\/marktxxl.de\/markt\/"},{"@type":"ListItem","position":3,"name":"Gaya Cosmetics Vegan Wimperntusche Mascara &#8211; Wimpernverl\u00e4ngerung f\u00fcr Augen Schminken zur visuellen Verl\u00e4ngerung\u2026"}]},{"@type":"WebSite","@id":"https:\/\/marktxxl.de\/markt\/#website","url":"https:\/\/marktxxl.de\/markt\/","name":"Markt-XXL","description":"Ihr Markt Online","publisher":{"@id":"https:\/\/marktxxl.de\/markt\/#organization"},"potentialAction":[{"@type":"SearchAction","target":{"@type":"EntryPoint","urlTemplate":"https:\/\/marktxxl.de\/markt\/?s={search_term_string}"},"query-input":{"@type":"PropertyValueSpecification","valueRequired":true,"valueName":"search_term_string"}}],"inLanguage":"de"},{"@type":"Organization","@id":"https:\/\/marktxxl.de\/markt\/#organization","name":"Markt-XXL","url":"https:\/\/marktxxl.de\/markt\/","logo":{"@type":"ImageObject","inLanguage":"de","@id":"https:\/\/marktxxl.de\/markt\/#\/schema\/logo\/image\/","url":"https:\/\/marktxxl.de\/markt\/wp-content\/uploads\/sites\/3\/2020\/12\/logo.png","contentUrl":"https:\/\/marktxxl.de\/markt\/wp-content\/uploads\/sites\/3\/2020\/12\/logo.png","width":200,"height":70,"caption":"Markt-XXL"},"image":{"@id":"https:\/\/marktxxl.de\/markt\/#\/schema\/logo\/image\/"}}]}},"_links":{"self":[{"href":"https:\/\/marktxxl.de\/markt\/wp-json\/wp\/v2\/product\/86577","targetHints":{"allow":["GET"]}}],"collection":[{"href":"https:\/\/marktxxl.de\/markt\/wp-json\/wp\/v2\/product"}],"about":[{"href":"https:\/\/marktxxl.de\/markt\/wp-json\/wp\/v2\/types\/product"}],"replies":[{"embeddable":true,"href":"https:\/\/marktxxl.de\/markt\/wp-json\/wp\/v2\/comments?post=86577"}],"wp:featuredmedia":[{"embeddable":true,"href":"https:\/\/marktxxl.de\/markt\/wp-json\/wp\/v2\/media\/86578"}],"wp:attachment":[{"href":"https:\/\/marktxxl.de\/markt\/wp-json\/wp\/v2\/media?parent=86577"}],"wp:term":[{"taxonomy":"product_brand","embeddable":true,"href":"https:\/\/marktxxl.de\/markt\/wp-json\/wp\/v2\/product_brand?post=86577"},{"taxonomy":"product_cat","embeddable":true,"href":"https:\/\/marktxxl.de\/markt\/wp-json\/wp\/v2\/product_cat?post=86577"},{"taxonomy":"product_tag","embeddable":true,"href":"https:\/\/marktxxl.de\/markt\/wp-json\/wp\/v2\/product_tag?post=86577"}],"curies":[{"name":"wp","href":"https:\/\/api.w.org\/{rel}","templated":true}]}}