{"id":86569,"date":"2021-12-28T16:00:32","date_gmt":"2021-12-28T15:00:32","guid":{"rendered":"https:\/\/marktxxl.de\/markt\/produkt\/magnetische-wimpern-mit-eyeliner-3d-magnetic-lashes-natuerlich-magnetischer-eyeliner-extra-starker-halt-wiederverwendbare-falsche-magnetic-eyelashes-wasserdichtem-langlebigem-12-paare\/"},"modified":"2023-04-09T02:39:34","modified_gmt":"2023-04-09T00:39:34","slug":"magnetische-wimpern-mit-eyeliner-3d-magnetic-lashes-natuerlich-magnetischer-eyeliner-extra-starker-halt-wiederverwendbare-falsche-magnetic-eyelashes-wasserdichtem-langlebigem-12-paare","status":"publish","type":"product","link":"https:\/\/marktxxl.de\/markt\/produkt\/magnetische-wimpern-mit-eyeliner-3d-magnetic-lashes-natuerlich-magnetischer-eyeliner-extra-starker-halt-wiederverwendbare-falsche-magnetic-eyelashes-wasserdichtem-langlebigem-12-paare\/","title":{"rendered":"Magnetische Wimpern mit Eyeliner, 3D magnetic lashes (Nat\u00fcrlich) Magnetischer Eyeliner (Extra starker Halt\u2026"},"content":{"rendered":"<p>3D MAGNETISCHE WIMPERN &#8211; Die falschen magnetischen Wimpern erzeugen dank ihrer Magent einen 3D-Effekt. Die magnetischen falschen Wimpern nimmt die neue Version mit einem neuen unsichtbares Design an. Mit starken Magneten bleiben falsche Wimpern fest auf Ihren Augen, damit Sie gr\u00f6\u00dfer und charmanter aussehen.<br \/>\nHOCHWERTIGES MATERIAL &#8211; Falsche Wimpern nat\u00fcrlich werden aus handgefertigter Nerzwimpern hergestellt, die flexibel sind und weder Augen noch echten Wimpern schaden. Kein Klebstoff, sie reizen die Augen nicht. Leicht und ultrad\u00fcnn, schaffen Sie einen nat\u00fcrlichen, sicheren und leichten Effekt f\u00fcr den t\u00e4glichen Gebrauch.<br \/>\nEINFACH ZU TRAGEN UND WIEDERVERWENDBAR &#8211; Magnetische Wimpern sind wiederverwendbar, was wirklich spart. Mit der Pinzette k\u00f6nnen Sie sie leicht an den Augen befestigen. Die unsichtbare Magnettechnologie erm\u00f6glicht es dem Benutzer, die Wimpern nach Bedarf freizuschneiden, was mehr perfekte Erfahrung bringt.<br \/>\n2 MAGNETISCHER EYELINER &#8211; Es gibt einen leistungsstarken ultrafeinen magnetischen Partikel im fl\u00fcssigen Eyeliner ausgestattet, so die falsche Wimpern nicht leicht abzufallen und leicht sind. Magnetischer Eyeliner kann Ihre magnetischen Wimpern fest anziehen. Tragen Sie 2-3 Schichten magnetischen Eyeliner auf und warten Sie 15 Sekunden, bis er getrocknet ist, damit die Wimpern am magnetischen Eyeliner haften bleiben. Der Eyeliner ist wasserdicht und \u00f6lbest\u00e4ndig und kann ca. 8 Stunden halten.<br \/>\nT\u00c4GLICHER GEBRAUCH &#8211; Es gibt 12 Paar k\u00fcnstliche magnetische Wimpern in unserem Paket. Verschiedene Arten von Wimpern k\u00f6nnen die Bed\u00fcrfnisse verschiedener Anl\u00e4sse erf\u00fcllen. Geeignet f\u00fcr alle Gelegenheiten, z. B. Termine, Arbeit, Gro\u00dfveranstaltungen, Party usw. Sie lassen Sie zum Mittelpunkt der Aufmerksamkeit werden.<br \/>\n<div class=\"main-cross-sell\" data-asin=\"B08BYGJ87C\">\n\n\t<div class=\"WooZone-cross-sell-loader\">\n\t\t<div>\n\t\t\t<div id=\"floatingBarsG\">\n\t\t\t\t<div class=\"blockG\" id=\"rotateG_01\"><\/div>\n\t\t\t\t<div class=\"blockG\" id=\"rotateG_02\"><\/div>\n\t\t\t\t<div class=\"blockG\" id=\"rotateG_03\"><\/div>\n\t\t\t\t<div class=\"blockG\" id=\"rotateG_04\"><\/div>\n\t\t\t\t<div class=\"blockG\" id=\"rotateG_05\"><\/div>\n\t\t\t\t<div class=\"blockG\" id=\"rotateG_06\"><\/div>\n\t\t\t\t<div class=\"blockG\" id=\"rotateG_07\"><\/div>\n\t\t\t\t<div class=\"blockG\" id=\"rotateG_08\"><\/div>\n\t\t\t<\/div>\n\t\t\t<div class=\"WooZone-cross-sell-loader-text\"><\/div>\n\t\t<\/div>\n\t<\/div>\n\n\t\t\n<\/div>\n<div style=\"clear:both;\"><\/div><\/p>\n","protected":false},"excerpt":{"rendered":"<p>3D MAGNETISCHE WIMPERN &#8211; Die falschen magnetischen Wimpern erzeugen dank ihrer Magent einen 3D-Effekt. Die magnetischen falschen Wimpern nimmt die neue Version mit einem neuen unsichtbares Design an. Mit starken Magneten bleiben falsche Wimpern fest auf Ihren Augen, damit Sie gr\u00f6\u00dfer und charmanter aussehen.<br \/>\nHOCHWERTIGES MATERIAL &#8211; Falsche Wimpern nat\u00fcrlich werden aus handgefertigter Nerzwimpern hergestellt, die flexibel sind und weder Augen noch echten Wimpern schaden. Kein Klebstoff, sie reizen die Augen nicht. Leicht und ultrad\u00fcnn, schaffen Sie einen nat\u00fcrlichen, sicheren und leichten Effekt f\u00fcr den t\u00e4glichen Gebrauch.<br \/>\nEINFACH ZU TRAGEN UND WIEDERVERWENDBAR &#8211; Magnetische Wimpern sind wiederverwendbar, was wirklich spart. Mit der Pinzette k\u00f6nnen Sie sie leicht an den Augen befestigen. Die unsichtbare Magnettechnologie erm\u00f6glicht es dem Benutzer, die Wimpern nach Bedarf freizuschneiden, was mehr perfekte Erfahrung bringt.<\/p>\n","protected":false},"featured_media":86570,"comment_status":"open","ping_status":"closed","template":"","meta":[],"product_brand":[],"product_cat":[2858,7575],"product_tag":[],"class_list":{"0":"post-86569","1":"product","2":"type-product","3":"status-publish","4":"has-post-thumbnail","6":"product_cat-beauty","7":"product_cat-make-up","8":"pa_brand-sopalmy","9":"pa_manufacturer-sopalmy","10":"pa_size-1-stueck-1er-pack","12":"first","13":"instock","14":"shipping-taxable","15":"purchasable","16":"product-type-simple","17":"customify-col","18":"product-has-gallery"},"yoast_head":"<!-- This site is optimized with the Yoast SEO plugin v27.4 - https:\/\/yoast.com\/product\/yoast-seo-wordpress\/ -->\n<title>Magnetische Wimpern mit Eyeliner, 3D magnetic lashes (Nat\u00fcrlich) Magnetischer Eyeliner (Extra starker Halt\u2026 - Markt-XXL<\/title>\n<meta name=\"description\" content=\"Markt-XXL Magnetische Wimpern mit Eyeliner, 3D magnetic lashes (Nat\u00fcrlich) Magnetischer Eyeliner (Extra starker Halt\u2026\" \/>\n<meta name=\"robots\" content=\"index, follow, max-snippet:-1, max-image-preview:large, max-video-preview:-1\" \/>\n<link rel=\"canonical\" href=\"https:\/\/marktxxl.de\/markt\/produkt\/magnetische-wimpern-mit-eyeliner-3d-magnetic-lashes-natuerlich-magnetischer-eyeliner-extra-starker-halt-wiederverwendbare-falsche-magnetic-eyelashes-wasserdichtem-langlebigem-12-paare\/\" \/>\n<meta property=\"og:locale\" content=\"de_DE\" \/>\n<meta property=\"og:type\" content=\"article\" \/>\n<meta property=\"og:title\" content=\"Magnetische Wimpern mit Eyeliner, 3D magnetic lashes (Nat\u00fcrlich) Magnetischer Eyeliner (Extra starker Halt\u2026 - Markt-XXL\" \/>\n<meta property=\"og:description\" content=\"Markt-XXL Magnetische Wimpern mit Eyeliner, 3D magnetic lashes (Nat\u00fcrlich) Magnetischer Eyeliner (Extra starker Halt\u2026\" \/>\n<meta property=\"og:url\" content=\"https:\/\/marktxxl.de\/markt\/produkt\/magnetische-wimpern-mit-eyeliner-3d-magnetic-lashes-natuerlich-magnetischer-eyeliner-extra-starker-halt-wiederverwendbare-falsche-magnetic-eyelashes-wasserdichtem-langlebigem-12-paare\/\" \/>\n<meta property=\"og:site_name\" content=\"Markt-XXL\" \/>\n<meta property=\"article:modified_time\" content=\"2023-04-09T00:39:34+00:00\" \/>\n<meta property=\"og:image\" content=\"https:\/\/m.media-amazon.com\/images\/I\/518gVtL8SfL._SL500_.jpg\" \/>\n\t<meta property=\"og:image:width\" content=\"455\" \/>\n\t<meta property=\"og:image:height\" content=\"500\" \/>\n\t<meta property=\"og:image:type\" content=\"image\/jpeg\" \/>\n<meta name=\"twitter:card\" content=\"summary_large_image\" \/>\n<meta name=\"twitter:label1\" content=\"Gesch\u00e4tzte Lesezeit\" \/>\n\t<meta name=\"twitter:data1\" content=\"1\u00a0Minute\" \/>\n<script type=\"application\/ld+json\" class=\"yoast-schema-graph\">{\"@context\":\"https:\\\/\\\/schema.org\",\"@graph\":[{\"@type\":\"WebPage\",\"@id\":\"https:\\\/\\\/marktxxl.de\\\/markt\\\/produkt\\\/magnetische-wimpern-mit-eyeliner-3d-magnetic-lashes-natuerlich-magnetischer-eyeliner-extra-starker-halt-wiederverwendbare-falsche-magnetic-eyelashes-wasserdichtem-langlebigem-12-paare\\\/\",\"url\":\"https:\\\/\\\/marktxxl.de\\\/markt\\\/produkt\\\/magnetische-wimpern-mit-eyeliner-3d-magnetic-lashes-natuerlich-magnetischer-eyeliner-extra-starker-halt-wiederverwendbare-falsche-magnetic-eyelashes-wasserdichtem-langlebigem-12-paare\\\/\",\"name\":\"Magnetische Wimpern mit Eyeliner, 3D magnetic lashes (Nat\u00fcrlich) Magnetischer Eyeliner (Extra starker Halt\u2026 - Markt-XXL\",\"isPartOf\":{\"@id\":\"https:\\\/\\\/marktxxl.de\\\/markt\\\/#website\"},\"primaryImageOfPage\":{\"@id\":\"https:\\\/\\\/marktxxl.de\\\/markt\\\/produkt\\\/magnetische-wimpern-mit-eyeliner-3d-magnetic-lashes-natuerlich-magnetischer-eyeliner-extra-starker-halt-wiederverwendbare-falsche-magnetic-eyelashes-wasserdichtem-langlebigem-12-paare\\\/#primaryimage\"},\"image\":{\"@id\":\"https:\\\/\\\/marktxxl.de\\\/markt\\\/produkt\\\/magnetische-wimpern-mit-eyeliner-3d-magnetic-lashes-natuerlich-magnetischer-eyeliner-extra-starker-halt-wiederverwendbare-falsche-magnetic-eyelashes-wasserdichtem-langlebigem-12-paare\\\/#primaryimage\"},\"thumbnailUrl\":\"https:\\\/\\\/m.media-amazon.com\\\/images\\\/I\\\/518gVtL8SfL._SL500_.jpg\",\"datePublished\":\"2021-12-28T15:00:32+00:00\",\"dateModified\":\"2023-04-09T00:39:34+00:00\",\"description\":\"Markt-XXL Magnetische Wimpern mit Eyeliner, 3D magnetic lashes (Nat\u00fcrlich) Magnetischer Eyeliner (Extra starker Halt\u2026\",\"breadcrumb\":{\"@id\":\"https:\\\/\\\/marktxxl.de\\\/markt\\\/produkt\\\/magnetische-wimpern-mit-eyeliner-3d-magnetic-lashes-natuerlich-magnetischer-eyeliner-extra-starker-halt-wiederverwendbare-falsche-magnetic-eyelashes-wasserdichtem-langlebigem-12-paare\\\/#breadcrumb\"},\"inLanguage\":\"de\",\"potentialAction\":[{\"@type\":\"ReadAction\",\"target\":[\"https:\\\/\\\/marktxxl.de\\\/markt\\\/produkt\\\/magnetische-wimpern-mit-eyeliner-3d-magnetic-lashes-natuerlich-magnetischer-eyeliner-extra-starker-halt-wiederverwendbare-falsche-magnetic-eyelashes-wasserdichtem-langlebigem-12-paare\\\/\"]}]},{\"@type\":\"ImageObject\",\"inLanguage\":\"de\",\"@id\":\"https:\\\/\\\/marktxxl.de\\\/markt\\\/produkt\\\/magnetische-wimpern-mit-eyeliner-3d-magnetic-lashes-natuerlich-magnetischer-eyeliner-extra-starker-halt-wiederverwendbare-falsche-magnetic-eyelashes-wasserdichtem-langlebigem-12-paare\\\/#primaryimage\",\"url\":\"https:\\\/\\\/m.media-amazon.com\\\/images\\\/I\\\/518gVtL8SfL._SL500_.jpg\",\"contentUrl\":\"https:\\\/\\\/m.media-amazon.com\\\/images\\\/I\\\/518gVtL8SfL._SL500_.jpg\",\"width\":455,\"height\":500},{\"@type\":\"BreadcrumbList\",\"@id\":\"https:\\\/\\\/marktxxl.de\\\/markt\\\/produkt\\\/magnetische-wimpern-mit-eyeliner-3d-magnetic-lashes-natuerlich-magnetischer-eyeliner-extra-starker-halt-wiederverwendbare-falsche-magnetic-eyelashes-wasserdichtem-langlebigem-12-paare\\\/#breadcrumb\",\"itemListElement\":[{\"@type\":\"ListItem\",\"position\":1,\"name\":\"Startseite\",\"item\":\"https:\\\/\\\/marktxxl.de\\\/markt\\\/\"},{\"@type\":\"ListItem\",\"position\":2,\"name\":\"Markt\",\"item\":\"https:\\\/\\\/marktxxl.de\\\/markt\\\/\"},{\"@type\":\"ListItem\",\"position\":3,\"name\":\"Magnetische Wimpern mit Eyeliner, 3D magnetic lashes (Nat\u00fcrlich) Magnetischer Eyeliner (Extra starker Halt\u2026\"}]},{\"@type\":\"WebSite\",\"@id\":\"https:\\\/\\\/marktxxl.de\\\/markt\\\/#website\",\"url\":\"https:\\\/\\\/marktxxl.de\\\/markt\\\/\",\"name\":\"Markt-XXL\",\"description\":\"Ihr Markt Online\",\"publisher\":{\"@id\":\"https:\\\/\\\/marktxxl.de\\\/markt\\\/#organization\"},\"potentialAction\":[{\"@type\":\"SearchAction\",\"target\":{\"@type\":\"EntryPoint\",\"urlTemplate\":\"https:\\\/\\\/marktxxl.de\\\/markt\\\/?s={search_term_string}\"},\"query-input\":{\"@type\":\"PropertyValueSpecification\",\"valueRequired\":true,\"valueName\":\"search_term_string\"}}],\"inLanguage\":\"de\"},{\"@type\":\"Organization\",\"@id\":\"https:\\\/\\\/marktxxl.de\\\/markt\\\/#organization\",\"name\":\"Markt-XXL\",\"url\":\"https:\\\/\\\/marktxxl.de\\\/markt\\\/\",\"logo\":{\"@type\":\"ImageObject\",\"inLanguage\":\"de\",\"@id\":\"https:\\\/\\\/marktxxl.de\\\/markt\\\/#\\\/schema\\\/logo\\\/image\\\/\",\"url\":\"https:\\\/\\\/marktxxl.de\\\/markt\\\/wp-content\\\/uploads\\\/sites\\\/3\\\/2020\\\/12\\\/logo.png\",\"contentUrl\":\"https:\\\/\\\/marktxxl.de\\\/markt\\\/wp-content\\\/uploads\\\/sites\\\/3\\\/2020\\\/12\\\/logo.png\",\"width\":200,\"height\":70,\"caption\":\"Markt-XXL\"},\"image\":{\"@id\":\"https:\\\/\\\/marktxxl.de\\\/markt\\\/#\\\/schema\\\/logo\\\/image\\\/\"}}]}<\/script>\n<!-- \/ Yoast SEO plugin. -->","yoast_head_json":{"title":"Magnetische Wimpern mit Eyeliner, 3D magnetic lashes (Nat\u00fcrlich) Magnetischer Eyeliner (Extra starker Halt\u2026 - Markt-XXL","description":"Markt-XXL Magnetische Wimpern mit Eyeliner, 3D magnetic lashes (Nat\u00fcrlich) Magnetischer Eyeliner (Extra starker Halt\u2026","robots":{"index":"index","follow":"follow","max-snippet":"max-snippet:-1","max-image-preview":"max-image-preview:large","max-video-preview":"max-video-preview:-1"},"canonical":"https:\/\/marktxxl.de\/markt\/produkt\/magnetische-wimpern-mit-eyeliner-3d-magnetic-lashes-natuerlich-magnetischer-eyeliner-extra-starker-halt-wiederverwendbare-falsche-magnetic-eyelashes-wasserdichtem-langlebigem-12-paare\/","og_locale":"de_DE","og_type":"article","og_title":"Magnetische Wimpern mit Eyeliner, 3D magnetic lashes (Nat\u00fcrlich) Magnetischer Eyeliner (Extra starker Halt\u2026 - Markt-XXL","og_description":"Markt-XXL Magnetische Wimpern mit Eyeliner, 3D magnetic lashes (Nat\u00fcrlich) Magnetischer Eyeliner (Extra starker Halt\u2026","og_url":"https:\/\/marktxxl.de\/markt\/produkt\/magnetische-wimpern-mit-eyeliner-3d-magnetic-lashes-natuerlich-magnetischer-eyeliner-extra-starker-halt-wiederverwendbare-falsche-magnetic-eyelashes-wasserdichtem-langlebigem-12-paare\/","og_site_name":"Markt-XXL","article_modified_time":"2023-04-09T00:39:34+00:00","og_image":[{"width":455,"height":500,"url":"https:\/\/m.media-amazon.com\/images\/I\/518gVtL8SfL._SL500_.jpg","type":"image\/jpeg"}],"twitter_card":"summary_large_image","twitter_misc":{"Gesch\u00e4tzte Lesezeit":"1\u00a0Minute"},"schema":{"@context":"https:\/\/schema.org","@graph":[{"@type":"WebPage","@id":"https:\/\/marktxxl.de\/markt\/produkt\/magnetische-wimpern-mit-eyeliner-3d-magnetic-lashes-natuerlich-magnetischer-eyeliner-extra-starker-halt-wiederverwendbare-falsche-magnetic-eyelashes-wasserdichtem-langlebigem-12-paare\/","url":"https:\/\/marktxxl.de\/markt\/produkt\/magnetische-wimpern-mit-eyeliner-3d-magnetic-lashes-natuerlich-magnetischer-eyeliner-extra-starker-halt-wiederverwendbare-falsche-magnetic-eyelashes-wasserdichtem-langlebigem-12-paare\/","name":"Magnetische Wimpern mit Eyeliner, 3D magnetic lashes (Nat\u00fcrlich) Magnetischer Eyeliner (Extra starker Halt\u2026 - Markt-XXL","isPartOf":{"@id":"https:\/\/marktxxl.de\/markt\/#website"},"primaryImageOfPage":{"@id":"https:\/\/marktxxl.de\/markt\/produkt\/magnetische-wimpern-mit-eyeliner-3d-magnetic-lashes-natuerlich-magnetischer-eyeliner-extra-starker-halt-wiederverwendbare-falsche-magnetic-eyelashes-wasserdichtem-langlebigem-12-paare\/#primaryimage"},"image":{"@id":"https:\/\/marktxxl.de\/markt\/produkt\/magnetische-wimpern-mit-eyeliner-3d-magnetic-lashes-natuerlich-magnetischer-eyeliner-extra-starker-halt-wiederverwendbare-falsche-magnetic-eyelashes-wasserdichtem-langlebigem-12-paare\/#primaryimage"},"thumbnailUrl":"https:\/\/m.media-amazon.com\/images\/I\/518gVtL8SfL._SL500_.jpg","datePublished":"2021-12-28T15:00:32+00:00","dateModified":"2023-04-09T00:39:34+00:00","description":"Markt-XXL Magnetische Wimpern mit Eyeliner, 3D magnetic lashes (Nat\u00fcrlich) Magnetischer Eyeliner (Extra starker Halt\u2026","breadcrumb":{"@id":"https:\/\/marktxxl.de\/markt\/produkt\/magnetische-wimpern-mit-eyeliner-3d-magnetic-lashes-natuerlich-magnetischer-eyeliner-extra-starker-halt-wiederverwendbare-falsche-magnetic-eyelashes-wasserdichtem-langlebigem-12-paare\/#breadcrumb"},"inLanguage":"de","potentialAction":[{"@type":"ReadAction","target":["https:\/\/marktxxl.de\/markt\/produkt\/magnetische-wimpern-mit-eyeliner-3d-magnetic-lashes-natuerlich-magnetischer-eyeliner-extra-starker-halt-wiederverwendbare-falsche-magnetic-eyelashes-wasserdichtem-langlebigem-12-paare\/"]}]},{"@type":"ImageObject","inLanguage":"de","@id":"https:\/\/marktxxl.de\/markt\/produkt\/magnetische-wimpern-mit-eyeliner-3d-magnetic-lashes-natuerlich-magnetischer-eyeliner-extra-starker-halt-wiederverwendbare-falsche-magnetic-eyelashes-wasserdichtem-langlebigem-12-paare\/#primaryimage","url":"https:\/\/m.media-amazon.com\/images\/I\/518gVtL8SfL._SL500_.jpg","contentUrl":"https:\/\/m.media-amazon.com\/images\/I\/518gVtL8SfL._SL500_.jpg","width":455,"height":500},{"@type":"BreadcrumbList","@id":"https:\/\/marktxxl.de\/markt\/produkt\/magnetische-wimpern-mit-eyeliner-3d-magnetic-lashes-natuerlich-magnetischer-eyeliner-extra-starker-halt-wiederverwendbare-falsche-magnetic-eyelashes-wasserdichtem-langlebigem-12-paare\/#breadcrumb","itemListElement":[{"@type":"ListItem","position":1,"name":"Startseite","item":"https:\/\/marktxxl.de\/markt\/"},{"@type":"ListItem","position":2,"name":"Markt","item":"https:\/\/marktxxl.de\/markt\/"},{"@type":"ListItem","position":3,"name":"Magnetische Wimpern mit Eyeliner, 3D magnetic lashes (Nat\u00fcrlich) Magnetischer Eyeliner (Extra starker Halt\u2026"}]},{"@type":"WebSite","@id":"https:\/\/marktxxl.de\/markt\/#website","url":"https:\/\/marktxxl.de\/markt\/","name":"Markt-XXL","description":"Ihr Markt Online","publisher":{"@id":"https:\/\/marktxxl.de\/markt\/#organization"},"potentialAction":[{"@type":"SearchAction","target":{"@type":"EntryPoint","urlTemplate":"https:\/\/marktxxl.de\/markt\/?s={search_term_string}"},"query-input":{"@type":"PropertyValueSpecification","valueRequired":true,"valueName":"search_term_string"}}],"inLanguage":"de"},{"@type":"Organization","@id":"https:\/\/marktxxl.de\/markt\/#organization","name":"Markt-XXL","url":"https:\/\/marktxxl.de\/markt\/","logo":{"@type":"ImageObject","inLanguage":"de","@id":"https:\/\/marktxxl.de\/markt\/#\/schema\/logo\/image\/","url":"https:\/\/marktxxl.de\/markt\/wp-content\/uploads\/sites\/3\/2020\/12\/logo.png","contentUrl":"https:\/\/marktxxl.de\/markt\/wp-content\/uploads\/sites\/3\/2020\/12\/logo.png","width":200,"height":70,"caption":"Markt-XXL"},"image":{"@id":"https:\/\/marktxxl.de\/markt\/#\/schema\/logo\/image\/"}}]}},"_links":{"self":[{"href":"https:\/\/marktxxl.de\/markt\/wp-json\/wp\/v2\/product\/86569","targetHints":{"allow":["GET"]}}],"collection":[{"href":"https:\/\/marktxxl.de\/markt\/wp-json\/wp\/v2\/product"}],"about":[{"href":"https:\/\/marktxxl.de\/markt\/wp-json\/wp\/v2\/types\/product"}],"replies":[{"embeddable":true,"href":"https:\/\/marktxxl.de\/markt\/wp-json\/wp\/v2\/comments?post=86569"}],"wp:featuredmedia":[{"embeddable":true,"href":"https:\/\/marktxxl.de\/markt\/wp-json\/wp\/v2\/media\/86570"}],"wp:attachment":[{"href":"https:\/\/marktxxl.de\/markt\/wp-json\/wp\/v2\/media?parent=86569"}],"wp:term":[{"taxonomy":"product_brand","embeddable":true,"href":"https:\/\/marktxxl.de\/markt\/wp-json\/wp\/v2\/product_brand?post=86569"},{"taxonomy":"product_cat","embeddable":true,"href":"https:\/\/marktxxl.de\/markt\/wp-json\/wp\/v2\/product_cat?post=86569"},{"taxonomy":"product_tag","embeddable":true,"href":"https:\/\/marktxxl.de\/markt\/wp-json\/wp\/v2\/product_tag?post=86569"}],"curies":[{"name":"wp","href":"https:\/\/api.w.org\/{rel}","templated":true}]}}