{"id":86562,"date":"2021-12-28T16:00:28","date_gmt":"2021-12-28T15:00:28","guid":{"rendered":"https:\/\/marktxxl.de\/markt\/produkt\/bb-creme-cc-creme-foundation-make-up-pilz-luftkissen-fluessige-grundierung-feuchtigkeitsspendende-concealer-fuer-alle-haut-make-up-primer-langlebig-perfekte-abdeckung\/"},"modified":"2023-04-09T02:39:34","modified_gmt":"2023-04-09T00:39:34","slug":"bb-creme-cc-creme-foundation-make-up-pilz-luftkissen-fluessige-grundierung-feuchtigkeitsspendende-concealer-fuer-alle-haut-make-up-primer-langlebig-perfekte-abdeckung","status":"publish","type":"product","link":"https:\/\/marktxxl.de\/markt\/produkt\/bb-creme-cc-creme-foundation-make-up-pilz-luftkissen-fluessige-grundierung-feuchtigkeitsspendende-concealer-fuer-alle-haut-make-up-primer-langlebig-perfekte-abdeckung\/","title":{"rendered":"BB Creme CC Creme Foundation Make up Pilz Luftkissen Fl\u00fcssige Grundierung, Feuchtigkeitsspendende Concealer f\u00fcr alle\u2026"},"content":{"rendered":"<p>\u3010Leicht auftragen Make-up\u3011 kleinen Pilz Puff Stick, wenn es auf Wasser trifft, wird es gr\u00f6\u00dfer und weicher, tragbar, hautfreundlich, keine Sackgassen und der gesamte Prozess ist nicht schmutzig, einfach anzuwenden.<br \/>\n\u3010\u00d6lkontrolle und Langlebigkeit\u3011 Langlebiges Smooth Silica Bead Powder mit ausgezeichneter \u00d6lkontrolle absorbiert Schwei\u00df und Talg und sorgt f\u00fcr lang anhaltenden Tragekomfort ohne Verdunkelungseffekt. Dieses feuchtigkeitsspendende Make-up h\u00e4lt mehr als 12 Stunden und sorgt f\u00fcr eine gute \u00d6l-Wasser-Balance.<br \/>\n\u3010Hautfreundliches Design\u3011 Der hautfreundliche elastische Bionic-Film, ein weicher Bionic-Film, der gleichm\u00e4\u00dfig aus der glatten BB-Creme herausgedr\u00fcckt wird. Er hilft, Hautunreinheiten abzudecken, um einen saubereren Teint zu erzielen, der f\u00fcr alle Hauttypen und Hautt\u00f6ne geeignet ist.<br \/>\n\u3010Geeignet f\u00fcr die meisten Hauttypen.\u3011 Bedecken Sie Hautdefekte auf nat\u00fcrliche Weise, verbergen Sie feine Poren und kreieren Sie ein nat\u00fcrliches, feuchtigkeitsspendendes Make-up. Elfenbeinwei\u00df f\u00fcr helle Haut. Nat\u00fcrliche Farbe f\u00fcr mittlere, helle Haut.<br \/>\n\u3010Concealer &amp; Moisturizing\u3011Die feuchtigkeitsspendende Formel macht die BB-Creme feuchtigkeitsspendend und korrigiert Hautunebenheiten. Der perfekte kaschierende Effekt kann feine Linien und Falten auf Ihrem Gesicht verdecken und Ihren Hautstatus j\u00fcnger erscheinen lassen. Das Produkt ist fein und leicht, verstopft nicht die Poren und l\u00e4sst die Haut frei atmen.<br \/>\n<div class=\"main-cross-sell\" data-asin=\"B08DNZTML2\">\n\n\t<div class=\"WooZone-cross-sell-loader\">\n\t\t<div>\n\t\t\t<div id=\"floatingBarsG\">\n\t\t\t\t<div class=\"blockG\" id=\"rotateG_01\"><\/div>\n\t\t\t\t<div class=\"blockG\" id=\"rotateG_02\"><\/div>\n\t\t\t\t<div class=\"blockG\" id=\"rotateG_03\"><\/div>\n\t\t\t\t<div class=\"blockG\" id=\"rotateG_04\"><\/div>\n\t\t\t\t<div class=\"blockG\" id=\"rotateG_05\"><\/div>\n\t\t\t\t<div class=\"blockG\" id=\"rotateG_06\"><\/div>\n\t\t\t\t<div class=\"blockG\" id=\"rotateG_07\"><\/div>\n\t\t\t\t<div class=\"blockG\" id=\"rotateG_08\"><\/div>\n\t\t\t<\/div>\n\t\t\t<div class=\"WooZone-cross-sell-loader-text\"><\/div>\n\t\t<\/div>\n\t<\/div>\n\n\t\t\n<\/div>\n<div style=\"clear:both;\"><\/div><\/p>\n","protected":false},"excerpt":{"rendered":"<p>\u3010Leicht auftragen Make-up\u3011 kleinen Pilz Puff Stick, wenn es auf Wasser trifft, wird es gr\u00f6\u00dfer und weicher, tragbar, hautfreundlich, keine Sackgassen und der gesamte Prozess ist nicht schmutzig, einfach anzuwenden.<br \/>\n\u3010\u00d6lkontrolle und Langlebigkeit\u3011 Langlebiges Smooth Silica Bead Powder mit ausgezeichneter \u00d6lkontrolle absorbiert Schwei\u00df und Talg und sorgt f\u00fcr lang anhaltenden Tragekomfort ohne Verdunkelungseffekt. Dieses feuchtigkeitsspendende Make-up h\u00e4lt mehr als 12 Stunden und sorgt f\u00fcr eine gute \u00d6l-Wasser-Balance.<br \/>\n\u3010Hautfreundliches Design\u3011 Der hautfreundliche elastische Bionic-Film, ein weicher Bionic-Film, der gleichm\u00e4\u00dfig aus der glatten BB-Creme herausgedr\u00fcckt wird. Er hilft, Hautunreinheiten abzudecken, um einen saubereren Teint zu erzielen, der f\u00fcr alle Hauttypen und Hautt\u00f6ne geeignet ist.<\/p>\n","protected":false},"featured_media":86563,"comment_status":"open","ping_status":"closed","template":"","meta":[],"product_brand":[],"product_cat":[2858,7575],"product_tag":[],"class_list":{"0":"post-86562","1":"product","2":"type-product","3":"status-publish","4":"has-post-thumbnail","6":"product_cat-beauty","7":"product_cat-make-up","8":"pa_brand-nuonove","9":"pa_manufacturer-nuonove-store","10":"pa_size-20-g-1er-pack","11":"pa_weight-0-0440924524-pfund","13":"first","14":"instock","15":"shipping-taxable","16":"purchasable","17":"product-type-simple","18":"customify-col","19":"product-has-gallery"},"yoast_head":"<!-- This site is optimized with the Yoast SEO plugin v27.4 - https:\/\/yoast.com\/product\/yoast-seo-wordpress\/ -->\n<title>BB Creme CC Creme Foundation Make up Pilz Luftkissen Fl\u00fcssige Grundierung, Feuchtigkeitsspendende Concealer f\u00fcr alle\u2026 - Markt-XXL<\/title>\n<meta name=\"description\" content=\"Markt-XXL BB Creme CC Creme Foundation Make up Pilz Luftkissen Fl\u00fcssige Grundierung, Feuchtigkeitsspendende Concealer f\u00fcr alle\u2026\" \/>\n<meta name=\"robots\" content=\"index, follow, max-snippet:-1, max-image-preview:large, max-video-preview:-1\" \/>\n<link rel=\"canonical\" href=\"https:\/\/marktxxl.de\/markt\/produkt\/bb-creme-cc-creme-foundation-make-up-pilz-luftkissen-fluessige-grundierung-feuchtigkeitsspendende-concealer-fuer-alle-haut-make-up-primer-langlebig-perfekte-abdeckung\/\" \/>\n<meta property=\"og:locale\" content=\"de_DE\" \/>\n<meta property=\"og:type\" content=\"article\" \/>\n<meta property=\"og:title\" content=\"BB Creme CC Creme Foundation Make up Pilz Luftkissen Fl\u00fcssige Grundierung, Feuchtigkeitsspendende Concealer f\u00fcr alle\u2026 - Markt-XXL\" \/>\n<meta property=\"og:description\" content=\"Markt-XXL BB Creme CC Creme Foundation Make up Pilz Luftkissen Fl\u00fcssige Grundierung, Feuchtigkeitsspendende Concealer f\u00fcr alle\u2026\" \/>\n<meta property=\"og:url\" content=\"https:\/\/marktxxl.de\/markt\/produkt\/bb-creme-cc-creme-foundation-make-up-pilz-luftkissen-fluessige-grundierung-feuchtigkeitsspendende-concealer-fuer-alle-haut-make-up-primer-langlebig-perfekte-abdeckung\/\" \/>\n<meta property=\"og:site_name\" content=\"Markt-XXL\" \/>\n<meta property=\"article:modified_time\" content=\"2023-04-09T00:39:34+00:00\" \/>\n<meta property=\"og:image\" content=\"https:\/\/m.media-amazon.com\/images\/I\/51SO1sSOueL._SL500_.jpg\" \/>\n\t<meta property=\"og:image:width\" content=\"500\" \/>\n\t<meta property=\"og:image:height\" content=\"500\" \/>\n\t<meta property=\"og:image:type\" content=\"image\/jpeg\" \/>\n<meta name=\"twitter:card\" content=\"summary_large_image\" \/>\n<meta name=\"twitter:label1\" content=\"Gesch\u00e4tzte Lesezeit\" \/>\n\t<meta name=\"twitter:data1\" content=\"1\u00a0Minute\" \/>\n<script type=\"application\/ld+json\" class=\"yoast-schema-graph\">{\"@context\":\"https:\\\/\\\/schema.org\",\"@graph\":[{\"@type\":\"WebPage\",\"@id\":\"https:\\\/\\\/marktxxl.de\\\/markt\\\/produkt\\\/bb-creme-cc-creme-foundation-make-up-pilz-luftkissen-fluessige-grundierung-feuchtigkeitsspendende-concealer-fuer-alle-haut-make-up-primer-langlebig-perfekte-abdeckung\\\/\",\"url\":\"https:\\\/\\\/marktxxl.de\\\/markt\\\/produkt\\\/bb-creme-cc-creme-foundation-make-up-pilz-luftkissen-fluessige-grundierung-feuchtigkeitsspendende-concealer-fuer-alle-haut-make-up-primer-langlebig-perfekte-abdeckung\\\/\",\"name\":\"BB Creme CC Creme Foundation Make up Pilz Luftkissen Fl\u00fcssige Grundierung, Feuchtigkeitsspendende Concealer f\u00fcr alle\u2026 - Markt-XXL\",\"isPartOf\":{\"@id\":\"https:\\\/\\\/marktxxl.de\\\/markt\\\/#website\"},\"primaryImageOfPage\":{\"@id\":\"https:\\\/\\\/marktxxl.de\\\/markt\\\/produkt\\\/bb-creme-cc-creme-foundation-make-up-pilz-luftkissen-fluessige-grundierung-feuchtigkeitsspendende-concealer-fuer-alle-haut-make-up-primer-langlebig-perfekte-abdeckung\\\/#primaryimage\"},\"image\":{\"@id\":\"https:\\\/\\\/marktxxl.de\\\/markt\\\/produkt\\\/bb-creme-cc-creme-foundation-make-up-pilz-luftkissen-fluessige-grundierung-feuchtigkeitsspendende-concealer-fuer-alle-haut-make-up-primer-langlebig-perfekte-abdeckung\\\/#primaryimage\"},\"thumbnailUrl\":\"https:\\\/\\\/m.media-amazon.com\\\/images\\\/I\\\/51SO1sSOueL._SL500_.jpg\",\"datePublished\":\"2021-12-28T15:00:28+00:00\",\"dateModified\":\"2023-04-09T00:39:34+00:00\",\"description\":\"Markt-XXL BB Creme CC Creme Foundation Make up Pilz Luftkissen Fl\u00fcssige Grundierung, Feuchtigkeitsspendende Concealer f\u00fcr alle\u2026\",\"breadcrumb\":{\"@id\":\"https:\\\/\\\/marktxxl.de\\\/markt\\\/produkt\\\/bb-creme-cc-creme-foundation-make-up-pilz-luftkissen-fluessige-grundierung-feuchtigkeitsspendende-concealer-fuer-alle-haut-make-up-primer-langlebig-perfekte-abdeckung\\\/#breadcrumb\"},\"inLanguage\":\"de\",\"potentialAction\":[{\"@type\":\"ReadAction\",\"target\":[\"https:\\\/\\\/marktxxl.de\\\/markt\\\/produkt\\\/bb-creme-cc-creme-foundation-make-up-pilz-luftkissen-fluessige-grundierung-feuchtigkeitsspendende-concealer-fuer-alle-haut-make-up-primer-langlebig-perfekte-abdeckung\\\/\"]}]},{\"@type\":\"ImageObject\",\"inLanguage\":\"de\",\"@id\":\"https:\\\/\\\/marktxxl.de\\\/markt\\\/produkt\\\/bb-creme-cc-creme-foundation-make-up-pilz-luftkissen-fluessige-grundierung-feuchtigkeitsspendende-concealer-fuer-alle-haut-make-up-primer-langlebig-perfekte-abdeckung\\\/#primaryimage\",\"url\":\"https:\\\/\\\/m.media-amazon.com\\\/images\\\/I\\\/51SO1sSOueL._SL500_.jpg\",\"contentUrl\":\"https:\\\/\\\/m.media-amazon.com\\\/images\\\/I\\\/51SO1sSOueL._SL500_.jpg\",\"width\":500,\"height\":500},{\"@type\":\"BreadcrumbList\",\"@id\":\"https:\\\/\\\/marktxxl.de\\\/markt\\\/produkt\\\/bb-creme-cc-creme-foundation-make-up-pilz-luftkissen-fluessige-grundierung-feuchtigkeitsspendende-concealer-fuer-alle-haut-make-up-primer-langlebig-perfekte-abdeckung\\\/#breadcrumb\",\"itemListElement\":[{\"@type\":\"ListItem\",\"position\":1,\"name\":\"Startseite\",\"item\":\"https:\\\/\\\/marktxxl.de\\\/markt\\\/\"},{\"@type\":\"ListItem\",\"position\":2,\"name\":\"Markt\",\"item\":\"https:\\\/\\\/marktxxl.de\\\/markt\\\/\"},{\"@type\":\"ListItem\",\"position\":3,\"name\":\"BB Creme CC Creme Foundation Make up Pilz Luftkissen Fl\u00fcssige Grundierung, Feuchtigkeitsspendende Concealer f\u00fcr alle\u2026\"}]},{\"@type\":\"WebSite\",\"@id\":\"https:\\\/\\\/marktxxl.de\\\/markt\\\/#website\",\"url\":\"https:\\\/\\\/marktxxl.de\\\/markt\\\/\",\"name\":\"Markt-XXL\",\"description\":\"Ihr Markt Online\",\"publisher\":{\"@id\":\"https:\\\/\\\/marktxxl.de\\\/markt\\\/#organization\"},\"potentialAction\":[{\"@type\":\"SearchAction\",\"target\":{\"@type\":\"EntryPoint\",\"urlTemplate\":\"https:\\\/\\\/marktxxl.de\\\/markt\\\/?s={search_term_string}\"},\"query-input\":{\"@type\":\"PropertyValueSpecification\",\"valueRequired\":true,\"valueName\":\"search_term_string\"}}],\"inLanguage\":\"de\"},{\"@type\":\"Organization\",\"@id\":\"https:\\\/\\\/marktxxl.de\\\/markt\\\/#organization\",\"name\":\"Markt-XXL\",\"url\":\"https:\\\/\\\/marktxxl.de\\\/markt\\\/\",\"logo\":{\"@type\":\"ImageObject\",\"inLanguage\":\"de\",\"@id\":\"https:\\\/\\\/marktxxl.de\\\/markt\\\/#\\\/schema\\\/logo\\\/image\\\/\",\"url\":\"https:\\\/\\\/marktxxl.de\\\/markt\\\/wp-content\\\/uploads\\\/sites\\\/3\\\/2020\\\/12\\\/logo.png\",\"contentUrl\":\"https:\\\/\\\/marktxxl.de\\\/markt\\\/wp-content\\\/uploads\\\/sites\\\/3\\\/2020\\\/12\\\/logo.png\",\"width\":200,\"height\":70,\"caption\":\"Markt-XXL\"},\"image\":{\"@id\":\"https:\\\/\\\/marktxxl.de\\\/markt\\\/#\\\/schema\\\/logo\\\/image\\\/\"}}]}<\/script>\n<!-- \/ Yoast SEO plugin. -->","yoast_head_json":{"title":"BB Creme CC Creme Foundation Make up Pilz Luftkissen Fl\u00fcssige Grundierung, Feuchtigkeitsspendende Concealer f\u00fcr alle\u2026 - Markt-XXL","description":"Markt-XXL BB Creme CC Creme Foundation Make up Pilz Luftkissen Fl\u00fcssige Grundierung, Feuchtigkeitsspendende Concealer f\u00fcr alle\u2026","robots":{"index":"index","follow":"follow","max-snippet":"max-snippet:-1","max-image-preview":"max-image-preview:large","max-video-preview":"max-video-preview:-1"},"canonical":"https:\/\/marktxxl.de\/markt\/produkt\/bb-creme-cc-creme-foundation-make-up-pilz-luftkissen-fluessige-grundierung-feuchtigkeitsspendende-concealer-fuer-alle-haut-make-up-primer-langlebig-perfekte-abdeckung\/","og_locale":"de_DE","og_type":"article","og_title":"BB Creme CC Creme Foundation Make up Pilz Luftkissen Fl\u00fcssige Grundierung, Feuchtigkeitsspendende Concealer f\u00fcr alle\u2026 - Markt-XXL","og_description":"Markt-XXL BB Creme CC Creme Foundation Make up Pilz Luftkissen Fl\u00fcssige Grundierung, Feuchtigkeitsspendende Concealer f\u00fcr alle\u2026","og_url":"https:\/\/marktxxl.de\/markt\/produkt\/bb-creme-cc-creme-foundation-make-up-pilz-luftkissen-fluessige-grundierung-feuchtigkeitsspendende-concealer-fuer-alle-haut-make-up-primer-langlebig-perfekte-abdeckung\/","og_site_name":"Markt-XXL","article_modified_time":"2023-04-09T00:39:34+00:00","og_image":[{"width":500,"height":500,"url":"https:\/\/m.media-amazon.com\/images\/I\/51SO1sSOueL._SL500_.jpg","type":"image\/jpeg"}],"twitter_card":"summary_large_image","twitter_misc":{"Gesch\u00e4tzte Lesezeit":"1\u00a0Minute"},"schema":{"@context":"https:\/\/schema.org","@graph":[{"@type":"WebPage","@id":"https:\/\/marktxxl.de\/markt\/produkt\/bb-creme-cc-creme-foundation-make-up-pilz-luftkissen-fluessige-grundierung-feuchtigkeitsspendende-concealer-fuer-alle-haut-make-up-primer-langlebig-perfekte-abdeckung\/","url":"https:\/\/marktxxl.de\/markt\/produkt\/bb-creme-cc-creme-foundation-make-up-pilz-luftkissen-fluessige-grundierung-feuchtigkeitsspendende-concealer-fuer-alle-haut-make-up-primer-langlebig-perfekte-abdeckung\/","name":"BB Creme CC Creme Foundation Make up Pilz Luftkissen Fl\u00fcssige Grundierung, Feuchtigkeitsspendende Concealer f\u00fcr alle\u2026 - Markt-XXL","isPartOf":{"@id":"https:\/\/marktxxl.de\/markt\/#website"},"primaryImageOfPage":{"@id":"https:\/\/marktxxl.de\/markt\/produkt\/bb-creme-cc-creme-foundation-make-up-pilz-luftkissen-fluessige-grundierung-feuchtigkeitsspendende-concealer-fuer-alle-haut-make-up-primer-langlebig-perfekte-abdeckung\/#primaryimage"},"image":{"@id":"https:\/\/marktxxl.de\/markt\/produkt\/bb-creme-cc-creme-foundation-make-up-pilz-luftkissen-fluessige-grundierung-feuchtigkeitsspendende-concealer-fuer-alle-haut-make-up-primer-langlebig-perfekte-abdeckung\/#primaryimage"},"thumbnailUrl":"https:\/\/m.media-amazon.com\/images\/I\/51SO1sSOueL._SL500_.jpg","datePublished":"2021-12-28T15:00:28+00:00","dateModified":"2023-04-09T00:39:34+00:00","description":"Markt-XXL BB Creme CC Creme Foundation Make up Pilz Luftkissen Fl\u00fcssige Grundierung, Feuchtigkeitsspendende Concealer f\u00fcr alle\u2026","breadcrumb":{"@id":"https:\/\/marktxxl.de\/markt\/produkt\/bb-creme-cc-creme-foundation-make-up-pilz-luftkissen-fluessige-grundierung-feuchtigkeitsspendende-concealer-fuer-alle-haut-make-up-primer-langlebig-perfekte-abdeckung\/#breadcrumb"},"inLanguage":"de","potentialAction":[{"@type":"ReadAction","target":["https:\/\/marktxxl.de\/markt\/produkt\/bb-creme-cc-creme-foundation-make-up-pilz-luftkissen-fluessige-grundierung-feuchtigkeitsspendende-concealer-fuer-alle-haut-make-up-primer-langlebig-perfekte-abdeckung\/"]}]},{"@type":"ImageObject","inLanguage":"de","@id":"https:\/\/marktxxl.de\/markt\/produkt\/bb-creme-cc-creme-foundation-make-up-pilz-luftkissen-fluessige-grundierung-feuchtigkeitsspendende-concealer-fuer-alle-haut-make-up-primer-langlebig-perfekte-abdeckung\/#primaryimage","url":"https:\/\/m.media-amazon.com\/images\/I\/51SO1sSOueL._SL500_.jpg","contentUrl":"https:\/\/m.media-amazon.com\/images\/I\/51SO1sSOueL._SL500_.jpg","width":500,"height":500},{"@type":"BreadcrumbList","@id":"https:\/\/marktxxl.de\/markt\/produkt\/bb-creme-cc-creme-foundation-make-up-pilz-luftkissen-fluessige-grundierung-feuchtigkeitsspendende-concealer-fuer-alle-haut-make-up-primer-langlebig-perfekte-abdeckung\/#breadcrumb","itemListElement":[{"@type":"ListItem","position":1,"name":"Startseite","item":"https:\/\/marktxxl.de\/markt\/"},{"@type":"ListItem","position":2,"name":"Markt","item":"https:\/\/marktxxl.de\/markt\/"},{"@type":"ListItem","position":3,"name":"BB Creme CC Creme Foundation Make up Pilz Luftkissen Fl\u00fcssige Grundierung, Feuchtigkeitsspendende Concealer f\u00fcr alle\u2026"}]},{"@type":"WebSite","@id":"https:\/\/marktxxl.de\/markt\/#website","url":"https:\/\/marktxxl.de\/markt\/","name":"Markt-XXL","description":"Ihr Markt Online","publisher":{"@id":"https:\/\/marktxxl.de\/markt\/#organization"},"potentialAction":[{"@type":"SearchAction","target":{"@type":"EntryPoint","urlTemplate":"https:\/\/marktxxl.de\/markt\/?s={search_term_string}"},"query-input":{"@type":"PropertyValueSpecification","valueRequired":true,"valueName":"search_term_string"}}],"inLanguage":"de"},{"@type":"Organization","@id":"https:\/\/marktxxl.de\/markt\/#organization","name":"Markt-XXL","url":"https:\/\/marktxxl.de\/markt\/","logo":{"@type":"ImageObject","inLanguage":"de","@id":"https:\/\/marktxxl.de\/markt\/#\/schema\/logo\/image\/","url":"https:\/\/marktxxl.de\/markt\/wp-content\/uploads\/sites\/3\/2020\/12\/logo.png","contentUrl":"https:\/\/marktxxl.de\/markt\/wp-content\/uploads\/sites\/3\/2020\/12\/logo.png","width":200,"height":70,"caption":"Markt-XXL"},"image":{"@id":"https:\/\/marktxxl.de\/markt\/#\/schema\/logo\/image\/"}}]}},"_links":{"self":[{"href":"https:\/\/marktxxl.de\/markt\/wp-json\/wp\/v2\/product\/86562","targetHints":{"allow":["GET"]}}],"collection":[{"href":"https:\/\/marktxxl.de\/markt\/wp-json\/wp\/v2\/product"}],"about":[{"href":"https:\/\/marktxxl.de\/markt\/wp-json\/wp\/v2\/types\/product"}],"replies":[{"embeddable":true,"href":"https:\/\/marktxxl.de\/markt\/wp-json\/wp\/v2\/comments?post=86562"}],"wp:featuredmedia":[{"embeddable":true,"href":"https:\/\/marktxxl.de\/markt\/wp-json\/wp\/v2\/media\/86563"}],"wp:attachment":[{"href":"https:\/\/marktxxl.de\/markt\/wp-json\/wp\/v2\/media?parent=86562"}],"wp:term":[{"taxonomy":"product_brand","embeddable":true,"href":"https:\/\/marktxxl.de\/markt\/wp-json\/wp\/v2\/product_brand?post=86562"},{"taxonomy":"product_cat","embeddable":true,"href":"https:\/\/marktxxl.de\/markt\/wp-json\/wp\/v2\/product_cat?post=86562"},{"taxonomy":"product_tag","embeddable":true,"href":"https:\/\/marktxxl.de\/markt\/wp-json\/wp\/v2\/product_tag?post=86562"}],"curies":[{"name":"wp","href":"https:\/\/api.w.org\/{rel}","templated":true}]}}