{"id":86531,"date":"2021-12-28T15:57:57","date_gmt":"2021-12-28T14:57:57","guid":{"rendered":"https:\/\/marktxxl.de\/markt\/produkt\/heymkgo-make-up-pinsel-set-professionelles-kabuki-foundation-pinselset-makeup-weich-und-geruchsneutral-natuerliche-synthetische-borsten-10-stueck-2-schwaemme-kosmetiktasche-mit-marmormuster\/"},"modified":"2023-04-09T02:39:33","modified_gmt":"2023-04-09T00:39:33","slug":"heymkgo-make-up-pinsel-set-professionelles-kabuki-foundation-pinselset-makeup-weich-und-geruchsneutral-natuerliche-synthetische-borsten-10-stueck-2-schwaemme-kosmetiktasche-mit-marmormuster","status":"publish","type":"product","link":"https:\/\/marktxxl.de\/markt\/produkt\/heymkgo-make-up-pinsel-set-professionelles-kabuki-foundation-pinselset-makeup-weich-und-geruchsneutral-natuerliche-synthetische-borsten-10-stueck-2-schwaemme-kosmetiktasche-mit-marmormuster\/","title":{"rendered":"HEYMKGO Make up Pinsel Set Professionelles kabuki foundation pinselset makeup, weich und geruchsneutral, nat\u00fcrliche\u2026"},"content":{"rendered":"<p>Stilvolles Marmor-Optik: Sch\u00f6ne Marmor-Make-up-Pinsel-Sets kommen in einer Design-Marmor-Make-up-Tasche. Pr\u00e4zise Naht und Rei\u00dfverschluss aus weichem PU-Leder sind ideal f\u00fcr die Aufbewahrung oder Reisen. Der Griff mit wei\u00dfem Marmormuster ist sehr stark zu greifen und langlebig.<br \/>\nHohe Qualit\u00e4t: Die hochwertigen synthetischen Borsten sind weicher, dichter und seidiger und eignen sich perfekt zum Auftragen von Puder, Creme und fl\u00fcssigen Produkten. Die Goldr\u00f6hre hat einen hohen Glanz und eine Textur, die enge Borsten und einen Marmorgriff kombiniert, sodass sie nicht Haare verlieren.<br \/>\nProfessionelle Make-up-Pinsel-Sets: 10-teiliges Make-up-Pinsel-Set + 2 Schwamm-Puffen, verpackt in brillanten Marmorbeuteln f\u00fcr Grundierung, Rouge, Puder, Lidschatten, Augenbrauen oder Mischen, erf\u00fcllt alle Ihre grundlegenden Anwendungen von Make-up. Es ist perfekt f\u00fcr Anf\u00e4nger und professionelle Make-up-K\u00fcnstler.<br \/>\nHEYMKGO widmet sich der Herstellung von hochwertigen Make-up-Pinseln.<br \/>\nIdeal als Geschenk: Marmor-Make-up-Pinsel-Set mit Schwamm-Puff und Marmor-PU-Ledertasche, es ist perfekt f\u00fcr jeden Make-up-Liebhaber. W\u00e4hlen Sie Heymkgo, es wird das beste Geschenk f\u00fcr Familie, Freunde und Liebhaber sein.<br \/>\n<div class=\"main-cross-sell\" data-asin=\"B086VZ7H6H\">\n\n\t<div class=\"WooZone-cross-sell-loader\">\n\t\t<div>\n\t\t\t<div id=\"floatingBarsG\">\n\t\t\t\t<div class=\"blockG\" id=\"rotateG_01\"><\/div>\n\t\t\t\t<div class=\"blockG\" id=\"rotateG_02\"><\/div>\n\t\t\t\t<div class=\"blockG\" id=\"rotateG_03\"><\/div>\n\t\t\t\t<div class=\"blockG\" id=\"rotateG_04\"><\/div>\n\t\t\t\t<div class=\"blockG\" id=\"rotateG_05\"><\/div>\n\t\t\t\t<div class=\"blockG\" id=\"rotateG_06\"><\/div>\n\t\t\t\t<div class=\"blockG\" id=\"rotateG_07\"><\/div>\n\t\t\t\t<div class=\"blockG\" id=\"rotateG_08\"><\/div>\n\t\t\t<\/div>\n\t\t\t<div class=\"WooZone-cross-sell-loader-text\"><\/div>\n\t\t<\/div>\n\t<\/div>\n\n\t\t\n<\/div>\n<div style=\"clear:both;\"><\/div><\/p>\n","protected":false},"excerpt":{"rendered":"<p>Stilvolles Marmor-Optik: Sch\u00f6ne Marmor-Make-up-Pinsel-Sets kommen in einer Design-Marmor-Make-up-Tasche. Pr\u00e4zise Naht und Rei\u00dfverschluss aus weichem PU-Leder sind ideal f\u00fcr die Aufbewahrung oder Reisen. Der Griff mit wei\u00dfem Marmormuster ist sehr stark zu greifen und langlebig.<br \/>\nHohe Qualit\u00e4t: Die hochwertigen synthetischen Borsten sind weicher, dichter und seidiger und eignen sich perfekt zum Auftragen von Puder, Creme und fl\u00fcssigen Produkten. Die Goldr\u00f6hre hat einen hohen Glanz und eine Textur, die enge Borsten und einen Marmorgriff kombiniert, sodass sie nicht Haare verlieren.<br \/>\nProfessionelle Make-up-Pinsel-Sets: 10-teiliges Make-up-Pinsel-Set + 2 Schwamm-Puffen, verpackt in brillanten Marmorbeuteln f\u00fcr Grundierung, Rouge, Puder, Lidschatten, Augenbrauen oder Mischen, erf\u00fcllt alle Ihre grundlegenden Anwendungen von Make-up. Es ist perfekt f\u00fcr Anf\u00e4nger und professionelle Make-up-K\u00fcnstler.<\/p>\n","protected":false},"featured_media":86532,"comment_status":"open","ping_status":"closed","template":"","meta":[],"product_brand":[],"product_cat":[2858,7575],"product_tag":[],"class_list":{"0":"post-86531","1":"product","2":"type-product","3":"status-publish","4":"has-post-thumbnail","6":"product_cat-beauty","7":"product_cat-make-up","8":"pa_brand-heymkgo","9":"pa_color-grau","10":"pa_height-0-9448818888-zoll","11":"pa_length-8-3858267631-zoll","12":"pa_manufacturer-heymkgo","13":"pa_model-tuy70","14":"pa_size-13-stueck-1er-pack","15":"pa_weight-0-3196702799-pfund","16":"pa_width-4-9212598375-zoll","18":"first","19":"instock","20":"shipping-taxable","21":"purchasable","22":"product-type-simple","23":"customify-col","24":"product-has-gallery"},"yoast_head":"<!-- This site is optimized with the Yoast SEO plugin v27.4 - https:\/\/yoast.com\/product\/yoast-seo-wordpress\/ -->\n<title>HEYMKGO Make up Pinsel Set Professionelles kabuki foundation pinselset makeup, weich und geruchsneutral, nat\u00fcrliche\u2026 - Markt-XXL<\/title>\n<meta name=\"description\" content=\"Markt-XXL HEYMKGO Make up Pinsel Set Professionelles kabuki foundation pinselset makeup, weich und geruchsneutral, nat\u00fcrliche\u2026\" \/>\n<meta name=\"robots\" content=\"index, follow, max-snippet:-1, max-image-preview:large, max-video-preview:-1\" \/>\n<link rel=\"canonical\" href=\"https:\/\/marktxxl.de\/markt\/produkt\/heymkgo-make-up-pinsel-set-professionelles-kabuki-foundation-pinselset-makeup-weich-und-geruchsneutral-natuerliche-synthetische-borsten-10-stueck-2-schwaemme-kosmetiktasche-mit-marmormuster\/\" \/>\n<meta property=\"og:locale\" content=\"de_DE\" \/>\n<meta property=\"og:type\" content=\"article\" \/>\n<meta property=\"og:title\" content=\"HEYMKGO Make up Pinsel Set Professionelles kabuki foundation pinselset makeup, weich und geruchsneutral, nat\u00fcrliche\u2026 - Markt-XXL\" \/>\n<meta property=\"og:description\" content=\"Markt-XXL HEYMKGO Make up Pinsel Set Professionelles kabuki foundation pinselset makeup, weich und geruchsneutral, nat\u00fcrliche\u2026\" \/>\n<meta property=\"og:url\" content=\"https:\/\/marktxxl.de\/markt\/produkt\/heymkgo-make-up-pinsel-set-professionelles-kabuki-foundation-pinselset-makeup-weich-und-geruchsneutral-natuerliche-synthetische-borsten-10-stueck-2-schwaemme-kosmetiktasche-mit-marmormuster\/\" \/>\n<meta property=\"og:site_name\" content=\"Markt-XXL\" \/>\n<meta property=\"article:modified_time\" content=\"2023-04-09T00:39:33+00:00\" \/>\n<meta property=\"og:image\" content=\"https:\/\/m.media-amazon.com\/images\/I\/51S1ZQLyL-L._SL500_.jpg\" \/>\n\t<meta property=\"og:image:width\" content=\"500\" \/>\n\t<meta property=\"og:image:height\" content=\"500\" \/>\n\t<meta property=\"og:image:type\" content=\"image\/jpeg\" \/>\n<meta name=\"twitter:card\" content=\"summary_large_image\" \/>\n<meta name=\"twitter:label1\" content=\"Gesch\u00e4tzte Lesezeit\" \/>\n\t<meta name=\"twitter:data1\" content=\"1\u00a0Minute\" \/>\n<script type=\"application\/ld+json\" class=\"yoast-schema-graph\">{\"@context\":\"https:\\\/\\\/schema.org\",\"@graph\":[{\"@type\":\"WebPage\",\"@id\":\"https:\\\/\\\/marktxxl.de\\\/markt\\\/produkt\\\/heymkgo-make-up-pinsel-set-professionelles-kabuki-foundation-pinselset-makeup-weich-und-geruchsneutral-natuerliche-synthetische-borsten-10-stueck-2-schwaemme-kosmetiktasche-mit-marmormuster\\\/\",\"url\":\"https:\\\/\\\/marktxxl.de\\\/markt\\\/produkt\\\/heymkgo-make-up-pinsel-set-professionelles-kabuki-foundation-pinselset-makeup-weich-und-geruchsneutral-natuerliche-synthetische-borsten-10-stueck-2-schwaemme-kosmetiktasche-mit-marmormuster\\\/\",\"name\":\"HEYMKGO Make up Pinsel Set Professionelles kabuki foundation pinselset makeup, weich und geruchsneutral, nat\u00fcrliche\u2026 - Markt-XXL\",\"isPartOf\":{\"@id\":\"https:\\\/\\\/marktxxl.de\\\/markt\\\/#website\"},\"primaryImageOfPage\":{\"@id\":\"https:\\\/\\\/marktxxl.de\\\/markt\\\/produkt\\\/heymkgo-make-up-pinsel-set-professionelles-kabuki-foundation-pinselset-makeup-weich-und-geruchsneutral-natuerliche-synthetische-borsten-10-stueck-2-schwaemme-kosmetiktasche-mit-marmormuster\\\/#primaryimage\"},\"image\":{\"@id\":\"https:\\\/\\\/marktxxl.de\\\/markt\\\/produkt\\\/heymkgo-make-up-pinsel-set-professionelles-kabuki-foundation-pinselset-makeup-weich-und-geruchsneutral-natuerliche-synthetische-borsten-10-stueck-2-schwaemme-kosmetiktasche-mit-marmormuster\\\/#primaryimage\"},\"thumbnailUrl\":\"https:\\\/\\\/m.media-amazon.com\\\/images\\\/I\\\/51S1ZQLyL-L._SL500_.jpg\",\"datePublished\":\"2021-12-28T14:57:57+00:00\",\"dateModified\":\"2023-04-09T00:39:33+00:00\",\"description\":\"Markt-XXL HEYMKGO Make up Pinsel Set Professionelles kabuki foundation pinselset makeup, weich und geruchsneutral, nat\u00fcrliche\u2026\",\"breadcrumb\":{\"@id\":\"https:\\\/\\\/marktxxl.de\\\/markt\\\/produkt\\\/heymkgo-make-up-pinsel-set-professionelles-kabuki-foundation-pinselset-makeup-weich-und-geruchsneutral-natuerliche-synthetische-borsten-10-stueck-2-schwaemme-kosmetiktasche-mit-marmormuster\\\/#breadcrumb\"},\"inLanguage\":\"de\",\"potentialAction\":[{\"@type\":\"ReadAction\",\"target\":[\"https:\\\/\\\/marktxxl.de\\\/markt\\\/produkt\\\/heymkgo-make-up-pinsel-set-professionelles-kabuki-foundation-pinselset-makeup-weich-und-geruchsneutral-natuerliche-synthetische-borsten-10-stueck-2-schwaemme-kosmetiktasche-mit-marmormuster\\\/\"]}]},{\"@type\":\"ImageObject\",\"inLanguage\":\"de\",\"@id\":\"https:\\\/\\\/marktxxl.de\\\/markt\\\/produkt\\\/heymkgo-make-up-pinsel-set-professionelles-kabuki-foundation-pinselset-makeup-weich-und-geruchsneutral-natuerliche-synthetische-borsten-10-stueck-2-schwaemme-kosmetiktasche-mit-marmormuster\\\/#primaryimage\",\"url\":\"https:\\\/\\\/m.media-amazon.com\\\/images\\\/I\\\/51S1ZQLyL-L._SL500_.jpg\",\"contentUrl\":\"https:\\\/\\\/m.media-amazon.com\\\/images\\\/I\\\/51S1ZQLyL-L._SL500_.jpg\",\"width\":500,\"height\":500},{\"@type\":\"BreadcrumbList\",\"@id\":\"https:\\\/\\\/marktxxl.de\\\/markt\\\/produkt\\\/heymkgo-make-up-pinsel-set-professionelles-kabuki-foundation-pinselset-makeup-weich-und-geruchsneutral-natuerliche-synthetische-borsten-10-stueck-2-schwaemme-kosmetiktasche-mit-marmormuster\\\/#breadcrumb\",\"itemListElement\":[{\"@type\":\"ListItem\",\"position\":1,\"name\":\"Startseite\",\"item\":\"https:\\\/\\\/marktxxl.de\\\/markt\\\/\"},{\"@type\":\"ListItem\",\"position\":2,\"name\":\"Markt\",\"item\":\"https:\\\/\\\/marktxxl.de\\\/markt\\\/\"},{\"@type\":\"ListItem\",\"position\":3,\"name\":\"HEYMKGO Make up Pinsel Set Professionelles kabuki foundation pinselset makeup, weich und geruchsneutral, nat\u00fcrliche\u2026\"}]},{\"@type\":\"WebSite\",\"@id\":\"https:\\\/\\\/marktxxl.de\\\/markt\\\/#website\",\"url\":\"https:\\\/\\\/marktxxl.de\\\/markt\\\/\",\"name\":\"Markt-XXL\",\"description\":\"Ihr Markt Online\",\"publisher\":{\"@id\":\"https:\\\/\\\/marktxxl.de\\\/markt\\\/#organization\"},\"potentialAction\":[{\"@type\":\"SearchAction\",\"target\":{\"@type\":\"EntryPoint\",\"urlTemplate\":\"https:\\\/\\\/marktxxl.de\\\/markt\\\/?s={search_term_string}\"},\"query-input\":{\"@type\":\"PropertyValueSpecification\",\"valueRequired\":true,\"valueName\":\"search_term_string\"}}],\"inLanguage\":\"de\"},{\"@type\":\"Organization\",\"@id\":\"https:\\\/\\\/marktxxl.de\\\/markt\\\/#organization\",\"name\":\"Markt-XXL\",\"url\":\"https:\\\/\\\/marktxxl.de\\\/markt\\\/\",\"logo\":{\"@type\":\"ImageObject\",\"inLanguage\":\"de\",\"@id\":\"https:\\\/\\\/marktxxl.de\\\/markt\\\/#\\\/schema\\\/logo\\\/image\\\/\",\"url\":\"https:\\\/\\\/marktxxl.de\\\/markt\\\/wp-content\\\/uploads\\\/sites\\\/3\\\/2020\\\/12\\\/logo.png\",\"contentUrl\":\"https:\\\/\\\/marktxxl.de\\\/markt\\\/wp-content\\\/uploads\\\/sites\\\/3\\\/2020\\\/12\\\/logo.png\",\"width\":200,\"height\":70,\"caption\":\"Markt-XXL\"},\"image\":{\"@id\":\"https:\\\/\\\/marktxxl.de\\\/markt\\\/#\\\/schema\\\/logo\\\/image\\\/\"}}]}<\/script>\n<!-- \/ Yoast SEO plugin. -->","yoast_head_json":{"title":"HEYMKGO Make up Pinsel Set Professionelles kabuki foundation pinselset makeup, weich und geruchsneutral, nat\u00fcrliche\u2026 - Markt-XXL","description":"Markt-XXL HEYMKGO Make up Pinsel Set Professionelles kabuki foundation pinselset makeup, weich und geruchsneutral, nat\u00fcrliche\u2026","robots":{"index":"index","follow":"follow","max-snippet":"max-snippet:-1","max-image-preview":"max-image-preview:large","max-video-preview":"max-video-preview:-1"},"canonical":"https:\/\/marktxxl.de\/markt\/produkt\/heymkgo-make-up-pinsel-set-professionelles-kabuki-foundation-pinselset-makeup-weich-und-geruchsneutral-natuerliche-synthetische-borsten-10-stueck-2-schwaemme-kosmetiktasche-mit-marmormuster\/","og_locale":"de_DE","og_type":"article","og_title":"HEYMKGO Make up Pinsel Set Professionelles kabuki foundation pinselset makeup, weich und geruchsneutral, nat\u00fcrliche\u2026 - Markt-XXL","og_description":"Markt-XXL HEYMKGO Make up Pinsel Set Professionelles kabuki foundation pinselset makeup, weich und geruchsneutral, nat\u00fcrliche\u2026","og_url":"https:\/\/marktxxl.de\/markt\/produkt\/heymkgo-make-up-pinsel-set-professionelles-kabuki-foundation-pinselset-makeup-weich-und-geruchsneutral-natuerliche-synthetische-borsten-10-stueck-2-schwaemme-kosmetiktasche-mit-marmormuster\/","og_site_name":"Markt-XXL","article_modified_time":"2023-04-09T00:39:33+00:00","og_image":[{"width":500,"height":500,"url":"https:\/\/m.media-amazon.com\/images\/I\/51S1ZQLyL-L._SL500_.jpg","type":"image\/jpeg"}],"twitter_card":"summary_large_image","twitter_misc":{"Gesch\u00e4tzte Lesezeit":"1\u00a0Minute"},"schema":{"@context":"https:\/\/schema.org","@graph":[{"@type":"WebPage","@id":"https:\/\/marktxxl.de\/markt\/produkt\/heymkgo-make-up-pinsel-set-professionelles-kabuki-foundation-pinselset-makeup-weich-und-geruchsneutral-natuerliche-synthetische-borsten-10-stueck-2-schwaemme-kosmetiktasche-mit-marmormuster\/","url":"https:\/\/marktxxl.de\/markt\/produkt\/heymkgo-make-up-pinsel-set-professionelles-kabuki-foundation-pinselset-makeup-weich-und-geruchsneutral-natuerliche-synthetische-borsten-10-stueck-2-schwaemme-kosmetiktasche-mit-marmormuster\/","name":"HEYMKGO Make up Pinsel Set Professionelles kabuki foundation pinselset makeup, weich und geruchsneutral, nat\u00fcrliche\u2026 - Markt-XXL","isPartOf":{"@id":"https:\/\/marktxxl.de\/markt\/#website"},"primaryImageOfPage":{"@id":"https:\/\/marktxxl.de\/markt\/produkt\/heymkgo-make-up-pinsel-set-professionelles-kabuki-foundation-pinselset-makeup-weich-und-geruchsneutral-natuerliche-synthetische-borsten-10-stueck-2-schwaemme-kosmetiktasche-mit-marmormuster\/#primaryimage"},"image":{"@id":"https:\/\/marktxxl.de\/markt\/produkt\/heymkgo-make-up-pinsel-set-professionelles-kabuki-foundation-pinselset-makeup-weich-und-geruchsneutral-natuerliche-synthetische-borsten-10-stueck-2-schwaemme-kosmetiktasche-mit-marmormuster\/#primaryimage"},"thumbnailUrl":"https:\/\/m.media-amazon.com\/images\/I\/51S1ZQLyL-L._SL500_.jpg","datePublished":"2021-12-28T14:57:57+00:00","dateModified":"2023-04-09T00:39:33+00:00","description":"Markt-XXL HEYMKGO Make up Pinsel Set Professionelles kabuki foundation pinselset makeup, weich und geruchsneutral, nat\u00fcrliche\u2026","breadcrumb":{"@id":"https:\/\/marktxxl.de\/markt\/produkt\/heymkgo-make-up-pinsel-set-professionelles-kabuki-foundation-pinselset-makeup-weich-und-geruchsneutral-natuerliche-synthetische-borsten-10-stueck-2-schwaemme-kosmetiktasche-mit-marmormuster\/#breadcrumb"},"inLanguage":"de","potentialAction":[{"@type":"ReadAction","target":["https:\/\/marktxxl.de\/markt\/produkt\/heymkgo-make-up-pinsel-set-professionelles-kabuki-foundation-pinselset-makeup-weich-und-geruchsneutral-natuerliche-synthetische-borsten-10-stueck-2-schwaemme-kosmetiktasche-mit-marmormuster\/"]}]},{"@type":"ImageObject","inLanguage":"de","@id":"https:\/\/marktxxl.de\/markt\/produkt\/heymkgo-make-up-pinsel-set-professionelles-kabuki-foundation-pinselset-makeup-weich-und-geruchsneutral-natuerliche-synthetische-borsten-10-stueck-2-schwaemme-kosmetiktasche-mit-marmormuster\/#primaryimage","url":"https:\/\/m.media-amazon.com\/images\/I\/51S1ZQLyL-L._SL500_.jpg","contentUrl":"https:\/\/m.media-amazon.com\/images\/I\/51S1ZQLyL-L._SL500_.jpg","width":500,"height":500},{"@type":"BreadcrumbList","@id":"https:\/\/marktxxl.de\/markt\/produkt\/heymkgo-make-up-pinsel-set-professionelles-kabuki-foundation-pinselset-makeup-weich-und-geruchsneutral-natuerliche-synthetische-borsten-10-stueck-2-schwaemme-kosmetiktasche-mit-marmormuster\/#breadcrumb","itemListElement":[{"@type":"ListItem","position":1,"name":"Startseite","item":"https:\/\/marktxxl.de\/markt\/"},{"@type":"ListItem","position":2,"name":"Markt","item":"https:\/\/marktxxl.de\/markt\/"},{"@type":"ListItem","position":3,"name":"HEYMKGO Make up Pinsel Set Professionelles kabuki foundation pinselset makeup, weich und geruchsneutral, nat\u00fcrliche\u2026"}]},{"@type":"WebSite","@id":"https:\/\/marktxxl.de\/markt\/#website","url":"https:\/\/marktxxl.de\/markt\/","name":"Markt-XXL","description":"Ihr Markt Online","publisher":{"@id":"https:\/\/marktxxl.de\/markt\/#organization"},"potentialAction":[{"@type":"SearchAction","target":{"@type":"EntryPoint","urlTemplate":"https:\/\/marktxxl.de\/markt\/?s={search_term_string}"},"query-input":{"@type":"PropertyValueSpecification","valueRequired":true,"valueName":"search_term_string"}}],"inLanguage":"de"},{"@type":"Organization","@id":"https:\/\/marktxxl.de\/markt\/#organization","name":"Markt-XXL","url":"https:\/\/marktxxl.de\/markt\/","logo":{"@type":"ImageObject","inLanguage":"de","@id":"https:\/\/marktxxl.de\/markt\/#\/schema\/logo\/image\/","url":"https:\/\/marktxxl.de\/markt\/wp-content\/uploads\/sites\/3\/2020\/12\/logo.png","contentUrl":"https:\/\/marktxxl.de\/markt\/wp-content\/uploads\/sites\/3\/2020\/12\/logo.png","width":200,"height":70,"caption":"Markt-XXL"},"image":{"@id":"https:\/\/marktxxl.de\/markt\/#\/schema\/logo\/image\/"}}]}},"_links":{"self":[{"href":"https:\/\/marktxxl.de\/markt\/wp-json\/wp\/v2\/product\/86531","targetHints":{"allow":["GET"]}}],"collection":[{"href":"https:\/\/marktxxl.de\/markt\/wp-json\/wp\/v2\/product"}],"about":[{"href":"https:\/\/marktxxl.de\/markt\/wp-json\/wp\/v2\/types\/product"}],"replies":[{"embeddable":true,"href":"https:\/\/marktxxl.de\/markt\/wp-json\/wp\/v2\/comments?post=86531"}],"wp:featuredmedia":[{"embeddable":true,"href":"https:\/\/marktxxl.de\/markt\/wp-json\/wp\/v2\/media\/86532"}],"wp:attachment":[{"href":"https:\/\/marktxxl.de\/markt\/wp-json\/wp\/v2\/media?parent=86531"}],"wp:term":[{"taxonomy":"product_brand","embeddable":true,"href":"https:\/\/marktxxl.de\/markt\/wp-json\/wp\/v2\/product_brand?post=86531"},{"taxonomy":"product_cat","embeddable":true,"href":"https:\/\/marktxxl.de\/markt\/wp-json\/wp\/v2\/product_cat?post=86531"},{"taxonomy":"product_tag","embeddable":true,"href":"https:\/\/marktxxl.de\/markt\/wp-json\/wp\/v2\/product_tag?post=86531"}],"curies":[{"name":"wp","href":"https:\/\/api.w.org\/{rel}","templated":true}]}}