{"id":86480,"date":"2021-12-28T15:57:21","date_gmt":"2021-12-28T14:57:21","guid":{"rendered":"https:\/\/marktxxl.de\/markt\/produkt\/amazon-brand-eono-mitesserentferner-porenreiniger-blackhead-remover-gesichtsreinigung-beauty-zubehoer-edelstahl-mitesser-akne-pickel-entferner-pinzette-mit-aufbewahrungsbox\/"},"modified":"2023-04-09T02:39:32","modified_gmt":"2023-04-09T00:39:32","slug":"amazon-brand-eono-mitesserentferner-porenreiniger-blackhead-remover-gesichtsreinigung-beauty-zubehoer-edelstahl-mitesser-akne-pickel-entferner-pinzette-mit-aufbewahrungsbox","status":"publish","type":"product","link":"https:\/\/marktxxl.de\/markt\/produkt\/amazon-brand-eono-mitesserentferner-porenreiniger-blackhead-remover-gesichtsreinigung-beauty-zubehoer-edelstahl-mitesser-akne-pickel-entferner-pinzette-mit-aufbewahrungsbox\/","title":{"rendered":"Amazon Brand &#8211; Eono Mitesserentferner Porenreiniger Blackhead Remover Gesichtsreinigung Beauty Zubeh\u00f6r Edelstahl\u2026"},"content":{"rendered":"<p>\ud835\udc12\ud835\udc22\ud835\udc1c\ud835\udc21\ud835\udc1e\ud835\udc2b \ud835\udc2e\ud835\udc27\ud835\udc1d \ud835\udc04\ud835\udc1f\ud835\udc1f\ud835\udc1e\ud835\udc24\ud835\udc2d\ud835\udc22\ud835\udc2f &#8211; 4 St\u00fcck, Pinzette, Nadeln und Ringe in verschiedenen Gr\u00f6\u00dfen. Wir haben es viele Male getestet. k\u00f6nnen Mitesser, Whiteheads, Akne, Pickel und geschlossene Komedonen leicht entfernt werden. Es ist hygienischer und schneller als das Dr\u00fccken von Hand.<br \/>\n\ud835\udc0d\ud835\udc22\ud835\udc1c\ud835\udc21\ud835\udc2d \ud835\udc27\ud835\udc2e\ud835\udc2b \ud835\udc1f\u00fc\ud835\udc2b \ud835\udc06\ud835\udc1e\ud835\udc2c\ud835\udc22\ud835\udc1c\ud835\udc21\ud835\udc2d &#8211; Kann nicht nur an Stirn, Nase, Wangen, Kinn, sondern auch an R\u00fccken, Brust, H\u00e4nden und anderen K\u00f6rperteilen angewendet werden. Sie sind sehr praktisch.<br \/>\n\ud835\udc07\ud835\udc28\ud835\udc1c\ud835\udc21\ud835\udc30\ud835\udc1e\ud835\udc2b\ud835\udc2d\ud835\udc22\ud835\udc20\ud835\udc1e\ud835\udc2b \ud835\udc04\ud835\udc1d\ud835\udc1e\ud835\udc25\ud835\udc2c\ud835\udc2d\ud835\udc1a\ud835\udc21\ud835\udc25 &#8211; Sie sind robust. Im Vergleich zu elektrisch diejenigen, sie sind wasserdicht, langlebig. Sie werden nicht rosten. Sie m\u00fcssen kein Zubeh\u00f6r ersetzen.<br \/>\n\ud835\udc06\ud835\udc1e\ud835\udc1e\ud835\udc22\ud835\udc20\ud835\udc27\ud835\udc1e\ud835\udc2d \ud835\udc1f\u00fc\ud835\udc2b \ud835\udc00\ud835\udc25\ud835\udc25\ud835\udc1e \ud835\udc07\ud835\udc1a\ud835\udc2e\ud835\udc2d &#8211; Einschlie\u00dflich empfindlicher Haut. Einfach zu s\u00e4ubern. Vor und nach Gebrauch mit Alkohol desinfizieren. Es wird keine Entz\u00fcndung oder Narben verursachen.<br \/>\n\ud835\udc0b\ud835\udc1e\ud835\udc22\ud835\udc1c\ud835\udc21\ud835\udc2d \ud835\udc2e\ud835\udc27\ud835\udc1d \ud835\udc13\ud835\udc2b\ud835\udc1a\ud835\udc20\ud835\udc1b\ud835\udc1a\ud835\udc2b &#8211; Mit einer Aufbewahrungsbox verlieren Sie sie nicht. Kleine Gr\u00f6\u00dfe, sehr bequem zu tragen.<br \/>\n<div class=\"main-cross-sell\" data-asin=\"B07JD69ZYT\">\n\n\t<div class=\"WooZone-cross-sell-loader\">\n\t\t<div>\n\t\t\t<div id=\"floatingBarsG\">\n\t\t\t\t<div class=\"blockG\" id=\"rotateG_01\"><\/div>\n\t\t\t\t<div class=\"blockG\" id=\"rotateG_02\"><\/div>\n\t\t\t\t<div class=\"blockG\" id=\"rotateG_03\"><\/div>\n\t\t\t\t<div class=\"blockG\" id=\"rotateG_04\"><\/div>\n\t\t\t\t<div class=\"blockG\" id=\"rotateG_05\"><\/div>\n\t\t\t\t<div class=\"blockG\" id=\"rotateG_06\"><\/div>\n\t\t\t\t<div class=\"blockG\" id=\"rotateG_07\"><\/div>\n\t\t\t\t<div class=\"blockG\" id=\"rotateG_08\"><\/div>\n\t\t\t<\/div>\n\t\t\t<div class=\"WooZone-cross-sell-loader-text\"><\/div>\n\t\t<\/div>\n\t<\/div>\n\n\t\t\n<\/div>\n<div style=\"clear:both;\"><\/div><\/p>\n","protected":false},"excerpt":{"rendered":"<p>\ud835\udc12\ud835\udc22\ud835\udc1c\ud835\udc21\ud835\udc1e\ud835\udc2b \ud835\udc2e\ud835\udc27\ud835\udc1d \ud835\udc04\ud835\udc1f\ud835\udc1f\ud835\udc1e\ud835\udc24\ud835\udc2d\ud835\udc22\ud835\udc2f &#8211; 4 St\u00fcck, Pinzette, Nadeln und Ringe in verschiedenen Gr\u00f6\u00dfen. Wir haben es viele Male getestet. k\u00f6nnen Mitesser, Whiteheads, Akne, Pickel und geschlossene Komedonen leicht entfernt werden. Es ist hygienischer und schneller als das Dr\u00fccken von Hand.<br \/>\n\ud835\udc0d\ud835\udc22\ud835\udc1c\ud835\udc21\ud835\udc2d \ud835\udc27\ud835\udc2e\ud835\udc2b \ud835\udc1f\u00fc\ud835\udc2b \ud835\udc06\ud835\udc1e\ud835\udc2c\ud835\udc22\ud835\udc1c\ud835\udc21\ud835\udc2d &#8211; Kann nicht nur an Stirn, Nase, Wangen, Kinn, sondern auch an R\u00fccken, Brust, H\u00e4nden und anderen K\u00f6rperteilen angewendet werden. Sie sind sehr praktisch.<br \/>\n\ud835\udc07\ud835\udc28\ud835\udc1c\ud835\udc21\ud835\udc30\ud835\udc1e\ud835\udc2b\ud835\udc2d\ud835\udc22\ud835\udc20\ud835\udc1e\ud835\udc2b \ud835\udc04\ud835\udc1d\ud835\udc1e\ud835\udc25\ud835\udc2c\ud835\udc2d\ud835\udc1a\ud835\udc21\ud835\udc25 &#8211; Sie sind robust. Im Vergleich zu elektrisch diejenigen, sie sind wasserdicht, langlebig. Sie werden nicht rosten. Sie m\u00fcssen kein Zubeh\u00f6r ersetzen.<\/p>\n","protected":false},"featured_media":86481,"comment_status":"open","ping_status":"closed","template":"","meta":[],"product_brand":[],"product_cat":[2858,7575],"product_tag":[],"class_list":{"0":"post-86480","1":"product","2":"type-product","3":"status-publish","4":"has-post-thumbnail","6":"product_cat-beauty","7":"product_cat-make-up","8":"pa_binding-unbekannter-einband","9":"pa_brand-busch-jaeger-3","10":"pa_brand-eono","11":"pa_height-0-7-zoll","12":"pa_length-5-66-zoll","13":"pa_manufacturer-eono","14":"pa_model-amz-f03eo","15":"pa_size-4-stueck-1er-pack","16":"pa_weight-0-0881849048-pfund","17":"pa_width-5-03-zoll","19":"first","20":"instock","21":"shipping-taxable","22":"purchasable","23":"product-type-simple","24":"customify-col","25":"product-has-gallery"},"yoast_head":"<!-- This site is optimized with the Yoast SEO plugin v27.4 - https:\/\/yoast.com\/product\/yoast-seo-wordpress\/ -->\n<title>Amazon Brand - Eono Mitesserentferner Porenreiniger Blackhead Remover Gesichtsreinigung Beauty Zubeh\u00f6r Edelstahl\u2026 - Markt-XXL<\/title>\n<meta name=\"description\" content=\"Markt-XXL Amazon Brand - Eono Mitesserentferner Porenreiniger Blackhead Remover Gesichtsreinigung Beauty Zubeh\u00f6r Edelstahl\u2026\" \/>\n<meta name=\"robots\" content=\"index, follow, max-snippet:-1, max-image-preview:large, max-video-preview:-1\" \/>\n<link rel=\"canonical\" href=\"https:\/\/marktxxl.de\/markt\/produkt\/amazon-brand-eono-mitesserentferner-porenreiniger-blackhead-remover-gesichtsreinigung-beauty-zubehoer-edelstahl-mitesser-akne-pickel-entferner-pinzette-mit-aufbewahrungsbox\/\" \/>\n<meta property=\"og:locale\" content=\"de_DE\" \/>\n<meta property=\"og:type\" content=\"article\" \/>\n<meta property=\"og:title\" content=\"Amazon Brand - Eono Mitesserentferner Porenreiniger Blackhead Remover Gesichtsreinigung Beauty Zubeh\u00f6r Edelstahl\u2026 - Markt-XXL\" \/>\n<meta property=\"og:description\" content=\"Markt-XXL Amazon Brand - Eono Mitesserentferner Porenreiniger Blackhead Remover Gesichtsreinigung Beauty Zubeh\u00f6r Edelstahl\u2026\" \/>\n<meta property=\"og:url\" content=\"https:\/\/marktxxl.de\/markt\/produkt\/amazon-brand-eono-mitesserentferner-porenreiniger-blackhead-remover-gesichtsreinigung-beauty-zubehoer-edelstahl-mitesser-akne-pickel-entferner-pinzette-mit-aufbewahrungsbox\/\" \/>\n<meta property=\"og:site_name\" content=\"Markt-XXL\" \/>\n<meta property=\"article:modified_time\" content=\"2023-04-09T00:39:32+00:00\" \/>\n<meta property=\"og:image\" content=\"https:\/\/m.media-amazon.com\/images\/I\/41iXT15oiFL._SL500_.jpg\" \/>\n\t<meta property=\"og:image:width\" content=\"500\" \/>\n\t<meta property=\"og:image:height\" content=\"500\" \/>\n\t<meta property=\"og:image:type\" content=\"image\/jpeg\" \/>\n<meta name=\"twitter:card\" content=\"summary_large_image\" \/>\n<meta name=\"twitter:label1\" content=\"Gesch\u00e4tzte Lesezeit\" \/>\n\t<meta name=\"twitter:data1\" content=\"1\u00a0Minute\" \/>\n<script type=\"application\/ld+json\" class=\"yoast-schema-graph\">{\"@context\":\"https:\\\/\\\/schema.org\",\"@graph\":[{\"@type\":\"WebPage\",\"@id\":\"https:\\\/\\\/marktxxl.de\\\/markt\\\/produkt\\\/amazon-brand-eono-mitesserentferner-porenreiniger-blackhead-remover-gesichtsreinigung-beauty-zubehoer-edelstahl-mitesser-akne-pickel-entferner-pinzette-mit-aufbewahrungsbox\\\/\",\"url\":\"https:\\\/\\\/marktxxl.de\\\/markt\\\/produkt\\\/amazon-brand-eono-mitesserentferner-porenreiniger-blackhead-remover-gesichtsreinigung-beauty-zubehoer-edelstahl-mitesser-akne-pickel-entferner-pinzette-mit-aufbewahrungsbox\\\/\",\"name\":\"Amazon Brand - Eono Mitesserentferner Porenreiniger Blackhead Remover Gesichtsreinigung Beauty Zubeh\u00f6r Edelstahl\u2026 - Markt-XXL\",\"isPartOf\":{\"@id\":\"https:\\\/\\\/marktxxl.de\\\/markt\\\/#website\"},\"primaryImageOfPage\":{\"@id\":\"https:\\\/\\\/marktxxl.de\\\/markt\\\/produkt\\\/amazon-brand-eono-mitesserentferner-porenreiniger-blackhead-remover-gesichtsreinigung-beauty-zubehoer-edelstahl-mitesser-akne-pickel-entferner-pinzette-mit-aufbewahrungsbox\\\/#primaryimage\"},\"image\":{\"@id\":\"https:\\\/\\\/marktxxl.de\\\/markt\\\/produkt\\\/amazon-brand-eono-mitesserentferner-porenreiniger-blackhead-remover-gesichtsreinigung-beauty-zubehoer-edelstahl-mitesser-akne-pickel-entferner-pinzette-mit-aufbewahrungsbox\\\/#primaryimage\"},\"thumbnailUrl\":\"https:\\\/\\\/m.media-amazon.com\\\/images\\\/I\\\/41iXT15oiFL._SL500_.jpg\",\"datePublished\":\"2021-12-28T14:57:21+00:00\",\"dateModified\":\"2023-04-09T00:39:32+00:00\",\"description\":\"Markt-XXL Amazon Brand - Eono Mitesserentferner Porenreiniger Blackhead Remover Gesichtsreinigung Beauty Zubeh\u00f6r Edelstahl\u2026\",\"breadcrumb\":{\"@id\":\"https:\\\/\\\/marktxxl.de\\\/markt\\\/produkt\\\/amazon-brand-eono-mitesserentferner-porenreiniger-blackhead-remover-gesichtsreinigung-beauty-zubehoer-edelstahl-mitesser-akne-pickel-entferner-pinzette-mit-aufbewahrungsbox\\\/#breadcrumb\"},\"inLanguage\":\"de\",\"potentialAction\":[{\"@type\":\"ReadAction\",\"target\":[\"https:\\\/\\\/marktxxl.de\\\/markt\\\/produkt\\\/amazon-brand-eono-mitesserentferner-porenreiniger-blackhead-remover-gesichtsreinigung-beauty-zubehoer-edelstahl-mitesser-akne-pickel-entferner-pinzette-mit-aufbewahrungsbox\\\/\"]}]},{\"@type\":\"ImageObject\",\"inLanguage\":\"de\",\"@id\":\"https:\\\/\\\/marktxxl.de\\\/markt\\\/produkt\\\/amazon-brand-eono-mitesserentferner-porenreiniger-blackhead-remover-gesichtsreinigung-beauty-zubehoer-edelstahl-mitesser-akne-pickel-entferner-pinzette-mit-aufbewahrungsbox\\\/#primaryimage\",\"url\":\"https:\\\/\\\/m.media-amazon.com\\\/images\\\/I\\\/41iXT15oiFL._SL500_.jpg\",\"contentUrl\":\"https:\\\/\\\/m.media-amazon.com\\\/images\\\/I\\\/41iXT15oiFL._SL500_.jpg\",\"width\":500,\"height\":500},{\"@type\":\"BreadcrumbList\",\"@id\":\"https:\\\/\\\/marktxxl.de\\\/markt\\\/produkt\\\/amazon-brand-eono-mitesserentferner-porenreiniger-blackhead-remover-gesichtsreinigung-beauty-zubehoer-edelstahl-mitesser-akne-pickel-entferner-pinzette-mit-aufbewahrungsbox\\\/#breadcrumb\",\"itemListElement\":[{\"@type\":\"ListItem\",\"position\":1,\"name\":\"Startseite\",\"item\":\"https:\\\/\\\/marktxxl.de\\\/markt\\\/\"},{\"@type\":\"ListItem\",\"position\":2,\"name\":\"Markt\",\"item\":\"https:\\\/\\\/marktxxl.de\\\/markt\\\/\"},{\"@type\":\"ListItem\",\"position\":3,\"name\":\"Amazon Brand &#8211; Eono Mitesserentferner Porenreiniger Blackhead Remover Gesichtsreinigung Beauty Zubeh\u00f6r Edelstahl\u2026\"}]},{\"@type\":\"WebSite\",\"@id\":\"https:\\\/\\\/marktxxl.de\\\/markt\\\/#website\",\"url\":\"https:\\\/\\\/marktxxl.de\\\/markt\\\/\",\"name\":\"Markt-XXL\",\"description\":\"Ihr Markt Online\",\"publisher\":{\"@id\":\"https:\\\/\\\/marktxxl.de\\\/markt\\\/#organization\"},\"potentialAction\":[{\"@type\":\"SearchAction\",\"target\":{\"@type\":\"EntryPoint\",\"urlTemplate\":\"https:\\\/\\\/marktxxl.de\\\/markt\\\/?s={search_term_string}\"},\"query-input\":{\"@type\":\"PropertyValueSpecification\",\"valueRequired\":true,\"valueName\":\"search_term_string\"}}],\"inLanguage\":\"de\"},{\"@type\":\"Organization\",\"@id\":\"https:\\\/\\\/marktxxl.de\\\/markt\\\/#organization\",\"name\":\"Markt-XXL\",\"url\":\"https:\\\/\\\/marktxxl.de\\\/markt\\\/\",\"logo\":{\"@type\":\"ImageObject\",\"inLanguage\":\"de\",\"@id\":\"https:\\\/\\\/marktxxl.de\\\/markt\\\/#\\\/schema\\\/logo\\\/image\\\/\",\"url\":\"https:\\\/\\\/marktxxl.de\\\/markt\\\/wp-content\\\/uploads\\\/sites\\\/3\\\/2020\\\/12\\\/logo.png\",\"contentUrl\":\"https:\\\/\\\/marktxxl.de\\\/markt\\\/wp-content\\\/uploads\\\/sites\\\/3\\\/2020\\\/12\\\/logo.png\",\"width\":200,\"height\":70,\"caption\":\"Markt-XXL\"},\"image\":{\"@id\":\"https:\\\/\\\/marktxxl.de\\\/markt\\\/#\\\/schema\\\/logo\\\/image\\\/\"}}]}<\/script>\n<!-- \/ Yoast SEO plugin. -->","yoast_head_json":{"title":"Amazon Brand - Eono Mitesserentferner Porenreiniger Blackhead Remover Gesichtsreinigung Beauty Zubeh\u00f6r Edelstahl\u2026 - Markt-XXL","description":"Markt-XXL Amazon Brand - Eono Mitesserentferner Porenreiniger Blackhead Remover Gesichtsreinigung Beauty Zubeh\u00f6r Edelstahl\u2026","robots":{"index":"index","follow":"follow","max-snippet":"max-snippet:-1","max-image-preview":"max-image-preview:large","max-video-preview":"max-video-preview:-1"},"canonical":"https:\/\/marktxxl.de\/markt\/produkt\/amazon-brand-eono-mitesserentferner-porenreiniger-blackhead-remover-gesichtsreinigung-beauty-zubehoer-edelstahl-mitesser-akne-pickel-entferner-pinzette-mit-aufbewahrungsbox\/","og_locale":"de_DE","og_type":"article","og_title":"Amazon Brand - Eono Mitesserentferner Porenreiniger Blackhead Remover Gesichtsreinigung Beauty Zubeh\u00f6r Edelstahl\u2026 - Markt-XXL","og_description":"Markt-XXL Amazon Brand - Eono Mitesserentferner Porenreiniger Blackhead Remover Gesichtsreinigung Beauty Zubeh\u00f6r Edelstahl\u2026","og_url":"https:\/\/marktxxl.de\/markt\/produkt\/amazon-brand-eono-mitesserentferner-porenreiniger-blackhead-remover-gesichtsreinigung-beauty-zubehoer-edelstahl-mitesser-akne-pickel-entferner-pinzette-mit-aufbewahrungsbox\/","og_site_name":"Markt-XXL","article_modified_time":"2023-04-09T00:39:32+00:00","og_image":[{"width":500,"height":500,"url":"https:\/\/m.media-amazon.com\/images\/I\/41iXT15oiFL._SL500_.jpg","type":"image\/jpeg"}],"twitter_card":"summary_large_image","twitter_misc":{"Gesch\u00e4tzte Lesezeit":"1\u00a0Minute"},"schema":{"@context":"https:\/\/schema.org","@graph":[{"@type":"WebPage","@id":"https:\/\/marktxxl.de\/markt\/produkt\/amazon-brand-eono-mitesserentferner-porenreiniger-blackhead-remover-gesichtsreinigung-beauty-zubehoer-edelstahl-mitesser-akne-pickel-entferner-pinzette-mit-aufbewahrungsbox\/","url":"https:\/\/marktxxl.de\/markt\/produkt\/amazon-brand-eono-mitesserentferner-porenreiniger-blackhead-remover-gesichtsreinigung-beauty-zubehoer-edelstahl-mitesser-akne-pickel-entferner-pinzette-mit-aufbewahrungsbox\/","name":"Amazon Brand - Eono Mitesserentferner Porenreiniger Blackhead Remover Gesichtsreinigung Beauty Zubeh\u00f6r Edelstahl\u2026 - Markt-XXL","isPartOf":{"@id":"https:\/\/marktxxl.de\/markt\/#website"},"primaryImageOfPage":{"@id":"https:\/\/marktxxl.de\/markt\/produkt\/amazon-brand-eono-mitesserentferner-porenreiniger-blackhead-remover-gesichtsreinigung-beauty-zubehoer-edelstahl-mitesser-akne-pickel-entferner-pinzette-mit-aufbewahrungsbox\/#primaryimage"},"image":{"@id":"https:\/\/marktxxl.de\/markt\/produkt\/amazon-brand-eono-mitesserentferner-porenreiniger-blackhead-remover-gesichtsreinigung-beauty-zubehoer-edelstahl-mitesser-akne-pickel-entferner-pinzette-mit-aufbewahrungsbox\/#primaryimage"},"thumbnailUrl":"https:\/\/m.media-amazon.com\/images\/I\/41iXT15oiFL._SL500_.jpg","datePublished":"2021-12-28T14:57:21+00:00","dateModified":"2023-04-09T00:39:32+00:00","description":"Markt-XXL Amazon Brand - Eono Mitesserentferner Porenreiniger Blackhead Remover Gesichtsreinigung Beauty Zubeh\u00f6r Edelstahl\u2026","breadcrumb":{"@id":"https:\/\/marktxxl.de\/markt\/produkt\/amazon-brand-eono-mitesserentferner-porenreiniger-blackhead-remover-gesichtsreinigung-beauty-zubehoer-edelstahl-mitesser-akne-pickel-entferner-pinzette-mit-aufbewahrungsbox\/#breadcrumb"},"inLanguage":"de","potentialAction":[{"@type":"ReadAction","target":["https:\/\/marktxxl.de\/markt\/produkt\/amazon-brand-eono-mitesserentferner-porenreiniger-blackhead-remover-gesichtsreinigung-beauty-zubehoer-edelstahl-mitesser-akne-pickel-entferner-pinzette-mit-aufbewahrungsbox\/"]}]},{"@type":"ImageObject","inLanguage":"de","@id":"https:\/\/marktxxl.de\/markt\/produkt\/amazon-brand-eono-mitesserentferner-porenreiniger-blackhead-remover-gesichtsreinigung-beauty-zubehoer-edelstahl-mitesser-akne-pickel-entferner-pinzette-mit-aufbewahrungsbox\/#primaryimage","url":"https:\/\/m.media-amazon.com\/images\/I\/41iXT15oiFL._SL500_.jpg","contentUrl":"https:\/\/m.media-amazon.com\/images\/I\/41iXT15oiFL._SL500_.jpg","width":500,"height":500},{"@type":"BreadcrumbList","@id":"https:\/\/marktxxl.de\/markt\/produkt\/amazon-brand-eono-mitesserentferner-porenreiniger-blackhead-remover-gesichtsreinigung-beauty-zubehoer-edelstahl-mitesser-akne-pickel-entferner-pinzette-mit-aufbewahrungsbox\/#breadcrumb","itemListElement":[{"@type":"ListItem","position":1,"name":"Startseite","item":"https:\/\/marktxxl.de\/markt\/"},{"@type":"ListItem","position":2,"name":"Markt","item":"https:\/\/marktxxl.de\/markt\/"},{"@type":"ListItem","position":3,"name":"Amazon Brand &#8211; Eono Mitesserentferner Porenreiniger Blackhead Remover Gesichtsreinigung Beauty Zubeh\u00f6r Edelstahl\u2026"}]},{"@type":"WebSite","@id":"https:\/\/marktxxl.de\/markt\/#website","url":"https:\/\/marktxxl.de\/markt\/","name":"Markt-XXL","description":"Ihr Markt Online","publisher":{"@id":"https:\/\/marktxxl.de\/markt\/#organization"},"potentialAction":[{"@type":"SearchAction","target":{"@type":"EntryPoint","urlTemplate":"https:\/\/marktxxl.de\/markt\/?s={search_term_string}"},"query-input":{"@type":"PropertyValueSpecification","valueRequired":true,"valueName":"search_term_string"}}],"inLanguage":"de"},{"@type":"Organization","@id":"https:\/\/marktxxl.de\/markt\/#organization","name":"Markt-XXL","url":"https:\/\/marktxxl.de\/markt\/","logo":{"@type":"ImageObject","inLanguage":"de","@id":"https:\/\/marktxxl.de\/markt\/#\/schema\/logo\/image\/","url":"https:\/\/marktxxl.de\/markt\/wp-content\/uploads\/sites\/3\/2020\/12\/logo.png","contentUrl":"https:\/\/marktxxl.de\/markt\/wp-content\/uploads\/sites\/3\/2020\/12\/logo.png","width":200,"height":70,"caption":"Markt-XXL"},"image":{"@id":"https:\/\/marktxxl.de\/markt\/#\/schema\/logo\/image\/"}}]}},"_links":{"self":[{"href":"https:\/\/marktxxl.de\/markt\/wp-json\/wp\/v2\/product\/86480","targetHints":{"allow":["GET"]}}],"collection":[{"href":"https:\/\/marktxxl.de\/markt\/wp-json\/wp\/v2\/product"}],"about":[{"href":"https:\/\/marktxxl.de\/markt\/wp-json\/wp\/v2\/types\/product"}],"replies":[{"embeddable":true,"href":"https:\/\/marktxxl.de\/markt\/wp-json\/wp\/v2\/comments?post=86480"}],"wp:featuredmedia":[{"embeddable":true,"href":"https:\/\/marktxxl.de\/markt\/wp-json\/wp\/v2\/media\/86481"}],"wp:attachment":[{"href":"https:\/\/marktxxl.de\/markt\/wp-json\/wp\/v2\/media?parent=86480"}],"wp:term":[{"taxonomy":"product_brand","embeddable":true,"href":"https:\/\/marktxxl.de\/markt\/wp-json\/wp\/v2\/product_brand?post=86480"},{"taxonomy":"product_cat","embeddable":true,"href":"https:\/\/marktxxl.de\/markt\/wp-json\/wp\/v2\/product_cat?post=86480"},{"taxonomy":"product_tag","embeddable":true,"href":"https:\/\/marktxxl.de\/markt\/wp-json\/wp\/v2\/product_tag?post=86480"}],"curies":[{"name":"wp","href":"https:\/\/api.w.org\/{rel}","templated":true}]}}