{"id":86274,"date":"2021-12-28T15:45:47","date_gmt":"2021-12-28T14:45:47","guid":{"rendered":"https:\/\/marktxxl.de\/markt\/produkt\/pinselset-make-up-pinsel-20-stueck-bestope-professionelles-kosmetikpinsel-schminkpinsel-set-augenpinsel-lidschattenpinsel-make-up-pinsel-set-champagner-gold\/"},"modified":"2023-04-09T02:39:29","modified_gmt":"2023-04-09T00:39:29","slug":"pinselset-make-up-pinsel-20-stueck-bestope-professionelles-kosmetikpinsel-schminkpinsel-set-augenpinsel-lidschattenpinsel-make-up-pinsel-set-champagner-gold","status":"publish","type":"product","link":"https:\/\/marktxxl.de\/markt\/produkt\/pinselset-make-up-pinsel-20-stueck-bestope-professionelles-kosmetikpinsel-schminkpinsel-set-augenpinsel-lidschattenpinsel-make-up-pinsel-set-champagner-gold\/","title":{"rendered":"Pinselset Make Up Pinsel 20 St\u00fcck BESTOPE PRO Professionelles Kosmetikpinsel Schminkpinsel Set Augenpinsel\u2026"},"content":{"rendered":"<p>Weich und dicht und langlebig: Feiner und weicher als normale Borsten. Keine Reizungen, mild auf der Haut, kann sogar auf der Babyhaut verwendet werden. Dichte Borsten leichter zu greifen und zu mischen, perfekt zum Auftragen von Lotionen, Lidschatten, Puder. Viele K\u00e4ufer wurden zertifiziert, unsere B\u00fcrsten ohne Borsten verlieren und Trennungsprobleme. F\u00fchlen Sie sich frei zu reinigen und zu verwenden.<br \/>\nHoher Standard: Mit konischem Griff lieben viele K\u00e4ufer diese einfach zu halten und zu verwenden als andere Make-up-Pinsel. Mit dem hochwertigen Holz, ma\u00dfgeschneiderten Logo und Champagnergoldring in Kombination m\u00f6chten wir Ihnen das beste Produkterlebnis bieten. Rutschfest, griffig f\u00fcr eine lange Zeit.<br \/>\nGut f\u00fcr Reisen: inklusive einer Tragetasche zum Verstauen und einfach zu transportieren f\u00fcr Reisen. Mit einer Pinsel-Benutzerbeschreibung k\u00f6nnen Sie den entsprechenden Pinsel schnell erkennen und finden. Unsere Produkte haben auch Video-Anweisungen, um besser zu verstehen, wie sie verwendet werden. Z\u00f6gern Sie nicht, das lohnt sich, es zu versuchen.<br \/>\nHinweis: Das neue Produkt hat einen gewissen Geruch, bitte machen Sie sich keine Sorgen, dass es sich nicht um die Borsten handelt, sondern um den Klebstoff an der Verbindung der B\u00fcrstenstange. Bitte nehmen Sie die Pinsel aus und legen Sie sie in die Luft, der Geruch wird bald verschwinden. Vielen Dank f\u00fcr Ihre Unterst\u00fctzung.<br \/>\n<div class=\"main-cross-sell\" data-asin=\"B07W41895X\">\n\n\t<div class=\"WooZone-cross-sell-loader\">\n\t\t<div>\n\t\t\t<div id=\"floatingBarsG\">\n\t\t\t\t<div class=\"blockG\" id=\"rotateG_01\"><\/div>\n\t\t\t\t<div class=\"blockG\" id=\"rotateG_02\"><\/div>\n\t\t\t\t<div class=\"blockG\" id=\"rotateG_03\"><\/div>\n\t\t\t\t<div class=\"blockG\" id=\"rotateG_04\"><\/div>\n\t\t\t\t<div class=\"blockG\" id=\"rotateG_05\"><\/div>\n\t\t\t\t<div class=\"blockG\" id=\"rotateG_06\"><\/div>\n\t\t\t\t<div class=\"blockG\" id=\"rotateG_07\"><\/div>\n\t\t\t\t<div class=\"blockG\" id=\"rotateG_08\"><\/div>\n\t\t\t<\/div>\n\t\t\t<div class=\"WooZone-cross-sell-loader-text\"><\/div>\n\t\t<\/div>\n\t<\/div>\n\n\t\t\n<\/div>\n<div style=\"clear:both;\"><\/div><\/p>\n","protected":false},"excerpt":{"rendered":"<p>Weich und dicht und langlebig: Feiner und weicher als normale Borsten. Keine Reizungen, mild auf der Haut, kann sogar auf der Babyhaut verwendet werden. Dichte Borsten leichter zu greifen und zu mischen, perfekt zum Auftragen von Lotionen, Lidschatten, Puder. Viele K\u00e4ufer wurden zertifiziert, unsere B\u00fcrsten ohne Borsten verlieren und Trennungsprobleme. F\u00fchlen Sie sich frei zu reinigen und zu verwenden.<br \/>\nHoher Standard: Mit konischem Griff lieben viele K\u00e4ufer diese einfach zu halten und zu verwenden als andere Make-up-Pinsel. Mit dem hochwertigen Holz, ma\u00dfgeschneiderten Logo und Champagnergoldring in Kombination m\u00f6chten wir Ihnen das beste Produkterlebnis bieten. Rutschfest, griffig f\u00fcr eine lange Zeit.<br \/>\nGut f\u00fcr Reisen: inklusive einer Tragetasche zum Verstauen und einfach zu transportieren f\u00fcr Reisen. Mit einer Pinsel-Benutzerbeschreibung k\u00f6nnen Sie den entsprechenden Pinsel schnell erkennen und finden. Unsere Produkte haben auch Video-Anweisungen, um besser zu verstehen, wie sie verwendet werden. Z\u00f6gern Sie nicht, das lohnt sich, es zu versuchen.<\/p>\n","protected":false},"featured_media":86275,"comment_status":"open","ping_status":"closed","template":"","meta":[],"product_brand":[],"product_cat":[2858,7575],"product_tag":[],"class_list":{"0":"post-86274","1":"product","2":"type-product","3":"status-publish","4":"has-post-thumbnail","6":"product_cat-beauty","7":"product_cat-make-up","8":"pa_binding-badartikel","9":"pa_brand-bestope-pro","10":"pa_color-champagner-gold","11":"pa_height-5-49999999439-zoll","12":"pa_length-0-20078740137-zoll","13":"pa_manufacturer-bestope","14":"pa_model-bp02014","15":"pa_size-20-stueck-1er-pack","16":"pa_width-0-99999999898-zoll","18":"first","19":"instock","20":"shipping-taxable","21":"purchasable","22":"product-type-simple","23":"customify-col","24":"product-has-gallery"},"yoast_head":"<!-- This site is optimized with the Yoast SEO plugin v27.4 - https:\/\/yoast.com\/product\/yoast-seo-wordpress\/ -->\n<title>Pinselset Make Up Pinsel 20 St\u00fcck BESTOPE PRO Professionelles Kosmetikpinsel Schminkpinsel Set Augenpinsel\u2026 - Markt-XXL<\/title>\n<meta name=\"description\" content=\"Markt-XXL Pinselset Make Up Pinsel 20 St\u00fcck BESTOPE PRO Professionelles Kosmetikpinsel Schminkpinsel Set Augenpinsel\u2026\" \/>\n<meta name=\"robots\" content=\"index, follow, max-snippet:-1, max-image-preview:large, max-video-preview:-1\" \/>\n<link rel=\"canonical\" href=\"https:\/\/marktxxl.de\/markt\/produkt\/pinselset-make-up-pinsel-20-stueck-bestope-professionelles-kosmetikpinsel-schminkpinsel-set-augenpinsel-lidschattenpinsel-make-up-pinsel-set-champagner-gold\/\" \/>\n<meta property=\"og:locale\" content=\"de_DE\" \/>\n<meta property=\"og:type\" content=\"article\" \/>\n<meta property=\"og:title\" content=\"Pinselset Make Up Pinsel 20 St\u00fcck BESTOPE PRO Professionelles Kosmetikpinsel Schminkpinsel Set Augenpinsel\u2026 - Markt-XXL\" \/>\n<meta property=\"og:description\" content=\"Markt-XXL Pinselset Make Up Pinsel 20 St\u00fcck BESTOPE PRO Professionelles Kosmetikpinsel Schminkpinsel Set Augenpinsel\u2026\" \/>\n<meta property=\"og:url\" content=\"https:\/\/marktxxl.de\/markt\/produkt\/pinselset-make-up-pinsel-20-stueck-bestope-professionelles-kosmetikpinsel-schminkpinsel-set-augenpinsel-lidschattenpinsel-make-up-pinsel-set-champagner-gold\/\" \/>\n<meta property=\"og:site_name\" content=\"Markt-XXL\" \/>\n<meta property=\"article:modified_time\" content=\"2023-04-09T00:39:29+00:00\" \/>\n<meta property=\"og:image\" content=\"https:\/\/m.media-amazon.com\/images\/I\/51UDLZLGoIL._SL500_.jpg\" \/>\n\t<meta property=\"og:image:width\" content=\"500\" \/>\n\t<meta property=\"og:image:height\" content=\"498\" \/>\n\t<meta property=\"og:image:type\" content=\"image\/jpeg\" \/>\n<meta name=\"twitter:card\" content=\"summary_large_image\" \/>\n<meta name=\"twitter:label1\" content=\"Gesch\u00e4tzte Lesezeit\" \/>\n\t<meta name=\"twitter:data1\" content=\"1\u00a0Minute\" \/>\n<script type=\"application\/ld+json\" class=\"yoast-schema-graph\">{\"@context\":\"https:\\\/\\\/schema.org\",\"@graph\":[{\"@type\":\"WebPage\",\"@id\":\"https:\\\/\\\/marktxxl.de\\\/markt\\\/produkt\\\/pinselset-make-up-pinsel-20-stueck-bestope-professionelles-kosmetikpinsel-schminkpinsel-set-augenpinsel-lidschattenpinsel-make-up-pinsel-set-champagner-gold\\\/\",\"url\":\"https:\\\/\\\/marktxxl.de\\\/markt\\\/produkt\\\/pinselset-make-up-pinsel-20-stueck-bestope-professionelles-kosmetikpinsel-schminkpinsel-set-augenpinsel-lidschattenpinsel-make-up-pinsel-set-champagner-gold\\\/\",\"name\":\"Pinselset Make Up Pinsel 20 St\u00fcck BESTOPE PRO Professionelles Kosmetikpinsel Schminkpinsel Set Augenpinsel\u2026 - Markt-XXL\",\"isPartOf\":{\"@id\":\"https:\\\/\\\/marktxxl.de\\\/markt\\\/#website\"},\"primaryImageOfPage\":{\"@id\":\"https:\\\/\\\/marktxxl.de\\\/markt\\\/produkt\\\/pinselset-make-up-pinsel-20-stueck-bestope-professionelles-kosmetikpinsel-schminkpinsel-set-augenpinsel-lidschattenpinsel-make-up-pinsel-set-champagner-gold\\\/#primaryimage\"},\"image\":{\"@id\":\"https:\\\/\\\/marktxxl.de\\\/markt\\\/produkt\\\/pinselset-make-up-pinsel-20-stueck-bestope-professionelles-kosmetikpinsel-schminkpinsel-set-augenpinsel-lidschattenpinsel-make-up-pinsel-set-champagner-gold\\\/#primaryimage\"},\"thumbnailUrl\":\"https:\\\/\\\/m.media-amazon.com\\\/images\\\/I\\\/51UDLZLGoIL._SL500_.jpg\",\"datePublished\":\"2021-12-28T14:45:47+00:00\",\"dateModified\":\"2023-04-09T00:39:29+00:00\",\"description\":\"Markt-XXL Pinselset Make Up Pinsel 20 St\u00fcck BESTOPE PRO Professionelles Kosmetikpinsel Schminkpinsel Set Augenpinsel\u2026\",\"breadcrumb\":{\"@id\":\"https:\\\/\\\/marktxxl.de\\\/markt\\\/produkt\\\/pinselset-make-up-pinsel-20-stueck-bestope-professionelles-kosmetikpinsel-schminkpinsel-set-augenpinsel-lidschattenpinsel-make-up-pinsel-set-champagner-gold\\\/#breadcrumb\"},\"inLanguage\":\"de\",\"potentialAction\":[{\"@type\":\"ReadAction\",\"target\":[\"https:\\\/\\\/marktxxl.de\\\/markt\\\/produkt\\\/pinselset-make-up-pinsel-20-stueck-bestope-professionelles-kosmetikpinsel-schminkpinsel-set-augenpinsel-lidschattenpinsel-make-up-pinsel-set-champagner-gold\\\/\"]}]},{\"@type\":\"ImageObject\",\"inLanguage\":\"de\",\"@id\":\"https:\\\/\\\/marktxxl.de\\\/markt\\\/produkt\\\/pinselset-make-up-pinsel-20-stueck-bestope-professionelles-kosmetikpinsel-schminkpinsel-set-augenpinsel-lidschattenpinsel-make-up-pinsel-set-champagner-gold\\\/#primaryimage\",\"url\":\"https:\\\/\\\/m.media-amazon.com\\\/images\\\/I\\\/51UDLZLGoIL._SL500_.jpg\",\"contentUrl\":\"https:\\\/\\\/m.media-amazon.com\\\/images\\\/I\\\/51UDLZLGoIL._SL500_.jpg\",\"width\":500,\"height\":498},{\"@type\":\"BreadcrumbList\",\"@id\":\"https:\\\/\\\/marktxxl.de\\\/markt\\\/produkt\\\/pinselset-make-up-pinsel-20-stueck-bestope-professionelles-kosmetikpinsel-schminkpinsel-set-augenpinsel-lidschattenpinsel-make-up-pinsel-set-champagner-gold\\\/#breadcrumb\",\"itemListElement\":[{\"@type\":\"ListItem\",\"position\":1,\"name\":\"Startseite\",\"item\":\"https:\\\/\\\/marktxxl.de\\\/markt\\\/\"},{\"@type\":\"ListItem\",\"position\":2,\"name\":\"Markt\",\"item\":\"https:\\\/\\\/marktxxl.de\\\/markt\\\/\"},{\"@type\":\"ListItem\",\"position\":3,\"name\":\"Pinselset Make Up Pinsel 20 St\u00fcck BESTOPE PRO Professionelles Kosmetikpinsel Schminkpinsel Set Augenpinsel\u2026\"}]},{\"@type\":\"WebSite\",\"@id\":\"https:\\\/\\\/marktxxl.de\\\/markt\\\/#website\",\"url\":\"https:\\\/\\\/marktxxl.de\\\/markt\\\/\",\"name\":\"Markt-XXL\",\"description\":\"Ihr Markt Online\",\"publisher\":{\"@id\":\"https:\\\/\\\/marktxxl.de\\\/markt\\\/#organization\"},\"potentialAction\":[{\"@type\":\"SearchAction\",\"target\":{\"@type\":\"EntryPoint\",\"urlTemplate\":\"https:\\\/\\\/marktxxl.de\\\/markt\\\/?s={search_term_string}\"},\"query-input\":{\"@type\":\"PropertyValueSpecification\",\"valueRequired\":true,\"valueName\":\"search_term_string\"}}],\"inLanguage\":\"de\"},{\"@type\":\"Organization\",\"@id\":\"https:\\\/\\\/marktxxl.de\\\/markt\\\/#organization\",\"name\":\"Markt-XXL\",\"url\":\"https:\\\/\\\/marktxxl.de\\\/markt\\\/\",\"logo\":{\"@type\":\"ImageObject\",\"inLanguage\":\"de\",\"@id\":\"https:\\\/\\\/marktxxl.de\\\/markt\\\/#\\\/schema\\\/logo\\\/image\\\/\",\"url\":\"https:\\\/\\\/marktxxl.de\\\/markt\\\/wp-content\\\/uploads\\\/sites\\\/3\\\/2020\\\/12\\\/logo.png\",\"contentUrl\":\"https:\\\/\\\/marktxxl.de\\\/markt\\\/wp-content\\\/uploads\\\/sites\\\/3\\\/2020\\\/12\\\/logo.png\",\"width\":200,\"height\":70,\"caption\":\"Markt-XXL\"},\"image\":{\"@id\":\"https:\\\/\\\/marktxxl.de\\\/markt\\\/#\\\/schema\\\/logo\\\/image\\\/\"}}]}<\/script>\n<!-- \/ Yoast SEO plugin. -->","yoast_head_json":{"title":"Pinselset Make Up Pinsel 20 St\u00fcck BESTOPE PRO Professionelles Kosmetikpinsel Schminkpinsel Set Augenpinsel\u2026 - Markt-XXL","description":"Markt-XXL Pinselset Make Up Pinsel 20 St\u00fcck BESTOPE PRO Professionelles Kosmetikpinsel Schminkpinsel Set Augenpinsel\u2026","robots":{"index":"index","follow":"follow","max-snippet":"max-snippet:-1","max-image-preview":"max-image-preview:large","max-video-preview":"max-video-preview:-1"},"canonical":"https:\/\/marktxxl.de\/markt\/produkt\/pinselset-make-up-pinsel-20-stueck-bestope-professionelles-kosmetikpinsel-schminkpinsel-set-augenpinsel-lidschattenpinsel-make-up-pinsel-set-champagner-gold\/","og_locale":"de_DE","og_type":"article","og_title":"Pinselset Make Up Pinsel 20 St\u00fcck BESTOPE PRO Professionelles Kosmetikpinsel Schminkpinsel Set Augenpinsel\u2026 - Markt-XXL","og_description":"Markt-XXL Pinselset Make Up Pinsel 20 St\u00fcck BESTOPE PRO Professionelles Kosmetikpinsel Schminkpinsel Set Augenpinsel\u2026","og_url":"https:\/\/marktxxl.de\/markt\/produkt\/pinselset-make-up-pinsel-20-stueck-bestope-professionelles-kosmetikpinsel-schminkpinsel-set-augenpinsel-lidschattenpinsel-make-up-pinsel-set-champagner-gold\/","og_site_name":"Markt-XXL","article_modified_time":"2023-04-09T00:39:29+00:00","og_image":[{"width":500,"height":498,"url":"https:\/\/m.media-amazon.com\/images\/I\/51UDLZLGoIL._SL500_.jpg","type":"image\/jpeg"}],"twitter_card":"summary_large_image","twitter_misc":{"Gesch\u00e4tzte Lesezeit":"1\u00a0Minute"},"schema":{"@context":"https:\/\/schema.org","@graph":[{"@type":"WebPage","@id":"https:\/\/marktxxl.de\/markt\/produkt\/pinselset-make-up-pinsel-20-stueck-bestope-professionelles-kosmetikpinsel-schminkpinsel-set-augenpinsel-lidschattenpinsel-make-up-pinsel-set-champagner-gold\/","url":"https:\/\/marktxxl.de\/markt\/produkt\/pinselset-make-up-pinsel-20-stueck-bestope-professionelles-kosmetikpinsel-schminkpinsel-set-augenpinsel-lidschattenpinsel-make-up-pinsel-set-champagner-gold\/","name":"Pinselset Make Up Pinsel 20 St\u00fcck BESTOPE PRO Professionelles Kosmetikpinsel Schminkpinsel Set Augenpinsel\u2026 - Markt-XXL","isPartOf":{"@id":"https:\/\/marktxxl.de\/markt\/#website"},"primaryImageOfPage":{"@id":"https:\/\/marktxxl.de\/markt\/produkt\/pinselset-make-up-pinsel-20-stueck-bestope-professionelles-kosmetikpinsel-schminkpinsel-set-augenpinsel-lidschattenpinsel-make-up-pinsel-set-champagner-gold\/#primaryimage"},"image":{"@id":"https:\/\/marktxxl.de\/markt\/produkt\/pinselset-make-up-pinsel-20-stueck-bestope-professionelles-kosmetikpinsel-schminkpinsel-set-augenpinsel-lidschattenpinsel-make-up-pinsel-set-champagner-gold\/#primaryimage"},"thumbnailUrl":"https:\/\/m.media-amazon.com\/images\/I\/51UDLZLGoIL._SL500_.jpg","datePublished":"2021-12-28T14:45:47+00:00","dateModified":"2023-04-09T00:39:29+00:00","description":"Markt-XXL Pinselset Make Up Pinsel 20 St\u00fcck BESTOPE PRO Professionelles Kosmetikpinsel Schminkpinsel Set Augenpinsel\u2026","breadcrumb":{"@id":"https:\/\/marktxxl.de\/markt\/produkt\/pinselset-make-up-pinsel-20-stueck-bestope-professionelles-kosmetikpinsel-schminkpinsel-set-augenpinsel-lidschattenpinsel-make-up-pinsel-set-champagner-gold\/#breadcrumb"},"inLanguage":"de","potentialAction":[{"@type":"ReadAction","target":["https:\/\/marktxxl.de\/markt\/produkt\/pinselset-make-up-pinsel-20-stueck-bestope-professionelles-kosmetikpinsel-schminkpinsel-set-augenpinsel-lidschattenpinsel-make-up-pinsel-set-champagner-gold\/"]}]},{"@type":"ImageObject","inLanguage":"de","@id":"https:\/\/marktxxl.de\/markt\/produkt\/pinselset-make-up-pinsel-20-stueck-bestope-professionelles-kosmetikpinsel-schminkpinsel-set-augenpinsel-lidschattenpinsel-make-up-pinsel-set-champagner-gold\/#primaryimage","url":"https:\/\/m.media-amazon.com\/images\/I\/51UDLZLGoIL._SL500_.jpg","contentUrl":"https:\/\/m.media-amazon.com\/images\/I\/51UDLZLGoIL._SL500_.jpg","width":500,"height":498},{"@type":"BreadcrumbList","@id":"https:\/\/marktxxl.de\/markt\/produkt\/pinselset-make-up-pinsel-20-stueck-bestope-professionelles-kosmetikpinsel-schminkpinsel-set-augenpinsel-lidschattenpinsel-make-up-pinsel-set-champagner-gold\/#breadcrumb","itemListElement":[{"@type":"ListItem","position":1,"name":"Startseite","item":"https:\/\/marktxxl.de\/markt\/"},{"@type":"ListItem","position":2,"name":"Markt","item":"https:\/\/marktxxl.de\/markt\/"},{"@type":"ListItem","position":3,"name":"Pinselset Make Up Pinsel 20 St\u00fcck BESTOPE PRO Professionelles Kosmetikpinsel Schminkpinsel Set Augenpinsel\u2026"}]},{"@type":"WebSite","@id":"https:\/\/marktxxl.de\/markt\/#website","url":"https:\/\/marktxxl.de\/markt\/","name":"Markt-XXL","description":"Ihr Markt Online","publisher":{"@id":"https:\/\/marktxxl.de\/markt\/#organization"},"potentialAction":[{"@type":"SearchAction","target":{"@type":"EntryPoint","urlTemplate":"https:\/\/marktxxl.de\/markt\/?s={search_term_string}"},"query-input":{"@type":"PropertyValueSpecification","valueRequired":true,"valueName":"search_term_string"}}],"inLanguage":"de"},{"@type":"Organization","@id":"https:\/\/marktxxl.de\/markt\/#organization","name":"Markt-XXL","url":"https:\/\/marktxxl.de\/markt\/","logo":{"@type":"ImageObject","inLanguage":"de","@id":"https:\/\/marktxxl.de\/markt\/#\/schema\/logo\/image\/","url":"https:\/\/marktxxl.de\/markt\/wp-content\/uploads\/sites\/3\/2020\/12\/logo.png","contentUrl":"https:\/\/marktxxl.de\/markt\/wp-content\/uploads\/sites\/3\/2020\/12\/logo.png","width":200,"height":70,"caption":"Markt-XXL"},"image":{"@id":"https:\/\/marktxxl.de\/markt\/#\/schema\/logo\/image\/"}}]}},"_links":{"self":[{"href":"https:\/\/marktxxl.de\/markt\/wp-json\/wp\/v2\/product\/86274","targetHints":{"allow":["GET"]}}],"collection":[{"href":"https:\/\/marktxxl.de\/markt\/wp-json\/wp\/v2\/product"}],"about":[{"href":"https:\/\/marktxxl.de\/markt\/wp-json\/wp\/v2\/types\/product"}],"replies":[{"embeddable":true,"href":"https:\/\/marktxxl.de\/markt\/wp-json\/wp\/v2\/comments?post=86274"}],"wp:featuredmedia":[{"embeddable":true,"href":"https:\/\/marktxxl.de\/markt\/wp-json\/wp\/v2\/media\/86275"}],"wp:attachment":[{"href":"https:\/\/marktxxl.de\/markt\/wp-json\/wp\/v2\/media?parent=86274"}],"wp:term":[{"taxonomy":"product_brand","embeddable":true,"href":"https:\/\/marktxxl.de\/markt\/wp-json\/wp\/v2\/product_brand?post=86274"},{"taxonomy":"product_cat","embeddable":true,"href":"https:\/\/marktxxl.de\/markt\/wp-json\/wp\/v2\/product_cat?post=86274"},{"taxonomy":"product_tag","embeddable":true,"href":"https:\/\/marktxxl.de\/markt\/wp-json\/wp\/v2\/product_tag?post=86274"}],"curies":[{"name":"wp","href":"https:\/\/api.w.org\/{rel}","templated":true}]}}