{"id":86030,"date":"2021-12-28T15:35:02","date_gmt":"2021-12-28T14:35:02","guid":{"rendered":"https:\/\/marktxxl.de\/markt\/produkt\/organic-cacao-butter\/"},"modified":"2023-04-09T02:39:22","modified_gmt":"2023-04-09T00:39:22","slug":"organic-cacao-butter","status":"publish","type":"product","link":"https:\/\/marktxxl.de\/markt\/produkt\/organic-cacao-butter\/","title":{"rendered":"Indigo Herbs Bio Kakaobutter 1kg | Vegane | Rein &amp; GMO Frei"},"content":{"rendered":"<p>PREMIUM QUALIT\u00c4T: Weicher, seidiger und zarter echter Schokoladengeschmack und eine fantastische Quelle gesunder Fetts\u00e4uren. Gemischt mit Cacao Powder, einem nat\u00fcrlichen S\u00fc\u00dfstoff wie Stevia oder Agave, und etwas Vanillearoma, verwandelt sich diese Butter in k\u00f6stliche Schokolade. \u00dcber Mandeln, Maulbeeren oder andere getrocknete Fr\u00fcchte oder N\u00fcsse gie\u00dfen, um einfache Kakao-Leckereien zu kreieren.<br \/>\nANWENDUNG: Unraffinierte Kakaobutter ist eine der wichtigsten Superfood-Zutaten f\u00fcr die Herstellung von nat\u00fcrlicher reiner Schokolade und kann als Zutat zum Kochen und Backen von Desserts, Tr\u00fcffel und Fudge hergestellt werden. Beim Einschmelzen ist Cacao Butter ein gro\u00dfartiger Ersatz f\u00fcr andere \u00d6larten und ist sogar eine gute Feuchtigkeitscreme, wenn sie auf die Haut aufgetragen wird.<br \/>\nHERSTELLUNGSSTANDARDS: Unsere Kakaobutter stammt aus der Pressung von Kakaopaste, die wiederum aus den Nibs \/ Chips der Kakaobohne kommt. Das entstehende \u00d6l ist die Kakaobutter und der \u00fcbriggebliebene Kuchen ist das Kakaopulver. Der gesamte Prozess wird bei Temperaturen unter 40 \u00b0C durchgef\u00fchrt.<br \/>\nKOMPLETTSORTIMENT: Wir liefern seit langem ein umfangreiches Sortiment an reinen Kakao-Produkten auf Amazon. Ob roher Kakao, Waffeln, Scheiben, Tropfen, Kn\u00f6pfe oder Pulver &#8211; wir haben alles, was Sie zur Schokoladenherstellung ben\u00f6tigen.<br \/>\nINDIGO HERBS: Wir sind ein kleines, familiengef\u00fchrtes britisches Unternehmen, das seit 2004 eine gro\u00dfe Auswahl an hervorragenden pflanzlichen und ern\u00e4hrungsphysiologischen Produkten verkauft. Alle unsere Produkte kommen in Lebensmittelverpackungen und ohne Zusatzstoffe.<br \/>\n<div class=\"main-cross-sell\" data-asin=\"B07ZJ66LTN\">\n\n\t<div class=\"WooZone-cross-sell-loader\">\n\t\t<div>\n\t\t\t<div id=\"floatingBarsG\">\n\t\t\t\t<div class=\"blockG\" id=\"rotateG_01\"><\/div>\n\t\t\t\t<div class=\"blockG\" id=\"rotateG_02\"><\/div>\n\t\t\t\t<div class=\"blockG\" id=\"rotateG_03\"><\/div>\n\t\t\t\t<div class=\"blockG\" id=\"rotateG_04\"><\/div>\n\t\t\t\t<div class=\"blockG\" id=\"rotateG_05\"><\/div>\n\t\t\t\t<div class=\"blockG\" id=\"rotateG_06\"><\/div>\n\t\t\t\t<div class=\"blockG\" id=\"rotateG_07\"><\/div>\n\t\t\t\t<div class=\"blockG\" id=\"rotateG_08\"><\/div>\n\t\t\t<\/div>\n\t\t\t<div class=\"WooZone-cross-sell-loader-text\"><\/div>\n\t\t<\/div>\n\t<\/div>\n\n\t\t\n<\/div>\n<div style=\"clear:both;\"><\/div><\/p>\n","protected":false},"excerpt":{"rendered":"<p>PREMIUM QUALIT\u00c4T: Weicher, seidiger und zarter echter Schokoladengeschmack und eine fantastische Quelle gesunder Fetts\u00e4uren. Gemischt mit Cacao Powder, einem nat\u00fcrlichen S\u00fc\u00dfstoff wie Stevia oder Agave, und etwas Vanillearoma, verwandelt sich diese Butter in k\u00f6stliche Schokolade. \u00dcber Mandeln, Maulbeeren oder andere getrocknete Fr\u00fcchte oder N\u00fcsse gie\u00dfen, um einfache Kakao-Leckereien zu kreieren.<br \/>\nANWENDUNG: Unraffinierte Kakaobutter ist eine der wichtigsten Superfood-Zutaten f\u00fcr die Herstellung von nat\u00fcrlicher reiner Schokolade und kann als Zutat zum Kochen und Backen von Desserts, Tr\u00fcffel und Fudge hergestellt werden. Beim Einschmelzen ist Cacao Butter ein gro\u00dfartiger Ersatz f\u00fcr andere \u00d6larten und ist sogar eine gute Feuchtigkeitscreme, wenn sie auf die Haut aufgetragen wird.<br \/>\nHERSTELLUNGSSTANDARDS: Unsere Kakaobutter stammt aus der Pressung von Kakaopaste, die wiederum aus den Nibs \/ Chips der Kakaobohne kommt. Das entstehende \u00d6l ist die Kakaobutter und der \u00fcbriggebliebene Kuchen ist das Kakaopulver. Der gesamte Prozess wird bei Temperaturen unter 40 \u00b0C durchgef\u00fchrt.<\/p>\n","protected":false},"featured_media":86031,"comment_status":"open","ping_status":"closed","template":"","meta":[],"product_brand":[],"product_cat":[2858,6994],"product_tag":[],"class_list":{"0":"post-86030","1":"product","2":"type-product","3":"status-publish","4":"has-post-thumbnail","6":"product_cat-beauty","7":"product_cat-haarpflege-styling","8":"pa_brand-indigo-herbs","9":"pa_languages-unbekannt-deutsch","10":"pa_manufacturer-indigo-herbs-of-glastonbury","12":"first","13":"instock","14":"shipping-taxable","15":"purchasable","16":"product-type-simple","17":"customify-col","18":"product-has-gallery"},"yoast_head":"<!-- This site is optimized with the Yoast SEO plugin v27.3 - https:\/\/yoast.com\/product\/yoast-seo-wordpress\/ -->\n<title>Indigo Herbs Bio Kakaobutter 1kg | Vegane | Rein &amp; GMO Frei - Markt-XXL<\/title>\n<meta name=\"description\" content=\"Markt-XXL Indigo Herbs Bio Kakaobutter 1kg | Vegane | Rein &amp; GMO Frei\" \/>\n<meta name=\"robots\" content=\"index, follow, max-snippet:-1, max-image-preview:large, max-video-preview:-1\" \/>\n<link rel=\"canonical\" href=\"https:\/\/marktxxl.de\/markt\/produkt\/organic-cacao-butter\/\" \/>\n<meta property=\"og:locale\" content=\"de_DE\" \/>\n<meta property=\"og:type\" content=\"article\" \/>\n<meta property=\"og:title\" content=\"Indigo Herbs Bio Kakaobutter 1kg | Vegane | Rein &amp; GMO Frei - Markt-XXL\" \/>\n<meta property=\"og:description\" content=\"Markt-XXL Indigo Herbs Bio Kakaobutter 1kg | Vegane | Rein &amp; GMO Frei\" \/>\n<meta property=\"og:url\" content=\"https:\/\/marktxxl.de\/markt\/produkt\/organic-cacao-butter\/\" \/>\n<meta property=\"og:site_name\" content=\"Markt-XXL\" \/>\n<meta property=\"article:modified_time\" content=\"2023-04-09T00:39:22+00:00\" \/>\n<meta property=\"og:image\" content=\"https:\/\/m.media-amazon.com\/images\/I\/41CoRxWARNL._SL500_.jpg\" \/>\n\t<meta property=\"og:image:width\" content=\"350\" \/>\n\t<meta property=\"og:image:height\" content=\"500\" \/>\n\t<meta property=\"og:image:type\" content=\"image\/jpeg\" \/>\n<meta name=\"twitter:card\" content=\"summary_large_image\" \/>\n<meta name=\"twitter:label1\" content=\"Gesch\u00e4tzte Lesezeit\" \/>\n\t<meta name=\"twitter:data1\" content=\"1\u00a0Minute\" \/>\n<script type=\"application\/ld+json\" class=\"yoast-schema-graph\">{\"@context\":\"https:\\\/\\\/schema.org\",\"@graph\":[{\"@type\":\"WebPage\",\"@id\":\"https:\\\/\\\/marktxxl.de\\\/markt\\\/produkt\\\/organic-cacao-butter\\\/\",\"url\":\"https:\\\/\\\/marktxxl.de\\\/markt\\\/produkt\\\/organic-cacao-butter\\\/\",\"name\":\"Indigo Herbs Bio Kakaobutter 1kg | Vegane | Rein &amp; GMO Frei - Markt-XXL\",\"isPartOf\":{\"@id\":\"https:\\\/\\\/marktxxl.de\\\/markt\\\/#website\"},\"primaryImageOfPage\":{\"@id\":\"https:\\\/\\\/marktxxl.de\\\/markt\\\/produkt\\\/organic-cacao-butter\\\/#primaryimage\"},\"image\":{\"@id\":\"https:\\\/\\\/marktxxl.de\\\/markt\\\/produkt\\\/organic-cacao-butter\\\/#primaryimage\"},\"thumbnailUrl\":\"https:\\\/\\\/m.media-amazon.com\\\/images\\\/I\\\/41CoRxWARNL._SL500_.jpg\",\"datePublished\":\"2021-12-28T14:35:02+00:00\",\"dateModified\":\"2023-04-09T00:39:22+00:00\",\"description\":\"Markt-XXL Indigo Herbs Bio Kakaobutter 1kg | Vegane | Rein &amp; GMO Frei\",\"breadcrumb\":{\"@id\":\"https:\\\/\\\/marktxxl.de\\\/markt\\\/produkt\\\/organic-cacao-butter\\\/#breadcrumb\"},\"inLanguage\":\"de\",\"potentialAction\":[{\"@type\":\"ReadAction\",\"target\":[\"https:\\\/\\\/marktxxl.de\\\/markt\\\/produkt\\\/organic-cacao-butter\\\/\"]}]},{\"@type\":\"ImageObject\",\"inLanguage\":\"de\",\"@id\":\"https:\\\/\\\/marktxxl.de\\\/markt\\\/produkt\\\/organic-cacao-butter\\\/#primaryimage\",\"url\":\"https:\\\/\\\/m.media-amazon.com\\\/images\\\/I\\\/41CoRxWARNL._SL500_.jpg\",\"contentUrl\":\"https:\\\/\\\/m.media-amazon.com\\\/images\\\/I\\\/41CoRxWARNL._SL500_.jpg\",\"width\":350,\"height\":500},{\"@type\":\"BreadcrumbList\",\"@id\":\"https:\\\/\\\/marktxxl.de\\\/markt\\\/produkt\\\/organic-cacao-butter\\\/#breadcrumb\",\"itemListElement\":[{\"@type\":\"ListItem\",\"position\":1,\"name\":\"Startseite\",\"item\":\"https:\\\/\\\/marktxxl.de\\\/markt\\\/\"},{\"@type\":\"ListItem\",\"position\":2,\"name\":\"Markt\",\"item\":\"https:\\\/\\\/marktxxl.de\\\/markt\\\/\"},{\"@type\":\"ListItem\",\"position\":3,\"name\":\"Indigo Herbs Bio Kakaobutter 1kg | Vegane | Rein &amp; GMO Frei\"}]},{\"@type\":\"WebSite\",\"@id\":\"https:\\\/\\\/marktxxl.de\\\/markt\\\/#website\",\"url\":\"https:\\\/\\\/marktxxl.de\\\/markt\\\/\",\"name\":\"Markt-XXL\",\"description\":\"Ihr Markt Online\",\"publisher\":{\"@id\":\"https:\\\/\\\/marktxxl.de\\\/markt\\\/#organization\"},\"potentialAction\":[{\"@type\":\"SearchAction\",\"target\":{\"@type\":\"EntryPoint\",\"urlTemplate\":\"https:\\\/\\\/marktxxl.de\\\/markt\\\/?s={search_term_string}\"},\"query-input\":{\"@type\":\"PropertyValueSpecification\",\"valueRequired\":true,\"valueName\":\"search_term_string\"}}],\"inLanguage\":\"de\"},{\"@type\":\"Organization\",\"@id\":\"https:\\\/\\\/marktxxl.de\\\/markt\\\/#organization\",\"name\":\"Markt-XXL\",\"url\":\"https:\\\/\\\/marktxxl.de\\\/markt\\\/\",\"logo\":{\"@type\":\"ImageObject\",\"inLanguage\":\"de\",\"@id\":\"https:\\\/\\\/marktxxl.de\\\/markt\\\/#\\\/schema\\\/logo\\\/image\\\/\",\"url\":\"https:\\\/\\\/marktxxl.de\\\/markt\\\/wp-content\\\/uploads\\\/sites\\\/3\\\/2020\\\/12\\\/logo.png\",\"contentUrl\":\"https:\\\/\\\/marktxxl.de\\\/markt\\\/wp-content\\\/uploads\\\/sites\\\/3\\\/2020\\\/12\\\/logo.png\",\"width\":200,\"height\":70,\"caption\":\"Markt-XXL\"},\"image\":{\"@id\":\"https:\\\/\\\/marktxxl.de\\\/markt\\\/#\\\/schema\\\/logo\\\/image\\\/\"}}]}<\/script>\n<!-- \/ Yoast SEO plugin. -->","yoast_head_json":{"title":"Indigo Herbs Bio Kakaobutter 1kg | Vegane | Rein &amp; GMO Frei - Markt-XXL","description":"Markt-XXL Indigo Herbs Bio Kakaobutter 1kg | Vegane | Rein &amp; GMO Frei","robots":{"index":"index","follow":"follow","max-snippet":"max-snippet:-1","max-image-preview":"max-image-preview:large","max-video-preview":"max-video-preview:-1"},"canonical":"https:\/\/marktxxl.de\/markt\/produkt\/organic-cacao-butter\/","og_locale":"de_DE","og_type":"article","og_title":"Indigo Herbs Bio Kakaobutter 1kg | Vegane | Rein &amp; GMO Frei - Markt-XXL","og_description":"Markt-XXL Indigo Herbs Bio Kakaobutter 1kg | Vegane | Rein &amp; GMO Frei","og_url":"https:\/\/marktxxl.de\/markt\/produkt\/organic-cacao-butter\/","og_site_name":"Markt-XXL","article_modified_time":"2023-04-09T00:39:22+00:00","og_image":[{"width":350,"height":500,"url":"https:\/\/m.media-amazon.com\/images\/I\/41CoRxWARNL._SL500_.jpg","type":"image\/jpeg"}],"twitter_card":"summary_large_image","twitter_misc":{"Gesch\u00e4tzte Lesezeit":"1\u00a0Minute"},"schema":{"@context":"https:\/\/schema.org","@graph":[{"@type":"WebPage","@id":"https:\/\/marktxxl.de\/markt\/produkt\/organic-cacao-butter\/","url":"https:\/\/marktxxl.de\/markt\/produkt\/organic-cacao-butter\/","name":"Indigo Herbs Bio Kakaobutter 1kg | Vegane | Rein &amp; GMO Frei - Markt-XXL","isPartOf":{"@id":"https:\/\/marktxxl.de\/markt\/#website"},"primaryImageOfPage":{"@id":"https:\/\/marktxxl.de\/markt\/produkt\/organic-cacao-butter\/#primaryimage"},"image":{"@id":"https:\/\/marktxxl.de\/markt\/produkt\/organic-cacao-butter\/#primaryimage"},"thumbnailUrl":"https:\/\/m.media-amazon.com\/images\/I\/41CoRxWARNL._SL500_.jpg","datePublished":"2021-12-28T14:35:02+00:00","dateModified":"2023-04-09T00:39:22+00:00","description":"Markt-XXL Indigo Herbs Bio Kakaobutter 1kg | Vegane | Rein &amp; GMO Frei","breadcrumb":{"@id":"https:\/\/marktxxl.de\/markt\/produkt\/organic-cacao-butter\/#breadcrumb"},"inLanguage":"de","potentialAction":[{"@type":"ReadAction","target":["https:\/\/marktxxl.de\/markt\/produkt\/organic-cacao-butter\/"]}]},{"@type":"ImageObject","inLanguage":"de","@id":"https:\/\/marktxxl.de\/markt\/produkt\/organic-cacao-butter\/#primaryimage","url":"https:\/\/m.media-amazon.com\/images\/I\/41CoRxWARNL._SL500_.jpg","contentUrl":"https:\/\/m.media-amazon.com\/images\/I\/41CoRxWARNL._SL500_.jpg","width":350,"height":500},{"@type":"BreadcrumbList","@id":"https:\/\/marktxxl.de\/markt\/produkt\/organic-cacao-butter\/#breadcrumb","itemListElement":[{"@type":"ListItem","position":1,"name":"Startseite","item":"https:\/\/marktxxl.de\/markt\/"},{"@type":"ListItem","position":2,"name":"Markt","item":"https:\/\/marktxxl.de\/markt\/"},{"@type":"ListItem","position":3,"name":"Indigo Herbs Bio Kakaobutter 1kg | Vegane | Rein &amp; GMO Frei"}]},{"@type":"WebSite","@id":"https:\/\/marktxxl.de\/markt\/#website","url":"https:\/\/marktxxl.de\/markt\/","name":"Markt-XXL","description":"Ihr Markt Online","publisher":{"@id":"https:\/\/marktxxl.de\/markt\/#organization"},"potentialAction":[{"@type":"SearchAction","target":{"@type":"EntryPoint","urlTemplate":"https:\/\/marktxxl.de\/markt\/?s={search_term_string}"},"query-input":{"@type":"PropertyValueSpecification","valueRequired":true,"valueName":"search_term_string"}}],"inLanguage":"de"},{"@type":"Organization","@id":"https:\/\/marktxxl.de\/markt\/#organization","name":"Markt-XXL","url":"https:\/\/marktxxl.de\/markt\/","logo":{"@type":"ImageObject","inLanguage":"de","@id":"https:\/\/marktxxl.de\/markt\/#\/schema\/logo\/image\/","url":"https:\/\/marktxxl.de\/markt\/wp-content\/uploads\/sites\/3\/2020\/12\/logo.png","contentUrl":"https:\/\/marktxxl.de\/markt\/wp-content\/uploads\/sites\/3\/2020\/12\/logo.png","width":200,"height":70,"caption":"Markt-XXL"},"image":{"@id":"https:\/\/marktxxl.de\/markt\/#\/schema\/logo\/image\/"}}]}},"_links":{"self":[{"href":"https:\/\/marktxxl.de\/markt\/wp-json\/wp\/v2\/product\/86030","targetHints":{"allow":["GET"]}}],"collection":[{"href":"https:\/\/marktxxl.de\/markt\/wp-json\/wp\/v2\/product"}],"about":[{"href":"https:\/\/marktxxl.de\/markt\/wp-json\/wp\/v2\/types\/product"}],"replies":[{"embeddable":true,"href":"https:\/\/marktxxl.de\/markt\/wp-json\/wp\/v2\/comments?post=86030"}],"wp:featuredmedia":[{"embeddable":true,"href":"https:\/\/marktxxl.de\/markt\/wp-json\/wp\/v2\/media\/86031"}],"wp:attachment":[{"href":"https:\/\/marktxxl.de\/markt\/wp-json\/wp\/v2\/media?parent=86030"}],"wp:term":[{"taxonomy":"product_brand","embeddable":true,"href":"https:\/\/marktxxl.de\/markt\/wp-json\/wp\/v2\/product_brand?post=86030"},{"taxonomy":"product_cat","embeddable":true,"href":"https:\/\/marktxxl.de\/markt\/wp-json\/wp\/v2\/product_cat?post=86030"},{"taxonomy":"product_tag","embeddable":true,"href":"https:\/\/marktxxl.de\/markt\/wp-json\/wp\/v2\/product_tag?post=86030"}],"curies":[{"name":"wp","href":"https:\/\/api.w.org\/{rel}","templated":true}]}}