{"id":85345,"date":"2021-12-28T14:12:57","date_gmt":"2021-12-28T13:12:57","guid":{"rendered":"https:\/\/marktxxl.de\/markt\/produkt\/konterholz-holzfinish-500ml-bienenwachs-moebelpflege-holzwachs-farblos-holzschutz\/"},"modified":"2023-04-11T03:04:08","modified_gmt":"2023-04-11T01:04:08","slug":"konterholz-holzfinish-500ml-bienenwachs-moebelpflege-holzwachs-farblos-holzschutz","status":"publish","type":"product","link":"https:\/\/marktxxl.de\/markt\/produkt\/konterholz-holzfinish-500ml-bienenwachs-moebelpflege-holzwachs-farblos-holzschutz\/","title":{"rendered":"Konterholz Holzfinish 500ml Bienenwachs M\u00f6belpflege Holzwachs farblos Holzschutz"},"content":{"rendered":"<p>HERGESTELLT IM SAARLAND: Das Konterholz Holzfinish wird mit Liebe von Hand im Saarland hergestellt. ( Der Typ auf dem Bild, Philipp, das bin ich. Ich habe das Holzfinish auch hergestellt \ud83d\ude42 )<br \/>\nREADY TO GO! Neben den vielen kleinen Goodies findest du auch ein gro\u00dfes praktischen Baumwolltuch im Paket. So kannst du direkt mit deinen ersten Projekten loslegen ohne nach einem geeignetem Tuch zu suchen.<br \/>\nEINFACHE VERARBEITUNG: Sei kreativ! Du kannst das Konterholz Holzfinish so auftragen, wie du es m\u00f6chtest! Nimm dazu einfach das beigelegte recycelte Baumwolltuch oder einen Spachtel f\u00fcr gr\u00f6\u00dfere Fl\u00e4chen. Das Konterholz Holzfinish ist f\u00fcr alle unbehandelten, ge\u00f6lten oder gewachsten Oberfl\u00e4chen geeignet.<br \/>\nWASSER PERLT REGELRECHT AB: Durch das enthaltene Bienenwachs im Konterholz Holzfinish perlt Wasser regelrecht ab.<br \/>\nHEAVY METAL ABER KEIN SCHNICK SCHNACK! Das Konterholz Holzfinish befindet sich in einer stabilen 500ML Blechdose. Gro\u00df und stabil, also perfekt f\u00fcr die Werkstatt. Dabei wurde bei der Verpackung darauf geachtet unn\u00f6tigen Plastikm\u00fcll zu vermeiden.<br \/>\n<div class=\"main-cross-sell\" data-asin=\"B08CVT2QWW\">\n\n\t<div class=\"WooZone-cross-sell-loader\">\n\t\t<div>\n\t\t\t<div id=\"floatingBarsG\">\n\t\t\t\t<div class=\"blockG\" id=\"rotateG_01\"><\/div>\n\t\t\t\t<div class=\"blockG\" id=\"rotateG_02\"><\/div>\n\t\t\t\t<div class=\"blockG\" id=\"rotateG_03\"><\/div>\n\t\t\t\t<div class=\"blockG\" id=\"rotateG_04\"><\/div>\n\t\t\t\t<div class=\"blockG\" id=\"rotateG_05\"><\/div>\n\t\t\t\t<div class=\"blockG\" id=\"rotateG_06\"><\/div>\n\t\t\t\t<div class=\"blockG\" id=\"rotateG_07\"><\/div>\n\t\t\t\t<div class=\"blockG\" id=\"rotateG_08\"><\/div>\n\t\t\t<\/div>\n\t\t\t<div class=\"WooZone-cross-sell-loader-text\"><\/div>\n\t\t<\/div>\n\t<\/div>\n\n\t\t\n<\/div>\n<div style=\"clear:both;\"><\/div><\/p>\n","protected":false},"excerpt":{"rendered":"<p>HERGESTELLT IM SAARLAND: Das Konterholz Holzfinish wird mit Liebe von Hand im Saarland hergestellt. ( Der Typ auf dem Bild, Philipp, das bin ich. Ich habe das Holzfinish auch hergestellt \ud83d\ude42 )<br \/>\nREADY TO GO! Neben den vielen kleinen Goodies findest du auch ein gro\u00dfes praktischen Baumwolltuch im Paket. So kannst du direkt mit deinen ersten Projekten loslegen ohne nach einem geeignetem Tuch zu suchen.<br \/>\nEINFACHE VERARBEITUNG: Sei kreativ! Du kannst das Konterholz Holzfinish so auftragen, wie du es m\u00f6chtest! Nimm dazu einfach das beigelegte recycelte Baumwolltuch oder einen Spachtel f\u00fcr gr\u00f6\u00dfere Fl\u00e4chen. Das Konterholz Holzfinish ist f\u00fcr alle unbehandelten, ge\u00f6lten oder gewachsten Oberfl\u00e4chen geeignet.<\/p>\n","protected":false},"featured_media":85346,"comment_status":"open","ping_status":"closed","template":"","meta":[],"product_brand":[],"product_cat":[1983,11212],"product_tag":[],"class_list":{"0":"post-85345","1":"product","2":"type-product","3":"status-publish","4":"has-post-thumbnail","6":"product_cat-baumarkt","7":"product_cat-malerbedarf-werkzeuge-tapeten","8":"pa_brand-konterholz","9":"pa_manufacturer-konterholz","10":"pa_size-500-ml-1er-pack","12":"first","13":"instock","14":"shipping-taxable","15":"purchasable","16":"product-type-simple","17":"customify-col","18":"product-has-gallery"},"yoast_head":"<!-- This site is optimized with the Yoast SEO plugin v27.3 - https:\/\/yoast.com\/product\/yoast-seo-wordpress\/ -->\n<title>Konterholz Holzfinish 500ml Bienenwachs M\u00f6belpflege Holzwachs farblos Holzschutz - Markt-XXL<\/title>\n<meta name=\"description\" content=\"Markt-XXL Konterholz Holzfinish 500ml Bienenwachs M\u00f6belpflege Holzwachs farblos Holzschutz\" \/>\n<meta name=\"robots\" content=\"index, follow, max-snippet:-1, max-image-preview:large, max-video-preview:-1\" \/>\n<link rel=\"canonical\" href=\"https:\/\/marktxxl.de\/markt\/produkt\/konterholz-holzfinish-500ml-bienenwachs-moebelpflege-holzwachs-farblos-holzschutz\/\" \/>\n<meta property=\"og:locale\" content=\"de_DE\" \/>\n<meta property=\"og:type\" content=\"article\" \/>\n<meta property=\"og:title\" content=\"Konterholz Holzfinish 500ml Bienenwachs M\u00f6belpflege Holzwachs farblos Holzschutz - Markt-XXL\" \/>\n<meta property=\"og:description\" content=\"Markt-XXL Konterholz Holzfinish 500ml Bienenwachs M\u00f6belpflege Holzwachs farblos Holzschutz\" \/>\n<meta property=\"og:url\" content=\"https:\/\/marktxxl.de\/markt\/produkt\/konterholz-holzfinish-500ml-bienenwachs-moebelpflege-holzwachs-farblos-holzschutz\/\" \/>\n<meta property=\"og:site_name\" content=\"Markt-XXL\" \/>\n<meta property=\"article:modified_time\" content=\"2023-04-11T01:04:08+00:00\" \/>\n<meta property=\"og:image\" content=\"https:\/\/m.media-amazon.com\/images\/I\/41fWKiFvcNS._SL500_.jpg\" \/>\n\t<meta property=\"og:image:width\" content=\"500\" \/>\n\t<meta property=\"og:image:height\" content=\"500\" \/>\n\t<meta property=\"og:image:type\" content=\"image\/jpeg\" \/>\n<meta name=\"twitter:card\" content=\"summary_large_image\" \/>\n<meta name=\"twitter:label1\" content=\"Gesch\u00e4tzte Lesezeit\" \/>\n\t<meta name=\"twitter:data1\" content=\"1\u00a0Minute\" \/>\n<script type=\"application\/ld+json\" class=\"yoast-schema-graph\">{\"@context\":\"https:\\\/\\\/schema.org\",\"@graph\":[{\"@type\":\"WebPage\",\"@id\":\"https:\\\/\\\/marktxxl.de\\\/markt\\\/produkt\\\/konterholz-holzfinish-500ml-bienenwachs-moebelpflege-holzwachs-farblos-holzschutz\\\/\",\"url\":\"https:\\\/\\\/marktxxl.de\\\/markt\\\/produkt\\\/konterholz-holzfinish-500ml-bienenwachs-moebelpflege-holzwachs-farblos-holzschutz\\\/\",\"name\":\"Konterholz Holzfinish 500ml Bienenwachs M\u00f6belpflege Holzwachs farblos Holzschutz - Markt-XXL\",\"isPartOf\":{\"@id\":\"https:\\\/\\\/marktxxl.de\\\/markt\\\/#website\"},\"primaryImageOfPage\":{\"@id\":\"https:\\\/\\\/marktxxl.de\\\/markt\\\/produkt\\\/konterholz-holzfinish-500ml-bienenwachs-moebelpflege-holzwachs-farblos-holzschutz\\\/#primaryimage\"},\"image\":{\"@id\":\"https:\\\/\\\/marktxxl.de\\\/markt\\\/produkt\\\/konterholz-holzfinish-500ml-bienenwachs-moebelpflege-holzwachs-farblos-holzschutz\\\/#primaryimage\"},\"thumbnailUrl\":\"https:\\\/\\\/m.media-amazon.com\\\/images\\\/I\\\/41fWKiFvcNS._SL500_.jpg\",\"datePublished\":\"2021-12-28T13:12:57+00:00\",\"dateModified\":\"2023-04-11T01:04:08+00:00\",\"description\":\"Markt-XXL Konterholz Holzfinish 500ml Bienenwachs M\u00f6belpflege Holzwachs farblos Holzschutz\",\"breadcrumb\":{\"@id\":\"https:\\\/\\\/marktxxl.de\\\/markt\\\/produkt\\\/konterholz-holzfinish-500ml-bienenwachs-moebelpflege-holzwachs-farblos-holzschutz\\\/#breadcrumb\"},\"inLanguage\":\"de\",\"potentialAction\":[{\"@type\":\"ReadAction\",\"target\":[\"https:\\\/\\\/marktxxl.de\\\/markt\\\/produkt\\\/konterholz-holzfinish-500ml-bienenwachs-moebelpflege-holzwachs-farblos-holzschutz\\\/\"]}]},{\"@type\":\"ImageObject\",\"inLanguage\":\"de\",\"@id\":\"https:\\\/\\\/marktxxl.de\\\/markt\\\/produkt\\\/konterholz-holzfinish-500ml-bienenwachs-moebelpflege-holzwachs-farblos-holzschutz\\\/#primaryimage\",\"url\":\"https:\\\/\\\/m.media-amazon.com\\\/images\\\/I\\\/41fWKiFvcNS._SL500_.jpg\",\"contentUrl\":\"https:\\\/\\\/m.media-amazon.com\\\/images\\\/I\\\/41fWKiFvcNS._SL500_.jpg\",\"width\":500,\"height\":500},{\"@type\":\"BreadcrumbList\",\"@id\":\"https:\\\/\\\/marktxxl.de\\\/markt\\\/produkt\\\/konterholz-holzfinish-500ml-bienenwachs-moebelpflege-holzwachs-farblos-holzschutz\\\/#breadcrumb\",\"itemListElement\":[{\"@type\":\"ListItem\",\"position\":1,\"name\":\"Startseite\",\"item\":\"https:\\\/\\\/marktxxl.de\\\/markt\\\/\"},{\"@type\":\"ListItem\",\"position\":2,\"name\":\"Markt\",\"item\":\"https:\\\/\\\/marktxxl.de\\\/markt\\\/\"},{\"@type\":\"ListItem\",\"position\":3,\"name\":\"Konterholz Holzfinish 500ml Bienenwachs M\u00f6belpflege Holzwachs farblos Holzschutz\"}]},{\"@type\":\"WebSite\",\"@id\":\"https:\\\/\\\/marktxxl.de\\\/markt\\\/#website\",\"url\":\"https:\\\/\\\/marktxxl.de\\\/markt\\\/\",\"name\":\"Markt-XXL\",\"description\":\"Ihr Markt Online\",\"publisher\":{\"@id\":\"https:\\\/\\\/marktxxl.de\\\/markt\\\/#organization\"},\"potentialAction\":[{\"@type\":\"SearchAction\",\"target\":{\"@type\":\"EntryPoint\",\"urlTemplate\":\"https:\\\/\\\/marktxxl.de\\\/markt\\\/?s={search_term_string}\"},\"query-input\":{\"@type\":\"PropertyValueSpecification\",\"valueRequired\":true,\"valueName\":\"search_term_string\"}}],\"inLanguage\":\"de\"},{\"@type\":\"Organization\",\"@id\":\"https:\\\/\\\/marktxxl.de\\\/markt\\\/#organization\",\"name\":\"Markt-XXL\",\"url\":\"https:\\\/\\\/marktxxl.de\\\/markt\\\/\",\"logo\":{\"@type\":\"ImageObject\",\"inLanguage\":\"de\",\"@id\":\"https:\\\/\\\/marktxxl.de\\\/markt\\\/#\\\/schema\\\/logo\\\/image\\\/\",\"url\":\"https:\\\/\\\/marktxxl.de\\\/markt\\\/wp-content\\\/uploads\\\/sites\\\/3\\\/2020\\\/12\\\/logo.png\",\"contentUrl\":\"https:\\\/\\\/marktxxl.de\\\/markt\\\/wp-content\\\/uploads\\\/sites\\\/3\\\/2020\\\/12\\\/logo.png\",\"width\":200,\"height\":70,\"caption\":\"Markt-XXL\"},\"image\":{\"@id\":\"https:\\\/\\\/marktxxl.de\\\/markt\\\/#\\\/schema\\\/logo\\\/image\\\/\"}}]}<\/script>\n<!-- \/ Yoast SEO plugin. -->","yoast_head_json":{"title":"Konterholz Holzfinish 500ml Bienenwachs M\u00f6belpflege Holzwachs farblos Holzschutz - Markt-XXL","description":"Markt-XXL Konterholz Holzfinish 500ml Bienenwachs M\u00f6belpflege Holzwachs farblos Holzschutz","robots":{"index":"index","follow":"follow","max-snippet":"max-snippet:-1","max-image-preview":"max-image-preview:large","max-video-preview":"max-video-preview:-1"},"canonical":"https:\/\/marktxxl.de\/markt\/produkt\/konterholz-holzfinish-500ml-bienenwachs-moebelpflege-holzwachs-farblos-holzschutz\/","og_locale":"de_DE","og_type":"article","og_title":"Konterholz Holzfinish 500ml Bienenwachs M\u00f6belpflege Holzwachs farblos Holzschutz - Markt-XXL","og_description":"Markt-XXL Konterholz Holzfinish 500ml Bienenwachs M\u00f6belpflege Holzwachs farblos Holzschutz","og_url":"https:\/\/marktxxl.de\/markt\/produkt\/konterholz-holzfinish-500ml-bienenwachs-moebelpflege-holzwachs-farblos-holzschutz\/","og_site_name":"Markt-XXL","article_modified_time":"2023-04-11T01:04:08+00:00","og_image":[{"width":500,"height":500,"url":"https:\/\/m.media-amazon.com\/images\/I\/41fWKiFvcNS._SL500_.jpg","type":"image\/jpeg"}],"twitter_card":"summary_large_image","twitter_misc":{"Gesch\u00e4tzte Lesezeit":"1\u00a0Minute"},"schema":{"@context":"https:\/\/schema.org","@graph":[{"@type":"WebPage","@id":"https:\/\/marktxxl.de\/markt\/produkt\/konterholz-holzfinish-500ml-bienenwachs-moebelpflege-holzwachs-farblos-holzschutz\/","url":"https:\/\/marktxxl.de\/markt\/produkt\/konterholz-holzfinish-500ml-bienenwachs-moebelpflege-holzwachs-farblos-holzschutz\/","name":"Konterholz Holzfinish 500ml Bienenwachs M\u00f6belpflege Holzwachs farblos Holzschutz - Markt-XXL","isPartOf":{"@id":"https:\/\/marktxxl.de\/markt\/#website"},"primaryImageOfPage":{"@id":"https:\/\/marktxxl.de\/markt\/produkt\/konterholz-holzfinish-500ml-bienenwachs-moebelpflege-holzwachs-farblos-holzschutz\/#primaryimage"},"image":{"@id":"https:\/\/marktxxl.de\/markt\/produkt\/konterholz-holzfinish-500ml-bienenwachs-moebelpflege-holzwachs-farblos-holzschutz\/#primaryimage"},"thumbnailUrl":"https:\/\/m.media-amazon.com\/images\/I\/41fWKiFvcNS._SL500_.jpg","datePublished":"2021-12-28T13:12:57+00:00","dateModified":"2023-04-11T01:04:08+00:00","description":"Markt-XXL Konterholz Holzfinish 500ml Bienenwachs M\u00f6belpflege Holzwachs farblos Holzschutz","breadcrumb":{"@id":"https:\/\/marktxxl.de\/markt\/produkt\/konterholz-holzfinish-500ml-bienenwachs-moebelpflege-holzwachs-farblos-holzschutz\/#breadcrumb"},"inLanguage":"de","potentialAction":[{"@type":"ReadAction","target":["https:\/\/marktxxl.de\/markt\/produkt\/konterholz-holzfinish-500ml-bienenwachs-moebelpflege-holzwachs-farblos-holzschutz\/"]}]},{"@type":"ImageObject","inLanguage":"de","@id":"https:\/\/marktxxl.de\/markt\/produkt\/konterholz-holzfinish-500ml-bienenwachs-moebelpflege-holzwachs-farblos-holzschutz\/#primaryimage","url":"https:\/\/m.media-amazon.com\/images\/I\/41fWKiFvcNS._SL500_.jpg","contentUrl":"https:\/\/m.media-amazon.com\/images\/I\/41fWKiFvcNS._SL500_.jpg","width":500,"height":500},{"@type":"BreadcrumbList","@id":"https:\/\/marktxxl.de\/markt\/produkt\/konterholz-holzfinish-500ml-bienenwachs-moebelpflege-holzwachs-farblos-holzschutz\/#breadcrumb","itemListElement":[{"@type":"ListItem","position":1,"name":"Startseite","item":"https:\/\/marktxxl.de\/markt\/"},{"@type":"ListItem","position":2,"name":"Markt","item":"https:\/\/marktxxl.de\/markt\/"},{"@type":"ListItem","position":3,"name":"Konterholz Holzfinish 500ml Bienenwachs M\u00f6belpflege Holzwachs farblos Holzschutz"}]},{"@type":"WebSite","@id":"https:\/\/marktxxl.de\/markt\/#website","url":"https:\/\/marktxxl.de\/markt\/","name":"Markt-XXL","description":"Ihr Markt Online","publisher":{"@id":"https:\/\/marktxxl.de\/markt\/#organization"},"potentialAction":[{"@type":"SearchAction","target":{"@type":"EntryPoint","urlTemplate":"https:\/\/marktxxl.de\/markt\/?s={search_term_string}"},"query-input":{"@type":"PropertyValueSpecification","valueRequired":true,"valueName":"search_term_string"}}],"inLanguage":"de"},{"@type":"Organization","@id":"https:\/\/marktxxl.de\/markt\/#organization","name":"Markt-XXL","url":"https:\/\/marktxxl.de\/markt\/","logo":{"@type":"ImageObject","inLanguage":"de","@id":"https:\/\/marktxxl.de\/markt\/#\/schema\/logo\/image\/","url":"https:\/\/marktxxl.de\/markt\/wp-content\/uploads\/sites\/3\/2020\/12\/logo.png","contentUrl":"https:\/\/marktxxl.de\/markt\/wp-content\/uploads\/sites\/3\/2020\/12\/logo.png","width":200,"height":70,"caption":"Markt-XXL"},"image":{"@id":"https:\/\/marktxxl.de\/markt\/#\/schema\/logo\/image\/"}}]}},"_links":{"self":[{"href":"https:\/\/marktxxl.de\/markt\/wp-json\/wp\/v2\/product\/85345","targetHints":{"allow":["GET"]}}],"collection":[{"href":"https:\/\/marktxxl.de\/markt\/wp-json\/wp\/v2\/product"}],"about":[{"href":"https:\/\/marktxxl.de\/markt\/wp-json\/wp\/v2\/types\/product"}],"replies":[{"embeddable":true,"href":"https:\/\/marktxxl.de\/markt\/wp-json\/wp\/v2\/comments?post=85345"}],"wp:featuredmedia":[{"embeddable":true,"href":"https:\/\/marktxxl.de\/markt\/wp-json\/wp\/v2\/media\/85346"}],"wp:attachment":[{"href":"https:\/\/marktxxl.de\/markt\/wp-json\/wp\/v2\/media?parent=85345"}],"wp:term":[{"taxonomy":"product_brand","embeddable":true,"href":"https:\/\/marktxxl.de\/markt\/wp-json\/wp\/v2\/product_brand?post=85345"},{"taxonomy":"product_cat","embeddable":true,"href":"https:\/\/marktxxl.de\/markt\/wp-json\/wp\/v2\/product_cat?post=85345"},{"taxonomy":"product_tag","embeddable":true,"href":"https:\/\/marktxxl.de\/markt\/wp-json\/wp\/v2\/product_tag?post=85345"}],"curies":[{"name":"wp","href":"https:\/\/api.w.org\/{rel}","templated":true}]}}