{"id":85228,"date":"2021-12-28T14:06:17","date_gmt":"2021-12-28T13:06:17","guid":{"rendered":"https:\/\/marktxxl.de\/markt\/produkt\/fischer-red-box-ux-sx-duebelbox-mit-160-universalduebeln-ux-130-spreizduebeln-sx-vorsortiertes-duebel-set-fuer-zahlreiche-baustoffe-und-befestigungen-290-teile\/"},"modified":"2023-04-10T02:54:17","modified_gmt":"2023-04-10T00:54:17","slug":"fischer-red-box-ux-sx-duebelbox-mit-160-universalduebeln-ux-130-spreizduebeln-sx-vorsortiertes-duebel-set-fuer-zahlreiche-baustoffe-und-befestigungen-290-teile","status":"publish","type":"product","link":"https:\/\/marktxxl.de\/markt\/produkt\/fischer-red-box-ux-sx-duebelbox-mit-160-universalduebeln-ux-130-spreizduebeln-sx-vorsortiertes-duebel-set-fuer-zahlreiche-baustoffe-und-befestigungen-290-teile\/","title":{"rendered":"fischer RED-BOX UX \/ SX, D\u00fcbelbox mit 160 Universald\u00fcbeln UX &amp; 130 Spreizd\u00fcbeln SX, vorsortiertes D\u00fcbel-Set f\u00fcr\u2026"},"content":{"rendered":"<p>Alles auf einen Blick: Die stabile Box beinhaltet eine Vielzahl an Spreiz- und Universald\u00fcbeln mit g\u00e4ngigem Durchmesser \u2013 egal, ob Hohlr\u00e4ume oder massive Werkstoffe, Sie haben das richtige Zubeh\u00f6r stets griffbereit.<br \/>\nUniverselles Funktionsprinzip: Die UX Kunststoffd\u00fcbel sind die richtige Wahl bei unbekanntem Verankerungsgrund und sorgen f\u00fcr eine optimale Schraubenf\u00fchrung, durch Verknoten oder Verspreizen eignen sie sich besonders f\u00fcr alle Voll-, Loch- und Plattenbaustoffe.<br \/>\nOptimale Krafteinleitung: Die SX Spreizd\u00fcbel verhindern beim Eindrehen der Schraube Besch\u00e4digungen an Fliesen und Putz und decken ein gro\u00dfes Spektrum an Anwendungen rund um Renovierung, Reparatur, Umzug und Einzug ab \u2013 f\u00fcr eine solide Verankerung in Voll- und Lochbaustoffen.<br \/>\nAnwendungsgebiete: Die kraftvollen Standard-D\u00fcbel f\u00fcr W\u00e4nde und Decken eignen sich zur Anbringung leichter und mittelschwerer Gegenst\u00e4nde, wie Spiegelschr\u00e4nke, leichte H\u00e4ngeschr\u00e4nke, Leuchten uvm. in zahlreichen Baustoffen, wie u.a. Naturstein, Beton, Ziegel und Spanplatten.<br \/>\nLieferumfang: 1 x UX \/ SX Sortimentbox (Art.-Nr. 40991), Kiste mit 160 Universald\u00fcbeln (60 Stk. 5 x 30, 40 Stk. 6 x 50, 50 Stk. 8 x 50, 10 Stk. 10 x 60) und 130 Spreizd\u00fcbeln (60 Stk. 6 x 30, 50 Stk. 8 x 40, 20 Stk. 10 x 50) von fischer.<br \/>\n<div class=\"main-cross-sell\" data-asin=\"B001J4VRZ8\">\n\n\t<div class=\"WooZone-cross-sell-loader\">\n\t\t<div>\n\t\t\t<div id=\"floatingBarsG\">\n\t\t\t\t<div class=\"blockG\" id=\"rotateG_01\"><\/div>\n\t\t\t\t<div class=\"blockG\" id=\"rotateG_02\"><\/div>\n\t\t\t\t<div class=\"blockG\" id=\"rotateG_03\"><\/div>\n\t\t\t\t<div class=\"blockG\" id=\"rotateG_04\"><\/div>\n\t\t\t\t<div class=\"blockG\" id=\"rotateG_05\"><\/div>\n\t\t\t\t<div class=\"blockG\" id=\"rotateG_06\"><\/div>\n\t\t\t\t<div class=\"blockG\" id=\"rotateG_07\"><\/div>\n\t\t\t\t<div class=\"blockG\" id=\"rotateG_08\"><\/div>\n\t\t\t<\/div>\n\t\t\t<div class=\"WooZone-cross-sell-loader-text\"><\/div>\n\t\t<\/div>\n\t<\/div>\n\n\t\t\n<\/div>\n<div style=\"clear:both;\"><\/div><\/p>\n","protected":false},"excerpt":{"rendered":"<p>Alles auf einen Blick: Die stabile Box beinhaltet eine Vielzahl an Spreiz- und Universald\u00fcbeln mit g\u00e4ngigem Durchmesser \u2013 egal, ob Hohlr\u00e4ume oder massive Werkstoffe, Sie haben das richtige Zubeh\u00f6r stets griffbereit.<br \/>\nUniverselles Funktionsprinzip: Die UX Kunststoffd\u00fcbel sind die richtige Wahl bei unbekanntem Verankerungsgrund und sorgen f\u00fcr eine optimale Schraubenf\u00fchrung, durch Verknoten oder Verspreizen eignen sie sich besonders f\u00fcr alle Voll-, Loch- und Plattenbaustoffe.<br \/>\nOptimale Krafteinleitung: Die SX Spreizd\u00fcbel verhindern beim Eindrehen der Schraube Besch\u00e4digungen an Fliesen und Putz und decken ein gro\u00dfes Spektrum an Anwendungen rund um Renovierung, Reparatur, Umzug und Einzug ab \u2013 f\u00fcr eine solide Verankerung in Voll- und Lochbaustoffen.<\/p>\n","protected":false},"featured_media":85229,"comment_status":"open","ping_status":"closed","template":"","meta":[],"product_brand":[],"product_cat":[1983,11179],"product_tag":[],"class_list":{"0":"post-85228","1":"product","2":"type-product","3":"status-publish","4":"has-post-thumbnail","6":"product_cat-baumarkt","7":"product_cat-lagersysteme","8":"pa_binding-werkzeug","9":"pa_brand-fischer","10":"pa_color-grau","11":"pa_height-12-6771653414-zoll","12":"pa_languages-originalsprache-spanisch","13":"pa_length-1-7322834628-zoll","14":"pa_manufacturer-fischerwerke-gmbh-co-kg","15":"pa_model-27648","16":"pa_size-290-teilig","17":"pa_width-8-1889763696-zoll","19":"first","20":"instock","21":"shipping-taxable","22":"purchasable","23":"product-type-simple","24":"customify-col","25":"product-has-gallery"},"yoast_head":"<!-- This site is optimized with the Yoast SEO plugin v27.4 - https:\/\/yoast.com\/product\/yoast-seo-wordpress\/ -->\n<title>fischer RED-BOX UX \/ SX, D\u00fcbelbox mit 160 Universald\u00fcbeln UX &amp; 130 Spreizd\u00fcbeln SX, vorsortiertes D\u00fcbel-Set f\u00fcr\u2026 - Markt-XXL<\/title>\n<meta name=\"description\" content=\"Markt-XXL fischer RED-BOX UX \/ SX, D\u00fcbelbox mit 160 Universald\u00fcbeln UX &amp; 130 Spreizd\u00fcbeln SX, vorsortiertes D\u00fcbel-Set f\u00fcr\u2026\" \/>\n<meta name=\"robots\" content=\"index, follow, max-snippet:-1, max-image-preview:large, max-video-preview:-1\" \/>\n<link rel=\"canonical\" href=\"https:\/\/marktxxl.de\/markt\/produkt\/fischer-red-box-ux-sx-duebelbox-mit-160-universalduebeln-ux-130-spreizduebeln-sx-vorsortiertes-duebel-set-fuer-zahlreiche-baustoffe-und-befestigungen-290-teile\/\" \/>\n<meta property=\"og:locale\" content=\"de_DE\" \/>\n<meta property=\"og:type\" content=\"article\" \/>\n<meta property=\"og:title\" content=\"fischer RED-BOX UX \/ SX, D\u00fcbelbox mit 160 Universald\u00fcbeln UX &amp; 130 Spreizd\u00fcbeln SX, vorsortiertes D\u00fcbel-Set f\u00fcr\u2026 - Markt-XXL\" \/>\n<meta property=\"og:description\" content=\"Markt-XXL fischer RED-BOX UX \/ SX, D\u00fcbelbox mit 160 Universald\u00fcbeln UX &amp; 130 Spreizd\u00fcbeln SX, vorsortiertes D\u00fcbel-Set f\u00fcr\u2026\" \/>\n<meta property=\"og:url\" content=\"https:\/\/marktxxl.de\/markt\/produkt\/fischer-red-box-ux-sx-duebelbox-mit-160-universalduebeln-ux-130-spreizduebeln-sx-vorsortiertes-duebel-set-fuer-zahlreiche-baustoffe-und-befestigungen-290-teile\/\" \/>\n<meta property=\"og:site_name\" content=\"Markt-XXL\" \/>\n<meta property=\"article:modified_time\" content=\"2023-04-10T00:54:17+00:00\" \/>\n<meta property=\"og:image\" content=\"https:\/\/m.media-amazon.com\/images\/I\/51t073MgBYL._SL500_.jpg\" \/>\n\t<meta property=\"og:image:width\" content=\"500\" \/>\n\t<meta property=\"og:image:height\" content=\"415\" \/>\n\t<meta property=\"og:image:type\" content=\"image\/jpeg\" \/>\n<meta name=\"twitter:card\" content=\"summary_large_image\" \/>\n<meta name=\"twitter:label1\" content=\"Gesch\u00e4tzte Lesezeit\" \/>\n\t<meta name=\"twitter:data1\" content=\"1\u00a0Minute\" \/>\n<script type=\"application\/ld+json\" class=\"yoast-schema-graph\">{\"@context\":\"https:\\\/\\\/schema.org\",\"@graph\":[{\"@type\":\"WebPage\",\"@id\":\"https:\\\/\\\/marktxxl.de\\\/markt\\\/produkt\\\/fischer-red-box-ux-sx-duebelbox-mit-160-universalduebeln-ux-130-spreizduebeln-sx-vorsortiertes-duebel-set-fuer-zahlreiche-baustoffe-und-befestigungen-290-teile\\\/\",\"url\":\"https:\\\/\\\/marktxxl.de\\\/markt\\\/produkt\\\/fischer-red-box-ux-sx-duebelbox-mit-160-universalduebeln-ux-130-spreizduebeln-sx-vorsortiertes-duebel-set-fuer-zahlreiche-baustoffe-und-befestigungen-290-teile\\\/\",\"name\":\"fischer RED-BOX UX \\\/ SX, D\u00fcbelbox mit 160 Universald\u00fcbeln UX &amp; 130 Spreizd\u00fcbeln SX, vorsortiertes D\u00fcbel-Set f\u00fcr\u2026 - Markt-XXL\",\"isPartOf\":{\"@id\":\"https:\\\/\\\/marktxxl.de\\\/markt\\\/#website\"},\"primaryImageOfPage\":{\"@id\":\"https:\\\/\\\/marktxxl.de\\\/markt\\\/produkt\\\/fischer-red-box-ux-sx-duebelbox-mit-160-universalduebeln-ux-130-spreizduebeln-sx-vorsortiertes-duebel-set-fuer-zahlreiche-baustoffe-und-befestigungen-290-teile\\\/#primaryimage\"},\"image\":{\"@id\":\"https:\\\/\\\/marktxxl.de\\\/markt\\\/produkt\\\/fischer-red-box-ux-sx-duebelbox-mit-160-universalduebeln-ux-130-spreizduebeln-sx-vorsortiertes-duebel-set-fuer-zahlreiche-baustoffe-und-befestigungen-290-teile\\\/#primaryimage\"},\"thumbnailUrl\":\"https:\\\/\\\/m.media-amazon.com\\\/images\\\/I\\\/51t073MgBYL._SL500_.jpg\",\"datePublished\":\"2021-12-28T13:06:17+00:00\",\"dateModified\":\"2023-04-10T00:54:17+00:00\",\"description\":\"Markt-XXL fischer RED-BOX UX \\\/ SX, D\u00fcbelbox mit 160 Universald\u00fcbeln UX &amp; 130 Spreizd\u00fcbeln SX, vorsortiertes D\u00fcbel-Set f\u00fcr\u2026\",\"breadcrumb\":{\"@id\":\"https:\\\/\\\/marktxxl.de\\\/markt\\\/produkt\\\/fischer-red-box-ux-sx-duebelbox-mit-160-universalduebeln-ux-130-spreizduebeln-sx-vorsortiertes-duebel-set-fuer-zahlreiche-baustoffe-und-befestigungen-290-teile\\\/#breadcrumb\"},\"inLanguage\":\"de\",\"potentialAction\":[{\"@type\":\"ReadAction\",\"target\":[\"https:\\\/\\\/marktxxl.de\\\/markt\\\/produkt\\\/fischer-red-box-ux-sx-duebelbox-mit-160-universalduebeln-ux-130-spreizduebeln-sx-vorsortiertes-duebel-set-fuer-zahlreiche-baustoffe-und-befestigungen-290-teile\\\/\"]}]},{\"@type\":\"ImageObject\",\"inLanguage\":\"de\",\"@id\":\"https:\\\/\\\/marktxxl.de\\\/markt\\\/produkt\\\/fischer-red-box-ux-sx-duebelbox-mit-160-universalduebeln-ux-130-spreizduebeln-sx-vorsortiertes-duebel-set-fuer-zahlreiche-baustoffe-und-befestigungen-290-teile\\\/#primaryimage\",\"url\":\"https:\\\/\\\/m.media-amazon.com\\\/images\\\/I\\\/51t073MgBYL._SL500_.jpg\",\"contentUrl\":\"https:\\\/\\\/m.media-amazon.com\\\/images\\\/I\\\/51t073MgBYL._SL500_.jpg\",\"width\":500,\"height\":415},{\"@type\":\"BreadcrumbList\",\"@id\":\"https:\\\/\\\/marktxxl.de\\\/markt\\\/produkt\\\/fischer-red-box-ux-sx-duebelbox-mit-160-universalduebeln-ux-130-spreizduebeln-sx-vorsortiertes-duebel-set-fuer-zahlreiche-baustoffe-und-befestigungen-290-teile\\\/#breadcrumb\",\"itemListElement\":[{\"@type\":\"ListItem\",\"position\":1,\"name\":\"Startseite\",\"item\":\"https:\\\/\\\/marktxxl.de\\\/markt\\\/\"},{\"@type\":\"ListItem\",\"position\":2,\"name\":\"Markt\",\"item\":\"https:\\\/\\\/marktxxl.de\\\/markt\\\/\"},{\"@type\":\"ListItem\",\"position\":3,\"name\":\"fischer RED-BOX UX \\\/ SX, D\u00fcbelbox mit 160 Universald\u00fcbeln UX &amp; 130 Spreizd\u00fcbeln SX, vorsortiertes D\u00fcbel-Set f\u00fcr\u2026\"}]},{\"@type\":\"WebSite\",\"@id\":\"https:\\\/\\\/marktxxl.de\\\/markt\\\/#website\",\"url\":\"https:\\\/\\\/marktxxl.de\\\/markt\\\/\",\"name\":\"Markt-XXL\",\"description\":\"Ihr Markt Online\",\"publisher\":{\"@id\":\"https:\\\/\\\/marktxxl.de\\\/markt\\\/#organization\"},\"potentialAction\":[{\"@type\":\"SearchAction\",\"target\":{\"@type\":\"EntryPoint\",\"urlTemplate\":\"https:\\\/\\\/marktxxl.de\\\/markt\\\/?s={search_term_string}\"},\"query-input\":{\"@type\":\"PropertyValueSpecification\",\"valueRequired\":true,\"valueName\":\"search_term_string\"}}],\"inLanguage\":\"de\"},{\"@type\":\"Organization\",\"@id\":\"https:\\\/\\\/marktxxl.de\\\/markt\\\/#organization\",\"name\":\"Markt-XXL\",\"url\":\"https:\\\/\\\/marktxxl.de\\\/markt\\\/\",\"logo\":{\"@type\":\"ImageObject\",\"inLanguage\":\"de\",\"@id\":\"https:\\\/\\\/marktxxl.de\\\/markt\\\/#\\\/schema\\\/logo\\\/image\\\/\",\"url\":\"https:\\\/\\\/marktxxl.de\\\/markt\\\/wp-content\\\/uploads\\\/sites\\\/3\\\/2020\\\/12\\\/logo.png\",\"contentUrl\":\"https:\\\/\\\/marktxxl.de\\\/markt\\\/wp-content\\\/uploads\\\/sites\\\/3\\\/2020\\\/12\\\/logo.png\",\"width\":200,\"height\":70,\"caption\":\"Markt-XXL\"},\"image\":{\"@id\":\"https:\\\/\\\/marktxxl.de\\\/markt\\\/#\\\/schema\\\/logo\\\/image\\\/\"}}]}<\/script>\n<!-- \/ Yoast SEO plugin. -->","yoast_head_json":{"title":"fischer RED-BOX UX \/ SX, D\u00fcbelbox mit 160 Universald\u00fcbeln UX &amp; 130 Spreizd\u00fcbeln SX, vorsortiertes D\u00fcbel-Set f\u00fcr\u2026 - Markt-XXL","description":"Markt-XXL fischer RED-BOX UX \/ SX, D\u00fcbelbox mit 160 Universald\u00fcbeln UX &amp; 130 Spreizd\u00fcbeln SX, vorsortiertes D\u00fcbel-Set f\u00fcr\u2026","robots":{"index":"index","follow":"follow","max-snippet":"max-snippet:-1","max-image-preview":"max-image-preview:large","max-video-preview":"max-video-preview:-1"},"canonical":"https:\/\/marktxxl.de\/markt\/produkt\/fischer-red-box-ux-sx-duebelbox-mit-160-universalduebeln-ux-130-spreizduebeln-sx-vorsortiertes-duebel-set-fuer-zahlreiche-baustoffe-und-befestigungen-290-teile\/","og_locale":"de_DE","og_type":"article","og_title":"fischer RED-BOX UX \/ SX, D\u00fcbelbox mit 160 Universald\u00fcbeln UX &amp; 130 Spreizd\u00fcbeln SX, vorsortiertes D\u00fcbel-Set f\u00fcr\u2026 - Markt-XXL","og_description":"Markt-XXL fischer RED-BOX UX \/ SX, D\u00fcbelbox mit 160 Universald\u00fcbeln UX &amp; 130 Spreizd\u00fcbeln SX, vorsortiertes D\u00fcbel-Set f\u00fcr\u2026","og_url":"https:\/\/marktxxl.de\/markt\/produkt\/fischer-red-box-ux-sx-duebelbox-mit-160-universalduebeln-ux-130-spreizduebeln-sx-vorsortiertes-duebel-set-fuer-zahlreiche-baustoffe-und-befestigungen-290-teile\/","og_site_name":"Markt-XXL","article_modified_time":"2023-04-10T00:54:17+00:00","og_image":[{"width":500,"height":415,"url":"https:\/\/m.media-amazon.com\/images\/I\/51t073MgBYL._SL500_.jpg","type":"image\/jpeg"}],"twitter_card":"summary_large_image","twitter_misc":{"Gesch\u00e4tzte Lesezeit":"1\u00a0Minute"},"schema":{"@context":"https:\/\/schema.org","@graph":[{"@type":"WebPage","@id":"https:\/\/marktxxl.de\/markt\/produkt\/fischer-red-box-ux-sx-duebelbox-mit-160-universalduebeln-ux-130-spreizduebeln-sx-vorsortiertes-duebel-set-fuer-zahlreiche-baustoffe-und-befestigungen-290-teile\/","url":"https:\/\/marktxxl.de\/markt\/produkt\/fischer-red-box-ux-sx-duebelbox-mit-160-universalduebeln-ux-130-spreizduebeln-sx-vorsortiertes-duebel-set-fuer-zahlreiche-baustoffe-und-befestigungen-290-teile\/","name":"fischer RED-BOX UX \/ SX, D\u00fcbelbox mit 160 Universald\u00fcbeln UX &amp; 130 Spreizd\u00fcbeln SX, vorsortiertes D\u00fcbel-Set f\u00fcr\u2026 - Markt-XXL","isPartOf":{"@id":"https:\/\/marktxxl.de\/markt\/#website"},"primaryImageOfPage":{"@id":"https:\/\/marktxxl.de\/markt\/produkt\/fischer-red-box-ux-sx-duebelbox-mit-160-universalduebeln-ux-130-spreizduebeln-sx-vorsortiertes-duebel-set-fuer-zahlreiche-baustoffe-und-befestigungen-290-teile\/#primaryimage"},"image":{"@id":"https:\/\/marktxxl.de\/markt\/produkt\/fischer-red-box-ux-sx-duebelbox-mit-160-universalduebeln-ux-130-spreizduebeln-sx-vorsortiertes-duebel-set-fuer-zahlreiche-baustoffe-und-befestigungen-290-teile\/#primaryimage"},"thumbnailUrl":"https:\/\/m.media-amazon.com\/images\/I\/51t073MgBYL._SL500_.jpg","datePublished":"2021-12-28T13:06:17+00:00","dateModified":"2023-04-10T00:54:17+00:00","description":"Markt-XXL fischer RED-BOX UX \/ SX, D\u00fcbelbox mit 160 Universald\u00fcbeln UX &amp; 130 Spreizd\u00fcbeln SX, vorsortiertes D\u00fcbel-Set f\u00fcr\u2026","breadcrumb":{"@id":"https:\/\/marktxxl.de\/markt\/produkt\/fischer-red-box-ux-sx-duebelbox-mit-160-universalduebeln-ux-130-spreizduebeln-sx-vorsortiertes-duebel-set-fuer-zahlreiche-baustoffe-und-befestigungen-290-teile\/#breadcrumb"},"inLanguage":"de","potentialAction":[{"@type":"ReadAction","target":["https:\/\/marktxxl.de\/markt\/produkt\/fischer-red-box-ux-sx-duebelbox-mit-160-universalduebeln-ux-130-spreizduebeln-sx-vorsortiertes-duebel-set-fuer-zahlreiche-baustoffe-und-befestigungen-290-teile\/"]}]},{"@type":"ImageObject","inLanguage":"de","@id":"https:\/\/marktxxl.de\/markt\/produkt\/fischer-red-box-ux-sx-duebelbox-mit-160-universalduebeln-ux-130-spreizduebeln-sx-vorsortiertes-duebel-set-fuer-zahlreiche-baustoffe-und-befestigungen-290-teile\/#primaryimage","url":"https:\/\/m.media-amazon.com\/images\/I\/51t073MgBYL._SL500_.jpg","contentUrl":"https:\/\/m.media-amazon.com\/images\/I\/51t073MgBYL._SL500_.jpg","width":500,"height":415},{"@type":"BreadcrumbList","@id":"https:\/\/marktxxl.de\/markt\/produkt\/fischer-red-box-ux-sx-duebelbox-mit-160-universalduebeln-ux-130-spreizduebeln-sx-vorsortiertes-duebel-set-fuer-zahlreiche-baustoffe-und-befestigungen-290-teile\/#breadcrumb","itemListElement":[{"@type":"ListItem","position":1,"name":"Startseite","item":"https:\/\/marktxxl.de\/markt\/"},{"@type":"ListItem","position":2,"name":"Markt","item":"https:\/\/marktxxl.de\/markt\/"},{"@type":"ListItem","position":3,"name":"fischer RED-BOX UX \/ SX, D\u00fcbelbox mit 160 Universald\u00fcbeln UX &amp; 130 Spreizd\u00fcbeln SX, vorsortiertes D\u00fcbel-Set f\u00fcr\u2026"}]},{"@type":"WebSite","@id":"https:\/\/marktxxl.de\/markt\/#website","url":"https:\/\/marktxxl.de\/markt\/","name":"Markt-XXL","description":"Ihr Markt Online","publisher":{"@id":"https:\/\/marktxxl.de\/markt\/#organization"},"potentialAction":[{"@type":"SearchAction","target":{"@type":"EntryPoint","urlTemplate":"https:\/\/marktxxl.de\/markt\/?s={search_term_string}"},"query-input":{"@type":"PropertyValueSpecification","valueRequired":true,"valueName":"search_term_string"}}],"inLanguage":"de"},{"@type":"Organization","@id":"https:\/\/marktxxl.de\/markt\/#organization","name":"Markt-XXL","url":"https:\/\/marktxxl.de\/markt\/","logo":{"@type":"ImageObject","inLanguage":"de","@id":"https:\/\/marktxxl.de\/markt\/#\/schema\/logo\/image\/","url":"https:\/\/marktxxl.de\/markt\/wp-content\/uploads\/sites\/3\/2020\/12\/logo.png","contentUrl":"https:\/\/marktxxl.de\/markt\/wp-content\/uploads\/sites\/3\/2020\/12\/logo.png","width":200,"height":70,"caption":"Markt-XXL"},"image":{"@id":"https:\/\/marktxxl.de\/markt\/#\/schema\/logo\/image\/"}}]}},"_links":{"self":[{"href":"https:\/\/marktxxl.de\/markt\/wp-json\/wp\/v2\/product\/85228","targetHints":{"allow":["GET"]}}],"collection":[{"href":"https:\/\/marktxxl.de\/markt\/wp-json\/wp\/v2\/product"}],"about":[{"href":"https:\/\/marktxxl.de\/markt\/wp-json\/wp\/v2\/types\/product"}],"replies":[{"embeddable":true,"href":"https:\/\/marktxxl.de\/markt\/wp-json\/wp\/v2\/comments?post=85228"}],"wp:featuredmedia":[{"embeddable":true,"href":"https:\/\/marktxxl.de\/markt\/wp-json\/wp\/v2\/media\/85229"}],"wp:attachment":[{"href":"https:\/\/marktxxl.de\/markt\/wp-json\/wp\/v2\/media?parent=85228"}],"wp:term":[{"taxonomy":"product_brand","embeddable":true,"href":"https:\/\/marktxxl.de\/markt\/wp-json\/wp\/v2\/product_brand?post=85228"},{"taxonomy":"product_cat","embeddable":true,"href":"https:\/\/marktxxl.de\/markt\/wp-json\/wp\/v2\/product_cat?post=85228"},{"taxonomy":"product_tag","embeddable":true,"href":"https:\/\/marktxxl.de\/markt\/wp-json\/wp\/v2\/product_tag?post=85228"}],"curies":[{"name":"wp","href":"https:\/\/api.w.org\/{rel}","templated":true}]}}