{"id":85218,"date":"2021-12-28T14:06:12","date_gmt":"2021-12-28T13:06:12","guid":{"rendered":"https:\/\/marktxxl.de\/markt\/produkt\/the-ryker-bag-werkzeugtasche-zum-aufrollen-kleiner-werkzeug-organizer\/"},"modified":"2023-04-10T02:54:17","modified_gmt":"2023-04-10T00:54:17","slug":"the-ryker-bag-werkzeugtasche-zum-aufrollen-kleiner-werkzeug-organizer","status":"publish","type":"product","link":"https:\/\/marktxxl.de\/markt\/produkt\/the-ryker-bag-werkzeugtasche-zum-aufrollen-kleiner-werkzeug-organizer\/","title":{"rendered":"The Ryker Bag Werkzeug-Organizer \u2013 kleine Werkzeugtasche mit abnehmbaren Taschen, robuste aufrollbare Werkzeugtasche mit\u2026"},"content":{"rendered":"<p>Kompaktes Design f\u00fcr mehr Werkzeuge. Wir haben eine Werkzeug-Rolltasche mit perfekter Gr\u00f6\u00dfe entwickelt: Sie werden \u00fcberrascht sein, wie viele Werkzeuge in dieser kleinen Werkzeugtasche aufbewahrt werden k\u00f6nnen: halten Sie wichtige Instrumente organisiert und tragbar. Legen Sie Schraubenschl\u00fcssel, Zangen, Ratschen, Schraubendreher und andere Werkzeuge und Zubeh\u00f6r in eine Ryker Roll-Up-Werkzeugtasche und haben Sie sie bereit, wohin Sie gehen.<br \/>\n6 Taschen f\u00fcr alle Ihre Ausr\u00fcstung. Der Ryker Roll-Organizer (51,6 x 32,5 cm aufgeklappt) hat mehrere F\u00e4cher: 4 gro\u00dfe (30 x 8,4 cm) Rei\u00dfverschlusstaschen f\u00fcr Werkzeuge, 2 abnehmbare Rei\u00dfverschlusstaschen (13,5 x 7,6 cm) mit D-Schlaufen \u2013 ein einzigartiges Merkmal in dieser Werkzeugrolle, wenn Sie nur kleinere Gegenst\u00e4nde wie Bohrer, Schrauben und Ersatzteile tragen m\u00fcssen. Die Werkzeugrolle verf\u00fcgt au\u00dferdem \u00fcber eine Netztasche f\u00fcr ein Namensschild, Quittungen, Papiere etc.<br \/>\nPremium-Qualit\u00e4t und ultra-robuste Materialien. Die Ryker Roll-Up-Werkzeugtasche ist aus hochwertigen, langlebigen Materialien hergestellt. Rostfreie Rei\u00dfverschl\u00fcsse, 2 Qualit\u00e4tsgurte mit zuverl\u00e4ssigen Schnallen und speziellem wasser- und fett- und rei\u00dffestem Heavy Duty 1000D Gewebe, genauso stark wie eine Canvas Werkzeugrolle. Diese Materialien, die in der Steckdosenrolle verwendet werden, sind langlebig und halten Ihre Werkzeuge auch unter extremen Arbeitsbedingungen sicher.<br \/>\nLeicht zu tragen und aufzuh\u00e4ngen. Halten Sie Ihre Werkzeuge oder anderes Zubeh\u00f6r organisiert und tragen Sie sie in einem gerollten oder gefalteten Roll-Organizer mit. Die Werkzeugtasche kann in Ihrem Auto, Garage oder Werkstatt aufgeh\u00e4ngt werden.<br \/>\nEin tolles und n\u00fctzliches Geschenk. Der Ryker Werkzeugrollen-Organizer ist ein Muss f\u00fcr jeden erfahrenen Handwerker: Mechaniker, Reparaturer, HVAC, Tischler, Klempner, Rahmener, Elektriker usw. Die Rolltasche f\u00fcr Schl\u00fcssel kann als Werkzeugrolle f\u00fcr Autos oder Motorrad f\u00fcr Reparaturen oder als Notfall-Kit verwendet werden. Ideal f\u00fcr die Aufbewahrung von Musik- und Sound-Ger\u00e4ten, Computerkabeln, Malerei oder Hobbybedarf und so weiter. Verpassen Sie keine Chance, ein Geschenk zu kaufen, das sicherlich sehr gesch\u00e4tzt wird<br \/>\n<div class=\"main-cross-sell\" data-asin=\"B092C9DFCB\">\n\n\t<div class=\"WooZone-cross-sell-loader\">\n\t\t<div>\n\t\t\t<div id=\"floatingBarsG\">\n\t\t\t\t<div class=\"blockG\" id=\"rotateG_01\"><\/div>\n\t\t\t\t<div class=\"blockG\" id=\"rotateG_02\"><\/div>\n\t\t\t\t<div class=\"blockG\" id=\"rotateG_03\"><\/div>\n\t\t\t\t<div class=\"blockG\" id=\"rotateG_04\"><\/div>\n\t\t\t\t<div class=\"blockG\" id=\"rotateG_05\"><\/div>\n\t\t\t\t<div class=\"blockG\" id=\"rotateG_06\"><\/div>\n\t\t\t\t<div class=\"blockG\" id=\"rotateG_07\"><\/div>\n\t\t\t\t<div class=\"blockG\" id=\"rotateG_08\"><\/div>\n\t\t\t<\/div>\n\t\t\t<div class=\"WooZone-cross-sell-loader-text\"><\/div>\n\t\t<\/div>\n\t<\/div>\n\n\t\t\n<\/div>\n<div style=\"clear:both;\"><\/div><\/p>\n","protected":false},"excerpt":{"rendered":"<p>Kompaktes Design f\u00fcr mehr Werkzeuge. Wir haben eine Werkzeug-Rolltasche mit perfekter Gr\u00f6\u00dfe entwickelt: Sie werden \u00fcberrascht sein, wie viele Werkzeuge in dieser kleinen Werkzeugtasche aufbewahrt werden k\u00f6nnen: halten Sie wichtige Instrumente organisiert und tragbar. Legen Sie Schraubenschl\u00fcssel, Zangen, Ratschen, Schraubendreher und andere Werkzeuge und Zubeh\u00f6r in eine Ryker Roll-Up-Werkzeugtasche und haben Sie sie bereit, wohin Sie gehen.<br \/>\n6 Taschen f\u00fcr alle Ihre Ausr\u00fcstung. Der Ryker Roll-Organizer (51,6 x 32,5 cm aufgeklappt) hat mehrere F\u00e4cher: 4 gro\u00dfe (30 x 8,4 cm) Rei\u00dfverschlusstaschen f\u00fcr Werkzeuge, 2 abnehmbare Rei\u00dfverschlusstaschen (13,5 x 7,6 cm) mit D-Schlaufen \u2013 ein einzigartiges Merkmal in dieser Werkzeugrolle, wenn Sie nur kleinere Gegenst\u00e4nde wie Bohrer, Schrauben und Ersatzteile tragen m\u00fcssen. Die Werkzeugrolle verf\u00fcgt au\u00dferdem \u00fcber eine Netztasche f\u00fcr ein Namensschild, Quittungen, Papiere etc.<br \/>\nPremium-Qualit\u00e4t und ultra-robuste Materialien. Die Ryker Roll-Up-Werkzeugtasche ist aus hochwertigen, langlebigen Materialien hergestellt. Rostfreie Rei\u00dfverschl\u00fcsse, 2 Qualit\u00e4tsgurte mit zuverl\u00e4ssigen Schnallen und speziellem wasser- und fett- und rei\u00dffestem Heavy Duty 1000D Gewebe, genauso stark wie eine Canvas Werkzeugrolle. Diese Materialien, die in der Steckdosenrolle verwendet werden, sind langlebig und halten Ihre Werkzeuge auch unter extremen Arbeitsbedingungen sicher.<\/p>\n","protected":false},"featured_media":85219,"comment_status":"open","ping_status":"closed","template":"","meta":[],"product_brand":[],"product_cat":[1983,11179],"product_tag":[],"class_list":{"0":"post-85218","1":"product","2":"type-product","3":"status-publish","4":"has-post-thumbnail","6":"product_cat-baumarkt","7":"product_cat-lagersysteme","8":"pa_brand-the-ryker-bag","9":"pa_manufacturer-the-ryker-bag","11":"first","12":"instock","13":"shipping-taxable","14":"purchasable","15":"product-type-simple","16":"customify-col","17":"product-has-gallery"},"yoast_head":"<!-- This site is optimized with the Yoast SEO plugin v27.4 - https:\/\/yoast.com\/product\/yoast-seo-wordpress\/ -->\n<title>The Ryker Bag Werkzeug-Organizer \u2013 kleine Werkzeugtasche mit abnehmbaren Taschen, robuste aufrollbare Werkzeugtasche mit\u2026 - Markt-XXL<\/title>\n<meta name=\"description\" content=\"Markt-XXL The Ryker Bag Werkzeug-Organizer \u2013 kleine Werkzeugtasche mit abnehmbaren Taschen, robuste aufrollbare Werkzeugtasche mit\u2026\" \/>\n<meta name=\"robots\" content=\"index, follow, max-snippet:-1, max-image-preview:large, max-video-preview:-1\" \/>\n<link rel=\"canonical\" href=\"https:\/\/marktxxl.de\/markt\/produkt\/the-ryker-bag-werkzeugtasche-zum-aufrollen-kleiner-werkzeug-organizer\/\" \/>\n<meta property=\"og:locale\" content=\"de_DE\" \/>\n<meta property=\"og:type\" content=\"article\" \/>\n<meta property=\"og:title\" content=\"The Ryker Bag Werkzeug-Organizer \u2013 kleine Werkzeugtasche mit abnehmbaren Taschen, robuste aufrollbare Werkzeugtasche mit\u2026 - Markt-XXL\" \/>\n<meta property=\"og:description\" content=\"Markt-XXL The Ryker Bag Werkzeug-Organizer \u2013 kleine Werkzeugtasche mit abnehmbaren Taschen, robuste aufrollbare Werkzeugtasche mit\u2026\" \/>\n<meta property=\"og:url\" content=\"https:\/\/marktxxl.de\/markt\/produkt\/the-ryker-bag-werkzeugtasche-zum-aufrollen-kleiner-werkzeug-organizer\/\" \/>\n<meta property=\"og:site_name\" content=\"Markt-XXL\" \/>\n<meta property=\"article:modified_time\" content=\"2023-04-10T00:54:17+00:00\" \/>\n<meta property=\"og:image\" content=\"https:\/\/m.media-amazon.com\/images\/I\/512Zv+73WhL._SL500_.jpg\" \/>\n\t<meta property=\"og:image:width\" content=\"500\" \/>\n\t<meta property=\"og:image:height\" content=\"500\" \/>\n\t<meta property=\"og:image:type\" content=\"image\/jpeg\" \/>\n<meta name=\"twitter:card\" content=\"summary_large_image\" \/>\n<meta name=\"twitter:label1\" content=\"Gesch\u00e4tzte Lesezeit\" \/>\n\t<meta name=\"twitter:data1\" content=\"2\u00a0Minuten\" \/>\n<script type=\"application\/ld+json\" class=\"yoast-schema-graph\">{\"@context\":\"https:\\\/\\\/schema.org\",\"@graph\":[{\"@type\":\"WebPage\",\"@id\":\"https:\\\/\\\/marktxxl.de\\\/markt\\\/produkt\\\/the-ryker-bag-werkzeugtasche-zum-aufrollen-kleiner-werkzeug-organizer\\\/\",\"url\":\"https:\\\/\\\/marktxxl.de\\\/markt\\\/produkt\\\/the-ryker-bag-werkzeugtasche-zum-aufrollen-kleiner-werkzeug-organizer\\\/\",\"name\":\"The Ryker Bag Werkzeug-Organizer \u2013 kleine Werkzeugtasche mit abnehmbaren Taschen, robuste aufrollbare Werkzeugtasche mit\u2026 - Markt-XXL\",\"isPartOf\":{\"@id\":\"https:\\\/\\\/marktxxl.de\\\/markt\\\/#website\"},\"primaryImageOfPage\":{\"@id\":\"https:\\\/\\\/marktxxl.de\\\/markt\\\/produkt\\\/the-ryker-bag-werkzeugtasche-zum-aufrollen-kleiner-werkzeug-organizer\\\/#primaryimage\"},\"image\":{\"@id\":\"https:\\\/\\\/marktxxl.de\\\/markt\\\/produkt\\\/the-ryker-bag-werkzeugtasche-zum-aufrollen-kleiner-werkzeug-organizer\\\/#primaryimage\"},\"thumbnailUrl\":\"https:\\\/\\\/m.media-amazon.com\\\/images\\\/I\\\/512Zv+73WhL._SL500_.jpg\",\"datePublished\":\"2021-12-28T13:06:12+00:00\",\"dateModified\":\"2023-04-10T00:54:17+00:00\",\"description\":\"Markt-XXL The Ryker Bag Werkzeug-Organizer \u2013 kleine Werkzeugtasche mit abnehmbaren Taschen, robuste aufrollbare Werkzeugtasche mit\u2026\",\"breadcrumb\":{\"@id\":\"https:\\\/\\\/marktxxl.de\\\/markt\\\/produkt\\\/the-ryker-bag-werkzeugtasche-zum-aufrollen-kleiner-werkzeug-organizer\\\/#breadcrumb\"},\"inLanguage\":\"de\",\"potentialAction\":[{\"@type\":\"ReadAction\",\"target\":[\"https:\\\/\\\/marktxxl.de\\\/markt\\\/produkt\\\/the-ryker-bag-werkzeugtasche-zum-aufrollen-kleiner-werkzeug-organizer\\\/\"]}]},{\"@type\":\"ImageObject\",\"inLanguage\":\"de\",\"@id\":\"https:\\\/\\\/marktxxl.de\\\/markt\\\/produkt\\\/the-ryker-bag-werkzeugtasche-zum-aufrollen-kleiner-werkzeug-organizer\\\/#primaryimage\",\"url\":\"https:\\\/\\\/m.media-amazon.com\\\/images\\\/I\\\/512Zv+73WhL._SL500_.jpg\",\"contentUrl\":\"https:\\\/\\\/m.media-amazon.com\\\/images\\\/I\\\/512Zv+73WhL._SL500_.jpg\",\"width\":500,\"height\":500},{\"@type\":\"BreadcrumbList\",\"@id\":\"https:\\\/\\\/marktxxl.de\\\/markt\\\/produkt\\\/the-ryker-bag-werkzeugtasche-zum-aufrollen-kleiner-werkzeug-organizer\\\/#breadcrumb\",\"itemListElement\":[{\"@type\":\"ListItem\",\"position\":1,\"name\":\"Startseite\",\"item\":\"https:\\\/\\\/marktxxl.de\\\/markt\\\/\"},{\"@type\":\"ListItem\",\"position\":2,\"name\":\"Markt\",\"item\":\"https:\\\/\\\/marktxxl.de\\\/markt\\\/\"},{\"@type\":\"ListItem\",\"position\":3,\"name\":\"The Ryker Bag Werkzeug-Organizer \u2013 kleine Werkzeugtasche mit abnehmbaren Taschen, robuste aufrollbare Werkzeugtasche mit\u2026\"}]},{\"@type\":\"WebSite\",\"@id\":\"https:\\\/\\\/marktxxl.de\\\/markt\\\/#website\",\"url\":\"https:\\\/\\\/marktxxl.de\\\/markt\\\/\",\"name\":\"Markt-XXL\",\"description\":\"Ihr Markt Online\",\"publisher\":{\"@id\":\"https:\\\/\\\/marktxxl.de\\\/markt\\\/#organization\"},\"potentialAction\":[{\"@type\":\"SearchAction\",\"target\":{\"@type\":\"EntryPoint\",\"urlTemplate\":\"https:\\\/\\\/marktxxl.de\\\/markt\\\/?s={search_term_string}\"},\"query-input\":{\"@type\":\"PropertyValueSpecification\",\"valueRequired\":true,\"valueName\":\"search_term_string\"}}],\"inLanguage\":\"de\"},{\"@type\":\"Organization\",\"@id\":\"https:\\\/\\\/marktxxl.de\\\/markt\\\/#organization\",\"name\":\"Markt-XXL\",\"url\":\"https:\\\/\\\/marktxxl.de\\\/markt\\\/\",\"logo\":{\"@type\":\"ImageObject\",\"inLanguage\":\"de\",\"@id\":\"https:\\\/\\\/marktxxl.de\\\/markt\\\/#\\\/schema\\\/logo\\\/image\\\/\",\"url\":\"https:\\\/\\\/marktxxl.de\\\/markt\\\/wp-content\\\/uploads\\\/sites\\\/3\\\/2020\\\/12\\\/logo.png\",\"contentUrl\":\"https:\\\/\\\/marktxxl.de\\\/markt\\\/wp-content\\\/uploads\\\/sites\\\/3\\\/2020\\\/12\\\/logo.png\",\"width\":200,\"height\":70,\"caption\":\"Markt-XXL\"},\"image\":{\"@id\":\"https:\\\/\\\/marktxxl.de\\\/markt\\\/#\\\/schema\\\/logo\\\/image\\\/\"}}]}<\/script>\n<!-- \/ Yoast SEO plugin. -->","yoast_head_json":{"title":"The Ryker Bag Werkzeug-Organizer \u2013 kleine Werkzeugtasche mit abnehmbaren Taschen, robuste aufrollbare Werkzeugtasche mit\u2026 - Markt-XXL","description":"Markt-XXL The Ryker Bag Werkzeug-Organizer \u2013 kleine Werkzeugtasche mit abnehmbaren Taschen, robuste aufrollbare Werkzeugtasche mit\u2026","robots":{"index":"index","follow":"follow","max-snippet":"max-snippet:-1","max-image-preview":"max-image-preview:large","max-video-preview":"max-video-preview:-1"},"canonical":"https:\/\/marktxxl.de\/markt\/produkt\/the-ryker-bag-werkzeugtasche-zum-aufrollen-kleiner-werkzeug-organizer\/","og_locale":"de_DE","og_type":"article","og_title":"The Ryker Bag Werkzeug-Organizer \u2013 kleine Werkzeugtasche mit abnehmbaren Taschen, robuste aufrollbare Werkzeugtasche mit\u2026 - Markt-XXL","og_description":"Markt-XXL The Ryker Bag Werkzeug-Organizer \u2013 kleine Werkzeugtasche mit abnehmbaren Taschen, robuste aufrollbare Werkzeugtasche mit\u2026","og_url":"https:\/\/marktxxl.de\/markt\/produkt\/the-ryker-bag-werkzeugtasche-zum-aufrollen-kleiner-werkzeug-organizer\/","og_site_name":"Markt-XXL","article_modified_time":"2023-04-10T00:54:17+00:00","og_image":[{"width":500,"height":500,"url":"https:\/\/m.media-amazon.com\/images\/I\/512Zv+73WhL._SL500_.jpg","type":"image\/jpeg"}],"twitter_card":"summary_large_image","twitter_misc":{"Gesch\u00e4tzte Lesezeit":"2\u00a0Minuten"},"schema":{"@context":"https:\/\/schema.org","@graph":[{"@type":"WebPage","@id":"https:\/\/marktxxl.de\/markt\/produkt\/the-ryker-bag-werkzeugtasche-zum-aufrollen-kleiner-werkzeug-organizer\/","url":"https:\/\/marktxxl.de\/markt\/produkt\/the-ryker-bag-werkzeugtasche-zum-aufrollen-kleiner-werkzeug-organizer\/","name":"The Ryker Bag Werkzeug-Organizer \u2013 kleine Werkzeugtasche mit abnehmbaren Taschen, robuste aufrollbare Werkzeugtasche mit\u2026 - Markt-XXL","isPartOf":{"@id":"https:\/\/marktxxl.de\/markt\/#website"},"primaryImageOfPage":{"@id":"https:\/\/marktxxl.de\/markt\/produkt\/the-ryker-bag-werkzeugtasche-zum-aufrollen-kleiner-werkzeug-organizer\/#primaryimage"},"image":{"@id":"https:\/\/marktxxl.de\/markt\/produkt\/the-ryker-bag-werkzeugtasche-zum-aufrollen-kleiner-werkzeug-organizer\/#primaryimage"},"thumbnailUrl":"https:\/\/m.media-amazon.com\/images\/I\/512Zv+73WhL._SL500_.jpg","datePublished":"2021-12-28T13:06:12+00:00","dateModified":"2023-04-10T00:54:17+00:00","description":"Markt-XXL The Ryker Bag Werkzeug-Organizer \u2013 kleine Werkzeugtasche mit abnehmbaren Taschen, robuste aufrollbare Werkzeugtasche mit\u2026","breadcrumb":{"@id":"https:\/\/marktxxl.de\/markt\/produkt\/the-ryker-bag-werkzeugtasche-zum-aufrollen-kleiner-werkzeug-organizer\/#breadcrumb"},"inLanguage":"de","potentialAction":[{"@type":"ReadAction","target":["https:\/\/marktxxl.de\/markt\/produkt\/the-ryker-bag-werkzeugtasche-zum-aufrollen-kleiner-werkzeug-organizer\/"]}]},{"@type":"ImageObject","inLanguage":"de","@id":"https:\/\/marktxxl.de\/markt\/produkt\/the-ryker-bag-werkzeugtasche-zum-aufrollen-kleiner-werkzeug-organizer\/#primaryimage","url":"https:\/\/m.media-amazon.com\/images\/I\/512Zv+73WhL._SL500_.jpg","contentUrl":"https:\/\/m.media-amazon.com\/images\/I\/512Zv+73WhL._SL500_.jpg","width":500,"height":500},{"@type":"BreadcrumbList","@id":"https:\/\/marktxxl.de\/markt\/produkt\/the-ryker-bag-werkzeugtasche-zum-aufrollen-kleiner-werkzeug-organizer\/#breadcrumb","itemListElement":[{"@type":"ListItem","position":1,"name":"Startseite","item":"https:\/\/marktxxl.de\/markt\/"},{"@type":"ListItem","position":2,"name":"Markt","item":"https:\/\/marktxxl.de\/markt\/"},{"@type":"ListItem","position":3,"name":"The Ryker Bag Werkzeug-Organizer \u2013 kleine Werkzeugtasche mit abnehmbaren Taschen, robuste aufrollbare Werkzeugtasche mit\u2026"}]},{"@type":"WebSite","@id":"https:\/\/marktxxl.de\/markt\/#website","url":"https:\/\/marktxxl.de\/markt\/","name":"Markt-XXL","description":"Ihr Markt Online","publisher":{"@id":"https:\/\/marktxxl.de\/markt\/#organization"},"potentialAction":[{"@type":"SearchAction","target":{"@type":"EntryPoint","urlTemplate":"https:\/\/marktxxl.de\/markt\/?s={search_term_string}"},"query-input":{"@type":"PropertyValueSpecification","valueRequired":true,"valueName":"search_term_string"}}],"inLanguage":"de"},{"@type":"Organization","@id":"https:\/\/marktxxl.de\/markt\/#organization","name":"Markt-XXL","url":"https:\/\/marktxxl.de\/markt\/","logo":{"@type":"ImageObject","inLanguage":"de","@id":"https:\/\/marktxxl.de\/markt\/#\/schema\/logo\/image\/","url":"https:\/\/marktxxl.de\/markt\/wp-content\/uploads\/sites\/3\/2020\/12\/logo.png","contentUrl":"https:\/\/marktxxl.de\/markt\/wp-content\/uploads\/sites\/3\/2020\/12\/logo.png","width":200,"height":70,"caption":"Markt-XXL"},"image":{"@id":"https:\/\/marktxxl.de\/markt\/#\/schema\/logo\/image\/"}}]}},"_links":{"self":[{"href":"https:\/\/marktxxl.de\/markt\/wp-json\/wp\/v2\/product\/85218","targetHints":{"allow":["GET"]}}],"collection":[{"href":"https:\/\/marktxxl.de\/markt\/wp-json\/wp\/v2\/product"}],"about":[{"href":"https:\/\/marktxxl.de\/markt\/wp-json\/wp\/v2\/types\/product"}],"replies":[{"embeddable":true,"href":"https:\/\/marktxxl.de\/markt\/wp-json\/wp\/v2\/comments?post=85218"}],"wp:featuredmedia":[{"embeddable":true,"href":"https:\/\/marktxxl.de\/markt\/wp-json\/wp\/v2\/media\/85219"}],"wp:attachment":[{"href":"https:\/\/marktxxl.de\/markt\/wp-json\/wp\/v2\/media?parent=85218"}],"wp:term":[{"taxonomy":"product_brand","embeddable":true,"href":"https:\/\/marktxxl.de\/markt\/wp-json\/wp\/v2\/product_brand?post=85218"},{"taxonomy":"product_cat","embeddable":true,"href":"https:\/\/marktxxl.de\/markt\/wp-json\/wp\/v2\/product_cat?post=85218"},{"taxonomy":"product_tag","embeddable":true,"href":"https:\/\/marktxxl.de\/markt\/wp-json\/wp\/v2\/product_tag?post=85218"}],"curies":[{"name":"wp","href":"https:\/\/api.w.org\/{rel}","templated":true}]}}