{"id":85088,"date":"2021-12-28T14:00:48","date_gmt":"2021-12-28T13:00:48","guid":{"rendered":"https:\/\/marktxxl.de\/markt\/produkt\/duschkopf-mit-schlauch-duschkopfset-brausekopf-mit-schlauch-hochdruck-handbrause-mit-3-gaengen-einstellbar-1-8m-schlauch-verchromtes-gesicht\/"},"modified":"2023-04-10T02:54:16","modified_gmt":"2023-04-10T00:54:16","slug":"duschkopf-mit-schlauch-duschkopfset-brausekopf-mit-schlauch-hochdruck-handbrause-mit-3-gaengen-einstellbar-1-8m-schlauch-verchromtes-gesicht","status":"publish","type":"product","link":"https:\/\/marktxxl.de\/markt\/produkt\/duschkopf-mit-schlauch-duschkopfset-brausekopf-mit-schlauch-hochdruck-handbrause-mit-3-gaengen-einstellbar-1-8m-schlauch-verchromtes-gesicht\/","title":{"rendered":"Duschkopf Mit Schlauch, Duschkopfset Brausekopf mit Schlauch Hochdruck Handbrause mit 3 G\u00e4ngen einstellbar, 1.8M\u2026"},"content":{"rendered":"<p>\u3010Duschkopf mit Handset\u3011: Duschk\u00f6pfe, mit denen Sie aus 3 leistungsstarken Hochdruckeinstellungen w\u00e4hlen k\u00f6nnen, die Ihren Bed\u00fcrfnissen am besten entsprechen. Handbrause mit hochwertigem 59-Zoll-Schlauch. Bietet Ihnen Platz zum Reinigen der Dusche oder Badewanne.<br \/>\n\u3010LEISTUNGSF\u00c4HIGER SPR\u00dcHEFFEKT 3 SPRITZMODI\u3011: Duschkopf mit Handbrause mit 3 Strahleinstellungen, einschlie\u00dflich Regen\/Schnell\/Effizienter Strahl, drei Strahlmodi, Hochdruck-Handbrause ist mit einer Bedientaste ausgestattet, mit der Sie den Modus einstellen k\u00f6nnen, den Sie f\u00fchlen entspannt. Lassen Sie sich an einem arbeitsreichen Tag in der Badewanne entspannen.<br \/>\n\u3010EINFACHERE INSTALLATION \/ KEIN STANZEN\u3011: Sie k\u00f6nnen es sehr einfach erfolgreich zusammenbauen. Das Schlauchgewinde passt zu den meisten Schnittstellen. Wenn man bedenkt, dass die herk\u00f6mmliche Befestigungsklammer gestanzt werden muss, ist dies sehr umst\u00e4ndlich und unflexibel. Daher muss der Befestigungswinkel des Duschkopfes mit Handheld nicht mehr gestanzt werden. Da wir einen stanzfreien Wandaufkleber hinzugef\u00fcgt haben, wird der Installationsprozess einfach und effizient.<br \/>\n\u3010HOCHWERTIGE MATERIALIEN VERWENDEN\u3011: Wir verwenden hochreine und starke ABS-Materialien f\u00fcr den Duschkopf und den Schlauch mit exquisiter Verarbeitung. Hochwertige Vollverchromung. Lassen Sie es sehr harmonisch in Ihr Badezimmer passen. Die haltbare verchromte Oberfl\u00e4che macht den Duschkopf w\u00e4hrend des Gebrauchs nicht einfach zu tragen.<br \/>\n\u3010QUALIT\u00c4TSSERVICE\u3011: Duschkopf mit Handheld-Set enth\u00e4lt: 1 * Duschkopf \/ 1 * Schlauch (mit Dichtung im Schlauch) \/ 1 * Feste Halterung \/ 1 * perforationsfreier Wandaufkleber. Wir bieten lebenslangen Ersatzservice an. Bei Qualit\u00e4tsproblemen oder anderen Situationen kontaktieren Sie uns bitte rechtzeitig. Wir helfen Ihnen, das Problem innerhalb von 24 Stunden zu l\u00f6sen.<br \/>\n<div class=\"main-cross-sell\" data-asin=\"B09HWRY8MT\">\n\n\t<div class=\"WooZone-cross-sell-loader\">\n\t\t<div>\n\t\t\t<div id=\"floatingBarsG\">\n\t\t\t\t<div class=\"blockG\" id=\"rotateG_01\"><\/div>\n\t\t\t\t<div class=\"blockG\" id=\"rotateG_02\"><\/div>\n\t\t\t\t<div class=\"blockG\" id=\"rotateG_03\"><\/div>\n\t\t\t\t<div class=\"blockG\" id=\"rotateG_04\"><\/div>\n\t\t\t\t<div class=\"blockG\" id=\"rotateG_05\"><\/div>\n\t\t\t\t<div class=\"blockG\" id=\"rotateG_06\"><\/div>\n\t\t\t\t<div class=\"blockG\" id=\"rotateG_07\"><\/div>\n\t\t\t\t<div class=\"blockG\" id=\"rotateG_08\"><\/div>\n\t\t\t<\/div>\n\t\t\t<div class=\"WooZone-cross-sell-loader-text\"><\/div>\n\t\t<\/div>\n\t<\/div>\n\n\t\t\n<\/div>\n<div style=\"clear:both;\"><\/div><\/p>\n","protected":false},"excerpt":{"rendered":"<p>\u3010Duschkopf mit Handset\u3011: Duschk\u00f6pfe, mit denen Sie aus 3 leistungsstarken Hochdruckeinstellungen w\u00e4hlen k\u00f6nnen, die Ihren Bed\u00fcrfnissen am besten entsprechen. Handbrause mit hochwertigem 59-Zoll-Schlauch. Bietet Ihnen Platz zum Reinigen der Dusche oder Badewanne.<br \/>\n\u3010LEISTUNGSF\u00c4HIGER SPR\u00dcHEFFEKT 3 SPRITZMODI\u3011: Duschkopf mit Handbrause mit 3 Strahleinstellungen, einschlie\u00dflich Regen\/Schnell\/Effizienter Strahl, drei Strahlmodi, Hochdruck-Handbrause ist mit einer Bedientaste ausgestattet, mit der Sie den Modus einstellen k\u00f6nnen, den Sie f\u00fchlen entspannt. Lassen Sie sich an einem arbeitsreichen Tag in der Badewanne entspannen.<br \/>\n\u3010EINFACHERE INSTALLATION \/ KEIN STANZEN\u3011: Sie k\u00f6nnen es sehr einfach erfolgreich zusammenbauen. Das Schlauchgewinde passt zu den meisten Schnittstellen. Wenn man bedenkt, dass die herk\u00f6mmliche Befestigungsklammer gestanzt werden muss, ist dies sehr umst\u00e4ndlich und unflexibel. Daher muss der Befestigungswinkel des Duschkopfes mit Handheld nicht mehr gestanzt werden. Da wir einen stanzfreien Wandaufkleber hinzugef\u00fcgt haben, wird der Installationsprozess einfach und effizient.<\/p>\n","protected":false},"featured_media":85089,"comment_status":"open","ping_status":"closed","template":"","meta":[],"product_brand":[],"product_cat":[1983,11101],"product_tag":[],"class_list":{"0":"post-85088","1":"product","2":"type-product","3":"status-publish","4":"has-post-thumbnail","6":"product_cat-baumarkt","7":"product_cat-kuechen-badinstallation","8":"pa_brand-curbel","9":"pa_height-1-968503935-zoll","10":"pa_length-9-842519675-zoll","11":"pa_manufacturer-curbel","12":"pa_size-25205cm","13":"pa_width-7-87401574-zoll","15":"first","16":"instock","17":"shipping-taxable","18":"purchasable","19":"product-type-simple","20":"customify-col","21":"product-has-gallery"},"yoast_head":"<!-- This site is optimized with the Yoast SEO plugin v27.3 - https:\/\/yoast.com\/product\/yoast-seo-wordpress\/ -->\n<title>Duschkopf Mit Schlauch, Duschkopfset Brausekopf mit Schlauch Hochdruck Handbrause mit 3 G\u00e4ngen einstellbar, 1.8M\u2026 - Markt-XXL<\/title>\n<meta name=\"description\" content=\"Markt-XXL Duschkopf Mit Schlauch, Duschkopfset Brausekopf mit Schlauch Hochdruck Handbrause mit 3 G\u00e4ngen einstellbar, 1.8M\u2026\" \/>\n<meta name=\"robots\" content=\"index, follow, max-snippet:-1, max-image-preview:large, max-video-preview:-1\" \/>\n<link rel=\"canonical\" href=\"https:\/\/marktxxl.de\/markt\/produkt\/duschkopf-mit-schlauch-duschkopfset-brausekopf-mit-schlauch-hochdruck-handbrause-mit-3-gaengen-einstellbar-1-8m-schlauch-verchromtes-gesicht\/\" \/>\n<meta property=\"og:locale\" content=\"de_DE\" \/>\n<meta property=\"og:type\" content=\"article\" \/>\n<meta property=\"og:title\" content=\"Duschkopf Mit Schlauch, Duschkopfset Brausekopf mit Schlauch Hochdruck Handbrause mit 3 G\u00e4ngen einstellbar, 1.8M\u2026 - Markt-XXL\" \/>\n<meta property=\"og:description\" content=\"Markt-XXL Duschkopf Mit Schlauch, Duschkopfset Brausekopf mit Schlauch Hochdruck Handbrause mit 3 G\u00e4ngen einstellbar, 1.8M\u2026\" \/>\n<meta property=\"og:url\" content=\"https:\/\/marktxxl.de\/markt\/produkt\/duschkopf-mit-schlauch-duschkopfset-brausekopf-mit-schlauch-hochdruck-handbrause-mit-3-gaengen-einstellbar-1-8m-schlauch-verchromtes-gesicht\/\" \/>\n<meta property=\"og:site_name\" content=\"Markt-XXL\" \/>\n<meta property=\"article:modified_time\" content=\"2023-04-10T00:54:16+00:00\" \/>\n<meta property=\"og:image\" content=\"https:\/\/m.media-amazon.com\/images\/I\/41gMBA2dSiL._SL500_.jpg\" \/>\n\t<meta property=\"og:image:width\" content=\"500\" \/>\n\t<meta property=\"og:image:height\" content=\"500\" \/>\n\t<meta property=\"og:image:type\" content=\"image\/jpeg\" \/>\n<meta name=\"twitter:card\" content=\"summary_large_image\" \/>\n<meta name=\"twitter:label1\" content=\"Gesch\u00e4tzte Lesezeit\" \/>\n\t<meta name=\"twitter:data1\" content=\"1\u00a0Minute\" \/>\n<script type=\"application\/ld+json\" class=\"yoast-schema-graph\">{\"@context\":\"https:\\\/\\\/schema.org\",\"@graph\":[{\"@type\":\"WebPage\",\"@id\":\"https:\\\/\\\/marktxxl.de\\\/markt\\\/produkt\\\/duschkopf-mit-schlauch-duschkopfset-brausekopf-mit-schlauch-hochdruck-handbrause-mit-3-gaengen-einstellbar-1-8m-schlauch-verchromtes-gesicht\\\/\",\"url\":\"https:\\\/\\\/marktxxl.de\\\/markt\\\/produkt\\\/duschkopf-mit-schlauch-duschkopfset-brausekopf-mit-schlauch-hochdruck-handbrause-mit-3-gaengen-einstellbar-1-8m-schlauch-verchromtes-gesicht\\\/\",\"name\":\"Duschkopf Mit Schlauch, Duschkopfset Brausekopf mit Schlauch Hochdruck Handbrause mit 3 G\u00e4ngen einstellbar, 1.8M\u2026 - Markt-XXL\",\"isPartOf\":{\"@id\":\"https:\\\/\\\/marktxxl.de\\\/markt\\\/#website\"},\"primaryImageOfPage\":{\"@id\":\"https:\\\/\\\/marktxxl.de\\\/markt\\\/produkt\\\/duschkopf-mit-schlauch-duschkopfset-brausekopf-mit-schlauch-hochdruck-handbrause-mit-3-gaengen-einstellbar-1-8m-schlauch-verchromtes-gesicht\\\/#primaryimage\"},\"image\":{\"@id\":\"https:\\\/\\\/marktxxl.de\\\/markt\\\/produkt\\\/duschkopf-mit-schlauch-duschkopfset-brausekopf-mit-schlauch-hochdruck-handbrause-mit-3-gaengen-einstellbar-1-8m-schlauch-verchromtes-gesicht\\\/#primaryimage\"},\"thumbnailUrl\":\"https:\\\/\\\/m.media-amazon.com\\\/images\\\/I\\\/41gMBA2dSiL._SL500_.jpg\",\"datePublished\":\"2021-12-28T13:00:48+00:00\",\"dateModified\":\"2023-04-10T00:54:16+00:00\",\"description\":\"Markt-XXL Duschkopf Mit Schlauch, Duschkopfset Brausekopf mit Schlauch Hochdruck Handbrause mit 3 G\u00e4ngen einstellbar, 1.8M\u2026\",\"breadcrumb\":{\"@id\":\"https:\\\/\\\/marktxxl.de\\\/markt\\\/produkt\\\/duschkopf-mit-schlauch-duschkopfset-brausekopf-mit-schlauch-hochdruck-handbrause-mit-3-gaengen-einstellbar-1-8m-schlauch-verchromtes-gesicht\\\/#breadcrumb\"},\"inLanguage\":\"de\",\"potentialAction\":[{\"@type\":\"ReadAction\",\"target\":[\"https:\\\/\\\/marktxxl.de\\\/markt\\\/produkt\\\/duschkopf-mit-schlauch-duschkopfset-brausekopf-mit-schlauch-hochdruck-handbrause-mit-3-gaengen-einstellbar-1-8m-schlauch-verchromtes-gesicht\\\/\"]}]},{\"@type\":\"ImageObject\",\"inLanguage\":\"de\",\"@id\":\"https:\\\/\\\/marktxxl.de\\\/markt\\\/produkt\\\/duschkopf-mit-schlauch-duschkopfset-brausekopf-mit-schlauch-hochdruck-handbrause-mit-3-gaengen-einstellbar-1-8m-schlauch-verchromtes-gesicht\\\/#primaryimage\",\"url\":\"https:\\\/\\\/m.media-amazon.com\\\/images\\\/I\\\/41gMBA2dSiL._SL500_.jpg\",\"contentUrl\":\"https:\\\/\\\/m.media-amazon.com\\\/images\\\/I\\\/41gMBA2dSiL._SL500_.jpg\",\"width\":500,\"height\":500},{\"@type\":\"BreadcrumbList\",\"@id\":\"https:\\\/\\\/marktxxl.de\\\/markt\\\/produkt\\\/duschkopf-mit-schlauch-duschkopfset-brausekopf-mit-schlauch-hochdruck-handbrause-mit-3-gaengen-einstellbar-1-8m-schlauch-verchromtes-gesicht\\\/#breadcrumb\",\"itemListElement\":[{\"@type\":\"ListItem\",\"position\":1,\"name\":\"Startseite\",\"item\":\"https:\\\/\\\/marktxxl.de\\\/markt\\\/\"},{\"@type\":\"ListItem\",\"position\":2,\"name\":\"Markt\",\"item\":\"https:\\\/\\\/marktxxl.de\\\/markt\\\/\"},{\"@type\":\"ListItem\",\"position\":3,\"name\":\"Duschkopf Mit Schlauch, Duschkopfset Brausekopf mit Schlauch Hochdruck Handbrause mit 3 G\u00e4ngen einstellbar, 1.8M\u2026\"}]},{\"@type\":\"WebSite\",\"@id\":\"https:\\\/\\\/marktxxl.de\\\/markt\\\/#website\",\"url\":\"https:\\\/\\\/marktxxl.de\\\/markt\\\/\",\"name\":\"Markt-XXL\",\"description\":\"Ihr Markt Online\",\"publisher\":{\"@id\":\"https:\\\/\\\/marktxxl.de\\\/markt\\\/#organization\"},\"potentialAction\":[{\"@type\":\"SearchAction\",\"target\":{\"@type\":\"EntryPoint\",\"urlTemplate\":\"https:\\\/\\\/marktxxl.de\\\/markt\\\/?s={search_term_string}\"},\"query-input\":{\"@type\":\"PropertyValueSpecification\",\"valueRequired\":true,\"valueName\":\"search_term_string\"}}],\"inLanguage\":\"de\"},{\"@type\":\"Organization\",\"@id\":\"https:\\\/\\\/marktxxl.de\\\/markt\\\/#organization\",\"name\":\"Markt-XXL\",\"url\":\"https:\\\/\\\/marktxxl.de\\\/markt\\\/\",\"logo\":{\"@type\":\"ImageObject\",\"inLanguage\":\"de\",\"@id\":\"https:\\\/\\\/marktxxl.de\\\/markt\\\/#\\\/schema\\\/logo\\\/image\\\/\",\"url\":\"https:\\\/\\\/marktxxl.de\\\/markt\\\/wp-content\\\/uploads\\\/sites\\\/3\\\/2020\\\/12\\\/logo.png\",\"contentUrl\":\"https:\\\/\\\/marktxxl.de\\\/markt\\\/wp-content\\\/uploads\\\/sites\\\/3\\\/2020\\\/12\\\/logo.png\",\"width\":200,\"height\":70,\"caption\":\"Markt-XXL\"},\"image\":{\"@id\":\"https:\\\/\\\/marktxxl.de\\\/markt\\\/#\\\/schema\\\/logo\\\/image\\\/\"}}]}<\/script>\n<!-- \/ Yoast SEO plugin. -->","yoast_head_json":{"title":"Duschkopf Mit Schlauch, Duschkopfset Brausekopf mit Schlauch Hochdruck Handbrause mit 3 G\u00e4ngen einstellbar, 1.8M\u2026 - Markt-XXL","description":"Markt-XXL Duschkopf Mit Schlauch, Duschkopfset Brausekopf mit Schlauch Hochdruck Handbrause mit 3 G\u00e4ngen einstellbar, 1.8M\u2026","robots":{"index":"index","follow":"follow","max-snippet":"max-snippet:-1","max-image-preview":"max-image-preview:large","max-video-preview":"max-video-preview:-1"},"canonical":"https:\/\/marktxxl.de\/markt\/produkt\/duschkopf-mit-schlauch-duschkopfset-brausekopf-mit-schlauch-hochdruck-handbrause-mit-3-gaengen-einstellbar-1-8m-schlauch-verchromtes-gesicht\/","og_locale":"de_DE","og_type":"article","og_title":"Duschkopf Mit Schlauch, Duschkopfset Brausekopf mit Schlauch Hochdruck Handbrause mit 3 G\u00e4ngen einstellbar, 1.8M\u2026 - Markt-XXL","og_description":"Markt-XXL Duschkopf Mit Schlauch, Duschkopfset Brausekopf mit Schlauch Hochdruck Handbrause mit 3 G\u00e4ngen einstellbar, 1.8M\u2026","og_url":"https:\/\/marktxxl.de\/markt\/produkt\/duschkopf-mit-schlauch-duschkopfset-brausekopf-mit-schlauch-hochdruck-handbrause-mit-3-gaengen-einstellbar-1-8m-schlauch-verchromtes-gesicht\/","og_site_name":"Markt-XXL","article_modified_time":"2023-04-10T00:54:16+00:00","og_image":[{"width":500,"height":500,"url":"https:\/\/m.media-amazon.com\/images\/I\/41gMBA2dSiL._SL500_.jpg","type":"image\/jpeg"}],"twitter_card":"summary_large_image","twitter_misc":{"Gesch\u00e4tzte Lesezeit":"1\u00a0Minute"},"schema":{"@context":"https:\/\/schema.org","@graph":[{"@type":"WebPage","@id":"https:\/\/marktxxl.de\/markt\/produkt\/duschkopf-mit-schlauch-duschkopfset-brausekopf-mit-schlauch-hochdruck-handbrause-mit-3-gaengen-einstellbar-1-8m-schlauch-verchromtes-gesicht\/","url":"https:\/\/marktxxl.de\/markt\/produkt\/duschkopf-mit-schlauch-duschkopfset-brausekopf-mit-schlauch-hochdruck-handbrause-mit-3-gaengen-einstellbar-1-8m-schlauch-verchromtes-gesicht\/","name":"Duschkopf Mit Schlauch, Duschkopfset Brausekopf mit Schlauch Hochdruck Handbrause mit 3 G\u00e4ngen einstellbar, 1.8M\u2026 - Markt-XXL","isPartOf":{"@id":"https:\/\/marktxxl.de\/markt\/#website"},"primaryImageOfPage":{"@id":"https:\/\/marktxxl.de\/markt\/produkt\/duschkopf-mit-schlauch-duschkopfset-brausekopf-mit-schlauch-hochdruck-handbrause-mit-3-gaengen-einstellbar-1-8m-schlauch-verchromtes-gesicht\/#primaryimage"},"image":{"@id":"https:\/\/marktxxl.de\/markt\/produkt\/duschkopf-mit-schlauch-duschkopfset-brausekopf-mit-schlauch-hochdruck-handbrause-mit-3-gaengen-einstellbar-1-8m-schlauch-verchromtes-gesicht\/#primaryimage"},"thumbnailUrl":"https:\/\/m.media-amazon.com\/images\/I\/41gMBA2dSiL._SL500_.jpg","datePublished":"2021-12-28T13:00:48+00:00","dateModified":"2023-04-10T00:54:16+00:00","description":"Markt-XXL Duschkopf Mit Schlauch, Duschkopfset Brausekopf mit Schlauch Hochdruck Handbrause mit 3 G\u00e4ngen einstellbar, 1.8M\u2026","breadcrumb":{"@id":"https:\/\/marktxxl.de\/markt\/produkt\/duschkopf-mit-schlauch-duschkopfset-brausekopf-mit-schlauch-hochdruck-handbrause-mit-3-gaengen-einstellbar-1-8m-schlauch-verchromtes-gesicht\/#breadcrumb"},"inLanguage":"de","potentialAction":[{"@type":"ReadAction","target":["https:\/\/marktxxl.de\/markt\/produkt\/duschkopf-mit-schlauch-duschkopfset-brausekopf-mit-schlauch-hochdruck-handbrause-mit-3-gaengen-einstellbar-1-8m-schlauch-verchromtes-gesicht\/"]}]},{"@type":"ImageObject","inLanguage":"de","@id":"https:\/\/marktxxl.de\/markt\/produkt\/duschkopf-mit-schlauch-duschkopfset-brausekopf-mit-schlauch-hochdruck-handbrause-mit-3-gaengen-einstellbar-1-8m-schlauch-verchromtes-gesicht\/#primaryimage","url":"https:\/\/m.media-amazon.com\/images\/I\/41gMBA2dSiL._SL500_.jpg","contentUrl":"https:\/\/m.media-amazon.com\/images\/I\/41gMBA2dSiL._SL500_.jpg","width":500,"height":500},{"@type":"BreadcrumbList","@id":"https:\/\/marktxxl.de\/markt\/produkt\/duschkopf-mit-schlauch-duschkopfset-brausekopf-mit-schlauch-hochdruck-handbrause-mit-3-gaengen-einstellbar-1-8m-schlauch-verchromtes-gesicht\/#breadcrumb","itemListElement":[{"@type":"ListItem","position":1,"name":"Startseite","item":"https:\/\/marktxxl.de\/markt\/"},{"@type":"ListItem","position":2,"name":"Markt","item":"https:\/\/marktxxl.de\/markt\/"},{"@type":"ListItem","position":3,"name":"Duschkopf Mit Schlauch, Duschkopfset Brausekopf mit Schlauch Hochdruck Handbrause mit 3 G\u00e4ngen einstellbar, 1.8M\u2026"}]},{"@type":"WebSite","@id":"https:\/\/marktxxl.de\/markt\/#website","url":"https:\/\/marktxxl.de\/markt\/","name":"Markt-XXL","description":"Ihr Markt Online","publisher":{"@id":"https:\/\/marktxxl.de\/markt\/#organization"},"potentialAction":[{"@type":"SearchAction","target":{"@type":"EntryPoint","urlTemplate":"https:\/\/marktxxl.de\/markt\/?s={search_term_string}"},"query-input":{"@type":"PropertyValueSpecification","valueRequired":true,"valueName":"search_term_string"}}],"inLanguage":"de"},{"@type":"Organization","@id":"https:\/\/marktxxl.de\/markt\/#organization","name":"Markt-XXL","url":"https:\/\/marktxxl.de\/markt\/","logo":{"@type":"ImageObject","inLanguage":"de","@id":"https:\/\/marktxxl.de\/markt\/#\/schema\/logo\/image\/","url":"https:\/\/marktxxl.de\/markt\/wp-content\/uploads\/sites\/3\/2020\/12\/logo.png","contentUrl":"https:\/\/marktxxl.de\/markt\/wp-content\/uploads\/sites\/3\/2020\/12\/logo.png","width":200,"height":70,"caption":"Markt-XXL"},"image":{"@id":"https:\/\/marktxxl.de\/markt\/#\/schema\/logo\/image\/"}}]}},"_links":{"self":[{"href":"https:\/\/marktxxl.de\/markt\/wp-json\/wp\/v2\/product\/85088","targetHints":{"allow":["GET"]}}],"collection":[{"href":"https:\/\/marktxxl.de\/markt\/wp-json\/wp\/v2\/product"}],"about":[{"href":"https:\/\/marktxxl.de\/markt\/wp-json\/wp\/v2\/types\/product"}],"replies":[{"embeddable":true,"href":"https:\/\/marktxxl.de\/markt\/wp-json\/wp\/v2\/comments?post=85088"}],"wp:featuredmedia":[{"embeddable":true,"href":"https:\/\/marktxxl.de\/markt\/wp-json\/wp\/v2\/media\/85089"}],"wp:attachment":[{"href":"https:\/\/marktxxl.de\/markt\/wp-json\/wp\/v2\/media?parent=85088"}],"wp:term":[{"taxonomy":"product_brand","embeddable":true,"href":"https:\/\/marktxxl.de\/markt\/wp-json\/wp\/v2\/product_brand?post=85088"},{"taxonomy":"product_cat","embeddable":true,"href":"https:\/\/marktxxl.de\/markt\/wp-json\/wp\/v2\/product_cat?post=85088"},{"taxonomy":"product_tag","embeddable":true,"href":"https:\/\/marktxxl.de\/markt\/wp-json\/wp\/v2\/product_tag?post=85088"}],"curies":[{"name":"wp","href":"https:\/\/api.w.org\/{rel}","templated":true}]}}