{"id":85048,"date":"2021-12-28T14:00:31","date_gmt":"2021-12-28T13:00:31","guid":{"rendered":"https:\/\/marktxxl.de\/markt\/produkt\/a02-arofa-kitchen-faucet\/"},"modified":"2023-04-10T02:54:16","modified_gmt":"2023-04-10T00:54:16","slug":"a02-arofa-kitchen-faucet","status":"publish","type":"product","link":"https:\/\/marktxxl.de\/markt\/produkt\/a02-arofa-kitchen-faucet\/","title":{"rendered":"K\u00fcchen-Wasserhahn, K\u00fcchensp\u00fcle, Arofa Einzelgriff, Edelstahl, geb\u00fcrstetes Nickel, ausziehbare K\u00fcchenarmatur mit\u2026"},"content":{"rendered":"<p>61 cm verl\u76f2ngerter Schlauch: Chrom-K\u7709chenarmatur bewegt die D\u7709se frei um die Sp\u7709le in einem gro\u813den Bereich, was bequemer ist als die traditionelle feste K\u7709chenarmatur. 61 cm verl\u76f2ngerter ausziehbarer Schlauch erm\u679aglicht es Ihnen, sich von umst\u76f2ndlichen Prozessen abzuverabschieden und ein freies Leben zu genie\u813den, wodurch der Schmutz leicht zu reinigen ist.<br \/>\n3-Funktions-Spr\u7709her: Chrom-K\u7709chenarmaturen mit herausziehbarem Spr\u7709her haben drei Wasserauslass-Modi, Spr\u7709her, Stream und Pause, wodurch die Reinigung bequemer und effizienter wird, spart Ihre Hausarbeitszeit und genie\u813den Sie das Familienleben.<br \/>\nGeflochtener Nylon-Schlauch: Wie wir alle wissen, wird der K\u7709chenwasserhahn mit 3 L\u679achern mit dem einziehbaren Schlauch realisiert. Nylonschlauch hat eine hohe Zug- und Druckfestigkeit, verschlei\u813dfest, reduziert den Auslaufpunkt. Am wichtigsten ist, dass der Schlauch mit geflochtener Struktur den Reibungswiderstand beim Ziehen reduzieren und das glatte Handgef\u7709hl des Zughahns sicherstellen kann.<br \/>\nStandardgr\u679a\u813de: Das einfache Design und die Standardgr\u679a\u813de der verchromten K\u7709chenarmatur kann perfekt f\u7709r die meisten modernen K\u7709chenstile verwendet werden, wie Wohnmobil, Bauernhaus, Bar, K\u7709che usw. Eine perfekte K\u7709chenarmatur aus Chrom zum Herunterziehen, um Ihre K\u7709che zu beleuchten. In der Zwischenzeit ist das vorinstallierte Design der verchromten K\u7709chenarmatur ein Kinderspiel.<br \/>\nInternational products have separate terms, are sold from abroad and may differ from local products, including fit, age ratings, and language of product, labeling or instructions.<br \/>\n<div class=\"main-cross-sell\" data-asin=\"B09NBRPD9N\">\n\n\t<div class=\"WooZone-cross-sell-loader\">\n\t\t<div>\n\t\t\t<div id=\"floatingBarsG\">\n\t\t\t\t<div class=\"blockG\" id=\"rotateG_01\"><\/div>\n\t\t\t\t<div class=\"blockG\" id=\"rotateG_02\"><\/div>\n\t\t\t\t<div class=\"blockG\" id=\"rotateG_03\"><\/div>\n\t\t\t\t<div class=\"blockG\" id=\"rotateG_04\"><\/div>\n\t\t\t\t<div class=\"blockG\" id=\"rotateG_05\"><\/div>\n\t\t\t\t<div class=\"blockG\" id=\"rotateG_06\"><\/div>\n\t\t\t\t<div class=\"blockG\" id=\"rotateG_07\"><\/div>\n\t\t\t\t<div class=\"blockG\" id=\"rotateG_08\"><\/div>\n\t\t\t<\/div>\n\t\t\t<div class=\"WooZone-cross-sell-loader-text\"><\/div>\n\t\t<\/div>\n\t<\/div>\n\n\t\t\n<\/div>\n<div style=\"clear:both;\"><\/div><\/p>\n","protected":false},"excerpt":{"rendered":"<p>61 cm verl\u76f2ngerter Schlauch: Chrom-K\u7709chenarmatur bewegt die D\u7709se frei um die Sp\u7709le in einem gro\u813den Bereich, was bequemer ist als die traditionelle feste K\u7709chenarmatur. 61 cm verl\u76f2ngerter ausziehbarer Schlauch erm\u679aglicht es Ihnen, sich von umst\u76f2ndlichen Prozessen abzuverabschieden und ein freies Leben zu genie\u813den, wodurch der Schmutz leicht zu reinigen ist.<br \/>\n3-Funktions-Spr\u7709her: Chrom-K\u7709chenarmaturen mit herausziehbarem Spr\u7709her haben drei Wasserauslass-Modi, Spr\u7709her, Stream und Pause, wodurch die Reinigung bequemer und effizienter wird, spart Ihre Hausarbeitszeit und genie\u813den Sie das Familienleben.<br \/>\nGeflochtener Nylon-Schlauch: Wie wir alle wissen, wird der K\u7709chenwasserhahn mit 3 L\u679achern mit dem einziehbaren Schlauch realisiert. Nylonschlauch hat eine hohe Zug- und Druckfestigkeit, verschlei\u813dfest, reduziert den Auslaufpunkt. Am wichtigsten ist, dass der Schlauch mit geflochtener Struktur den Reibungswiderstand beim Ziehen reduzieren und das glatte Handgef\u7709hl des Zughahns sicherstellen kann.<\/p>\n","protected":false},"featured_media":85052,"comment_status":"open","ping_status":"closed","template":"","meta":[],"product_brand":[],"product_cat":[1983,11101],"product_tag":[],"class_list":{"0":"post-85048","1":"product","2":"type-product","3":"status-publish","4":"has-post-thumbnail","6":"product_cat-baumarkt","7":"product_cat-kuechen-badinstallation","8":"pa_binding-werkzeug","9":"pa_brand-arofa","10":"pa_farbe-brushed-nickel","11":"pa_farbe-chrome","12":"pa_farbe-mattgrau","13":"pa_manufacturer-arofa","15":"first","16":"instock","17":"shipping-taxable","18":"purchasable","19":"product-type-variable","20":"customify-col","21":"product-has-gallery"},"yoast_head":"<!-- This site is optimized with the Yoast SEO plugin v27.4 - https:\/\/yoast.com\/product\/yoast-seo-wordpress\/ -->\n<title>K\u00fcchen-Wasserhahn, K\u00fcchensp\u00fcle, Arofa Einzelgriff, Edelstahl, geb\u00fcrstetes Nickel, ausziehbare K\u00fcchenarmatur mit\u2026 - Markt-XXL<\/title>\n<meta name=\"description\" content=\"Markt-XXL K\u00fcchen-Wasserhahn, K\u00fcchensp\u00fcle, Arofa Einzelgriff, Edelstahl, geb\u00fcrstetes Nickel, ausziehbare K\u00fcchenarmatur mit\u2026\" \/>\n<meta name=\"robots\" content=\"index, follow, max-snippet:-1, max-image-preview:large, max-video-preview:-1\" \/>\n<link rel=\"canonical\" href=\"https:\/\/marktxxl.de\/markt\/produkt\/a02-arofa-kitchen-faucet\/\" \/>\n<meta property=\"og:locale\" content=\"de_DE\" \/>\n<meta property=\"og:type\" content=\"article\" \/>\n<meta property=\"og:title\" content=\"K\u00fcchen-Wasserhahn, K\u00fcchensp\u00fcle, Arofa Einzelgriff, Edelstahl, geb\u00fcrstetes Nickel, ausziehbare K\u00fcchenarmatur mit\u2026 - Markt-XXL\" \/>\n<meta property=\"og:description\" content=\"Markt-XXL K\u00fcchen-Wasserhahn, K\u00fcchensp\u00fcle, Arofa Einzelgriff, Edelstahl, geb\u00fcrstetes Nickel, ausziehbare K\u00fcchenarmatur mit\u2026\" \/>\n<meta property=\"og:url\" content=\"https:\/\/marktxxl.de\/markt\/produkt\/a02-arofa-kitchen-faucet\/\" \/>\n<meta property=\"og:site_name\" content=\"Markt-XXL\" \/>\n<meta property=\"article:modified_time\" content=\"2023-04-10T00:54:16+00:00\" \/>\n<meta property=\"og:image\" content=\"https:\/\/m.media-amazon.com\/images\/I\/31fMUhNvALL._SL500_.jpg\" \/>\n\t<meta property=\"og:image:width\" content=\"500\" \/>\n\t<meta property=\"og:image:height\" content=\"500\" \/>\n\t<meta property=\"og:image:type\" content=\"image\/jpeg\" \/>\n<meta name=\"twitter:card\" content=\"summary_large_image\" \/>\n<meta name=\"twitter:label1\" content=\"Gesch\u00e4tzte Lesezeit\" \/>\n\t<meta name=\"twitter:data1\" content=\"1\u00a0Minute\" \/>\n<script type=\"application\/ld+json\" class=\"yoast-schema-graph\">{\"@context\":\"https:\\\/\\\/schema.org\",\"@graph\":[{\"@type\":\"WebPage\",\"@id\":\"https:\\\/\\\/marktxxl.de\\\/markt\\\/produkt\\\/a02-arofa-kitchen-faucet\\\/\",\"url\":\"https:\\\/\\\/marktxxl.de\\\/markt\\\/produkt\\\/a02-arofa-kitchen-faucet\\\/\",\"name\":\"K\u00fcchen-Wasserhahn, K\u00fcchensp\u00fcle, Arofa Einzelgriff, Edelstahl, geb\u00fcrstetes Nickel, ausziehbare K\u00fcchenarmatur mit\u2026 - Markt-XXL\",\"isPartOf\":{\"@id\":\"https:\\\/\\\/marktxxl.de\\\/markt\\\/#website\"},\"primaryImageOfPage\":{\"@id\":\"https:\\\/\\\/marktxxl.de\\\/markt\\\/produkt\\\/a02-arofa-kitchen-faucet\\\/#primaryimage\"},\"image\":{\"@id\":\"https:\\\/\\\/marktxxl.de\\\/markt\\\/produkt\\\/a02-arofa-kitchen-faucet\\\/#primaryimage\"},\"thumbnailUrl\":\"https:\\\/\\\/m.media-amazon.com\\\/images\\\/I\\\/31fMUhNvALL._SL500_.jpg\",\"datePublished\":\"2021-12-28T13:00:31+00:00\",\"dateModified\":\"2023-04-10T00:54:16+00:00\",\"description\":\"Markt-XXL K\u00fcchen-Wasserhahn, K\u00fcchensp\u00fcle, Arofa Einzelgriff, Edelstahl, geb\u00fcrstetes Nickel, ausziehbare K\u00fcchenarmatur mit\u2026\",\"breadcrumb\":{\"@id\":\"https:\\\/\\\/marktxxl.de\\\/markt\\\/produkt\\\/a02-arofa-kitchen-faucet\\\/#breadcrumb\"},\"inLanguage\":\"de\",\"potentialAction\":[{\"@type\":\"ReadAction\",\"target\":[\"https:\\\/\\\/marktxxl.de\\\/markt\\\/produkt\\\/a02-arofa-kitchen-faucet\\\/\"]}]},{\"@type\":\"ImageObject\",\"inLanguage\":\"de\",\"@id\":\"https:\\\/\\\/marktxxl.de\\\/markt\\\/produkt\\\/a02-arofa-kitchen-faucet\\\/#primaryimage\",\"url\":\"https:\\\/\\\/m.media-amazon.com\\\/images\\\/I\\\/31fMUhNvALL._SL500_.jpg\",\"contentUrl\":\"https:\\\/\\\/m.media-amazon.com\\\/images\\\/I\\\/31fMUhNvALL._SL500_.jpg\",\"width\":500,\"height\":500},{\"@type\":\"BreadcrumbList\",\"@id\":\"https:\\\/\\\/marktxxl.de\\\/markt\\\/produkt\\\/a02-arofa-kitchen-faucet\\\/#breadcrumb\",\"itemListElement\":[{\"@type\":\"ListItem\",\"position\":1,\"name\":\"Startseite\",\"item\":\"https:\\\/\\\/marktxxl.de\\\/markt\\\/\"},{\"@type\":\"ListItem\",\"position\":2,\"name\":\"Markt\",\"item\":\"https:\\\/\\\/marktxxl.de\\\/markt\\\/\"},{\"@type\":\"ListItem\",\"position\":3,\"name\":\"K\u00fcchen-Wasserhahn, K\u00fcchensp\u00fcle, Arofa Einzelgriff, Edelstahl, geb\u00fcrstetes Nickel, ausziehbare K\u00fcchenarmatur mit\u2026\"}]},{\"@type\":\"WebSite\",\"@id\":\"https:\\\/\\\/marktxxl.de\\\/markt\\\/#website\",\"url\":\"https:\\\/\\\/marktxxl.de\\\/markt\\\/\",\"name\":\"Markt-XXL\",\"description\":\"Ihr Markt Online\",\"publisher\":{\"@id\":\"https:\\\/\\\/marktxxl.de\\\/markt\\\/#organization\"},\"potentialAction\":[{\"@type\":\"SearchAction\",\"target\":{\"@type\":\"EntryPoint\",\"urlTemplate\":\"https:\\\/\\\/marktxxl.de\\\/markt\\\/?s={search_term_string}\"},\"query-input\":{\"@type\":\"PropertyValueSpecification\",\"valueRequired\":true,\"valueName\":\"search_term_string\"}}],\"inLanguage\":\"de\"},{\"@type\":\"Organization\",\"@id\":\"https:\\\/\\\/marktxxl.de\\\/markt\\\/#organization\",\"name\":\"Markt-XXL\",\"url\":\"https:\\\/\\\/marktxxl.de\\\/markt\\\/\",\"logo\":{\"@type\":\"ImageObject\",\"inLanguage\":\"de\",\"@id\":\"https:\\\/\\\/marktxxl.de\\\/markt\\\/#\\\/schema\\\/logo\\\/image\\\/\",\"url\":\"https:\\\/\\\/marktxxl.de\\\/markt\\\/wp-content\\\/uploads\\\/sites\\\/3\\\/2020\\\/12\\\/logo.png\",\"contentUrl\":\"https:\\\/\\\/marktxxl.de\\\/markt\\\/wp-content\\\/uploads\\\/sites\\\/3\\\/2020\\\/12\\\/logo.png\",\"width\":200,\"height\":70,\"caption\":\"Markt-XXL\"},\"image\":{\"@id\":\"https:\\\/\\\/marktxxl.de\\\/markt\\\/#\\\/schema\\\/logo\\\/image\\\/\"}}]}<\/script>\n<!-- \/ Yoast SEO plugin. -->","yoast_head_json":{"title":"K\u00fcchen-Wasserhahn, K\u00fcchensp\u00fcle, Arofa Einzelgriff, Edelstahl, geb\u00fcrstetes Nickel, ausziehbare K\u00fcchenarmatur mit\u2026 - Markt-XXL","description":"Markt-XXL K\u00fcchen-Wasserhahn, K\u00fcchensp\u00fcle, Arofa Einzelgriff, Edelstahl, geb\u00fcrstetes Nickel, ausziehbare K\u00fcchenarmatur mit\u2026","robots":{"index":"index","follow":"follow","max-snippet":"max-snippet:-1","max-image-preview":"max-image-preview:large","max-video-preview":"max-video-preview:-1"},"canonical":"https:\/\/marktxxl.de\/markt\/produkt\/a02-arofa-kitchen-faucet\/","og_locale":"de_DE","og_type":"article","og_title":"K\u00fcchen-Wasserhahn, K\u00fcchensp\u00fcle, Arofa Einzelgriff, Edelstahl, geb\u00fcrstetes Nickel, ausziehbare K\u00fcchenarmatur mit\u2026 - Markt-XXL","og_description":"Markt-XXL K\u00fcchen-Wasserhahn, K\u00fcchensp\u00fcle, Arofa Einzelgriff, Edelstahl, geb\u00fcrstetes Nickel, ausziehbare K\u00fcchenarmatur mit\u2026","og_url":"https:\/\/marktxxl.de\/markt\/produkt\/a02-arofa-kitchen-faucet\/","og_site_name":"Markt-XXL","article_modified_time":"2023-04-10T00:54:16+00:00","og_image":[{"width":500,"height":500,"url":"https:\/\/m.media-amazon.com\/images\/I\/31fMUhNvALL._SL500_.jpg","type":"image\/jpeg"}],"twitter_card":"summary_large_image","twitter_misc":{"Gesch\u00e4tzte Lesezeit":"1\u00a0Minute"},"schema":{"@context":"https:\/\/schema.org","@graph":[{"@type":"WebPage","@id":"https:\/\/marktxxl.de\/markt\/produkt\/a02-arofa-kitchen-faucet\/","url":"https:\/\/marktxxl.de\/markt\/produkt\/a02-arofa-kitchen-faucet\/","name":"K\u00fcchen-Wasserhahn, K\u00fcchensp\u00fcle, Arofa Einzelgriff, Edelstahl, geb\u00fcrstetes Nickel, ausziehbare K\u00fcchenarmatur mit\u2026 - Markt-XXL","isPartOf":{"@id":"https:\/\/marktxxl.de\/markt\/#website"},"primaryImageOfPage":{"@id":"https:\/\/marktxxl.de\/markt\/produkt\/a02-arofa-kitchen-faucet\/#primaryimage"},"image":{"@id":"https:\/\/marktxxl.de\/markt\/produkt\/a02-arofa-kitchen-faucet\/#primaryimage"},"thumbnailUrl":"https:\/\/m.media-amazon.com\/images\/I\/31fMUhNvALL._SL500_.jpg","datePublished":"2021-12-28T13:00:31+00:00","dateModified":"2023-04-10T00:54:16+00:00","description":"Markt-XXL K\u00fcchen-Wasserhahn, K\u00fcchensp\u00fcle, Arofa Einzelgriff, Edelstahl, geb\u00fcrstetes Nickel, ausziehbare K\u00fcchenarmatur mit\u2026","breadcrumb":{"@id":"https:\/\/marktxxl.de\/markt\/produkt\/a02-arofa-kitchen-faucet\/#breadcrumb"},"inLanguage":"de","potentialAction":[{"@type":"ReadAction","target":["https:\/\/marktxxl.de\/markt\/produkt\/a02-arofa-kitchen-faucet\/"]}]},{"@type":"ImageObject","inLanguage":"de","@id":"https:\/\/marktxxl.de\/markt\/produkt\/a02-arofa-kitchen-faucet\/#primaryimage","url":"https:\/\/m.media-amazon.com\/images\/I\/31fMUhNvALL._SL500_.jpg","contentUrl":"https:\/\/m.media-amazon.com\/images\/I\/31fMUhNvALL._SL500_.jpg","width":500,"height":500},{"@type":"BreadcrumbList","@id":"https:\/\/marktxxl.de\/markt\/produkt\/a02-arofa-kitchen-faucet\/#breadcrumb","itemListElement":[{"@type":"ListItem","position":1,"name":"Startseite","item":"https:\/\/marktxxl.de\/markt\/"},{"@type":"ListItem","position":2,"name":"Markt","item":"https:\/\/marktxxl.de\/markt\/"},{"@type":"ListItem","position":3,"name":"K\u00fcchen-Wasserhahn, K\u00fcchensp\u00fcle, Arofa Einzelgriff, Edelstahl, geb\u00fcrstetes Nickel, ausziehbare K\u00fcchenarmatur mit\u2026"}]},{"@type":"WebSite","@id":"https:\/\/marktxxl.de\/markt\/#website","url":"https:\/\/marktxxl.de\/markt\/","name":"Markt-XXL","description":"Ihr Markt Online","publisher":{"@id":"https:\/\/marktxxl.de\/markt\/#organization"},"potentialAction":[{"@type":"SearchAction","target":{"@type":"EntryPoint","urlTemplate":"https:\/\/marktxxl.de\/markt\/?s={search_term_string}"},"query-input":{"@type":"PropertyValueSpecification","valueRequired":true,"valueName":"search_term_string"}}],"inLanguage":"de"},{"@type":"Organization","@id":"https:\/\/marktxxl.de\/markt\/#organization","name":"Markt-XXL","url":"https:\/\/marktxxl.de\/markt\/","logo":{"@type":"ImageObject","inLanguage":"de","@id":"https:\/\/marktxxl.de\/markt\/#\/schema\/logo\/image\/","url":"https:\/\/marktxxl.de\/markt\/wp-content\/uploads\/sites\/3\/2020\/12\/logo.png","contentUrl":"https:\/\/marktxxl.de\/markt\/wp-content\/uploads\/sites\/3\/2020\/12\/logo.png","width":200,"height":70,"caption":"Markt-XXL"},"image":{"@id":"https:\/\/marktxxl.de\/markt\/#\/schema\/logo\/image\/"}}]}},"_links":{"self":[{"href":"https:\/\/marktxxl.de\/markt\/wp-json\/wp\/v2\/product\/85048","targetHints":{"allow":["GET"]}}],"collection":[{"href":"https:\/\/marktxxl.de\/markt\/wp-json\/wp\/v2\/product"}],"about":[{"href":"https:\/\/marktxxl.de\/markt\/wp-json\/wp\/v2\/types\/product"}],"replies":[{"embeddable":true,"href":"https:\/\/marktxxl.de\/markt\/wp-json\/wp\/v2\/comments?post=85048"}],"wp:featuredmedia":[{"embeddable":true,"href":"https:\/\/marktxxl.de\/markt\/wp-json\/wp\/v2\/media\/85052"}],"wp:attachment":[{"href":"https:\/\/marktxxl.de\/markt\/wp-json\/wp\/v2\/media?parent=85048"}],"wp:term":[{"taxonomy":"product_brand","embeddable":true,"href":"https:\/\/marktxxl.de\/markt\/wp-json\/wp\/v2\/product_brand?post=85048"},{"taxonomy":"product_cat","embeddable":true,"href":"https:\/\/marktxxl.de\/markt\/wp-json\/wp\/v2\/product_cat?post=85048"},{"taxonomy":"product_tag","embeddable":true,"href":"https:\/\/marktxxl.de\/markt\/wp-json\/wp\/v2\/product_tag?post=85048"}],"curies":[{"name":"wp","href":"https:\/\/api.w.org\/{rel}","templated":true}]}}