{"id":85039,"date":"2021-12-28T14:00:20","date_gmt":"2021-12-28T13:00:20","guid":{"rendered":"https:\/\/marktxxl.de\/markt\/produkt\/amagabeli-kamin-483-x-203-cm-grosse-holz-luftgeblaese-gussduese-fuer-camping-grill-kamin-handbalg-pumpe-grill-kamin-zubehoer-mit-aufhaengegurt\/"},"modified":"2023-04-10T02:54:15","modified_gmt":"2023-04-10T00:54:15","slug":"amagabeli-kamin-483-x-203-cm-grosse-holz-luftgeblaese-gussduese-fuer-camping-grill-kamin-handbalg-pumpe-grill-kamin-zubehoer-mit-aufhaengegurt","status":"publish","type":"product","link":"https:\/\/marktxxl.de\/markt\/produkt\/amagabeli-kamin-483-x-203-cm-grosse-holz-luftgeblaese-gussduese-fuer-camping-grill-kamin-handbalg-pumpe-grill-kamin-zubehoer-mit-aufhaengegurt\/","title":{"rendered":"Amagabeli Kamin, 48,3 x 20,3 cm, gro\u00dfe Holz-Luftgebl\u00e4se, Gussd\u00fcse f\u00fcr Camping, Grill, Kamin, Handbalg, Pumpe, Grill\u2026"},"content":{"rendered":"<p>Kompakt und stabil: Ma\u00dfe: 48,3 x 20,3 cm, sch\u00f6ne Holzfarbe, Zinkguss-D\u00fcse, hergestellt aus Pappe und schwarzem Kunstleder-Look mit Nieten. Perfekte handliche Gr\u00f6\u00dfe f\u00fcr Grillzubeh\u00f6r und klein genug, um neben dem Kamin, Kamin und Holzofen aufzuh\u00e4ngen.<br \/>\nEinfach zu bedienen und ideales Geschenk: Balg zieht Luft durch ein Loch in der Unterseite und zwingt es durch eine D\u00fcse. Dadurch entf\u00e4llt die Notwendigkeit, direkt in ein Feuer zu sprengen, wodurch das Risiko von Verbrennungen reduziert wird. Balg ist ein ideales Einzugsgeschenk f\u00fcr ein Zuhause mit einem Kamin.<br \/>\nDekorativ: Ein Kaminbalg ist dekorativ und n\u00fctzlich. Traditionelles Design ist mehr zu einem Kunstwerk geworden. Es kann einen dekorativen Touch zu jedem Holzkamin hinzuf\u00fcgen und eine rustikale Umgebung schaffen, schaffen Sie eine sch\u00f6ne Dekoration an der Wand.<br \/>\nKeine Montage erforderlich und leicht zu verstauen: keine Montage erforderlich. Dieses gut verarbeitete und attraktive Gebl\u00e4se funktioniert wie erwartet und ist leicht zu verstauen, indem es am Kaminwerkzeugst\u00e4nder geh\u00e4ngt wird.<br \/>\nEIN JAHR GARANTIE: Ersatzteile oder reparierte Teile sind innerhalb der Garantiezeit abgedeckt. Alle Bedenken k\u00f6nnten hier durch Kommunikation gel\u00f6st werden!<br \/>\n<div class=\"main-cross-sell\" data-asin=\"B07GP5YZKG\">\n\n\t<div class=\"WooZone-cross-sell-loader\">\n\t\t<div>\n\t\t\t<div id=\"floatingBarsG\">\n\t\t\t\t<div class=\"blockG\" id=\"rotateG_01\"><\/div>\n\t\t\t\t<div class=\"blockG\" id=\"rotateG_02\"><\/div>\n\t\t\t\t<div class=\"blockG\" id=\"rotateG_03\"><\/div>\n\t\t\t\t<div class=\"blockG\" id=\"rotateG_04\"><\/div>\n\t\t\t\t<div class=\"blockG\" id=\"rotateG_05\"><\/div>\n\t\t\t\t<div class=\"blockG\" id=\"rotateG_06\"><\/div>\n\t\t\t\t<div class=\"blockG\" id=\"rotateG_07\"><\/div>\n\t\t\t\t<div class=\"blockG\" id=\"rotateG_08\"><\/div>\n\t\t\t<\/div>\n\t\t\t<div class=\"WooZone-cross-sell-loader-text\"><\/div>\n\t\t<\/div>\n\t<\/div>\n\n\t\t\n<\/div>\n<div style=\"clear:both;\"><\/div><\/p>\n","protected":false},"excerpt":{"rendered":"<p>Kompakt und stabil: Ma\u00dfe: 48,3 x 20,3 cm, sch\u00f6ne Holzfarbe, Zinkguss-D\u00fcse, hergestellt aus Pappe und schwarzem Kunstleder-Look mit Nieten. Perfekte handliche Gr\u00f6\u00dfe f\u00fcr Grillzubeh\u00f6r und klein genug, um neben dem Kamin, Kamin und Holzofen aufzuh\u00e4ngen.<br \/>\nEinfach zu bedienen und ideales Geschenk: Balg zieht Luft durch ein Loch in der Unterseite und zwingt es durch eine D\u00fcse. Dadurch entf\u00e4llt die Notwendigkeit, direkt in ein Feuer zu sprengen, wodurch das Risiko von Verbrennungen reduziert wird. Balg ist ein ideales Einzugsgeschenk f\u00fcr ein Zuhause mit einem Kamin.<br \/>\nDekorativ: Ein Kaminbalg ist dekorativ und n\u00fctzlich. Traditionelles Design ist mehr zu einem Kunstwerk geworden. Es kann einen dekorativen Touch zu jedem Holzkamin hinzuf\u00fcgen und eine rustikale Umgebung schaffen, schaffen Sie eine sch\u00f6ne Dekoration an der Wand.<\/p>\n","protected":false},"featured_media":85040,"comment_status":"open","ping_status":"closed","template":"","meta":[],"product_brand":[],"product_cat":[1983,11036],"product_tag":[],"class_list":{"0":"post-85039","1":"product","2":"type-product","3":"status-publish","4":"has-post-thumbnail","6":"product_cat-baumarkt","7":"product_cat-kamine","8":"pa_binding-haushaltswaren","9":"pa_brand-amagabeli","10":"pa_height-1-6-zoll","11":"pa_length-19-zoll","12":"pa_manufacturer-amagabeli","13":"pa_model-bellow02","14":"pa_size-fireplace-bellow","15":"pa_width-8-zoll","17":"first","18":"instock","19":"shipping-taxable","20":"purchasable","21":"product-type-simple","22":"customify-col","23":"product-has-gallery"},"yoast_head":"<!-- This site is optimized with the Yoast SEO plugin v27.4 - https:\/\/yoast.com\/product\/yoast-seo-wordpress\/ -->\n<title>Amagabeli Kamin, 48,3 x 20,3 cm, gro\u00dfe Holz-Luftgebl\u00e4se, Gussd\u00fcse f\u00fcr Camping, Grill, Kamin, Handbalg, Pumpe, Grill\u2026 - Markt-XXL<\/title>\n<meta name=\"description\" content=\"Markt-XXL Amagabeli Kamin, 48,3 x 20,3 cm, gro\u00dfe Holz-Luftgebl\u00e4se, Gussd\u00fcse f\u00fcr Camping, Grill, Kamin, Handbalg, Pumpe, Grill\u2026\" \/>\n<meta name=\"robots\" content=\"index, follow, max-snippet:-1, max-image-preview:large, max-video-preview:-1\" \/>\n<link rel=\"canonical\" href=\"https:\/\/marktxxl.de\/markt\/produkt\/amagabeli-kamin-483-x-203-cm-grosse-holz-luftgeblaese-gussduese-fuer-camping-grill-kamin-handbalg-pumpe-grill-kamin-zubehoer-mit-aufhaengegurt\/\" \/>\n<meta property=\"og:locale\" content=\"de_DE\" \/>\n<meta property=\"og:type\" content=\"article\" \/>\n<meta property=\"og:title\" content=\"Amagabeli Kamin, 48,3 x 20,3 cm, gro\u00dfe Holz-Luftgebl\u00e4se, Gussd\u00fcse f\u00fcr Camping, Grill, Kamin, Handbalg, Pumpe, Grill\u2026 - Markt-XXL\" \/>\n<meta property=\"og:description\" content=\"Markt-XXL Amagabeli Kamin, 48,3 x 20,3 cm, gro\u00dfe Holz-Luftgebl\u00e4se, Gussd\u00fcse f\u00fcr Camping, Grill, Kamin, Handbalg, Pumpe, Grill\u2026\" \/>\n<meta property=\"og:url\" content=\"https:\/\/marktxxl.de\/markt\/produkt\/amagabeli-kamin-483-x-203-cm-grosse-holz-luftgeblaese-gussduese-fuer-camping-grill-kamin-handbalg-pumpe-grill-kamin-zubehoer-mit-aufhaengegurt\/\" \/>\n<meta property=\"og:site_name\" content=\"Markt-XXL\" \/>\n<meta property=\"article:modified_time\" content=\"2023-04-10T00:54:15+00:00\" \/>\n<meta property=\"og:image\" content=\"https:\/\/m.media-amazon.com\/images\/I\/51R+iaT4O9L._SL500_.jpg\" \/>\n\t<meta property=\"og:image:width\" content=\"500\" \/>\n\t<meta property=\"og:image:height\" content=\"500\" \/>\n\t<meta property=\"og:image:type\" content=\"image\/jpeg\" \/>\n<meta name=\"twitter:card\" content=\"summary_large_image\" \/>\n<meta name=\"twitter:label1\" content=\"Gesch\u00e4tzte Lesezeit\" \/>\n\t<meta name=\"twitter:data1\" content=\"1\u00a0Minute\" \/>\n<script type=\"application\/ld+json\" class=\"yoast-schema-graph\">{\"@context\":\"https:\\\/\\\/schema.org\",\"@graph\":[{\"@type\":\"WebPage\",\"@id\":\"https:\\\/\\\/marktxxl.de\\\/markt\\\/produkt\\\/amagabeli-kamin-483-x-203-cm-grosse-holz-luftgeblaese-gussduese-fuer-camping-grill-kamin-handbalg-pumpe-grill-kamin-zubehoer-mit-aufhaengegurt\\\/\",\"url\":\"https:\\\/\\\/marktxxl.de\\\/markt\\\/produkt\\\/amagabeli-kamin-483-x-203-cm-grosse-holz-luftgeblaese-gussduese-fuer-camping-grill-kamin-handbalg-pumpe-grill-kamin-zubehoer-mit-aufhaengegurt\\\/\",\"name\":\"Amagabeli Kamin, 48,3 x 20,3 cm, gro\u00dfe Holz-Luftgebl\u00e4se, Gussd\u00fcse f\u00fcr Camping, Grill, Kamin, Handbalg, Pumpe, Grill\u2026 - Markt-XXL\",\"isPartOf\":{\"@id\":\"https:\\\/\\\/marktxxl.de\\\/markt\\\/#website\"},\"primaryImageOfPage\":{\"@id\":\"https:\\\/\\\/marktxxl.de\\\/markt\\\/produkt\\\/amagabeli-kamin-483-x-203-cm-grosse-holz-luftgeblaese-gussduese-fuer-camping-grill-kamin-handbalg-pumpe-grill-kamin-zubehoer-mit-aufhaengegurt\\\/#primaryimage\"},\"image\":{\"@id\":\"https:\\\/\\\/marktxxl.de\\\/markt\\\/produkt\\\/amagabeli-kamin-483-x-203-cm-grosse-holz-luftgeblaese-gussduese-fuer-camping-grill-kamin-handbalg-pumpe-grill-kamin-zubehoer-mit-aufhaengegurt\\\/#primaryimage\"},\"thumbnailUrl\":\"https:\\\/\\\/m.media-amazon.com\\\/images\\\/I\\\/51R+iaT4O9L._SL500_.jpg\",\"datePublished\":\"2021-12-28T13:00:20+00:00\",\"dateModified\":\"2023-04-10T00:54:15+00:00\",\"description\":\"Markt-XXL Amagabeli Kamin, 48,3 x 20,3 cm, gro\u00dfe Holz-Luftgebl\u00e4se, Gussd\u00fcse f\u00fcr Camping, Grill, Kamin, Handbalg, Pumpe, Grill\u2026\",\"breadcrumb\":{\"@id\":\"https:\\\/\\\/marktxxl.de\\\/markt\\\/produkt\\\/amagabeli-kamin-483-x-203-cm-grosse-holz-luftgeblaese-gussduese-fuer-camping-grill-kamin-handbalg-pumpe-grill-kamin-zubehoer-mit-aufhaengegurt\\\/#breadcrumb\"},\"inLanguage\":\"de\",\"potentialAction\":[{\"@type\":\"ReadAction\",\"target\":[\"https:\\\/\\\/marktxxl.de\\\/markt\\\/produkt\\\/amagabeli-kamin-483-x-203-cm-grosse-holz-luftgeblaese-gussduese-fuer-camping-grill-kamin-handbalg-pumpe-grill-kamin-zubehoer-mit-aufhaengegurt\\\/\"]}]},{\"@type\":\"ImageObject\",\"inLanguage\":\"de\",\"@id\":\"https:\\\/\\\/marktxxl.de\\\/markt\\\/produkt\\\/amagabeli-kamin-483-x-203-cm-grosse-holz-luftgeblaese-gussduese-fuer-camping-grill-kamin-handbalg-pumpe-grill-kamin-zubehoer-mit-aufhaengegurt\\\/#primaryimage\",\"url\":\"https:\\\/\\\/m.media-amazon.com\\\/images\\\/I\\\/51R+iaT4O9L._SL500_.jpg\",\"contentUrl\":\"https:\\\/\\\/m.media-amazon.com\\\/images\\\/I\\\/51R+iaT4O9L._SL500_.jpg\",\"width\":500,\"height\":500},{\"@type\":\"BreadcrumbList\",\"@id\":\"https:\\\/\\\/marktxxl.de\\\/markt\\\/produkt\\\/amagabeli-kamin-483-x-203-cm-grosse-holz-luftgeblaese-gussduese-fuer-camping-grill-kamin-handbalg-pumpe-grill-kamin-zubehoer-mit-aufhaengegurt\\\/#breadcrumb\",\"itemListElement\":[{\"@type\":\"ListItem\",\"position\":1,\"name\":\"Startseite\",\"item\":\"https:\\\/\\\/marktxxl.de\\\/markt\\\/\"},{\"@type\":\"ListItem\",\"position\":2,\"name\":\"Markt\",\"item\":\"https:\\\/\\\/marktxxl.de\\\/markt\\\/\"},{\"@type\":\"ListItem\",\"position\":3,\"name\":\"Amagabeli Kamin, 48,3 x 20,3 cm, gro\u00dfe Holz-Luftgebl\u00e4se, Gussd\u00fcse f\u00fcr Camping, Grill, Kamin, Handbalg, Pumpe, Grill\u2026\"}]},{\"@type\":\"WebSite\",\"@id\":\"https:\\\/\\\/marktxxl.de\\\/markt\\\/#website\",\"url\":\"https:\\\/\\\/marktxxl.de\\\/markt\\\/\",\"name\":\"Markt-XXL\",\"description\":\"Ihr Markt Online\",\"publisher\":{\"@id\":\"https:\\\/\\\/marktxxl.de\\\/markt\\\/#organization\"},\"potentialAction\":[{\"@type\":\"SearchAction\",\"target\":{\"@type\":\"EntryPoint\",\"urlTemplate\":\"https:\\\/\\\/marktxxl.de\\\/markt\\\/?s={search_term_string}\"},\"query-input\":{\"@type\":\"PropertyValueSpecification\",\"valueRequired\":true,\"valueName\":\"search_term_string\"}}],\"inLanguage\":\"de\"},{\"@type\":\"Organization\",\"@id\":\"https:\\\/\\\/marktxxl.de\\\/markt\\\/#organization\",\"name\":\"Markt-XXL\",\"url\":\"https:\\\/\\\/marktxxl.de\\\/markt\\\/\",\"logo\":{\"@type\":\"ImageObject\",\"inLanguage\":\"de\",\"@id\":\"https:\\\/\\\/marktxxl.de\\\/markt\\\/#\\\/schema\\\/logo\\\/image\\\/\",\"url\":\"https:\\\/\\\/marktxxl.de\\\/markt\\\/wp-content\\\/uploads\\\/sites\\\/3\\\/2020\\\/12\\\/logo.png\",\"contentUrl\":\"https:\\\/\\\/marktxxl.de\\\/markt\\\/wp-content\\\/uploads\\\/sites\\\/3\\\/2020\\\/12\\\/logo.png\",\"width\":200,\"height\":70,\"caption\":\"Markt-XXL\"},\"image\":{\"@id\":\"https:\\\/\\\/marktxxl.de\\\/markt\\\/#\\\/schema\\\/logo\\\/image\\\/\"}}]}<\/script>\n<!-- \/ Yoast SEO plugin. -->","yoast_head_json":{"title":"Amagabeli Kamin, 48,3 x 20,3 cm, gro\u00dfe Holz-Luftgebl\u00e4se, Gussd\u00fcse f\u00fcr Camping, Grill, Kamin, Handbalg, Pumpe, Grill\u2026 - Markt-XXL","description":"Markt-XXL Amagabeli Kamin, 48,3 x 20,3 cm, gro\u00dfe Holz-Luftgebl\u00e4se, Gussd\u00fcse f\u00fcr Camping, Grill, Kamin, Handbalg, Pumpe, Grill\u2026","robots":{"index":"index","follow":"follow","max-snippet":"max-snippet:-1","max-image-preview":"max-image-preview:large","max-video-preview":"max-video-preview:-1"},"canonical":"https:\/\/marktxxl.de\/markt\/produkt\/amagabeli-kamin-483-x-203-cm-grosse-holz-luftgeblaese-gussduese-fuer-camping-grill-kamin-handbalg-pumpe-grill-kamin-zubehoer-mit-aufhaengegurt\/","og_locale":"de_DE","og_type":"article","og_title":"Amagabeli Kamin, 48,3 x 20,3 cm, gro\u00dfe Holz-Luftgebl\u00e4se, Gussd\u00fcse f\u00fcr Camping, Grill, Kamin, Handbalg, Pumpe, Grill\u2026 - Markt-XXL","og_description":"Markt-XXL Amagabeli Kamin, 48,3 x 20,3 cm, gro\u00dfe Holz-Luftgebl\u00e4se, Gussd\u00fcse f\u00fcr Camping, Grill, Kamin, Handbalg, Pumpe, Grill\u2026","og_url":"https:\/\/marktxxl.de\/markt\/produkt\/amagabeli-kamin-483-x-203-cm-grosse-holz-luftgeblaese-gussduese-fuer-camping-grill-kamin-handbalg-pumpe-grill-kamin-zubehoer-mit-aufhaengegurt\/","og_site_name":"Markt-XXL","article_modified_time":"2023-04-10T00:54:15+00:00","og_image":[{"width":500,"height":500,"url":"https:\/\/m.media-amazon.com\/images\/I\/51R+iaT4O9L._SL500_.jpg","type":"image\/jpeg"}],"twitter_card":"summary_large_image","twitter_misc":{"Gesch\u00e4tzte Lesezeit":"1\u00a0Minute"},"schema":{"@context":"https:\/\/schema.org","@graph":[{"@type":"WebPage","@id":"https:\/\/marktxxl.de\/markt\/produkt\/amagabeli-kamin-483-x-203-cm-grosse-holz-luftgeblaese-gussduese-fuer-camping-grill-kamin-handbalg-pumpe-grill-kamin-zubehoer-mit-aufhaengegurt\/","url":"https:\/\/marktxxl.de\/markt\/produkt\/amagabeli-kamin-483-x-203-cm-grosse-holz-luftgeblaese-gussduese-fuer-camping-grill-kamin-handbalg-pumpe-grill-kamin-zubehoer-mit-aufhaengegurt\/","name":"Amagabeli Kamin, 48,3 x 20,3 cm, gro\u00dfe Holz-Luftgebl\u00e4se, Gussd\u00fcse f\u00fcr Camping, Grill, Kamin, Handbalg, Pumpe, Grill\u2026 - Markt-XXL","isPartOf":{"@id":"https:\/\/marktxxl.de\/markt\/#website"},"primaryImageOfPage":{"@id":"https:\/\/marktxxl.de\/markt\/produkt\/amagabeli-kamin-483-x-203-cm-grosse-holz-luftgeblaese-gussduese-fuer-camping-grill-kamin-handbalg-pumpe-grill-kamin-zubehoer-mit-aufhaengegurt\/#primaryimage"},"image":{"@id":"https:\/\/marktxxl.de\/markt\/produkt\/amagabeli-kamin-483-x-203-cm-grosse-holz-luftgeblaese-gussduese-fuer-camping-grill-kamin-handbalg-pumpe-grill-kamin-zubehoer-mit-aufhaengegurt\/#primaryimage"},"thumbnailUrl":"https:\/\/m.media-amazon.com\/images\/I\/51R+iaT4O9L._SL500_.jpg","datePublished":"2021-12-28T13:00:20+00:00","dateModified":"2023-04-10T00:54:15+00:00","description":"Markt-XXL Amagabeli Kamin, 48,3 x 20,3 cm, gro\u00dfe Holz-Luftgebl\u00e4se, Gussd\u00fcse f\u00fcr Camping, Grill, Kamin, Handbalg, Pumpe, Grill\u2026","breadcrumb":{"@id":"https:\/\/marktxxl.de\/markt\/produkt\/amagabeli-kamin-483-x-203-cm-grosse-holz-luftgeblaese-gussduese-fuer-camping-grill-kamin-handbalg-pumpe-grill-kamin-zubehoer-mit-aufhaengegurt\/#breadcrumb"},"inLanguage":"de","potentialAction":[{"@type":"ReadAction","target":["https:\/\/marktxxl.de\/markt\/produkt\/amagabeli-kamin-483-x-203-cm-grosse-holz-luftgeblaese-gussduese-fuer-camping-grill-kamin-handbalg-pumpe-grill-kamin-zubehoer-mit-aufhaengegurt\/"]}]},{"@type":"ImageObject","inLanguage":"de","@id":"https:\/\/marktxxl.de\/markt\/produkt\/amagabeli-kamin-483-x-203-cm-grosse-holz-luftgeblaese-gussduese-fuer-camping-grill-kamin-handbalg-pumpe-grill-kamin-zubehoer-mit-aufhaengegurt\/#primaryimage","url":"https:\/\/m.media-amazon.com\/images\/I\/51R+iaT4O9L._SL500_.jpg","contentUrl":"https:\/\/m.media-amazon.com\/images\/I\/51R+iaT4O9L._SL500_.jpg","width":500,"height":500},{"@type":"BreadcrumbList","@id":"https:\/\/marktxxl.de\/markt\/produkt\/amagabeli-kamin-483-x-203-cm-grosse-holz-luftgeblaese-gussduese-fuer-camping-grill-kamin-handbalg-pumpe-grill-kamin-zubehoer-mit-aufhaengegurt\/#breadcrumb","itemListElement":[{"@type":"ListItem","position":1,"name":"Startseite","item":"https:\/\/marktxxl.de\/markt\/"},{"@type":"ListItem","position":2,"name":"Markt","item":"https:\/\/marktxxl.de\/markt\/"},{"@type":"ListItem","position":3,"name":"Amagabeli Kamin, 48,3 x 20,3 cm, gro\u00dfe Holz-Luftgebl\u00e4se, Gussd\u00fcse f\u00fcr Camping, Grill, Kamin, Handbalg, Pumpe, Grill\u2026"}]},{"@type":"WebSite","@id":"https:\/\/marktxxl.de\/markt\/#website","url":"https:\/\/marktxxl.de\/markt\/","name":"Markt-XXL","description":"Ihr Markt Online","publisher":{"@id":"https:\/\/marktxxl.de\/markt\/#organization"},"potentialAction":[{"@type":"SearchAction","target":{"@type":"EntryPoint","urlTemplate":"https:\/\/marktxxl.de\/markt\/?s={search_term_string}"},"query-input":{"@type":"PropertyValueSpecification","valueRequired":true,"valueName":"search_term_string"}}],"inLanguage":"de"},{"@type":"Organization","@id":"https:\/\/marktxxl.de\/markt\/#organization","name":"Markt-XXL","url":"https:\/\/marktxxl.de\/markt\/","logo":{"@type":"ImageObject","inLanguage":"de","@id":"https:\/\/marktxxl.de\/markt\/#\/schema\/logo\/image\/","url":"https:\/\/marktxxl.de\/markt\/wp-content\/uploads\/sites\/3\/2020\/12\/logo.png","contentUrl":"https:\/\/marktxxl.de\/markt\/wp-content\/uploads\/sites\/3\/2020\/12\/logo.png","width":200,"height":70,"caption":"Markt-XXL"},"image":{"@id":"https:\/\/marktxxl.de\/markt\/#\/schema\/logo\/image\/"}}]}},"_links":{"self":[{"href":"https:\/\/marktxxl.de\/markt\/wp-json\/wp\/v2\/product\/85039","targetHints":{"allow":["GET"]}}],"collection":[{"href":"https:\/\/marktxxl.de\/markt\/wp-json\/wp\/v2\/product"}],"about":[{"href":"https:\/\/marktxxl.de\/markt\/wp-json\/wp\/v2\/types\/product"}],"replies":[{"embeddable":true,"href":"https:\/\/marktxxl.de\/markt\/wp-json\/wp\/v2\/comments?post=85039"}],"wp:featuredmedia":[{"embeddable":true,"href":"https:\/\/marktxxl.de\/markt\/wp-json\/wp\/v2\/media\/85040"}],"wp:attachment":[{"href":"https:\/\/marktxxl.de\/markt\/wp-json\/wp\/v2\/media?parent=85039"}],"wp:term":[{"taxonomy":"product_brand","embeddable":true,"href":"https:\/\/marktxxl.de\/markt\/wp-json\/wp\/v2\/product_brand?post=85039"},{"taxonomy":"product_cat","embeddable":true,"href":"https:\/\/marktxxl.de\/markt\/wp-json\/wp\/v2\/product_cat?post=85039"},{"taxonomy":"product_tag","embeddable":true,"href":"https:\/\/marktxxl.de\/markt\/wp-json\/wp\/v2\/product_tag?post=85039"}],"curies":[{"name":"wp","href":"https:\/\/api.w.org\/{rel}","templated":true}]}}