{"id":84828,"date":"2021-12-28T13:54:34","date_gmt":"2021-12-28T12:54:34","guid":{"rendered":"https:\/\/marktxxl.de\/markt\/produkt\/wenko-herdabdeckplatte-herdabdeckung-fuer-alle-herdarten-gehaertetes-glas\/"},"modified":"2023-04-11T03:02:36","modified_gmt":"2023-04-11T01:02:36","slug":"wenko-herdabdeckplatte-herdabdeckung-fuer-alle-herdarten-gehaertetes-glas","status":"publish","type":"product","link":"https:\/\/marktxxl.de\/markt\/produkt\/wenko-herdabdeckplatte-herdabdeckung-fuer-alle-herdarten-gehaertetes-glas\/","title":{"rendered":"WENKO Herdabdeckplatte Herdabdeckung f\u00fcr alle Herdarten, Geh\u00e4rtetes Glas"},"content":{"rendered":"<p>Design mit Funktion: Die Herdabdeckplatten Gew\u00fcrze aus schlag- und kratzfestem Glas machen Lust aus Kochen, gleichzeitig sch\u00fctzen die Platten Ihren Glaskeramik-, Elektro- oder Gasherd<br \/>\nMehr Platz beim Zubereiten: Nebst Herdschutz kann dieses K\u00fcchenzubeh\u00f6r zus\u00e4tzlich als Schneidebrett zur Vorbereitung von Speisen und zum Abstellen von warmen T\u00f6pfen und Pfannen verwendet werden<br \/>\nHygienisch und geruchsneutral: Die kratzfeste und porenfreie Oberfl\u00e4che verhindert das Einnisten von Bakterien und Ger\u00fcchen, dadurch werden die Glasplatten hohen hygienischen Anspr\u00fcchen gerecht<br \/>\nHochwertige Qualit\u00e4t: Die schlagfesten Abdeckplatten aus geh\u00e4rtetem Glas verf\u00fcgen \u00fcber 4 rutschfeste Spezialf\u00fc\u00dfe in unterschiedlichen H\u00f6hen sorgen f\u00fcr den notwendigen Abstand zum jeweiligen Kochfeld (Glaskeramik, Elektro oder Gas)<br \/>\nLieferumfang: 2x Herdabdeckplatte aus Glas mit Gew\u00fcrz-Motiv, F\u00fc\u00dfe aus Kunststoff in Hellgrau, Ma\u00dfe (B x H x T): 30 x 1,8-4,5 x 52 cm, Nettogewicht 3200 g<br \/>\n<div class=\"main-cross-sell\" data-asin=\"B08GGZVGSF\">\n\n\t<div class=\"WooZone-cross-sell-loader\">\n\t\t<div>\n\t\t\t<div id=\"floatingBarsG\">\n\t\t\t\t<div class=\"blockG\" id=\"rotateG_01\"><\/div>\n\t\t\t\t<div class=\"blockG\" id=\"rotateG_02\"><\/div>\n\t\t\t\t<div class=\"blockG\" id=\"rotateG_03\"><\/div>\n\t\t\t\t<div class=\"blockG\" id=\"rotateG_04\"><\/div>\n\t\t\t\t<div class=\"blockG\" id=\"rotateG_05\"><\/div>\n\t\t\t\t<div class=\"blockG\" id=\"rotateG_06\"><\/div>\n\t\t\t\t<div class=\"blockG\" id=\"rotateG_07\"><\/div>\n\t\t\t\t<div class=\"blockG\" id=\"rotateG_08\"><\/div>\n\t\t\t<\/div>\n\t\t\t<div class=\"WooZone-cross-sell-loader-text\"><\/div>\n\t\t<\/div>\n\t<\/div>\n\n\t\t\n<\/div>\n<div style=\"clear:both;\"><\/div><\/p>\n","protected":false},"excerpt":{"rendered":"<p>Design mit Funktion: Die Herdabdeckplatten Gew\u00fcrze aus schlag- und kratzfestem Glas machen Lust aus Kochen, gleichzeitig sch\u00fctzen die Platten Ihren Glaskeramik-, Elektro- oder Gasherd<br \/>\nMehr Platz beim Zubereiten: Nebst Herdschutz kann dieses K\u00fcchenzubeh\u00f6r zus\u00e4tzlich als Schneidebrett zur Vorbereitung von Speisen und zum Abstellen von warmen T\u00f6pfen und Pfannen verwendet werden<br \/>\nHygienisch und geruchsneutral: Die kratzfeste und porenfreie Oberfl\u00e4che verhindert das Einnisten von Bakterien und Ger\u00fcchen, dadurch werden die Glasplatten hohen hygienischen Anspr\u00fcchen gerecht<\/p>\n","protected":false},"featured_media":84830,"comment_status":"open","ping_status":"closed","template":"","meta":[],"product_brand":[],"product_cat":[1983,11036],"product_tag":[],"class_list":{"0":"post-84828","1":"product","2":"type-product","3":"status-publish","4":"has-post-thumbnail","6":"product_cat-baumarkt","7":"product_cat-kamine","8":"pa_binding-haushaltswaren","9":"pa_brand-wenko","10":"pa_farbe-gewuerze","11":"pa_groesse-5-5-x-5252-x-3030-cm","13":"first","14":"instock","15":"shipping-taxable","16":"purchasable","17":"product-type-variable","18":"customify-col","19":"product-has-gallery"},"yoast_head":"<!-- This site is optimized with the Yoast SEO plugin v27.4 - https:\/\/yoast.com\/product\/yoast-seo-wordpress\/ -->\n<title>WENKO Herdabdeckplatte Herdabdeckung f\u00fcr alle Herdarten, Geh\u00e4rtetes Glas - Markt-XXL<\/title>\n<meta name=\"description\" content=\"Markt-XXL WENKO Herdabdeckplatte Herdabdeckung f\u00fcr alle Herdarten, Geh\u00e4rtetes Glas\" \/>\n<meta name=\"robots\" content=\"index, follow, max-snippet:-1, max-image-preview:large, max-video-preview:-1\" \/>\n<link rel=\"canonical\" href=\"https:\/\/marktxxl.de\/markt\/produkt\/wenko-herdabdeckplatte-herdabdeckung-fuer-alle-herdarten-gehaertetes-glas\/\" \/>\n<meta property=\"og:locale\" content=\"de_DE\" \/>\n<meta property=\"og:type\" content=\"article\" \/>\n<meta property=\"og:title\" content=\"WENKO Herdabdeckplatte Herdabdeckung f\u00fcr alle Herdarten, Geh\u00e4rtetes Glas - Markt-XXL\" \/>\n<meta property=\"og:description\" content=\"Markt-XXL WENKO Herdabdeckplatte Herdabdeckung f\u00fcr alle Herdarten, Geh\u00e4rtetes Glas\" \/>\n<meta property=\"og:url\" content=\"https:\/\/marktxxl.de\/markt\/produkt\/wenko-herdabdeckplatte-herdabdeckung-fuer-alle-herdarten-gehaertetes-glas\/\" \/>\n<meta property=\"og:site_name\" content=\"Markt-XXL\" \/>\n<meta property=\"article:modified_time\" content=\"2023-04-11T01:02:36+00:00\" \/>\n<meta property=\"og:image\" content=\"https:\/\/m.media-amazon.com\/images\/I\/612TQS2eggL._SL500_.jpg\" \/>\n\t<meta property=\"og:image:width\" content=\"500\" \/>\n\t<meta property=\"og:image:height\" content=\"500\" \/>\n\t<meta property=\"og:image:type\" content=\"image\/jpeg\" \/>\n<meta name=\"twitter:card\" content=\"summary_large_image\" \/>\n<meta name=\"twitter:label1\" content=\"Gesch\u00e4tzte Lesezeit\" \/>\n\t<meta name=\"twitter:data1\" content=\"1\u00a0Minute\" \/>\n<script type=\"application\/ld+json\" class=\"yoast-schema-graph\">{\"@context\":\"https:\\\/\\\/schema.org\",\"@graph\":[{\"@type\":\"WebPage\",\"@id\":\"https:\\\/\\\/marktxxl.de\\\/markt\\\/produkt\\\/wenko-herdabdeckplatte-herdabdeckung-fuer-alle-herdarten-gehaertetes-glas\\\/\",\"url\":\"https:\\\/\\\/marktxxl.de\\\/markt\\\/produkt\\\/wenko-herdabdeckplatte-herdabdeckung-fuer-alle-herdarten-gehaertetes-glas\\\/\",\"name\":\"WENKO Herdabdeckplatte Herdabdeckung f\u00fcr alle Herdarten, Geh\u00e4rtetes Glas - Markt-XXL\",\"isPartOf\":{\"@id\":\"https:\\\/\\\/marktxxl.de\\\/markt\\\/#website\"},\"primaryImageOfPage\":{\"@id\":\"https:\\\/\\\/marktxxl.de\\\/markt\\\/produkt\\\/wenko-herdabdeckplatte-herdabdeckung-fuer-alle-herdarten-gehaertetes-glas\\\/#primaryimage\"},\"image\":{\"@id\":\"https:\\\/\\\/marktxxl.de\\\/markt\\\/produkt\\\/wenko-herdabdeckplatte-herdabdeckung-fuer-alle-herdarten-gehaertetes-glas\\\/#primaryimage\"},\"thumbnailUrl\":\"https:\\\/\\\/m.media-amazon.com\\\/images\\\/I\\\/612TQS2eggL._SL500_.jpg\",\"datePublished\":\"2021-12-28T12:54:34+00:00\",\"dateModified\":\"2023-04-11T01:02:36+00:00\",\"description\":\"Markt-XXL WENKO Herdabdeckplatte Herdabdeckung f\u00fcr alle Herdarten, Geh\u00e4rtetes Glas\",\"breadcrumb\":{\"@id\":\"https:\\\/\\\/marktxxl.de\\\/markt\\\/produkt\\\/wenko-herdabdeckplatte-herdabdeckung-fuer-alle-herdarten-gehaertetes-glas\\\/#breadcrumb\"},\"inLanguage\":\"de\",\"potentialAction\":[{\"@type\":\"ReadAction\",\"target\":[\"https:\\\/\\\/marktxxl.de\\\/markt\\\/produkt\\\/wenko-herdabdeckplatte-herdabdeckung-fuer-alle-herdarten-gehaertetes-glas\\\/\"]}]},{\"@type\":\"ImageObject\",\"inLanguage\":\"de\",\"@id\":\"https:\\\/\\\/marktxxl.de\\\/markt\\\/produkt\\\/wenko-herdabdeckplatte-herdabdeckung-fuer-alle-herdarten-gehaertetes-glas\\\/#primaryimage\",\"url\":\"https:\\\/\\\/m.media-amazon.com\\\/images\\\/I\\\/612TQS2eggL._SL500_.jpg\",\"contentUrl\":\"https:\\\/\\\/m.media-amazon.com\\\/images\\\/I\\\/612TQS2eggL._SL500_.jpg\",\"width\":500,\"height\":500},{\"@type\":\"BreadcrumbList\",\"@id\":\"https:\\\/\\\/marktxxl.de\\\/markt\\\/produkt\\\/wenko-herdabdeckplatte-herdabdeckung-fuer-alle-herdarten-gehaertetes-glas\\\/#breadcrumb\",\"itemListElement\":[{\"@type\":\"ListItem\",\"position\":1,\"name\":\"Startseite\",\"item\":\"https:\\\/\\\/marktxxl.de\\\/markt\\\/\"},{\"@type\":\"ListItem\",\"position\":2,\"name\":\"Markt\",\"item\":\"https:\\\/\\\/marktxxl.de\\\/markt\\\/\"},{\"@type\":\"ListItem\",\"position\":3,\"name\":\"WENKO Herdabdeckplatte Herdabdeckung f\u00fcr alle Herdarten, Geh\u00e4rtetes Glas\"}]},{\"@type\":\"WebSite\",\"@id\":\"https:\\\/\\\/marktxxl.de\\\/markt\\\/#website\",\"url\":\"https:\\\/\\\/marktxxl.de\\\/markt\\\/\",\"name\":\"Markt-XXL\",\"description\":\"Ihr Markt Online\",\"publisher\":{\"@id\":\"https:\\\/\\\/marktxxl.de\\\/markt\\\/#organization\"},\"potentialAction\":[{\"@type\":\"SearchAction\",\"target\":{\"@type\":\"EntryPoint\",\"urlTemplate\":\"https:\\\/\\\/marktxxl.de\\\/markt\\\/?s={search_term_string}\"},\"query-input\":{\"@type\":\"PropertyValueSpecification\",\"valueRequired\":true,\"valueName\":\"search_term_string\"}}],\"inLanguage\":\"de\"},{\"@type\":\"Organization\",\"@id\":\"https:\\\/\\\/marktxxl.de\\\/markt\\\/#organization\",\"name\":\"Markt-XXL\",\"url\":\"https:\\\/\\\/marktxxl.de\\\/markt\\\/\",\"logo\":{\"@type\":\"ImageObject\",\"inLanguage\":\"de\",\"@id\":\"https:\\\/\\\/marktxxl.de\\\/markt\\\/#\\\/schema\\\/logo\\\/image\\\/\",\"url\":\"https:\\\/\\\/marktxxl.de\\\/markt\\\/wp-content\\\/uploads\\\/sites\\\/3\\\/2020\\\/12\\\/logo.png\",\"contentUrl\":\"https:\\\/\\\/marktxxl.de\\\/markt\\\/wp-content\\\/uploads\\\/sites\\\/3\\\/2020\\\/12\\\/logo.png\",\"width\":200,\"height\":70,\"caption\":\"Markt-XXL\"},\"image\":{\"@id\":\"https:\\\/\\\/marktxxl.de\\\/markt\\\/#\\\/schema\\\/logo\\\/image\\\/\"}}]}<\/script>\n<!-- \/ Yoast SEO plugin. -->","yoast_head_json":{"title":"WENKO Herdabdeckplatte Herdabdeckung f\u00fcr alle Herdarten, Geh\u00e4rtetes Glas - Markt-XXL","description":"Markt-XXL WENKO Herdabdeckplatte Herdabdeckung f\u00fcr alle Herdarten, Geh\u00e4rtetes Glas","robots":{"index":"index","follow":"follow","max-snippet":"max-snippet:-1","max-image-preview":"max-image-preview:large","max-video-preview":"max-video-preview:-1"},"canonical":"https:\/\/marktxxl.de\/markt\/produkt\/wenko-herdabdeckplatte-herdabdeckung-fuer-alle-herdarten-gehaertetes-glas\/","og_locale":"de_DE","og_type":"article","og_title":"WENKO Herdabdeckplatte Herdabdeckung f\u00fcr alle Herdarten, Geh\u00e4rtetes Glas - Markt-XXL","og_description":"Markt-XXL WENKO Herdabdeckplatte Herdabdeckung f\u00fcr alle Herdarten, Geh\u00e4rtetes Glas","og_url":"https:\/\/marktxxl.de\/markt\/produkt\/wenko-herdabdeckplatte-herdabdeckung-fuer-alle-herdarten-gehaertetes-glas\/","og_site_name":"Markt-XXL","article_modified_time":"2023-04-11T01:02:36+00:00","og_image":[{"width":500,"height":500,"url":"https:\/\/m.media-amazon.com\/images\/I\/612TQS2eggL._SL500_.jpg","type":"image\/jpeg"}],"twitter_card":"summary_large_image","twitter_misc":{"Gesch\u00e4tzte Lesezeit":"1\u00a0Minute"},"schema":{"@context":"https:\/\/schema.org","@graph":[{"@type":"WebPage","@id":"https:\/\/marktxxl.de\/markt\/produkt\/wenko-herdabdeckplatte-herdabdeckung-fuer-alle-herdarten-gehaertetes-glas\/","url":"https:\/\/marktxxl.de\/markt\/produkt\/wenko-herdabdeckplatte-herdabdeckung-fuer-alle-herdarten-gehaertetes-glas\/","name":"WENKO Herdabdeckplatte Herdabdeckung f\u00fcr alle Herdarten, Geh\u00e4rtetes Glas - Markt-XXL","isPartOf":{"@id":"https:\/\/marktxxl.de\/markt\/#website"},"primaryImageOfPage":{"@id":"https:\/\/marktxxl.de\/markt\/produkt\/wenko-herdabdeckplatte-herdabdeckung-fuer-alle-herdarten-gehaertetes-glas\/#primaryimage"},"image":{"@id":"https:\/\/marktxxl.de\/markt\/produkt\/wenko-herdabdeckplatte-herdabdeckung-fuer-alle-herdarten-gehaertetes-glas\/#primaryimage"},"thumbnailUrl":"https:\/\/m.media-amazon.com\/images\/I\/612TQS2eggL._SL500_.jpg","datePublished":"2021-12-28T12:54:34+00:00","dateModified":"2023-04-11T01:02:36+00:00","description":"Markt-XXL WENKO Herdabdeckplatte Herdabdeckung f\u00fcr alle Herdarten, Geh\u00e4rtetes Glas","breadcrumb":{"@id":"https:\/\/marktxxl.de\/markt\/produkt\/wenko-herdabdeckplatte-herdabdeckung-fuer-alle-herdarten-gehaertetes-glas\/#breadcrumb"},"inLanguage":"de","potentialAction":[{"@type":"ReadAction","target":["https:\/\/marktxxl.de\/markt\/produkt\/wenko-herdabdeckplatte-herdabdeckung-fuer-alle-herdarten-gehaertetes-glas\/"]}]},{"@type":"ImageObject","inLanguage":"de","@id":"https:\/\/marktxxl.de\/markt\/produkt\/wenko-herdabdeckplatte-herdabdeckung-fuer-alle-herdarten-gehaertetes-glas\/#primaryimage","url":"https:\/\/m.media-amazon.com\/images\/I\/612TQS2eggL._SL500_.jpg","contentUrl":"https:\/\/m.media-amazon.com\/images\/I\/612TQS2eggL._SL500_.jpg","width":500,"height":500},{"@type":"BreadcrumbList","@id":"https:\/\/marktxxl.de\/markt\/produkt\/wenko-herdabdeckplatte-herdabdeckung-fuer-alle-herdarten-gehaertetes-glas\/#breadcrumb","itemListElement":[{"@type":"ListItem","position":1,"name":"Startseite","item":"https:\/\/marktxxl.de\/markt\/"},{"@type":"ListItem","position":2,"name":"Markt","item":"https:\/\/marktxxl.de\/markt\/"},{"@type":"ListItem","position":3,"name":"WENKO Herdabdeckplatte Herdabdeckung f\u00fcr alle Herdarten, Geh\u00e4rtetes Glas"}]},{"@type":"WebSite","@id":"https:\/\/marktxxl.de\/markt\/#website","url":"https:\/\/marktxxl.de\/markt\/","name":"Markt-XXL","description":"Ihr Markt Online","publisher":{"@id":"https:\/\/marktxxl.de\/markt\/#organization"},"potentialAction":[{"@type":"SearchAction","target":{"@type":"EntryPoint","urlTemplate":"https:\/\/marktxxl.de\/markt\/?s={search_term_string}"},"query-input":{"@type":"PropertyValueSpecification","valueRequired":true,"valueName":"search_term_string"}}],"inLanguage":"de"},{"@type":"Organization","@id":"https:\/\/marktxxl.de\/markt\/#organization","name":"Markt-XXL","url":"https:\/\/marktxxl.de\/markt\/","logo":{"@type":"ImageObject","inLanguage":"de","@id":"https:\/\/marktxxl.de\/markt\/#\/schema\/logo\/image\/","url":"https:\/\/marktxxl.de\/markt\/wp-content\/uploads\/sites\/3\/2020\/12\/logo.png","contentUrl":"https:\/\/marktxxl.de\/markt\/wp-content\/uploads\/sites\/3\/2020\/12\/logo.png","width":200,"height":70,"caption":"Markt-XXL"},"image":{"@id":"https:\/\/marktxxl.de\/markt\/#\/schema\/logo\/image\/"}}]}},"_links":{"self":[{"href":"https:\/\/marktxxl.de\/markt\/wp-json\/wp\/v2\/product\/84828","targetHints":{"allow":["GET"]}}],"collection":[{"href":"https:\/\/marktxxl.de\/markt\/wp-json\/wp\/v2\/product"}],"about":[{"href":"https:\/\/marktxxl.de\/markt\/wp-json\/wp\/v2\/types\/product"}],"replies":[{"embeddable":true,"href":"https:\/\/marktxxl.de\/markt\/wp-json\/wp\/v2\/comments?post=84828"}],"wp:featuredmedia":[{"embeddable":true,"href":"https:\/\/marktxxl.de\/markt\/wp-json\/wp\/v2\/media\/84830"}],"wp:attachment":[{"href":"https:\/\/marktxxl.de\/markt\/wp-json\/wp\/v2\/media?parent=84828"}],"wp:term":[{"taxonomy":"product_brand","embeddable":true,"href":"https:\/\/marktxxl.de\/markt\/wp-json\/wp\/v2\/product_brand?post=84828"},{"taxonomy":"product_cat","embeddable":true,"href":"https:\/\/marktxxl.de\/markt\/wp-json\/wp\/v2\/product_cat?post=84828"},{"taxonomy":"product_tag","embeddable":true,"href":"https:\/\/marktxxl.de\/markt\/wp-json\/wp\/v2\/product_tag?post=84828"}],"curies":[{"name":"wp","href":"https:\/\/api.w.org\/{rel}","templated":true}]}}