{"id":84734,"date":"2021-12-28T13:51:22","date_gmt":"2021-12-28T12:51:22","guid":{"rendered":"https:\/\/marktxxl.de\/markt\/produkt\/kabelbinder-lang-500-600-700-800-900-mm-x-12-4mm-kabelbinder-uv-bestaendig-schwarz\/"},"modified":"2023-04-11T03:02:35","modified_gmt":"2023-04-11T01:02:35","slug":"kabelbinder-lang-500-600-700-800-900-mm-x-12-4mm-kabelbinder-uv-bestaendig-schwarz","status":"publish","type":"product","link":"https:\/\/marktxxl.de\/markt\/produkt\/kabelbinder-lang-500-600-700-800-900-mm-x-12-4mm-kabelbinder-uv-bestaendig-schwarz\/","title":{"rendered":"Kabelbinder Lang 500mm Kabelbinder UV-Best\u00e4ndig Schwarz 12,4mm Kabelbinder Stark 50 cm Plastikbinder f\u00fcr Kabelmanagement\u2026"},"content":{"rendered":"<p>\u3010 Extra Strong Cable Ties 500 mm L\u00e4nge\u3011Packung mit 30 kabelbinder schwarz mit 500mm (20 Inch) L\u00e4nge. Kabelbinder wiederverwendbar schwarz mit einer Tragkraft von bis zu 113 kg (250 lbs) starker Zugfestigkeit. 50cm kabelbinder uv best\u00e4ndig 12.4mm (0,49&#8243;) breite uv best\u00e4ndige kabelbinder, dicker und nicht leicht br\u00fcchig.<br \/>\n\u3010 Hitze &amp; K\u00e4lte, UV-Best\u00e4ndig\u3011 Hergestellt aus starkem, haltbarem Industrie-Nylon 6\/6, im Labor getestet f\u00fcr Temperaturen von -31\u2109 bis +185\u2109 (-35\u2103 bis +85\u2103). Hitze- und k\u00e4ltebest\u00e4ndige und UV-best\u00e4ndige Kabelbinder 500 mm lang f\u00fcr den Innen- und Au\u00dfenbereich.<br \/>\n\u3010Selbstsichernde Kabelbinder Lang \u3011 Selbstsicherndes Befestigungsdesign, starke, langlebige Kabelbinder mit gezackten Z\u00e4hnen zum L\u00f6sen des Widerstands, Laborgetestete 500 mm cable ties f\u00fcr Kabel mit hoher Beanspruchung f\u00fcr Funktion und Qualit\u00e4t.<br \/>\n\u3010 Vielseitige Cable Ties \u3011 Zip Ties eignen sich hervorragend zum Organisieren von Drahtb\u00fcndeln, Webst\u00fchlen, f\u00fcr Ihr Haus, Schuppen, Terrassen- \/ Zaungitternetzabdeckung oder schnelle und Quick Fixes.<br \/>\n\u3010 Kabelbinder Wiederverwendbar Schwarz \u3011Wie kann man einen Kabelbinder l\u00f6sen, ohne ihn zu durchtrennen? Verwenden Sie eine Nadel oder einen Stift, um die extra lange kabelbinder zu l\u00f6sen. Diese langen kabelbinder l\u00f6sbar 500 mm sind wiederverwendbar.<br \/>\n<div class=\"main-cross-sell\" data-asin=\"B08VKMWK1F\">\n\n\t<div class=\"WooZone-cross-sell-loader\">\n\t\t<div>\n\t\t\t<div id=\"floatingBarsG\">\n\t\t\t\t<div class=\"blockG\" id=\"rotateG_01\"><\/div>\n\t\t\t\t<div class=\"blockG\" id=\"rotateG_02\"><\/div>\n\t\t\t\t<div class=\"blockG\" id=\"rotateG_03\"><\/div>\n\t\t\t\t<div class=\"blockG\" id=\"rotateG_04\"><\/div>\n\t\t\t\t<div class=\"blockG\" id=\"rotateG_05\"><\/div>\n\t\t\t\t<div class=\"blockG\" id=\"rotateG_06\"><\/div>\n\t\t\t\t<div class=\"blockG\" id=\"rotateG_07\"><\/div>\n\t\t\t\t<div class=\"blockG\" id=\"rotateG_08\"><\/div>\n\t\t\t<\/div>\n\t\t\t<div class=\"WooZone-cross-sell-loader-text\"><\/div>\n\t\t<\/div>\n\t<\/div>\n\n\t\t\n<\/div>\n<div style=\"clear:both;\"><\/div><\/p>\n","protected":false},"excerpt":{"rendered":"<p>\u3010 Extra Strong Cable Ties 500 mm L\u00e4nge\u3011Packung mit 30 kabelbinder schwarz mit 500mm (20 Inch) L\u00e4nge. Kabelbinder wiederverwendbar schwarz mit einer Tragkraft von bis zu 113 kg (250 lbs) starker Zugfestigkeit. 50cm kabelbinder uv best\u00e4ndig 12.4mm (0,49&#8243;) breite uv best\u00e4ndige kabelbinder, dicker und nicht leicht br\u00fcchig.<br \/>\n\u3010 Hitze &amp; K\u00e4lte, UV-Best\u00e4ndig\u3011 Hergestellt aus starkem, haltbarem Industrie-Nylon 6\/6, im Labor getestet f\u00fcr Temperaturen von -31\u2109 bis +185\u2109 (-35\u2103 bis +85\u2103). Hitze- und k\u00e4ltebest\u00e4ndige und UV-best\u00e4ndige Kabelbinder 500 mm lang f\u00fcr den Innen- und Au\u00dfenbereich.<br \/>\n\u3010Selbstsichernde Kabelbinder Lang \u3011 Selbstsicherndes Befestigungsdesign, starke, langlebige Kabelbinder mit gezackten Z\u00e4hnen zum L\u00f6sen des Widerstands, Laborgetestete 500 mm cable ties f\u00fcr Kabel mit hoher Beanspruchung f\u00fcr Funktion und Qualit\u00e4t.<\/p>\n","protected":false},"featured_media":84740,"comment_status":"open","ping_status":"closed","template":"","meta":[],"product_brand":[],"product_cat":[1983,11009],"product_tag":[],"class_list":{"0":"post-84734","1":"product","2":"type-product","3":"status-publish","4":"has-post-thumbnail","6":"product_cat-baumarkt","7":"product_cat-elektroinstallation","8":"pa_brand-zyiming","9":"pa_color-schwarz","10":"pa_groesse-500mm-20in-x-12-4mm113kg","11":"pa_groesse-600mm-24in-x-12-4mm113kg","12":"pa_groesse-700mm-28in-x-12-4mm113kg","13":"pa_groesse-800mm-32in-x-12-4mm113kg","14":"pa_groesse-900mm-35in-x-12-4mm113kg","15":"pa_manufacturer-zyiming","16":"pa_size-12-4mm113kg","18":"first","19":"instock","20":"shipping-taxable","21":"purchasable","22":"product-type-variable","23":"customify-col","24":"product-has-gallery"},"yoast_head":"<!-- This site is optimized with the Yoast SEO plugin v27.4 - https:\/\/yoast.com\/product\/yoast-seo-wordpress\/ -->\n<title>Kabelbinder Lang 500mm Kabelbinder UV-Best\u00e4ndig Schwarz 12,4mm Kabelbinder Stark 50 cm Plastikbinder f\u00fcr Kabelmanagement\u2026 - Markt-XXL<\/title>\n<meta name=\"description\" content=\"Markt-XXL Kabelbinder Lang 500mm Kabelbinder UV-Best\u00e4ndig Schwarz 12,4mm Kabelbinder Stark 50 cm Plastikbinder f\u00fcr Kabelmanagement\u2026\" \/>\n<meta name=\"robots\" content=\"index, follow, max-snippet:-1, max-image-preview:large, max-video-preview:-1\" \/>\n<link rel=\"canonical\" href=\"https:\/\/marktxxl.de\/markt\/produkt\/kabelbinder-lang-500-600-700-800-900-mm-x-12-4mm-kabelbinder-uv-bestaendig-schwarz\/\" \/>\n<meta property=\"og:locale\" content=\"de_DE\" \/>\n<meta property=\"og:type\" content=\"article\" \/>\n<meta property=\"og:title\" content=\"Kabelbinder Lang 500mm Kabelbinder UV-Best\u00e4ndig Schwarz 12,4mm Kabelbinder Stark 50 cm Plastikbinder f\u00fcr Kabelmanagement\u2026 - Markt-XXL\" \/>\n<meta property=\"og:description\" content=\"Markt-XXL Kabelbinder Lang 500mm Kabelbinder UV-Best\u00e4ndig Schwarz 12,4mm Kabelbinder Stark 50 cm Plastikbinder f\u00fcr Kabelmanagement\u2026\" \/>\n<meta property=\"og:url\" content=\"https:\/\/marktxxl.de\/markt\/produkt\/kabelbinder-lang-500-600-700-800-900-mm-x-12-4mm-kabelbinder-uv-bestaendig-schwarz\/\" \/>\n<meta property=\"og:site_name\" content=\"Markt-XXL\" \/>\n<meta property=\"article:modified_time\" content=\"2023-04-11T01:02:35+00:00\" \/>\n<meta property=\"og:image\" content=\"https:\/\/m.media-amazon.com\/images\/I\/51836y5vYjL._SL500_.jpg\" \/>\n\t<meta property=\"og:image:width\" content=\"500\" \/>\n\t<meta property=\"og:image:height\" content=\"500\" \/>\n\t<meta property=\"og:image:type\" content=\"image\/jpeg\" \/>\n<meta name=\"twitter:card\" content=\"summary_large_image\" \/>\n<meta name=\"twitter:label1\" content=\"Gesch\u00e4tzte Lesezeit\" \/>\n\t<meta name=\"twitter:data1\" content=\"1\u00a0Minute\" \/>\n<script type=\"application\/ld+json\" class=\"yoast-schema-graph\">{\"@context\":\"https:\\\/\\\/schema.org\",\"@graph\":[{\"@type\":\"WebPage\",\"@id\":\"https:\\\/\\\/marktxxl.de\\\/markt\\\/produkt\\\/kabelbinder-lang-500-600-700-800-900-mm-x-12-4mm-kabelbinder-uv-bestaendig-schwarz\\\/\",\"url\":\"https:\\\/\\\/marktxxl.de\\\/markt\\\/produkt\\\/kabelbinder-lang-500-600-700-800-900-mm-x-12-4mm-kabelbinder-uv-bestaendig-schwarz\\\/\",\"name\":\"Kabelbinder Lang 500mm Kabelbinder UV-Best\u00e4ndig Schwarz 12,4mm Kabelbinder Stark 50 cm Plastikbinder f\u00fcr Kabelmanagement\u2026 - Markt-XXL\",\"isPartOf\":{\"@id\":\"https:\\\/\\\/marktxxl.de\\\/markt\\\/#website\"},\"primaryImageOfPage\":{\"@id\":\"https:\\\/\\\/marktxxl.de\\\/markt\\\/produkt\\\/kabelbinder-lang-500-600-700-800-900-mm-x-12-4mm-kabelbinder-uv-bestaendig-schwarz\\\/#primaryimage\"},\"image\":{\"@id\":\"https:\\\/\\\/marktxxl.de\\\/markt\\\/produkt\\\/kabelbinder-lang-500-600-700-800-900-mm-x-12-4mm-kabelbinder-uv-bestaendig-schwarz\\\/#primaryimage\"},\"thumbnailUrl\":\"https:\\\/\\\/m.media-amazon.com\\\/images\\\/I\\\/51836y5vYjL._SL500_.jpg\",\"datePublished\":\"2021-12-28T12:51:22+00:00\",\"dateModified\":\"2023-04-11T01:02:35+00:00\",\"description\":\"Markt-XXL Kabelbinder Lang 500mm Kabelbinder UV-Best\u00e4ndig Schwarz 12,4mm Kabelbinder Stark 50 cm Plastikbinder f\u00fcr Kabelmanagement\u2026\",\"breadcrumb\":{\"@id\":\"https:\\\/\\\/marktxxl.de\\\/markt\\\/produkt\\\/kabelbinder-lang-500-600-700-800-900-mm-x-12-4mm-kabelbinder-uv-bestaendig-schwarz\\\/#breadcrumb\"},\"inLanguage\":\"de\",\"potentialAction\":[{\"@type\":\"ReadAction\",\"target\":[\"https:\\\/\\\/marktxxl.de\\\/markt\\\/produkt\\\/kabelbinder-lang-500-600-700-800-900-mm-x-12-4mm-kabelbinder-uv-bestaendig-schwarz\\\/\"]}]},{\"@type\":\"ImageObject\",\"inLanguage\":\"de\",\"@id\":\"https:\\\/\\\/marktxxl.de\\\/markt\\\/produkt\\\/kabelbinder-lang-500-600-700-800-900-mm-x-12-4mm-kabelbinder-uv-bestaendig-schwarz\\\/#primaryimage\",\"url\":\"https:\\\/\\\/m.media-amazon.com\\\/images\\\/I\\\/51836y5vYjL._SL500_.jpg\",\"contentUrl\":\"https:\\\/\\\/m.media-amazon.com\\\/images\\\/I\\\/51836y5vYjL._SL500_.jpg\",\"width\":500,\"height\":500},{\"@type\":\"BreadcrumbList\",\"@id\":\"https:\\\/\\\/marktxxl.de\\\/markt\\\/produkt\\\/kabelbinder-lang-500-600-700-800-900-mm-x-12-4mm-kabelbinder-uv-bestaendig-schwarz\\\/#breadcrumb\",\"itemListElement\":[{\"@type\":\"ListItem\",\"position\":1,\"name\":\"Startseite\",\"item\":\"https:\\\/\\\/marktxxl.de\\\/markt\\\/\"},{\"@type\":\"ListItem\",\"position\":2,\"name\":\"Markt\",\"item\":\"https:\\\/\\\/marktxxl.de\\\/markt\\\/\"},{\"@type\":\"ListItem\",\"position\":3,\"name\":\"Kabelbinder Lang 500mm Kabelbinder UV-Best\u00e4ndig Schwarz 12,4mm Kabelbinder Stark 50 cm Plastikbinder f\u00fcr Kabelmanagement\u2026\"}]},{\"@type\":\"WebSite\",\"@id\":\"https:\\\/\\\/marktxxl.de\\\/markt\\\/#website\",\"url\":\"https:\\\/\\\/marktxxl.de\\\/markt\\\/\",\"name\":\"Markt-XXL\",\"description\":\"Ihr Markt Online\",\"publisher\":{\"@id\":\"https:\\\/\\\/marktxxl.de\\\/markt\\\/#organization\"},\"potentialAction\":[{\"@type\":\"SearchAction\",\"target\":{\"@type\":\"EntryPoint\",\"urlTemplate\":\"https:\\\/\\\/marktxxl.de\\\/markt\\\/?s={search_term_string}\"},\"query-input\":{\"@type\":\"PropertyValueSpecification\",\"valueRequired\":true,\"valueName\":\"search_term_string\"}}],\"inLanguage\":\"de\"},{\"@type\":\"Organization\",\"@id\":\"https:\\\/\\\/marktxxl.de\\\/markt\\\/#organization\",\"name\":\"Markt-XXL\",\"url\":\"https:\\\/\\\/marktxxl.de\\\/markt\\\/\",\"logo\":{\"@type\":\"ImageObject\",\"inLanguage\":\"de\",\"@id\":\"https:\\\/\\\/marktxxl.de\\\/markt\\\/#\\\/schema\\\/logo\\\/image\\\/\",\"url\":\"https:\\\/\\\/marktxxl.de\\\/markt\\\/wp-content\\\/uploads\\\/sites\\\/3\\\/2020\\\/12\\\/logo.png\",\"contentUrl\":\"https:\\\/\\\/marktxxl.de\\\/markt\\\/wp-content\\\/uploads\\\/sites\\\/3\\\/2020\\\/12\\\/logo.png\",\"width\":200,\"height\":70,\"caption\":\"Markt-XXL\"},\"image\":{\"@id\":\"https:\\\/\\\/marktxxl.de\\\/markt\\\/#\\\/schema\\\/logo\\\/image\\\/\"}}]}<\/script>\n<!-- \/ Yoast SEO plugin. -->","yoast_head_json":{"title":"Kabelbinder Lang 500mm Kabelbinder UV-Best\u00e4ndig Schwarz 12,4mm Kabelbinder Stark 50 cm Plastikbinder f\u00fcr Kabelmanagement\u2026 - Markt-XXL","description":"Markt-XXL Kabelbinder Lang 500mm Kabelbinder UV-Best\u00e4ndig Schwarz 12,4mm Kabelbinder Stark 50 cm Plastikbinder f\u00fcr Kabelmanagement\u2026","robots":{"index":"index","follow":"follow","max-snippet":"max-snippet:-1","max-image-preview":"max-image-preview:large","max-video-preview":"max-video-preview:-1"},"canonical":"https:\/\/marktxxl.de\/markt\/produkt\/kabelbinder-lang-500-600-700-800-900-mm-x-12-4mm-kabelbinder-uv-bestaendig-schwarz\/","og_locale":"de_DE","og_type":"article","og_title":"Kabelbinder Lang 500mm Kabelbinder UV-Best\u00e4ndig Schwarz 12,4mm Kabelbinder Stark 50 cm Plastikbinder f\u00fcr Kabelmanagement\u2026 - Markt-XXL","og_description":"Markt-XXL Kabelbinder Lang 500mm Kabelbinder UV-Best\u00e4ndig Schwarz 12,4mm Kabelbinder Stark 50 cm Plastikbinder f\u00fcr Kabelmanagement\u2026","og_url":"https:\/\/marktxxl.de\/markt\/produkt\/kabelbinder-lang-500-600-700-800-900-mm-x-12-4mm-kabelbinder-uv-bestaendig-schwarz\/","og_site_name":"Markt-XXL","article_modified_time":"2023-04-11T01:02:35+00:00","og_image":[{"width":500,"height":500,"url":"https:\/\/m.media-amazon.com\/images\/I\/51836y5vYjL._SL500_.jpg","type":"image\/jpeg"}],"twitter_card":"summary_large_image","twitter_misc":{"Gesch\u00e4tzte Lesezeit":"1\u00a0Minute"},"schema":{"@context":"https:\/\/schema.org","@graph":[{"@type":"WebPage","@id":"https:\/\/marktxxl.de\/markt\/produkt\/kabelbinder-lang-500-600-700-800-900-mm-x-12-4mm-kabelbinder-uv-bestaendig-schwarz\/","url":"https:\/\/marktxxl.de\/markt\/produkt\/kabelbinder-lang-500-600-700-800-900-mm-x-12-4mm-kabelbinder-uv-bestaendig-schwarz\/","name":"Kabelbinder Lang 500mm Kabelbinder UV-Best\u00e4ndig Schwarz 12,4mm Kabelbinder Stark 50 cm Plastikbinder f\u00fcr Kabelmanagement\u2026 - Markt-XXL","isPartOf":{"@id":"https:\/\/marktxxl.de\/markt\/#website"},"primaryImageOfPage":{"@id":"https:\/\/marktxxl.de\/markt\/produkt\/kabelbinder-lang-500-600-700-800-900-mm-x-12-4mm-kabelbinder-uv-bestaendig-schwarz\/#primaryimage"},"image":{"@id":"https:\/\/marktxxl.de\/markt\/produkt\/kabelbinder-lang-500-600-700-800-900-mm-x-12-4mm-kabelbinder-uv-bestaendig-schwarz\/#primaryimage"},"thumbnailUrl":"https:\/\/m.media-amazon.com\/images\/I\/51836y5vYjL._SL500_.jpg","datePublished":"2021-12-28T12:51:22+00:00","dateModified":"2023-04-11T01:02:35+00:00","description":"Markt-XXL Kabelbinder Lang 500mm Kabelbinder UV-Best\u00e4ndig Schwarz 12,4mm Kabelbinder Stark 50 cm Plastikbinder f\u00fcr Kabelmanagement\u2026","breadcrumb":{"@id":"https:\/\/marktxxl.de\/markt\/produkt\/kabelbinder-lang-500-600-700-800-900-mm-x-12-4mm-kabelbinder-uv-bestaendig-schwarz\/#breadcrumb"},"inLanguage":"de","potentialAction":[{"@type":"ReadAction","target":["https:\/\/marktxxl.de\/markt\/produkt\/kabelbinder-lang-500-600-700-800-900-mm-x-12-4mm-kabelbinder-uv-bestaendig-schwarz\/"]}]},{"@type":"ImageObject","inLanguage":"de","@id":"https:\/\/marktxxl.de\/markt\/produkt\/kabelbinder-lang-500-600-700-800-900-mm-x-12-4mm-kabelbinder-uv-bestaendig-schwarz\/#primaryimage","url":"https:\/\/m.media-amazon.com\/images\/I\/51836y5vYjL._SL500_.jpg","contentUrl":"https:\/\/m.media-amazon.com\/images\/I\/51836y5vYjL._SL500_.jpg","width":500,"height":500},{"@type":"BreadcrumbList","@id":"https:\/\/marktxxl.de\/markt\/produkt\/kabelbinder-lang-500-600-700-800-900-mm-x-12-4mm-kabelbinder-uv-bestaendig-schwarz\/#breadcrumb","itemListElement":[{"@type":"ListItem","position":1,"name":"Startseite","item":"https:\/\/marktxxl.de\/markt\/"},{"@type":"ListItem","position":2,"name":"Markt","item":"https:\/\/marktxxl.de\/markt\/"},{"@type":"ListItem","position":3,"name":"Kabelbinder Lang 500mm Kabelbinder UV-Best\u00e4ndig Schwarz 12,4mm Kabelbinder Stark 50 cm Plastikbinder f\u00fcr Kabelmanagement\u2026"}]},{"@type":"WebSite","@id":"https:\/\/marktxxl.de\/markt\/#website","url":"https:\/\/marktxxl.de\/markt\/","name":"Markt-XXL","description":"Ihr Markt Online","publisher":{"@id":"https:\/\/marktxxl.de\/markt\/#organization"},"potentialAction":[{"@type":"SearchAction","target":{"@type":"EntryPoint","urlTemplate":"https:\/\/marktxxl.de\/markt\/?s={search_term_string}"},"query-input":{"@type":"PropertyValueSpecification","valueRequired":true,"valueName":"search_term_string"}}],"inLanguage":"de"},{"@type":"Organization","@id":"https:\/\/marktxxl.de\/markt\/#organization","name":"Markt-XXL","url":"https:\/\/marktxxl.de\/markt\/","logo":{"@type":"ImageObject","inLanguage":"de","@id":"https:\/\/marktxxl.de\/markt\/#\/schema\/logo\/image\/","url":"https:\/\/marktxxl.de\/markt\/wp-content\/uploads\/sites\/3\/2020\/12\/logo.png","contentUrl":"https:\/\/marktxxl.de\/markt\/wp-content\/uploads\/sites\/3\/2020\/12\/logo.png","width":200,"height":70,"caption":"Markt-XXL"},"image":{"@id":"https:\/\/marktxxl.de\/markt\/#\/schema\/logo\/image\/"}}]}},"_links":{"self":[{"href":"https:\/\/marktxxl.de\/markt\/wp-json\/wp\/v2\/product\/84734","targetHints":{"allow":["GET"]}}],"collection":[{"href":"https:\/\/marktxxl.de\/markt\/wp-json\/wp\/v2\/product"}],"about":[{"href":"https:\/\/marktxxl.de\/markt\/wp-json\/wp\/v2\/types\/product"}],"replies":[{"embeddable":true,"href":"https:\/\/marktxxl.de\/markt\/wp-json\/wp\/v2\/comments?post=84734"}],"wp:featuredmedia":[{"embeddable":true,"href":"https:\/\/marktxxl.de\/markt\/wp-json\/wp\/v2\/media\/84740"}],"wp:attachment":[{"href":"https:\/\/marktxxl.de\/markt\/wp-json\/wp\/v2\/media?parent=84734"}],"wp:term":[{"taxonomy":"product_brand","embeddable":true,"href":"https:\/\/marktxxl.de\/markt\/wp-json\/wp\/v2\/product_brand?post=84734"},{"taxonomy":"product_cat","embeddable":true,"href":"https:\/\/marktxxl.de\/markt\/wp-json\/wp\/v2\/product_cat?post=84734"},{"taxonomy":"product_tag","embeddable":true,"href":"https:\/\/marktxxl.de\/markt\/wp-json\/wp\/v2\/product_tag?post=84734"}],"curies":[{"name":"wp","href":"https:\/\/api.w.org\/{rel}","templated":true}]}}