{"id":84696,"date":"2021-12-28T13:49:21","date_gmt":"2021-12-28T12:49:21","guid":{"rendered":"https:\/\/marktxxl.de\/markt\/produkt\/146-stueck-kabelmanagement-kit-inklusive-4-kabelhuelsen-mit-reissverschluss-30-selbstklebende-kabelbinder-102-rollen-selbstklebende-baender-100-befestigungsbinder-geeignet-fuer-zuhause-buero\/"},"modified":"2023-04-11T03:02:34","modified_gmt":"2023-04-11T01:02:34","slug":"146-stueck-kabelmanagement-kit-inklusive-4-kabelhuelsen-mit-reissverschluss-30-selbstklebende-kabelbinder-102-rollen-selbstklebende-baender-100-befestigungsbinder-geeignet-fuer-zuhause-buero","status":"publish","type":"product","link":"https:\/\/marktxxl.de\/markt\/produkt\/146-stueck-kabelmanagement-kit-inklusive-4-kabelhuelsen-mit-reissverschluss-30-selbstklebende-kabelbinder-102-rollen-selbstklebende-baender-100-befestigungsbinder-geeignet-fuer-zuhause-buero\/","title":{"rendered":"146 St\u00fcck Kabelmanagement Kit, inklusive 4 Kabelh\u00fclsen mit Rei\u00dfverschluss, 30 selbstklebende Kabelbinder, 10+2 Rollen\u2026"},"content":{"rendered":"<p>Kabel-Manager: Mit dem Alkey Kabel-Organizer-Kit beseitigen Sie Kabelsalat und schaffen Sie wertvollen Platz auf dem Schreibtisch und \u00fcbersichtliche Bereiche.<br \/>\n[Umfassendes Set]: Dieses umfassende Set enth\u00e4lt alles, was Sie brauchen, um alle Kabel zu Hause oder im B\u00fcro zu organisieren und zu verwalten, einschlie\u00dflich 4 \u00c4rmel Eith Rei\u00dfverschl\u00fcsse, 30 selbstklebende Kabel-Clip-Halter, 10 und 2 Rollen selbstklebende Kabelbinder, 100 selbstklebende Kabelbinder.<br \/>\n[Sicherheit gew\u00e4hrleisten]: Verwirrende Kabel k\u00f6nnen Gefahr f\u00fcr das Wohn- oder Arbeitsumfeld verursachen. Mit diesem Komplettset k\u00f6nnen Sie potenzielle elektrische Gefahren reduzieren und Ihre Lieben zu Hause oder Kollegen bei der Arbeit sch\u00fctzen.<br \/>\n[Hohe Qualit\u00e4t]: Die Komponenten in diesem Kit bestehen aus langlebigen und hochwertigen Materialien, die die Lebensdauer verl\u00e4ngern und sicherstellen, dass Ihre Kabel und Kabel in den n\u00e4chsten Jahren sauber und ordentlich gehalten werden. Die mitgelieferten Kabelclips haben stabile selbstklebende Klebepads, um sicherzustellen, dass sie immer auf der gew\u00fcnschten Oberfl\u00e4che fixiert sind.<br \/>\n[Einfach zu bedienen]: Organisieren von Dr\u00e4hten und Kabeln ist keine schwierige Aufgabe mehr. Ziehen Sie einfach den Klebeclip ab und kleben Sie ihn auf eine saubere und glatte Oberfl\u00e4che, oder b\u00fcndeln Sie Kabel zusammen, um die Kabelh\u00fclle und den Kabelbinder anzuwenden, und Sie werden wieder ein ordentliches B\u00fcro und Zuhause erhalten.<br \/>\n<div class=\"main-cross-sell\" data-asin=\"B0923YN4R1\">\n\n\t<div class=\"WooZone-cross-sell-loader\">\n\t\t<div>\n\t\t\t<div id=\"floatingBarsG\">\n\t\t\t\t<div class=\"blockG\" id=\"rotateG_01\"><\/div>\n\t\t\t\t<div class=\"blockG\" id=\"rotateG_02\"><\/div>\n\t\t\t\t<div class=\"blockG\" id=\"rotateG_03\"><\/div>\n\t\t\t\t<div class=\"blockG\" id=\"rotateG_04\"><\/div>\n\t\t\t\t<div class=\"blockG\" id=\"rotateG_05\"><\/div>\n\t\t\t\t<div class=\"blockG\" id=\"rotateG_06\"><\/div>\n\t\t\t\t<div class=\"blockG\" id=\"rotateG_07\"><\/div>\n\t\t\t\t<div class=\"blockG\" id=\"rotateG_08\"><\/div>\n\t\t\t<\/div>\n\t\t\t<div class=\"WooZone-cross-sell-loader-text\"><\/div>\n\t\t<\/div>\n\t<\/div>\n\n\t\t\n<\/div>\n<div style=\"clear:both;\"><\/div><\/p>\n","protected":false},"excerpt":{"rendered":"<p>Kabel-Manager: Mit dem Alkey Kabel-Organizer-Kit beseitigen Sie Kabelsalat und schaffen Sie wertvollen Platz auf dem Schreibtisch und \u00fcbersichtliche Bereiche.<br \/>\n[Umfassendes Set]: Dieses umfassende Set enth\u00e4lt alles, was Sie brauchen, um alle Kabel zu Hause oder im B\u00fcro zu organisieren und zu verwalten, einschlie\u00dflich 4 \u00c4rmel Eith Rei\u00dfverschl\u00fcsse, 30 selbstklebende Kabel-Clip-Halter, 10 und 2 Rollen selbstklebende Kabelbinder, 100 selbstklebende Kabelbinder.<br \/>\n[Sicherheit gew\u00e4hrleisten]: Verwirrende Kabel k\u00f6nnen Gefahr f\u00fcr das Wohn- oder Arbeitsumfeld verursachen. Mit diesem Komplettset k\u00f6nnen Sie potenzielle elektrische Gefahren reduzieren und Ihre Lieben zu Hause oder Kollegen bei der Arbeit sch\u00fctzen.<\/p>\n","protected":false},"featured_media":84697,"comment_status":"open","ping_status":"closed","template":"","meta":[],"product_brand":[],"product_cat":[1983,11009],"product_tag":[],"class_list":{"0":"post-84696","1":"product","2":"type-product","3":"status-publish","4":"has-post-thumbnail","6":"product_cat-baumarkt","7":"product_cat-elektroinstallation","8":"pa_brand-alkey","9":"pa_height-2-68-zoll","10":"pa_length-11-5-zoll","11":"pa_manufacturer-alkey","12":"pa_model-cable-ties-a","13":"pa_width-7-17-zoll","15":"first","16":"instock","17":"shipping-taxable","18":"purchasable","19":"product-type-simple","20":"customify-col","21":"product-has-gallery"},"yoast_head":"<!-- This site is optimized with the Yoast SEO plugin v27.4 - https:\/\/yoast.com\/product\/yoast-seo-wordpress\/ -->\n<title>146 St\u00fcck Kabelmanagement Kit, inklusive 4 Kabelh\u00fclsen mit Rei\u00dfverschluss, 30 selbstklebende Kabelbinder, 10+2 Rollen\u2026 - Markt-XXL<\/title>\n<meta name=\"description\" content=\"Markt-XXL 146 St\u00fcck Kabelmanagement Kit, inklusive 4 Kabelh\u00fclsen mit Rei\u00dfverschluss, 30 selbstklebende Kabelbinder, 10+2 Rollen\u2026\" \/>\n<meta name=\"robots\" content=\"index, follow, max-snippet:-1, max-image-preview:large, max-video-preview:-1\" \/>\n<link rel=\"canonical\" href=\"https:\/\/marktxxl.de\/markt\/produkt\/146-stueck-kabelmanagement-kit-inklusive-4-kabelhuelsen-mit-reissverschluss-30-selbstklebende-kabelbinder-102-rollen-selbstklebende-baender-100-befestigungsbinder-geeignet-fuer-zuhause-buero\/\" \/>\n<meta property=\"og:locale\" content=\"de_DE\" \/>\n<meta property=\"og:type\" content=\"article\" \/>\n<meta property=\"og:title\" content=\"146 St\u00fcck Kabelmanagement Kit, inklusive 4 Kabelh\u00fclsen mit Rei\u00dfverschluss, 30 selbstklebende Kabelbinder, 10+2 Rollen\u2026 - Markt-XXL\" \/>\n<meta property=\"og:description\" content=\"Markt-XXL 146 St\u00fcck Kabelmanagement Kit, inklusive 4 Kabelh\u00fclsen mit Rei\u00dfverschluss, 30 selbstklebende Kabelbinder, 10+2 Rollen\u2026\" \/>\n<meta property=\"og:url\" content=\"https:\/\/marktxxl.de\/markt\/produkt\/146-stueck-kabelmanagement-kit-inklusive-4-kabelhuelsen-mit-reissverschluss-30-selbstklebende-kabelbinder-102-rollen-selbstklebende-baender-100-befestigungsbinder-geeignet-fuer-zuhause-buero\/\" \/>\n<meta property=\"og:site_name\" content=\"Markt-XXL\" \/>\n<meta property=\"article:modified_time\" content=\"2023-04-11T01:02:34+00:00\" \/>\n<meta property=\"og:image\" content=\"https:\/\/m.media-amazon.com\/images\/I\/517yf3-i0yS._SL500_.jpg\" \/>\n\t<meta property=\"og:image:width\" content=\"500\" \/>\n\t<meta property=\"og:image:height\" content=\"500\" \/>\n\t<meta property=\"og:image:type\" content=\"image\/jpeg\" \/>\n<meta name=\"twitter:card\" content=\"summary_large_image\" \/>\n<meta name=\"twitter:label1\" content=\"Gesch\u00e4tzte Lesezeit\" \/>\n\t<meta name=\"twitter:data1\" content=\"1\u00a0Minute\" \/>\n<script type=\"application\/ld+json\" class=\"yoast-schema-graph\">{\"@context\":\"https:\\\/\\\/schema.org\",\"@graph\":[{\"@type\":\"WebPage\",\"@id\":\"https:\\\/\\\/marktxxl.de\\\/markt\\\/produkt\\\/146-stueck-kabelmanagement-kit-inklusive-4-kabelhuelsen-mit-reissverschluss-30-selbstklebende-kabelbinder-102-rollen-selbstklebende-baender-100-befestigungsbinder-geeignet-fuer-zuhause-buero\\\/\",\"url\":\"https:\\\/\\\/marktxxl.de\\\/markt\\\/produkt\\\/146-stueck-kabelmanagement-kit-inklusive-4-kabelhuelsen-mit-reissverschluss-30-selbstklebende-kabelbinder-102-rollen-selbstklebende-baender-100-befestigungsbinder-geeignet-fuer-zuhause-buero\\\/\",\"name\":\"146 St\u00fcck Kabelmanagement Kit, inklusive 4 Kabelh\u00fclsen mit Rei\u00dfverschluss, 30 selbstklebende Kabelbinder, 10+2 Rollen\u2026 - Markt-XXL\",\"isPartOf\":{\"@id\":\"https:\\\/\\\/marktxxl.de\\\/markt\\\/#website\"},\"primaryImageOfPage\":{\"@id\":\"https:\\\/\\\/marktxxl.de\\\/markt\\\/produkt\\\/146-stueck-kabelmanagement-kit-inklusive-4-kabelhuelsen-mit-reissverschluss-30-selbstklebende-kabelbinder-102-rollen-selbstklebende-baender-100-befestigungsbinder-geeignet-fuer-zuhause-buero\\\/#primaryimage\"},\"image\":{\"@id\":\"https:\\\/\\\/marktxxl.de\\\/markt\\\/produkt\\\/146-stueck-kabelmanagement-kit-inklusive-4-kabelhuelsen-mit-reissverschluss-30-selbstklebende-kabelbinder-102-rollen-selbstklebende-baender-100-befestigungsbinder-geeignet-fuer-zuhause-buero\\\/#primaryimage\"},\"thumbnailUrl\":\"https:\\\/\\\/m.media-amazon.com\\\/images\\\/I\\\/517yf3-i0yS._SL500_.jpg\",\"datePublished\":\"2021-12-28T12:49:21+00:00\",\"dateModified\":\"2023-04-11T01:02:34+00:00\",\"description\":\"Markt-XXL 146 St\u00fcck Kabelmanagement Kit, inklusive 4 Kabelh\u00fclsen mit Rei\u00dfverschluss, 30 selbstklebende Kabelbinder, 10+2 Rollen\u2026\",\"breadcrumb\":{\"@id\":\"https:\\\/\\\/marktxxl.de\\\/markt\\\/produkt\\\/146-stueck-kabelmanagement-kit-inklusive-4-kabelhuelsen-mit-reissverschluss-30-selbstklebende-kabelbinder-102-rollen-selbstklebende-baender-100-befestigungsbinder-geeignet-fuer-zuhause-buero\\\/#breadcrumb\"},\"inLanguage\":\"de\",\"potentialAction\":[{\"@type\":\"ReadAction\",\"target\":[\"https:\\\/\\\/marktxxl.de\\\/markt\\\/produkt\\\/146-stueck-kabelmanagement-kit-inklusive-4-kabelhuelsen-mit-reissverschluss-30-selbstklebende-kabelbinder-102-rollen-selbstklebende-baender-100-befestigungsbinder-geeignet-fuer-zuhause-buero\\\/\"]}]},{\"@type\":\"ImageObject\",\"inLanguage\":\"de\",\"@id\":\"https:\\\/\\\/marktxxl.de\\\/markt\\\/produkt\\\/146-stueck-kabelmanagement-kit-inklusive-4-kabelhuelsen-mit-reissverschluss-30-selbstklebende-kabelbinder-102-rollen-selbstklebende-baender-100-befestigungsbinder-geeignet-fuer-zuhause-buero\\\/#primaryimage\",\"url\":\"https:\\\/\\\/m.media-amazon.com\\\/images\\\/I\\\/517yf3-i0yS._SL500_.jpg\",\"contentUrl\":\"https:\\\/\\\/m.media-amazon.com\\\/images\\\/I\\\/517yf3-i0yS._SL500_.jpg\",\"width\":500,\"height\":500},{\"@type\":\"BreadcrumbList\",\"@id\":\"https:\\\/\\\/marktxxl.de\\\/markt\\\/produkt\\\/146-stueck-kabelmanagement-kit-inklusive-4-kabelhuelsen-mit-reissverschluss-30-selbstklebende-kabelbinder-102-rollen-selbstklebende-baender-100-befestigungsbinder-geeignet-fuer-zuhause-buero\\\/#breadcrumb\",\"itemListElement\":[{\"@type\":\"ListItem\",\"position\":1,\"name\":\"Startseite\",\"item\":\"https:\\\/\\\/marktxxl.de\\\/markt\\\/\"},{\"@type\":\"ListItem\",\"position\":2,\"name\":\"Markt\",\"item\":\"https:\\\/\\\/marktxxl.de\\\/markt\\\/\"},{\"@type\":\"ListItem\",\"position\":3,\"name\":\"146 St\u00fcck Kabelmanagement Kit, inklusive 4 Kabelh\u00fclsen mit Rei\u00dfverschluss, 30 selbstklebende Kabelbinder, 10+2 Rollen\u2026\"}]},{\"@type\":\"WebSite\",\"@id\":\"https:\\\/\\\/marktxxl.de\\\/markt\\\/#website\",\"url\":\"https:\\\/\\\/marktxxl.de\\\/markt\\\/\",\"name\":\"Markt-XXL\",\"description\":\"Ihr Markt Online\",\"publisher\":{\"@id\":\"https:\\\/\\\/marktxxl.de\\\/markt\\\/#organization\"},\"potentialAction\":[{\"@type\":\"SearchAction\",\"target\":{\"@type\":\"EntryPoint\",\"urlTemplate\":\"https:\\\/\\\/marktxxl.de\\\/markt\\\/?s={search_term_string}\"},\"query-input\":{\"@type\":\"PropertyValueSpecification\",\"valueRequired\":true,\"valueName\":\"search_term_string\"}}],\"inLanguage\":\"de\"},{\"@type\":\"Organization\",\"@id\":\"https:\\\/\\\/marktxxl.de\\\/markt\\\/#organization\",\"name\":\"Markt-XXL\",\"url\":\"https:\\\/\\\/marktxxl.de\\\/markt\\\/\",\"logo\":{\"@type\":\"ImageObject\",\"inLanguage\":\"de\",\"@id\":\"https:\\\/\\\/marktxxl.de\\\/markt\\\/#\\\/schema\\\/logo\\\/image\\\/\",\"url\":\"https:\\\/\\\/marktxxl.de\\\/markt\\\/wp-content\\\/uploads\\\/sites\\\/3\\\/2020\\\/12\\\/logo.png\",\"contentUrl\":\"https:\\\/\\\/marktxxl.de\\\/markt\\\/wp-content\\\/uploads\\\/sites\\\/3\\\/2020\\\/12\\\/logo.png\",\"width\":200,\"height\":70,\"caption\":\"Markt-XXL\"},\"image\":{\"@id\":\"https:\\\/\\\/marktxxl.de\\\/markt\\\/#\\\/schema\\\/logo\\\/image\\\/\"}}]}<\/script>\n<!-- \/ Yoast SEO plugin. -->","yoast_head_json":{"title":"146 St\u00fcck Kabelmanagement Kit, inklusive 4 Kabelh\u00fclsen mit Rei\u00dfverschluss, 30 selbstklebende Kabelbinder, 10+2 Rollen\u2026 - Markt-XXL","description":"Markt-XXL 146 St\u00fcck Kabelmanagement Kit, inklusive 4 Kabelh\u00fclsen mit Rei\u00dfverschluss, 30 selbstklebende Kabelbinder, 10+2 Rollen\u2026","robots":{"index":"index","follow":"follow","max-snippet":"max-snippet:-1","max-image-preview":"max-image-preview:large","max-video-preview":"max-video-preview:-1"},"canonical":"https:\/\/marktxxl.de\/markt\/produkt\/146-stueck-kabelmanagement-kit-inklusive-4-kabelhuelsen-mit-reissverschluss-30-selbstklebende-kabelbinder-102-rollen-selbstklebende-baender-100-befestigungsbinder-geeignet-fuer-zuhause-buero\/","og_locale":"de_DE","og_type":"article","og_title":"146 St\u00fcck Kabelmanagement Kit, inklusive 4 Kabelh\u00fclsen mit Rei\u00dfverschluss, 30 selbstklebende Kabelbinder, 10+2 Rollen\u2026 - Markt-XXL","og_description":"Markt-XXL 146 St\u00fcck Kabelmanagement Kit, inklusive 4 Kabelh\u00fclsen mit Rei\u00dfverschluss, 30 selbstklebende Kabelbinder, 10+2 Rollen\u2026","og_url":"https:\/\/marktxxl.de\/markt\/produkt\/146-stueck-kabelmanagement-kit-inklusive-4-kabelhuelsen-mit-reissverschluss-30-selbstklebende-kabelbinder-102-rollen-selbstklebende-baender-100-befestigungsbinder-geeignet-fuer-zuhause-buero\/","og_site_name":"Markt-XXL","article_modified_time":"2023-04-11T01:02:34+00:00","og_image":[{"width":500,"height":500,"url":"https:\/\/m.media-amazon.com\/images\/I\/517yf3-i0yS._SL500_.jpg","type":"image\/jpeg"}],"twitter_card":"summary_large_image","twitter_misc":{"Gesch\u00e4tzte Lesezeit":"1\u00a0Minute"},"schema":{"@context":"https:\/\/schema.org","@graph":[{"@type":"WebPage","@id":"https:\/\/marktxxl.de\/markt\/produkt\/146-stueck-kabelmanagement-kit-inklusive-4-kabelhuelsen-mit-reissverschluss-30-selbstklebende-kabelbinder-102-rollen-selbstklebende-baender-100-befestigungsbinder-geeignet-fuer-zuhause-buero\/","url":"https:\/\/marktxxl.de\/markt\/produkt\/146-stueck-kabelmanagement-kit-inklusive-4-kabelhuelsen-mit-reissverschluss-30-selbstklebende-kabelbinder-102-rollen-selbstklebende-baender-100-befestigungsbinder-geeignet-fuer-zuhause-buero\/","name":"146 St\u00fcck Kabelmanagement Kit, inklusive 4 Kabelh\u00fclsen mit Rei\u00dfverschluss, 30 selbstklebende Kabelbinder, 10+2 Rollen\u2026 - Markt-XXL","isPartOf":{"@id":"https:\/\/marktxxl.de\/markt\/#website"},"primaryImageOfPage":{"@id":"https:\/\/marktxxl.de\/markt\/produkt\/146-stueck-kabelmanagement-kit-inklusive-4-kabelhuelsen-mit-reissverschluss-30-selbstklebende-kabelbinder-102-rollen-selbstklebende-baender-100-befestigungsbinder-geeignet-fuer-zuhause-buero\/#primaryimage"},"image":{"@id":"https:\/\/marktxxl.de\/markt\/produkt\/146-stueck-kabelmanagement-kit-inklusive-4-kabelhuelsen-mit-reissverschluss-30-selbstklebende-kabelbinder-102-rollen-selbstklebende-baender-100-befestigungsbinder-geeignet-fuer-zuhause-buero\/#primaryimage"},"thumbnailUrl":"https:\/\/m.media-amazon.com\/images\/I\/517yf3-i0yS._SL500_.jpg","datePublished":"2021-12-28T12:49:21+00:00","dateModified":"2023-04-11T01:02:34+00:00","description":"Markt-XXL 146 St\u00fcck Kabelmanagement Kit, inklusive 4 Kabelh\u00fclsen mit Rei\u00dfverschluss, 30 selbstklebende Kabelbinder, 10+2 Rollen\u2026","breadcrumb":{"@id":"https:\/\/marktxxl.de\/markt\/produkt\/146-stueck-kabelmanagement-kit-inklusive-4-kabelhuelsen-mit-reissverschluss-30-selbstklebende-kabelbinder-102-rollen-selbstklebende-baender-100-befestigungsbinder-geeignet-fuer-zuhause-buero\/#breadcrumb"},"inLanguage":"de","potentialAction":[{"@type":"ReadAction","target":["https:\/\/marktxxl.de\/markt\/produkt\/146-stueck-kabelmanagement-kit-inklusive-4-kabelhuelsen-mit-reissverschluss-30-selbstklebende-kabelbinder-102-rollen-selbstklebende-baender-100-befestigungsbinder-geeignet-fuer-zuhause-buero\/"]}]},{"@type":"ImageObject","inLanguage":"de","@id":"https:\/\/marktxxl.de\/markt\/produkt\/146-stueck-kabelmanagement-kit-inklusive-4-kabelhuelsen-mit-reissverschluss-30-selbstklebende-kabelbinder-102-rollen-selbstklebende-baender-100-befestigungsbinder-geeignet-fuer-zuhause-buero\/#primaryimage","url":"https:\/\/m.media-amazon.com\/images\/I\/517yf3-i0yS._SL500_.jpg","contentUrl":"https:\/\/m.media-amazon.com\/images\/I\/517yf3-i0yS._SL500_.jpg","width":500,"height":500},{"@type":"BreadcrumbList","@id":"https:\/\/marktxxl.de\/markt\/produkt\/146-stueck-kabelmanagement-kit-inklusive-4-kabelhuelsen-mit-reissverschluss-30-selbstklebende-kabelbinder-102-rollen-selbstklebende-baender-100-befestigungsbinder-geeignet-fuer-zuhause-buero\/#breadcrumb","itemListElement":[{"@type":"ListItem","position":1,"name":"Startseite","item":"https:\/\/marktxxl.de\/markt\/"},{"@type":"ListItem","position":2,"name":"Markt","item":"https:\/\/marktxxl.de\/markt\/"},{"@type":"ListItem","position":3,"name":"146 St\u00fcck Kabelmanagement Kit, inklusive 4 Kabelh\u00fclsen mit Rei\u00dfverschluss, 30 selbstklebende Kabelbinder, 10+2 Rollen\u2026"}]},{"@type":"WebSite","@id":"https:\/\/marktxxl.de\/markt\/#website","url":"https:\/\/marktxxl.de\/markt\/","name":"Markt-XXL","description":"Ihr Markt Online","publisher":{"@id":"https:\/\/marktxxl.de\/markt\/#organization"},"potentialAction":[{"@type":"SearchAction","target":{"@type":"EntryPoint","urlTemplate":"https:\/\/marktxxl.de\/markt\/?s={search_term_string}"},"query-input":{"@type":"PropertyValueSpecification","valueRequired":true,"valueName":"search_term_string"}}],"inLanguage":"de"},{"@type":"Organization","@id":"https:\/\/marktxxl.de\/markt\/#organization","name":"Markt-XXL","url":"https:\/\/marktxxl.de\/markt\/","logo":{"@type":"ImageObject","inLanguage":"de","@id":"https:\/\/marktxxl.de\/markt\/#\/schema\/logo\/image\/","url":"https:\/\/marktxxl.de\/markt\/wp-content\/uploads\/sites\/3\/2020\/12\/logo.png","contentUrl":"https:\/\/marktxxl.de\/markt\/wp-content\/uploads\/sites\/3\/2020\/12\/logo.png","width":200,"height":70,"caption":"Markt-XXL"},"image":{"@id":"https:\/\/marktxxl.de\/markt\/#\/schema\/logo\/image\/"}}]}},"_links":{"self":[{"href":"https:\/\/marktxxl.de\/markt\/wp-json\/wp\/v2\/product\/84696","targetHints":{"allow":["GET"]}}],"collection":[{"href":"https:\/\/marktxxl.de\/markt\/wp-json\/wp\/v2\/product"}],"about":[{"href":"https:\/\/marktxxl.de\/markt\/wp-json\/wp\/v2\/types\/product"}],"replies":[{"embeddable":true,"href":"https:\/\/marktxxl.de\/markt\/wp-json\/wp\/v2\/comments?post=84696"}],"wp:featuredmedia":[{"embeddable":true,"href":"https:\/\/marktxxl.de\/markt\/wp-json\/wp\/v2\/media\/84697"}],"wp:attachment":[{"href":"https:\/\/marktxxl.de\/markt\/wp-json\/wp\/v2\/media?parent=84696"}],"wp:term":[{"taxonomy":"product_brand","embeddable":true,"href":"https:\/\/marktxxl.de\/markt\/wp-json\/wp\/v2\/product_brand?post=84696"},{"taxonomy":"product_cat","embeddable":true,"href":"https:\/\/marktxxl.de\/markt\/wp-json\/wp\/v2\/product_cat?post=84696"},{"taxonomy":"product_tag","embeddable":true,"href":"https:\/\/marktxxl.de\/markt\/wp-json\/wp\/v2\/product_tag?post=84696"}],"curies":[{"name":"wp","href":"https:\/\/api.w.org\/{rel}","templated":true}]}}