{"id":84560,"date":"2021-12-28T13:42:50","date_gmt":"2021-12-28T12:42:50","guid":{"rendered":"https:\/\/marktxxl.de\/markt\/produkt\/victorinox-taschenmesser-huntsman-15-funktionen-grosse-klinge-schere-holzsaege-schraubendreher\/"},"modified":"2023-04-11T03:02:32","modified_gmt":"2023-04-11T01:02:32","slug":"victorinox-taschenmesser-huntsman-15-funktionen-grosse-klinge-schere-holzsaege-schraubendreher","status":"publish","type":"product","link":"https:\/\/marktxxl.de\/markt\/produkt\/victorinox-taschenmesser-huntsman-15-funktionen-grosse-klinge-schere-holzsaege-schraubendreher\/","title":{"rendered":"Victorinox Taschenmesser Huntsman (15 Funktionen, Gro\u00dfe Klinge, Schere, Holzs\u00e4ge, Schraubendreher)"},"content":{"rendered":"<p>Ideal zum Klettern, Wandern und Campen. Hauptmerkmale: Schere, Holzs\u00e4ge<br \/>\nTaschenmesser 15 Funktionen, hergestellt in der Schweiz: Klinge gross; Klinge klein; Dosen\u00f6ffner; Schraubendreher 3\/6 mm; Kapselheber; Drahtabisolierer; Ahle; Korkenzieher; Schere; Holzs\u00e4ge; Mehrzweckhaken; Zahnstocher; Pinzette; Schl\u00fcsselanh\u00e4nger<br \/>\nAbmessungen: H\u00f6he 21 mm, L\u00e4nge 91 mm, Gewicht 97 g. Schalenmaterial: ABS \/ Cellidor. Artikelnummer: 1.3713. Artikelname: Huntsman<br \/>\n<div class=\"main-cross-sell\" data-asin=\"B07H8KXZVX\">\n\n\t<div class=\"WooZone-cross-sell-loader\">\n\t\t<div>\n\t\t\t<div id=\"floatingBarsG\">\n\t\t\t\t<div class=\"blockG\" id=\"rotateG_01\"><\/div>\n\t\t\t\t<div class=\"blockG\" id=\"rotateG_02\"><\/div>\n\t\t\t\t<div class=\"blockG\" id=\"rotateG_03\"><\/div>\n\t\t\t\t<div class=\"blockG\" id=\"rotateG_04\"><\/div>\n\t\t\t\t<div class=\"blockG\" id=\"rotateG_05\"><\/div>\n\t\t\t\t<div class=\"blockG\" id=\"rotateG_06\"><\/div>\n\t\t\t\t<div class=\"blockG\" id=\"rotateG_07\"><\/div>\n\t\t\t\t<div class=\"blockG\" id=\"rotateG_08\"><\/div>\n\t\t\t<\/div>\n\t\t\t<div class=\"WooZone-cross-sell-loader-text\"><\/div>\n\t\t<\/div>\n\t<\/div>\n\n\t\t\n<\/div>\n<div style=\"clear:both;\"><\/div><\/p>\n","protected":false},"excerpt":{"rendered":"<p>Ideal zum Klettern, Wandern und Campen. Hauptmerkmale: Schere, Holzs\u00e4ge<br \/>\nTaschenmesser 15 Funktionen, hergestellt in der Schweiz: Klinge gross; Klinge klein; Dosen\u00f6ffner; Schraubendreher 3\/6 mm; Kapselheber; Drahtabisolierer; Ahle; Korkenzieher; Schere; Holzs\u00e4ge; Mehrzweckhaken; Zahnstocher; Pinzette; Schl\u00fcsselanh\u00e4nger<br \/>\nAbmessungen: H\u00f6he 21 mm, L\u00e4nge 91 mm, Gewicht 97 g. Schalenmaterial: ABS \/ Cellidor. Artikelnummer: 1.3713. Artikelname: Huntsman<\/p>\n","protected":false},"featured_media":84562,"comment_status":"open","ping_status":"closed","template":"","meta":[],"product_brand":[],"product_cat":[1983,10970],"product_tag":[],"class_list":{"0":"post-84560","1":"product","2":"type-product","3":"status-publish","4":"has-post-thumbnail","6":"product_cat-baumarkt","7":"product_cat-elektro-handwerkzeuge","8":"pa_binding-ausruestung","9":"pa_brand-victorinox","10":"pa_farbe-transparent-silber","11":"pa_groesse-einheitsgroesse","12":"pa_manufacturer-victorinox","14":"first","15":"instock","16":"shipping-taxable","17":"purchasable","18":"product-type-variable","19":"customify-col","20":"product-has-gallery"},"yoast_head":"<!-- This site is optimized with the Yoast SEO plugin v27.4 - https:\/\/yoast.com\/product\/yoast-seo-wordpress\/ -->\n<title>Victorinox Taschenmesser Huntsman (15 Funktionen, Gro\u00dfe Klinge, Schere, Holzs\u00e4ge, Schraubendreher) - Markt-XXL<\/title>\n<meta name=\"description\" content=\"Markt-XXL Victorinox Taschenmesser Huntsman (15 Funktionen, Gro\u00dfe Klinge, Schere, Holzs\u00e4ge, Schraubendreher)\" \/>\n<meta name=\"robots\" content=\"index, follow, max-snippet:-1, max-image-preview:large, max-video-preview:-1\" \/>\n<link rel=\"canonical\" href=\"https:\/\/marktxxl.de\/markt\/produkt\/victorinox-taschenmesser-huntsman-15-funktionen-grosse-klinge-schere-holzsaege-schraubendreher\/\" \/>\n<meta property=\"og:locale\" content=\"de_DE\" \/>\n<meta property=\"og:type\" content=\"article\" \/>\n<meta property=\"og:title\" content=\"Victorinox Taschenmesser Huntsman (15 Funktionen, Gro\u00dfe Klinge, Schere, Holzs\u00e4ge, Schraubendreher) - Markt-XXL\" \/>\n<meta property=\"og:description\" content=\"Markt-XXL Victorinox Taschenmesser Huntsman (15 Funktionen, Gro\u00dfe Klinge, Schere, Holzs\u00e4ge, Schraubendreher)\" \/>\n<meta property=\"og:url\" content=\"https:\/\/marktxxl.de\/markt\/produkt\/victorinox-taschenmesser-huntsman-15-funktionen-grosse-klinge-schere-holzsaege-schraubendreher\/\" \/>\n<meta property=\"og:site_name\" content=\"Markt-XXL\" \/>\n<meta property=\"article:modified_time\" content=\"2023-04-11T01:02:32+00:00\" \/>\n<meta property=\"og:image\" content=\"https:\/\/m.media-amazon.com\/images\/I\/41zcFokXsRL._SL500_.jpg\" \/>\n\t<meta property=\"og:image:width\" content=\"500\" \/>\n\t<meta property=\"og:image:height\" content=\"492\" \/>\n\t<meta property=\"og:image:type\" content=\"image\/jpeg\" \/>\n<meta name=\"twitter:card\" content=\"summary_large_image\" \/>\n<script type=\"application\/ld+json\" class=\"yoast-schema-graph\">{\"@context\":\"https:\\\/\\\/schema.org\",\"@graph\":[{\"@type\":\"WebPage\",\"@id\":\"https:\\\/\\\/marktxxl.de\\\/markt\\\/produkt\\\/victorinox-taschenmesser-huntsman-15-funktionen-grosse-klinge-schere-holzsaege-schraubendreher\\\/\",\"url\":\"https:\\\/\\\/marktxxl.de\\\/markt\\\/produkt\\\/victorinox-taschenmesser-huntsman-15-funktionen-grosse-klinge-schere-holzsaege-schraubendreher\\\/\",\"name\":\"Victorinox Taschenmesser Huntsman (15 Funktionen, Gro\u00dfe Klinge, Schere, Holzs\u00e4ge, Schraubendreher) - Markt-XXL\",\"isPartOf\":{\"@id\":\"https:\\\/\\\/marktxxl.de\\\/markt\\\/#website\"},\"primaryImageOfPage\":{\"@id\":\"https:\\\/\\\/marktxxl.de\\\/markt\\\/produkt\\\/victorinox-taschenmesser-huntsman-15-funktionen-grosse-klinge-schere-holzsaege-schraubendreher\\\/#primaryimage\"},\"image\":{\"@id\":\"https:\\\/\\\/marktxxl.de\\\/markt\\\/produkt\\\/victorinox-taschenmesser-huntsman-15-funktionen-grosse-klinge-schere-holzsaege-schraubendreher\\\/#primaryimage\"},\"thumbnailUrl\":\"https:\\\/\\\/m.media-amazon.com\\\/images\\\/I\\\/41zcFokXsRL._SL500_.jpg\",\"datePublished\":\"2021-12-28T12:42:50+00:00\",\"dateModified\":\"2023-04-11T01:02:32+00:00\",\"description\":\"Markt-XXL Victorinox Taschenmesser Huntsman (15 Funktionen, Gro\u00dfe Klinge, Schere, Holzs\u00e4ge, Schraubendreher)\",\"breadcrumb\":{\"@id\":\"https:\\\/\\\/marktxxl.de\\\/markt\\\/produkt\\\/victorinox-taschenmesser-huntsman-15-funktionen-grosse-klinge-schere-holzsaege-schraubendreher\\\/#breadcrumb\"},\"inLanguage\":\"de\",\"potentialAction\":[{\"@type\":\"ReadAction\",\"target\":[\"https:\\\/\\\/marktxxl.de\\\/markt\\\/produkt\\\/victorinox-taschenmesser-huntsman-15-funktionen-grosse-klinge-schere-holzsaege-schraubendreher\\\/\"]}]},{\"@type\":\"ImageObject\",\"inLanguage\":\"de\",\"@id\":\"https:\\\/\\\/marktxxl.de\\\/markt\\\/produkt\\\/victorinox-taschenmesser-huntsman-15-funktionen-grosse-klinge-schere-holzsaege-schraubendreher\\\/#primaryimage\",\"url\":\"https:\\\/\\\/m.media-amazon.com\\\/images\\\/I\\\/41zcFokXsRL._SL500_.jpg\",\"contentUrl\":\"https:\\\/\\\/m.media-amazon.com\\\/images\\\/I\\\/41zcFokXsRL._SL500_.jpg\",\"width\":500,\"height\":492},{\"@type\":\"BreadcrumbList\",\"@id\":\"https:\\\/\\\/marktxxl.de\\\/markt\\\/produkt\\\/victorinox-taschenmesser-huntsman-15-funktionen-grosse-klinge-schere-holzsaege-schraubendreher\\\/#breadcrumb\",\"itemListElement\":[{\"@type\":\"ListItem\",\"position\":1,\"name\":\"Startseite\",\"item\":\"https:\\\/\\\/marktxxl.de\\\/markt\\\/\"},{\"@type\":\"ListItem\",\"position\":2,\"name\":\"Markt\",\"item\":\"https:\\\/\\\/marktxxl.de\\\/markt\\\/\"},{\"@type\":\"ListItem\",\"position\":3,\"name\":\"Victorinox Taschenmesser Huntsman (15 Funktionen, Gro\u00dfe Klinge, Schere, Holzs\u00e4ge, Schraubendreher)\"}]},{\"@type\":\"WebSite\",\"@id\":\"https:\\\/\\\/marktxxl.de\\\/markt\\\/#website\",\"url\":\"https:\\\/\\\/marktxxl.de\\\/markt\\\/\",\"name\":\"Markt-XXL\",\"description\":\"Ihr Markt Online\",\"publisher\":{\"@id\":\"https:\\\/\\\/marktxxl.de\\\/markt\\\/#organization\"},\"potentialAction\":[{\"@type\":\"SearchAction\",\"target\":{\"@type\":\"EntryPoint\",\"urlTemplate\":\"https:\\\/\\\/marktxxl.de\\\/markt\\\/?s={search_term_string}\"},\"query-input\":{\"@type\":\"PropertyValueSpecification\",\"valueRequired\":true,\"valueName\":\"search_term_string\"}}],\"inLanguage\":\"de\"},{\"@type\":\"Organization\",\"@id\":\"https:\\\/\\\/marktxxl.de\\\/markt\\\/#organization\",\"name\":\"Markt-XXL\",\"url\":\"https:\\\/\\\/marktxxl.de\\\/markt\\\/\",\"logo\":{\"@type\":\"ImageObject\",\"inLanguage\":\"de\",\"@id\":\"https:\\\/\\\/marktxxl.de\\\/markt\\\/#\\\/schema\\\/logo\\\/image\\\/\",\"url\":\"https:\\\/\\\/marktxxl.de\\\/markt\\\/wp-content\\\/uploads\\\/sites\\\/3\\\/2020\\\/12\\\/logo.png\",\"contentUrl\":\"https:\\\/\\\/marktxxl.de\\\/markt\\\/wp-content\\\/uploads\\\/sites\\\/3\\\/2020\\\/12\\\/logo.png\",\"width\":200,\"height\":70,\"caption\":\"Markt-XXL\"},\"image\":{\"@id\":\"https:\\\/\\\/marktxxl.de\\\/markt\\\/#\\\/schema\\\/logo\\\/image\\\/\"}}]}<\/script>\n<!-- \/ Yoast SEO plugin. -->","yoast_head_json":{"title":"Victorinox Taschenmesser Huntsman (15 Funktionen, Gro\u00dfe Klinge, Schere, Holzs\u00e4ge, Schraubendreher) - Markt-XXL","description":"Markt-XXL Victorinox Taschenmesser Huntsman (15 Funktionen, Gro\u00dfe Klinge, Schere, Holzs\u00e4ge, Schraubendreher)","robots":{"index":"index","follow":"follow","max-snippet":"max-snippet:-1","max-image-preview":"max-image-preview:large","max-video-preview":"max-video-preview:-1"},"canonical":"https:\/\/marktxxl.de\/markt\/produkt\/victorinox-taschenmesser-huntsman-15-funktionen-grosse-klinge-schere-holzsaege-schraubendreher\/","og_locale":"de_DE","og_type":"article","og_title":"Victorinox Taschenmesser Huntsman (15 Funktionen, Gro\u00dfe Klinge, Schere, Holzs\u00e4ge, Schraubendreher) - Markt-XXL","og_description":"Markt-XXL Victorinox Taschenmesser Huntsman (15 Funktionen, Gro\u00dfe Klinge, Schere, Holzs\u00e4ge, Schraubendreher)","og_url":"https:\/\/marktxxl.de\/markt\/produkt\/victorinox-taschenmesser-huntsman-15-funktionen-grosse-klinge-schere-holzsaege-schraubendreher\/","og_site_name":"Markt-XXL","article_modified_time":"2023-04-11T01:02:32+00:00","og_image":[{"width":500,"height":492,"url":"https:\/\/m.media-amazon.com\/images\/I\/41zcFokXsRL._SL500_.jpg","type":"image\/jpeg"}],"twitter_card":"summary_large_image","schema":{"@context":"https:\/\/schema.org","@graph":[{"@type":"WebPage","@id":"https:\/\/marktxxl.de\/markt\/produkt\/victorinox-taschenmesser-huntsman-15-funktionen-grosse-klinge-schere-holzsaege-schraubendreher\/","url":"https:\/\/marktxxl.de\/markt\/produkt\/victorinox-taschenmesser-huntsman-15-funktionen-grosse-klinge-schere-holzsaege-schraubendreher\/","name":"Victorinox Taschenmesser Huntsman (15 Funktionen, Gro\u00dfe Klinge, Schere, Holzs\u00e4ge, Schraubendreher) - Markt-XXL","isPartOf":{"@id":"https:\/\/marktxxl.de\/markt\/#website"},"primaryImageOfPage":{"@id":"https:\/\/marktxxl.de\/markt\/produkt\/victorinox-taschenmesser-huntsman-15-funktionen-grosse-klinge-schere-holzsaege-schraubendreher\/#primaryimage"},"image":{"@id":"https:\/\/marktxxl.de\/markt\/produkt\/victorinox-taschenmesser-huntsman-15-funktionen-grosse-klinge-schere-holzsaege-schraubendreher\/#primaryimage"},"thumbnailUrl":"https:\/\/m.media-amazon.com\/images\/I\/41zcFokXsRL._SL500_.jpg","datePublished":"2021-12-28T12:42:50+00:00","dateModified":"2023-04-11T01:02:32+00:00","description":"Markt-XXL Victorinox Taschenmesser Huntsman (15 Funktionen, Gro\u00dfe Klinge, Schere, Holzs\u00e4ge, Schraubendreher)","breadcrumb":{"@id":"https:\/\/marktxxl.de\/markt\/produkt\/victorinox-taschenmesser-huntsman-15-funktionen-grosse-klinge-schere-holzsaege-schraubendreher\/#breadcrumb"},"inLanguage":"de","potentialAction":[{"@type":"ReadAction","target":["https:\/\/marktxxl.de\/markt\/produkt\/victorinox-taschenmesser-huntsman-15-funktionen-grosse-klinge-schere-holzsaege-schraubendreher\/"]}]},{"@type":"ImageObject","inLanguage":"de","@id":"https:\/\/marktxxl.de\/markt\/produkt\/victorinox-taschenmesser-huntsman-15-funktionen-grosse-klinge-schere-holzsaege-schraubendreher\/#primaryimage","url":"https:\/\/m.media-amazon.com\/images\/I\/41zcFokXsRL._SL500_.jpg","contentUrl":"https:\/\/m.media-amazon.com\/images\/I\/41zcFokXsRL._SL500_.jpg","width":500,"height":492},{"@type":"BreadcrumbList","@id":"https:\/\/marktxxl.de\/markt\/produkt\/victorinox-taschenmesser-huntsman-15-funktionen-grosse-klinge-schere-holzsaege-schraubendreher\/#breadcrumb","itemListElement":[{"@type":"ListItem","position":1,"name":"Startseite","item":"https:\/\/marktxxl.de\/markt\/"},{"@type":"ListItem","position":2,"name":"Markt","item":"https:\/\/marktxxl.de\/markt\/"},{"@type":"ListItem","position":3,"name":"Victorinox Taschenmesser Huntsman (15 Funktionen, Gro\u00dfe Klinge, Schere, Holzs\u00e4ge, Schraubendreher)"}]},{"@type":"WebSite","@id":"https:\/\/marktxxl.de\/markt\/#website","url":"https:\/\/marktxxl.de\/markt\/","name":"Markt-XXL","description":"Ihr Markt Online","publisher":{"@id":"https:\/\/marktxxl.de\/markt\/#organization"},"potentialAction":[{"@type":"SearchAction","target":{"@type":"EntryPoint","urlTemplate":"https:\/\/marktxxl.de\/markt\/?s={search_term_string}"},"query-input":{"@type":"PropertyValueSpecification","valueRequired":true,"valueName":"search_term_string"}}],"inLanguage":"de"},{"@type":"Organization","@id":"https:\/\/marktxxl.de\/markt\/#organization","name":"Markt-XXL","url":"https:\/\/marktxxl.de\/markt\/","logo":{"@type":"ImageObject","inLanguage":"de","@id":"https:\/\/marktxxl.de\/markt\/#\/schema\/logo\/image\/","url":"https:\/\/marktxxl.de\/markt\/wp-content\/uploads\/sites\/3\/2020\/12\/logo.png","contentUrl":"https:\/\/marktxxl.de\/markt\/wp-content\/uploads\/sites\/3\/2020\/12\/logo.png","width":200,"height":70,"caption":"Markt-XXL"},"image":{"@id":"https:\/\/marktxxl.de\/markt\/#\/schema\/logo\/image\/"}}]}},"_links":{"self":[{"href":"https:\/\/marktxxl.de\/markt\/wp-json\/wp\/v2\/product\/84560","targetHints":{"allow":["GET"]}}],"collection":[{"href":"https:\/\/marktxxl.de\/markt\/wp-json\/wp\/v2\/product"}],"about":[{"href":"https:\/\/marktxxl.de\/markt\/wp-json\/wp\/v2\/types\/product"}],"replies":[{"embeddable":true,"href":"https:\/\/marktxxl.de\/markt\/wp-json\/wp\/v2\/comments?post=84560"}],"wp:featuredmedia":[{"embeddable":true,"href":"https:\/\/marktxxl.de\/markt\/wp-json\/wp\/v2\/media\/84562"}],"wp:attachment":[{"href":"https:\/\/marktxxl.de\/markt\/wp-json\/wp\/v2\/media?parent=84560"}],"wp:term":[{"taxonomy":"product_brand","embeddable":true,"href":"https:\/\/marktxxl.de\/markt\/wp-json\/wp\/v2\/product_brand?post=84560"},{"taxonomy":"product_cat","embeddable":true,"href":"https:\/\/marktxxl.de\/markt\/wp-json\/wp\/v2\/product_cat?post=84560"},{"taxonomy":"product_tag","embeddable":true,"href":"https:\/\/marktxxl.de\/markt\/wp-json\/wp\/v2\/product_tag?post=84560"}],"curies":[{"name":"wp","href":"https:\/\/api.w.org\/{rel}","templated":true}]}}