{"id":84300,"date":"2021-12-28T13:36:30","date_gmt":"2021-12-28T12:36:30","guid":{"rendered":"https:\/\/marktxxl.de\/markt\/produkt\/ponal-pn18s-holzleim-wasserfest\/"},"modified":"2023-04-06T02:15:34","modified_gmt":"2023-04-06T00:15:34","slug":"ponal-pn18s-holzleim-wasserfest","status":"publish","type":"product","link":"https:\/\/marktxxl.de\/markt\/produkt\/ponal-pn18s-holzleim-wasserfest\/","title":{"rendered":"Ponal Holzleim Wasserfest (60 g | 3er Pack)"},"content":{"rendered":"<p>Starker Halt \u2013 Dank der hohen Verleimungsfestigkeit ist der Kraftkleber ideal zum Verleimen von Holz im M\u00f6belbau oder zur Verlegung von Fertigparkett etc. einsetzbar.<br \/>\nWasserfester Leim \u2013 Der Holzkleber ist wasserfest und deshalb f\u00fcr jede Art von (Montage-) Verleimungen in Feuchtr\u00e4umen, wie z.B. K\u00fcche oder Bad, geeignet.<br \/>\nVielseitiger Einsatz \u2013 Der Wei\u00dfleim verklebt bei der Montage zuverl\u00e4ssig gr\u00f6\u00dfere Fl\u00e4chen, Fugen von Fenstern und T\u00fcren sowie z.B. D\u00fcbel, Nut und Feder, Schlitz und Zapfen.<br \/>\nEinfache Anwendung \u2013 Der Baukleber kann direkt auf die zu verleimende Fl\u00e4che aufgetragen werden und trocknet farblos aus. Frischer Leim l\u00e4sst sich mit Wasser entfernen.<br \/>\nPraktischer Lieferumfang \u2013 Ponal Holzleim Wasserfest, Klebstoff f\u00fcr die wasserfeste Montage in der Innenanwendung, f\u00fcr Feuchtr\u00e4ume, wasserfest, l\u00f6semittelfrei, wei\u00df (transparent trocknend), 1x550g<br \/>\n<div class=\"main-cross-sell\" data-asin=\"B095J35P3S\">\n\n\t<div class=\"WooZone-cross-sell-loader\">\n\t\t<div>\n\t\t\t<div id=\"floatingBarsG\">\n\t\t\t\t<div class=\"blockG\" id=\"rotateG_01\"><\/div>\n\t\t\t\t<div class=\"blockG\" id=\"rotateG_02\"><\/div>\n\t\t\t\t<div class=\"blockG\" id=\"rotateG_03\"><\/div>\n\t\t\t\t<div class=\"blockG\" id=\"rotateG_04\"><\/div>\n\t\t\t\t<div class=\"blockG\" id=\"rotateG_05\"><\/div>\n\t\t\t\t<div class=\"blockG\" id=\"rotateG_06\"><\/div>\n\t\t\t\t<div class=\"blockG\" id=\"rotateG_07\"><\/div>\n\t\t\t\t<div class=\"blockG\" id=\"rotateG_08\"><\/div>\n\t\t\t<\/div>\n\t\t\t<div class=\"WooZone-cross-sell-loader-text\"><\/div>\n\t\t<\/div>\n\t<\/div>\n\n\t\t\n<\/div>\n<div style=\"clear:both;\"><\/div><\/p>\n","protected":false},"excerpt":{"rendered":"<p>Starker Halt \u2013 Dank der hohen Verleimungsfestigkeit ist der Kraftkleber ideal zum Verleimen von Holz im M\u00f6belbau oder zur Verlegung von Fertigparkett etc. einsetzbar.<br \/>\nWasserfester Leim \u2013 Der Holzkleber ist wasserfest und deshalb f\u00fcr jede Art von (Montage-) Verleimungen in Feuchtr\u00e4umen, wie z.B. K\u00fcche oder Bad, geeignet.<br \/>\nVielseitiger Einsatz \u2013 Der Wei\u00dfleim verklebt bei der Montage zuverl\u00e4ssig gr\u00f6\u00dfere Fl\u00e4chen, Fugen von Fenstern und T\u00fcren sowie z.B. D\u00fcbel, Nut und Feder, Schlitz und Zapfen.<\/p>\n","protected":false},"featured_media":84311,"comment_status":"open","ping_status":"closed","template":"","meta":[],"product_brand":[],"product_cat":[1983,10865],"product_tag":[],"class_list":{"0":"post-84300","1":"product","2":"type-product","3":"status-publish","4":"has-post-thumbnail","6":"product_cat-baumarkt","7":"product_cat-eisenwaren","8":"pa_binding-buerobedarf-schreibwaren","9":"pa_brand-ponal","10":"pa_groesse-120-g","11":"pa_groesse-225-g","12":"pa_groesse-550-g","13":"pa_groesse-60-g","14":"pa_manufacturer-ponal","15":"pa_pattern-name-holzleim","16":"pa_pattern-name-holzleim-plus-bleistift","17":"pa_stil-1-stueck","18":"pa_stil-3-stueck","20":"first","21":"instock","22":"shipping-taxable","23":"purchasable","24":"product-type-variable","25":"customify-col","26":"product-has-gallery"},"yoast_head":"<!-- This site is optimized with the Yoast SEO plugin v27.4 - https:\/\/yoast.com\/product\/yoast-seo-wordpress\/ -->\n<title>Ponal Holzleim Wasserfest (60 g | 3er Pack) - Markt-XXL<\/title>\n<meta name=\"description\" content=\"Markt-XXL Ponal Holzleim Wasserfest (60 g | 3er Pack)\" \/>\n<meta name=\"robots\" content=\"index, follow, max-snippet:-1, max-image-preview:large, max-video-preview:-1\" \/>\n<link rel=\"canonical\" href=\"https:\/\/marktxxl.de\/markt\/produkt\/ponal-pn18s-holzleim-wasserfest\/\" \/>\n<meta property=\"og:locale\" content=\"de_DE\" \/>\n<meta property=\"og:type\" content=\"article\" \/>\n<meta property=\"og:title\" content=\"Ponal Holzleim Wasserfest (60 g | 3er Pack) - Markt-XXL\" \/>\n<meta property=\"og:description\" content=\"Markt-XXL Ponal Holzleim Wasserfest (60 g | 3er Pack)\" \/>\n<meta property=\"og:url\" content=\"https:\/\/marktxxl.de\/markt\/produkt\/ponal-pn18s-holzleim-wasserfest\/\" \/>\n<meta property=\"og:site_name\" content=\"Markt-XXL\" \/>\n<meta property=\"article:modified_time\" content=\"2023-04-06T00:15:34+00:00\" \/>\n<meta property=\"og:image\" content=\"https:\/\/m.media-amazon.com\/images\/I\/41M1ISOF4ML._SL500_.jpg\" \/>\n\t<meta property=\"og:image:width\" content=\"300\" \/>\n\t<meta property=\"og:image:height\" content=\"500\" \/>\n\t<meta property=\"og:image:type\" content=\"image\/jpeg\" \/>\n<meta name=\"twitter:card\" content=\"summary_large_image\" \/>\n<meta name=\"twitter:label1\" content=\"Gesch\u00e4tzte Lesezeit\" \/>\n\t<meta name=\"twitter:data1\" content=\"1\u00a0Minute\" \/>\n<script type=\"application\/ld+json\" class=\"yoast-schema-graph\">{\"@context\":\"https:\\\/\\\/schema.org\",\"@graph\":[{\"@type\":\"WebPage\",\"@id\":\"https:\\\/\\\/marktxxl.de\\\/markt\\\/produkt\\\/ponal-pn18s-holzleim-wasserfest\\\/\",\"url\":\"https:\\\/\\\/marktxxl.de\\\/markt\\\/produkt\\\/ponal-pn18s-holzleim-wasserfest\\\/\",\"name\":\"Ponal Holzleim Wasserfest (60 g | 3er Pack) - Markt-XXL\",\"isPartOf\":{\"@id\":\"https:\\\/\\\/marktxxl.de\\\/markt\\\/#website\"},\"primaryImageOfPage\":{\"@id\":\"https:\\\/\\\/marktxxl.de\\\/markt\\\/produkt\\\/ponal-pn18s-holzleim-wasserfest\\\/#primaryimage\"},\"image\":{\"@id\":\"https:\\\/\\\/marktxxl.de\\\/markt\\\/produkt\\\/ponal-pn18s-holzleim-wasserfest\\\/#primaryimage\"},\"thumbnailUrl\":\"https:\\\/\\\/m.media-amazon.com\\\/images\\\/I\\\/41M1ISOF4ML._SL500_.jpg\",\"datePublished\":\"2021-12-28T12:36:30+00:00\",\"dateModified\":\"2023-04-06T00:15:34+00:00\",\"description\":\"Markt-XXL Ponal Holzleim Wasserfest (60 g | 3er Pack)\",\"breadcrumb\":{\"@id\":\"https:\\\/\\\/marktxxl.de\\\/markt\\\/produkt\\\/ponal-pn18s-holzleim-wasserfest\\\/#breadcrumb\"},\"inLanguage\":\"de\",\"potentialAction\":[{\"@type\":\"ReadAction\",\"target\":[\"https:\\\/\\\/marktxxl.de\\\/markt\\\/produkt\\\/ponal-pn18s-holzleim-wasserfest\\\/\"]}]},{\"@type\":\"ImageObject\",\"inLanguage\":\"de\",\"@id\":\"https:\\\/\\\/marktxxl.de\\\/markt\\\/produkt\\\/ponal-pn18s-holzleim-wasserfest\\\/#primaryimage\",\"url\":\"https:\\\/\\\/m.media-amazon.com\\\/images\\\/I\\\/41M1ISOF4ML._SL500_.jpg\",\"contentUrl\":\"https:\\\/\\\/m.media-amazon.com\\\/images\\\/I\\\/41M1ISOF4ML._SL500_.jpg\",\"width\":300,\"height\":500},{\"@type\":\"BreadcrumbList\",\"@id\":\"https:\\\/\\\/marktxxl.de\\\/markt\\\/produkt\\\/ponal-pn18s-holzleim-wasserfest\\\/#breadcrumb\",\"itemListElement\":[{\"@type\":\"ListItem\",\"position\":1,\"name\":\"Startseite\",\"item\":\"https:\\\/\\\/marktxxl.de\\\/markt\\\/\"},{\"@type\":\"ListItem\",\"position\":2,\"name\":\"Markt\",\"item\":\"https:\\\/\\\/marktxxl.de\\\/markt\\\/\"},{\"@type\":\"ListItem\",\"position\":3,\"name\":\"Ponal Holzleim Wasserfest (60 g | 3er Pack)\"}]},{\"@type\":\"WebSite\",\"@id\":\"https:\\\/\\\/marktxxl.de\\\/markt\\\/#website\",\"url\":\"https:\\\/\\\/marktxxl.de\\\/markt\\\/\",\"name\":\"Markt-XXL\",\"description\":\"Ihr Markt Online\",\"publisher\":{\"@id\":\"https:\\\/\\\/marktxxl.de\\\/markt\\\/#organization\"},\"potentialAction\":[{\"@type\":\"SearchAction\",\"target\":{\"@type\":\"EntryPoint\",\"urlTemplate\":\"https:\\\/\\\/marktxxl.de\\\/markt\\\/?s={search_term_string}\"},\"query-input\":{\"@type\":\"PropertyValueSpecification\",\"valueRequired\":true,\"valueName\":\"search_term_string\"}}],\"inLanguage\":\"de\"},{\"@type\":\"Organization\",\"@id\":\"https:\\\/\\\/marktxxl.de\\\/markt\\\/#organization\",\"name\":\"Markt-XXL\",\"url\":\"https:\\\/\\\/marktxxl.de\\\/markt\\\/\",\"logo\":{\"@type\":\"ImageObject\",\"inLanguage\":\"de\",\"@id\":\"https:\\\/\\\/marktxxl.de\\\/markt\\\/#\\\/schema\\\/logo\\\/image\\\/\",\"url\":\"https:\\\/\\\/marktxxl.de\\\/markt\\\/wp-content\\\/uploads\\\/sites\\\/3\\\/2020\\\/12\\\/logo.png\",\"contentUrl\":\"https:\\\/\\\/marktxxl.de\\\/markt\\\/wp-content\\\/uploads\\\/sites\\\/3\\\/2020\\\/12\\\/logo.png\",\"width\":200,\"height\":70,\"caption\":\"Markt-XXL\"},\"image\":{\"@id\":\"https:\\\/\\\/marktxxl.de\\\/markt\\\/#\\\/schema\\\/logo\\\/image\\\/\"}}]}<\/script>\n<!-- \/ Yoast SEO plugin. -->","yoast_head_json":{"title":"Ponal Holzleim Wasserfest (60 g | 3er Pack) - Markt-XXL","description":"Markt-XXL Ponal Holzleim Wasserfest (60 g | 3er Pack)","robots":{"index":"index","follow":"follow","max-snippet":"max-snippet:-1","max-image-preview":"max-image-preview:large","max-video-preview":"max-video-preview:-1"},"canonical":"https:\/\/marktxxl.de\/markt\/produkt\/ponal-pn18s-holzleim-wasserfest\/","og_locale":"de_DE","og_type":"article","og_title":"Ponal Holzleim Wasserfest (60 g | 3er Pack) - Markt-XXL","og_description":"Markt-XXL Ponal Holzleim Wasserfest (60 g | 3er Pack)","og_url":"https:\/\/marktxxl.de\/markt\/produkt\/ponal-pn18s-holzleim-wasserfest\/","og_site_name":"Markt-XXL","article_modified_time":"2023-04-06T00:15:34+00:00","og_image":[{"width":300,"height":500,"url":"https:\/\/m.media-amazon.com\/images\/I\/41M1ISOF4ML._SL500_.jpg","type":"image\/jpeg"}],"twitter_card":"summary_large_image","twitter_misc":{"Gesch\u00e4tzte Lesezeit":"1\u00a0Minute"},"schema":{"@context":"https:\/\/schema.org","@graph":[{"@type":"WebPage","@id":"https:\/\/marktxxl.de\/markt\/produkt\/ponal-pn18s-holzleim-wasserfest\/","url":"https:\/\/marktxxl.de\/markt\/produkt\/ponal-pn18s-holzleim-wasserfest\/","name":"Ponal Holzleim Wasserfest (60 g | 3er Pack) - Markt-XXL","isPartOf":{"@id":"https:\/\/marktxxl.de\/markt\/#website"},"primaryImageOfPage":{"@id":"https:\/\/marktxxl.de\/markt\/produkt\/ponal-pn18s-holzleim-wasserfest\/#primaryimage"},"image":{"@id":"https:\/\/marktxxl.de\/markt\/produkt\/ponal-pn18s-holzleim-wasserfest\/#primaryimage"},"thumbnailUrl":"https:\/\/m.media-amazon.com\/images\/I\/41M1ISOF4ML._SL500_.jpg","datePublished":"2021-12-28T12:36:30+00:00","dateModified":"2023-04-06T00:15:34+00:00","description":"Markt-XXL Ponal Holzleim Wasserfest (60 g | 3er Pack)","breadcrumb":{"@id":"https:\/\/marktxxl.de\/markt\/produkt\/ponal-pn18s-holzleim-wasserfest\/#breadcrumb"},"inLanguage":"de","potentialAction":[{"@type":"ReadAction","target":["https:\/\/marktxxl.de\/markt\/produkt\/ponal-pn18s-holzleim-wasserfest\/"]}]},{"@type":"ImageObject","inLanguage":"de","@id":"https:\/\/marktxxl.de\/markt\/produkt\/ponal-pn18s-holzleim-wasserfest\/#primaryimage","url":"https:\/\/m.media-amazon.com\/images\/I\/41M1ISOF4ML._SL500_.jpg","contentUrl":"https:\/\/m.media-amazon.com\/images\/I\/41M1ISOF4ML._SL500_.jpg","width":300,"height":500},{"@type":"BreadcrumbList","@id":"https:\/\/marktxxl.de\/markt\/produkt\/ponal-pn18s-holzleim-wasserfest\/#breadcrumb","itemListElement":[{"@type":"ListItem","position":1,"name":"Startseite","item":"https:\/\/marktxxl.de\/markt\/"},{"@type":"ListItem","position":2,"name":"Markt","item":"https:\/\/marktxxl.de\/markt\/"},{"@type":"ListItem","position":3,"name":"Ponal Holzleim Wasserfest (60 g | 3er Pack)"}]},{"@type":"WebSite","@id":"https:\/\/marktxxl.de\/markt\/#website","url":"https:\/\/marktxxl.de\/markt\/","name":"Markt-XXL","description":"Ihr Markt Online","publisher":{"@id":"https:\/\/marktxxl.de\/markt\/#organization"},"potentialAction":[{"@type":"SearchAction","target":{"@type":"EntryPoint","urlTemplate":"https:\/\/marktxxl.de\/markt\/?s={search_term_string}"},"query-input":{"@type":"PropertyValueSpecification","valueRequired":true,"valueName":"search_term_string"}}],"inLanguage":"de"},{"@type":"Organization","@id":"https:\/\/marktxxl.de\/markt\/#organization","name":"Markt-XXL","url":"https:\/\/marktxxl.de\/markt\/","logo":{"@type":"ImageObject","inLanguage":"de","@id":"https:\/\/marktxxl.de\/markt\/#\/schema\/logo\/image\/","url":"https:\/\/marktxxl.de\/markt\/wp-content\/uploads\/sites\/3\/2020\/12\/logo.png","contentUrl":"https:\/\/marktxxl.de\/markt\/wp-content\/uploads\/sites\/3\/2020\/12\/logo.png","width":200,"height":70,"caption":"Markt-XXL"},"image":{"@id":"https:\/\/marktxxl.de\/markt\/#\/schema\/logo\/image\/"}}]}},"_links":{"self":[{"href":"https:\/\/marktxxl.de\/markt\/wp-json\/wp\/v2\/product\/84300","targetHints":{"allow":["GET"]}}],"collection":[{"href":"https:\/\/marktxxl.de\/markt\/wp-json\/wp\/v2\/product"}],"about":[{"href":"https:\/\/marktxxl.de\/markt\/wp-json\/wp\/v2\/types\/product"}],"replies":[{"embeddable":true,"href":"https:\/\/marktxxl.de\/markt\/wp-json\/wp\/v2\/comments?post=84300"}],"wp:featuredmedia":[{"embeddable":true,"href":"https:\/\/marktxxl.de\/markt\/wp-json\/wp\/v2\/media\/84311"}],"wp:attachment":[{"href":"https:\/\/marktxxl.de\/markt\/wp-json\/wp\/v2\/media?parent=84300"}],"wp:term":[{"taxonomy":"product_brand","embeddable":true,"href":"https:\/\/marktxxl.de\/markt\/wp-json\/wp\/v2\/product_brand?post=84300"},{"taxonomy":"product_cat","embeddable":true,"href":"https:\/\/marktxxl.de\/markt\/wp-json\/wp\/v2\/product_cat?post=84300"},{"taxonomy":"product_tag","embeddable":true,"href":"https:\/\/marktxxl.de\/markt\/wp-json\/wp\/v2\/product_tag?post=84300"}],"curies":[{"name":"wp","href":"https:\/\/api.w.org\/{rel}","templated":true}]}}