{"id":84292,"date":"2021-12-28T13:36:26","date_gmt":"2021-12-28T12:36:26","guid":{"rendered":"https:\/\/marktxxl.de\/markt\/produkt\/ac-infinity-cloudline-s6-leiser-6-zoll-inline-kanalventilator-mit-drehzahlregler-abluftventilator-fuer-heizungskuehlverstaerker-zelte-hydroponik\/"},"modified":"2023-04-06T02:15:34","modified_gmt":"2023-04-06T00:15:34","slug":"ac-infinity-cloudline-s6-leiser-6-zoll-inline-kanalventilator-mit-drehzahlregler-abluftventilator-fuer-heizungskuehlverstaerker-zelte-hydroponik","status":"publish","type":"product","link":"https:\/\/marktxxl.de\/markt\/produkt\/ac-infinity-cloudline-s6-leiser-6-zoll-inline-kanalventilator-mit-drehzahlregler-abluftventilator-fuer-heizungskuehlverstaerker-zelte-hydroponik\/","title":{"rendered":"AC Infinity CLOUDLINE S6, leiser 6-Zoll-Inline-Kanalventilator mit Drehzahlregler &#8211; Abluftventilator f\u00fcr\u2026"},"content":{"rendered":"<p>Entwickelt, um Wachstumszelte leise zu l\u00fcften, Heizung \/ K\u00fchlung in R\u00e4ume zu \u00fcbertragen, Luft zu zirkulieren, Ger\u00fcche abzulassen und AV-Racks zu k\u00fchlen.<br \/>\nVerf\u00fcgt \u00fcber eine manuelle 8-Gang-Steuerung mit PWM. Siehe T-Serie f\u00fcr Temperatur- und Feuchtigkeitsregelung.<br \/>\nMixed-Flow-Design kombiniert mit einem EC-Motor f\u00fcr eine wirklich leise und energieeffiziente Leistung.<br \/>\nDas Kit enth\u00e4lt au\u00dferdem ein schnurgebundenes Netzteil, ein Installationshandbuch und alle erforderlichen Montageteile.<br \/>\nKanalgr\u00f6\u00dfe: 6 \u201d| Abmessungen: 7,9 x 12,6 x 8,4 Zoll | Luftstrom: 402 CFM | Rauschen: 32 dBA | Lager: Doppelkugel<br \/>\n<div class=\"main-cross-sell\" data-asin=\"B07FPFVZTZ\">\n\n\t<div class=\"WooZone-cross-sell-loader\">\n\t\t<div>\n\t\t\t<div id=\"floatingBarsG\">\n\t\t\t\t<div class=\"blockG\" id=\"rotateG_01\"><\/div>\n\t\t\t\t<div class=\"blockG\" id=\"rotateG_02\"><\/div>\n\t\t\t\t<div class=\"blockG\" id=\"rotateG_03\"><\/div>\n\t\t\t\t<div class=\"blockG\" id=\"rotateG_04\"><\/div>\n\t\t\t\t<div class=\"blockG\" id=\"rotateG_05\"><\/div>\n\t\t\t\t<div class=\"blockG\" id=\"rotateG_06\"><\/div>\n\t\t\t\t<div class=\"blockG\" id=\"rotateG_07\"><\/div>\n\t\t\t\t<div class=\"blockG\" id=\"rotateG_08\"><\/div>\n\t\t\t<\/div>\n\t\t\t<div class=\"WooZone-cross-sell-loader-text\"><\/div>\n\t\t<\/div>\n\t<\/div>\n\n\t\t\n<\/div>\n<div style=\"clear:both;\"><\/div><\/p>\n","protected":false},"excerpt":{"rendered":"<p>Entwickelt, um Wachstumszelte leise zu l\u00fcften, Heizung \/ K\u00fchlung in R\u00e4ume zu \u00fcbertragen, Luft zu zirkulieren, Ger\u00fcche abzulassen und AV-Racks zu k\u00fchlen.<br \/>\nVerf\u00fcgt \u00fcber eine manuelle 8-Gang-Steuerung mit PWM. Siehe T-Serie f\u00fcr Temperatur- und Feuchtigkeitsregelung.<br \/>\nMixed-Flow-Design kombiniert mit einem EC-Motor f\u00fcr eine wirklich leise und energieeffiziente Leistung.<\/p>\n","protected":false},"featured_media":84293,"comment_status":"open","ping_status":"closed","template":"","meta":[],"product_brand":[],"product_cat":[1983,10865],"product_tag":[],"class_list":{"0":"post-84292","1":"product","2":"type-product","3":"status-publish","4":"has-post-thumbnail","6":"product_cat-baumarkt","7":"product_cat-eisenwaren","8":"pa_binding-werkzeug","9":"pa_brand-ac-infinity","10":"pa_manufacturer-ac-infinity","11":"pa_model-cloudline-s6","13":"first","14":"instock","15":"shipping-taxable","16":"purchasable","17":"product-type-simple","18":"customify-col","19":"product-has-gallery"},"yoast_head":"<!-- This site is optimized with the Yoast SEO plugin v27.4 - https:\/\/yoast.com\/product\/yoast-seo-wordpress\/ -->\n<title>AC Infinity CLOUDLINE S6, leiser 6-Zoll-Inline-Kanalventilator mit Drehzahlregler - Abluftventilator f\u00fcr\u2026 - Markt-XXL<\/title>\n<meta name=\"description\" content=\"Markt-XXL AC Infinity CLOUDLINE S6, leiser 6-Zoll-Inline-Kanalventilator mit Drehzahlregler - Abluftventilator f\u00fcr\u2026\" \/>\n<meta name=\"robots\" content=\"index, follow, max-snippet:-1, max-image-preview:large, max-video-preview:-1\" \/>\n<link rel=\"canonical\" href=\"https:\/\/marktxxl.de\/markt\/produkt\/ac-infinity-cloudline-s6-leiser-6-zoll-inline-kanalventilator-mit-drehzahlregler-abluftventilator-fuer-heizungskuehlverstaerker-zelte-hydroponik\/\" \/>\n<meta property=\"og:locale\" content=\"de_DE\" \/>\n<meta property=\"og:type\" content=\"article\" \/>\n<meta property=\"og:title\" content=\"AC Infinity CLOUDLINE S6, leiser 6-Zoll-Inline-Kanalventilator mit Drehzahlregler - Abluftventilator f\u00fcr\u2026 - Markt-XXL\" \/>\n<meta property=\"og:description\" content=\"Markt-XXL AC Infinity CLOUDLINE S6, leiser 6-Zoll-Inline-Kanalventilator mit Drehzahlregler - Abluftventilator f\u00fcr\u2026\" \/>\n<meta property=\"og:url\" content=\"https:\/\/marktxxl.de\/markt\/produkt\/ac-infinity-cloudline-s6-leiser-6-zoll-inline-kanalventilator-mit-drehzahlregler-abluftventilator-fuer-heizungskuehlverstaerker-zelte-hydroponik\/\" \/>\n<meta property=\"og:site_name\" content=\"Markt-XXL\" \/>\n<meta property=\"article:modified_time\" content=\"2023-04-06T00:15:34+00:00\" \/>\n<meta property=\"og:image\" content=\"https:\/\/m.media-amazon.com\/images\/I\/31JatvBLqsS._SL500_.jpg\" \/>\n\t<meta property=\"og:image:width\" content=\"500\" \/>\n\t<meta property=\"og:image:height\" content=\"500\" \/>\n\t<meta property=\"og:image:type\" content=\"image\/jpeg\" \/>\n<meta name=\"twitter:card\" content=\"summary_large_image\" \/>\n<script type=\"application\/ld+json\" class=\"yoast-schema-graph\">{\"@context\":\"https:\\\/\\\/schema.org\",\"@graph\":[{\"@type\":\"WebPage\",\"@id\":\"https:\\\/\\\/marktxxl.de\\\/markt\\\/produkt\\\/ac-infinity-cloudline-s6-leiser-6-zoll-inline-kanalventilator-mit-drehzahlregler-abluftventilator-fuer-heizungskuehlverstaerker-zelte-hydroponik\\\/\",\"url\":\"https:\\\/\\\/marktxxl.de\\\/markt\\\/produkt\\\/ac-infinity-cloudline-s6-leiser-6-zoll-inline-kanalventilator-mit-drehzahlregler-abluftventilator-fuer-heizungskuehlverstaerker-zelte-hydroponik\\\/\",\"name\":\"AC Infinity CLOUDLINE S6, leiser 6-Zoll-Inline-Kanalventilator mit Drehzahlregler - Abluftventilator f\u00fcr\u2026 - Markt-XXL\",\"isPartOf\":{\"@id\":\"https:\\\/\\\/marktxxl.de\\\/markt\\\/#website\"},\"primaryImageOfPage\":{\"@id\":\"https:\\\/\\\/marktxxl.de\\\/markt\\\/produkt\\\/ac-infinity-cloudline-s6-leiser-6-zoll-inline-kanalventilator-mit-drehzahlregler-abluftventilator-fuer-heizungskuehlverstaerker-zelte-hydroponik\\\/#primaryimage\"},\"image\":{\"@id\":\"https:\\\/\\\/marktxxl.de\\\/markt\\\/produkt\\\/ac-infinity-cloudline-s6-leiser-6-zoll-inline-kanalventilator-mit-drehzahlregler-abluftventilator-fuer-heizungskuehlverstaerker-zelte-hydroponik\\\/#primaryimage\"},\"thumbnailUrl\":\"https:\\\/\\\/m.media-amazon.com\\\/images\\\/I\\\/31JatvBLqsS._SL500_.jpg\",\"datePublished\":\"2021-12-28T12:36:26+00:00\",\"dateModified\":\"2023-04-06T00:15:34+00:00\",\"description\":\"Markt-XXL AC Infinity CLOUDLINE S6, leiser 6-Zoll-Inline-Kanalventilator mit Drehzahlregler - Abluftventilator f\u00fcr\u2026\",\"breadcrumb\":{\"@id\":\"https:\\\/\\\/marktxxl.de\\\/markt\\\/produkt\\\/ac-infinity-cloudline-s6-leiser-6-zoll-inline-kanalventilator-mit-drehzahlregler-abluftventilator-fuer-heizungskuehlverstaerker-zelte-hydroponik\\\/#breadcrumb\"},\"inLanguage\":\"de\",\"potentialAction\":[{\"@type\":\"ReadAction\",\"target\":[\"https:\\\/\\\/marktxxl.de\\\/markt\\\/produkt\\\/ac-infinity-cloudline-s6-leiser-6-zoll-inline-kanalventilator-mit-drehzahlregler-abluftventilator-fuer-heizungskuehlverstaerker-zelte-hydroponik\\\/\"]}]},{\"@type\":\"ImageObject\",\"inLanguage\":\"de\",\"@id\":\"https:\\\/\\\/marktxxl.de\\\/markt\\\/produkt\\\/ac-infinity-cloudline-s6-leiser-6-zoll-inline-kanalventilator-mit-drehzahlregler-abluftventilator-fuer-heizungskuehlverstaerker-zelte-hydroponik\\\/#primaryimage\",\"url\":\"https:\\\/\\\/m.media-amazon.com\\\/images\\\/I\\\/31JatvBLqsS._SL500_.jpg\",\"contentUrl\":\"https:\\\/\\\/m.media-amazon.com\\\/images\\\/I\\\/31JatvBLqsS._SL500_.jpg\",\"width\":500,\"height\":500},{\"@type\":\"BreadcrumbList\",\"@id\":\"https:\\\/\\\/marktxxl.de\\\/markt\\\/produkt\\\/ac-infinity-cloudline-s6-leiser-6-zoll-inline-kanalventilator-mit-drehzahlregler-abluftventilator-fuer-heizungskuehlverstaerker-zelte-hydroponik\\\/#breadcrumb\",\"itemListElement\":[{\"@type\":\"ListItem\",\"position\":1,\"name\":\"Startseite\",\"item\":\"https:\\\/\\\/marktxxl.de\\\/markt\\\/\"},{\"@type\":\"ListItem\",\"position\":2,\"name\":\"Markt\",\"item\":\"https:\\\/\\\/marktxxl.de\\\/markt\\\/\"},{\"@type\":\"ListItem\",\"position\":3,\"name\":\"AC Infinity CLOUDLINE S6, leiser 6-Zoll-Inline-Kanalventilator mit Drehzahlregler &#8211; Abluftventilator f\u00fcr\u2026\"}]},{\"@type\":\"WebSite\",\"@id\":\"https:\\\/\\\/marktxxl.de\\\/markt\\\/#website\",\"url\":\"https:\\\/\\\/marktxxl.de\\\/markt\\\/\",\"name\":\"Markt-XXL\",\"description\":\"Ihr Markt Online\",\"publisher\":{\"@id\":\"https:\\\/\\\/marktxxl.de\\\/markt\\\/#organization\"},\"potentialAction\":[{\"@type\":\"SearchAction\",\"target\":{\"@type\":\"EntryPoint\",\"urlTemplate\":\"https:\\\/\\\/marktxxl.de\\\/markt\\\/?s={search_term_string}\"},\"query-input\":{\"@type\":\"PropertyValueSpecification\",\"valueRequired\":true,\"valueName\":\"search_term_string\"}}],\"inLanguage\":\"de\"},{\"@type\":\"Organization\",\"@id\":\"https:\\\/\\\/marktxxl.de\\\/markt\\\/#organization\",\"name\":\"Markt-XXL\",\"url\":\"https:\\\/\\\/marktxxl.de\\\/markt\\\/\",\"logo\":{\"@type\":\"ImageObject\",\"inLanguage\":\"de\",\"@id\":\"https:\\\/\\\/marktxxl.de\\\/markt\\\/#\\\/schema\\\/logo\\\/image\\\/\",\"url\":\"https:\\\/\\\/marktxxl.de\\\/markt\\\/wp-content\\\/uploads\\\/sites\\\/3\\\/2020\\\/12\\\/logo.png\",\"contentUrl\":\"https:\\\/\\\/marktxxl.de\\\/markt\\\/wp-content\\\/uploads\\\/sites\\\/3\\\/2020\\\/12\\\/logo.png\",\"width\":200,\"height\":70,\"caption\":\"Markt-XXL\"},\"image\":{\"@id\":\"https:\\\/\\\/marktxxl.de\\\/markt\\\/#\\\/schema\\\/logo\\\/image\\\/\"}}]}<\/script>\n<!-- \/ Yoast SEO plugin. -->","yoast_head_json":{"title":"AC Infinity CLOUDLINE S6, leiser 6-Zoll-Inline-Kanalventilator mit Drehzahlregler - Abluftventilator f\u00fcr\u2026 - Markt-XXL","description":"Markt-XXL AC Infinity CLOUDLINE S6, leiser 6-Zoll-Inline-Kanalventilator mit Drehzahlregler - Abluftventilator f\u00fcr\u2026","robots":{"index":"index","follow":"follow","max-snippet":"max-snippet:-1","max-image-preview":"max-image-preview:large","max-video-preview":"max-video-preview:-1"},"canonical":"https:\/\/marktxxl.de\/markt\/produkt\/ac-infinity-cloudline-s6-leiser-6-zoll-inline-kanalventilator-mit-drehzahlregler-abluftventilator-fuer-heizungskuehlverstaerker-zelte-hydroponik\/","og_locale":"de_DE","og_type":"article","og_title":"AC Infinity CLOUDLINE S6, leiser 6-Zoll-Inline-Kanalventilator mit Drehzahlregler - Abluftventilator f\u00fcr\u2026 - Markt-XXL","og_description":"Markt-XXL AC Infinity CLOUDLINE S6, leiser 6-Zoll-Inline-Kanalventilator mit Drehzahlregler - Abluftventilator f\u00fcr\u2026","og_url":"https:\/\/marktxxl.de\/markt\/produkt\/ac-infinity-cloudline-s6-leiser-6-zoll-inline-kanalventilator-mit-drehzahlregler-abluftventilator-fuer-heizungskuehlverstaerker-zelte-hydroponik\/","og_site_name":"Markt-XXL","article_modified_time":"2023-04-06T00:15:34+00:00","og_image":[{"width":500,"height":500,"url":"https:\/\/m.media-amazon.com\/images\/I\/31JatvBLqsS._SL500_.jpg","type":"image\/jpeg"}],"twitter_card":"summary_large_image","schema":{"@context":"https:\/\/schema.org","@graph":[{"@type":"WebPage","@id":"https:\/\/marktxxl.de\/markt\/produkt\/ac-infinity-cloudline-s6-leiser-6-zoll-inline-kanalventilator-mit-drehzahlregler-abluftventilator-fuer-heizungskuehlverstaerker-zelte-hydroponik\/","url":"https:\/\/marktxxl.de\/markt\/produkt\/ac-infinity-cloudline-s6-leiser-6-zoll-inline-kanalventilator-mit-drehzahlregler-abluftventilator-fuer-heizungskuehlverstaerker-zelte-hydroponik\/","name":"AC Infinity CLOUDLINE S6, leiser 6-Zoll-Inline-Kanalventilator mit Drehzahlregler - Abluftventilator f\u00fcr\u2026 - Markt-XXL","isPartOf":{"@id":"https:\/\/marktxxl.de\/markt\/#website"},"primaryImageOfPage":{"@id":"https:\/\/marktxxl.de\/markt\/produkt\/ac-infinity-cloudline-s6-leiser-6-zoll-inline-kanalventilator-mit-drehzahlregler-abluftventilator-fuer-heizungskuehlverstaerker-zelte-hydroponik\/#primaryimage"},"image":{"@id":"https:\/\/marktxxl.de\/markt\/produkt\/ac-infinity-cloudline-s6-leiser-6-zoll-inline-kanalventilator-mit-drehzahlregler-abluftventilator-fuer-heizungskuehlverstaerker-zelte-hydroponik\/#primaryimage"},"thumbnailUrl":"https:\/\/m.media-amazon.com\/images\/I\/31JatvBLqsS._SL500_.jpg","datePublished":"2021-12-28T12:36:26+00:00","dateModified":"2023-04-06T00:15:34+00:00","description":"Markt-XXL AC Infinity CLOUDLINE S6, leiser 6-Zoll-Inline-Kanalventilator mit Drehzahlregler - Abluftventilator f\u00fcr\u2026","breadcrumb":{"@id":"https:\/\/marktxxl.de\/markt\/produkt\/ac-infinity-cloudline-s6-leiser-6-zoll-inline-kanalventilator-mit-drehzahlregler-abluftventilator-fuer-heizungskuehlverstaerker-zelte-hydroponik\/#breadcrumb"},"inLanguage":"de","potentialAction":[{"@type":"ReadAction","target":["https:\/\/marktxxl.de\/markt\/produkt\/ac-infinity-cloudline-s6-leiser-6-zoll-inline-kanalventilator-mit-drehzahlregler-abluftventilator-fuer-heizungskuehlverstaerker-zelte-hydroponik\/"]}]},{"@type":"ImageObject","inLanguage":"de","@id":"https:\/\/marktxxl.de\/markt\/produkt\/ac-infinity-cloudline-s6-leiser-6-zoll-inline-kanalventilator-mit-drehzahlregler-abluftventilator-fuer-heizungskuehlverstaerker-zelte-hydroponik\/#primaryimage","url":"https:\/\/m.media-amazon.com\/images\/I\/31JatvBLqsS._SL500_.jpg","contentUrl":"https:\/\/m.media-amazon.com\/images\/I\/31JatvBLqsS._SL500_.jpg","width":500,"height":500},{"@type":"BreadcrumbList","@id":"https:\/\/marktxxl.de\/markt\/produkt\/ac-infinity-cloudline-s6-leiser-6-zoll-inline-kanalventilator-mit-drehzahlregler-abluftventilator-fuer-heizungskuehlverstaerker-zelte-hydroponik\/#breadcrumb","itemListElement":[{"@type":"ListItem","position":1,"name":"Startseite","item":"https:\/\/marktxxl.de\/markt\/"},{"@type":"ListItem","position":2,"name":"Markt","item":"https:\/\/marktxxl.de\/markt\/"},{"@type":"ListItem","position":3,"name":"AC Infinity CLOUDLINE S6, leiser 6-Zoll-Inline-Kanalventilator mit Drehzahlregler &#8211; Abluftventilator f\u00fcr\u2026"}]},{"@type":"WebSite","@id":"https:\/\/marktxxl.de\/markt\/#website","url":"https:\/\/marktxxl.de\/markt\/","name":"Markt-XXL","description":"Ihr Markt Online","publisher":{"@id":"https:\/\/marktxxl.de\/markt\/#organization"},"potentialAction":[{"@type":"SearchAction","target":{"@type":"EntryPoint","urlTemplate":"https:\/\/marktxxl.de\/markt\/?s={search_term_string}"},"query-input":{"@type":"PropertyValueSpecification","valueRequired":true,"valueName":"search_term_string"}}],"inLanguage":"de"},{"@type":"Organization","@id":"https:\/\/marktxxl.de\/markt\/#organization","name":"Markt-XXL","url":"https:\/\/marktxxl.de\/markt\/","logo":{"@type":"ImageObject","inLanguage":"de","@id":"https:\/\/marktxxl.de\/markt\/#\/schema\/logo\/image\/","url":"https:\/\/marktxxl.de\/markt\/wp-content\/uploads\/sites\/3\/2020\/12\/logo.png","contentUrl":"https:\/\/marktxxl.de\/markt\/wp-content\/uploads\/sites\/3\/2020\/12\/logo.png","width":200,"height":70,"caption":"Markt-XXL"},"image":{"@id":"https:\/\/marktxxl.de\/markt\/#\/schema\/logo\/image\/"}}]}},"_links":{"self":[{"href":"https:\/\/marktxxl.de\/markt\/wp-json\/wp\/v2\/product\/84292","targetHints":{"allow":["GET"]}}],"collection":[{"href":"https:\/\/marktxxl.de\/markt\/wp-json\/wp\/v2\/product"}],"about":[{"href":"https:\/\/marktxxl.de\/markt\/wp-json\/wp\/v2\/types\/product"}],"replies":[{"embeddable":true,"href":"https:\/\/marktxxl.de\/markt\/wp-json\/wp\/v2\/comments?post=84292"}],"wp:featuredmedia":[{"embeddable":true,"href":"https:\/\/marktxxl.de\/markt\/wp-json\/wp\/v2\/media\/84293"}],"wp:attachment":[{"href":"https:\/\/marktxxl.de\/markt\/wp-json\/wp\/v2\/media?parent=84292"}],"wp:term":[{"taxonomy":"product_brand","embeddable":true,"href":"https:\/\/marktxxl.de\/markt\/wp-json\/wp\/v2\/product_brand?post=84292"},{"taxonomy":"product_cat","embeddable":true,"href":"https:\/\/marktxxl.de\/markt\/wp-json\/wp\/v2\/product_cat?post=84292"},{"taxonomy":"product_tag","embeddable":true,"href":"https:\/\/marktxxl.de\/markt\/wp-json\/wp\/v2\/product_tag?post=84292"}],"curies":[{"name":"wp","href":"https:\/\/api.w.org\/{rel}","templated":true}]}}