{"id":84125,"date":"2021-12-28T13:27:26","date_gmt":"2021-12-28T12:27:26","guid":{"rendered":"https:\/\/marktxxl.de\/markt\/produkt\/wolfcraft-i-ts-850-offroad-i-5503000-i-transportsystem-i-sackkarre-fuer-garten-und-gelaende-i-bis-100-kg-tragkraft-i-sackkarrenrad-mit-einem-durchmesser-von-18-cm-i-klappbar-i-leicht-verstaubar\/"},"modified":"2023-04-06T02:15:31","modified_gmt":"2023-04-06T00:15:31","slug":"wolfcraft-i-ts-850-offroad-i-5503000-i-transportsystem-i-sackkarre-fuer-garten-und-gelaende-i-bis-100-kg-tragkraft-i-sackkarrenrad-mit-einem-durchmesser-von-18-cm-i-klappbar-i-leicht-verstaubar","status":"publish","type":"product","link":"https:\/\/marktxxl.de\/markt\/produkt\/wolfcraft-i-ts-850-offroad-i-5503000-i-transportsystem-i-sackkarre-fuer-garten-und-gelaende-i-bis-100-kg-tragkraft-i-sackkarrenrad-mit-einem-durchmesser-von-18-cm-i-klappbar-i-leicht-verstaubar\/","title":{"rendered":"wolfcraft I TS 850 Offroad I 5503000 I Transportsystem I Sackkarre f\u00fcr Garten und Gel\u00e4nde I bis 100 kg Tragkraft I\u2026"},"content":{"rendered":"<p>Die Transportkarre von wolfcraft ist speziell f\u00fcr den Au\u00dfenbereich konzipiert, egal ob auf der Baustelle, im Garten oder im Wald, je abenteuerlicher das Gel\u00e4nde, umso h\u00f6her ist die Freude an dem Transportwagen<br \/>\nLasten Bis 100 Kg K\u00f6nnen Sicher Und Leicht Transportiert Werden; Selbst Auf Treppenstufen K\u00f6nnen Mit Der Outdoor Sackkarre Lasten Bis 50 Kg M\u00fchelos Bewegt Werden<br \/>\nEgal Ob Auf Der Baustelle, Im Garten Oder Beim Umzug, Dank Der Stabilen Querstange Ist Das Be- Oder Entladen Einfach Und Sicher<br \/>\nDank des einzigartigen Klappmechanismus ist ein m\u00fcheloses Zusammenklappen und eine platzsparende Aufbewahrung selbstverst\u00e4ndlich<br \/>\nAuch runde Gegenst\u00e4nde, wie Blument\u00f6pfe oder Gartenm\u00f6bel, k\u00f6nnen durch die gew\u00f6lbte Querstange und R\u00fcckenwand des Transportwagens unfallfrei transportiert werden<br \/>\n<div class=\"main-cross-sell\" data-asin=\"B08BR1VLWR\">\n\n\t<div class=\"WooZone-cross-sell-loader\">\n\t\t<div>\n\t\t\t<div id=\"floatingBarsG\">\n\t\t\t\t<div class=\"blockG\" id=\"rotateG_01\"><\/div>\n\t\t\t\t<div class=\"blockG\" id=\"rotateG_02\"><\/div>\n\t\t\t\t<div class=\"blockG\" id=\"rotateG_03\"><\/div>\n\t\t\t\t<div class=\"blockG\" id=\"rotateG_04\"><\/div>\n\t\t\t\t<div class=\"blockG\" id=\"rotateG_05\"><\/div>\n\t\t\t\t<div class=\"blockG\" id=\"rotateG_06\"><\/div>\n\t\t\t\t<div class=\"blockG\" id=\"rotateG_07\"><\/div>\n\t\t\t\t<div class=\"blockG\" id=\"rotateG_08\"><\/div>\n\t\t\t<\/div>\n\t\t\t<div class=\"WooZone-cross-sell-loader-text\"><\/div>\n\t\t<\/div>\n\t<\/div>\n\n\t\t\n<\/div>\n<div style=\"clear:both;\"><\/div><\/p>\n","protected":false},"excerpt":{"rendered":"<p>Die Transportkarre von wolfcraft ist speziell f\u00fcr den Au\u00dfenbereich konzipiert, egal ob auf der Baustelle, im Garten oder im Wald, je abenteuerlicher das Gel\u00e4nde, umso h\u00f6her ist die Freude an dem Transportwagen<br \/>\nLasten Bis 100 Kg K\u00f6nnen Sicher Und Leicht Transportiert Werden; Selbst Auf Treppenstufen K\u00f6nnen Mit Der Outdoor Sackkarre Lasten Bis 50 Kg M\u00fchelos Bewegt Werden<br \/>\nEgal Ob Auf Der Baustelle, Im Garten Oder Beim Umzug, Dank Der Stabilen Querstange Ist Das Be- Oder Entladen Einfach Und Sicher<\/p>\n","protected":false},"featured_media":84126,"comment_status":"open","ping_status":"closed","template":"","meta":[],"product_brand":[],"product_cat":[10704,1983],"product_tag":[],"class_list":{"0":"post-84125","1":"product","2":"type-product","3":"status-publish","4":"has-post-thumbnail","6":"product_cat-baubedarf","7":"product_cat-baumarkt","8":"pa_binding-misc","9":"pa_brand-wolfcraft","10":"pa_height-0-0003937-zoll","11":"pa_length-0-0003937-zoll","12":"pa_manufacturer-wolfcraft","13":"pa_model-27367","14":"pa_width-0-0003937-zoll","16":"first","17":"instock","18":"shipping-taxable","19":"purchasable","20":"product-type-simple","21":"customify-col","22":"product-has-gallery"},"yoast_head":"<!-- This site is optimized with the Yoast SEO plugin v27.4 - https:\/\/yoast.com\/product\/yoast-seo-wordpress\/ -->\n<title>wolfcraft I TS 850 Offroad I 5503000 I Transportsystem I Sackkarre f\u00fcr Garten und Gel\u00e4nde I bis 100 kg Tragkraft I\u2026 - Markt-XXL<\/title>\n<meta name=\"description\" content=\"Markt-XXL wolfcraft I TS 850 Offroad I 5503000 I Transportsystem I Sackkarre f\u00fcr Garten und Gel\u00e4nde I bis 100 kg Tragkraft I\u2026\" \/>\n<meta name=\"robots\" content=\"index, follow, max-snippet:-1, max-image-preview:large, max-video-preview:-1\" \/>\n<link rel=\"canonical\" href=\"https:\/\/marktxxl.de\/markt\/produkt\/wolfcraft-i-ts-850-offroad-i-5503000-i-transportsystem-i-sackkarre-fuer-garten-und-gelaende-i-bis-100-kg-tragkraft-i-sackkarrenrad-mit-einem-durchmesser-von-18-cm-i-klappbar-i-leicht-verstaubar\/\" \/>\n<meta property=\"og:locale\" content=\"de_DE\" \/>\n<meta property=\"og:type\" content=\"article\" \/>\n<meta property=\"og:title\" content=\"wolfcraft I TS 850 Offroad I 5503000 I Transportsystem I Sackkarre f\u00fcr Garten und Gel\u00e4nde I bis 100 kg Tragkraft I\u2026 - Markt-XXL\" \/>\n<meta property=\"og:description\" content=\"Markt-XXL wolfcraft I TS 850 Offroad I 5503000 I Transportsystem I Sackkarre f\u00fcr Garten und Gel\u00e4nde I bis 100 kg Tragkraft I\u2026\" \/>\n<meta property=\"og:url\" content=\"https:\/\/marktxxl.de\/markt\/produkt\/wolfcraft-i-ts-850-offroad-i-5503000-i-transportsystem-i-sackkarre-fuer-garten-und-gelaende-i-bis-100-kg-tragkraft-i-sackkarrenrad-mit-einem-durchmesser-von-18-cm-i-klappbar-i-leicht-verstaubar\/\" \/>\n<meta property=\"og:site_name\" content=\"Markt-XXL\" \/>\n<meta property=\"article:modified_time\" content=\"2023-04-06T00:15:31+00:00\" \/>\n<meta property=\"og:image\" content=\"https:\/\/m.media-amazon.com\/images\/I\/41YXoUfTtdL._SL500_.jpg\" \/>\n\t<meta property=\"og:image:width\" content=\"500\" \/>\n\t<meta property=\"og:image:height\" content=\"500\" \/>\n\t<meta property=\"og:image:type\" content=\"image\/jpeg\" \/>\n<meta name=\"twitter:card\" content=\"summary_large_image\" \/>\n<meta name=\"twitter:label1\" content=\"Gesch\u00e4tzte Lesezeit\" \/>\n\t<meta name=\"twitter:data1\" content=\"1\u00a0Minute\" \/>\n<script type=\"application\/ld+json\" class=\"yoast-schema-graph\">{\"@context\":\"https:\\\/\\\/schema.org\",\"@graph\":[{\"@type\":\"WebPage\",\"@id\":\"https:\\\/\\\/marktxxl.de\\\/markt\\\/produkt\\\/wolfcraft-i-ts-850-offroad-i-5503000-i-transportsystem-i-sackkarre-fuer-garten-und-gelaende-i-bis-100-kg-tragkraft-i-sackkarrenrad-mit-einem-durchmesser-von-18-cm-i-klappbar-i-leicht-verstaubar\\\/\",\"url\":\"https:\\\/\\\/marktxxl.de\\\/markt\\\/produkt\\\/wolfcraft-i-ts-850-offroad-i-5503000-i-transportsystem-i-sackkarre-fuer-garten-und-gelaende-i-bis-100-kg-tragkraft-i-sackkarrenrad-mit-einem-durchmesser-von-18-cm-i-klappbar-i-leicht-verstaubar\\\/\",\"name\":\"wolfcraft I TS 850 Offroad I 5503000 I Transportsystem I Sackkarre f\u00fcr Garten und Gel\u00e4nde I bis 100 kg Tragkraft I\u2026 - Markt-XXL\",\"isPartOf\":{\"@id\":\"https:\\\/\\\/marktxxl.de\\\/markt\\\/#website\"},\"primaryImageOfPage\":{\"@id\":\"https:\\\/\\\/marktxxl.de\\\/markt\\\/produkt\\\/wolfcraft-i-ts-850-offroad-i-5503000-i-transportsystem-i-sackkarre-fuer-garten-und-gelaende-i-bis-100-kg-tragkraft-i-sackkarrenrad-mit-einem-durchmesser-von-18-cm-i-klappbar-i-leicht-verstaubar\\\/#primaryimage\"},\"image\":{\"@id\":\"https:\\\/\\\/marktxxl.de\\\/markt\\\/produkt\\\/wolfcraft-i-ts-850-offroad-i-5503000-i-transportsystem-i-sackkarre-fuer-garten-und-gelaende-i-bis-100-kg-tragkraft-i-sackkarrenrad-mit-einem-durchmesser-von-18-cm-i-klappbar-i-leicht-verstaubar\\\/#primaryimage\"},\"thumbnailUrl\":\"https:\\\/\\\/m.media-amazon.com\\\/images\\\/I\\\/41YXoUfTtdL._SL500_.jpg\",\"datePublished\":\"2021-12-28T12:27:26+00:00\",\"dateModified\":\"2023-04-06T00:15:31+00:00\",\"description\":\"Markt-XXL wolfcraft I TS 850 Offroad I 5503000 I Transportsystem I Sackkarre f\u00fcr Garten und Gel\u00e4nde I bis 100 kg Tragkraft I\u2026\",\"breadcrumb\":{\"@id\":\"https:\\\/\\\/marktxxl.de\\\/markt\\\/produkt\\\/wolfcraft-i-ts-850-offroad-i-5503000-i-transportsystem-i-sackkarre-fuer-garten-und-gelaende-i-bis-100-kg-tragkraft-i-sackkarrenrad-mit-einem-durchmesser-von-18-cm-i-klappbar-i-leicht-verstaubar\\\/#breadcrumb\"},\"inLanguage\":\"de\",\"potentialAction\":[{\"@type\":\"ReadAction\",\"target\":[\"https:\\\/\\\/marktxxl.de\\\/markt\\\/produkt\\\/wolfcraft-i-ts-850-offroad-i-5503000-i-transportsystem-i-sackkarre-fuer-garten-und-gelaende-i-bis-100-kg-tragkraft-i-sackkarrenrad-mit-einem-durchmesser-von-18-cm-i-klappbar-i-leicht-verstaubar\\\/\"]}]},{\"@type\":\"ImageObject\",\"inLanguage\":\"de\",\"@id\":\"https:\\\/\\\/marktxxl.de\\\/markt\\\/produkt\\\/wolfcraft-i-ts-850-offroad-i-5503000-i-transportsystem-i-sackkarre-fuer-garten-und-gelaende-i-bis-100-kg-tragkraft-i-sackkarrenrad-mit-einem-durchmesser-von-18-cm-i-klappbar-i-leicht-verstaubar\\\/#primaryimage\",\"url\":\"https:\\\/\\\/m.media-amazon.com\\\/images\\\/I\\\/41YXoUfTtdL._SL500_.jpg\",\"contentUrl\":\"https:\\\/\\\/m.media-amazon.com\\\/images\\\/I\\\/41YXoUfTtdL._SL500_.jpg\",\"width\":500,\"height\":500},{\"@type\":\"BreadcrumbList\",\"@id\":\"https:\\\/\\\/marktxxl.de\\\/markt\\\/produkt\\\/wolfcraft-i-ts-850-offroad-i-5503000-i-transportsystem-i-sackkarre-fuer-garten-und-gelaende-i-bis-100-kg-tragkraft-i-sackkarrenrad-mit-einem-durchmesser-von-18-cm-i-klappbar-i-leicht-verstaubar\\\/#breadcrumb\",\"itemListElement\":[{\"@type\":\"ListItem\",\"position\":1,\"name\":\"Startseite\",\"item\":\"https:\\\/\\\/marktxxl.de\\\/markt\\\/\"},{\"@type\":\"ListItem\",\"position\":2,\"name\":\"Markt\",\"item\":\"https:\\\/\\\/marktxxl.de\\\/markt\\\/\"},{\"@type\":\"ListItem\",\"position\":3,\"name\":\"wolfcraft I TS 850 Offroad I 5503000 I Transportsystem I Sackkarre f\u00fcr Garten und Gel\u00e4nde I bis 100 kg Tragkraft I\u2026\"}]},{\"@type\":\"WebSite\",\"@id\":\"https:\\\/\\\/marktxxl.de\\\/markt\\\/#website\",\"url\":\"https:\\\/\\\/marktxxl.de\\\/markt\\\/\",\"name\":\"Markt-XXL\",\"description\":\"Ihr Markt Online\",\"publisher\":{\"@id\":\"https:\\\/\\\/marktxxl.de\\\/markt\\\/#organization\"},\"potentialAction\":[{\"@type\":\"SearchAction\",\"target\":{\"@type\":\"EntryPoint\",\"urlTemplate\":\"https:\\\/\\\/marktxxl.de\\\/markt\\\/?s={search_term_string}\"},\"query-input\":{\"@type\":\"PropertyValueSpecification\",\"valueRequired\":true,\"valueName\":\"search_term_string\"}}],\"inLanguage\":\"de\"},{\"@type\":\"Organization\",\"@id\":\"https:\\\/\\\/marktxxl.de\\\/markt\\\/#organization\",\"name\":\"Markt-XXL\",\"url\":\"https:\\\/\\\/marktxxl.de\\\/markt\\\/\",\"logo\":{\"@type\":\"ImageObject\",\"inLanguage\":\"de\",\"@id\":\"https:\\\/\\\/marktxxl.de\\\/markt\\\/#\\\/schema\\\/logo\\\/image\\\/\",\"url\":\"https:\\\/\\\/marktxxl.de\\\/markt\\\/wp-content\\\/uploads\\\/sites\\\/3\\\/2020\\\/12\\\/logo.png\",\"contentUrl\":\"https:\\\/\\\/marktxxl.de\\\/markt\\\/wp-content\\\/uploads\\\/sites\\\/3\\\/2020\\\/12\\\/logo.png\",\"width\":200,\"height\":70,\"caption\":\"Markt-XXL\"},\"image\":{\"@id\":\"https:\\\/\\\/marktxxl.de\\\/markt\\\/#\\\/schema\\\/logo\\\/image\\\/\"}}]}<\/script>\n<!-- \/ Yoast SEO plugin. -->","yoast_head_json":{"title":"wolfcraft I TS 850 Offroad I 5503000 I Transportsystem I Sackkarre f\u00fcr Garten und Gel\u00e4nde I bis 100 kg Tragkraft I\u2026 - Markt-XXL","description":"Markt-XXL wolfcraft I TS 850 Offroad I 5503000 I Transportsystem I Sackkarre f\u00fcr Garten und Gel\u00e4nde I bis 100 kg Tragkraft I\u2026","robots":{"index":"index","follow":"follow","max-snippet":"max-snippet:-1","max-image-preview":"max-image-preview:large","max-video-preview":"max-video-preview:-1"},"canonical":"https:\/\/marktxxl.de\/markt\/produkt\/wolfcraft-i-ts-850-offroad-i-5503000-i-transportsystem-i-sackkarre-fuer-garten-und-gelaende-i-bis-100-kg-tragkraft-i-sackkarrenrad-mit-einem-durchmesser-von-18-cm-i-klappbar-i-leicht-verstaubar\/","og_locale":"de_DE","og_type":"article","og_title":"wolfcraft I TS 850 Offroad I 5503000 I Transportsystem I Sackkarre f\u00fcr Garten und Gel\u00e4nde I bis 100 kg Tragkraft I\u2026 - Markt-XXL","og_description":"Markt-XXL wolfcraft I TS 850 Offroad I 5503000 I Transportsystem I Sackkarre f\u00fcr Garten und Gel\u00e4nde I bis 100 kg Tragkraft I\u2026","og_url":"https:\/\/marktxxl.de\/markt\/produkt\/wolfcraft-i-ts-850-offroad-i-5503000-i-transportsystem-i-sackkarre-fuer-garten-und-gelaende-i-bis-100-kg-tragkraft-i-sackkarrenrad-mit-einem-durchmesser-von-18-cm-i-klappbar-i-leicht-verstaubar\/","og_site_name":"Markt-XXL","article_modified_time":"2023-04-06T00:15:31+00:00","og_image":[{"width":500,"height":500,"url":"https:\/\/m.media-amazon.com\/images\/I\/41YXoUfTtdL._SL500_.jpg","type":"image\/jpeg"}],"twitter_card":"summary_large_image","twitter_misc":{"Gesch\u00e4tzte Lesezeit":"1\u00a0Minute"},"schema":{"@context":"https:\/\/schema.org","@graph":[{"@type":"WebPage","@id":"https:\/\/marktxxl.de\/markt\/produkt\/wolfcraft-i-ts-850-offroad-i-5503000-i-transportsystem-i-sackkarre-fuer-garten-und-gelaende-i-bis-100-kg-tragkraft-i-sackkarrenrad-mit-einem-durchmesser-von-18-cm-i-klappbar-i-leicht-verstaubar\/","url":"https:\/\/marktxxl.de\/markt\/produkt\/wolfcraft-i-ts-850-offroad-i-5503000-i-transportsystem-i-sackkarre-fuer-garten-und-gelaende-i-bis-100-kg-tragkraft-i-sackkarrenrad-mit-einem-durchmesser-von-18-cm-i-klappbar-i-leicht-verstaubar\/","name":"wolfcraft I TS 850 Offroad I 5503000 I Transportsystem I Sackkarre f\u00fcr Garten und Gel\u00e4nde I bis 100 kg Tragkraft I\u2026 - Markt-XXL","isPartOf":{"@id":"https:\/\/marktxxl.de\/markt\/#website"},"primaryImageOfPage":{"@id":"https:\/\/marktxxl.de\/markt\/produkt\/wolfcraft-i-ts-850-offroad-i-5503000-i-transportsystem-i-sackkarre-fuer-garten-und-gelaende-i-bis-100-kg-tragkraft-i-sackkarrenrad-mit-einem-durchmesser-von-18-cm-i-klappbar-i-leicht-verstaubar\/#primaryimage"},"image":{"@id":"https:\/\/marktxxl.de\/markt\/produkt\/wolfcraft-i-ts-850-offroad-i-5503000-i-transportsystem-i-sackkarre-fuer-garten-und-gelaende-i-bis-100-kg-tragkraft-i-sackkarrenrad-mit-einem-durchmesser-von-18-cm-i-klappbar-i-leicht-verstaubar\/#primaryimage"},"thumbnailUrl":"https:\/\/m.media-amazon.com\/images\/I\/41YXoUfTtdL._SL500_.jpg","datePublished":"2021-12-28T12:27:26+00:00","dateModified":"2023-04-06T00:15:31+00:00","description":"Markt-XXL wolfcraft I TS 850 Offroad I 5503000 I Transportsystem I Sackkarre f\u00fcr Garten und Gel\u00e4nde I bis 100 kg Tragkraft I\u2026","breadcrumb":{"@id":"https:\/\/marktxxl.de\/markt\/produkt\/wolfcraft-i-ts-850-offroad-i-5503000-i-transportsystem-i-sackkarre-fuer-garten-und-gelaende-i-bis-100-kg-tragkraft-i-sackkarrenrad-mit-einem-durchmesser-von-18-cm-i-klappbar-i-leicht-verstaubar\/#breadcrumb"},"inLanguage":"de","potentialAction":[{"@type":"ReadAction","target":["https:\/\/marktxxl.de\/markt\/produkt\/wolfcraft-i-ts-850-offroad-i-5503000-i-transportsystem-i-sackkarre-fuer-garten-und-gelaende-i-bis-100-kg-tragkraft-i-sackkarrenrad-mit-einem-durchmesser-von-18-cm-i-klappbar-i-leicht-verstaubar\/"]}]},{"@type":"ImageObject","inLanguage":"de","@id":"https:\/\/marktxxl.de\/markt\/produkt\/wolfcraft-i-ts-850-offroad-i-5503000-i-transportsystem-i-sackkarre-fuer-garten-und-gelaende-i-bis-100-kg-tragkraft-i-sackkarrenrad-mit-einem-durchmesser-von-18-cm-i-klappbar-i-leicht-verstaubar\/#primaryimage","url":"https:\/\/m.media-amazon.com\/images\/I\/41YXoUfTtdL._SL500_.jpg","contentUrl":"https:\/\/m.media-amazon.com\/images\/I\/41YXoUfTtdL._SL500_.jpg","width":500,"height":500},{"@type":"BreadcrumbList","@id":"https:\/\/marktxxl.de\/markt\/produkt\/wolfcraft-i-ts-850-offroad-i-5503000-i-transportsystem-i-sackkarre-fuer-garten-und-gelaende-i-bis-100-kg-tragkraft-i-sackkarrenrad-mit-einem-durchmesser-von-18-cm-i-klappbar-i-leicht-verstaubar\/#breadcrumb","itemListElement":[{"@type":"ListItem","position":1,"name":"Startseite","item":"https:\/\/marktxxl.de\/markt\/"},{"@type":"ListItem","position":2,"name":"Markt","item":"https:\/\/marktxxl.de\/markt\/"},{"@type":"ListItem","position":3,"name":"wolfcraft I TS 850 Offroad I 5503000 I Transportsystem I Sackkarre f\u00fcr Garten und Gel\u00e4nde I bis 100 kg Tragkraft I\u2026"}]},{"@type":"WebSite","@id":"https:\/\/marktxxl.de\/markt\/#website","url":"https:\/\/marktxxl.de\/markt\/","name":"Markt-XXL","description":"Ihr Markt Online","publisher":{"@id":"https:\/\/marktxxl.de\/markt\/#organization"},"potentialAction":[{"@type":"SearchAction","target":{"@type":"EntryPoint","urlTemplate":"https:\/\/marktxxl.de\/markt\/?s={search_term_string}"},"query-input":{"@type":"PropertyValueSpecification","valueRequired":true,"valueName":"search_term_string"}}],"inLanguage":"de"},{"@type":"Organization","@id":"https:\/\/marktxxl.de\/markt\/#organization","name":"Markt-XXL","url":"https:\/\/marktxxl.de\/markt\/","logo":{"@type":"ImageObject","inLanguage":"de","@id":"https:\/\/marktxxl.de\/markt\/#\/schema\/logo\/image\/","url":"https:\/\/marktxxl.de\/markt\/wp-content\/uploads\/sites\/3\/2020\/12\/logo.png","contentUrl":"https:\/\/marktxxl.de\/markt\/wp-content\/uploads\/sites\/3\/2020\/12\/logo.png","width":200,"height":70,"caption":"Markt-XXL"},"image":{"@id":"https:\/\/marktxxl.de\/markt\/#\/schema\/logo\/image\/"}}]}},"_links":{"self":[{"href":"https:\/\/marktxxl.de\/markt\/wp-json\/wp\/v2\/product\/84125","targetHints":{"allow":["GET"]}}],"collection":[{"href":"https:\/\/marktxxl.de\/markt\/wp-json\/wp\/v2\/product"}],"about":[{"href":"https:\/\/marktxxl.de\/markt\/wp-json\/wp\/v2\/types\/product"}],"replies":[{"embeddable":true,"href":"https:\/\/marktxxl.de\/markt\/wp-json\/wp\/v2\/comments?post=84125"}],"wp:featuredmedia":[{"embeddable":true,"href":"https:\/\/marktxxl.de\/markt\/wp-json\/wp\/v2\/media\/84126"}],"wp:attachment":[{"href":"https:\/\/marktxxl.de\/markt\/wp-json\/wp\/v2\/media?parent=84125"}],"wp:term":[{"taxonomy":"product_brand","embeddable":true,"href":"https:\/\/marktxxl.de\/markt\/wp-json\/wp\/v2\/product_brand?post=84125"},{"taxonomy":"product_cat","embeddable":true,"href":"https:\/\/marktxxl.de\/markt\/wp-json\/wp\/v2\/product_cat?post=84125"},{"taxonomy":"product_tag","embeddable":true,"href":"https:\/\/marktxxl.de\/markt\/wp-json\/wp\/v2\/product_tag?post=84125"}],"curies":[{"name":"wp","href":"https:\/\/api.w.org\/{rel}","templated":true}]}}