{"id":84051,"date":"2021-12-28T13:27:01","date_gmt":"2021-12-28T12:27:01","guid":{"rendered":"https:\/\/marktxxl.de\/markt\/produkt\/ac-infinity-flexible-6-zoll-aluminiumleitung-hochleistungs-vierschichtschutz-25-fuss-lang-zum-heizen-kuehlen-lueften-und-ablassen\/"},"modified":"2023-04-06T02:15:30","modified_gmt":"2023-04-06T00:15:30","slug":"ac-infinity-flexible-6-zoll-aluminiumleitung-hochleistungs-vierschichtschutz-25-fuss-lang-zum-heizen-kuehlen-lueften-und-ablassen","status":"publish","type":"product","link":"https:\/\/marktxxl.de\/markt\/produkt\/ac-infinity-flexible-6-zoll-aluminiumleitung-hochleistungs-vierschichtschutz-25-fuss-lang-zum-heizen-kuehlen-lueften-und-ablassen\/","title":{"rendered":"AC Infinity Flexible 6-Zoll-Aluminiumleitung, Hochleistungs-Vierschichtschutz, 25 Fu\u00df lang zum Heizen, K\u00fchlen, L\u00fcften\u2026"},"content":{"rendered":"<p>Entwickelt f\u00fcr L\u00fcftungsanwendungen wie HLK, Trockner, Wachstumsr\u00e4ume und Zelte.<br \/>\nDas vierschichtige Design macht es haltbarer und widerstandsf\u00e4higer gegen Undichtigkeiten, Risse und Schnitte.<br \/>\nDie Stahldraht-Spiralstruktur ist flexibel und an schwer zug\u00e4nglichen Stellen einfach zu installieren.<br \/>\nDas aus Aluminium und Thermoplast gefertigte Rohr kann f\u00fcr verschiedene Anwendungen gek\u00fcrzt werden.<br \/>\nKanalgr\u00f6\u00dfe: 6 \u201d| L\u00e4nge: 25 Fu\u00df | Enth\u00e4lt zwei 6 &#8220;-Kanalschellen aus Edelstahl<br \/>\n<div class=\"main-cross-sell\" data-asin=\"B0791V19H7\">\n\n\t<div class=\"WooZone-cross-sell-loader\">\n\t\t<div>\n\t\t\t<div id=\"floatingBarsG\">\n\t\t\t\t<div class=\"blockG\" id=\"rotateG_01\"><\/div>\n\t\t\t\t<div class=\"blockG\" id=\"rotateG_02\"><\/div>\n\t\t\t\t<div class=\"blockG\" id=\"rotateG_03\"><\/div>\n\t\t\t\t<div class=\"blockG\" id=\"rotateG_04\"><\/div>\n\t\t\t\t<div class=\"blockG\" id=\"rotateG_05\"><\/div>\n\t\t\t\t<div class=\"blockG\" id=\"rotateG_06\"><\/div>\n\t\t\t\t<div class=\"blockG\" id=\"rotateG_07\"><\/div>\n\t\t\t\t<div class=\"blockG\" id=\"rotateG_08\"><\/div>\n\t\t\t<\/div>\n\t\t\t<div class=\"WooZone-cross-sell-loader-text\"><\/div>\n\t\t<\/div>\n\t<\/div>\n\n\t\t\n<\/div>\n<div style=\"clear:both;\"><\/div><\/p>\n","protected":false},"excerpt":{"rendered":"<p>Entwickelt f\u00fcr L\u00fcftungsanwendungen wie HLK, Trockner, Wachstumsr\u00e4ume und Zelte.<br \/>\nDas vierschichtige Design macht es haltbarer und widerstandsf\u00e4higer gegen Undichtigkeiten, Risse und Schnitte.<br \/>\nDie Stahldraht-Spiralstruktur ist flexibel und an schwer zug\u00e4nglichen Stellen einfach zu installieren.<\/p>\n","protected":false},"featured_media":84052,"comment_status":"open","ping_status":"closed","template":"","meta":[],"product_brand":[],"product_cat":[10704,1983],"product_tag":[],"class_list":{"0":"post-84051","1":"product","2":"type-product","3":"status-publish","4":"has-post-thumbnail","6":"product_cat-baubedarf","7":"product_cat-baumarkt","8":"pa_binding-haushaltswaren","9":"pa_brand-ac-infinity","10":"pa_height-5-zoll","11":"pa_length-17-zoll","12":"pa_manufacturer-ac-infinity","13":"pa_width-5-zoll","15":"first","16":"instock","17":"shipping-taxable","18":"purchasable","19":"product-type-simple","20":"customify-col","21":"product-has-gallery"},"yoast_head":"<!-- This site is optimized with the Yoast SEO plugin v27.3 - https:\/\/yoast.com\/product\/yoast-seo-wordpress\/ -->\n<title>AC Infinity Flexible 6-Zoll-Aluminiumleitung, Hochleistungs-Vierschichtschutz, 25 Fu\u00df lang zum Heizen, K\u00fchlen, L\u00fcften\u2026 - Markt-XXL<\/title>\n<meta name=\"description\" content=\"Markt-XXL AC Infinity Flexible 6-Zoll-Aluminiumleitung, Hochleistungs-Vierschichtschutz, 25 Fu\u00df lang zum Heizen, K\u00fchlen, L\u00fcften\u2026\" \/>\n<meta name=\"robots\" content=\"index, follow, max-snippet:-1, max-image-preview:large, max-video-preview:-1\" \/>\n<link rel=\"canonical\" href=\"https:\/\/marktxxl.de\/markt\/produkt\/ac-infinity-flexible-6-zoll-aluminiumleitung-hochleistungs-vierschichtschutz-25-fuss-lang-zum-heizen-kuehlen-lueften-und-ablassen\/\" \/>\n<meta property=\"og:locale\" content=\"de_DE\" \/>\n<meta property=\"og:type\" content=\"article\" \/>\n<meta property=\"og:title\" content=\"AC Infinity Flexible 6-Zoll-Aluminiumleitung, Hochleistungs-Vierschichtschutz, 25 Fu\u00df lang zum Heizen, K\u00fchlen, L\u00fcften\u2026 - Markt-XXL\" \/>\n<meta property=\"og:description\" content=\"Markt-XXL AC Infinity Flexible 6-Zoll-Aluminiumleitung, Hochleistungs-Vierschichtschutz, 25 Fu\u00df lang zum Heizen, K\u00fchlen, L\u00fcften\u2026\" \/>\n<meta property=\"og:url\" content=\"https:\/\/marktxxl.de\/markt\/produkt\/ac-infinity-flexible-6-zoll-aluminiumleitung-hochleistungs-vierschichtschutz-25-fuss-lang-zum-heizen-kuehlen-lueften-und-ablassen\/\" \/>\n<meta property=\"og:site_name\" content=\"Markt-XXL\" \/>\n<meta property=\"article:modified_time\" content=\"2023-04-06T00:15:30+00:00\" \/>\n<meta property=\"og:image\" content=\"https:\/\/m.media-amazon.com\/images\/I\/41fIn-ynKLL._SL500_.jpg\" \/>\n\t<meta property=\"og:image:width\" content=\"500\" \/>\n\t<meta property=\"og:image:height\" content=\"500\" \/>\n\t<meta property=\"og:image:type\" content=\"image\/jpeg\" \/>\n<meta name=\"twitter:card\" content=\"summary_large_image\" \/>\n<script type=\"application\/ld+json\" class=\"yoast-schema-graph\">{\"@context\":\"https:\\\/\\\/schema.org\",\"@graph\":[{\"@type\":\"WebPage\",\"@id\":\"https:\\\/\\\/marktxxl.de\\\/markt\\\/produkt\\\/ac-infinity-flexible-6-zoll-aluminiumleitung-hochleistungs-vierschichtschutz-25-fuss-lang-zum-heizen-kuehlen-lueften-und-ablassen\\\/\",\"url\":\"https:\\\/\\\/marktxxl.de\\\/markt\\\/produkt\\\/ac-infinity-flexible-6-zoll-aluminiumleitung-hochleistungs-vierschichtschutz-25-fuss-lang-zum-heizen-kuehlen-lueften-und-ablassen\\\/\",\"name\":\"AC Infinity Flexible 6-Zoll-Aluminiumleitung, Hochleistungs-Vierschichtschutz, 25 Fu\u00df lang zum Heizen, K\u00fchlen, L\u00fcften\u2026 - Markt-XXL\",\"isPartOf\":{\"@id\":\"https:\\\/\\\/marktxxl.de\\\/markt\\\/#website\"},\"primaryImageOfPage\":{\"@id\":\"https:\\\/\\\/marktxxl.de\\\/markt\\\/produkt\\\/ac-infinity-flexible-6-zoll-aluminiumleitung-hochleistungs-vierschichtschutz-25-fuss-lang-zum-heizen-kuehlen-lueften-und-ablassen\\\/#primaryimage\"},\"image\":{\"@id\":\"https:\\\/\\\/marktxxl.de\\\/markt\\\/produkt\\\/ac-infinity-flexible-6-zoll-aluminiumleitung-hochleistungs-vierschichtschutz-25-fuss-lang-zum-heizen-kuehlen-lueften-und-ablassen\\\/#primaryimage\"},\"thumbnailUrl\":\"https:\\\/\\\/m.media-amazon.com\\\/images\\\/I\\\/41fIn-ynKLL._SL500_.jpg\",\"datePublished\":\"2021-12-28T12:27:01+00:00\",\"dateModified\":\"2023-04-06T00:15:30+00:00\",\"description\":\"Markt-XXL AC Infinity Flexible 6-Zoll-Aluminiumleitung, Hochleistungs-Vierschichtschutz, 25 Fu\u00df lang zum Heizen, K\u00fchlen, L\u00fcften\u2026\",\"breadcrumb\":{\"@id\":\"https:\\\/\\\/marktxxl.de\\\/markt\\\/produkt\\\/ac-infinity-flexible-6-zoll-aluminiumleitung-hochleistungs-vierschichtschutz-25-fuss-lang-zum-heizen-kuehlen-lueften-und-ablassen\\\/#breadcrumb\"},\"inLanguage\":\"de\",\"potentialAction\":[{\"@type\":\"ReadAction\",\"target\":[\"https:\\\/\\\/marktxxl.de\\\/markt\\\/produkt\\\/ac-infinity-flexible-6-zoll-aluminiumleitung-hochleistungs-vierschichtschutz-25-fuss-lang-zum-heizen-kuehlen-lueften-und-ablassen\\\/\"]}]},{\"@type\":\"ImageObject\",\"inLanguage\":\"de\",\"@id\":\"https:\\\/\\\/marktxxl.de\\\/markt\\\/produkt\\\/ac-infinity-flexible-6-zoll-aluminiumleitung-hochleistungs-vierschichtschutz-25-fuss-lang-zum-heizen-kuehlen-lueften-und-ablassen\\\/#primaryimage\",\"url\":\"https:\\\/\\\/m.media-amazon.com\\\/images\\\/I\\\/41fIn-ynKLL._SL500_.jpg\",\"contentUrl\":\"https:\\\/\\\/m.media-amazon.com\\\/images\\\/I\\\/41fIn-ynKLL._SL500_.jpg\",\"width\":500,\"height\":500},{\"@type\":\"BreadcrumbList\",\"@id\":\"https:\\\/\\\/marktxxl.de\\\/markt\\\/produkt\\\/ac-infinity-flexible-6-zoll-aluminiumleitung-hochleistungs-vierschichtschutz-25-fuss-lang-zum-heizen-kuehlen-lueften-und-ablassen\\\/#breadcrumb\",\"itemListElement\":[{\"@type\":\"ListItem\",\"position\":1,\"name\":\"Startseite\",\"item\":\"https:\\\/\\\/marktxxl.de\\\/markt\\\/\"},{\"@type\":\"ListItem\",\"position\":2,\"name\":\"Markt\",\"item\":\"https:\\\/\\\/marktxxl.de\\\/markt\\\/\"},{\"@type\":\"ListItem\",\"position\":3,\"name\":\"AC Infinity Flexible 6-Zoll-Aluminiumleitung, Hochleistungs-Vierschichtschutz, 25 Fu\u00df lang zum Heizen, K\u00fchlen, L\u00fcften\u2026\"}]},{\"@type\":\"WebSite\",\"@id\":\"https:\\\/\\\/marktxxl.de\\\/markt\\\/#website\",\"url\":\"https:\\\/\\\/marktxxl.de\\\/markt\\\/\",\"name\":\"Markt-XXL\",\"description\":\"Ihr Markt Online\",\"publisher\":{\"@id\":\"https:\\\/\\\/marktxxl.de\\\/markt\\\/#organization\"},\"potentialAction\":[{\"@type\":\"SearchAction\",\"target\":{\"@type\":\"EntryPoint\",\"urlTemplate\":\"https:\\\/\\\/marktxxl.de\\\/markt\\\/?s={search_term_string}\"},\"query-input\":{\"@type\":\"PropertyValueSpecification\",\"valueRequired\":true,\"valueName\":\"search_term_string\"}}],\"inLanguage\":\"de\"},{\"@type\":\"Organization\",\"@id\":\"https:\\\/\\\/marktxxl.de\\\/markt\\\/#organization\",\"name\":\"Markt-XXL\",\"url\":\"https:\\\/\\\/marktxxl.de\\\/markt\\\/\",\"logo\":{\"@type\":\"ImageObject\",\"inLanguage\":\"de\",\"@id\":\"https:\\\/\\\/marktxxl.de\\\/markt\\\/#\\\/schema\\\/logo\\\/image\\\/\",\"url\":\"https:\\\/\\\/marktxxl.de\\\/markt\\\/wp-content\\\/uploads\\\/sites\\\/3\\\/2020\\\/12\\\/logo.png\",\"contentUrl\":\"https:\\\/\\\/marktxxl.de\\\/markt\\\/wp-content\\\/uploads\\\/sites\\\/3\\\/2020\\\/12\\\/logo.png\",\"width\":200,\"height\":70,\"caption\":\"Markt-XXL\"},\"image\":{\"@id\":\"https:\\\/\\\/marktxxl.de\\\/markt\\\/#\\\/schema\\\/logo\\\/image\\\/\"}}]}<\/script>\n<!-- \/ Yoast SEO plugin. -->","yoast_head_json":{"title":"AC Infinity Flexible 6-Zoll-Aluminiumleitung, Hochleistungs-Vierschichtschutz, 25 Fu\u00df lang zum Heizen, K\u00fchlen, L\u00fcften\u2026 - Markt-XXL","description":"Markt-XXL AC Infinity Flexible 6-Zoll-Aluminiumleitung, Hochleistungs-Vierschichtschutz, 25 Fu\u00df lang zum Heizen, K\u00fchlen, L\u00fcften\u2026","robots":{"index":"index","follow":"follow","max-snippet":"max-snippet:-1","max-image-preview":"max-image-preview:large","max-video-preview":"max-video-preview:-1"},"canonical":"https:\/\/marktxxl.de\/markt\/produkt\/ac-infinity-flexible-6-zoll-aluminiumleitung-hochleistungs-vierschichtschutz-25-fuss-lang-zum-heizen-kuehlen-lueften-und-ablassen\/","og_locale":"de_DE","og_type":"article","og_title":"AC Infinity Flexible 6-Zoll-Aluminiumleitung, Hochleistungs-Vierschichtschutz, 25 Fu\u00df lang zum Heizen, K\u00fchlen, L\u00fcften\u2026 - Markt-XXL","og_description":"Markt-XXL AC Infinity Flexible 6-Zoll-Aluminiumleitung, Hochleistungs-Vierschichtschutz, 25 Fu\u00df lang zum Heizen, K\u00fchlen, L\u00fcften\u2026","og_url":"https:\/\/marktxxl.de\/markt\/produkt\/ac-infinity-flexible-6-zoll-aluminiumleitung-hochleistungs-vierschichtschutz-25-fuss-lang-zum-heizen-kuehlen-lueften-und-ablassen\/","og_site_name":"Markt-XXL","article_modified_time":"2023-04-06T00:15:30+00:00","og_image":[{"width":500,"height":500,"url":"https:\/\/m.media-amazon.com\/images\/I\/41fIn-ynKLL._SL500_.jpg","type":"image\/jpeg"}],"twitter_card":"summary_large_image","schema":{"@context":"https:\/\/schema.org","@graph":[{"@type":"WebPage","@id":"https:\/\/marktxxl.de\/markt\/produkt\/ac-infinity-flexible-6-zoll-aluminiumleitung-hochleistungs-vierschichtschutz-25-fuss-lang-zum-heizen-kuehlen-lueften-und-ablassen\/","url":"https:\/\/marktxxl.de\/markt\/produkt\/ac-infinity-flexible-6-zoll-aluminiumleitung-hochleistungs-vierschichtschutz-25-fuss-lang-zum-heizen-kuehlen-lueften-und-ablassen\/","name":"AC Infinity Flexible 6-Zoll-Aluminiumleitung, Hochleistungs-Vierschichtschutz, 25 Fu\u00df lang zum Heizen, K\u00fchlen, L\u00fcften\u2026 - Markt-XXL","isPartOf":{"@id":"https:\/\/marktxxl.de\/markt\/#website"},"primaryImageOfPage":{"@id":"https:\/\/marktxxl.de\/markt\/produkt\/ac-infinity-flexible-6-zoll-aluminiumleitung-hochleistungs-vierschichtschutz-25-fuss-lang-zum-heizen-kuehlen-lueften-und-ablassen\/#primaryimage"},"image":{"@id":"https:\/\/marktxxl.de\/markt\/produkt\/ac-infinity-flexible-6-zoll-aluminiumleitung-hochleistungs-vierschichtschutz-25-fuss-lang-zum-heizen-kuehlen-lueften-und-ablassen\/#primaryimage"},"thumbnailUrl":"https:\/\/m.media-amazon.com\/images\/I\/41fIn-ynKLL._SL500_.jpg","datePublished":"2021-12-28T12:27:01+00:00","dateModified":"2023-04-06T00:15:30+00:00","description":"Markt-XXL AC Infinity Flexible 6-Zoll-Aluminiumleitung, Hochleistungs-Vierschichtschutz, 25 Fu\u00df lang zum Heizen, K\u00fchlen, L\u00fcften\u2026","breadcrumb":{"@id":"https:\/\/marktxxl.de\/markt\/produkt\/ac-infinity-flexible-6-zoll-aluminiumleitung-hochleistungs-vierschichtschutz-25-fuss-lang-zum-heizen-kuehlen-lueften-und-ablassen\/#breadcrumb"},"inLanguage":"de","potentialAction":[{"@type":"ReadAction","target":["https:\/\/marktxxl.de\/markt\/produkt\/ac-infinity-flexible-6-zoll-aluminiumleitung-hochleistungs-vierschichtschutz-25-fuss-lang-zum-heizen-kuehlen-lueften-und-ablassen\/"]}]},{"@type":"ImageObject","inLanguage":"de","@id":"https:\/\/marktxxl.de\/markt\/produkt\/ac-infinity-flexible-6-zoll-aluminiumleitung-hochleistungs-vierschichtschutz-25-fuss-lang-zum-heizen-kuehlen-lueften-und-ablassen\/#primaryimage","url":"https:\/\/m.media-amazon.com\/images\/I\/41fIn-ynKLL._SL500_.jpg","contentUrl":"https:\/\/m.media-amazon.com\/images\/I\/41fIn-ynKLL._SL500_.jpg","width":500,"height":500},{"@type":"BreadcrumbList","@id":"https:\/\/marktxxl.de\/markt\/produkt\/ac-infinity-flexible-6-zoll-aluminiumleitung-hochleistungs-vierschichtschutz-25-fuss-lang-zum-heizen-kuehlen-lueften-und-ablassen\/#breadcrumb","itemListElement":[{"@type":"ListItem","position":1,"name":"Startseite","item":"https:\/\/marktxxl.de\/markt\/"},{"@type":"ListItem","position":2,"name":"Markt","item":"https:\/\/marktxxl.de\/markt\/"},{"@type":"ListItem","position":3,"name":"AC Infinity Flexible 6-Zoll-Aluminiumleitung, Hochleistungs-Vierschichtschutz, 25 Fu\u00df lang zum Heizen, K\u00fchlen, L\u00fcften\u2026"}]},{"@type":"WebSite","@id":"https:\/\/marktxxl.de\/markt\/#website","url":"https:\/\/marktxxl.de\/markt\/","name":"Markt-XXL","description":"Ihr Markt Online","publisher":{"@id":"https:\/\/marktxxl.de\/markt\/#organization"},"potentialAction":[{"@type":"SearchAction","target":{"@type":"EntryPoint","urlTemplate":"https:\/\/marktxxl.de\/markt\/?s={search_term_string}"},"query-input":{"@type":"PropertyValueSpecification","valueRequired":true,"valueName":"search_term_string"}}],"inLanguage":"de"},{"@type":"Organization","@id":"https:\/\/marktxxl.de\/markt\/#organization","name":"Markt-XXL","url":"https:\/\/marktxxl.de\/markt\/","logo":{"@type":"ImageObject","inLanguage":"de","@id":"https:\/\/marktxxl.de\/markt\/#\/schema\/logo\/image\/","url":"https:\/\/marktxxl.de\/markt\/wp-content\/uploads\/sites\/3\/2020\/12\/logo.png","contentUrl":"https:\/\/marktxxl.de\/markt\/wp-content\/uploads\/sites\/3\/2020\/12\/logo.png","width":200,"height":70,"caption":"Markt-XXL"},"image":{"@id":"https:\/\/marktxxl.de\/markt\/#\/schema\/logo\/image\/"}}]}},"_links":{"self":[{"href":"https:\/\/marktxxl.de\/markt\/wp-json\/wp\/v2\/product\/84051","targetHints":{"allow":["GET"]}}],"collection":[{"href":"https:\/\/marktxxl.de\/markt\/wp-json\/wp\/v2\/product"}],"about":[{"href":"https:\/\/marktxxl.de\/markt\/wp-json\/wp\/v2\/types\/product"}],"replies":[{"embeddable":true,"href":"https:\/\/marktxxl.de\/markt\/wp-json\/wp\/v2\/comments?post=84051"}],"wp:featuredmedia":[{"embeddable":true,"href":"https:\/\/marktxxl.de\/markt\/wp-json\/wp\/v2\/media\/84052"}],"wp:attachment":[{"href":"https:\/\/marktxxl.de\/markt\/wp-json\/wp\/v2\/media?parent=84051"}],"wp:term":[{"taxonomy":"product_brand","embeddable":true,"href":"https:\/\/marktxxl.de\/markt\/wp-json\/wp\/v2\/product_brand?post=84051"},{"taxonomy":"product_cat","embeddable":true,"href":"https:\/\/marktxxl.de\/markt\/wp-json\/wp\/v2\/product_cat?post=84051"},{"taxonomy":"product_tag","embeddable":true,"href":"https:\/\/marktxxl.de\/markt\/wp-json\/wp\/v2\/product_tag?post=84051"}],"curies":[{"name":"wp","href":"https:\/\/api.w.org\/{rel}","templated":true}]}}