{"id":84034,"date":"2021-12-28T13:24:24","date_gmt":"2021-12-28T12:24:24","guid":{"rendered":"https:\/\/marktxxl.de\/markt\/produkt\/anker-bolder-lc40-taschenlampe-wiederaufladbar-camping-led-taschenlampe-extrem-hell-400-lumen-cree-led-ip65-wasserfest-5-verstellbare-modi\/"},"modified":"2023-04-06T02:15:30","modified_gmt":"2023-04-06T00:15:30","slug":"anker-bolder-lc40-taschenlampe-wiederaufladbar-camping-led-taschenlampe-extrem-hell-400-lumen-cree-led-ip65-wasserfest-5-verstellbare-modi","status":"publish","type":"product","link":"https:\/\/marktxxl.de\/markt\/produkt\/anker-bolder-lc40-taschenlampe-wiederaufladbar-camping-led-taschenlampe-extrem-hell-400-lumen-cree-led-ip65-wasserfest-5-verstellbare-modi\/","title":{"rendered":"Anker Bolder LC40 Taschenlampe [Wiederaufladbar], Camping LED Taschenlampe, Extrem Hell, 400 Lumen CREE LED, IP65\u2026"},"content":{"rendered":"<p>EXTREM HELL: 400 Lumen Cree LED (50000 Stunden Lebenszeit). Kompakt und robust ideal um dunkle Stellen auszuleuchten. Mit f\u00fcnf voreingestellten Modi Hell \/ Medium \/ Niedrig \/ Blitz \/ SOS.<br \/>\nLANGLEBIG: Bis zu 20 Stunden (bei mittlerer Einstellung) durchgehend Licht mit der 3350 mAh Batterie (im Lieferumfang, wiederaufladbar). Die eingebauten LEDs haben 50000 Stunden Lebensdauer. In nur sechs Stunden ist die Taschenlampe \u00fcber ein 5 V 1 A Ladeger\u00e4t (nicht im Lieferumfang) \u00fcber ein Micro USB Kabel komplett geladen.<br \/>\nVERL\u00c4SSLICH: IP65 zertifiziert. F\u00fcr nahezu alle Umgebungen wie Regen oder Staub geeignet. Das Geh\u00e4use aus Aluminium vertr\u00e4gt St\u00f6\u00dfe und grobe Handhabung.<br \/>\nHANDLICH: Das Leichtgewicht l\u00e4sst sich einfach mitnehmen. Die strukturierte Oberfl\u00e4che des Griffs bietet in nahezu allen Situationen festen Halt.<br \/>\nWAS SIE BEKOMMEN: Anker Bolder LC40 wiederaufladbare Taschenlampe (mit eingebauter 3350 mAh Batterie), Bedienungsanleitung, Micro USB Kabel, 18 Monate Garantie sowie freundlichen Kundenservice.<br \/>\n<div class=\"main-cross-sell\" data-asin=\"B072171VHQ\">\n\n\t<div class=\"WooZone-cross-sell-loader\">\n\t\t<div>\n\t\t\t<div id=\"floatingBarsG\">\n\t\t\t\t<div class=\"blockG\" id=\"rotateG_01\"><\/div>\n\t\t\t\t<div class=\"blockG\" id=\"rotateG_02\"><\/div>\n\t\t\t\t<div class=\"blockG\" id=\"rotateG_03\"><\/div>\n\t\t\t\t<div class=\"blockG\" id=\"rotateG_04\"><\/div>\n\t\t\t\t<div class=\"blockG\" id=\"rotateG_05\"><\/div>\n\t\t\t\t<div class=\"blockG\" id=\"rotateG_06\"><\/div>\n\t\t\t\t<div class=\"blockG\" id=\"rotateG_07\"><\/div>\n\t\t\t\t<div class=\"blockG\" id=\"rotateG_08\"><\/div>\n\t\t\t<\/div>\n\t\t\t<div class=\"WooZone-cross-sell-loader-text\"><\/div>\n\t\t<\/div>\n\t<\/div>\n\n\t\t\n<\/div>\n<div style=\"clear:both;\"><\/div><\/p>\n","protected":false},"excerpt":{"rendered":"<p>EXTREM HELL: 400 Lumen Cree LED (50000 Stunden Lebenszeit). Kompakt und robust ideal um dunkle Stellen auszuleuchten. Mit f\u00fcnf voreingestellten Modi Hell \/ Medium \/ Niedrig \/ Blitz \/ SOS.<br \/>\nLANGLEBIG: Bis zu 20 Stunden (bei mittlerer Einstellung) durchgehend Licht mit der 3350 mAh Batterie (im Lieferumfang, wiederaufladbar). Die eingebauten LEDs haben 50000 Stunden Lebensdauer. In nur sechs Stunden ist die Taschenlampe \u00fcber ein 5 V 1 A Ladeger\u00e4t (nicht im Lieferumfang) \u00fcber ein Micro USB Kabel komplett geladen.<br \/>\nVERL\u00c4SSLICH: IP65 zertifiziert. F\u00fcr nahezu alle Umgebungen wie Regen oder Staub geeignet. Das Geh\u00e4use aus Aluminium vertr\u00e4gt St\u00f6\u00dfe und grobe Handhabung.<\/p>\n","protected":false},"featured_media":84035,"comment_status":"open","ping_status":"closed","template":"","meta":[],"product_brand":[],"product_cat":[10704,1983],"product_tag":[],"class_list":{"0":"post-84034","1":"product","2":"type-product","3":"status-publish","4":"has-post-thumbnail","6":"product_cat-baubedarf","7":"product_cat-baumarkt","8":"pa_binding-werkzeug","9":"pa_brand-anker","10":"pa_height-1-29921-zoll","11":"pa_length-5-03936-zoll","12":"pa_manufacturer-anker","13":"pa_model-lc-40-bolder","14":"pa_weight-0-27-pfund","15":"pa_width-1-29921-zoll","17":"first","18":"instock","19":"shipping-taxable","20":"purchasable","21":"product-type-simple","22":"customify-col","23":"product-has-gallery"},"yoast_head":"<!-- This site is optimized with the Yoast SEO plugin v27.4 - https:\/\/yoast.com\/product\/yoast-seo-wordpress\/ -->\n<title>Anker Bolder LC40 Taschenlampe [Wiederaufladbar], Camping LED Taschenlampe, Extrem Hell, 400 Lumen CREE LED, IP65\u2026 - Markt-XXL<\/title>\n<meta name=\"description\" content=\"Markt-XXL Anker Bolder LC40 Taschenlampe [Wiederaufladbar], Camping LED Taschenlampe, Extrem Hell, 400 Lumen CREE LED, IP65\u2026\" \/>\n<meta name=\"robots\" content=\"index, follow, max-snippet:-1, max-image-preview:large, max-video-preview:-1\" \/>\n<link rel=\"canonical\" href=\"https:\/\/marktxxl.de\/markt\/produkt\/anker-bolder-lc40-taschenlampe-wiederaufladbar-camping-led-taschenlampe-extrem-hell-400-lumen-cree-led-ip65-wasserfest-5-verstellbare-modi\/\" \/>\n<meta property=\"og:locale\" content=\"de_DE\" \/>\n<meta property=\"og:type\" content=\"article\" \/>\n<meta property=\"og:title\" content=\"Anker Bolder LC40 Taschenlampe [Wiederaufladbar], Camping LED Taschenlampe, Extrem Hell, 400 Lumen CREE LED, IP65\u2026 - Markt-XXL\" \/>\n<meta property=\"og:description\" content=\"Markt-XXL Anker Bolder LC40 Taschenlampe [Wiederaufladbar], Camping LED Taschenlampe, Extrem Hell, 400 Lumen CREE LED, IP65\u2026\" \/>\n<meta property=\"og:url\" content=\"https:\/\/marktxxl.de\/markt\/produkt\/anker-bolder-lc40-taschenlampe-wiederaufladbar-camping-led-taschenlampe-extrem-hell-400-lumen-cree-led-ip65-wasserfest-5-verstellbare-modi\/\" \/>\n<meta property=\"og:site_name\" content=\"Markt-XXL\" \/>\n<meta property=\"article:modified_time\" content=\"2023-04-06T00:15:30+00:00\" \/>\n<meta property=\"og:image\" content=\"https:\/\/m.media-amazon.com\/images\/I\/41Nk+p+YjYL._SL500_.jpg\" \/>\n\t<meta property=\"og:image:width\" content=\"500\" \/>\n\t<meta property=\"og:image:height\" content=\"500\" \/>\n\t<meta property=\"og:image:type\" content=\"image\/jpeg\" \/>\n<meta name=\"twitter:card\" content=\"summary_large_image\" \/>\n<meta name=\"twitter:label1\" content=\"Gesch\u00e4tzte Lesezeit\" \/>\n\t<meta name=\"twitter:data1\" content=\"1\u00a0Minute\" \/>\n<script type=\"application\/ld+json\" class=\"yoast-schema-graph\">{\"@context\":\"https:\\\/\\\/schema.org\",\"@graph\":[{\"@type\":\"WebPage\",\"@id\":\"https:\\\/\\\/marktxxl.de\\\/markt\\\/produkt\\\/anker-bolder-lc40-taschenlampe-wiederaufladbar-camping-led-taschenlampe-extrem-hell-400-lumen-cree-led-ip65-wasserfest-5-verstellbare-modi\\\/\",\"url\":\"https:\\\/\\\/marktxxl.de\\\/markt\\\/produkt\\\/anker-bolder-lc40-taschenlampe-wiederaufladbar-camping-led-taschenlampe-extrem-hell-400-lumen-cree-led-ip65-wasserfest-5-verstellbare-modi\\\/\",\"name\":\"Anker Bolder LC40 Taschenlampe [Wiederaufladbar], Camping LED Taschenlampe, Extrem Hell, 400 Lumen CREE LED, IP65\u2026 - Markt-XXL\",\"isPartOf\":{\"@id\":\"https:\\\/\\\/marktxxl.de\\\/markt\\\/#website\"},\"primaryImageOfPage\":{\"@id\":\"https:\\\/\\\/marktxxl.de\\\/markt\\\/produkt\\\/anker-bolder-lc40-taschenlampe-wiederaufladbar-camping-led-taschenlampe-extrem-hell-400-lumen-cree-led-ip65-wasserfest-5-verstellbare-modi\\\/#primaryimage\"},\"image\":{\"@id\":\"https:\\\/\\\/marktxxl.de\\\/markt\\\/produkt\\\/anker-bolder-lc40-taschenlampe-wiederaufladbar-camping-led-taschenlampe-extrem-hell-400-lumen-cree-led-ip65-wasserfest-5-verstellbare-modi\\\/#primaryimage\"},\"thumbnailUrl\":\"https:\\\/\\\/m.media-amazon.com\\\/images\\\/I\\\/41Nk+p+YjYL._SL500_.jpg\",\"datePublished\":\"2021-12-28T12:24:24+00:00\",\"dateModified\":\"2023-04-06T00:15:30+00:00\",\"description\":\"Markt-XXL Anker Bolder LC40 Taschenlampe [Wiederaufladbar], Camping LED Taschenlampe, Extrem Hell, 400 Lumen CREE LED, IP65\u2026\",\"breadcrumb\":{\"@id\":\"https:\\\/\\\/marktxxl.de\\\/markt\\\/produkt\\\/anker-bolder-lc40-taschenlampe-wiederaufladbar-camping-led-taschenlampe-extrem-hell-400-lumen-cree-led-ip65-wasserfest-5-verstellbare-modi\\\/#breadcrumb\"},\"inLanguage\":\"de\",\"potentialAction\":[{\"@type\":\"ReadAction\",\"target\":[\"https:\\\/\\\/marktxxl.de\\\/markt\\\/produkt\\\/anker-bolder-lc40-taschenlampe-wiederaufladbar-camping-led-taschenlampe-extrem-hell-400-lumen-cree-led-ip65-wasserfest-5-verstellbare-modi\\\/\"]}]},{\"@type\":\"ImageObject\",\"inLanguage\":\"de\",\"@id\":\"https:\\\/\\\/marktxxl.de\\\/markt\\\/produkt\\\/anker-bolder-lc40-taschenlampe-wiederaufladbar-camping-led-taschenlampe-extrem-hell-400-lumen-cree-led-ip65-wasserfest-5-verstellbare-modi\\\/#primaryimage\",\"url\":\"https:\\\/\\\/m.media-amazon.com\\\/images\\\/I\\\/41Nk+p+YjYL._SL500_.jpg\",\"contentUrl\":\"https:\\\/\\\/m.media-amazon.com\\\/images\\\/I\\\/41Nk+p+YjYL._SL500_.jpg\",\"width\":500,\"height\":500},{\"@type\":\"BreadcrumbList\",\"@id\":\"https:\\\/\\\/marktxxl.de\\\/markt\\\/produkt\\\/anker-bolder-lc40-taschenlampe-wiederaufladbar-camping-led-taschenlampe-extrem-hell-400-lumen-cree-led-ip65-wasserfest-5-verstellbare-modi\\\/#breadcrumb\",\"itemListElement\":[{\"@type\":\"ListItem\",\"position\":1,\"name\":\"Startseite\",\"item\":\"https:\\\/\\\/marktxxl.de\\\/markt\\\/\"},{\"@type\":\"ListItem\",\"position\":2,\"name\":\"Markt\",\"item\":\"https:\\\/\\\/marktxxl.de\\\/markt\\\/\"},{\"@type\":\"ListItem\",\"position\":3,\"name\":\"Anker Bolder LC40 Taschenlampe [Wiederaufladbar], Camping LED Taschenlampe, Extrem Hell, 400 Lumen CREE LED, IP65\u2026\"}]},{\"@type\":\"WebSite\",\"@id\":\"https:\\\/\\\/marktxxl.de\\\/markt\\\/#website\",\"url\":\"https:\\\/\\\/marktxxl.de\\\/markt\\\/\",\"name\":\"Markt-XXL\",\"description\":\"Ihr Markt Online\",\"publisher\":{\"@id\":\"https:\\\/\\\/marktxxl.de\\\/markt\\\/#organization\"},\"potentialAction\":[{\"@type\":\"SearchAction\",\"target\":{\"@type\":\"EntryPoint\",\"urlTemplate\":\"https:\\\/\\\/marktxxl.de\\\/markt\\\/?s={search_term_string}\"},\"query-input\":{\"@type\":\"PropertyValueSpecification\",\"valueRequired\":true,\"valueName\":\"search_term_string\"}}],\"inLanguage\":\"de\"},{\"@type\":\"Organization\",\"@id\":\"https:\\\/\\\/marktxxl.de\\\/markt\\\/#organization\",\"name\":\"Markt-XXL\",\"url\":\"https:\\\/\\\/marktxxl.de\\\/markt\\\/\",\"logo\":{\"@type\":\"ImageObject\",\"inLanguage\":\"de\",\"@id\":\"https:\\\/\\\/marktxxl.de\\\/markt\\\/#\\\/schema\\\/logo\\\/image\\\/\",\"url\":\"https:\\\/\\\/marktxxl.de\\\/markt\\\/wp-content\\\/uploads\\\/sites\\\/3\\\/2020\\\/12\\\/logo.png\",\"contentUrl\":\"https:\\\/\\\/marktxxl.de\\\/markt\\\/wp-content\\\/uploads\\\/sites\\\/3\\\/2020\\\/12\\\/logo.png\",\"width\":200,\"height\":70,\"caption\":\"Markt-XXL\"},\"image\":{\"@id\":\"https:\\\/\\\/marktxxl.de\\\/markt\\\/#\\\/schema\\\/logo\\\/image\\\/\"}}]}<\/script>\n<!-- \/ Yoast SEO plugin. -->","yoast_head_json":{"title":"Anker Bolder LC40 Taschenlampe [Wiederaufladbar], Camping LED Taschenlampe, Extrem Hell, 400 Lumen CREE LED, IP65\u2026 - Markt-XXL","description":"Markt-XXL Anker Bolder LC40 Taschenlampe [Wiederaufladbar], Camping LED Taschenlampe, Extrem Hell, 400 Lumen CREE LED, IP65\u2026","robots":{"index":"index","follow":"follow","max-snippet":"max-snippet:-1","max-image-preview":"max-image-preview:large","max-video-preview":"max-video-preview:-1"},"canonical":"https:\/\/marktxxl.de\/markt\/produkt\/anker-bolder-lc40-taschenlampe-wiederaufladbar-camping-led-taschenlampe-extrem-hell-400-lumen-cree-led-ip65-wasserfest-5-verstellbare-modi\/","og_locale":"de_DE","og_type":"article","og_title":"Anker Bolder LC40 Taschenlampe [Wiederaufladbar], Camping LED Taschenlampe, Extrem Hell, 400 Lumen CREE LED, IP65\u2026 - Markt-XXL","og_description":"Markt-XXL Anker Bolder LC40 Taschenlampe [Wiederaufladbar], Camping LED Taschenlampe, Extrem Hell, 400 Lumen CREE LED, IP65\u2026","og_url":"https:\/\/marktxxl.de\/markt\/produkt\/anker-bolder-lc40-taschenlampe-wiederaufladbar-camping-led-taschenlampe-extrem-hell-400-lumen-cree-led-ip65-wasserfest-5-verstellbare-modi\/","og_site_name":"Markt-XXL","article_modified_time":"2023-04-06T00:15:30+00:00","og_image":[{"width":500,"height":500,"url":"https:\/\/m.media-amazon.com\/images\/I\/41Nk+p+YjYL._SL500_.jpg","type":"image\/jpeg"}],"twitter_card":"summary_large_image","twitter_misc":{"Gesch\u00e4tzte Lesezeit":"1\u00a0Minute"},"schema":{"@context":"https:\/\/schema.org","@graph":[{"@type":"WebPage","@id":"https:\/\/marktxxl.de\/markt\/produkt\/anker-bolder-lc40-taschenlampe-wiederaufladbar-camping-led-taschenlampe-extrem-hell-400-lumen-cree-led-ip65-wasserfest-5-verstellbare-modi\/","url":"https:\/\/marktxxl.de\/markt\/produkt\/anker-bolder-lc40-taschenlampe-wiederaufladbar-camping-led-taschenlampe-extrem-hell-400-lumen-cree-led-ip65-wasserfest-5-verstellbare-modi\/","name":"Anker Bolder LC40 Taschenlampe [Wiederaufladbar], Camping LED Taschenlampe, Extrem Hell, 400 Lumen CREE LED, IP65\u2026 - Markt-XXL","isPartOf":{"@id":"https:\/\/marktxxl.de\/markt\/#website"},"primaryImageOfPage":{"@id":"https:\/\/marktxxl.de\/markt\/produkt\/anker-bolder-lc40-taschenlampe-wiederaufladbar-camping-led-taschenlampe-extrem-hell-400-lumen-cree-led-ip65-wasserfest-5-verstellbare-modi\/#primaryimage"},"image":{"@id":"https:\/\/marktxxl.de\/markt\/produkt\/anker-bolder-lc40-taschenlampe-wiederaufladbar-camping-led-taschenlampe-extrem-hell-400-lumen-cree-led-ip65-wasserfest-5-verstellbare-modi\/#primaryimage"},"thumbnailUrl":"https:\/\/m.media-amazon.com\/images\/I\/41Nk+p+YjYL._SL500_.jpg","datePublished":"2021-12-28T12:24:24+00:00","dateModified":"2023-04-06T00:15:30+00:00","description":"Markt-XXL Anker Bolder LC40 Taschenlampe [Wiederaufladbar], Camping LED Taschenlampe, Extrem Hell, 400 Lumen CREE LED, IP65\u2026","breadcrumb":{"@id":"https:\/\/marktxxl.de\/markt\/produkt\/anker-bolder-lc40-taschenlampe-wiederaufladbar-camping-led-taschenlampe-extrem-hell-400-lumen-cree-led-ip65-wasserfest-5-verstellbare-modi\/#breadcrumb"},"inLanguage":"de","potentialAction":[{"@type":"ReadAction","target":["https:\/\/marktxxl.de\/markt\/produkt\/anker-bolder-lc40-taschenlampe-wiederaufladbar-camping-led-taschenlampe-extrem-hell-400-lumen-cree-led-ip65-wasserfest-5-verstellbare-modi\/"]}]},{"@type":"ImageObject","inLanguage":"de","@id":"https:\/\/marktxxl.de\/markt\/produkt\/anker-bolder-lc40-taschenlampe-wiederaufladbar-camping-led-taschenlampe-extrem-hell-400-lumen-cree-led-ip65-wasserfest-5-verstellbare-modi\/#primaryimage","url":"https:\/\/m.media-amazon.com\/images\/I\/41Nk+p+YjYL._SL500_.jpg","contentUrl":"https:\/\/m.media-amazon.com\/images\/I\/41Nk+p+YjYL._SL500_.jpg","width":500,"height":500},{"@type":"BreadcrumbList","@id":"https:\/\/marktxxl.de\/markt\/produkt\/anker-bolder-lc40-taschenlampe-wiederaufladbar-camping-led-taschenlampe-extrem-hell-400-lumen-cree-led-ip65-wasserfest-5-verstellbare-modi\/#breadcrumb","itemListElement":[{"@type":"ListItem","position":1,"name":"Startseite","item":"https:\/\/marktxxl.de\/markt\/"},{"@type":"ListItem","position":2,"name":"Markt","item":"https:\/\/marktxxl.de\/markt\/"},{"@type":"ListItem","position":3,"name":"Anker Bolder LC40 Taschenlampe [Wiederaufladbar], Camping LED Taschenlampe, Extrem Hell, 400 Lumen CREE LED, IP65\u2026"}]},{"@type":"WebSite","@id":"https:\/\/marktxxl.de\/markt\/#website","url":"https:\/\/marktxxl.de\/markt\/","name":"Markt-XXL","description":"Ihr Markt Online","publisher":{"@id":"https:\/\/marktxxl.de\/markt\/#organization"},"potentialAction":[{"@type":"SearchAction","target":{"@type":"EntryPoint","urlTemplate":"https:\/\/marktxxl.de\/markt\/?s={search_term_string}"},"query-input":{"@type":"PropertyValueSpecification","valueRequired":true,"valueName":"search_term_string"}}],"inLanguage":"de"},{"@type":"Organization","@id":"https:\/\/marktxxl.de\/markt\/#organization","name":"Markt-XXL","url":"https:\/\/marktxxl.de\/markt\/","logo":{"@type":"ImageObject","inLanguage":"de","@id":"https:\/\/marktxxl.de\/markt\/#\/schema\/logo\/image\/","url":"https:\/\/marktxxl.de\/markt\/wp-content\/uploads\/sites\/3\/2020\/12\/logo.png","contentUrl":"https:\/\/marktxxl.de\/markt\/wp-content\/uploads\/sites\/3\/2020\/12\/logo.png","width":200,"height":70,"caption":"Markt-XXL"},"image":{"@id":"https:\/\/marktxxl.de\/markt\/#\/schema\/logo\/image\/"}}]}},"_links":{"self":[{"href":"https:\/\/marktxxl.de\/markt\/wp-json\/wp\/v2\/product\/84034","targetHints":{"allow":["GET"]}}],"collection":[{"href":"https:\/\/marktxxl.de\/markt\/wp-json\/wp\/v2\/product"}],"about":[{"href":"https:\/\/marktxxl.de\/markt\/wp-json\/wp\/v2\/types\/product"}],"replies":[{"embeddable":true,"href":"https:\/\/marktxxl.de\/markt\/wp-json\/wp\/v2\/comments?post=84034"}],"wp:featuredmedia":[{"embeddable":true,"href":"https:\/\/marktxxl.de\/markt\/wp-json\/wp\/v2\/media\/84035"}],"wp:attachment":[{"href":"https:\/\/marktxxl.de\/markt\/wp-json\/wp\/v2\/media?parent=84034"}],"wp:term":[{"taxonomy":"product_brand","embeddable":true,"href":"https:\/\/marktxxl.de\/markt\/wp-json\/wp\/v2\/product_brand?post=84034"},{"taxonomy":"product_cat","embeddable":true,"href":"https:\/\/marktxxl.de\/markt\/wp-json\/wp\/v2\/product_cat?post=84034"},{"taxonomy":"product_tag","embeddable":true,"href":"https:\/\/marktxxl.de\/markt\/wp-json\/wp\/v2\/product_tag?post=84034"}],"curies":[{"name":"wp","href":"https:\/\/api.w.org\/{rel}","templated":true}]}}