{"id":83889,"date":"2021-12-28T13:00:29","date_gmt":"2021-12-28T12:00:29","guid":{"rendered":"https:\/\/marktxxl.de\/markt\/produkt\/irpot-ebox-864-feuchttuecher-trudi-baby-care-12-conf\/"},"modified":"2023-04-11T03:00:23","modified_gmt":"2023-04-11T01:00:23","slug":"irpot-ebox-864-feuchttuecher-trudi-baby-care-12-conf","status":"publish","type":"product","link":"https:\/\/marktxxl.de\/markt\/produkt\/irpot-ebox-864-feuchttuecher-trudi-baby-care-12-conf\/","title":{"rendered":"IRPot &#8211; eBOX 864 FEUCHTT\u00dcCHER TRUDI BABY CARE 12 CONF"},"content":{"rendered":"<p>Hochwertiges Produkt. Unser klinisch getestetes Argan\u00f6l enth\u00e4lt Vitamin E und Omega 6 Fetts\u00e4uren. Gl\u00e4ttet die Haare, gl\u00e4ttet sie und spendet Feuchtigkeit f\u00fcr Haut und Kalk, pflegt N\u00e4gel und Nagelhaut und sch\u00fctzt die Zellen mit starken Oxidationsmitteln, die helfen, Unebenheiten, leichte Linien, Falten und Dehnungsstreifen zu beseitigen. Wenn Sie nicht zu 100% zufrieden sind, geben Sie es f\u00fcr eine vollst\u00e4ndige R\u00fcckerstattung zur\u00fcck, wir werden keine Fragen stellen.<br \/>\n100 % reines Argan\u00f6l mit h\u00f6herer Leistung als andere: effizienter. Weniger und mehr warten. Unser nat\u00fcrliches Argan\u00f6l aus marokkanischen Quellen f\u00fcr Haare, K\u00f6rper und N\u00e4gel schl\u00e4gt andere Marken. Das Bio-Argan\u00f6l ist 100 % biologisch und spendet Feuchtigkeit und erhellt Ihren ganzen K\u00f6rper mit wenigen Tropfen von einer UV-gesch\u00fctzten Flasche, die die Erhaltung der nat\u00fcrlichen N\u00e4hrstoffe des \u00d6ls gew\u00e4hrleistet.<br \/>\nEinzigartiges Argan\u00f6l in der eigenen Generation mit 1000 Anwendungen, 0 Wiedergaben: Weichsp\u00fclt und gl\u00e4ttet alle Haartypen, aber es gibt noch mehr. Verwenden Sie 100 % reines biologisches Argan\u00f6l, um die Haut und die Kopfhaut langfristig zu befeuchten, 2) Unebenheiten, feine Linien und Falten zu beseitigen. 3) Hilft bei der Behandlung von Akne, 4) n\u00e4hrt N\u00e4gel und Nagelhaut, 5) reparieren und sch\u00fctzen Sie besch\u00e4digte Zellen. Die Liste kann endlos fortgesetzt werden.<br \/>\nHINWEIS: Verbessert jeden Hauttyp und die Eclat-Formel wirkt schneller. Unser reines Jojoba\u00f6l zieht leichter ein als verd\u00fcnnt. Nur wenige Tropfen unseres kaltgepressten \u00d6ls und Sie werden den Unterschied eines hochwertigen nat\u00fcrlichen Jojoba-\u00d6ls bemerken.<br \/>\nW\u00e4hlen Sie ein umweltfreundliches und nat\u00fcrliches Argan\u00f6l in einer einzigen Formel: Wir k\u00fcmmern uns um Qualit\u00e4t und Umwelt. Das Argan\u00f6l Eclat ist nicht an Tieren getestet, ist latexfrei und GMP-zertifiziert mit 100% nat\u00fcrlichen und reinen Inhaltsstoffen. Unser \u00d6l beruhigt und pflegt und sch\u00fctzt Haare, Haut, N\u00e4gel und Nagelhaut. Durch die Bek\u00e4mpfung von krausem Effekt, sanften Linien und Falten. Probieren Sie es aus oder wenden Sie sich an oder wir werden Ihnen mit unserer 100% Geld-zur\u00fcck-Garantie innerhalb von 30 Tagen ohne Fragen zur\u00fcckerstatten.<br \/>\n<div class=\"main-cross-sell\" data-asin=\"B01985JQNY\">\n\n\t<div class=\"WooZone-cross-sell-loader\">\n\t\t<div>\n\t\t\t<div id=\"floatingBarsG\">\n\t\t\t\t<div class=\"blockG\" id=\"rotateG_01\"><\/div>\n\t\t\t\t<div class=\"blockG\" id=\"rotateG_02\"><\/div>\n\t\t\t\t<div class=\"blockG\" id=\"rotateG_03\"><\/div>\n\t\t\t\t<div class=\"blockG\" id=\"rotateG_04\"><\/div>\n\t\t\t\t<div class=\"blockG\" id=\"rotateG_05\"><\/div>\n\t\t\t\t<div class=\"blockG\" id=\"rotateG_06\"><\/div>\n\t\t\t\t<div class=\"blockG\" id=\"rotateG_07\"><\/div>\n\t\t\t\t<div class=\"blockG\" id=\"rotateG_08\"><\/div>\n\t\t\t<\/div>\n\t\t\t<div class=\"WooZone-cross-sell-loader-text\"><\/div>\n\t\t<\/div>\n\t<\/div>\n\n\t\t\n<\/div>\n<div style=\"clear:both;\"><\/div><\/p>\n","protected":false},"excerpt":{"rendered":"<p>Hochwertiges Produkt. Unser klinisch getestetes Argan\u00f6l enth\u00e4lt Vitamin E und Omega 6 Fetts\u00e4uren. Gl\u00e4ttet die Haare, gl\u00e4ttet sie und spendet Feuchtigkeit f\u00fcr Haut und Kalk, pflegt N\u00e4gel und Nagelhaut und sch\u00fctzt die Zellen mit starken Oxidationsmitteln, die helfen, Unebenheiten, leichte Linien, Falten und Dehnungsstreifen zu beseitigen. Wenn Sie nicht zu 100% zufrieden sind, geben Sie es f\u00fcr eine vollst\u00e4ndige R\u00fcckerstattung zur\u00fcck, wir werden keine Fragen stellen.<br \/>\n100 % reines Argan\u00f6l mit h\u00f6herer Leistung als andere: effizienter. Weniger und mehr warten. Unser nat\u00fcrliches Argan\u00f6l aus marokkanischen Quellen f\u00fcr Haare, K\u00f6rper und N\u00e4gel schl\u00e4gt andere Marken. Das Bio-Argan\u00f6l ist 100 % biologisch und spendet Feuchtigkeit und erhellt Ihren ganzen K\u00f6rper mit wenigen Tropfen von einer UV-gesch\u00fctzten Flasche, die die Erhaltung der nat\u00fcrlichen N\u00e4hrstoffe des \u00d6ls gew\u00e4hrleistet.<br \/>\nEinzigartiges Argan\u00f6l in der eigenen Generation mit 1000 Anwendungen, 0 Wiedergaben: Weichsp\u00fclt und gl\u00e4ttet alle Haartypen, aber es gibt noch mehr. Verwenden Sie 100 % reines biologisches Argan\u00f6l, um die Haut und die Kopfhaut langfristig zu befeuchten, 2) Unebenheiten, feine Linien und Falten zu beseitigen. 3) Hilft bei der Behandlung von Akne, 4) n\u00e4hrt N\u00e4gel und Nagelhaut, 5) reparieren und sch\u00fctzen Sie besch\u00e4digte Zellen. Die Liste kann endlos fortgesetzt werden.<\/p>\n","protected":false},"featured_media":83890,"comment_status":"open","ping_status":"closed","template":"","meta":[],"product_brand":[],"product_cat":[21,9437],"product_tag":[],"class_list":{"0":"post-83889","1":"product","2":"type-product","3":"status-publish","4":"has-post-thumbnail","6":"product_cat-baby","7":"product_cat-toepfchen-trittschemel-baby","8":"pa_binding-babyartikel","9":"pa_brand-trudi","10":"pa_color-aos-1251","11":"pa_manufacturer-trudi","13":"first","14":"instock","15":"shipping-taxable","16":"purchasable","17":"product-type-simple","18":"customify-col","19":"product-has-gallery"},"yoast_head":"<!-- This site is optimized with the Yoast SEO plugin v27.4 - https:\/\/yoast.com\/product\/yoast-seo-wordpress\/ -->\n<title>IRPot - eBOX 864 FEUCHTT\u00dcCHER TRUDI BABY CARE 12 CONF - Markt-XXL<\/title>\n<meta name=\"description\" content=\"Markt-XXL IRPot - eBOX 864 FEUCHTT\u00dcCHER TRUDI BABY CARE 12 CONF\" \/>\n<meta name=\"robots\" content=\"index, follow, max-snippet:-1, max-image-preview:large, max-video-preview:-1\" \/>\n<link rel=\"canonical\" href=\"https:\/\/marktxxl.de\/markt\/produkt\/irpot-ebox-864-feuchttuecher-trudi-baby-care-12-conf\/\" \/>\n<meta property=\"og:locale\" content=\"de_DE\" \/>\n<meta property=\"og:type\" content=\"article\" \/>\n<meta property=\"og:title\" content=\"IRPot - eBOX 864 FEUCHTT\u00dcCHER TRUDI BABY CARE 12 CONF - Markt-XXL\" \/>\n<meta property=\"og:description\" content=\"Markt-XXL IRPot - eBOX 864 FEUCHTT\u00dcCHER TRUDI BABY CARE 12 CONF\" \/>\n<meta property=\"og:url\" content=\"https:\/\/marktxxl.de\/markt\/produkt\/irpot-ebox-864-feuchttuecher-trudi-baby-care-12-conf\/\" \/>\n<meta property=\"og:site_name\" content=\"Markt-XXL\" \/>\n<meta property=\"article:modified_time\" content=\"2023-04-11T01:00:23+00:00\" \/>\n<meta property=\"og:image\" content=\"https:\/\/m.media-amazon.com\/images\/I\/51FiUw2anpL._SL500_.jpg\" \/>\n\t<meta property=\"og:image:width\" content=\"500\" \/>\n\t<meta property=\"og:image:height\" content=\"308\" \/>\n\t<meta property=\"og:image:type\" content=\"image\/jpeg\" \/>\n<meta name=\"twitter:card\" content=\"summary_large_image\" \/>\n<meta name=\"twitter:label1\" content=\"Gesch\u00e4tzte Lesezeit\" \/>\n\t<meta name=\"twitter:data1\" content=\"2\u00a0Minuten\" \/>\n<script type=\"application\/ld+json\" class=\"yoast-schema-graph\">{\"@context\":\"https:\\\/\\\/schema.org\",\"@graph\":[{\"@type\":\"WebPage\",\"@id\":\"https:\\\/\\\/marktxxl.de\\\/markt\\\/produkt\\\/irpot-ebox-864-feuchttuecher-trudi-baby-care-12-conf\\\/\",\"url\":\"https:\\\/\\\/marktxxl.de\\\/markt\\\/produkt\\\/irpot-ebox-864-feuchttuecher-trudi-baby-care-12-conf\\\/\",\"name\":\"IRPot - eBOX 864 FEUCHTT\u00dcCHER TRUDI BABY CARE 12 CONF - Markt-XXL\",\"isPartOf\":{\"@id\":\"https:\\\/\\\/marktxxl.de\\\/markt\\\/#website\"},\"primaryImageOfPage\":{\"@id\":\"https:\\\/\\\/marktxxl.de\\\/markt\\\/produkt\\\/irpot-ebox-864-feuchttuecher-trudi-baby-care-12-conf\\\/#primaryimage\"},\"image\":{\"@id\":\"https:\\\/\\\/marktxxl.de\\\/markt\\\/produkt\\\/irpot-ebox-864-feuchttuecher-trudi-baby-care-12-conf\\\/#primaryimage\"},\"thumbnailUrl\":\"https:\\\/\\\/m.media-amazon.com\\\/images\\\/I\\\/51FiUw2anpL._SL500_.jpg\",\"datePublished\":\"2021-12-28T12:00:29+00:00\",\"dateModified\":\"2023-04-11T01:00:23+00:00\",\"description\":\"Markt-XXL IRPot - eBOX 864 FEUCHTT\u00dcCHER TRUDI BABY CARE 12 CONF\",\"breadcrumb\":{\"@id\":\"https:\\\/\\\/marktxxl.de\\\/markt\\\/produkt\\\/irpot-ebox-864-feuchttuecher-trudi-baby-care-12-conf\\\/#breadcrumb\"},\"inLanguage\":\"de\",\"potentialAction\":[{\"@type\":\"ReadAction\",\"target\":[\"https:\\\/\\\/marktxxl.de\\\/markt\\\/produkt\\\/irpot-ebox-864-feuchttuecher-trudi-baby-care-12-conf\\\/\"]}]},{\"@type\":\"ImageObject\",\"inLanguage\":\"de\",\"@id\":\"https:\\\/\\\/marktxxl.de\\\/markt\\\/produkt\\\/irpot-ebox-864-feuchttuecher-trudi-baby-care-12-conf\\\/#primaryimage\",\"url\":\"https:\\\/\\\/m.media-amazon.com\\\/images\\\/I\\\/51FiUw2anpL._SL500_.jpg\",\"contentUrl\":\"https:\\\/\\\/m.media-amazon.com\\\/images\\\/I\\\/51FiUw2anpL._SL500_.jpg\",\"width\":500,\"height\":308},{\"@type\":\"BreadcrumbList\",\"@id\":\"https:\\\/\\\/marktxxl.de\\\/markt\\\/produkt\\\/irpot-ebox-864-feuchttuecher-trudi-baby-care-12-conf\\\/#breadcrumb\",\"itemListElement\":[{\"@type\":\"ListItem\",\"position\":1,\"name\":\"Startseite\",\"item\":\"https:\\\/\\\/marktxxl.de\\\/markt\\\/\"},{\"@type\":\"ListItem\",\"position\":2,\"name\":\"Markt\",\"item\":\"https:\\\/\\\/marktxxl.de\\\/markt\\\/\"},{\"@type\":\"ListItem\",\"position\":3,\"name\":\"IRPot &#8211; eBOX 864 FEUCHTT\u00dcCHER TRUDI BABY CARE 12 CONF\"}]},{\"@type\":\"WebSite\",\"@id\":\"https:\\\/\\\/marktxxl.de\\\/markt\\\/#website\",\"url\":\"https:\\\/\\\/marktxxl.de\\\/markt\\\/\",\"name\":\"Markt-XXL\",\"description\":\"Ihr Markt Online\",\"publisher\":{\"@id\":\"https:\\\/\\\/marktxxl.de\\\/markt\\\/#organization\"},\"potentialAction\":[{\"@type\":\"SearchAction\",\"target\":{\"@type\":\"EntryPoint\",\"urlTemplate\":\"https:\\\/\\\/marktxxl.de\\\/markt\\\/?s={search_term_string}\"},\"query-input\":{\"@type\":\"PropertyValueSpecification\",\"valueRequired\":true,\"valueName\":\"search_term_string\"}}],\"inLanguage\":\"de\"},{\"@type\":\"Organization\",\"@id\":\"https:\\\/\\\/marktxxl.de\\\/markt\\\/#organization\",\"name\":\"Markt-XXL\",\"url\":\"https:\\\/\\\/marktxxl.de\\\/markt\\\/\",\"logo\":{\"@type\":\"ImageObject\",\"inLanguage\":\"de\",\"@id\":\"https:\\\/\\\/marktxxl.de\\\/markt\\\/#\\\/schema\\\/logo\\\/image\\\/\",\"url\":\"https:\\\/\\\/marktxxl.de\\\/markt\\\/wp-content\\\/uploads\\\/sites\\\/3\\\/2020\\\/12\\\/logo.png\",\"contentUrl\":\"https:\\\/\\\/marktxxl.de\\\/markt\\\/wp-content\\\/uploads\\\/sites\\\/3\\\/2020\\\/12\\\/logo.png\",\"width\":200,\"height\":70,\"caption\":\"Markt-XXL\"},\"image\":{\"@id\":\"https:\\\/\\\/marktxxl.de\\\/markt\\\/#\\\/schema\\\/logo\\\/image\\\/\"}}]}<\/script>\n<!-- \/ Yoast SEO plugin. -->","yoast_head_json":{"title":"IRPot - eBOX 864 FEUCHTT\u00dcCHER TRUDI BABY CARE 12 CONF - Markt-XXL","description":"Markt-XXL IRPot - eBOX 864 FEUCHTT\u00dcCHER TRUDI BABY CARE 12 CONF","robots":{"index":"index","follow":"follow","max-snippet":"max-snippet:-1","max-image-preview":"max-image-preview:large","max-video-preview":"max-video-preview:-1"},"canonical":"https:\/\/marktxxl.de\/markt\/produkt\/irpot-ebox-864-feuchttuecher-trudi-baby-care-12-conf\/","og_locale":"de_DE","og_type":"article","og_title":"IRPot - eBOX 864 FEUCHTT\u00dcCHER TRUDI BABY CARE 12 CONF - Markt-XXL","og_description":"Markt-XXL IRPot - eBOX 864 FEUCHTT\u00dcCHER TRUDI BABY CARE 12 CONF","og_url":"https:\/\/marktxxl.de\/markt\/produkt\/irpot-ebox-864-feuchttuecher-trudi-baby-care-12-conf\/","og_site_name":"Markt-XXL","article_modified_time":"2023-04-11T01:00:23+00:00","og_image":[{"width":500,"height":308,"url":"https:\/\/m.media-amazon.com\/images\/I\/51FiUw2anpL._SL500_.jpg","type":"image\/jpeg"}],"twitter_card":"summary_large_image","twitter_misc":{"Gesch\u00e4tzte Lesezeit":"2\u00a0Minuten"},"schema":{"@context":"https:\/\/schema.org","@graph":[{"@type":"WebPage","@id":"https:\/\/marktxxl.de\/markt\/produkt\/irpot-ebox-864-feuchttuecher-trudi-baby-care-12-conf\/","url":"https:\/\/marktxxl.de\/markt\/produkt\/irpot-ebox-864-feuchttuecher-trudi-baby-care-12-conf\/","name":"IRPot - eBOX 864 FEUCHTT\u00dcCHER TRUDI BABY CARE 12 CONF - Markt-XXL","isPartOf":{"@id":"https:\/\/marktxxl.de\/markt\/#website"},"primaryImageOfPage":{"@id":"https:\/\/marktxxl.de\/markt\/produkt\/irpot-ebox-864-feuchttuecher-trudi-baby-care-12-conf\/#primaryimage"},"image":{"@id":"https:\/\/marktxxl.de\/markt\/produkt\/irpot-ebox-864-feuchttuecher-trudi-baby-care-12-conf\/#primaryimage"},"thumbnailUrl":"https:\/\/m.media-amazon.com\/images\/I\/51FiUw2anpL._SL500_.jpg","datePublished":"2021-12-28T12:00:29+00:00","dateModified":"2023-04-11T01:00:23+00:00","description":"Markt-XXL IRPot - eBOX 864 FEUCHTT\u00dcCHER TRUDI BABY CARE 12 CONF","breadcrumb":{"@id":"https:\/\/marktxxl.de\/markt\/produkt\/irpot-ebox-864-feuchttuecher-trudi-baby-care-12-conf\/#breadcrumb"},"inLanguage":"de","potentialAction":[{"@type":"ReadAction","target":["https:\/\/marktxxl.de\/markt\/produkt\/irpot-ebox-864-feuchttuecher-trudi-baby-care-12-conf\/"]}]},{"@type":"ImageObject","inLanguage":"de","@id":"https:\/\/marktxxl.de\/markt\/produkt\/irpot-ebox-864-feuchttuecher-trudi-baby-care-12-conf\/#primaryimage","url":"https:\/\/m.media-amazon.com\/images\/I\/51FiUw2anpL._SL500_.jpg","contentUrl":"https:\/\/m.media-amazon.com\/images\/I\/51FiUw2anpL._SL500_.jpg","width":500,"height":308},{"@type":"BreadcrumbList","@id":"https:\/\/marktxxl.de\/markt\/produkt\/irpot-ebox-864-feuchttuecher-trudi-baby-care-12-conf\/#breadcrumb","itemListElement":[{"@type":"ListItem","position":1,"name":"Startseite","item":"https:\/\/marktxxl.de\/markt\/"},{"@type":"ListItem","position":2,"name":"Markt","item":"https:\/\/marktxxl.de\/markt\/"},{"@type":"ListItem","position":3,"name":"IRPot &#8211; eBOX 864 FEUCHTT\u00dcCHER TRUDI BABY CARE 12 CONF"}]},{"@type":"WebSite","@id":"https:\/\/marktxxl.de\/markt\/#website","url":"https:\/\/marktxxl.de\/markt\/","name":"Markt-XXL","description":"Ihr Markt Online","publisher":{"@id":"https:\/\/marktxxl.de\/markt\/#organization"},"potentialAction":[{"@type":"SearchAction","target":{"@type":"EntryPoint","urlTemplate":"https:\/\/marktxxl.de\/markt\/?s={search_term_string}"},"query-input":{"@type":"PropertyValueSpecification","valueRequired":true,"valueName":"search_term_string"}}],"inLanguage":"de"},{"@type":"Organization","@id":"https:\/\/marktxxl.de\/markt\/#organization","name":"Markt-XXL","url":"https:\/\/marktxxl.de\/markt\/","logo":{"@type":"ImageObject","inLanguage":"de","@id":"https:\/\/marktxxl.de\/markt\/#\/schema\/logo\/image\/","url":"https:\/\/marktxxl.de\/markt\/wp-content\/uploads\/sites\/3\/2020\/12\/logo.png","contentUrl":"https:\/\/marktxxl.de\/markt\/wp-content\/uploads\/sites\/3\/2020\/12\/logo.png","width":200,"height":70,"caption":"Markt-XXL"},"image":{"@id":"https:\/\/marktxxl.de\/markt\/#\/schema\/logo\/image\/"}}]}},"_links":{"self":[{"href":"https:\/\/marktxxl.de\/markt\/wp-json\/wp\/v2\/product\/83889","targetHints":{"allow":["GET"]}}],"collection":[{"href":"https:\/\/marktxxl.de\/markt\/wp-json\/wp\/v2\/product"}],"about":[{"href":"https:\/\/marktxxl.de\/markt\/wp-json\/wp\/v2\/types\/product"}],"replies":[{"embeddable":true,"href":"https:\/\/marktxxl.de\/markt\/wp-json\/wp\/v2\/comments?post=83889"}],"wp:featuredmedia":[{"embeddable":true,"href":"https:\/\/marktxxl.de\/markt\/wp-json\/wp\/v2\/media\/83890"}],"wp:attachment":[{"href":"https:\/\/marktxxl.de\/markt\/wp-json\/wp\/v2\/media?parent=83889"}],"wp:term":[{"taxonomy":"product_brand","embeddable":true,"href":"https:\/\/marktxxl.de\/markt\/wp-json\/wp\/v2\/product_brand?post=83889"},{"taxonomy":"product_cat","embeddable":true,"href":"https:\/\/marktxxl.de\/markt\/wp-json\/wp\/v2\/product_cat?post=83889"},{"taxonomy":"product_tag","embeddable":true,"href":"https:\/\/marktxxl.de\/markt\/wp-json\/wp\/v2\/product_tag?post=83889"}],"curies":[{"name":"wp","href":"https:\/\/api.w.org\/{rel}","templated":true}]}}