{"id":83814,"date":"2021-12-28T12:57:30","date_gmt":"2021-12-28T11:57:30","guid":{"rendered":"https:\/\/marktxxl.de\/markt\/produkt\/ewedoos-thermo-leggings-damen-mit-taschen-mit-innenfleece-thermo-laufhose-thermounterwaesche-damen-winter-warme-sporthose-damen-sport-leggings-damen-high-waist-fuer-fitness-laufen-wandern\/"},"modified":"2023-04-11T03:00:22","modified_gmt":"2023-04-11T01:00:22","slug":"ewedoos-thermo-leggings-damen-mit-taschen-mit-innenfleece-thermo-laufhose-thermounterwaesche-damen-winter-warme-sporthose-damen-sport-leggings-damen-high-waist-fuer-fitness-laufen-wandern","status":"publish","type":"product","link":"https:\/\/marktxxl.de\/markt\/produkt\/ewedoos-thermo-leggings-damen-mit-taschen-mit-innenfleece-thermo-laufhose-thermounterwaesche-damen-winter-warme-sporthose-damen-sport-leggings-damen-high-waist-fuer-fitness-laufen-wandern\/","title":{"rendered":"Ewedoos Thermo Leggings Damen mit Taschen mit Innenfleece Thermo Laufhose Thermounterw\u00e4sche Damen Winter warme Sporthose\u2026"},"content":{"rendered":"<p>\u2744Sporthose mit Innenfleece: Die dicht gewebten Fasern mit weichem Fleece-Innenfutter sorgen daf\u00fcr, dass die Leggings kalte Winde aussperren. An kalten Tagen halten die Fleece Leggings Ihre Beine angenehm warm. Trotz den niedrigen Temperaturen sch\u00fctzt Ewedoos Thermohose den K\u00f6rper vor dem Ausk\u00fchlen und bietet hautfreundliches und warmes Tragekomfort in den k\u00e4lteren Monaten.<br \/>\n\u2744Blickdicht &amp; Elastisch: Eine warme und blickdichte Sport Leggings Damen ist notwendig beim Training in Winter. Dank dem elastischen Vier-Wege-Stretch-Material sitzt diese Ewedoos Sportleggings wie eine zweite Haut und gew\u00e4hrleistet eine Bewegungsfreihrit. Dieser atmungsaktive Stoff ist auf jeden Fall blickdicht und sorgt f\u00fcr einen angenehmen Tragekomfort.<br \/>\n\u2744Sport Leggings mit Taschen: Ewedoos Winter Sporthosen Damen verf\u00fcgen \u00fcber 2 praktische Seitentaschen, darin k\u00f6nnen Sie Ihre Essentials wie Handy, Schl\u00fcssel oder andere wichtige Dinge aufbewahren. Praktische Taschen k\u00f6nnen die Ablenkungen w\u00e4hrend Ihres Wintertrainings minimiert. Mehr Freiheit ist immer wichtig!<br \/>\n\u2744Multifunktionelle Thermohose: Der hohe und elastische Bund garantiert einen festen Halt und vermeidet Rutschen in vielen Bewegungen. Mit der engen Passform und dem sinnvollen Schnitte passt die Ewedoos Sporthose sich Ihrem K\u00f6rper gut an und formt eine sch\u00f6ne Figur. Sowohl im Alltag als auch bei vielen Sporteinheiten z.B. Laufen und Wandern ist sie eine gute Wahl.<br \/>\n\u2744Spezialisierte Sportbekleidung: Ewedoos ist eine Lifestyle-Marke, die Stil, Komfort und Leistung in sich vereint. So genie\u00dfen Sie mit unseren Sportleggins tolle Bewegungsfreiheit in Winter! Wenn Sie Fragen haben, wenden Sie sich bitte an uns. Hochwertige Produkte und Kundenservice sind immer unser Ziel.<br \/>\n<div class=\"main-cross-sell\" data-asin=\"B09DSPLWKK\">\n\n\t<div class=\"WooZone-cross-sell-loader\">\n\t\t<div>\n\t\t\t<div id=\"floatingBarsG\">\n\t\t\t\t<div class=\"blockG\" id=\"rotateG_01\"><\/div>\n\t\t\t\t<div class=\"blockG\" id=\"rotateG_02\"><\/div>\n\t\t\t\t<div class=\"blockG\" id=\"rotateG_03\"><\/div>\n\t\t\t\t<div class=\"blockG\" id=\"rotateG_04\"><\/div>\n\t\t\t\t<div class=\"blockG\" id=\"rotateG_05\"><\/div>\n\t\t\t\t<div class=\"blockG\" id=\"rotateG_06\"><\/div>\n\t\t\t\t<div class=\"blockG\" id=\"rotateG_07\"><\/div>\n\t\t\t\t<div class=\"blockG\" id=\"rotateG_08\"><\/div>\n\t\t\t<\/div>\n\t\t\t<div class=\"WooZone-cross-sell-loader-text\"><\/div>\n\t\t<\/div>\n\t<\/div>\n\n\t\t\n<\/div>\n<div style=\"clear:both;\"><\/div><\/p>\n","protected":false},"excerpt":{"rendered":"<p>\u2744Sporthose mit Innenfleece: Die dicht gewebten Fasern mit weichem Fleece-Innenfutter sorgen daf\u00fcr, dass die Leggings kalte Winde aussperren. An kalten Tagen halten die Fleece Leggings Ihre Beine angenehm warm. Trotz den niedrigen Temperaturen sch\u00fctzt Ewedoos Thermohose den K\u00f6rper vor dem Ausk\u00fchlen und bietet hautfreundliches und warmes Tragekomfort in den k\u00e4lteren Monaten.<br \/>\n\u2744Blickdicht &amp; Elastisch: Eine warme und blickdichte Sport Leggings Damen ist notwendig beim Training in Winter. Dank dem elastischen Vier-Wege-Stretch-Material sitzt diese Ewedoos Sportleggings wie eine zweite Haut und gew\u00e4hrleistet eine Bewegungsfreihrit. Dieser atmungsaktive Stoff ist auf jeden Fall blickdicht und sorgt f\u00fcr einen angenehmen Tragekomfort.<br \/>\n\u2744Sport Leggings mit Taschen: Ewedoos Winter Sporthosen Damen verf\u00fcgen \u00fcber 2 praktische Seitentaschen, darin k\u00f6nnen Sie Ihre Essentials wie Handy, Schl\u00fcssel oder andere wichtige Dinge aufbewahren. Praktische Taschen k\u00f6nnen die Ablenkungen w\u00e4hrend Ihres Wintertrainings minimiert. Mehr Freiheit ist immer wichtig!<\/p>\n","protected":false},"featured_media":83815,"comment_status":"open","ping_status":"closed","template":"","meta":[],"product_brand":[],"product_cat":[21,9478],"product_tag":[],"class_list":{"0":"post-83814","1":"product","2":"type-product","3":"status-publish","4":"has-post-thumbnail","6":"product_cat-baby","7":"product_cat-umstandskleidung-baby","8":"pa_binding-textilien","9":"pa_brand-ewedoos","11":"first","12":"instock","13":"shipping-taxable","14":"purchasable","15":"product-type-simple","16":"customify-col","17":"product-has-gallery"},"yoast_head":"<!-- This site is optimized with the Yoast SEO plugin v27.4 - https:\/\/yoast.com\/product\/yoast-seo-wordpress\/ -->\n<title>Ewedoos Thermo Leggings Damen mit Taschen mit Innenfleece Thermo Laufhose Thermounterw\u00e4sche Damen Winter warme Sporthose\u2026 - Markt-XXL<\/title>\n<meta name=\"description\" content=\"Markt-XXL Ewedoos Thermo Leggings Damen mit Taschen mit Innenfleece Thermo Laufhose Thermounterw\u00e4sche Damen Winter warme Sporthose\u2026\" \/>\n<meta name=\"robots\" content=\"index, follow, max-snippet:-1, max-image-preview:large, max-video-preview:-1\" \/>\n<link rel=\"canonical\" href=\"https:\/\/marktxxl.de\/markt\/produkt\/ewedoos-thermo-leggings-damen-mit-taschen-mit-innenfleece-thermo-laufhose-thermounterwaesche-damen-winter-warme-sporthose-damen-sport-leggings-damen-high-waist-fuer-fitness-laufen-wandern\/\" \/>\n<meta property=\"og:locale\" content=\"de_DE\" \/>\n<meta property=\"og:type\" content=\"article\" \/>\n<meta property=\"og:title\" content=\"Ewedoos Thermo Leggings Damen mit Taschen mit Innenfleece Thermo Laufhose Thermounterw\u00e4sche Damen Winter warme Sporthose\u2026 - Markt-XXL\" \/>\n<meta property=\"og:description\" content=\"Markt-XXL Ewedoos Thermo Leggings Damen mit Taschen mit Innenfleece Thermo Laufhose Thermounterw\u00e4sche Damen Winter warme Sporthose\u2026\" \/>\n<meta property=\"og:url\" content=\"https:\/\/marktxxl.de\/markt\/produkt\/ewedoos-thermo-leggings-damen-mit-taschen-mit-innenfleece-thermo-laufhose-thermounterwaesche-damen-winter-warme-sporthose-damen-sport-leggings-damen-high-waist-fuer-fitness-laufen-wandern\/\" \/>\n<meta property=\"og:site_name\" content=\"Markt-XXL\" \/>\n<meta property=\"article:modified_time\" content=\"2023-04-11T01:00:22+00:00\" \/>\n<meta property=\"og:image\" content=\"https:\/\/m.media-amazon.com\/images\/I\/31hqhJJ714L._SL500_.jpg\" \/>\n\t<meta property=\"og:image:width\" content=\"348\" \/>\n\t<meta property=\"og:image:height\" content=\"500\" \/>\n\t<meta property=\"og:image:type\" content=\"image\/jpeg\" \/>\n<meta name=\"twitter:card\" content=\"summary_large_image\" \/>\n<meta name=\"twitter:label1\" content=\"Gesch\u00e4tzte Lesezeit\" \/>\n\t<meta name=\"twitter:data1\" content=\"1\u00a0Minute\" \/>\n<script type=\"application\/ld+json\" class=\"yoast-schema-graph\">{\"@context\":\"https:\\\/\\\/schema.org\",\"@graph\":[{\"@type\":\"WebPage\",\"@id\":\"https:\\\/\\\/marktxxl.de\\\/markt\\\/produkt\\\/ewedoos-thermo-leggings-damen-mit-taschen-mit-innenfleece-thermo-laufhose-thermounterwaesche-damen-winter-warme-sporthose-damen-sport-leggings-damen-high-waist-fuer-fitness-laufen-wandern\\\/\",\"url\":\"https:\\\/\\\/marktxxl.de\\\/markt\\\/produkt\\\/ewedoos-thermo-leggings-damen-mit-taschen-mit-innenfleece-thermo-laufhose-thermounterwaesche-damen-winter-warme-sporthose-damen-sport-leggings-damen-high-waist-fuer-fitness-laufen-wandern\\\/\",\"name\":\"Ewedoos Thermo Leggings Damen mit Taschen mit Innenfleece Thermo Laufhose Thermounterw\u00e4sche Damen Winter warme Sporthose\u2026 - Markt-XXL\",\"isPartOf\":{\"@id\":\"https:\\\/\\\/marktxxl.de\\\/markt\\\/#website\"},\"primaryImageOfPage\":{\"@id\":\"https:\\\/\\\/marktxxl.de\\\/markt\\\/produkt\\\/ewedoos-thermo-leggings-damen-mit-taschen-mit-innenfleece-thermo-laufhose-thermounterwaesche-damen-winter-warme-sporthose-damen-sport-leggings-damen-high-waist-fuer-fitness-laufen-wandern\\\/#primaryimage\"},\"image\":{\"@id\":\"https:\\\/\\\/marktxxl.de\\\/markt\\\/produkt\\\/ewedoos-thermo-leggings-damen-mit-taschen-mit-innenfleece-thermo-laufhose-thermounterwaesche-damen-winter-warme-sporthose-damen-sport-leggings-damen-high-waist-fuer-fitness-laufen-wandern\\\/#primaryimage\"},\"thumbnailUrl\":\"https:\\\/\\\/m.media-amazon.com\\\/images\\\/I\\\/31hqhJJ714L._SL500_.jpg\",\"datePublished\":\"2021-12-28T11:57:30+00:00\",\"dateModified\":\"2023-04-11T01:00:22+00:00\",\"description\":\"Markt-XXL Ewedoos Thermo Leggings Damen mit Taschen mit Innenfleece Thermo Laufhose Thermounterw\u00e4sche Damen Winter warme Sporthose\u2026\",\"breadcrumb\":{\"@id\":\"https:\\\/\\\/marktxxl.de\\\/markt\\\/produkt\\\/ewedoos-thermo-leggings-damen-mit-taschen-mit-innenfleece-thermo-laufhose-thermounterwaesche-damen-winter-warme-sporthose-damen-sport-leggings-damen-high-waist-fuer-fitness-laufen-wandern\\\/#breadcrumb\"},\"inLanguage\":\"de\",\"potentialAction\":[{\"@type\":\"ReadAction\",\"target\":[\"https:\\\/\\\/marktxxl.de\\\/markt\\\/produkt\\\/ewedoos-thermo-leggings-damen-mit-taschen-mit-innenfleece-thermo-laufhose-thermounterwaesche-damen-winter-warme-sporthose-damen-sport-leggings-damen-high-waist-fuer-fitness-laufen-wandern\\\/\"]}]},{\"@type\":\"ImageObject\",\"inLanguage\":\"de\",\"@id\":\"https:\\\/\\\/marktxxl.de\\\/markt\\\/produkt\\\/ewedoos-thermo-leggings-damen-mit-taschen-mit-innenfleece-thermo-laufhose-thermounterwaesche-damen-winter-warme-sporthose-damen-sport-leggings-damen-high-waist-fuer-fitness-laufen-wandern\\\/#primaryimage\",\"url\":\"https:\\\/\\\/m.media-amazon.com\\\/images\\\/I\\\/31hqhJJ714L._SL500_.jpg\",\"contentUrl\":\"https:\\\/\\\/m.media-amazon.com\\\/images\\\/I\\\/31hqhJJ714L._SL500_.jpg\",\"width\":348,\"height\":500},{\"@type\":\"BreadcrumbList\",\"@id\":\"https:\\\/\\\/marktxxl.de\\\/markt\\\/produkt\\\/ewedoos-thermo-leggings-damen-mit-taschen-mit-innenfleece-thermo-laufhose-thermounterwaesche-damen-winter-warme-sporthose-damen-sport-leggings-damen-high-waist-fuer-fitness-laufen-wandern\\\/#breadcrumb\",\"itemListElement\":[{\"@type\":\"ListItem\",\"position\":1,\"name\":\"Startseite\",\"item\":\"https:\\\/\\\/marktxxl.de\\\/markt\\\/\"},{\"@type\":\"ListItem\",\"position\":2,\"name\":\"Markt\",\"item\":\"https:\\\/\\\/marktxxl.de\\\/markt\\\/\"},{\"@type\":\"ListItem\",\"position\":3,\"name\":\"Ewedoos Thermo Leggings Damen mit Taschen mit Innenfleece Thermo Laufhose Thermounterw\u00e4sche Damen Winter warme Sporthose\u2026\"}]},{\"@type\":\"WebSite\",\"@id\":\"https:\\\/\\\/marktxxl.de\\\/markt\\\/#website\",\"url\":\"https:\\\/\\\/marktxxl.de\\\/markt\\\/\",\"name\":\"Markt-XXL\",\"description\":\"Ihr Markt Online\",\"publisher\":{\"@id\":\"https:\\\/\\\/marktxxl.de\\\/markt\\\/#organization\"},\"potentialAction\":[{\"@type\":\"SearchAction\",\"target\":{\"@type\":\"EntryPoint\",\"urlTemplate\":\"https:\\\/\\\/marktxxl.de\\\/markt\\\/?s={search_term_string}\"},\"query-input\":{\"@type\":\"PropertyValueSpecification\",\"valueRequired\":true,\"valueName\":\"search_term_string\"}}],\"inLanguage\":\"de\"},{\"@type\":\"Organization\",\"@id\":\"https:\\\/\\\/marktxxl.de\\\/markt\\\/#organization\",\"name\":\"Markt-XXL\",\"url\":\"https:\\\/\\\/marktxxl.de\\\/markt\\\/\",\"logo\":{\"@type\":\"ImageObject\",\"inLanguage\":\"de\",\"@id\":\"https:\\\/\\\/marktxxl.de\\\/markt\\\/#\\\/schema\\\/logo\\\/image\\\/\",\"url\":\"https:\\\/\\\/marktxxl.de\\\/markt\\\/wp-content\\\/uploads\\\/sites\\\/3\\\/2020\\\/12\\\/logo.png\",\"contentUrl\":\"https:\\\/\\\/marktxxl.de\\\/markt\\\/wp-content\\\/uploads\\\/sites\\\/3\\\/2020\\\/12\\\/logo.png\",\"width\":200,\"height\":70,\"caption\":\"Markt-XXL\"},\"image\":{\"@id\":\"https:\\\/\\\/marktxxl.de\\\/markt\\\/#\\\/schema\\\/logo\\\/image\\\/\"}}]}<\/script>\n<!-- \/ Yoast SEO plugin. -->","yoast_head_json":{"title":"Ewedoos Thermo Leggings Damen mit Taschen mit Innenfleece Thermo Laufhose Thermounterw\u00e4sche Damen Winter warme Sporthose\u2026 - Markt-XXL","description":"Markt-XXL Ewedoos Thermo Leggings Damen mit Taschen mit Innenfleece Thermo Laufhose Thermounterw\u00e4sche Damen Winter warme Sporthose\u2026","robots":{"index":"index","follow":"follow","max-snippet":"max-snippet:-1","max-image-preview":"max-image-preview:large","max-video-preview":"max-video-preview:-1"},"canonical":"https:\/\/marktxxl.de\/markt\/produkt\/ewedoos-thermo-leggings-damen-mit-taschen-mit-innenfleece-thermo-laufhose-thermounterwaesche-damen-winter-warme-sporthose-damen-sport-leggings-damen-high-waist-fuer-fitness-laufen-wandern\/","og_locale":"de_DE","og_type":"article","og_title":"Ewedoos Thermo Leggings Damen mit Taschen mit Innenfleece Thermo Laufhose Thermounterw\u00e4sche Damen Winter warme Sporthose\u2026 - Markt-XXL","og_description":"Markt-XXL Ewedoos Thermo Leggings Damen mit Taschen mit Innenfleece Thermo Laufhose Thermounterw\u00e4sche Damen Winter warme Sporthose\u2026","og_url":"https:\/\/marktxxl.de\/markt\/produkt\/ewedoos-thermo-leggings-damen-mit-taschen-mit-innenfleece-thermo-laufhose-thermounterwaesche-damen-winter-warme-sporthose-damen-sport-leggings-damen-high-waist-fuer-fitness-laufen-wandern\/","og_site_name":"Markt-XXL","article_modified_time":"2023-04-11T01:00:22+00:00","og_image":[{"width":348,"height":500,"url":"https:\/\/m.media-amazon.com\/images\/I\/31hqhJJ714L._SL500_.jpg","type":"image\/jpeg"}],"twitter_card":"summary_large_image","twitter_misc":{"Gesch\u00e4tzte Lesezeit":"1\u00a0Minute"},"schema":{"@context":"https:\/\/schema.org","@graph":[{"@type":"WebPage","@id":"https:\/\/marktxxl.de\/markt\/produkt\/ewedoos-thermo-leggings-damen-mit-taschen-mit-innenfleece-thermo-laufhose-thermounterwaesche-damen-winter-warme-sporthose-damen-sport-leggings-damen-high-waist-fuer-fitness-laufen-wandern\/","url":"https:\/\/marktxxl.de\/markt\/produkt\/ewedoos-thermo-leggings-damen-mit-taschen-mit-innenfleece-thermo-laufhose-thermounterwaesche-damen-winter-warme-sporthose-damen-sport-leggings-damen-high-waist-fuer-fitness-laufen-wandern\/","name":"Ewedoos Thermo Leggings Damen mit Taschen mit Innenfleece Thermo Laufhose Thermounterw\u00e4sche Damen Winter warme Sporthose\u2026 - Markt-XXL","isPartOf":{"@id":"https:\/\/marktxxl.de\/markt\/#website"},"primaryImageOfPage":{"@id":"https:\/\/marktxxl.de\/markt\/produkt\/ewedoos-thermo-leggings-damen-mit-taschen-mit-innenfleece-thermo-laufhose-thermounterwaesche-damen-winter-warme-sporthose-damen-sport-leggings-damen-high-waist-fuer-fitness-laufen-wandern\/#primaryimage"},"image":{"@id":"https:\/\/marktxxl.de\/markt\/produkt\/ewedoos-thermo-leggings-damen-mit-taschen-mit-innenfleece-thermo-laufhose-thermounterwaesche-damen-winter-warme-sporthose-damen-sport-leggings-damen-high-waist-fuer-fitness-laufen-wandern\/#primaryimage"},"thumbnailUrl":"https:\/\/m.media-amazon.com\/images\/I\/31hqhJJ714L._SL500_.jpg","datePublished":"2021-12-28T11:57:30+00:00","dateModified":"2023-04-11T01:00:22+00:00","description":"Markt-XXL Ewedoos Thermo Leggings Damen mit Taschen mit Innenfleece Thermo Laufhose Thermounterw\u00e4sche Damen Winter warme Sporthose\u2026","breadcrumb":{"@id":"https:\/\/marktxxl.de\/markt\/produkt\/ewedoos-thermo-leggings-damen-mit-taschen-mit-innenfleece-thermo-laufhose-thermounterwaesche-damen-winter-warme-sporthose-damen-sport-leggings-damen-high-waist-fuer-fitness-laufen-wandern\/#breadcrumb"},"inLanguage":"de","potentialAction":[{"@type":"ReadAction","target":["https:\/\/marktxxl.de\/markt\/produkt\/ewedoos-thermo-leggings-damen-mit-taschen-mit-innenfleece-thermo-laufhose-thermounterwaesche-damen-winter-warme-sporthose-damen-sport-leggings-damen-high-waist-fuer-fitness-laufen-wandern\/"]}]},{"@type":"ImageObject","inLanguage":"de","@id":"https:\/\/marktxxl.de\/markt\/produkt\/ewedoos-thermo-leggings-damen-mit-taschen-mit-innenfleece-thermo-laufhose-thermounterwaesche-damen-winter-warme-sporthose-damen-sport-leggings-damen-high-waist-fuer-fitness-laufen-wandern\/#primaryimage","url":"https:\/\/m.media-amazon.com\/images\/I\/31hqhJJ714L._SL500_.jpg","contentUrl":"https:\/\/m.media-amazon.com\/images\/I\/31hqhJJ714L._SL500_.jpg","width":348,"height":500},{"@type":"BreadcrumbList","@id":"https:\/\/marktxxl.de\/markt\/produkt\/ewedoos-thermo-leggings-damen-mit-taschen-mit-innenfleece-thermo-laufhose-thermounterwaesche-damen-winter-warme-sporthose-damen-sport-leggings-damen-high-waist-fuer-fitness-laufen-wandern\/#breadcrumb","itemListElement":[{"@type":"ListItem","position":1,"name":"Startseite","item":"https:\/\/marktxxl.de\/markt\/"},{"@type":"ListItem","position":2,"name":"Markt","item":"https:\/\/marktxxl.de\/markt\/"},{"@type":"ListItem","position":3,"name":"Ewedoos Thermo Leggings Damen mit Taschen mit Innenfleece Thermo Laufhose Thermounterw\u00e4sche Damen Winter warme Sporthose\u2026"}]},{"@type":"WebSite","@id":"https:\/\/marktxxl.de\/markt\/#website","url":"https:\/\/marktxxl.de\/markt\/","name":"Markt-XXL","description":"Ihr Markt Online","publisher":{"@id":"https:\/\/marktxxl.de\/markt\/#organization"},"potentialAction":[{"@type":"SearchAction","target":{"@type":"EntryPoint","urlTemplate":"https:\/\/marktxxl.de\/markt\/?s={search_term_string}"},"query-input":{"@type":"PropertyValueSpecification","valueRequired":true,"valueName":"search_term_string"}}],"inLanguage":"de"},{"@type":"Organization","@id":"https:\/\/marktxxl.de\/markt\/#organization","name":"Markt-XXL","url":"https:\/\/marktxxl.de\/markt\/","logo":{"@type":"ImageObject","inLanguage":"de","@id":"https:\/\/marktxxl.de\/markt\/#\/schema\/logo\/image\/","url":"https:\/\/marktxxl.de\/markt\/wp-content\/uploads\/sites\/3\/2020\/12\/logo.png","contentUrl":"https:\/\/marktxxl.de\/markt\/wp-content\/uploads\/sites\/3\/2020\/12\/logo.png","width":200,"height":70,"caption":"Markt-XXL"},"image":{"@id":"https:\/\/marktxxl.de\/markt\/#\/schema\/logo\/image\/"}}]}},"_links":{"self":[{"href":"https:\/\/marktxxl.de\/markt\/wp-json\/wp\/v2\/product\/83814","targetHints":{"allow":["GET"]}}],"collection":[{"href":"https:\/\/marktxxl.de\/markt\/wp-json\/wp\/v2\/product"}],"about":[{"href":"https:\/\/marktxxl.de\/markt\/wp-json\/wp\/v2\/types\/product"}],"replies":[{"embeddable":true,"href":"https:\/\/marktxxl.de\/markt\/wp-json\/wp\/v2\/comments?post=83814"}],"wp:featuredmedia":[{"embeddable":true,"href":"https:\/\/marktxxl.de\/markt\/wp-json\/wp\/v2\/media\/83815"}],"wp:attachment":[{"href":"https:\/\/marktxxl.de\/markt\/wp-json\/wp\/v2\/media?parent=83814"}],"wp:term":[{"taxonomy":"product_brand","embeddable":true,"href":"https:\/\/marktxxl.de\/markt\/wp-json\/wp\/v2\/product_brand?post=83814"},{"taxonomy":"product_cat","embeddable":true,"href":"https:\/\/marktxxl.de\/markt\/wp-json\/wp\/v2\/product_cat?post=83814"},{"taxonomy":"product_tag","embeddable":true,"href":"https:\/\/marktxxl.de\/markt\/wp-json\/wp\/v2\/product_tag?post=83814"}],"curies":[{"name":"wp","href":"https:\/\/api.w.org\/{rel}","templated":true}]}}