{"id":83691,"date":"2021-12-28T12:51:17","date_gmt":"2021-12-28T11:51:17","guid":{"rendered":"https:\/\/marktxxl.de\/markt\/produkt\/kinderwagen-muff-aus-lammfell-christ-trotz-dem-frost-der-ideale-handwaermer-beim-spazieren-mit-ihrem-baby-in-der-kalten-jahreszeit-einfache-handhabung-one-size-in-den-farben-grau-und-sch\/"},"modified":"2023-04-11T03:00:19","modified_gmt":"2023-04-11T01:00:19","slug":"kinderwagen-muff-aus-lammfell-christ-trotz-dem-frost-der-ideale-handwaermer-beim-spazieren-mit-ihrem-baby-in-der-kalten-jahreszeit-einfache-handhabung-one-size-in-den-farben-grau-und-sch","status":"publish","type":"product","link":"https:\/\/marktxxl.de\/markt\/produkt\/kinderwagen-muff-aus-lammfell-christ-trotz-dem-frost-der-ideale-handwaermer-beim-spazieren-mit-ihrem-baby-in-der-kalten-jahreszeit-einfache-handhabung-one-size-in-den-farben-grau-und-sch\/","title":{"rendered":"Kinderwagen-Muff aus Lammfell von WERNER CHRIST BABY &#8211; MOFFY ist der ideale Handw\u00e4rmer f\u00fcr Buggys aus medizinischem Fell\u2026"},"content":{"rendered":"<p>UNKOMPLIZIERTE HANDHABUNG: Mit einem Rei\u00dfverschluss ist unser Muff im Nu am Schieber des Kinderwagens angebracht. Die zwei Einschlupfl\u00f6cher w\u00e4rmen bis \u00fcber die Handgelenke und erm\u00f6glichen einfaches Rein- und Rausschl\u00fcpfen.<br \/>\nEIGENSCHAFTEN: Der Muff ist auf der Au\u00dfenseite mit einem hochwertigen, sportiven Stoff verarbeitet, der Sie vor Wind und Wasser sch\u00fctzt. Die Innenseite besteht zu 100% aus echtem, kuscheligem Lammfell. Durch einen Reflektor-Streifen auf der Oberseite ist auch die sichere Nutzung bei D\u00e4mmerung gew\u00e4hrleistet. Ma\u00dfe: 47 cm x 24 cm (L\u00e4nge bis Handgelenk 30 cm).<br \/>\nMARKENQUALIT\u00c4T: Unser Handw\u00e4rmer wird mit Liebe und Sorgfalt von Hand gefertigt. Eine komplett in Eigenregie betriebene Wertsch\u00f6pfungskette, von der Rohware bis zum fertigen Produkt, ist seit jeher Garant f\u00fcr den bekannten \u201eWERNER CHRIST-Standard\u201c.<br \/>\nUMWELTVERANTWORTUNG: Alle unsere Lammfelle werden ausschlie\u00dflich mit dem Einsatz erneuerbarer Energien, mit besonderem Augenmerk auf Nachhaltigkeit, in unserer hauseigenen Gerberei hergestellt.<br \/>\nPFLEGE: Unser Muff ist maschinenwaschbar mit einem Lammfellwaschmittel (wir empfehlen das hauseigene WERNER CHRIST C7) sowie trocknerbest\u00e4ndig. Bitte beachten Sie die beigef\u00fcgte Waschanleitung.<br \/>\n<div class=\"main-cross-sell\" data-asin=\"B07CRST245\">\n\n\t<div class=\"WooZone-cross-sell-loader\">\n\t\t<div>\n\t\t\t<div id=\"floatingBarsG\">\n\t\t\t\t<div class=\"blockG\" id=\"rotateG_01\"><\/div>\n\t\t\t\t<div class=\"blockG\" id=\"rotateG_02\"><\/div>\n\t\t\t\t<div class=\"blockG\" id=\"rotateG_03\"><\/div>\n\t\t\t\t<div class=\"blockG\" id=\"rotateG_04\"><\/div>\n\t\t\t\t<div class=\"blockG\" id=\"rotateG_05\"><\/div>\n\t\t\t\t<div class=\"blockG\" id=\"rotateG_06\"><\/div>\n\t\t\t\t<div class=\"blockG\" id=\"rotateG_07\"><\/div>\n\t\t\t\t<div class=\"blockG\" id=\"rotateG_08\"><\/div>\n\t\t\t<\/div>\n\t\t\t<div class=\"WooZone-cross-sell-loader-text\"><\/div>\n\t\t<\/div>\n\t<\/div>\n\n\t\t\n<\/div>\n<div style=\"clear:both;\"><\/div><\/p>\n","protected":false},"excerpt":{"rendered":"<p>UNKOMPLIZIERTE HANDHABUNG: Mit einem Rei\u00dfverschluss ist unser Muff im Nu am Schieber des Kinderwagens angebracht. Die zwei Einschlupfl\u00f6cher w\u00e4rmen bis \u00fcber die Handgelenke und erm\u00f6glichen einfaches Rein- und Rausschl\u00fcpfen.<br \/>\nEIGENSCHAFTEN: Der Muff ist auf der Au\u00dfenseite mit einem hochwertigen, sportiven Stoff verarbeitet, der Sie vor Wind und Wasser sch\u00fctzt. Die Innenseite besteht zu 100% aus echtem, kuscheligem Lammfell. Durch einen Reflektor-Streifen auf der Oberseite ist auch die sichere Nutzung bei D\u00e4mmerung gew\u00e4hrleistet. Ma\u00dfe: 47 cm x 24 cm (L\u00e4nge bis Handgelenk 30 cm).<br \/>\nMARKENQUALIT\u00c4T: Unser Handw\u00e4rmer wird mit Liebe und Sorgfalt von Hand gefertigt. Eine komplett in Eigenregie betriebene Wertsch\u00f6pfungskette, von der Rohware bis zum fertigen Produkt, ist seit jeher Garant f\u00fcr den bekannten \u201eWERNER CHRIST-Standard\u201c.<\/p>\n","protected":false},"featured_media":83692,"comment_status":"open","ping_status":"closed","template":"","meta":[],"product_brand":[],"product_cat":[21,9329],"product_tag":[],"class_list":{"0":"post-83691","1":"product","2":"type-product","3":"status-publish","4":"has-post-thumbnail","6":"product_cat-baby","7":"product_cat-kinderwagen-buggys-zubehoer-baby","8":"pa_binding-babyartikel","9":"pa_brand-christ","10":"pa_manufacturer-werner-christ-gmbh","12":"first","13":"instock","14":"shipping-taxable","15":"purchasable","16":"product-type-simple","17":"customify-col","18":"product-has-gallery"},"yoast_head":"<!-- This site is optimized with the Yoast SEO plugin v27.4 - https:\/\/yoast.com\/product\/yoast-seo-wordpress\/ -->\n<title>Kinderwagen-Muff aus Lammfell von WERNER CHRIST BABY - MOFFY ist der ideale Handw\u00e4rmer f\u00fcr Buggys aus medizinischem Fell\u2026 - Markt-XXL<\/title>\n<meta name=\"description\" content=\"Markt-XXL Kinderwagen-Muff aus Lammfell von WERNER CHRIST BABY - MOFFY ist der ideale Handw\u00e4rmer f\u00fcr Buggys aus medizinischem Fell\u2026\" \/>\n<meta name=\"robots\" content=\"index, follow, max-snippet:-1, max-image-preview:large, max-video-preview:-1\" \/>\n<link rel=\"canonical\" href=\"https:\/\/marktxxl.de\/markt\/produkt\/kinderwagen-muff-aus-lammfell-christ-trotz-dem-frost-der-ideale-handwaermer-beim-spazieren-mit-ihrem-baby-in-der-kalten-jahreszeit-einfache-handhabung-one-size-in-den-farben-grau-und-sch\/\" \/>\n<meta property=\"og:locale\" content=\"de_DE\" \/>\n<meta property=\"og:type\" content=\"article\" \/>\n<meta property=\"og:title\" content=\"Kinderwagen-Muff aus Lammfell von WERNER CHRIST BABY - MOFFY ist der ideale Handw\u00e4rmer f\u00fcr Buggys aus medizinischem Fell\u2026 - Markt-XXL\" \/>\n<meta property=\"og:description\" content=\"Markt-XXL Kinderwagen-Muff aus Lammfell von WERNER CHRIST BABY - MOFFY ist der ideale Handw\u00e4rmer f\u00fcr Buggys aus medizinischem Fell\u2026\" \/>\n<meta property=\"og:url\" content=\"https:\/\/marktxxl.de\/markt\/produkt\/kinderwagen-muff-aus-lammfell-christ-trotz-dem-frost-der-ideale-handwaermer-beim-spazieren-mit-ihrem-baby-in-der-kalten-jahreszeit-einfache-handhabung-one-size-in-den-farben-grau-und-sch\/\" \/>\n<meta property=\"og:site_name\" content=\"Markt-XXL\" \/>\n<meta property=\"article:modified_time\" content=\"2023-04-11T01:00:19+00:00\" \/>\n<meta property=\"og:image\" content=\"https:\/\/m.media-amazon.com\/images\/I\/31KGy8AEdUL._SL500_.jpg\" \/>\n\t<meta property=\"og:image:width\" content=\"500\" \/>\n\t<meta property=\"og:image:height\" content=\"500\" \/>\n\t<meta property=\"og:image:type\" content=\"image\/jpeg\" \/>\n<meta name=\"twitter:card\" content=\"summary_large_image\" \/>\n<meta name=\"twitter:label1\" content=\"Gesch\u00e4tzte Lesezeit\" \/>\n\t<meta name=\"twitter:data1\" content=\"1\u00a0Minute\" \/>\n<script type=\"application\/ld+json\" class=\"yoast-schema-graph\">{\"@context\":\"https:\\\/\\\/schema.org\",\"@graph\":[{\"@type\":\"WebPage\",\"@id\":\"https:\\\/\\\/marktxxl.de\\\/markt\\\/produkt\\\/kinderwagen-muff-aus-lammfell-christ-trotz-dem-frost-der-ideale-handwaermer-beim-spazieren-mit-ihrem-baby-in-der-kalten-jahreszeit-einfache-handhabung-one-size-in-den-farben-grau-und-sch\\\/\",\"url\":\"https:\\\/\\\/marktxxl.de\\\/markt\\\/produkt\\\/kinderwagen-muff-aus-lammfell-christ-trotz-dem-frost-der-ideale-handwaermer-beim-spazieren-mit-ihrem-baby-in-der-kalten-jahreszeit-einfache-handhabung-one-size-in-den-farben-grau-und-sch\\\/\",\"name\":\"Kinderwagen-Muff aus Lammfell von WERNER CHRIST BABY - MOFFY ist der ideale Handw\u00e4rmer f\u00fcr Buggys aus medizinischem Fell\u2026 - Markt-XXL\",\"isPartOf\":{\"@id\":\"https:\\\/\\\/marktxxl.de\\\/markt\\\/#website\"},\"primaryImageOfPage\":{\"@id\":\"https:\\\/\\\/marktxxl.de\\\/markt\\\/produkt\\\/kinderwagen-muff-aus-lammfell-christ-trotz-dem-frost-der-ideale-handwaermer-beim-spazieren-mit-ihrem-baby-in-der-kalten-jahreszeit-einfache-handhabung-one-size-in-den-farben-grau-und-sch\\\/#primaryimage\"},\"image\":{\"@id\":\"https:\\\/\\\/marktxxl.de\\\/markt\\\/produkt\\\/kinderwagen-muff-aus-lammfell-christ-trotz-dem-frost-der-ideale-handwaermer-beim-spazieren-mit-ihrem-baby-in-der-kalten-jahreszeit-einfache-handhabung-one-size-in-den-farben-grau-und-sch\\\/#primaryimage\"},\"thumbnailUrl\":\"https:\\\/\\\/m.media-amazon.com\\\/images\\\/I\\\/31KGy8AEdUL._SL500_.jpg\",\"datePublished\":\"2021-12-28T11:51:17+00:00\",\"dateModified\":\"2023-04-11T01:00:19+00:00\",\"description\":\"Markt-XXL Kinderwagen-Muff aus Lammfell von WERNER CHRIST BABY - MOFFY ist der ideale Handw\u00e4rmer f\u00fcr Buggys aus medizinischem Fell\u2026\",\"breadcrumb\":{\"@id\":\"https:\\\/\\\/marktxxl.de\\\/markt\\\/produkt\\\/kinderwagen-muff-aus-lammfell-christ-trotz-dem-frost-der-ideale-handwaermer-beim-spazieren-mit-ihrem-baby-in-der-kalten-jahreszeit-einfache-handhabung-one-size-in-den-farben-grau-und-sch\\\/#breadcrumb\"},\"inLanguage\":\"de\",\"potentialAction\":[{\"@type\":\"ReadAction\",\"target\":[\"https:\\\/\\\/marktxxl.de\\\/markt\\\/produkt\\\/kinderwagen-muff-aus-lammfell-christ-trotz-dem-frost-der-ideale-handwaermer-beim-spazieren-mit-ihrem-baby-in-der-kalten-jahreszeit-einfache-handhabung-one-size-in-den-farben-grau-und-sch\\\/\"]}]},{\"@type\":\"ImageObject\",\"inLanguage\":\"de\",\"@id\":\"https:\\\/\\\/marktxxl.de\\\/markt\\\/produkt\\\/kinderwagen-muff-aus-lammfell-christ-trotz-dem-frost-der-ideale-handwaermer-beim-spazieren-mit-ihrem-baby-in-der-kalten-jahreszeit-einfache-handhabung-one-size-in-den-farben-grau-und-sch\\\/#primaryimage\",\"url\":\"https:\\\/\\\/m.media-amazon.com\\\/images\\\/I\\\/31KGy8AEdUL._SL500_.jpg\",\"contentUrl\":\"https:\\\/\\\/m.media-amazon.com\\\/images\\\/I\\\/31KGy8AEdUL._SL500_.jpg\",\"width\":500,\"height\":500},{\"@type\":\"BreadcrumbList\",\"@id\":\"https:\\\/\\\/marktxxl.de\\\/markt\\\/produkt\\\/kinderwagen-muff-aus-lammfell-christ-trotz-dem-frost-der-ideale-handwaermer-beim-spazieren-mit-ihrem-baby-in-der-kalten-jahreszeit-einfache-handhabung-one-size-in-den-farben-grau-und-sch\\\/#breadcrumb\",\"itemListElement\":[{\"@type\":\"ListItem\",\"position\":1,\"name\":\"Startseite\",\"item\":\"https:\\\/\\\/marktxxl.de\\\/markt\\\/\"},{\"@type\":\"ListItem\",\"position\":2,\"name\":\"Markt\",\"item\":\"https:\\\/\\\/marktxxl.de\\\/markt\\\/\"},{\"@type\":\"ListItem\",\"position\":3,\"name\":\"Kinderwagen-Muff aus Lammfell von WERNER CHRIST BABY &#8211; MOFFY ist der ideale Handw\u00e4rmer f\u00fcr Buggys aus medizinischem Fell\u2026\"}]},{\"@type\":\"WebSite\",\"@id\":\"https:\\\/\\\/marktxxl.de\\\/markt\\\/#website\",\"url\":\"https:\\\/\\\/marktxxl.de\\\/markt\\\/\",\"name\":\"Markt-XXL\",\"description\":\"Ihr Markt Online\",\"publisher\":{\"@id\":\"https:\\\/\\\/marktxxl.de\\\/markt\\\/#organization\"},\"potentialAction\":[{\"@type\":\"SearchAction\",\"target\":{\"@type\":\"EntryPoint\",\"urlTemplate\":\"https:\\\/\\\/marktxxl.de\\\/markt\\\/?s={search_term_string}\"},\"query-input\":{\"@type\":\"PropertyValueSpecification\",\"valueRequired\":true,\"valueName\":\"search_term_string\"}}],\"inLanguage\":\"de\"},{\"@type\":\"Organization\",\"@id\":\"https:\\\/\\\/marktxxl.de\\\/markt\\\/#organization\",\"name\":\"Markt-XXL\",\"url\":\"https:\\\/\\\/marktxxl.de\\\/markt\\\/\",\"logo\":{\"@type\":\"ImageObject\",\"inLanguage\":\"de\",\"@id\":\"https:\\\/\\\/marktxxl.de\\\/markt\\\/#\\\/schema\\\/logo\\\/image\\\/\",\"url\":\"https:\\\/\\\/marktxxl.de\\\/markt\\\/wp-content\\\/uploads\\\/sites\\\/3\\\/2020\\\/12\\\/logo.png\",\"contentUrl\":\"https:\\\/\\\/marktxxl.de\\\/markt\\\/wp-content\\\/uploads\\\/sites\\\/3\\\/2020\\\/12\\\/logo.png\",\"width\":200,\"height\":70,\"caption\":\"Markt-XXL\"},\"image\":{\"@id\":\"https:\\\/\\\/marktxxl.de\\\/markt\\\/#\\\/schema\\\/logo\\\/image\\\/\"}}]}<\/script>\n<!-- \/ Yoast SEO plugin. -->","yoast_head_json":{"title":"Kinderwagen-Muff aus Lammfell von WERNER CHRIST BABY - MOFFY ist der ideale Handw\u00e4rmer f\u00fcr Buggys aus medizinischem Fell\u2026 - Markt-XXL","description":"Markt-XXL Kinderwagen-Muff aus Lammfell von WERNER CHRIST BABY - MOFFY ist der ideale Handw\u00e4rmer f\u00fcr Buggys aus medizinischem Fell\u2026","robots":{"index":"index","follow":"follow","max-snippet":"max-snippet:-1","max-image-preview":"max-image-preview:large","max-video-preview":"max-video-preview:-1"},"canonical":"https:\/\/marktxxl.de\/markt\/produkt\/kinderwagen-muff-aus-lammfell-christ-trotz-dem-frost-der-ideale-handwaermer-beim-spazieren-mit-ihrem-baby-in-der-kalten-jahreszeit-einfache-handhabung-one-size-in-den-farben-grau-und-sch\/","og_locale":"de_DE","og_type":"article","og_title":"Kinderwagen-Muff aus Lammfell von WERNER CHRIST BABY - MOFFY ist der ideale Handw\u00e4rmer f\u00fcr Buggys aus medizinischem Fell\u2026 - Markt-XXL","og_description":"Markt-XXL Kinderwagen-Muff aus Lammfell von WERNER CHRIST BABY - MOFFY ist der ideale Handw\u00e4rmer f\u00fcr Buggys aus medizinischem Fell\u2026","og_url":"https:\/\/marktxxl.de\/markt\/produkt\/kinderwagen-muff-aus-lammfell-christ-trotz-dem-frost-der-ideale-handwaermer-beim-spazieren-mit-ihrem-baby-in-der-kalten-jahreszeit-einfache-handhabung-one-size-in-den-farben-grau-und-sch\/","og_site_name":"Markt-XXL","article_modified_time":"2023-04-11T01:00:19+00:00","og_image":[{"width":500,"height":500,"url":"https:\/\/m.media-amazon.com\/images\/I\/31KGy8AEdUL._SL500_.jpg","type":"image\/jpeg"}],"twitter_card":"summary_large_image","twitter_misc":{"Gesch\u00e4tzte Lesezeit":"1\u00a0Minute"},"schema":{"@context":"https:\/\/schema.org","@graph":[{"@type":"WebPage","@id":"https:\/\/marktxxl.de\/markt\/produkt\/kinderwagen-muff-aus-lammfell-christ-trotz-dem-frost-der-ideale-handwaermer-beim-spazieren-mit-ihrem-baby-in-der-kalten-jahreszeit-einfache-handhabung-one-size-in-den-farben-grau-und-sch\/","url":"https:\/\/marktxxl.de\/markt\/produkt\/kinderwagen-muff-aus-lammfell-christ-trotz-dem-frost-der-ideale-handwaermer-beim-spazieren-mit-ihrem-baby-in-der-kalten-jahreszeit-einfache-handhabung-one-size-in-den-farben-grau-und-sch\/","name":"Kinderwagen-Muff aus Lammfell von WERNER CHRIST BABY - MOFFY ist der ideale Handw\u00e4rmer f\u00fcr Buggys aus medizinischem Fell\u2026 - Markt-XXL","isPartOf":{"@id":"https:\/\/marktxxl.de\/markt\/#website"},"primaryImageOfPage":{"@id":"https:\/\/marktxxl.de\/markt\/produkt\/kinderwagen-muff-aus-lammfell-christ-trotz-dem-frost-der-ideale-handwaermer-beim-spazieren-mit-ihrem-baby-in-der-kalten-jahreszeit-einfache-handhabung-one-size-in-den-farben-grau-und-sch\/#primaryimage"},"image":{"@id":"https:\/\/marktxxl.de\/markt\/produkt\/kinderwagen-muff-aus-lammfell-christ-trotz-dem-frost-der-ideale-handwaermer-beim-spazieren-mit-ihrem-baby-in-der-kalten-jahreszeit-einfache-handhabung-one-size-in-den-farben-grau-und-sch\/#primaryimage"},"thumbnailUrl":"https:\/\/m.media-amazon.com\/images\/I\/31KGy8AEdUL._SL500_.jpg","datePublished":"2021-12-28T11:51:17+00:00","dateModified":"2023-04-11T01:00:19+00:00","description":"Markt-XXL Kinderwagen-Muff aus Lammfell von WERNER CHRIST BABY - MOFFY ist der ideale Handw\u00e4rmer f\u00fcr Buggys aus medizinischem Fell\u2026","breadcrumb":{"@id":"https:\/\/marktxxl.de\/markt\/produkt\/kinderwagen-muff-aus-lammfell-christ-trotz-dem-frost-der-ideale-handwaermer-beim-spazieren-mit-ihrem-baby-in-der-kalten-jahreszeit-einfache-handhabung-one-size-in-den-farben-grau-und-sch\/#breadcrumb"},"inLanguage":"de","potentialAction":[{"@type":"ReadAction","target":["https:\/\/marktxxl.de\/markt\/produkt\/kinderwagen-muff-aus-lammfell-christ-trotz-dem-frost-der-ideale-handwaermer-beim-spazieren-mit-ihrem-baby-in-der-kalten-jahreszeit-einfache-handhabung-one-size-in-den-farben-grau-und-sch\/"]}]},{"@type":"ImageObject","inLanguage":"de","@id":"https:\/\/marktxxl.de\/markt\/produkt\/kinderwagen-muff-aus-lammfell-christ-trotz-dem-frost-der-ideale-handwaermer-beim-spazieren-mit-ihrem-baby-in-der-kalten-jahreszeit-einfache-handhabung-one-size-in-den-farben-grau-und-sch\/#primaryimage","url":"https:\/\/m.media-amazon.com\/images\/I\/31KGy8AEdUL._SL500_.jpg","contentUrl":"https:\/\/m.media-amazon.com\/images\/I\/31KGy8AEdUL._SL500_.jpg","width":500,"height":500},{"@type":"BreadcrumbList","@id":"https:\/\/marktxxl.de\/markt\/produkt\/kinderwagen-muff-aus-lammfell-christ-trotz-dem-frost-der-ideale-handwaermer-beim-spazieren-mit-ihrem-baby-in-der-kalten-jahreszeit-einfache-handhabung-one-size-in-den-farben-grau-und-sch\/#breadcrumb","itemListElement":[{"@type":"ListItem","position":1,"name":"Startseite","item":"https:\/\/marktxxl.de\/markt\/"},{"@type":"ListItem","position":2,"name":"Markt","item":"https:\/\/marktxxl.de\/markt\/"},{"@type":"ListItem","position":3,"name":"Kinderwagen-Muff aus Lammfell von WERNER CHRIST BABY &#8211; MOFFY ist der ideale Handw\u00e4rmer f\u00fcr Buggys aus medizinischem Fell\u2026"}]},{"@type":"WebSite","@id":"https:\/\/marktxxl.de\/markt\/#website","url":"https:\/\/marktxxl.de\/markt\/","name":"Markt-XXL","description":"Ihr Markt Online","publisher":{"@id":"https:\/\/marktxxl.de\/markt\/#organization"},"potentialAction":[{"@type":"SearchAction","target":{"@type":"EntryPoint","urlTemplate":"https:\/\/marktxxl.de\/markt\/?s={search_term_string}"},"query-input":{"@type":"PropertyValueSpecification","valueRequired":true,"valueName":"search_term_string"}}],"inLanguage":"de"},{"@type":"Organization","@id":"https:\/\/marktxxl.de\/markt\/#organization","name":"Markt-XXL","url":"https:\/\/marktxxl.de\/markt\/","logo":{"@type":"ImageObject","inLanguage":"de","@id":"https:\/\/marktxxl.de\/markt\/#\/schema\/logo\/image\/","url":"https:\/\/marktxxl.de\/markt\/wp-content\/uploads\/sites\/3\/2020\/12\/logo.png","contentUrl":"https:\/\/marktxxl.de\/markt\/wp-content\/uploads\/sites\/3\/2020\/12\/logo.png","width":200,"height":70,"caption":"Markt-XXL"},"image":{"@id":"https:\/\/marktxxl.de\/markt\/#\/schema\/logo\/image\/"}}]}},"_links":{"self":[{"href":"https:\/\/marktxxl.de\/markt\/wp-json\/wp\/v2\/product\/83691","targetHints":{"allow":["GET"]}}],"collection":[{"href":"https:\/\/marktxxl.de\/markt\/wp-json\/wp\/v2\/product"}],"about":[{"href":"https:\/\/marktxxl.de\/markt\/wp-json\/wp\/v2\/types\/product"}],"replies":[{"embeddable":true,"href":"https:\/\/marktxxl.de\/markt\/wp-json\/wp\/v2\/comments?post=83691"}],"wp:featuredmedia":[{"embeddable":true,"href":"https:\/\/marktxxl.de\/markt\/wp-json\/wp\/v2\/media\/83692"}],"wp:attachment":[{"href":"https:\/\/marktxxl.de\/markt\/wp-json\/wp\/v2\/media?parent=83691"}],"wp:term":[{"taxonomy":"product_brand","embeddable":true,"href":"https:\/\/marktxxl.de\/markt\/wp-json\/wp\/v2\/product_brand?post=83691"},{"taxonomy":"product_cat","embeddable":true,"href":"https:\/\/marktxxl.de\/markt\/wp-json\/wp\/v2\/product_cat?post=83691"},{"taxonomy":"product_tag","embeddable":true,"href":"https:\/\/marktxxl.de\/markt\/wp-json\/wp\/v2\/product_tag?post=83691"}],"curies":[{"name":"wp","href":"https:\/\/api.w.org\/{rel}","templated":true}]}}