{"id":83663,"date":"2021-12-28T12:51:05","date_gmt":"2021-12-28T11:51:05","guid":{"rendered":"https:\/\/marktxxl.de\/markt\/produkt\/handwaermer-kinderwagen-handschuhe-handmuff-mit-warme-fleece-wasserdicht-winddicht-stroller-handmuff-kinderwagenmuff-universalgroesse-fuer-kinderwagen-buggy-radanhaenger\/"},"modified":"2023-04-11T03:00:19","modified_gmt":"2023-04-11T01:00:19","slug":"handwaermer-kinderwagen-handschuhe-handmuff-mit-warme-fleece-wasserdicht-winddicht-stroller-handmuff-kinderwagenmuff-universalgroesse-fuer-kinderwagen-buggy-radanhaenger","status":"publish","type":"product","link":"https:\/\/marktxxl.de\/markt\/produkt\/handwaermer-kinderwagen-handschuhe-handmuff-mit-warme-fleece-wasserdicht-winddicht-stroller-handmuff-kinderwagenmuff-universalgroesse-fuer-kinderwagen-buggy-radanhaenger\/","title":{"rendered":"Handw\u00e4rmer Kinderwagen Handschuhe Handmuff mit Warme Fleece, Wasserdicht Winddicht Stroller Handmuff Kinderwagenmuff\u2026"},"content":{"rendered":"<p>\ud83d\udc97\u3010W\u00e4rmeres Futter\u3011: Unser Kinderwagen Handw\u00e4rmer ist aus ultradickem weichem Fleece Material, Frostschutz, Komfort und W\u00e4rme, h\u00e4lt Ihre Hand im kalten Winter warm.<br \/>\n\ud83d\udc97\u3010Wasserdicht und Winddicht\u3011: Der Handw\u00e4rmer Kinderwagen ist aus wasserdichtem Stoff, isoliert Regen, Schnee, kalten Wind, Halten Sie Ihre H\u00e4nde trocken, warm und bequem, wenn Sie im Freien sind.<br \/>\n\ud83d\udc97\u3010Universalgr\u00f6\u00dfe f\u00fcr Kinderwagen\u3011: Getrennte Handschuhe Design, Kinderwagen Handw\u00e4rmer Passend f\u00fcr alle g\u00e4ngigen Kinderwagen, Buggy oder Radanh\u00e4nger. Er wird mit Druckkn\u00f6pfen am Griff befestigt, So can Sie Ihre H\u00e4nde leicht hinein und herausziehen.<br \/>\n\ud83d\udc97\u3010Einfach zu Installieren und Reinigen\u3011: Jeder Handschuh ist mit 6 Metallkn\u00f6pfen befestigt, sodass Sie die gew\u00fcnschte Gr\u00f6\u00dfe einstellen und einfach installieren k\u00f6nnen. Der Handw\u00e4rmer f\u00fcr Kinderwagen kann in der Maschine unter 30\u2103 gewaschen, Handw\u00e4sche oder leicht an der Au\u00dfenseite abgewischt werden.<br \/>\n\ud83d\udc97\u3010Bestes Geschenk f\u00fcr Neue Eltern\u3011: Unsere Kinderwagen Handw\u00e4rmer sind eine ausgezeichnete Auswahl an Weihnachtsgeschenken f\u00fcr frischgebackene Eltern. Lassen Sie in diesem Winter Ihre Familie und Freunde Ihre W\u00e4rme sp\u00fcren.<br \/>\n<div class=\"main-cross-sell\" data-asin=\"B09CYYM462\">\n\n\t<div class=\"WooZone-cross-sell-loader\">\n\t\t<div>\n\t\t\t<div id=\"floatingBarsG\">\n\t\t\t\t<div class=\"blockG\" id=\"rotateG_01\"><\/div>\n\t\t\t\t<div class=\"blockG\" id=\"rotateG_02\"><\/div>\n\t\t\t\t<div class=\"blockG\" id=\"rotateG_03\"><\/div>\n\t\t\t\t<div class=\"blockG\" id=\"rotateG_04\"><\/div>\n\t\t\t\t<div class=\"blockG\" id=\"rotateG_05\"><\/div>\n\t\t\t\t<div class=\"blockG\" id=\"rotateG_06\"><\/div>\n\t\t\t\t<div class=\"blockG\" id=\"rotateG_07\"><\/div>\n\t\t\t\t<div class=\"blockG\" id=\"rotateG_08\"><\/div>\n\t\t\t<\/div>\n\t\t\t<div class=\"WooZone-cross-sell-loader-text\"><\/div>\n\t\t<\/div>\n\t<\/div>\n\n\t\t\n<\/div>\n<div style=\"clear:both;\"><\/div><\/p>\n","protected":false},"excerpt":{"rendered":"<p>\ud83d\udc97\u3010W\u00e4rmeres Futter\u3011: Unser Kinderwagen Handw\u00e4rmer ist aus ultradickem weichem Fleece Material, Frostschutz, Komfort und W\u00e4rme, h\u00e4lt Ihre Hand im kalten Winter warm.<br \/>\n\ud83d\udc97\u3010Wasserdicht und Winddicht\u3011: Der Handw\u00e4rmer Kinderwagen ist aus wasserdichtem Stoff, isoliert Regen, Schnee, kalten Wind, Halten Sie Ihre H\u00e4nde trocken, warm und bequem, wenn Sie im Freien sind.<br \/>\n\ud83d\udc97\u3010Universalgr\u00f6\u00dfe f\u00fcr Kinderwagen\u3011: Getrennte Handschuhe Design, Kinderwagen Handw\u00e4rmer Passend f\u00fcr alle g\u00e4ngigen Kinderwagen, Buggy oder Radanh\u00e4nger. Er wird mit Druckkn\u00f6pfen am Griff befestigt, So can Sie Ihre H\u00e4nde leicht hinein und herausziehen.<\/p>\n","protected":false},"featured_media":83664,"comment_status":"open","ping_status":"closed","template":"","meta":[],"product_brand":[],"product_cat":[21,9329],"product_tag":[],"class_list":{"0":"post-83663","1":"product","2":"type-product","3":"status-publish","4":"has-post-thumbnail","6":"product_cat-baby","7":"product_cat-kinderwagen-buggys-zubehoer-baby","8":"pa_binding-babyartikel","9":"pa_brand-huyxytec","10":"pa_manufacturer-huyxytec","11":"pa_size-2-stueck-1er-pack","13":"first","14":"instock","15":"shipping-taxable","16":"purchasable","17":"product-type-simple","18":"customify-col","19":"product-has-gallery"},"yoast_head":"<!-- This site is optimized with the Yoast SEO plugin v27.3 - https:\/\/yoast.com\/product\/yoast-seo-wordpress\/ -->\n<title>Handw\u00e4rmer Kinderwagen Handschuhe Handmuff mit Warme Fleece, Wasserdicht Winddicht Stroller Handmuff Kinderwagenmuff\u2026 - Markt-XXL<\/title>\n<meta name=\"description\" content=\"Markt-XXL Handw\u00e4rmer Kinderwagen Handschuhe Handmuff mit Warme Fleece, Wasserdicht Winddicht Stroller Handmuff Kinderwagenmuff\u2026\" \/>\n<meta name=\"robots\" content=\"index, follow, max-snippet:-1, max-image-preview:large, max-video-preview:-1\" \/>\n<link rel=\"canonical\" href=\"https:\/\/marktxxl.de\/markt\/produkt\/handwaermer-kinderwagen-handschuhe-handmuff-mit-warme-fleece-wasserdicht-winddicht-stroller-handmuff-kinderwagenmuff-universalgroesse-fuer-kinderwagen-buggy-radanhaenger\/\" \/>\n<meta property=\"og:locale\" content=\"de_DE\" \/>\n<meta property=\"og:type\" content=\"article\" \/>\n<meta property=\"og:title\" content=\"Handw\u00e4rmer Kinderwagen Handschuhe Handmuff mit Warme Fleece, Wasserdicht Winddicht Stroller Handmuff Kinderwagenmuff\u2026 - Markt-XXL\" \/>\n<meta property=\"og:description\" content=\"Markt-XXL Handw\u00e4rmer Kinderwagen Handschuhe Handmuff mit Warme Fleece, Wasserdicht Winddicht Stroller Handmuff Kinderwagenmuff\u2026\" \/>\n<meta property=\"og:url\" content=\"https:\/\/marktxxl.de\/markt\/produkt\/handwaermer-kinderwagen-handschuhe-handmuff-mit-warme-fleece-wasserdicht-winddicht-stroller-handmuff-kinderwagenmuff-universalgroesse-fuer-kinderwagen-buggy-radanhaenger\/\" \/>\n<meta property=\"og:site_name\" content=\"Markt-XXL\" \/>\n<meta property=\"article:modified_time\" content=\"2023-04-11T01:00:19+00:00\" \/>\n<meta property=\"og:image\" content=\"https:\/\/m.media-amazon.com\/images\/I\/61NzTvVRA2L._SL500_.jpg\" \/>\n\t<meta property=\"og:image:width\" content=\"500\" \/>\n\t<meta property=\"og:image:height\" content=\"500\" \/>\n\t<meta property=\"og:image:type\" content=\"image\/jpeg\" \/>\n<meta name=\"twitter:card\" content=\"summary_large_image\" \/>\n<meta name=\"twitter:label1\" content=\"Gesch\u00e4tzte Lesezeit\" \/>\n\t<meta name=\"twitter:data1\" content=\"1\u00a0Minute\" \/>\n<script type=\"application\/ld+json\" class=\"yoast-schema-graph\">{\"@context\":\"https:\\\/\\\/schema.org\",\"@graph\":[{\"@type\":\"WebPage\",\"@id\":\"https:\\\/\\\/marktxxl.de\\\/markt\\\/produkt\\\/handwaermer-kinderwagen-handschuhe-handmuff-mit-warme-fleece-wasserdicht-winddicht-stroller-handmuff-kinderwagenmuff-universalgroesse-fuer-kinderwagen-buggy-radanhaenger\\\/\",\"url\":\"https:\\\/\\\/marktxxl.de\\\/markt\\\/produkt\\\/handwaermer-kinderwagen-handschuhe-handmuff-mit-warme-fleece-wasserdicht-winddicht-stroller-handmuff-kinderwagenmuff-universalgroesse-fuer-kinderwagen-buggy-radanhaenger\\\/\",\"name\":\"Handw\u00e4rmer Kinderwagen Handschuhe Handmuff mit Warme Fleece, Wasserdicht Winddicht Stroller Handmuff Kinderwagenmuff\u2026 - Markt-XXL\",\"isPartOf\":{\"@id\":\"https:\\\/\\\/marktxxl.de\\\/markt\\\/#website\"},\"primaryImageOfPage\":{\"@id\":\"https:\\\/\\\/marktxxl.de\\\/markt\\\/produkt\\\/handwaermer-kinderwagen-handschuhe-handmuff-mit-warme-fleece-wasserdicht-winddicht-stroller-handmuff-kinderwagenmuff-universalgroesse-fuer-kinderwagen-buggy-radanhaenger\\\/#primaryimage\"},\"image\":{\"@id\":\"https:\\\/\\\/marktxxl.de\\\/markt\\\/produkt\\\/handwaermer-kinderwagen-handschuhe-handmuff-mit-warme-fleece-wasserdicht-winddicht-stroller-handmuff-kinderwagenmuff-universalgroesse-fuer-kinderwagen-buggy-radanhaenger\\\/#primaryimage\"},\"thumbnailUrl\":\"https:\\\/\\\/m.media-amazon.com\\\/images\\\/I\\\/61NzTvVRA2L._SL500_.jpg\",\"datePublished\":\"2021-12-28T11:51:05+00:00\",\"dateModified\":\"2023-04-11T01:00:19+00:00\",\"description\":\"Markt-XXL Handw\u00e4rmer Kinderwagen Handschuhe Handmuff mit Warme Fleece, Wasserdicht Winddicht Stroller Handmuff Kinderwagenmuff\u2026\",\"breadcrumb\":{\"@id\":\"https:\\\/\\\/marktxxl.de\\\/markt\\\/produkt\\\/handwaermer-kinderwagen-handschuhe-handmuff-mit-warme-fleece-wasserdicht-winddicht-stroller-handmuff-kinderwagenmuff-universalgroesse-fuer-kinderwagen-buggy-radanhaenger\\\/#breadcrumb\"},\"inLanguage\":\"de\",\"potentialAction\":[{\"@type\":\"ReadAction\",\"target\":[\"https:\\\/\\\/marktxxl.de\\\/markt\\\/produkt\\\/handwaermer-kinderwagen-handschuhe-handmuff-mit-warme-fleece-wasserdicht-winddicht-stroller-handmuff-kinderwagenmuff-universalgroesse-fuer-kinderwagen-buggy-radanhaenger\\\/\"]}]},{\"@type\":\"ImageObject\",\"inLanguage\":\"de\",\"@id\":\"https:\\\/\\\/marktxxl.de\\\/markt\\\/produkt\\\/handwaermer-kinderwagen-handschuhe-handmuff-mit-warme-fleece-wasserdicht-winddicht-stroller-handmuff-kinderwagenmuff-universalgroesse-fuer-kinderwagen-buggy-radanhaenger\\\/#primaryimage\",\"url\":\"https:\\\/\\\/m.media-amazon.com\\\/images\\\/I\\\/61NzTvVRA2L._SL500_.jpg\",\"contentUrl\":\"https:\\\/\\\/m.media-amazon.com\\\/images\\\/I\\\/61NzTvVRA2L._SL500_.jpg\",\"width\":500,\"height\":500},{\"@type\":\"BreadcrumbList\",\"@id\":\"https:\\\/\\\/marktxxl.de\\\/markt\\\/produkt\\\/handwaermer-kinderwagen-handschuhe-handmuff-mit-warme-fleece-wasserdicht-winddicht-stroller-handmuff-kinderwagenmuff-universalgroesse-fuer-kinderwagen-buggy-radanhaenger\\\/#breadcrumb\",\"itemListElement\":[{\"@type\":\"ListItem\",\"position\":1,\"name\":\"Startseite\",\"item\":\"https:\\\/\\\/marktxxl.de\\\/markt\\\/\"},{\"@type\":\"ListItem\",\"position\":2,\"name\":\"Markt\",\"item\":\"https:\\\/\\\/marktxxl.de\\\/markt\\\/\"},{\"@type\":\"ListItem\",\"position\":3,\"name\":\"Handw\u00e4rmer Kinderwagen Handschuhe Handmuff mit Warme Fleece, Wasserdicht Winddicht Stroller Handmuff Kinderwagenmuff\u2026\"}]},{\"@type\":\"WebSite\",\"@id\":\"https:\\\/\\\/marktxxl.de\\\/markt\\\/#website\",\"url\":\"https:\\\/\\\/marktxxl.de\\\/markt\\\/\",\"name\":\"Markt-XXL\",\"description\":\"Ihr Markt Online\",\"publisher\":{\"@id\":\"https:\\\/\\\/marktxxl.de\\\/markt\\\/#organization\"},\"potentialAction\":[{\"@type\":\"SearchAction\",\"target\":{\"@type\":\"EntryPoint\",\"urlTemplate\":\"https:\\\/\\\/marktxxl.de\\\/markt\\\/?s={search_term_string}\"},\"query-input\":{\"@type\":\"PropertyValueSpecification\",\"valueRequired\":true,\"valueName\":\"search_term_string\"}}],\"inLanguage\":\"de\"},{\"@type\":\"Organization\",\"@id\":\"https:\\\/\\\/marktxxl.de\\\/markt\\\/#organization\",\"name\":\"Markt-XXL\",\"url\":\"https:\\\/\\\/marktxxl.de\\\/markt\\\/\",\"logo\":{\"@type\":\"ImageObject\",\"inLanguage\":\"de\",\"@id\":\"https:\\\/\\\/marktxxl.de\\\/markt\\\/#\\\/schema\\\/logo\\\/image\\\/\",\"url\":\"https:\\\/\\\/marktxxl.de\\\/markt\\\/wp-content\\\/uploads\\\/sites\\\/3\\\/2020\\\/12\\\/logo.png\",\"contentUrl\":\"https:\\\/\\\/marktxxl.de\\\/markt\\\/wp-content\\\/uploads\\\/sites\\\/3\\\/2020\\\/12\\\/logo.png\",\"width\":200,\"height\":70,\"caption\":\"Markt-XXL\"},\"image\":{\"@id\":\"https:\\\/\\\/marktxxl.de\\\/markt\\\/#\\\/schema\\\/logo\\\/image\\\/\"}}]}<\/script>\n<!-- \/ Yoast SEO plugin. -->","yoast_head_json":{"title":"Handw\u00e4rmer Kinderwagen Handschuhe Handmuff mit Warme Fleece, Wasserdicht Winddicht Stroller Handmuff Kinderwagenmuff\u2026 - Markt-XXL","description":"Markt-XXL Handw\u00e4rmer Kinderwagen Handschuhe Handmuff mit Warme Fleece, Wasserdicht Winddicht Stroller Handmuff Kinderwagenmuff\u2026","robots":{"index":"index","follow":"follow","max-snippet":"max-snippet:-1","max-image-preview":"max-image-preview:large","max-video-preview":"max-video-preview:-1"},"canonical":"https:\/\/marktxxl.de\/markt\/produkt\/handwaermer-kinderwagen-handschuhe-handmuff-mit-warme-fleece-wasserdicht-winddicht-stroller-handmuff-kinderwagenmuff-universalgroesse-fuer-kinderwagen-buggy-radanhaenger\/","og_locale":"de_DE","og_type":"article","og_title":"Handw\u00e4rmer Kinderwagen Handschuhe Handmuff mit Warme Fleece, Wasserdicht Winddicht Stroller Handmuff Kinderwagenmuff\u2026 - Markt-XXL","og_description":"Markt-XXL Handw\u00e4rmer Kinderwagen Handschuhe Handmuff mit Warme Fleece, Wasserdicht Winddicht Stroller Handmuff Kinderwagenmuff\u2026","og_url":"https:\/\/marktxxl.de\/markt\/produkt\/handwaermer-kinderwagen-handschuhe-handmuff-mit-warme-fleece-wasserdicht-winddicht-stroller-handmuff-kinderwagenmuff-universalgroesse-fuer-kinderwagen-buggy-radanhaenger\/","og_site_name":"Markt-XXL","article_modified_time":"2023-04-11T01:00:19+00:00","og_image":[{"width":500,"height":500,"url":"https:\/\/m.media-amazon.com\/images\/I\/61NzTvVRA2L._SL500_.jpg","type":"image\/jpeg"}],"twitter_card":"summary_large_image","twitter_misc":{"Gesch\u00e4tzte Lesezeit":"1\u00a0Minute"},"schema":{"@context":"https:\/\/schema.org","@graph":[{"@type":"WebPage","@id":"https:\/\/marktxxl.de\/markt\/produkt\/handwaermer-kinderwagen-handschuhe-handmuff-mit-warme-fleece-wasserdicht-winddicht-stroller-handmuff-kinderwagenmuff-universalgroesse-fuer-kinderwagen-buggy-radanhaenger\/","url":"https:\/\/marktxxl.de\/markt\/produkt\/handwaermer-kinderwagen-handschuhe-handmuff-mit-warme-fleece-wasserdicht-winddicht-stroller-handmuff-kinderwagenmuff-universalgroesse-fuer-kinderwagen-buggy-radanhaenger\/","name":"Handw\u00e4rmer Kinderwagen Handschuhe Handmuff mit Warme Fleece, Wasserdicht Winddicht Stroller Handmuff Kinderwagenmuff\u2026 - Markt-XXL","isPartOf":{"@id":"https:\/\/marktxxl.de\/markt\/#website"},"primaryImageOfPage":{"@id":"https:\/\/marktxxl.de\/markt\/produkt\/handwaermer-kinderwagen-handschuhe-handmuff-mit-warme-fleece-wasserdicht-winddicht-stroller-handmuff-kinderwagenmuff-universalgroesse-fuer-kinderwagen-buggy-radanhaenger\/#primaryimage"},"image":{"@id":"https:\/\/marktxxl.de\/markt\/produkt\/handwaermer-kinderwagen-handschuhe-handmuff-mit-warme-fleece-wasserdicht-winddicht-stroller-handmuff-kinderwagenmuff-universalgroesse-fuer-kinderwagen-buggy-radanhaenger\/#primaryimage"},"thumbnailUrl":"https:\/\/m.media-amazon.com\/images\/I\/61NzTvVRA2L._SL500_.jpg","datePublished":"2021-12-28T11:51:05+00:00","dateModified":"2023-04-11T01:00:19+00:00","description":"Markt-XXL Handw\u00e4rmer Kinderwagen Handschuhe Handmuff mit Warme Fleece, Wasserdicht Winddicht Stroller Handmuff Kinderwagenmuff\u2026","breadcrumb":{"@id":"https:\/\/marktxxl.de\/markt\/produkt\/handwaermer-kinderwagen-handschuhe-handmuff-mit-warme-fleece-wasserdicht-winddicht-stroller-handmuff-kinderwagenmuff-universalgroesse-fuer-kinderwagen-buggy-radanhaenger\/#breadcrumb"},"inLanguage":"de","potentialAction":[{"@type":"ReadAction","target":["https:\/\/marktxxl.de\/markt\/produkt\/handwaermer-kinderwagen-handschuhe-handmuff-mit-warme-fleece-wasserdicht-winddicht-stroller-handmuff-kinderwagenmuff-universalgroesse-fuer-kinderwagen-buggy-radanhaenger\/"]}]},{"@type":"ImageObject","inLanguage":"de","@id":"https:\/\/marktxxl.de\/markt\/produkt\/handwaermer-kinderwagen-handschuhe-handmuff-mit-warme-fleece-wasserdicht-winddicht-stroller-handmuff-kinderwagenmuff-universalgroesse-fuer-kinderwagen-buggy-radanhaenger\/#primaryimage","url":"https:\/\/m.media-amazon.com\/images\/I\/61NzTvVRA2L._SL500_.jpg","contentUrl":"https:\/\/m.media-amazon.com\/images\/I\/61NzTvVRA2L._SL500_.jpg","width":500,"height":500},{"@type":"BreadcrumbList","@id":"https:\/\/marktxxl.de\/markt\/produkt\/handwaermer-kinderwagen-handschuhe-handmuff-mit-warme-fleece-wasserdicht-winddicht-stroller-handmuff-kinderwagenmuff-universalgroesse-fuer-kinderwagen-buggy-radanhaenger\/#breadcrumb","itemListElement":[{"@type":"ListItem","position":1,"name":"Startseite","item":"https:\/\/marktxxl.de\/markt\/"},{"@type":"ListItem","position":2,"name":"Markt","item":"https:\/\/marktxxl.de\/markt\/"},{"@type":"ListItem","position":3,"name":"Handw\u00e4rmer Kinderwagen Handschuhe Handmuff mit Warme Fleece, Wasserdicht Winddicht Stroller Handmuff Kinderwagenmuff\u2026"}]},{"@type":"WebSite","@id":"https:\/\/marktxxl.de\/markt\/#website","url":"https:\/\/marktxxl.de\/markt\/","name":"Markt-XXL","description":"Ihr Markt Online","publisher":{"@id":"https:\/\/marktxxl.de\/markt\/#organization"},"potentialAction":[{"@type":"SearchAction","target":{"@type":"EntryPoint","urlTemplate":"https:\/\/marktxxl.de\/markt\/?s={search_term_string}"},"query-input":{"@type":"PropertyValueSpecification","valueRequired":true,"valueName":"search_term_string"}}],"inLanguage":"de"},{"@type":"Organization","@id":"https:\/\/marktxxl.de\/markt\/#organization","name":"Markt-XXL","url":"https:\/\/marktxxl.de\/markt\/","logo":{"@type":"ImageObject","inLanguage":"de","@id":"https:\/\/marktxxl.de\/markt\/#\/schema\/logo\/image\/","url":"https:\/\/marktxxl.de\/markt\/wp-content\/uploads\/sites\/3\/2020\/12\/logo.png","contentUrl":"https:\/\/marktxxl.de\/markt\/wp-content\/uploads\/sites\/3\/2020\/12\/logo.png","width":200,"height":70,"caption":"Markt-XXL"},"image":{"@id":"https:\/\/marktxxl.de\/markt\/#\/schema\/logo\/image\/"}}]}},"_links":{"self":[{"href":"https:\/\/marktxxl.de\/markt\/wp-json\/wp\/v2\/product\/83663","targetHints":{"allow":["GET"]}}],"collection":[{"href":"https:\/\/marktxxl.de\/markt\/wp-json\/wp\/v2\/product"}],"about":[{"href":"https:\/\/marktxxl.de\/markt\/wp-json\/wp\/v2\/types\/product"}],"replies":[{"embeddable":true,"href":"https:\/\/marktxxl.de\/markt\/wp-json\/wp\/v2\/comments?post=83663"}],"wp:featuredmedia":[{"embeddable":true,"href":"https:\/\/marktxxl.de\/markt\/wp-json\/wp\/v2\/media\/83664"}],"wp:attachment":[{"href":"https:\/\/marktxxl.de\/markt\/wp-json\/wp\/v2\/media?parent=83663"}],"wp:term":[{"taxonomy":"product_brand","embeddable":true,"href":"https:\/\/marktxxl.de\/markt\/wp-json\/wp\/v2\/product_brand?post=83663"},{"taxonomy":"product_cat","embeddable":true,"href":"https:\/\/marktxxl.de\/markt\/wp-json\/wp\/v2\/product_cat?post=83663"},{"taxonomy":"product_tag","embeddable":true,"href":"https:\/\/marktxxl.de\/markt\/wp-json\/wp\/v2\/product_tag?post=83663"}],"curies":[{"name":"wp","href":"https:\/\/api.w.org\/{rel}","templated":true}]}}