{"id":83495,"date":"2021-12-28T12:21:18","date_gmt":"2021-12-28T11:21:18","guid":{"rendered":"https:\/\/marktxxl.de\/markt\/produkt\/unbekannt-sarong-peacock-white-tosca-green\/"},"modified":"2023-04-11T03:00:16","modified_gmt":"2023-04-11T01:00:16","slug":"unbekannt-sarong-peacock-white-tosca-green","status":"publish","type":"product","link":"https:\/\/marktxxl.de\/markt\/produkt\/unbekannt-sarong-peacock-white-tosca-green\/","title":{"rendered":"Back from Bali Womens Sarong Beach Swimsuit Bikini Cover up Wrap Peacock &amp; Clip"},"content":{"rendered":"<p>Toller Look mit diesem Beach Sarong Cover Up mit Pfauenmotiv, zentriert mit einem konzentrischen kreisf\u00f6rmigen Mandala in einem lebendig farbenfrohen exotischen Federmotiv<br \/>\nGro\u00dfz\u00fcgig bemessener Sarong 170 cm x 115 cm breit, um als Badeanzug-Cover- up zu tragen, ein Sarong-Kleid f\u00fcr Abende in der Stadt, als Wickelrock, Schal oder Kopftuch; Funktioniert auch hervorragend f\u00fcr den Einsatz als schnell trocknende Stranddecke oder leichte Tischdecke<br \/>\nEnth\u00e4lt einen nat\u00fcrlichen Kokosnuss-Shell-Clip f\u00fcr einfaches Binden und zum kreieren des eigenen looks. Ziehen Sie einfach die Stoffkanten durch den Clip und Ihn fuer sich zu fixieren.<br \/>\nSeidig weicher, hochwertiger Rayon atmet gut und bleibt k\u00fchl auf der Haut, plus die Farben bleiben lebendig ohne zu verwachen oder zu verbleichen; Maschinenw\u00e4sche und Trockner pflegeleicht<br \/>\nBack aus Bali stellt sch\u00f6ne, hochwertige Kleidung mit Herz her. Unsere Kleider werden von Hand in Bali entworfen und gefertigt, wo wir faire, ehrliche und faire Beziehungen zu unseren \u00f6rtlichen Frauenhandwerkern pflegen.<br \/>\n<div class=\"main-cross-sell\" data-asin=\"B01N7VETUP\">\n\n\t<div class=\"WooZone-cross-sell-loader\">\n\t\t<div>\n\t\t\t<div id=\"floatingBarsG\">\n\t\t\t\t<div class=\"blockG\" id=\"rotateG_01\"><\/div>\n\t\t\t\t<div class=\"blockG\" id=\"rotateG_02\"><\/div>\n\t\t\t\t<div class=\"blockG\" id=\"rotateG_03\"><\/div>\n\t\t\t\t<div class=\"blockG\" id=\"rotateG_04\"><\/div>\n\t\t\t\t<div class=\"blockG\" id=\"rotateG_05\"><\/div>\n\t\t\t\t<div class=\"blockG\" id=\"rotateG_06\"><\/div>\n\t\t\t\t<div class=\"blockG\" id=\"rotateG_07\"><\/div>\n\t\t\t\t<div class=\"blockG\" id=\"rotateG_08\"><\/div>\n\t\t\t<\/div>\n\t\t\t<div class=\"WooZone-cross-sell-loader-text\"><\/div>\n\t\t<\/div>\n\t<\/div>\n\n\t\t\n<\/div>\n<div style=\"clear:both;\"><\/div><\/p>\n","protected":false},"excerpt":{"rendered":"<p>Toller Look mit diesem Beach Sarong Cover Up mit Pfauenmotiv, zentriert mit einem konzentrischen kreisf\u00f6rmigen Mandala in einem lebendig farbenfrohen exotischen Federmotiv<br \/>\nGro\u00dfz\u00fcgig bemessener Sarong 170 cm x 115 cm breit, um als Badeanzug-Cover- up zu tragen, ein Sarong-Kleid f\u00fcr Abende in der Stadt, als Wickelrock, Schal oder Kopftuch; Funktioniert auch hervorragend f\u00fcr den Einsatz als schnell trocknende Stranddecke oder leichte Tischdecke<br \/>\nEnth\u00e4lt einen nat\u00fcrlichen Kokosnuss-Shell-Clip f\u00fcr einfaches Binden und zum kreieren des eigenen looks. Ziehen Sie einfach die Stoffkanten durch den Clip und Ihn fuer sich zu fixieren.<\/p>\n","protected":false},"featured_media":83496,"comment_status":"open","ping_status":"closed","template":"","meta":[],"product_brand":[],"product_cat":[1186,3920],"product_tag":[],"class_list":{"0":"post-83495","1":"product","2":"type-product","3":"status-publish","4":"has-post-thumbnail","6":"product_cat-bekleidung","7":"product_cat-damen","8":"pa_binding-misc","9":"pa_brand-unbekannt","10":"pa_color-weiss-rosa","11":"pa_model-sarong-peacock-whitetosca","13":"first","14":"instock","15":"shipping-taxable","16":"purchasable","17":"product-type-simple","18":"customify-col","19":"product-has-gallery"},"yoast_head":"<!-- This site is optimized with the Yoast SEO plugin v27.3 - https:\/\/yoast.com\/product\/yoast-seo-wordpress\/ -->\n<title>Back from Bali Womens Sarong Beach Swimsuit Bikini Cover up Wrap Peacock &amp; Clip - Markt-XXL<\/title>\n<meta name=\"description\" content=\"Markt-XXL Back from Bali Womens Sarong Beach Swimsuit Bikini Cover up Wrap Peacock &amp; Clip\" \/>\n<meta name=\"robots\" content=\"index, follow, max-snippet:-1, max-image-preview:large, max-video-preview:-1\" \/>\n<link rel=\"canonical\" href=\"https:\/\/marktxxl.de\/markt\/produkt\/unbekannt-sarong-peacock-white-tosca-green\/\" \/>\n<meta property=\"og:locale\" content=\"de_DE\" \/>\n<meta property=\"og:type\" content=\"article\" \/>\n<meta property=\"og:title\" content=\"Back from Bali Womens Sarong Beach Swimsuit Bikini Cover up Wrap Peacock &amp; Clip - Markt-XXL\" \/>\n<meta property=\"og:description\" content=\"Markt-XXL Back from Bali Womens Sarong Beach Swimsuit Bikini Cover up Wrap Peacock &amp; Clip\" \/>\n<meta property=\"og:url\" content=\"https:\/\/marktxxl.de\/markt\/produkt\/unbekannt-sarong-peacock-white-tosca-green\/\" \/>\n<meta property=\"og:site_name\" content=\"Markt-XXL\" \/>\n<meta property=\"article:modified_time\" content=\"2023-04-11T01:00:16+00:00\" \/>\n<meta property=\"og:image\" content=\"https:\/\/m.media-amazon.com\/images\/I\/51xUTynUINL._SL500_.jpg\" \/>\n\t<meta property=\"og:image:width\" content=\"333\" \/>\n\t<meta property=\"og:image:height\" content=\"500\" \/>\n\t<meta property=\"og:image:type\" content=\"image\/jpeg\" \/>\n<meta name=\"twitter:card\" content=\"summary_large_image\" \/>\n<meta name=\"twitter:label1\" content=\"Gesch\u00e4tzte Lesezeit\" \/>\n\t<meta name=\"twitter:data1\" content=\"1\u00a0Minute\" \/>\n<script type=\"application\/ld+json\" class=\"yoast-schema-graph\">{\"@context\":\"https:\\\/\\\/schema.org\",\"@graph\":[{\"@type\":\"WebPage\",\"@id\":\"https:\\\/\\\/marktxxl.de\\\/markt\\\/produkt\\\/unbekannt-sarong-peacock-white-tosca-green\\\/\",\"url\":\"https:\\\/\\\/marktxxl.de\\\/markt\\\/produkt\\\/unbekannt-sarong-peacock-white-tosca-green\\\/\",\"name\":\"Back from Bali Womens Sarong Beach Swimsuit Bikini Cover up Wrap Peacock &amp; Clip - Markt-XXL\",\"isPartOf\":{\"@id\":\"https:\\\/\\\/marktxxl.de\\\/markt\\\/#website\"},\"primaryImageOfPage\":{\"@id\":\"https:\\\/\\\/marktxxl.de\\\/markt\\\/produkt\\\/unbekannt-sarong-peacock-white-tosca-green\\\/#primaryimage\"},\"image\":{\"@id\":\"https:\\\/\\\/marktxxl.de\\\/markt\\\/produkt\\\/unbekannt-sarong-peacock-white-tosca-green\\\/#primaryimage\"},\"thumbnailUrl\":\"https:\\\/\\\/m.media-amazon.com\\\/images\\\/I\\\/51xUTynUINL._SL500_.jpg\",\"datePublished\":\"2021-12-28T11:21:18+00:00\",\"dateModified\":\"2023-04-11T01:00:16+00:00\",\"description\":\"Markt-XXL Back from Bali Womens Sarong Beach Swimsuit Bikini Cover up Wrap Peacock &amp; Clip\",\"breadcrumb\":{\"@id\":\"https:\\\/\\\/marktxxl.de\\\/markt\\\/produkt\\\/unbekannt-sarong-peacock-white-tosca-green\\\/#breadcrumb\"},\"inLanguage\":\"de\",\"potentialAction\":[{\"@type\":\"ReadAction\",\"target\":[\"https:\\\/\\\/marktxxl.de\\\/markt\\\/produkt\\\/unbekannt-sarong-peacock-white-tosca-green\\\/\"]}]},{\"@type\":\"ImageObject\",\"inLanguage\":\"de\",\"@id\":\"https:\\\/\\\/marktxxl.de\\\/markt\\\/produkt\\\/unbekannt-sarong-peacock-white-tosca-green\\\/#primaryimage\",\"url\":\"https:\\\/\\\/m.media-amazon.com\\\/images\\\/I\\\/51xUTynUINL._SL500_.jpg\",\"contentUrl\":\"https:\\\/\\\/m.media-amazon.com\\\/images\\\/I\\\/51xUTynUINL._SL500_.jpg\",\"width\":333,\"height\":500},{\"@type\":\"BreadcrumbList\",\"@id\":\"https:\\\/\\\/marktxxl.de\\\/markt\\\/produkt\\\/unbekannt-sarong-peacock-white-tosca-green\\\/#breadcrumb\",\"itemListElement\":[{\"@type\":\"ListItem\",\"position\":1,\"name\":\"Startseite\",\"item\":\"https:\\\/\\\/marktxxl.de\\\/markt\\\/\"},{\"@type\":\"ListItem\",\"position\":2,\"name\":\"Markt\",\"item\":\"https:\\\/\\\/marktxxl.de\\\/markt\\\/\"},{\"@type\":\"ListItem\",\"position\":3,\"name\":\"Back from Bali Womens Sarong Beach Swimsuit Bikini Cover up Wrap Peacock &amp; Clip\"}]},{\"@type\":\"WebSite\",\"@id\":\"https:\\\/\\\/marktxxl.de\\\/markt\\\/#website\",\"url\":\"https:\\\/\\\/marktxxl.de\\\/markt\\\/\",\"name\":\"Markt-XXL\",\"description\":\"Ihr Markt Online\",\"publisher\":{\"@id\":\"https:\\\/\\\/marktxxl.de\\\/markt\\\/#organization\"},\"potentialAction\":[{\"@type\":\"SearchAction\",\"target\":{\"@type\":\"EntryPoint\",\"urlTemplate\":\"https:\\\/\\\/marktxxl.de\\\/markt\\\/?s={search_term_string}\"},\"query-input\":{\"@type\":\"PropertyValueSpecification\",\"valueRequired\":true,\"valueName\":\"search_term_string\"}}],\"inLanguage\":\"de\"},{\"@type\":\"Organization\",\"@id\":\"https:\\\/\\\/marktxxl.de\\\/markt\\\/#organization\",\"name\":\"Markt-XXL\",\"url\":\"https:\\\/\\\/marktxxl.de\\\/markt\\\/\",\"logo\":{\"@type\":\"ImageObject\",\"inLanguage\":\"de\",\"@id\":\"https:\\\/\\\/marktxxl.de\\\/markt\\\/#\\\/schema\\\/logo\\\/image\\\/\",\"url\":\"https:\\\/\\\/marktxxl.de\\\/markt\\\/wp-content\\\/uploads\\\/sites\\\/3\\\/2020\\\/12\\\/logo.png\",\"contentUrl\":\"https:\\\/\\\/marktxxl.de\\\/markt\\\/wp-content\\\/uploads\\\/sites\\\/3\\\/2020\\\/12\\\/logo.png\",\"width\":200,\"height\":70,\"caption\":\"Markt-XXL\"},\"image\":{\"@id\":\"https:\\\/\\\/marktxxl.de\\\/markt\\\/#\\\/schema\\\/logo\\\/image\\\/\"}}]}<\/script>\n<!-- \/ Yoast SEO plugin. -->","yoast_head_json":{"title":"Back from Bali Womens Sarong Beach Swimsuit Bikini Cover up Wrap Peacock &amp; Clip - Markt-XXL","description":"Markt-XXL Back from Bali Womens Sarong Beach Swimsuit Bikini Cover up Wrap Peacock &amp; Clip","robots":{"index":"index","follow":"follow","max-snippet":"max-snippet:-1","max-image-preview":"max-image-preview:large","max-video-preview":"max-video-preview:-1"},"canonical":"https:\/\/marktxxl.de\/markt\/produkt\/unbekannt-sarong-peacock-white-tosca-green\/","og_locale":"de_DE","og_type":"article","og_title":"Back from Bali Womens Sarong Beach Swimsuit Bikini Cover up Wrap Peacock &amp; Clip - Markt-XXL","og_description":"Markt-XXL Back from Bali Womens Sarong Beach Swimsuit Bikini Cover up Wrap Peacock &amp; Clip","og_url":"https:\/\/marktxxl.de\/markt\/produkt\/unbekannt-sarong-peacock-white-tosca-green\/","og_site_name":"Markt-XXL","article_modified_time":"2023-04-11T01:00:16+00:00","og_image":[{"width":333,"height":500,"url":"https:\/\/m.media-amazon.com\/images\/I\/51xUTynUINL._SL500_.jpg","type":"image\/jpeg"}],"twitter_card":"summary_large_image","twitter_misc":{"Gesch\u00e4tzte Lesezeit":"1\u00a0Minute"},"schema":{"@context":"https:\/\/schema.org","@graph":[{"@type":"WebPage","@id":"https:\/\/marktxxl.de\/markt\/produkt\/unbekannt-sarong-peacock-white-tosca-green\/","url":"https:\/\/marktxxl.de\/markt\/produkt\/unbekannt-sarong-peacock-white-tosca-green\/","name":"Back from Bali Womens Sarong Beach Swimsuit Bikini Cover up Wrap Peacock &amp; Clip - Markt-XXL","isPartOf":{"@id":"https:\/\/marktxxl.de\/markt\/#website"},"primaryImageOfPage":{"@id":"https:\/\/marktxxl.de\/markt\/produkt\/unbekannt-sarong-peacock-white-tosca-green\/#primaryimage"},"image":{"@id":"https:\/\/marktxxl.de\/markt\/produkt\/unbekannt-sarong-peacock-white-tosca-green\/#primaryimage"},"thumbnailUrl":"https:\/\/m.media-amazon.com\/images\/I\/51xUTynUINL._SL500_.jpg","datePublished":"2021-12-28T11:21:18+00:00","dateModified":"2023-04-11T01:00:16+00:00","description":"Markt-XXL Back from Bali Womens Sarong Beach Swimsuit Bikini Cover up Wrap Peacock &amp; Clip","breadcrumb":{"@id":"https:\/\/marktxxl.de\/markt\/produkt\/unbekannt-sarong-peacock-white-tosca-green\/#breadcrumb"},"inLanguage":"de","potentialAction":[{"@type":"ReadAction","target":["https:\/\/marktxxl.de\/markt\/produkt\/unbekannt-sarong-peacock-white-tosca-green\/"]}]},{"@type":"ImageObject","inLanguage":"de","@id":"https:\/\/marktxxl.de\/markt\/produkt\/unbekannt-sarong-peacock-white-tosca-green\/#primaryimage","url":"https:\/\/m.media-amazon.com\/images\/I\/51xUTynUINL._SL500_.jpg","contentUrl":"https:\/\/m.media-amazon.com\/images\/I\/51xUTynUINL._SL500_.jpg","width":333,"height":500},{"@type":"BreadcrumbList","@id":"https:\/\/marktxxl.de\/markt\/produkt\/unbekannt-sarong-peacock-white-tosca-green\/#breadcrumb","itemListElement":[{"@type":"ListItem","position":1,"name":"Startseite","item":"https:\/\/marktxxl.de\/markt\/"},{"@type":"ListItem","position":2,"name":"Markt","item":"https:\/\/marktxxl.de\/markt\/"},{"@type":"ListItem","position":3,"name":"Back from Bali Womens Sarong Beach Swimsuit Bikini Cover up Wrap Peacock &amp; Clip"}]},{"@type":"WebSite","@id":"https:\/\/marktxxl.de\/markt\/#website","url":"https:\/\/marktxxl.de\/markt\/","name":"Markt-XXL","description":"Ihr Markt Online","publisher":{"@id":"https:\/\/marktxxl.de\/markt\/#organization"},"potentialAction":[{"@type":"SearchAction","target":{"@type":"EntryPoint","urlTemplate":"https:\/\/marktxxl.de\/markt\/?s={search_term_string}"},"query-input":{"@type":"PropertyValueSpecification","valueRequired":true,"valueName":"search_term_string"}}],"inLanguage":"de"},{"@type":"Organization","@id":"https:\/\/marktxxl.de\/markt\/#organization","name":"Markt-XXL","url":"https:\/\/marktxxl.de\/markt\/","logo":{"@type":"ImageObject","inLanguage":"de","@id":"https:\/\/marktxxl.de\/markt\/#\/schema\/logo\/image\/","url":"https:\/\/marktxxl.de\/markt\/wp-content\/uploads\/sites\/3\/2020\/12\/logo.png","contentUrl":"https:\/\/marktxxl.de\/markt\/wp-content\/uploads\/sites\/3\/2020\/12\/logo.png","width":200,"height":70,"caption":"Markt-XXL"},"image":{"@id":"https:\/\/marktxxl.de\/markt\/#\/schema\/logo\/image\/"}}]}},"_links":{"self":[{"href":"https:\/\/marktxxl.de\/markt\/wp-json\/wp\/v2\/product\/83495","targetHints":{"allow":["GET"]}}],"collection":[{"href":"https:\/\/marktxxl.de\/markt\/wp-json\/wp\/v2\/product"}],"about":[{"href":"https:\/\/marktxxl.de\/markt\/wp-json\/wp\/v2\/types\/product"}],"replies":[{"embeddable":true,"href":"https:\/\/marktxxl.de\/markt\/wp-json\/wp\/v2\/comments?post=83495"}],"wp:featuredmedia":[{"embeddable":true,"href":"https:\/\/marktxxl.de\/markt\/wp-json\/wp\/v2\/media\/83496"}],"wp:attachment":[{"href":"https:\/\/marktxxl.de\/markt\/wp-json\/wp\/v2\/media?parent=83495"}],"wp:term":[{"taxonomy":"product_brand","embeddable":true,"href":"https:\/\/marktxxl.de\/markt\/wp-json\/wp\/v2\/product_brand?post=83495"},{"taxonomy":"product_cat","embeddable":true,"href":"https:\/\/marktxxl.de\/markt\/wp-json\/wp\/v2\/product_cat?post=83495"},{"taxonomy":"product_tag","embeddable":true,"href":"https:\/\/marktxxl.de\/markt\/wp-json\/wp\/v2\/product_tag?post=83495"}],"curies":[{"name":"wp","href":"https:\/\/api.w.org\/{rel}","templated":true}]}}