{"id":83484,"date":"2021-12-28T12:15:41","date_gmt":"2021-12-28T11:15:41","guid":{"rendered":"https:\/\/marktxxl.de\/markt\/produkt\/little-deco-wandtattoo-einhorn-herz-mit-fluegeln-ii-kinderzimmer-babyzimmer-aufkleber-sticker-wandaufkleber-wandsticker-klebeposter-dl140\/"},"modified":"2023-04-11T03:00:16","modified_gmt":"2023-04-11T01:00:16","slug":"little-deco-wandtattoo-einhorn-herz-mit-fluegeln-ii-kinderzimmer-babyzimmer-aufkleber-sticker-wandaufkleber-wandsticker-klebeposter-dl140","status":"publish","type":"product","link":"https:\/\/marktxxl.de\/markt\/produkt\/little-deco-wandtattoo-einhorn-herz-mit-fluegeln-ii-kinderzimmer-babyzimmer-aufkleber-sticker-wandaufkleber-wandsticker-klebeposter-dl140\/","title":{"rendered":"Little Deco Wandtattoo Einhorn &amp; Herz mit Fl\u00fcgeln I M &#8211; 53 x 43 cm (BxH) I Kinderzimmer Babyzimmer Aufkleber Sticker\u2026"},"content":{"rendered":"<p>\ud83d\udc9a LIEFERUMFANG- Ein Wandtattoo Kinderzimmer in der ausgew\u00e4hlten Gr\u00f6\u00dfe. Zum stressfreien Anbringen liefern wir einen KOSTENLOSEN Rakel, eine Klebeanleitung sowie einen Probeaufkleber.<br \/>\n\ud83d\udc9a EINZIGARTIG &#8211; Die trendigen und modernen Kinderzimmer Wandaufkleber schaffen eine liebevolle Umgebung f\u00fcr dein Kind zum spielen und lernen. Durch die individuelle Anbringung wird jede Wand zum Unikat so einzigartig wie dein Kind.<br \/>\n\ud83d\udc9a ABZIEHEN AUFKLEBEN &#8211; Perfekt selbstklebende Deko an W\u00e4nden, M\u00f6beln und T\u00fcren. H\u00e4lt auf allen glatten fett-, latex- und silikonfreien Oberfl\u00e4chen auch Raufaser. Ohne R\u00fcckst\u00e4nde wieder abnehmbar.<br \/>\n\ud83d\udc9a PREMIUM QUALIT\u00c4T- MADE IN GERMANY- Unsere konturgeschnittenen Kinder Aufkleber sind chlor- und weichmacherfrei sowie geruchlos. Daher bestens geignet f\u00fcr Kinderzimmer, Babyzimmer, Spielzimmer, Klassenr\u00e4ume und Kindergarten.<br \/>\n\ud83d\udc9a SUPER GESCHENKIDEE- Egal ob M\u00e4dchen oder Junge, zur Babyparty, Geburt oder Kindergeburtstag, die Deko Aufkleber sind immer ein tolles Geschenk.<br \/>\n<div class=\"main-cross-sell\" data-asin=\"B07KWV82GY\">\n\n\t<div class=\"WooZone-cross-sell-loader\">\n\t\t<div>\n\t\t\t<div id=\"floatingBarsG\">\n\t\t\t\t<div class=\"blockG\" id=\"rotateG_01\"><\/div>\n\t\t\t\t<div class=\"blockG\" id=\"rotateG_02\"><\/div>\n\t\t\t\t<div class=\"blockG\" id=\"rotateG_03\"><\/div>\n\t\t\t\t<div class=\"blockG\" id=\"rotateG_04\"><\/div>\n\t\t\t\t<div class=\"blockG\" id=\"rotateG_05\"><\/div>\n\t\t\t\t<div class=\"blockG\" id=\"rotateG_06\"><\/div>\n\t\t\t\t<div class=\"blockG\" id=\"rotateG_07\"><\/div>\n\t\t\t\t<div class=\"blockG\" id=\"rotateG_08\"><\/div>\n\t\t\t<\/div>\n\t\t\t<div class=\"WooZone-cross-sell-loader-text\"><\/div>\n\t\t<\/div>\n\t<\/div>\n\n\t\t\n<\/div>\n<div style=\"clear:both;\"><\/div><\/p>\n","protected":false},"excerpt":{"rendered":"<p>\ud83d\udc9a LIEFERUMFANG- Ein Wandtattoo Kinderzimmer in der ausgew\u00e4hlten Gr\u00f6\u00dfe. Zum stressfreien Anbringen liefern wir einen KOSTENLOSEN Rakel, eine Klebeanleitung sowie einen Probeaufkleber.<br \/>\n\ud83d\udc9a EINZIGARTIG &#8211; Die trendigen und modernen Kinderzimmer Wandaufkleber schaffen eine liebevolle Umgebung f\u00fcr dein Kind zum spielen und lernen. Durch die individuelle Anbringung wird jede Wand zum Unikat so einzigartig wie dein Kind.<br \/>\n\ud83d\udc9a ABZIEHEN AUFKLEBEN &#8211; Perfekt selbstklebende Deko an W\u00e4nden, M\u00f6beln und T\u00fcren. H\u00e4lt auf allen glatten fett-, latex- und silikonfreien Oberfl\u00e4chen auch Raufaser. Ohne R\u00fcckst\u00e4nde wieder abnehmbar.<\/p>\n","protected":false},"featured_media":83485,"comment_status":"open","ping_status":"closed","template":"","meta":[],"product_brand":[],"product_cat":[21,8825],"product_tag":[],"class_list":{"0":"post-83484","1":"product","2":"type-product","3":"status-publish","4":"has-post-thumbnail","6":"product_cat-baby","7":"product_cat-baby-kleinkinderzimmer-baby","8":"pa_binding-haushaltswaren","9":"pa_brand-little-deco","10":"pa_manufacturer-little-deco","12":"first","13":"instock","14":"shipping-taxable","15":"purchasable","16":"product-type-simple","17":"customify-col","18":"product-has-gallery"},"yoast_head":"<!-- This site is optimized with the Yoast SEO plugin v27.4 - https:\/\/yoast.com\/product\/yoast-seo-wordpress\/ -->\n<title>Little Deco Wandtattoo Einhorn &amp; Herz mit Fl\u00fcgeln I M - 53 x 43 cm (BxH) I Kinderzimmer Babyzimmer Aufkleber Sticker\u2026 - Markt-XXL<\/title>\n<meta name=\"description\" content=\"Markt-XXL Little Deco Wandtattoo Einhorn &amp; Herz mit Fl\u00fcgeln I M - 53 x 43 cm (BxH) I Kinderzimmer Babyzimmer Aufkleber Sticker\u2026\" \/>\n<meta name=\"robots\" content=\"index, follow, max-snippet:-1, max-image-preview:large, max-video-preview:-1\" \/>\n<link rel=\"canonical\" href=\"https:\/\/marktxxl.de\/markt\/produkt\/little-deco-wandtattoo-einhorn-herz-mit-fluegeln-ii-kinderzimmer-babyzimmer-aufkleber-sticker-wandaufkleber-wandsticker-klebeposter-dl140\/\" \/>\n<meta property=\"og:locale\" content=\"de_DE\" \/>\n<meta property=\"og:type\" content=\"article\" \/>\n<meta property=\"og:title\" content=\"Little Deco Wandtattoo Einhorn &amp; Herz mit Fl\u00fcgeln I M - 53 x 43 cm (BxH) I Kinderzimmer Babyzimmer Aufkleber Sticker\u2026 - Markt-XXL\" \/>\n<meta property=\"og:description\" content=\"Markt-XXL Little Deco Wandtattoo Einhorn &amp; Herz mit Fl\u00fcgeln I M - 53 x 43 cm (BxH) I Kinderzimmer Babyzimmer Aufkleber Sticker\u2026\" \/>\n<meta property=\"og:url\" content=\"https:\/\/marktxxl.de\/markt\/produkt\/little-deco-wandtattoo-einhorn-herz-mit-fluegeln-ii-kinderzimmer-babyzimmer-aufkleber-sticker-wandaufkleber-wandsticker-klebeposter-dl140\/\" \/>\n<meta property=\"og:site_name\" content=\"Markt-XXL\" \/>\n<meta property=\"article:modified_time\" content=\"2023-04-11T01:00:16+00:00\" \/>\n<meta property=\"og:image\" content=\"https:\/\/m.media-amazon.com\/images\/I\/41xSdj8jGAL._SL500_.jpg\" \/>\n\t<meta property=\"og:image:width\" content=\"500\" \/>\n\t<meta property=\"og:image:height\" content=\"500\" \/>\n\t<meta property=\"og:image:type\" content=\"image\/jpeg\" \/>\n<meta name=\"twitter:card\" content=\"summary_large_image\" \/>\n<meta name=\"twitter:label1\" content=\"Gesch\u00e4tzte Lesezeit\" \/>\n\t<meta name=\"twitter:data1\" content=\"1\u00a0Minute\" \/>\n<script type=\"application\/ld+json\" class=\"yoast-schema-graph\">{\"@context\":\"https:\\\/\\\/schema.org\",\"@graph\":[{\"@type\":\"WebPage\",\"@id\":\"https:\\\/\\\/marktxxl.de\\\/markt\\\/produkt\\\/little-deco-wandtattoo-einhorn-herz-mit-fluegeln-ii-kinderzimmer-babyzimmer-aufkleber-sticker-wandaufkleber-wandsticker-klebeposter-dl140\\\/\",\"url\":\"https:\\\/\\\/marktxxl.de\\\/markt\\\/produkt\\\/little-deco-wandtattoo-einhorn-herz-mit-fluegeln-ii-kinderzimmer-babyzimmer-aufkleber-sticker-wandaufkleber-wandsticker-klebeposter-dl140\\\/\",\"name\":\"Little Deco Wandtattoo Einhorn &amp; Herz mit Fl\u00fcgeln I M - 53 x 43 cm (BxH) I Kinderzimmer Babyzimmer Aufkleber Sticker\u2026 - Markt-XXL\",\"isPartOf\":{\"@id\":\"https:\\\/\\\/marktxxl.de\\\/markt\\\/#website\"},\"primaryImageOfPage\":{\"@id\":\"https:\\\/\\\/marktxxl.de\\\/markt\\\/produkt\\\/little-deco-wandtattoo-einhorn-herz-mit-fluegeln-ii-kinderzimmer-babyzimmer-aufkleber-sticker-wandaufkleber-wandsticker-klebeposter-dl140\\\/#primaryimage\"},\"image\":{\"@id\":\"https:\\\/\\\/marktxxl.de\\\/markt\\\/produkt\\\/little-deco-wandtattoo-einhorn-herz-mit-fluegeln-ii-kinderzimmer-babyzimmer-aufkleber-sticker-wandaufkleber-wandsticker-klebeposter-dl140\\\/#primaryimage\"},\"thumbnailUrl\":\"https:\\\/\\\/m.media-amazon.com\\\/images\\\/I\\\/41xSdj8jGAL._SL500_.jpg\",\"datePublished\":\"2021-12-28T11:15:41+00:00\",\"dateModified\":\"2023-04-11T01:00:16+00:00\",\"description\":\"Markt-XXL Little Deco Wandtattoo Einhorn &amp; Herz mit Fl\u00fcgeln I M - 53 x 43 cm (BxH) I Kinderzimmer Babyzimmer Aufkleber Sticker\u2026\",\"breadcrumb\":{\"@id\":\"https:\\\/\\\/marktxxl.de\\\/markt\\\/produkt\\\/little-deco-wandtattoo-einhorn-herz-mit-fluegeln-ii-kinderzimmer-babyzimmer-aufkleber-sticker-wandaufkleber-wandsticker-klebeposter-dl140\\\/#breadcrumb\"},\"inLanguage\":\"de\",\"potentialAction\":[{\"@type\":\"ReadAction\",\"target\":[\"https:\\\/\\\/marktxxl.de\\\/markt\\\/produkt\\\/little-deco-wandtattoo-einhorn-herz-mit-fluegeln-ii-kinderzimmer-babyzimmer-aufkleber-sticker-wandaufkleber-wandsticker-klebeposter-dl140\\\/\"]}]},{\"@type\":\"ImageObject\",\"inLanguage\":\"de\",\"@id\":\"https:\\\/\\\/marktxxl.de\\\/markt\\\/produkt\\\/little-deco-wandtattoo-einhorn-herz-mit-fluegeln-ii-kinderzimmer-babyzimmer-aufkleber-sticker-wandaufkleber-wandsticker-klebeposter-dl140\\\/#primaryimage\",\"url\":\"https:\\\/\\\/m.media-amazon.com\\\/images\\\/I\\\/41xSdj8jGAL._SL500_.jpg\",\"contentUrl\":\"https:\\\/\\\/m.media-amazon.com\\\/images\\\/I\\\/41xSdj8jGAL._SL500_.jpg\",\"width\":500,\"height\":500},{\"@type\":\"BreadcrumbList\",\"@id\":\"https:\\\/\\\/marktxxl.de\\\/markt\\\/produkt\\\/little-deco-wandtattoo-einhorn-herz-mit-fluegeln-ii-kinderzimmer-babyzimmer-aufkleber-sticker-wandaufkleber-wandsticker-klebeposter-dl140\\\/#breadcrumb\",\"itemListElement\":[{\"@type\":\"ListItem\",\"position\":1,\"name\":\"Startseite\",\"item\":\"https:\\\/\\\/marktxxl.de\\\/markt\\\/\"},{\"@type\":\"ListItem\",\"position\":2,\"name\":\"Markt\",\"item\":\"https:\\\/\\\/marktxxl.de\\\/markt\\\/\"},{\"@type\":\"ListItem\",\"position\":3,\"name\":\"Little Deco Wandtattoo Einhorn &amp; Herz mit Fl\u00fcgeln I M &#8211; 53 x 43 cm (BxH) I Kinderzimmer Babyzimmer Aufkleber Sticker\u2026\"}]},{\"@type\":\"WebSite\",\"@id\":\"https:\\\/\\\/marktxxl.de\\\/markt\\\/#website\",\"url\":\"https:\\\/\\\/marktxxl.de\\\/markt\\\/\",\"name\":\"Markt-XXL\",\"description\":\"Ihr Markt Online\",\"publisher\":{\"@id\":\"https:\\\/\\\/marktxxl.de\\\/markt\\\/#organization\"},\"potentialAction\":[{\"@type\":\"SearchAction\",\"target\":{\"@type\":\"EntryPoint\",\"urlTemplate\":\"https:\\\/\\\/marktxxl.de\\\/markt\\\/?s={search_term_string}\"},\"query-input\":{\"@type\":\"PropertyValueSpecification\",\"valueRequired\":true,\"valueName\":\"search_term_string\"}}],\"inLanguage\":\"de\"},{\"@type\":\"Organization\",\"@id\":\"https:\\\/\\\/marktxxl.de\\\/markt\\\/#organization\",\"name\":\"Markt-XXL\",\"url\":\"https:\\\/\\\/marktxxl.de\\\/markt\\\/\",\"logo\":{\"@type\":\"ImageObject\",\"inLanguage\":\"de\",\"@id\":\"https:\\\/\\\/marktxxl.de\\\/markt\\\/#\\\/schema\\\/logo\\\/image\\\/\",\"url\":\"https:\\\/\\\/marktxxl.de\\\/markt\\\/wp-content\\\/uploads\\\/sites\\\/3\\\/2020\\\/12\\\/logo.png\",\"contentUrl\":\"https:\\\/\\\/marktxxl.de\\\/markt\\\/wp-content\\\/uploads\\\/sites\\\/3\\\/2020\\\/12\\\/logo.png\",\"width\":200,\"height\":70,\"caption\":\"Markt-XXL\"},\"image\":{\"@id\":\"https:\\\/\\\/marktxxl.de\\\/markt\\\/#\\\/schema\\\/logo\\\/image\\\/\"}}]}<\/script>\n<!-- \/ Yoast SEO plugin. -->","yoast_head_json":{"title":"Little Deco Wandtattoo Einhorn &amp; Herz mit Fl\u00fcgeln I M - 53 x 43 cm (BxH) I Kinderzimmer Babyzimmer Aufkleber Sticker\u2026 - Markt-XXL","description":"Markt-XXL Little Deco Wandtattoo Einhorn &amp; Herz mit Fl\u00fcgeln I M - 53 x 43 cm (BxH) I Kinderzimmer Babyzimmer Aufkleber Sticker\u2026","robots":{"index":"index","follow":"follow","max-snippet":"max-snippet:-1","max-image-preview":"max-image-preview:large","max-video-preview":"max-video-preview:-1"},"canonical":"https:\/\/marktxxl.de\/markt\/produkt\/little-deco-wandtattoo-einhorn-herz-mit-fluegeln-ii-kinderzimmer-babyzimmer-aufkleber-sticker-wandaufkleber-wandsticker-klebeposter-dl140\/","og_locale":"de_DE","og_type":"article","og_title":"Little Deco Wandtattoo Einhorn &amp; Herz mit Fl\u00fcgeln I M - 53 x 43 cm (BxH) I Kinderzimmer Babyzimmer Aufkleber Sticker\u2026 - Markt-XXL","og_description":"Markt-XXL Little Deco Wandtattoo Einhorn &amp; Herz mit Fl\u00fcgeln I M - 53 x 43 cm (BxH) I Kinderzimmer Babyzimmer Aufkleber Sticker\u2026","og_url":"https:\/\/marktxxl.de\/markt\/produkt\/little-deco-wandtattoo-einhorn-herz-mit-fluegeln-ii-kinderzimmer-babyzimmer-aufkleber-sticker-wandaufkleber-wandsticker-klebeposter-dl140\/","og_site_name":"Markt-XXL","article_modified_time":"2023-04-11T01:00:16+00:00","og_image":[{"width":500,"height":500,"url":"https:\/\/m.media-amazon.com\/images\/I\/41xSdj8jGAL._SL500_.jpg","type":"image\/jpeg"}],"twitter_card":"summary_large_image","twitter_misc":{"Gesch\u00e4tzte Lesezeit":"1\u00a0Minute"},"schema":{"@context":"https:\/\/schema.org","@graph":[{"@type":"WebPage","@id":"https:\/\/marktxxl.de\/markt\/produkt\/little-deco-wandtattoo-einhorn-herz-mit-fluegeln-ii-kinderzimmer-babyzimmer-aufkleber-sticker-wandaufkleber-wandsticker-klebeposter-dl140\/","url":"https:\/\/marktxxl.de\/markt\/produkt\/little-deco-wandtattoo-einhorn-herz-mit-fluegeln-ii-kinderzimmer-babyzimmer-aufkleber-sticker-wandaufkleber-wandsticker-klebeposter-dl140\/","name":"Little Deco Wandtattoo Einhorn &amp; Herz mit Fl\u00fcgeln I M - 53 x 43 cm (BxH) I Kinderzimmer Babyzimmer Aufkleber Sticker\u2026 - Markt-XXL","isPartOf":{"@id":"https:\/\/marktxxl.de\/markt\/#website"},"primaryImageOfPage":{"@id":"https:\/\/marktxxl.de\/markt\/produkt\/little-deco-wandtattoo-einhorn-herz-mit-fluegeln-ii-kinderzimmer-babyzimmer-aufkleber-sticker-wandaufkleber-wandsticker-klebeposter-dl140\/#primaryimage"},"image":{"@id":"https:\/\/marktxxl.de\/markt\/produkt\/little-deco-wandtattoo-einhorn-herz-mit-fluegeln-ii-kinderzimmer-babyzimmer-aufkleber-sticker-wandaufkleber-wandsticker-klebeposter-dl140\/#primaryimage"},"thumbnailUrl":"https:\/\/m.media-amazon.com\/images\/I\/41xSdj8jGAL._SL500_.jpg","datePublished":"2021-12-28T11:15:41+00:00","dateModified":"2023-04-11T01:00:16+00:00","description":"Markt-XXL Little Deco Wandtattoo Einhorn &amp; Herz mit Fl\u00fcgeln I M - 53 x 43 cm (BxH) I Kinderzimmer Babyzimmer Aufkleber Sticker\u2026","breadcrumb":{"@id":"https:\/\/marktxxl.de\/markt\/produkt\/little-deco-wandtattoo-einhorn-herz-mit-fluegeln-ii-kinderzimmer-babyzimmer-aufkleber-sticker-wandaufkleber-wandsticker-klebeposter-dl140\/#breadcrumb"},"inLanguage":"de","potentialAction":[{"@type":"ReadAction","target":["https:\/\/marktxxl.de\/markt\/produkt\/little-deco-wandtattoo-einhorn-herz-mit-fluegeln-ii-kinderzimmer-babyzimmer-aufkleber-sticker-wandaufkleber-wandsticker-klebeposter-dl140\/"]}]},{"@type":"ImageObject","inLanguage":"de","@id":"https:\/\/marktxxl.de\/markt\/produkt\/little-deco-wandtattoo-einhorn-herz-mit-fluegeln-ii-kinderzimmer-babyzimmer-aufkleber-sticker-wandaufkleber-wandsticker-klebeposter-dl140\/#primaryimage","url":"https:\/\/m.media-amazon.com\/images\/I\/41xSdj8jGAL._SL500_.jpg","contentUrl":"https:\/\/m.media-amazon.com\/images\/I\/41xSdj8jGAL._SL500_.jpg","width":500,"height":500},{"@type":"BreadcrumbList","@id":"https:\/\/marktxxl.de\/markt\/produkt\/little-deco-wandtattoo-einhorn-herz-mit-fluegeln-ii-kinderzimmer-babyzimmer-aufkleber-sticker-wandaufkleber-wandsticker-klebeposter-dl140\/#breadcrumb","itemListElement":[{"@type":"ListItem","position":1,"name":"Startseite","item":"https:\/\/marktxxl.de\/markt\/"},{"@type":"ListItem","position":2,"name":"Markt","item":"https:\/\/marktxxl.de\/markt\/"},{"@type":"ListItem","position":3,"name":"Little Deco Wandtattoo Einhorn &amp; Herz mit Fl\u00fcgeln I M &#8211; 53 x 43 cm (BxH) I Kinderzimmer Babyzimmer Aufkleber Sticker\u2026"}]},{"@type":"WebSite","@id":"https:\/\/marktxxl.de\/markt\/#website","url":"https:\/\/marktxxl.de\/markt\/","name":"Markt-XXL","description":"Ihr Markt Online","publisher":{"@id":"https:\/\/marktxxl.de\/markt\/#organization"},"potentialAction":[{"@type":"SearchAction","target":{"@type":"EntryPoint","urlTemplate":"https:\/\/marktxxl.de\/markt\/?s={search_term_string}"},"query-input":{"@type":"PropertyValueSpecification","valueRequired":true,"valueName":"search_term_string"}}],"inLanguage":"de"},{"@type":"Organization","@id":"https:\/\/marktxxl.de\/markt\/#organization","name":"Markt-XXL","url":"https:\/\/marktxxl.de\/markt\/","logo":{"@type":"ImageObject","inLanguage":"de","@id":"https:\/\/marktxxl.de\/markt\/#\/schema\/logo\/image\/","url":"https:\/\/marktxxl.de\/markt\/wp-content\/uploads\/sites\/3\/2020\/12\/logo.png","contentUrl":"https:\/\/marktxxl.de\/markt\/wp-content\/uploads\/sites\/3\/2020\/12\/logo.png","width":200,"height":70,"caption":"Markt-XXL"},"image":{"@id":"https:\/\/marktxxl.de\/markt\/#\/schema\/logo\/image\/"}}]}},"_links":{"self":[{"href":"https:\/\/marktxxl.de\/markt\/wp-json\/wp\/v2\/product\/83484","targetHints":{"allow":["GET"]}}],"collection":[{"href":"https:\/\/marktxxl.de\/markt\/wp-json\/wp\/v2\/product"}],"about":[{"href":"https:\/\/marktxxl.de\/markt\/wp-json\/wp\/v2\/types\/product"}],"replies":[{"embeddable":true,"href":"https:\/\/marktxxl.de\/markt\/wp-json\/wp\/v2\/comments?post=83484"}],"wp:featuredmedia":[{"embeddable":true,"href":"https:\/\/marktxxl.de\/markt\/wp-json\/wp\/v2\/media\/83485"}],"wp:attachment":[{"href":"https:\/\/marktxxl.de\/markt\/wp-json\/wp\/v2\/media?parent=83484"}],"wp:term":[{"taxonomy":"product_brand","embeddable":true,"href":"https:\/\/marktxxl.de\/markt\/wp-json\/wp\/v2\/product_brand?post=83484"},{"taxonomy":"product_cat","embeddable":true,"href":"https:\/\/marktxxl.de\/markt\/wp-json\/wp\/v2\/product_cat?post=83484"},{"taxonomy":"product_tag","embeddable":true,"href":"https:\/\/marktxxl.de\/markt\/wp-json\/wp\/v2\/product_tag?post=83484"}],"curies":[{"name":"wp","href":"https:\/\/api.w.org\/{rel}","templated":true}]}}