{"id":83421,"date":"2021-12-28T12:12:21","date_gmt":"2021-12-28T11:12:21","guid":{"rendered":"https:\/\/marktxxl.de\/markt\/produkt\/3-pack-kissen-set-stern-sternchen-zierkissen-ca-60-cm-28cm-kinderzimmer-zimmer-deko-sternkissen-baby-dekokissen-mit-fuellung-fuer-schlafzimmer-babyzimmer-kinderbett-maedchen-jungen-set12\/"},"modified":"2023-04-11T03:00:15","modified_gmt":"2023-04-11T01:00:15","slug":"3-pack-kissen-set-stern-sternchen-zierkissen-ca-60-cm-28cm-kinderzimmer-zimmer-deko-sternkissen-baby-dekokissen-mit-fuellung-fuer-schlafzimmer-babyzimmer-kinderbett-maedchen-jungen-set12","status":"publish","type":"product","link":"https:\/\/marktxxl.de\/markt\/produkt\/3-pack-kissen-set-stern-sternchen-zierkissen-ca-60-cm-28cm-kinderzimmer-zimmer-deko-sternkissen-baby-dekokissen-mit-fuellung-fuer-schlafzimmer-babyzimmer-kinderbett-maedchen-jungen-set12\/","title":{"rendered":"3 Pack Wohnzimmer Deko Kissen Sofa Kissen Stern Sternchen Zierkissen ca. 60 cm \/ 28cm Sternkissen Baby Dekokissen mit\u2026"},"content":{"rendered":"<p>3 x Deko Kissen &#8211; 2 x Durchmesser ca. 60 cm (+\/- 2 cm) 1 x Durchmesser ca. 28 cm (+\/- cm). Entdecken Sie sehr sch\u00f6ne und modische Kissen von toller Qualit\u00e4t und wirklich g\u00fcnstig. Die Kissen\u00a0sind ein Hingucker, egal ob\u00a0f\u00fcr die\u00a0Couch, \u00a0zum Kindersofa, f\u00fcrs Kinderzimmer, im Babyzimmer, im Laufgitter oder in einem anderen Ort. Sie sind ganz weich, formstabil und haben eine tolle Gr\u00f6\u00dfe. Sch\u00f6ne Akzente im Kinderzimmer, gute Verarbeitung und dazu sehr kuschelig.<br \/>\nAlle Kissen lassen sich waschen und sind der ideale Begleiter im Bett zum kuscheln. Jedes Sternkissen l\u00e4dt zum Kuscheln ein und sieht gut aus. Die F\u00fcllung ist angenehm und auch die Verarbeitung ist sch\u00f6n. Egal ob Sie die Kissen f\u00fcr M\u00e4dchen, Jungen oder f\u00fcr sich selbst bestellen: die sind Einfach spitze. Super Dekoration zum Sofa oder Couch, als Zierkissen im Tipi Zelt, auf dem Bett oder in der Leseecke.<br \/>\nEine Seite: 100 % Baumwolle- sehr angenehm, zweite Seite: 100 % Polyester &#8211; sch\u00f6n weich, F\u00fcllung: 100 % Polyester. Gute Qualit\u00e4t: Sie werden einfach begeistert. Eine Seite hat es einen tollen Baumwollstoff\u00a0und die\u00a0andere Seite ist ganz flauschig. die\u00a0R\u00fcckseite ist klasse, dass die so weich ist. Tolle\u00a0Kissen f\u00fcr\u00a0wenig Geld. Ein perfektes Geburtstagsgeschenk, nicht nur zur Dekoration verwenden, perfekt f\u00fcr die Kuschelecke.<br \/>\nDie Sterne k\u00f6nnen Sie als Erg\u00e4nzung f\u00fcr das B\u00e4llebad der Kinder benutzen. Passen ideal zum Amilian Tipi Zelt und haben eine sehr gute Qualit\u00e4t. Die Kissen k\u00f6nnen im Tipi und mittlerweile als Dekokissen auf dem Bett im Kinderzimmer verwendet werden. Die Kissen sehen total\u00a0hochwertig aus und schmecken wunderbar das Kinderzimmer.\u00a0Das Kissenset in der Sternform ist ideal als Geschenk zur Geburt, Baby Shower oder zum Geburtstag, zum Kuscheln, Schlafen und Spielen.<br \/>\nWaschhinweis: Maschinenwaschbar bis 30 Grad, auf niedriger Stufe trocknen, nicht bleichen., mit \u00e4hnlichen Farben waschen. Die Sternkissen bringen die Wohlf\u00fchlatmosph\u00e4re, die Gem\u00fctlichkeit und die W\u00e4rme in jeden Raum. Jetzt ist es richtig gem\u00fctlich! Flauschige Deko Kissen werden perfekt zu anderen Kissen z.B. in einer Gr\u00f6\u00dfe von 30&#215;30 oder 60&#215;60 passen. Diese Babyzimmer Deko ist auch ideale in der Kuschelecke Kinderzimmer.<br \/>\n<div class=\"main-cross-sell\" data-asin=\"B0778K5ZK3\">\n\n\t<div class=\"WooZone-cross-sell-loader\">\n\t\t<div>\n\t\t\t<div id=\"floatingBarsG\">\n\t\t\t\t<div class=\"blockG\" id=\"rotateG_01\"><\/div>\n\t\t\t\t<div class=\"blockG\" id=\"rotateG_02\"><\/div>\n\t\t\t\t<div class=\"blockG\" id=\"rotateG_03\"><\/div>\n\t\t\t\t<div class=\"blockG\" id=\"rotateG_04\"><\/div>\n\t\t\t\t<div class=\"blockG\" id=\"rotateG_05\"><\/div>\n\t\t\t\t<div class=\"blockG\" id=\"rotateG_06\"><\/div>\n\t\t\t\t<div class=\"blockG\" id=\"rotateG_07\"><\/div>\n\t\t\t\t<div class=\"blockG\" id=\"rotateG_08\"><\/div>\n\t\t\t<\/div>\n\t\t\t<div class=\"WooZone-cross-sell-loader-text\"><\/div>\n\t\t<\/div>\n\t<\/div>\n\n\t\t\n<\/div>\n<div style=\"clear:both;\"><\/div><\/p>\n","protected":false},"excerpt":{"rendered":"<p>3 x Deko Kissen &#8211; 2 x Durchmesser ca. 60 cm (+\/- 2 cm) 1 x Durchmesser ca. 28 cm (+\/- cm). Entdecken Sie sehr sch\u00f6ne und modische Kissen von toller Qualit\u00e4t und wirklich g\u00fcnstig. Die Kissen\u00a0sind ein Hingucker, egal ob\u00a0f\u00fcr die\u00a0Couch, \u00a0zum Kindersofa, f\u00fcrs Kinderzimmer, im Babyzimmer, im Laufgitter oder in einem anderen Ort. Sie sind ganz weich, formstabil und haben eine tolle Gr\u00f6\u00dfe. Sch\u00f6ne Akzente im Kinderzimmer, gute Verarbeitung und dazu sehr kuschelig.<br \/>\nAlle Kissen lassen sich waschen und sind der ideale Begleiter im Bett zum kuscheln. Jedes Sternkissen l\u00e4dt zum Kuscheln ein und sieht gut aus. Die F\u00fcllung ist angenehm und auch die Verarbeitung ist sch\u00f6n. Egal ob Sie die Kissen f\u00fcr M\u00e4dchen, Jungen oder f\u00fcr sich selbst bestellen: die sind Einfach spitze. Super Dekoration zum Sofa oder Couch, als Zierkissen im Tipi Zelt, auf dem Bett oder in der Leseecke.<br \/>\nEine Seite: 100 % Baumwolle- sehr angenehm, zweite Seite: 100 % Polyester &#8211; sch\u00f6n weich, F\u00fcllung: 100 % Polyester. Gute Qualit\u00e4t: Sie werden einfach begeistert. Eine Seite hat es einen tollen Baumwollstoff\u00a0und die\u00a0andere Seite ist ganz flauschig. die\u00a0R\u00fcckseite ist klasse, dass die so weich ist. Tolle\u00a0Kissen f\u00fcr\u00a0wenig Geld. Ein perfektes Geburtstagsgeschenk, nicht nur zur Dekoration verwenden, perfekt f\u00fcr die Kuschelecke.<\/p>\n","protected":false},"featured_media":83422,"comment_status":"open","ping_status":"closed","template":"","meta":[],"product_brand":[],"product_cat":[21,8825],"product_tag":[],"class_list":{"0":"post-83421","1":"product","2":"type-product","3":"status-publish","4":"has-post-thumbnail","6":"product_cat-baby","7":"product_cat-baby-kleinkinderzimmer-baby","8":"pa_binding-babyartikel","9":"pa_brand-amilian","10":"pa_manufacturer-amilian","11":"pa_size-3-stueck-1er-pack","13":"first","14":"instock","15":"shipping-taxable","16":"purchasable","17":"product-type-simple","18":"customify-col","19":"product-has-gallery"},"yoast_head":"<!-- This site is optimized with the Yoast SEO plugin v27.4 - https:\/\/yoast.com\/product\/yoast-seo-wordpress\/ -->\n<title>3 Pack Wohnzimmer Deko Kissen Sofa Kissen Stern Sternchen Zierkissen ca. 60 cm \/ 28cm Sternkissen Baby Dekokissen mit\u2026 - Markt-XXL<\/title>\n<meta name=\"description\" content=\"Markt-XXL 3 Pack Wohnzimmer Deko Kissen Sofa Kissen Stern Sternchen Zierkissen ca. 60 cm \/ 28cm Sternkissen Baby Dekokissen mit\u2026\" \/>\n<meta name=\"robots\" content=\"index, follow, max-snippet:-1, max-image-preview:large, max-video-preview:-1\" \/>\n<link rel=\"canonical\" href=\"https:\/\/marktxxl.de\/markt\/produkt\/3-pack-kissen-set-stern-sternchen-zierkissen-ca-60-cm-28cm-kinderzimmer-zimmer-deko-sternkissen-baby-dekokissen-mit-fuellung-fuer-schlafzimmer-babyzimmer-kinderbett-maedchen-jungen-set12\/\" \/>\n<meta property=\"og:locale\" content=\"de_DE\" \/>\n<meta property=\"og:type\" content=\"article\" \/>\n<meta property=\"og:title\" content=\"3 Pack Wohnzimmer Deko Kissen Sofa Kissen Stern Sternchen Zierkissen ca. 60 cm \/ 28cm Sternkissen Baby Dekokissen mit\u2026 - Markt-XXL\" \/>\n<meta property=\"og:description\" content=\"Markt-XXL 3 Pack Wohnzimmer Deko Kissen Sofa Kissen Stern Sternchen Zierkissen ca. 60 cm \/ 28cm Sternkissen Baby Dekokissen mit\u2026\" \/>\n<meta property=\"og:url\" content=\"https:\/\/marktxxl.de\/markt\/produkt\/3-pack-kissen-set-stern-sternchen-zierkissen-ca-60-cm-28cm-kinderzimmer-zimmer-deko-sternkissen-baby-dekokissen-mit-fuellung-fuer-schlafzimmer-babyzimmer-kinderbett-maedchen-jungen-set12\/\" \/>\n<meta property=\"og:site_name\" content=\"Markt-XXL\" \/>\n<meta property=\"article:modified_time\" content=\"2023-04-11T01:00:15+00:00\" \/>\n<meta property=\"og:image\" content=\"https:\/\/m.media-amazon.com\/images\/I\/31oJL-aHQ3L._SL500_.jpg\" \/>\n\t<meta property=\"og:image:width\" content=\"500\" \/>\n\t<meta property=\"og:image:height\" content=\"333\" \/>\n\t<meta property=\"og:image:type\" content=\"image\/jpeg\" \/>\n<meta name=\"twitter:card\" content=\"summary_large_image\" \/>\n<meta name=\"twitter:label1\" content=\"Gesch\u00e4tzte Lesezeit\" \/>\n\t<meta name=\"twitter:data1\" content=\"2\u00a0Minuten\" \/>\n<script type=\"application\/ld+json\" class=\"yoast-schema-graph\">{\"@context\":\"https:\\\/\\\/schema.org\",\"@graph\":[{\"@type\":\"WebPage\",\"@id\":\"https:\\\/\\\/marktxxl.de\\\/markt\\\/produkt\\\/3-pack-kissen-set-stern-sternchen-zierkissen-ca-60-cm-28cm-kinderzimmer-zimmer-deko-sternkissen-baby-dekokissen-mit-fuellung-fuer-schlafzimmer-babyzimmer-kinderbett-maedchen-jungen-set12\\\/\",\"url\":\"https:\\\/\\\/marktxxl.de\\\/markt\\\/produkt\\\/3-pack-kissen-set-stern-sternchen-zierkissen-ca-60-cm-28cm-kinderzimmer-zimmer-deko-sternkissen-baby-dekokissen-mit-fuellung-fuer-schlafzimmer-babyzimmer-kinderbett-maedchen-jungen-set12\\\/\",\"name\":\"3 Pack Wohnzimmer Deko Kissen Sofa Kissen Stern Sternchen Zierkissen ca. 60 cm \\\/ 28cm Sternkissen Baby Dekokissen mit\u2026 - Markt-XXL\",\"isPartOf\":{\"@id\":\"https:\\\/\\\/marktxxl.de\\\/markt\\\/#website\"},\"primaryImageOfPage\":{\"@id\":\"https:\\\/\\\/marktxxl.de\\\/markt\\\/produkt\\\/3-pack-kissen-set-stern-sternchen-zierkissen-ca-60-cm-28cm-kinderzimmer-zimmer-deko-sternkissen-baby-dekokissen-mit-fuellung-fuer-schlafzimmer-babyzimmer-kinderbett-maedchen-jungen-set12\\\/#primaryimage\"},\"image\":{\"@id\":\"https:\\\/\\\/marktxxl.de\\\/markt\\\/produkt\\\/3-pack-kissen-set-stern-sternchen-zierkissen-ca-60-cm-28cm-kinderzimmer-zimmer-deko-sternkissen-baby-dekokissen-mit-fuellung-fuer-schlafzimmer-babyzimmer-kinderbett-maedchen-jungen-set12\\\/#primaryimage\"},\"thumbnailUrl\":\"https:\\\/\\\/m.media-amazon.com\\\/images\\\/I\\\/31oJL-aHQ3L._SL500_.jpg\",\"datePublished\":\"2021-12-28T11:12:21+00:00\",\"dateModified\":\"2023-04-11T01:00:15+00:00\",\"description\":\"Markt-XXL 3 Pack Wohnzimmer Deko Kissen Sofa Kissen Stern Sternchen Zierkissen ca. 60 cm \\\/ 28cm Sternkissen Baby Dekokissen mit\u2026\",\"breadcrumb\":{\"@id\":\"https:\\\/\\\/marktxxl.de\\\/markt\\\/produkt\\\/3-pack-kissen-set-stern-sternchen-zierkissen-ca-60-cm-28cm-kinderzimmer-zimmer-deko-sternkissen-baby-dekokissen-mit-fuellung-fuer-schlafzimmer-babyzimmer-kinderbett-maedchen-jungen-set12\\\/#breadcrumb\"},\"inLanguage\":\"de\",\"potentialAction\":[{\"@type\":\"ReadAction\",\"target\":[\"https:\\\/\\\/marktxxl.de\\\/markt\\\/produkt\\\/3-pack-kissen-set-stern-sternchen-zierkissen-ca-60-cm-28cm-kinderzimmer-zimmer-deko-sternkissen-baby-dekokissen-mit-fuellung-fuer-schlafzimmer-babyzimmer-kinderbett-maedchen-jungen-set12\\\/\"]}]},{\"@type\":\"ImageObject\",\"inLanguage\":\"de\",\"@id\":\"https:\\\/\\\/marktxxl.de\\\/markt\\\/produkt\\\/3-pack-kissen-set-stern-sternchen-zierkissen-ca-60-cm-28cm-kinderzimmer-zimmer-deko-sternkissen-baby-dekokissen-mit-fuellung-fuer-schlafzimmer-babyzimmer-kinderbett-maedchen-jungen-set12\\\/#primaryimage\",\"url\":\"https:\\\/\\\/m.media-amazon.com\\\/images\\\/I\\\/31oJL-aHQ3L._SL500_.jpg\",\"contentUrl\":\"https:\\\/\\\/m.media-amazon.com\\\/images\\\/I\\\/31oJL-aHQ3L._SL500_.jpg\",\"width\":500,\"height\":333},{\"@type\":\"BreadcrumbList\",\"@id\":\"https:\\\/\\\/marktxxl.de\\\/markt\\\/produkt\\\/3-pack-kissen-set-stern-sternchen-zierkissen-ca-60-cm-28cm-kinderzimmer-zimmer-deko-sternkissen-baby-dekokissen-mit-fuellung-fuer-schlafzimmer-babyzimmer-kinderbett-maedchen-jungen-set12\\\/#breadcrumb\",\"itemListElement\":[{\"@type\":\"ListItem\",\"position\":1,\"name\":\"Startseite\",\"item\":\"https:\\\/\\\/marktxxl.de\\\/markt\\\/\"},{\"@type\":\"ListItem\",\"position\":2,\"name\":\"Markt\",\"item\":\"https:\\\/\\\/marktxxl.de\\\/markt\\\/\"},{\"@type\":\"ListItem\",\"position\":3,\"name\":\"3 Pack Wohnzimmer Deko Kissen Sofa Kissen Stern Sternchen Zierkissen ca. 60 cm \\\/ 28cm Sternkissen Baby Dekokissen mit\u2026\"}]},{\"@type\":\"WebSite\",\"@id\":\"https:\\\/\\\/marktxxl.de\\\/markt\\\/#website\",\"url\":\"https:\\\/\\\/marktxxl.de\\\/markt\\\/\",\"name\":\"Markt-XXL\",\"description\":\"Ihr Markt Online\",\"publisher\":{\"@id\":\"https:\\\/\\\/marktxxl.de\\\/markt\\\/#organization\"},\"potentialAction\":[{\"@type\":\"SearchAction\",\"target\":{\"@type\":\"EntryPoint\",\"urlTemplate\":\"https:\\\/\\\/marktxxl.de\\\/markt\\\/?s={search_term_string}\"},\"query-input\":{\"@type\":\"PropertyValueSpecification\",\"valueRequired\":true,\"valueName\":\"search_term_string\"}}],\"inLanguage\":\"de\"},{\"@type\":\"Organization\",\"@id\":\"https:\\\/\\\/marktxxl.de\\\/markt\\\/#organization\",\"name\":\"Markt-XXL\",\"url\":\"https:\\\/\\\/marktxxl.de\\\/markt\\\/\",\"logo\":{\"@type\":\"ImageObject\",\"inLanguage\":\"de\",\"@id\":\"https:\\\/\\\/marktxxl.de\\\/markt\\\/#\\\/schema\\\/logo\\\/image\\\/\",\"url\":\"https:\\\/\\\/marktxxl.de\\\/markt\\\/wp-content\\\/uploads\\\/sites\\\/3\\\/2020\\\/12\\\/logo.png\",\"contentUrl\":\"https:\\\/\\\/marktxxl.de\\\/markt\\\/wp-content\\\/uploads\\\/sites\\\/3\\\/2020\\\/12\\\/logo.png\",\"width\":200,\"height\":70,\"caption\":\"Markt-XXL\"},\"image\":{\"@id\":\"https:\\\/\\\/marktxxl.de\\\/markt\\\/#\\\/schema\\\/logo\\\/image\\\/\"}}]}<\/script>\n<!-- \/ Yoast SEO plugin. -->","yoast_head_json":{"title":"3 Pack Wohnzimmer Deko Kissen Sofa Kissen Stern Sternchen Zierkissen ca. 60 cm \/ 28cm Sternkissen Baby Dekokissen mit\u2026 - Markt-XXL","description":"Markt-XXL 3 Pack Wohnzimmer Deko Kissen Sofa Kissen Stern Sternchen Zierkissen ca. 60 cm \/ 28cm Sternkissen Baby Dekokissen mit\u2026","robots":{"index":"index","follow":"follow","max-snippet":"max-snippet:-1","max-image-preview":"max-image-preview:large","max-video-preview":"max-video-preview:-1"},"canonical":"https:\/\/marktxxl.de\/markt\/produkt\/3-pack-kissen-set-stern-sternchen-zierkissen-ca-60-cm-28cm-kinderzimmer-zimmer-deko-sternkissen-baby-dekokissen-mit-fuellung-fuer-schlafzimmer-babyzimmer-kinderbett-maedchen-jungen-set12\/","og_locale":"de_DE","og_type":"article","og_title":"3 Pack Wohnzimmer Deko Kissen Sofa Kissen Stern Sternchen Zierkissen ca. 60 cm \/ 28cm Sternkissen Baby Dekokissen mit\u2026 - Markt-XXL","og_description":"Markt-XXL 3 Pack Wohnzimmer Deko Kissen Sofa Kissen Stern Sternchen Zierkissen ca. 60 cm \/ 28cm Sternkissen Baby Dekokissen mit\u2026","og_url":"https:\/\/marktxxl.de\/markt\/produkt\/3-pack-kissen-set-stern-sternchen-zierkissen-ca-60-cm-28cm-kinderzimmer-zimmer-deko-sternkissen-baby-dekokissen-mit-fuellung-fuer-schlafzimmer-babyzimmer-kinderbett-maedchen-jungen-set12\/","og_site_name":"Markt-XXL","article_modified_time":"2023-04-11T01:00:15+00:00","og_image":[{"width":500,"height":333,"url":"https:\/\/m.media-amazon.com\/images\/I\/31oJL-aHQ3L._SL500_.jpg","type":"image\/jpeg"}],"twitter_card":"summary_large_image","twitter_misc":{"Gesch\u00e4tzte Lesezeit":"2\u00a0Minuten"},"schema":{"@context":"https:\/\/schema.org","@graph":[{"@type":"WebPage","@id":"https:\/\/marktxxl.de\/markt\/produkt\/3-pack-kissen-set-stern-sternchen-zierkissen-ca-60-cm-28cm-kinderzimmer-zimmer-deko-sternkissen-baby-dekokissen-mit-fuellung-fuer-schlafzimmer-babyzimmer-kinderbett-maedchen-jungen-set12\/","url":"https:\/\/marktxxl.de\/markt\/produkt\/3-pack-kissen-set-stern-sternchen-zierkissen-ca-60-cm-28cm-kinderzimmer-zimmer-deko-sternkissen-baby-dekokissen-mit-fuellung-fuer-schlafzimmer-babyzimmer-kinderbett-maedchen-jungen-set12\/","name":"3 Pack Wohnzimmer Deko Kissen Sofa Kissen Stern Sternchen Zierkissen ca. 60 cm \/ 28cm Sternkissen Baby Dekokissen mit\u2026 - Markt-XXL","isPartOf":{"@id":"https:\/\/marktxxl.de\/markt\/#website"},"primaryImageOfPage":{"@id":"https:\/\/marktxxl.de\/markt\/produkt\/3-pack-kissen-set-stern-sternchen-zierkissen-ca-60-cm-28cm-kinderzimmer-zimmer-deko-sternkissen-baby-dekokissen-mit-fuellung-fuer-schlafzimmer-babyzimmer-kinderbett-maedchen-jungen-set12\/#primaryimage"},"image":{"@id":"https:\/\/marktxxl.de\/markt\/produkt\/3-pack-kissen-set-stern-sternchen-zierkissen-ca-60-cm-28cm-kinderzimmer-zimmer-deko-sternkissen-baby-dekokissen-mit-fuellung-fuer-schlafzimmer-babyzimmer-kinderbett-maedchen-jungen-set12\/#primaryimage"},"thumbnailUrl":"https:\/\/m.media-amazon.com\/images\/I\/31oJL-aHQ3L._SL500_.jpg","datePublished":"2021-12-28T11:12:21+00:00","dateModified":"2023-04-11T01:00:15+00:00","description":"Markt-XXL 3 Pack Wohnzimmer Deko Kissen Sofa Kissen Stern Sternchen Zierkissen ca. 60 cm \/ 28cm Sternkissen Baby Dekokissen mit\u2026","breadcrumb":{"@id":"https:\/\/marktxxl.de\/markt\/produkt\/3-pack-kissen-set-stern-sternchen-zierkissen-ca-60-cm-28cm-kinderzimmer-zimmer-deko-sternkissen-baby-dekokissen-mit-fuellung-fuer-schlafzimmer-babyzimmer-kinderbett-maedchen-jungen-set12\/#breadcrumb"},"inLanguage":"de","potentialAction":[{"@type":"ReadAction","target":["https:\/\/marktxxl.de\/markt\/produkt\/3-pack-kissen-set-stern-sternchen-zierkissen-ca-60-cm-28cm-kinderzimmer-zimmer-deko-sternkissen-baby-dekokissen-mit-fuellung-fuer-schlafzimmer-babyzimmer-kinderbett-maedchen-jungen-set12\/"]}]},{"@type":"ImageObject","inLanguage":"de","@id":"https:\/\/marktxxl.de\/markt\/produkt\/3-pack-kissen-set-stern-sternchen-zierkissen-ca-60-cm-28cm-kinderzimmer-zimmer-deko-sternkissen-baby-dekokissen-mit-fuellung-fuer-schlafzimmer-babyzimmer-kinderbett-maedchen-jungen-set12\/#primaryimage","url":"https:\/\/m.media-amazon.com\/images\/I\/31oJL-aHQ3L._SL500_.jpg","contentUrl":"https:\/\/m.media-amazon.com\/images\/I\/31oJL-aHQ3L._SL500_.jpg","width":500,"height":333},{"@type":"BreadcrumbList","@id":"https:\/\/marktxxl.de\/markt\/produkt\/3-pack-kissen-set-stern-sternchen-zierkissen-ca-60-cm-28cm-kinderzimmer-zimmer-deko-sternkissen-baby-dekokissen-mit-fuellung-fuer-schlafzimmer-babyzimmer-kinderbett-maedchen-jungen-set12\/#breadcrumb","itemListElement":[{"@type":"ListItem","position":1,"name":"Startseite","item":"https:\/\/marktxxl.de\/markt\/"},{"@type":"ListItem","position":2,"name":"Markt","item":"https:\/\/marktxxl.de\/markt\/"},{"@type":"ListItem","position":3,"name":"3 Pack Wohnzimmer Deko Kissen Sofa Kissen Stern Sternchen Zierkissen ca. 60 cm \/ 28cm Sternkissen Baby Dekokissen mit\u2026"}]},{"@type":"WebSite","@id":"https:\/\/marktxxl.de\/markt\/#website","url":"https:\/\/marktxxl.de\/markt\/","name":"Markt-XXL","description":"Ihr Markt Online","publisher":{"@id":"https:\/\/marktxxl.de\/markt\/#organization"},"potentialAction":[{"@type":"SearchAction","target":{"@type":"EntryPoint","urlTemplate":"https:\/\/marktxxl.de\/markt\/?s={search_term_string}"},"query-input":{"@type":"PropertyValueSpecification","valueRequired":true,"valueName":"search_term_string"}}],"inLanguage":"de"},{"@type":"Organization","@id":"https:\/\/marktxxl.de\/markt\/#organization","name":"Markt-XXL","url":"https:\/\/marktxxl.de\/markt\/","logo":{"@type":"ImageObject","inLanguage":"de","@id":"https:\/\/marktxxl.de\/markt\/#\/schema\/logo\/image\/","url":"https:\/\/marktxxl.de\/markt\/wp-content\/uploads\/sites\/3\/2020\/12\/logo.png","contentUrl":"https:\/\/marktxxl.de\/markt\/wp-content\/uploads\/sites\/3\/2020\/12\/logo.png","width":200,"height":70,"caption":"Markt-XXL"},"image":{"@id":"https:\/\/marktxxl.de\/markt\/#\/schema\/logo\/image\/"}}]}},"_links":{"self":[{"href":"https:\/\/marktxxl.de\/markt\/wp-json\/wp\/v2\/product\/83421","targetHints":{"allow":["GET"]}}],"collection":[{"href":"https:\/\/marktxxl.de\/markt\/wp-json\/wp\/v2\/product"}],"about":[{"href":"https:\/\/marktxxl.de\/markt\/wp-json\/wp\/v2\/types\/product"}],"replies":[{"embeddable":true,"href":"https:\/\/marktxxl.de\/markt\/wp-json\/wp\/v2\/comments?post=83421"}],"wp:featuredmedia":[{"embeddable":true,"href":"https:\/\/marktxxl.de\/markt\/wp-json\/wp\/v2\/media\/83422"}],"wp:attachment":[{"href":"https:\/\/marktxxl.de\/markt\/wp-json\/wp\/v2\/media?parent=83421"}],"wp:term":[{"taxonomy":"product_brand","embeddable":true,"href":"https:\/\/marktxxl.de\/markt\/wp-json\/wp\/v2\/product_brand?post=83421"},{"taxonomy":"product_cat","embeddable":true,"href":"https:\/\/marktxxl.de\/markt\/wp-json\/wp\/v2\/product_cat?post=83421"},{"taxonomy":"product_tag","embeddable":true,"href":"https:\/\/marktxxl.de\/markt\/wp-json\/wp\/v2\/product_tag?post=83421"}],"curies":[{"name":"wp","href":"https:\/\/api.w.org\/{rel}","templated":true}]}}