{"id":83357,"date":"2021-12-28T12:10:14","date_gmt":"2021-12-28T11:10:14","guid":{"rendered":"https:\/\/marktxxl.de\/markt\/produkt\/kinderwagen-spannbettlaken-kinderwagen-bezug-spannbettlaken-beistellbett-spannbettlaken-stubenwagen-oval-spannbettlaken-fuer-kinderwagen-spannbettlaken-babybett-70x32-75x35-78x36-80x40-90x55-90x5\/"},"modified":"2023-04-11T03:00:14","modified_gmt":"2023-04-11T01:00:14","slug":"kinderwagen-spannbettlaken-kinderwagen-bezug-spannbettlaken-beistellbett-spannbettlaken-stubenwagen-oval-spannbettlaken-fuer-kinderwagen-spannbettlaken-babybett-70x32-75x35-78x36-80x40-90x55-90x5","status":"publish","type":"product","link":"https:\/\/marktxxl.de\/markt\/produkt\/kinderwagen-spannbettlaken-kinderwagen-bezug-spannbettlaken-beistellbett-spannbettlaken-stubenwagen-oval-spannbettlaken-fuer-kinderwagen-spannbettlaken-babybett-70x32-75x35-78x36-80x40-90x55-90x5\/","title":{"rendered":"mimaDu\u00ae Premium Spannbettlaken Kinderwagen, Baby Spannbetttuch, Stubenwagen Bezug, Kinderwagen Matratzenbezug, Bettlaken\u2026"},"content":{"rendered":"<p>\ud83e\udde9 UNIVERSELLE PASSFORM &#8211; Ob oval, rund oder eckig unsere Bez\u00fcge lassen sich einfach aufziehen. Sie passen auf Babymatratzen von Hauck, Joolz, Stokke, Babybay, Maxi Cosi Iora, Chicco Next2me, Kinderkraft Uno,Fillikid, Fabimax, Alvi, Julius Z\u00f6llner, Babyprem, u.a.<br \/>\n\ud83d\udecf KOMFORT + QUALIT\u00c4T &#8211; Diese ultrasanften Spannbettlaken f\u00fcr das Babybett sind aus hochwertiger gek\u00e4mmter Baumwolle gemacht. Nur die besten Baumwollfasern wurden benutzt und sorgen f\u00fcr ein flauschiges Gef\u00fchl und erholsamen Schlafkomfort f\u00fcr Ihr Baby.<br \/>\n\ud83d\udc4c\ud83c\udffc SICHERHEIT f\u00fcr IHR BABY &#8211; die mimaDu Spannbettt\u00fccher sind nach OEKO-TEX Standard-100 zertifiziert (14.HPK.52678). Sie sind samtweich, atmungsaktiv und temperaturausgleichend auf der Haut Ihres Babys. Der sauber eingen\u00e4hte Gummizug garantiert einen perfekten Sitz.<br \/>\n2\ufe0f\u20e3 PRAKTISCHER DOPPELPACK &#8211; Unsere besonders weichen und flauschigen mimaDu Spannbettlaken kommen in einem 2er Set, so, dass neue Mammis immer einen Ersatzbettbezug zur Hand haben. Durch die sch\u00f6ne Verpackung, eignen sich die Bettbez\u00fcge auch ideal als Geschenk!<br \/>\n\ufe0f HARMONISCHES DESIGN &#8211; unsere gemusterten Kinderwagen Laken kommen in zwei eleganten und zeitlosen Designs die einfach zu kombinieren sind. Die friedvollen Muster sorgen f\u00fcr Ruhe und Harmonie. Die trendige Farbt\u00f6ne sorgen f\u00fcr einen dekorativen Effekt im Babyzimmer! Besuchen Sie unseren mimaDu-Store (Link unter dem Titel) und finden Sie andere Produkte.<br \/>\n<div class=\"main-cross-sell\" data-asin=\"B09MD41TTF\">\n\n\t<div class=\"WooZone-cross-sell-loader\">\n\t\t<div>\n\t\t\t<div id=\"floatingBarsG\">\n\t\t\t\t<div class=\"blockG\" id=\"rotateG_01\"><\/div>\n\t\t\t\t<div class=\"blockG\" id=\"rotateG_02\"><\/div>\n\t\t\t\t<div class=\"blockG\" id=\"rotateG_03\"><\/div>\n\t\t\t\t<div class=\"blockG\" id=\"rotateG_04\"><\/div>\n\t\t\t\t<div class=\"blockG\" id=\"rotateG_05\"><\/div>\n\t\t\t\t<div class=\"blockG\" id=\"rotateG_06\"><\/div>\n\t\t\t\t<div class=\"blockG\" id=\"rotateG_07\"><\/div>\n\t\t\t\t<div class=\"blockG\" id=\"rotateG_08\"><\/div>\n\t\t\t<\/div>\n\t\t\t<div class=\"WooZone-cross-sell-loader-text\"><\/div>\n\t\t<\/div>\n\t<\/div>\n\n\t\t\n<\/div>\n<div style=\"clear:both;\"><\/div><\/p>\n","protected":false},"excerpt":{"rendered":"<p>\ud83e\udde9 UNIVERSELLE PASSFORM &#8211; Ob oval, rund oder eckig unsere Bez\u00fcge lassen sich einfach aufziehen. Sie passen auf Babymatratzen von Hauck, Joolz, Stokke, Babybay, Maxi Cosi Iora, Chicco Next2me, Kinderkraft Uno,Fillikid, Fabimax, Alvi, Julius Z\u00f6llner, Babyprem, u.a.<br \/>\n\ud83d\udecf KOMFORT + QUALIT\u00c4T &#8211; Diese ultrasanften Spannbettlaken f\u00fcr das Babybett sind aus hochwertiger gek\u00e4mmter Baumwolle gemacht. Nur die besten Baumwollfasern wurden benutzt und sorgen f\u00fcr ein flauschiges Gef\u00fchl und erholsamen Schlafkomfort f\u00fcr Ihr Baby.<br \/>\n\ud83d\udc4c\ud83c\udffc SICHERHEIT f\u00fcr IHR BABY &#8211; die mimaDu Spannbettt\u00fccher sind nach OEKO-TEX Standard-100 zertifiziert (14.HPK.52678). Sie sind samtweich, atmungsaktiv und temperaturausgleichend auf der Haut Ihres Babys. Der sauber eingen\u00e4hte Gummizug garantiert einen perfekten Sitz.<\/p>\n","protected":false},"featured_media":83358,"comment_status":"open","ping_status":"closed","template":"","meta":[],"product_brand":[],"product_cat":[21,8825],"product_tag":[],"class_list":{"0":"post-83357","1":"product","2":"type-product","3":"status-publish","4":"has-post-thumbnail","6":"product_cat-baby","7":"product_cat-baby-kleinkinderzimmer-baby","8":"pa_brand-mimadu","9":"pa_color-striche-punkte","10":"pa_manufacturer-dumondo-gmbh","12":"first","13":"instock","14":"shipping-taxable","15":"purchasable","16":"product-type-simple","17":"customify-col","18":"product-has-gallery"},"yoast_head":"<!-- This site is optimized with the Yoast SEO plugin v27.4 - https:\/\/yoast.com\/product\/yoast-seo-wordpress\/ -->\n<title>mimaDu\u00ae Premium Spannbettlaken Kinderwagen, Baby Spannbetttuch, Stubenwagen Bezug, Kinderwagen Matratzenbezug, Bettlaken\u2026 - Markt-XXL<\/title>\n<meta name=\"description\" content=\"Markt-XXL mimaDu\u00ae Premium Spannbettlaken Kinderwagen, Baby Spannbetttuch, Stubenwagen Bezug, Kinderwagen Matratzenbezug, Bettlaken\u2026\" \/>\n<meta name=\"robots\" content=\"index, follow, max-snippet:-1, max-image-preview:large, max-video-preview:-1\" \/>\n<link rel=\"canonical\" href=\"https:\/\/marktxxl.de\/markt\/produkt\/kinderwagen-spannbettlaken-kinderwagen-bezug-spannbettlaken-beistellbett-spannbettlaken-stubenwagen-oval-spannbettlaken-fuer-kinderwagen-spannbettlaken-babybett-70x32-75x35-78x36-80x40-90x55-90x5\/\" \/>\n<meta property=\"og:locale\" content=\"de_DE\" \/>\n<meta property=\"og:type\" content=\"article\" \/>\n<meta property=\"og:title\" content=\"mimaDu\u00ae Premium Spannbettlaken Kinderwagen, Baby Spannbetttuch, Stubenwagen Bezug, Kinderwagen Matratzenbezug, Bettlaken\u2026 - Markt-XXL\" \/>\n<meta property=\"og:description\" content=\"Markt-XXL mimaDu\u00ae Premium Spannbettlaken Kinderwagen, Baby Spannbetttuch, Stubenwagen Bezug, Kinderwagen Matratzenbezug, Bettlaken\u2026\" \/>\n<meta property=\"og:url\" content=\"https:\/\/marktxxl.de\/markt\/produkt\/kinderwagen-spannbettlaken-kinderwagen-bezug-spannbettlaken-beistellbett-spannbettlaken-stubenwagen-oval-spannbettlaken-fuer-kinderwagen-spannbettlaken-babybett-70x32-75x35-78x36-80x40-90x55-90x5\/\" \/>\n<meta property=\"og:site_name\" content=\"Markt-XXL\" \/>\n<meta property=\"article:modified_time\" content=\"2023-04-11T01:00:14+00:00\" \/>\n<meta property=\"og:image\" content=\"https:\/\/m.media-amazon.com\/images\/I\/41rRznjs0cL._SL500_.jpg\" \/>\n\t<meta property=\"og:image:width\" content=\"500\" \/>\n\t<meta property=\"og:image:height\" content=\"500\" \/>\n\t<meta property=\"og:image:type\" content=\"image\/jpeg\" \/>\n<meta name=\"twitter:card\" content=\"summary_large_image\" \/>\n<meta name=\"twitter:label1\" content=\"Gesch\u00e4tzte Lesezeit\" \/>\n\t<meta name=\"twitter:data1\" content=\"1\u00a0Minute\" \/>\n<script type=\"application\/ld+json\" class=\"yoast-schema-graph\">{\"@context\":\"https:\\\/\\\/schema.org\",\"@graph\":[{\"@type\":\"WebPage\",\"@id\":\"https:\\\/\\\/marktxxl.de\\\/markt\\\/produkt\\\/kinderwagen-spannbettlaken-kinderwagen-bezug-spannbettlaken-beistellbett-spannbettlaken-stubenwagen-oval-spannbettlaken-fuer-kinderwagen-spannbettlaken-babybett-70x32-75x35-78x36-80x40-90x55-90x5\\\/\",\"url\":\"https:\\\/\\\/marktxxl.de\\\/markt\\\/produkt\\\/kinderwagen-spannbettlaken-kinderwagen-bezug-spannbettlaken-beistellbett-spannbettlaken-stubenwagen-oval-spannbettlaken-fuer-kinderwagen-spannbettlaken-babybett-70x32-75x35-78x36-80x40-90x55-90x5\\\/\",\"name\":\"mimaDu\u00ae Premium Spannbettlaken Kinderwagen, Baby Spannbetttuch, Stubenwagen Bezug, Kinderwagen Matratzenbezug, Bettlaken\u2026 - Markt-XXL\",\"isPartOf\":{\"@id\":\"https:\\\/\\\/marktxxl.de\\\/markt\\\/#website\"},\"primaryImageOfPage\":{\"@id\":\"https:\\\/\\\/marktxxl.de\\\/markt\\\/produkt\\\/kinderwagen-spannbettlaken-kinderwagen-bezug-spannbettlaken-beistellbett-spannbettlaken-stubenwagen-oval-spannbettlaken-fuer-kinderwagen-spannbettlaken-babybett-70x32-75x35-78x36-80x40-90x55-90x5\\\/#primaryimage\"},\"image\":{\"@id\":\"https:\\\/\\\/marktxxl.de\\\/markt\\\/produkt\\\/kinderwagen-spannbettlaken-kinderwagen-bezug-spannbettlaken-beistellbett-spannbettlaken-stubenwagen-oval-spannbettlaken-fuer-kinderwagen-spannbettlaken-babybett-70x32-75x35-78x36-80x40-90x55-90x5\\\/#primaryimage\"},\"thumbnailUrl\":\"https:\\\/\\\/m.media-amazon.com\\\/images\\\/I\\\/41rRznjs0cL._SL500_.jpg\",\"datePublished\":\"2021-12-28T11:10:14+00:00\",\"dateModified\":\"2023-04-11T01:00:14+00:00\",\"description\":\"Markt-XXL mimaDu\u00ae Premium Spannbettlaken Kinderwagen, Baby Spannbetttuch, Stubenwagen Bezug, Kinderwagen Matratzenbezug, Bettlaken\u2026\",\"breadcrumb\":{\"@id\":\"https:\\\/\\\/marktxxl.de\\\/markt\\\/produkt\\\/kinderwagen-spannbettlaken-kinderwagen-bezug-spannbettlaken-beistellbett-spannbettlaken-stubenwagen-oval-spannbettlaken-fuer-kinderwagen-spannbettlaken-babybett-70x32-75x35-78x36-80x40-90x55-90x5\\\/#breadcrumb\"},\"inLanguage\":\"de\",\"potentialAction\":[{\"@type\":\"ReadAction\",\"target\":[\"https:\\\/\\\/marktxxl.de\\\/markt\\\/produkt\\\/kinderwagen-spannbettlaken-kinderwagen-bezug-spannbettlaken-beistellbett-spannbettlaken-stubenwagen-oval-spannbettlaken-fuer-kinderwagen-spannbettlaken-babybett-70x32-75x35-78x36-80x40-90x55-90x5\\\/\"]}]},{\"@type\":\"ImageObject\",\"inLanguage\":\"de\",\"@id\":\"https:\\\/\\\/marktxxl.de\\\/markt\\\/produkt\\\/kinderwagen-spannbettlaken-kinderwagen-bezug-spannbettlaken-beistellbett-spannbettlaken-stubenwagen-oval-spannbettlaken-fuer-kinderwagen-spannbettlaken-babybett-70x32-75x35-78x36-80x40-90x55-90x5\\\/#primaryimage\",\"url\":\"https:\\\/\\\/m.media-amazon.com\\\/images\\\/I\\\/41rRznjs0cL._SL500_.jpg\",\"contentUrl\":\"https:\\\/\\\/m.media-amazon.com\\\/images\\\/I\\\/41rRznjs0cL._SL500_.jpg\",\"width\":500,\"height\":500},{\"@type\":\"BreadcrumbList\",\"@id\":\"https:\\\/\\\/marktxxl.de\\\/markt\\\/produkt\\\/kinderwagen-spannbettlaken-kinderwagen-bezug-spannbettlaken-beistellbett-spannbettlaken-stubenwagen-oval-spannbettlaken-fuer-kinderwagen-spannbettlaken-babybett-70x32-75x35-78x36-80x40-90x55-90x5\\\/#breadcrumb\",\"itemListElement\":[{\"@type\":\"ListItem\",\"position\":1,\"name\":\"Startseite\",\"item\":\"https:\\\/\\\/marktxxl.de\\\/markt\\\/\"},{\"@type\":\"ListItem\",\"position\":2,\"name\":\"Markt\",\"item\":\"https:\\\/\\\/marktxxl.de\\\/markt\\\/\"},{\"@type\":\"ListItem\",\"position\":3,\"name\":\"mimaDu\u00ae Premium Spannbettlaken Kinderwagen, Baby Spannbetttuch, Stubenwagen Bezug, Kinderwagen Matratzenbezug, Bettlaken\u2026\"}]},{\"@type\":\"WebSite\",\"@id\":\"https:\\\/\\\/marktxxl.de\\\/markt\\\/#website\",\"url\":\"https:\\\/\\\/marktxxl.de\\\/markt\\\/\",\"name\":\"Markt-XXL\",\"description\":\"Ihr Markt Online\",\"publisher\":{\"@id\":\"https:\\\/\\\/marktxxl.de\\\/markt\\\/#organization\"},\"potentialAction\":[{\"@type\":\"SearchAction\",\"target\":{\"@type\":\"EntryPoint\",\"urlTemplate\":\"https:\\\/\\\/marktxxl.de\\\/markt\\\/?s={search_term_string}\"},\"query-input\":{\"@type\":\"PropertyValueSpecification\",\"valueRequired\":true,\"valueName\":\"search_term_string\"}}],\"inLanguage\":\"de\"},{\"@type\":\"Organization\",\"@id\":\"https:\\\/\\\/marktxxl.de\\\/markt\\\/#organization\",\"name\":\"Markt-XXL\",\"url\":\"https:\\\/\\\/marktxxl.de\\\/markt\\\/\",\"logo\":{\"@type\":\"ImageObject\",\"inLanguage\":\"de\",\"@id\":\"https:\\\/\\\/marktxxl.de\\\/markt\\\/#\\\/schema\\\/logo\\\/image\\\/\",\"url\":\"https:\\\/\\\/marktxxl.de\\\/markt\\\/wp-content\\\/uploads\\\/sites\\\/3\\\/2020\\\/12\\\/logo.png\",\"contentUrl\":\"https:\\\/\\\/marktxxl.de\\\/markt\\\/wp-content\\\/uploads\\\/sites\\\/3\\\/2020\\\/12\\\/logo.png\",\"width\":200,\"height\":70,\"caption\":\"Markt-XXL\"},\"image\":{\"@id\":\"https:\\\/\\\/marktxxl.de\\\/markt\\\/#\\\/schema\\\/logo\\\/image\\\/\"}}]}<\/script>\n<!-- \/ Yoast SEO plugin. -->","yoast_head_json":{"title":"mimaDu\u00ae Premium Spannbettlaken Kinderwagen, Baby Spannbetttuch, Stubenwagen Bezug, Kinderwagen Matratzenbezug, Bettlaken\u2026 - Markt-XXL","description":"Markt-XXL mimaDu\u00ae Premium Spannbettlaken Kinderwagen, Baby Spannbetttuch, Stubenwagen Bezug, Kinderwagen Matratzenbezug, Bettlaken\u2026","robots":{"index":"index","follow":"follow","max-snippet":"max-snippet:-1","max-image-preview":"max-image-preview:large","max-video-preview":"max-video-preview:-1"},"canonical":"https:\/\/marktxxl.de\/markt\/produkt\/kinderwagen-spannbettlaken-kinderwagen-bezug-spannbettlaken-beistellbett-spannbettlaken-stubenwagen-oval-spannbettlaken-fuer-kinderwagen-spannbettlaken-babybett-70x32-75x35-78x36-80x40-90x55-90x5\/","og_locale":"de_DE","og_type":"article","og_title":"mimaDu\u00ae Premium Spannbettlaken Kinderwagen, Baby Spannbetttuch, Stubenwagen Bezug, Kinderwagen Matratzenbezug, Bettlaken\u2026 - Markt-XXL","og_description":"Markt-XXL mimaDu\u00ae Premium Spannbettlaken Kinderwagen, Baby Spannbetttuch, Stubenwagen Bezug, Kinderwagen Matratzenbezug, Bettlaken\u2026","og_url":"https:\/\/marktxxl.de\/markt\/produkt\/kinderwagen-spannbettlaken-kinderwagen-bezug-spannbettlaken-beistellbett-spannbettlaken-stubenwagen-oval-spannbettlaken-fuer-kinderwagen-spannbettlaken-babybett-70x32-75x35-78x36-80x40-90x55-90x5\/","og_site_name":"Markt-XXL","article_modified_time":"2023-04-11T01:00:14+00:00","og_image":[{"width":500,"height":500,"url":"https:\/\/m.media-amazon.com\/images\/I\/41rRznjs0cL._SL500_.jpg","type":"image\/jpeg"}],"twitter_card":"summary_large_image","twitter_misc":{"Gesch\u00e4tzte Lesezeit":"1\u00a0Minute"},"schema":{"@context":"https:\/\/schema.org","@graph":[{"@type":"WebPage","@id":"https:\/\/marktxxl.de\/markt\/produkt\/kinderwagen-spannbettlaken-kinderwagen-bezug-spannbettlaken-beistellbett-spannbettlaken-stubenwagen-oval-spannbettlaken-fuer-kinderwagen-spannbettlaken-babybett-70x32-75x35-78x36-80x40-90x55-90x5\/","url":"https:\/\/marktxxl.de\/markt\/produkt\/kinderwagen-spannbettlaken-kinderwagen-bezug-spannbettlaken-beistellbett-spannbettlaken-stubenwagen-oval-spannbettlaken-fuer-kinderwagen-spannbettlaken-babybett-70x32-75x35-78x36-80x40-90x55-90x5\/","name":"mimaDu\u00ae Premium Spannbettlaken Kinderwagen, Baby Spannbetttuch, Stubenwagen Bezug, Kinderwagen Matratzenbezug, Bettlaken\u2026 - Markt-XXL","isPartOf":{"@id":"https:\/\/marktxxl.de\/markt\/#website"},"primaryImageOfPage":{"@id":"https:\/\/marktxxl.de\/markt\/produkt\/kinderwagen-spannbettlaken-kinderwagen-bezug-spannbettlaken-beistellbett-spannbettlaken-stubenwagen-oval-spannbettlaken-fuer-kinderwagen-spannbettlaken-babybett-70x32-75x35-78x36-80x40-90x55-90x5\/#primaryimage"},"image":{"@id":"https:\/\/marktxxl.de\/markt\/produkt\/kinderwagen-spannbettlaken-kinderwagen-bezug-spannbettlaken-beistellbett-spannbettlaken-stubenwagen-oval-spannbettlaken-fuer-kinderwagen-spannbettlaken-babybett-70x32-75x35-78x36-80x40-90x55-90x5\/#primaryimage"},"thumbnailUrl":"https:\/\/m.media-amazon.com\/images\/I\/41rRznjs0cL._SL500_.jpg","datePublished":"2021-12-28T11:10:14+00:00","dateModified":"2023-04-11T01:00:14+00:00","description":"Markt-XXL mimaDu\u00ae Premium Spannbettlaken Kinderwagen, Baby Spannbetttuch, Stubenwagen Bezug, Kinderwagen Matratzenbezug, Bettlaken\u2026","breadcrumb":{"@id":"https:\/\/marktxxl.de\/markt\/produkt\/kinderwagen-spannbettlaken-kinderwagen-bezug-spannbettlaken-beistellbett-spannbettlaken-stubenwagen-oval-spannbettlaken-fuer-kinderwagen-spannbettlaken-babybett-70x32-75x35-78x36-80x40-90x55-90x5\/#breadcrumb"},"inLanguage":"de","potentialAction":[{"@type":"ReadAction","target":["https:\/\/marktxxl.de\/markt\/produkt\/kinderwagen-spannbettlaken-kinderwagen-bezug-spannbettlaken-beistellbett-spannbettlaken-stubenwagen-oval-spannbettlaken-fuer-kinderwagen-spannbettlaken-babybett-70x32-75x35-78x36-80x40-90x55-90x5\/"]}]},{"@type":"ImageObject","inLanguage":"de","@id":"https:\/\/marktxxl.de\/markt\/produkt\/kinderwagen-spannbettlaken-kinderwagen-bezug-spannbettlaken-beistellbett-spannbettlaken-stubenwagen-oval-spannbettlaken-fuer-kinderwagen-spannbettlaken-babybett-70x32-75x35-78x36-80x40-90x55-90x5\/#primaryimage","url":"https:\/\/m.media-amazon.com\/images\/I\/41rRznjs0cL._SL500_.jpg","contentUrl":"https:\/\/m.media-amazon.com\/images\/I\/41rRznjs0cL._SL500_.jpg","width":500,"height":500},{"@type":"BreadcrumbList","@id":"https:\/\/marktxxl.de\/markt\/produkt\/kinderwagen-spannbettlaken-kinderwagen-bezug-spannbettlaken-beistellbett-spannbettlaken-stubenwagen-oval-spannbettlaken-fuer-kinderwagen-spannbettlaken-babybett-70x32-75x35-78x36-80x40-90x55-90x5\/#breadcrumb","itemListElement":[{"@type":"ListItem","position":1,"name":"Startseite","item":"https:\/\/marktxxl.de\/markt\/"},{"@type":"ListItem","position":2,"name":"Markt","item":"https:\/\/marktxxl.de\/markt\/"},{"@type":"ListItem","position":3,"name":"mimaDu\u00ae Premium Spannbettlaken Kinderwagen, Baby Spannbetttuch, Stubenwagen Bezug, Kinderwagen Matratzenbezug, Bettlaken\u2026"}]},{"@type":"WebSite","@id":"https:\/\/marktxxl.de\/markt\/#website","url":"https:\/\/marktxxl.de\/markt\/","name":"Markt-XXL","description":"Ihr Markt Online","publisher":{"@id":"https:\/\/marktxxl.de\/markt\/#organization"},"potentialAction":[{"@type":"SearchAction","target":{"@type":"EntryPoint","urlTemplate":"https:\/\/marktxxl.de\/markt\/?s={search_term_string}"},"query-input":{"@type":"PropertyValueSpecification","valueRequired":true,"valueName":"search_term_string"}}],"inLanguage":"de"},{"@type":"Organization","@id":"https:\/\/marktxxl.de\/markt\/#organization","name":"Markt-XXL","url":"https:\/\/marktxxl.de\/markt\/","logo":{"@type":"ImageObject","inLanguage":"de","@id":"https:\/\/marktxxl.de\/markt\/#\/schema\/logo\/image\/","url":"https:\/\/marktxxl.de\/markt\/wp-content\/uploads\/sites\/3\/2020\/12\/logo.png","contentUrl":"https:\/\/marktxxl.de\/markt\/wp-content\/uploads\/sites\/3\/2020\/12\/logo.png","width":200,"height":70,"caption":"Markt-XXL"},"image":{"@id":"https:\/\/marktxxl.de\/markt\/#\/schema\/logo\/image\/"}}]}},"_links":{"self":[{"href":"https:\/\/marktxxl.de\/markt\/wp-json\/wp\/v2\/product\/83357","targetHints":{"allow":["GET"]}}],"collection":[{"href":"https:\/\/marktxxl.de\/markt\/wp-json\/wp\/v2\/product"}],"about":[{"href":"https:\/\/marktxxl.de\/markt\/wp-json\/wp\/v2\/types\/product"}],"replies":[{"embeddable":true,"href":"https:\/\/marktxxl.de\/markt\/wp-json\/wp\/v2\/comments?post=83357"}],"wp:featuredmedia":[{"embeddable":true,"href":"https:\/\/marktxxl.de\/markt\/wp-json\/wp\/v2\/media\/83358"}],"wp:attachment":[{"href":"https:\/\/marktxxl.de\/markt\/wp-json\/wp\/v2\/media?parent=83357"}],"wp:term":[{"taxonomy":"product_brand","embeddable":true,"href":"https:\/\/marktxxl.de\/markt\/wp-json\/wp\/v2\/product_brand?post=83357"},{"taxonomy":"product_cat","embeddable":true,"href":"https:\/\/marktxxl.de\/markt\/wp-json\/wp\/v2\/product_cat?post=83357"},{"taxonomy":"product_tag","embeddable":true,"href":"https:\/\/marktxxl.de\/markt\/wp-json\/wp\/v2\/product_tag?post=83357"}],"curies":[{"name":"wp","href":"https:\/\/api.w.org\/{rel}","templated":true}]}}