{"id":83144,"date":"2021-12-02T17:25:04","date_gmt":"2021-12-02T16:25:04","guid":{"rendered":"https:\/\/marktxxl.de\/markt\/produkt\/genmine-duschdusche-mit-7-loechern-fuer-klistier-und-vaginalspuelung-enemator-analsex-reinigung-dusche-sowohl-fuer-maenner-als-auch-frauen\/"},"modified":"2023-04-11T02:59:30","modified_gmt":"2023-04-11T00:59:30","slug":"genmine-duschdusche-mit-7-loechern-fuer-klistier-und-vaginalspuelung-enemator-analsex-reinigung-dusche-sowohl-fuer-maenner-als-auch-frauen","status":"publish","type":"product","link":"https:\/\/marktxxl.de\/markt\/produkt\/genmine-duschdusche-mit-7-loechern-fuer-klistier-und-vaginalspuelung-enemator-analsex-reinigung-dusche-sowohl-fuer-maenner-als-auch-frauen\/","title":{"rendered":"Genmine Duschdusche mit 7 L\u00f6chern f\u00fcr Klistier und Vaginalsp\u00fclung, Enemator Analsex Reinigung Dusche sowohl f\u00fcr M\u00e4nner\u2026"},"content":{"rendered":"<p>Dies ist ein sehr ordentliches Einlaufsystem. Die Dusche \/ Klistierd\u00fcse ist f\u00fcr den Einsatz als Duschaufsatz ausgestattet und kann an Ihre vorhandene Dusche oder Waschbecken angeschraubt werden. Dieser Duschkopf k\u00f6nnte gut mit internationalen Standard-Duschr\u00f6hren verbunden werden, die meisten Rohre passen in Badezimmer.<br \/>\nPERIODIC COLON CLEANSING kann helfen, den K\u00f6rper zu entgiften und regelm\u00e4\u00dfige Stuhlgang zu f\u00f6rdern, wodurch Einl\u00e4ufe eine Quelle der Erleichterung f\u00fcr Menschen, die an schwerer Verstopfung leiden. Ein Eingeweide kann auch die Bildung von schmerzhaften Polypen im Kolon und Rektum verhindern.<br \/>\nEinfach zu bedienen und der Wasserdruck ist einstellbar. Die D\u00fcse wird oft mit Hilfe von Gleitmittel in das Rektum eingef\u00fchrt. Die Dusche wird eingeschaltet, und das Druckventil wird eingestellt, bis der Wasserfluss auf einem angenehmen Niveau ist. Wenn das Wasser durch den Schlauch flie\u00dft, wird der Dickdarm von F\u00e4kalien und anderen R\u00fcckst\u00e4nden gereinigt. Nachdem der Dickdarm m\u00e4\u00dfig gef\u00fcllt wurde, entfernt die Person die D\u00fcse und gibt sich in die Toilette.<br \/>\nNutzen Sie einen konstanten, stetigen Wasserstrom, reinigen Sie Bakterien und reduzieren Sie das Infektionsrisiko. Erm\u00f6glicht Ihnen, den Wasserfluss von Ihrem Klistierschlauch zu kontrollieren, bitte halten Sie den Wasserdruck auf einem sicheren Niveau.<br \/>\nBekommen Sie nur mit dem Duschkopf, nicht die zus\u00e4tzlichen Schl\u00e4uche.<br \/>\n<div class=\"main-cross-sell\" data-asin=\"B06XHM1CXB\">\n\n\t<div class=\"WooZone-cross-sell-loader\">\n\t\t<div>\n\t\t\t<div id=\"floatingBarsG\">\n\t\t\t\t<div class=\"blockG\" id=\"rotateG_01\"><\/div>\n\t\t\t\t<div class=\"blockG\" id=\"rotateG_02\"><\/div>\n\t\t\t\t<div class=\"blockG\" id=\"rotateG_03\"><\/div>\n\t\t\t\t<div class=\"blockG\" id=\"rotateG_04\"><\/div>\n\t\t\t\t<div class=\"blockG\" id=\"rotateG_05\"><\/div>\n\t\t\t\t<div class=\"blockG\" id=\"rotateG_06\"><\/div>\n\t\t\t\t<div class=\"blockG\" id=\"rotateG_07\"><\/div>\n\t\t\t\t<div class=\"blockG\" id=\"rotateG_08\"><\/div>\n\t\t\t<\/div>\n\t\t\t<div class=\"WooZone-cross-sell-loader-text\"><\/div>\n\t\t<\/div>\n\t<\/div>\n\n\t\t\n<\/div>\n<div style=\"clear:both;\"><\/div><\/p>\n","protected":false},"excerpt":{"rendered":"<p>Dies ist ein sehr ordentliches Einlaufsystem. Die Dusche \/ Klistierd\u00fcse ist f\u00fcr den Einsatz als Duschaufsatz ausgestattet und kann an Ihre vorhandene Dusche oder Waschbecken angeschraubt werden. Dieser Duschkopf k\u00f6nnte gut mit internationalen Standard-Duschr\u00f6hren verbunden werden, die meisten Rohre passen in Badezimmer.<br \/>\nPERIODIC COLON CLEANSING kann helfen, den K\u00f6rper zu entgiften und regelm\u00e4\u00dfige Stuhlgang zu f\u00f6rdern, wodurch Einl\u00e4ufe eine Quelle der Erleichterung f\u00fcr Menschen, die an schwerer Verstopfung leiden. Ein Eingeweide kann auch die Bildung von schmerzhaften Polypen im Kolon und Rektum verhindern.<br \/>\nEinfach zu bedienen und der Wasserdruck ist einstellbar. Die D\u00fcse wird oft mit Hilfe von Gleitmittel in das Rektum eingef\u00fchrt. Die Dusche wird eingeschaltet, und das Druckventil wird eingestellt, bis der Wasserfluss auf einem angenehmen Niveau ist. Wenn das Wasser durch den Schlauch flie\u00dft, wird der Dickdarm von F\u00e4kalien und anderen R\u00fcckst\u00e4nden gereinigt. Nachdem der Dickdarm m\u00e4\u00dfig gef\u00fcllt wurde, entfernt die Person die D\u00fcse und gibt sich in die Toilette.<\/p>\n","protected":false},"featured_media":83145,"comment_status":"open","ping_status":"closed","template":"","meta":[],"product_brand":[],"product_cat":[652,2977],"product_tag":[],"class_list":{"0":"post-83144","1":"product","2":"type-product","3":"status-publish","4":"has-post-thumbnail","6":"product_cat-erotik-markt-xxl","7":"product_cat-sexspielzeug","8":"pa_binding-misc","9":"pa_brand-genmine","10":"pa_manufacturer-genmine","11":"pa_size-1-stueck-1er-pack","13":"first","14":"instock","15":"shipping-taxable","16":"purchasable","17":"product-type-simple","18":"customify-col","19":"product-has-gallery"},"yoast_head":"<!-- This site is optimized with the Yoast SEO plugin v27.4 - https:\/\/yoast.com\/product\/yoast-seo-wordpress\/ -->\n<title>Genmine Duschdusche mit 7 L\u00f6chern f\u00fcr Klistier und Vaginalsp\u00fclung, Enemator Analsex Reinigung Dusche sowohl f\u00fcr M\u00e4nner\u2026 - Markt-XXL<\/title>\n<meta name=\"description\" content=\"Markt-XXL Genmine Duschdusche mit 7 L\u00f6chern f\u00fcr Klistier und Vaginalsp\u00fclung, Enemator Analsex Reinigung Dusche sowohl f\u00fcr M\u00e4nner\u2026\" \/>\n<meta name=\"robots\" content=\"index, follow, max-snippet:-1, max-image-preview:large, max-video-preview:-1\" \/>\n<link rel=\"canonical\" href=\"https:\/\/marktxxl.de\/markt\/produkt\/genmine-duschdusche-mit-7-loechern-fuer-klistier-und-vaginalspuelung-enemator-analsex-reinigung-dusche-sowohl-fuer-maenner-als-auch-frauen\/\" \/>\n<meta property=\"og:locale\" content=\"de_DE\" \/>\n<meta property=\"og:type\" content=\"article\" \/>\n<meta property=\"og:title\" content=\"Genmine Duschdusche mit 7 L\u00f6chern f\u00fcr Klistier und Vaginalsp\u00fclung, Enemator Analsex Reinigung Dusche sowohl f\u00fcr M\u00e4nner\u2026 - Markt-XXL\" \/>\n<meta property=\"og:description\" content=\"Markt-XXL Genmine Duschdusche mit 7 L\u00f6chern f\u00fcr Klistier und Vaginalsp\u00fclung, Enemator Analsex Reinigung Dusche sowohl f\u00fcr M\u00e4nner\u2026\" \/>\n<meta property=\"og:url\" content=\"https:\/\/marktxxl.de\/markt\/produkt\/genmine-duschdusche-mit-7-loechern-fuer-klistier-und-vaginalspuelung-enemator-analsex-reinigung-dusche-sowohl-fuer-maenner-als-auch-frauen\/\" \/>\n<meta property=\"og:site_name\" content=\"Markt-XXL\" \/>\n<meta property=\"article:modified_time\" content=\"2023-04-11T00:59:30+00:00\" \/>\n<meta property=\"og:image\" content=\"https:\/\/m.media-amazon.com\/images\/I\/41Mn910Y8CL._SL500_.jpg\" \/>\n\t<meta property=\"og:image:width\" content=\"500\" \/>\n\t<meta property=\"og:image:height\" content=\"500\" \/>\n\t<meta property=\"og:image:type\" content=\"image\/jpeg\" \/>\n<meta name=\"twitter:card\" content=\"summary_large_image\" \/>\n<meta name=\"twitter:label1\" content=\"Gesch\u00e4tzte Lesezeit\" \/>\n\t<meta name=\"twitter:data1\" content=\"1\u00a0Minute\" \/>\n<script type=\"application\/ld+json\" class=\"yoast-schema-graph\">{\"@context\":\"https:\\\/\\\/schema.org\",\"@graph\":[{\"@type\":\"WebPage\",\"@id\":\"https:\\\/\\\/marktxxl.de\\\/markt\\\/produkt\\\/genmine-duschdusche-mit-7-loechern-fuer-klistier-und-vaginalspuelung-enemator-analsex-reinigung-dusche-sowohl-fuer-maenner-als-auch-frauen\\\/\",\"url\":\"https:\\\/\\\/marktxxl.de\\\/markt\\\/produkt\\\/genmine-duschdusche-mit-7-loechern-fuer-klistier-und-vaginalspuelung-enemator-analsex-reinigung-dusche-sowohl-fuer-maenner-als-auch-frauen\\\/\",\"name\":\"Genmine Duschdusche mit 7 L\u00f6chern f\u00fcr Klistier und Vaginalsp\u00fclung, Enemator Analsex Reinigung Dusche sowohl f\u00fcr M\u00e4nner\u2026 - Markt-XXL\",\"isPartOf\":{\"@id\":\"https:\\\/\\\/marktxxl.de\\\/markt\\\/#website\"},\"primaryImageOfPage\":{\"@id\":\"https:\\\/\\\/marktxxl.de\\\/markt\\\/produkt\\\/genmine-duschdusche-mit-7-loechern-fuer-klistier-und-vaginalspuelung-enemator-analsex-reinigung-dusche-sowohl-fuer-maenner-als-auch-frauen\\\/#primaryimage\"},\"image\":{\"@id\":\"https:\\\/\\\/marktxxl.de\\\/markt\\\/produkt\\\/genmine-duschdusche-mit-7-loechern-fuer-klistier-und-vaginalspuelung-enemator-analsex-reinigung-dusche-sowohl-fuer-maenner-als-auch-frauen\\\/#primaryimage\"},\"thumbnailUrl\":\"https:\\\/\\\/m.media-amazon.com\\\/images\\\/I\\\/41Mn910Y8CL._SL500_.jpg\",\"datePublished\":\"2021-12-02T16:25:04+00:00\",\"dateModified\":\"2023-04-11T00:59:30+00:00\",\"description\":\"Markt-XXL Genmine Duschdusche mit 7 L\u00f6chern f\u00fcr Klistier und Vaginalsp\u00fclung, Enemator Analsex Reinigung Dusche sowohl f\u00fcr M\u00e4nner\u2026\",\"breadcrumb\":{\"@id\":\"https:\\\/\\\/marktxxl.de\\\/markt\\\/produkt\\\/genmine-duschdusche-mit-7-loechern-fuer-klistier-und-vaginalspuelung-enemator-analsex-reinigung-dusche-sowohl-fuer-maenner-als-auch-frauen\\\/#breadcrumb\"},\"inLanguage\":\"de\",\"potentialAction\":[{\"@type\":\"ReadAction\",\"target\":[\"https:\\\/\\\/marktxxl.de\\\/markt\\\/produkt\\\/genmine-duschdusche-mit-7-loechern-fuer-klistier-und-vaginalspuelung-enemator-analsex-reinigung-dusche-sowohl-fuer-maenner-als-auch-frauen\\\/\"]}]},{\"@type\":\"ImageObject\",\"inLanguage\":\"de\",\"@id\":\"https:\\\/\\\/marktxxl.de\\\/markt\\\/produkt\\\/genmine-duschdusche-mit-7-loechern-fuer-klistier-und-vaginalspuelung-enemator-analsex-reinigung-dusche-sowohl-fuer-maenner-als-auch-frauen\\\/#primaryimage\",\"url\":\"https:\\\/\\\/m.media-amazon.com\\\/images\\\/I\\\/41Mn910Y8CL._SL500_.jpg\",\"contentUrl\":\"https:\\\/\\\/m.media-amazon.com\\\/images\\\/I\\\/41Mn910Y8CL._SL500_.jpg\",\"width\":500,\"height\":500},{\"@type\":\"BreadcrumbList\",\"@id\":\"https:\\\/\\\/marktxxl.de\\\/markt\\\/produkt\\\/genmine-duschdusche-mit-7-loechern-fuer-klistier-und-vaginalspuelung-enemator-analsex-reinigung-dusche-sowohl-fuer-maenner-als-auch-frauen\\\/#breadcrumb\",\"itemListElement\":[{\"@type\":\"ListItem\",\"position\":1,\"name\":\"Startseite\",\"item\":\"https:\\\/\\\/marktxxl.de\\\/markt\\\/\"},{\"@type\":\"ListItem\",\"position\":2,\"name\":\"Markt\",\"item\":\"https:\\\/\\\/marktxxl.de\\\/markt\\\/\"},{\"@type\":\"ListItem\",\"position\":3,\"name\":\"Genmine Duschdusche mit 7 L\u00f6chern f\u00fcr Klistier und Vaginalsp\u00fclung, Enemator Analsex Reinigung Dusche sowohl f\u00fcr M\u00e4nner\u2026\"}]},{\"@type\":\"WebSite\",\"@id\":\"https:\\\/\\\/marktxxl.de\\\/markt\\\/#website\",\"url\":\"https:\\\/\\\/marktxxl.de\\\/markt\\\/\",\"name\":\"Markt-XXL\",\"description\":\"Ihr Markt Online\",\"publisher\":{\"@id\":\"https:\\\/\\\/marktxxl.de\\\/markt\\\/#organization\"},\"potentialAction\":[{\"@type\":\"SearchAction\",\"target\":{\"@type\":\"EntryPoint\",\"urlTemplate\":\"https:\\\/\\\/marktxxl.de\\\/markt\\\/?s={search_term_string}\"},\"query-input\":{\"@type\":\"PropertyValueSpecification\",\"valueRequired\":true,\"valueName\":\"search_term_string\"}}],\"inLanguage\":\"de\"},{\"@type\":\"Organization\",\"@id\":\"https:\\\/\\\/marktxxl.de\\\/markt\\\/#organization\",\"name\":\"Markt-XXL\",\"url\":\"https:\\\/\\\/marktxxl.de\\\/markt\\\/\",\"logo\":{\"@type\":\"ImageObject\",\"inLanguage\":\"de\",\"@id\":\"https:\\\/\\\/marktxxl.de\\\/markt\\\/#\\\/schema\\\/logo\\\/image\\\/\",\"url\":\"https:\\\/\\\/marktxxl.de\\\/markt\\\/wp-content\\\/uploads\\\/sites\\\/3\\\/2020\\\/12\\\/logo.png\",\"contentUrl\":\"https:\\\/\\\/marktxxl.de\\\/markt\\\/wp-content\\\/uploads\\\/sites\\\/3\\\/2020\\\/12\\\/logo.png\",\"width\":200,\"height\":70,\"caption\":\"Markt-XXL\"},\"image\":{\"@id\":\"https:\\\/\\\/marktxxl.de\\\/markt\\\/#\\\/schema\\\/logo\\\/image\\\/\"}}]}<\/script>\n<!-- \/ Yoast SEO plugin. -->","yoast_head_json":{"title":"Genmine Duschdusche mit 7 L\u00f6chern f\u00fcr Klistier und Vaginalsp\u00fclung, Enemator Analsex Reinigung Dusche sowohl f\u00fcr M\u00e4nner\u2026 - Markt-XXL","description":"Markt-XXL Genmine Duschdusche mit 7 L\u00f6chern f\u00fcr Klistier und Vaginalsp\u00fclung, Enemator Analsex Reinigung Dusche sowohl f\u00fcr M\u00e4nner\u2026","robots":{"index":"index","follow":"follow","max-snippet":"max-snippet:-1","max-image-preview":"max-image-preview:large","max-video-preview":"max-video-preview:-1"},"canonical":"https:\/\/marktxxl.de\/markt\/produkt\/genmine-duschdusche-mit-7-loechern-fuer-klistier-und-vaginalspuelung-enemator-analsex-reinigung-dusche-sowohl-fuer-maenner-als-auch-frauen\/","og_locale":"de_DE","og_type":"article","og_title":"Genmine Duschdusche mit 7 L\u00f6chern f\u00fcr Klistier und Vaginalsp\u00fclung, Enemator Analsex Reinigung Dusche sowohl f\u00fcr M\u00e4nner\u2026 - Markt-XXL","og_description":"Markt-XXL Genmine Duschdusche mit 7 L\u00f6chern f\u00fcr Klistier und Vaginalsp\u00fclung, Enemator Analsex Reinigung Dusche sowohl f\u00fcr M\u00e4nner\u2026","og_url":"https:\/\/marktxxl.de\/markt\/produkt\/genmine-duschdusche-mit-7-loechern-fuer-klistier-und-vaginalspuelung-enemator-analsex-reinigung-dusche-sowohl-fuer-maenner-als-auch-frauen\/","og_site_name":"Markt-XXL","article_modified_time":"2023-04-11T00:59:30+00:00","og_image":[{"width":500,"height":500,"url":"https:\/\/m.media-amazon.com\/images\/I\/41Mn910Y8CL._SL500_.jpg","type":"image\/jpeg"}],"twitter_card":"summary_large_image","twitter_misc":{"Gesch\u00e4tzte Lesezeit":"1\u00a0Minute"},"schema":{"@context":"https:\/\/schema.org","@graph":[{"@type":"WebPage","@id":"https:\/\/marktxxl.de\/markt\/produkt\/genmine-duschdusche-mit-7-loechern-fuer-klistier-und-vaginalspuelung-enemator-analsex-reinigung-dusche-sowohl-fuer-maenner-als-auch-frauen\/","url":"https:\/\/marktxxl.de\/markt\/produkt\/genmine-duschdusche-mit-7-loechern-fuer-klistier-und-vaginalspuelung-enemator-analsex-reinigung-dusche-sowohl-fuer-maenner-als-auch-frauen\/","name":"Genmine Duschdusche mit 7 L\u00f6chern f\u00fcr Klistier und Vaginalsp\u00fclung, Enemator Analsex Reinigung Dusche sowohl f\u00fcr M\u00e4nner\u2026 - Markt-XXL","isPartOf":{"@id":"https:\/\/marktxxl.de\/markt\/#website"},"primaryImageOfPage":{"@id":"https:\/\/marktxxl.de\/markt\/produkt\/genmine-duschdusche-mit-7-loechern-fuer-klistier-und-vaginalspuelung-enemator-analsex-reinigung-dusche-sowohl-fuer-maenner-als-auch-frauen\/#primaryimage"},"image":{"@id":"https:\/\/marktxxl.de\/markt\/produkt\/genmine-duschdusche-mit-7-loechern-fuer-klistier-und-vaginalspuelung-enemator-analsex-reinigung-dusche-sowohl-fuer-maenner-als-auch-frauen\/#primaryimage"},"thumbnailUrl":"https:\/\/m.media-amazon.com\/images\/I\/41Mn910Y8CL._SL500_.jpg","datePublished":"2021-12-02T16:25:04+00:00","dateModified":"2023-04-11T00:59:30+00:00","description":"Markt-XXL Genmine Duschdusche mit 7 L\u00f6chern f\u00fcr Klistier und Vaginalsp\u00fclung, Enemator Analsex Reinigung Dusche sowohl f\u00fcr M\u00e4nner\u2026","breadcrumb":{"@id":"https:\/\/marktxxl.de\/markt\/produkt\/genmine-duschdusche-mit-7-loechern-fuer-klistier-und-vaginalspuelung-enemator-analsex-reinigung-dusche-sowohl-fuer-maenner-als-auch-frauen\/#breadcrumb"},"inLanguage":"de","potentialAction":[{"@type":"ReadAction","target":["https:\/\/marktxxl.de\/markt\/produkt\/genmine-duschdusche-mit-7-loechern-fuer-klistier-und-vaginalspuelung-enemator-analsex-reinigung-dusche-sowohl-fuer-maenner-als-auch-frauen\/"]}]},{"@type":"ImageObject","inLanguage":"de","@id":"https:\/\/marktxxl.de\/markt\/produkt\/genmine-duschdusche-mit-7-loechern-fuer-klistier-und-vaginalspuelung-enemator-analsex-reinigung-dusche-sowohl-fuer-maenner-als-auch-frauen\/#primaryimage","url":"https:\/\/m.media-amazon.com\/images\/I\/41Mn910Y8CL._SL500_.jpg","contentUrl":"https:\/\/m.media-amazon.com\/images\/I\/41Mn910Y8CL._SL500_.jpg","width":500,"height":500},{"@type":"BreadcrumbList","@id":"https:\/\/marktxxl.de\/markt\/produkt\/genmine-duschdusche-mit-7-loechern-fuer-klistier-und-vaginalspuelung-enemator-analsex-reinigung-dusche-sowohl-fuer-maenner-als-auch-frauen\/#breadcrumb","itemListElement":[{"@type":"ListItem","position":1,"name":"Startseite","item":"https:\/\/marktxxl.de\/markt\/"},{"@type":"ListItem","position":2,"name":"Markt","item":"https:\/\/marktxxl.de\/markt\/"},{"@type":"ListItem","position":3,"name":"Genmine Duschdusche mit 7 L\u00f6chern f\u00fcr Klistier und Vaginalsp\u00fclung, Enemator Analsex Reinigung Dusche sowohl f\u00fcr M\u00e4nner\u2026"}]},{"@type":"WebSite","@id":"https:\/\/marktxxl.de\/markt\/#website","url":"https:\/\/marktxxl.de\/markt\/","name":"Markt-XXL","description":"Ihr Markt Online","publisher":{"@id":"https:\/\/marktxxl.de\/markt\/#organization"},"potentialAction":[{"@type":"SearchAction","target":{"@type":"EntryPoint","urlTemplate":"https:\/\/marktxxl.de\/markt\/?s={search_term_string}"},"query-input":{"@type":"PropertyValueSpecification","valueRequired":true,"valueName":"search_term_string"}}],"inLanguage":"de"},{"@type":"Organization","@id":"https:\/\/marktxxl.de\/markt\/#organization","name":"Markt-XXL","url":"https:\/\/marktxxl.de\/markt\/","logo":{"@type":"ImageObject","inLanguage":"de","@id":"https:\/\/marktxxl.de\/markt\/#\/schema\/logo\/image\/","url":"https:\/\/marktxxl.de\/markt\/wp-content\/uploads\/sites\/3\/2020\/12\/logo.png","contentUrl":"https:\/\/marktxxl.de\/markt\/wp-content\/uploads\/sites\/3\/2020\/12\/logo.png","width":200,"height":70,"caption":"Markt-XXL"},"image":{"@id":"https:\/\/marktxxl.de\/markt\/#\/schema\/logo\/image\/"}}]}},"_links":{"self":[{"href":"https:\/\/marktxxl.de\/markt\/wp-json\/wp\/v2\/product\/83144","targetHints":{"allow":["GET"]}}],"collection":[{"href":"https:\/\/marktxxl.de\/markt\/wp-json\/wp\/v2\/product"}],"about":[{"href":"https:\/\/marktxxl.de\/markt\/wp-json\/wp\/v2\/types\/product"}],"replies":[{"embeddable":true,"href":"https:\/\/marktxxl.de\/markt\/wp-json\/wp\/v2\/comments?post=83144"}],"wp:featuredmedia":[{"embeddable":true,"href":"https:\/\/marktxxl.de\/markt\/wp-json\/wp\/v2\/media\/83145"}],"wp:attachment":[{"href":"https:\/\/marktxxl.de\/markt\/wp-json\/wp\/v2\/media?parent=83144"}],"wp:term":[{"taxonomy":"product_brand","embeddable":true,"href":"https:\/\/marktxxl.de\/markt\/wp-json\/wp\/v2\/product_brand?post=83144"},{"taxonomy":"product_cat","embeddable":true,"href":"https:\/\/marktxxl.de\/markt\/wp-json\/wp\/v2\/product_cat?post=83144"},{"taxonomy":"product_tag","embeddable":true,"href":"https:\/\/marktxxl.de\/markt\/wp-json\/wp\/v2\/product_tag?post=83144"}],"curies":[{"name":"wp","href":"https:\/\/api.w.org\/{rel}","templated":true}]}}