{"id":83098,"date":"2021-12-02T17:24:45","date_gmt":"2021-12-02T16:24:45","guid":{"rendered":"https:\/\/marktxxl.de\/markt\/produkt\/sensivo-einlauf-450ml-silikon-einlauf-klistier-rueckflussverhuetung-einlauf-einlauf-fuer-frauenmaenner-uebergroesse-rueckflussverhuetung-enama-nicht-undicht\/"},"modified":"2023-04-11T02:59:29","modified_gmt":"2023-04-11T00:59:29","slug":"sensivo-einlauf-450ml-silikon-einlauf-klistier-rueckflussverhuetung-einlauf-einlauf-fuer-frauenmaenner-uebergroesse-rueckflussverhuetung-enama-nicht-undicht","status":"publish","type":"product","link":"https:\/\/marktxxl.de\/markt\/produkt\/sensivo-einlauf-450ml-silikon-einlauf-klistier-rueckflussverhuetung-einlauf-einlauf-fuer-frauenmaenner-uebergroesse-rueckflussverhuetung-enama-nicht-undicht\/","title":{"rendered":"SENSIVO Einlauf 450ML, Silikon Einlauf Klistier, R\u00fcckflussverh\u00fctung Einlauf, Einlauf f\u00fcr Frauen&amp;M\u00e4nner, \u00dcbergr\u00f6\u00dfe\u2026"},"content":{"rendered":"<p>\u2714 \u3010Verbesserte R\u00fcckflussverhinderung\u3011-Keine mehr komplizierte Arbeit wie traditionelle Enama, n\u00e4mlich Einzuatmen nach dem Herausziehen. Unser Produkt l\u00e4sst sich einfach durch Dr\u00fccken entleeren. Keine Sorge f\u00fcr den R\u00fcckfluss.Der neue R\u00fcckflussverhinderer kann Wasseraustritt effektiv verhindern.<br \/>\n\u2714 \u3010Weiches Material\u3011-Die Produkte bestehen aus medizinischem Silikon, was sicher und weich geruchlos und gesundndlich ist. Ein weicher Schlauch dien zur optimalen Erfahrung.<br \/>\n\u2714 \u3010Verbesserter Katheter\u3011-Mit dem R\u00fcckflusssystem l\u00e4sst sich kein Abwasser in den Beh\u00e4lter beim Gebrauch einsaugen. Der bisherige Faden wird verworfen, so dass das Wasser in der Flasche beim Reinigen leichter ausgegossen werden kann.<br \/>\n\u2714 \u3010Die gr\u00f6\u00dfte Kapazit\u00e4t auf dem Markt\u3011-Unser Produkt erreicht 450 ml. Statt h\u00e4ufige Einf\u00fcllung reicht einmalige F\u00fcllung f\u00fcr lange Verwendung aus.<br \/>\n\u2714 \u3010Schutz der Privatsph\u00e4re\u3011-Die \u00e4u\u00dfere Verpackung des Produkts ist einfach eine reinwei\u00dfe Schachtel, ohne Beschreibung des Produkts und sieht vom Aussehen her wie ein Wasserbecher aus. Unsere Produkte gelten f\u00fcr kostenlose R\u00fcckgabe innerhalb 90 Tagen. Bei Qualit\u00e4tsproblem k\u00f6nnen Sie sich direkt an uns wenden, zur schnell wie m\u00f6glich Ersetzung oder Erstattung.<br \/>\n<div class=\"main-cross-sell\" data-asin=\"B09DXXQVDH\">\n\n\t<div class=\"WooZone-cross-sell-loader\">\n\t\t<div>\n\t\t\t<div id=\"floatingBarsG\">\n\t\t\t\t<div class=\"blockG\" id=\"rotateG_01\"><\/div>\n\t\t\t\t<div class=\"blockG\" id=\"rotateG_02\"><\/div>\n\t\t\t\t<div class=\"blockG\" id=\"rotateG_03\"><\/div>\n\t\t\t\t<div class=\"blockG\" id=\"rotateG_04\"><\/div>\n\t\t\t\t<div class=\"blockG\" id=\"rotateG_05\"><\/div>\n\t\t\t\t<div class=\"blockG\" id=\"rotateG_06\"><\/div>\n\t\t\t\t<div class=\"blockG\" id=\"rotateG_07\"><\/div>\n\t\t\t\t<div class=\"blockG\" id=\"rotateG_08\"><\/div>\n\t\t\t<\/div>\n\t\t\t<div class=\"WooZone-cross-sell-loader-text\"><\/div>\n\t\t<\/div>\n\t<\/div>\n\n\t\t\n<\/div>\n<div style=\"clear:both;\"><\/div><\/p>\n","protected":false},"excerpt":{"rendered":"<p>\u2714 \u3010Verbesserte R\u00fcckflussverhinderung\u3011-Keine mehr komplizierte Arbeit wie traditionelle Enama, n\u00e4mlich Einzuatmen nach dem Herausziehen. Unser Produkt l\u00e4sst sich einfach durch Dr\u00fccken entleeren. Keine Sorge f\u00fcr den R\u00fcckfluss.Der neue R\u00fcckflussverhinderer kann Wasseraustritt effektiv verhindern.<br \/>\n\u2714 \u3010Weiches Material\u3011-Die Produkte bestehen aus medizinischem Silikon, was sicher und weich geruchlos und gesundndlich ist. Ein weicher Schlauch dien zur optimalen Erfahrung.<br \/>\n\u2714 \u3010Verbesserter Katheter\u3011-Mit dem R\u00fcckflusssystem l\u00e4sst sich kein Abwasser in den Beh\u00e4lter beim Gebrauch einsaugen. Der bisherige Faden wird verworfen, so dass das Wasser in der Flasche beim Reinigen leichter ausgegossen werden kann.<\/p>\n","protected":false},"featured_media":83099,"comment_status":"open","ping_status":"closed","template":"","meta":[],"product_brand":[],"product_cat":[652,2977],"product_tag":[],"class_list":{"0":"post-83098","1":"product","2":"type-product","3":"status-publish","4":"has-post-thumbnail","6":"product_cat-erotik-markt-xxl","7":"product_cat-sexspielzeug","8":"pa_binding-badartikel","9":"pa_brand-sensivo","10":"pa_color-schwarz","11":"pa_height-5-511811018-zoll","12":"pa_languages-unbekannt-deutsch-unbekannt-franzoesisch-unbekannt-englisch-unbekannt-italienisch-unbekannt-spanisch","13":"pa_length-3-543307083-zoll","14":"pa_manufacturer-sensivo","15":"pa_weight-0-2-kilogramm","16":"pa_width-3-543307083-zoll","18":"first","19":"instock","20":"shipping-taxable","21":"purchasable","22":"product-type-simple","23":"customify-col","24":"product-has-gallery"},"yoast_head":"<!-- This site is optimized with the Yoast SEO plugin v27.4 - https:\/\/yoast.com\/product\/yoast-seo-wordpress\/ -->\n<title>SENSIVO Einlauf 450ML, Silikon Einlauf Klistier, R\u00fcckflussverh\u00fctung Einlauf, Einlauf f\u00fcr Frauen&amp;M\u00e4nner, \u00dcbergr\u00f6\u00dfe\u2026 - Markt-XXL<\/title>\n<meta name=\"description\" content=\"Markt-XXL SENSIVO Einlauf 450ML, Silikon Einlauf Klistier, R\u00fcckflussverh\u00fctung Einlauf, Einlauf f\u00fcr Frauen&amp;M\u00e4nner, \u00dcbergr\u00f6\u00dfe\u2026\" \/>\n<meta name=\"robots\" content=\"index, follow, max-snippet:-1, max-image-preview:large, max-video-preview:-1\" \/>\n<link rel=\"canonical\" href=\"https:\/\/marktxxl.de\/markt\/produkt\/sensivo-einlauf-450ml-silikon-einlauf-klistier-rueckflussverhuetung-einlauf-einlauf-fuer-frauenmaenner-uebergroesse-rueckflussverhuetung-enama-nicht-undicht\/\" \/>\n<meta property=\"og:locale\" content=\"de_DE\" \/>\n<meta property=\"og:type\" content=\"article\" \/>\n<meta property=\"og:title\" content=\"SENSIVO Einlauf 450ML, Silikon Einlauf Klistier, R\u00fcckflussverh\u00fctung Einlauf, Einlauf f\u00fcr Frauen&amp;M\u00e4nner, \u00dcbergr\u00f6\u00dfe\u2026 - Markt-XXL\" \/>\n<meta property=\"og:description\" content=\"Markt-XXL SENSIVO Einlauf 450ML, Silikon Einlauf Klistier, R\u00fcckflussverh\u00fctung Einlauf, Einlauf f\u00fcr Frauen&amp;M\u00e4nner, \u00dcbergr\u00f6\u00dfe\u2026\" \/>\n<meta property=\"og:url\" content=\"https:\/\/marktxxl.de\/markt\/produkt\/sensivo-einlauf-450ml-silikon-einlauf-klistier-rueckflussverhuetung-einlauf-einlauf-fuer-frauenmaenner-uebergroesse-rueckflussverhuetung-enama-nicht-undicht\/\" \/>\n<meta property=\"og:site_name\" content=\"Markt-XXL\" \/>\n<meta property=\"article:modified_time\" content=\"2023-04-11T00:59:29+00:00\" \/>\n<meta property=\"og:image\" content=\"https:\/\/m.media-amazon.com\/images\/I\/313-OpSkOlL._SL500_.jpg\" \/>\n\t<meta property=\"og:image:width\" content=\"480\" \/>\n\t<meta property=\"og:image:height\" content=\"500\" \/>\n\t<meta property=\"og:image:type\" content=\"image\/jpeg\" \/>\n<meta name=\"twitter:card\" content=\"summary_large_image\" \/>\n<meta name=\"twitter:label1\" content=\"Gesch\u00e4tzte Lesezeit\" \/>\n\t<meta name=\"twitter:data1\" content=\"1\u00a0Minute\" \/>\n<script type=\"application\/ld+json\" class=\"yoast-schema-graph\">{\"@context\":\"https:\\\/\\\/schema.org\",\"@graph\":[{\"@type\":\"WebPage\",\"@id\":\"https:\\\/\\\/marktxxl.de\\\/markt\\\/produkt\\\/sensivo-einlauf-450ml-silikon-einlauf-klistier-rueckflussverhuetung-einlauf-einlauf-fuer-frauenmaenner-uebergroesse-rueckflussverhuetung-enama-nicht-undicht\\\/\",\"url\":\"https:\\\/\\\/marktxxl.de\\\/markt\\\/produkt\\\/sensivo-einlauf-450ml-silikon-einlauf-klistier-rueckflussverhuetung-einlauf-einlauf-fuer-frauenmaenner-uebergroesse-rueckflussverhuetung-enama-nicht-undicht\\\/\",\"name\":\"SENSIVO Einlauf 450ML, Silikon Einlauf Klistier, R\u00fcckflussverh\u00fctung Einlauf, Einlauf f\u00fcr Frauen&amp;M\u00e4nner, \u00dcbergr\u00f6\u00dfe\u2026 - Markt-XXL\",\"isPartOf\":{\"@id\":\"https:\\\/\\\/marktxxl.de\\\/markt\\\/#website\"},\"primaryImageOfPage\":{\"@id\":\"https:\\\/\\\/marktxxl.de\\\/markt\\\/produkt\\\/sensivo-einlauf-450ml-silikon-einlauf-klistier-rueckflussverhuetung-einlauf-einlauf-fuer-frauenmaenner-uebergroesse-rueckflussverhuetung-enama-nicht-undicht\\\/#primaryimage\"},\"image\":{\"@id\":\"https:\\\/\\\/marktxxl.de\\\/markt\\\/produkt\\\/sensivo-einlauf-450ml-silikon-einlauf-klistier-rueckflussverhuetung-einlauf-einlauf-fuer-frauenmaenner-uebergroesse-rueckflussverhuetung-enama-nicht-undicht\\\/#primaryimage\"},\"thumbnailUrl\":\"https:\\\/\\\/m.media-amazon.com\\\/images\\\/I\\\/313-OpSkOlL._SL500_.jpg\",\"datePublished\":\"2021-12-02T16:24:45+00:00\",\"dateModified\":\"2023-04-11T00:59:29+00:00\",\"description\":\"Markt-XXL SENSIVO Einlauf 450ML, Silikon Einlauf Klistier, R\u00fcckflussverh\u00fctung Einlauf, Einlauf f\u00fcr Frauen&amp;M\u00e4nner, \u00dcbergr\u00f6\u00dfe\u2026\",\"breadcrumb\":{\"@id\":\"https:\\\/\\\/marktxxl.de\\\/markt\\\/produkt\\\/sensivo-einlauf-450ml-silikon-einlauf-klistier-rueckflussverhuetung-einlauf-einlauf-fuer-frauenmaenner-uebergroesse-rueckflussverhuetung-enama-nicht-undicht\\\/#breadcrumb\"},\"inLanguage\":\"de\",\"potentialAction\":[{\"@type\":\"ReadAction\",\"target\":[\"https:\\\/\\\/marktxxl.de\\\/markt\\\/produkt\\\/sensivo-einlauf-450ml-silikon-einlauf-klistier-rueckflussverhuetung-einlauf-einlauf-fuer-frauenmaenner-uebergroesse-rueckflussverhuetung-enama-nicht-undicht\\\/\"]}]},{\"@type\":\"ImageObject\",\"inLanguage\":\"de\",\"@id\":\"https:\\\/\\\/marktxxl.de\\\/markt\\\/produkt\\\/sensivo-einlauf-450ml-silikon-einlauf-klistier-rueckflussverhuetung-einlauf-einlauf-fuer-frauenmaenner-uebergroesse-rueckflussverhuetung-enama-nicht-undicht\\\/#primaryimage\",\"url\":\"https:\\\/\\\/m.media-amazon.com\\\/images\\\/I\\\/313-OpSkOlL._SL500_.jpg\",\"contentUrl\":\"https:\\\/\\\/m.media-amazon.com\\\/images\\\/I\\\/313-OpSkOlL._SL500_.jpg\",\"width\":480,\"height\":500},{\"@type\":\"BreadcrumbList\",\"@id\":\"https:\\\/\\\/marktxxl.de\\\/markt\\\/produkt\\\/sensivo-einlauf-450ml-silikon-einlauf-klistier-rueckflussverhuetung-einlauf-einlauf-fuer-frauenmaenner-uebergroesse-rueckflussverhuetung-enama-nicht-undicht\\\/#breadcrumb\",\"itemListElement\":[{\"@type\":\"ListItem\",\"position\":1,\"name\":\"Startseite\",\"item\":\"https:\\\/\\\/marktxxl.de\\\/markt\\\/\"},{\"@type\":\"ListItem\",\"position\":2,\"name\":\"Markt\",\"item\":\"https:\\\/\\\/marktxxl.de\\\/markt\\\/\"},{\"@type\":\"ListItem\",\"position\":3,\"name\":\"SENSIVO Einlauf 450ML, Silikon Einlauf Klistier, R\u00fcckflussverh\u00fctung Einlauf, Einlauf f\u00fcr Frauen&amp;M\u00e4nner, \u00dcbergr\u00f6\u00dfe\u2026\"}]},{\"@type\":\"WebSite\",\"@id\":\"https:\\\/\\\/marktxxl.de\\\/markt\\\/#website\",\"url\":\"https:\\\/\\\/marktxxl.de\\\/markt\\\/\",\"name\":\"Markt-XXL\",\"description\":\"Ihr Markt Online\",\"publisher\":{\"@id\":\"https:\\\/\\\/marktxxl.de\\\/markt\\\/#organization\"},\"potentialAction\":[{\"@type\":\"SearchAction\",\"target\":{\"@type\":\"EntryPoint\",\"urlTemplate\":\"https:\\\/\\\/marktxxl.de\\\/markt\\\/?s={search_term_string}\"},\"query-input\":{\"@type\":\"PropertyValueSpecification\",\"valueRequired\":true,\"valueName\":\"search_term_string\"}}],\"inLanguage\":\"de\"},{\"@type\":\"Organization\",\"@id\":\"https:\\\/\\\/marktxxl.de\\\/markt\\\/#organization\",\"name\":\"Markt-XXL\",\"url\":\"https:\\\/\\\/marktxxl.de\\\/markt\\\/\",\"logo\":{\"@type\":\"ImageObject\",\"inLanguage\":\"de\",\"@id\":\"https:\\\/\\\/marktxxl.de\\\/markt\\\/#\\\/schema\\\/logo\\\/image\\\/\",\"url\":\"https:\\\/\\\/marktxxl.de\\\/markt\\\/wp-content\\\/uploads\\\/sites\\\/3\\\/2020\\\/12\\\/logo.png\",\"contentUrl\":\"https:\\\/\\\/marktxxl.de\\\/markt\\\/wp-content\\\/uploads\\\/sites\\\/3\\\/2020\\\/12\\\/logo.png\",\"width\":200,\"height\":70,\"caption\":\"Markt-XXL\"},\"image\":{\"@id\":\"https:\\\/\\\/marktxxl.de\\\/markt\\\/#\\\/schema\\\/logo\\\/image\\\/\"}}]}<\/script>\n<!-- \/ Yoast SEO plugin. -->","yoast_head_json":{"title":"SENSIVO Einlauf 450ML, Silikon Einlauf Klistier, R\u00fcckflussverh\u00fctung Einlauf, Einlauf f\u00fcr Frauen&amp;M\u00e4nner, \u00dcbergr\u00f6\u00dfe\u2026 - Markt-XXL","description":"Markt-XXL SENSIVO Einlauf 450ML, Silikon Einlauf Klistier, R\u00fcckflussverh\u00fctung Einlauf, Einlauf f\u00fcr Frauen&amp;M\u00e4nner, \u00dcbergr\u00f6\u00dfe\u2026","robots":{"index":"index","follow":"follow","max-snippet":"max-snippet:-1","max-image-preview":"max-image-preview:large","max-video-preview":"max-video-preview:-1"},"canonical":"https:\/\/marktxxl.de\/markt\/produkt\/sensivo-einlauf-450ml-silikon-einlauf-klistier-rueckflussverhuetung-einlauf-einlauf-fuer-frauenmaenner-uebergroesse-rueckflussverhuetung-enama-nicht-undicht\/","og_locale":"de_DE","og_type":"article","og_title":"SENSIVO Einlauf 450ML, Silikon Einlauf Klistier, R\u00fcckflussverh\u00fctung Einlauf, Einlauf f\u00fcr Frauen&amp;M\u00e4nner, \u00dcbergr\u00f6\u00dfe\u2026 - Markt-XXL","og_description":"Markt-XXL SENSIVO Einlauf 450ML, Silikon Einlauf Klistier, R\u00fcckflussverh\u00fctung Einlauf, Einlauf f\u00fcr Frauen&amp;M\u00e4nner, \u00dcbergr\u00f6\u00dfe\u2026","og_url":"https:\/\/marktxxl.de\/markt\/produkt\/sensivo-einlauf-450ml-silikon-einlauf-klistier-rueckflussverhuetung-einlauf-einlauf-fuer-frauenmaenner-uebergroesse-rueckflussverhuetung-enama-nicht-undicht\/","og_site_name":"Markt-XXL","article_modified_time":"2023-04-11T00:59:29+00:00","og_image":[{"width":480,"height":500,"url":"https:\/\/m.media-amazon.com\/images\/I\/313-OpSkOlL._SL500_.jpg","type":"image\/jpeg"}],"twitter_card":"summary_large_image","twitter_misc":{"Gesch\u00e4tzte Lesezeit":"1\u00a0Minute"},"schema":{"@context":"https:\/\/schema.org","@graph":[{"@type":"WebPage","@id":"https:\/\/marktxxl.de\/markt\/produkt\/sensivo-einlauf-450ml-silikon-einlauf-klistier-rueckflussverhuetung-einlauf-einlauf-fuer-frauenmaenner-uebergroesse-rueckflussverhuetung-enama-nicht-undicht\/","url":"https:\/\/marktxxl.de\/markt\/produkt\/sensivo-einlauf-450ml-silikon-einlauf-klistier-rueckflussverhuetung-einlauf-einlauf-fuer-frauenmaenner-uebergroesse-rueckflussverhuetung-enama-nicht-undicht\/","name":"SENSIVO Einlauf 450ML, Silikon Einlauf Klistier, R\u00fcckflussverh\u00fctung Einlauf, Einlauf f\u00fcr Frauen&amp;M\u00e4nner, \u00dcbergr\u00f6\u00dfe\u2026 - Markt-XXL","isPartOf":{"@id":"https:\/\/marktxxl.de\/markt\/#website"},"primaryImageOfPage":{"@id":"https:\/\/marktxxl.de\/markt\/produkt\/sensivo-einlauf-450ml-silikon-einlauf-klistier-rueckflussverhuetung-einlauf-einlauf-fuer-frauenmaenner-uebergroesse-rueckflussverhuetung-enama-nicht-undicht\/#primaryimage"},"image":{"@id":"https:\/\/marktxxl.de\/markt\/produkt\/sensivo-einlauf-450ml-silikon-einlauf-klistier-rueckflussverhuetung-einlauf-einlauf-fuer-frauenmaenner-uebergroesse-rueckflussverhuetung-enama-nicht-undicht\/#primaryimage"},"thumbnailUrl":"https:\/\/m.media-amazon.com\/images\/I\/313-OpSkOlL._SL500_.jpg","datePublished":"2021-12-02T16:24:45+00:00","dateModified":"2023-04-11T00:59:29+00:00","description":"Markt-XXL SENSIVO Einlauf 450ML, Silikon Einlauf Klistier, R\u00fcckflussverh\u00fctung Einlauf, Einlauf f\u00fcr Frauen&amp;M\u00e4nner, \u00dcbergr\u00f6\u00dfe\u2026","breadcrumb":{"@id":"https:\/\/marktxxl.de\/markt\/produkt\/sensivo-einlauf-450ml-silikon-einlauf-klistier-rueckflussverhuetung-einlauf-einlauf-fuer-frauenmaenner-uebergroesse-rueckflussverhuetung-enama-nicht-undicht\/#breadcrumb"},"inLanguage":"de","potentialAction":[{"@type":"ReadAction","target":["https:\/\/marktxxl.de\/markt\/produkt\/sensivo-einlauf-450ml-silikon-einlauf-klistier-rueckflussverhuetung-einlauf-einlauf-fuer-frauenmaenner-uebergroesse-rueckflussverhuetung-enama-nicht-undicht\/"]}]},{"@type":"ImageObject","inLanguage":"de","@id":"https:\/\/marktxxl.de\/markt\/produkt\/sensivo-einlauf-450ml-silikon-einlauf-klistier-rueckflussverhuetung-einlauf-einlauf-fuer-frauenmaenner-uebergroesse-rueckflussverhuetung-enama-nicht-undicht\/#primaryimage","url":"https:\/\/m.media-amazon.com\/images\/I\/313-OpSkOlL._SL500_.jpg","contentUrl":"https:\/\/m.media-amazon.com\/images\/I\/313-OpSkOlL._SL500_.jpg","width":480,"height":500},{"@type":"BreadcrumbList","@id":"https:\/\/marktxxl.de\/markt\/produkt\/sensivo-einlauf-450ml-silikon-einlauf-klistier-rueckflussverhuetung-einlauf-einlauf-fuer-frauenmaenner-uebergroesse-rueckflussverhuetung-enama-nicht-undicht\/#breadcrumb","itemListElement":[{"@type":"ListItem","position":1,"name":"Startseite","item":"https:\/\/marktxxl.de\/markt\/"},{"@type":"ListItem","position":2,"name":"Markt","item":"https:\/\/marktxxl.de\/markt\/"},{"@type":"ListItem","position":3,"name":"SENSIVO Einlauf 450ML, Silikon Einlauf Klistier, R\u00fcckflussverh\u00fctung Einlauf, Einlauf f\u00fcr Frauen&amp;M\u00e4nner, \u00dcbergr\u00f6\u00dfe\u2026"}]},{"@type":"WebSite","@id":"https:\/\/marktxxl.de\/markt\/#website","url":"https:\/\/marktxxl.de\/markt\/","name":"Markt-XXL","description":"Ihr Markt Online","publisher":{"@id":"https:\/\/marktxxl.de\/markt\/#organization"},"potentialAction":[{"@type":"SearchAction","target":{"@type":"EntryPoint","urlTemplate":"https:\/\/marktxxl.de\/markt\/?s={search_term_string}"},"query-input":{"@type":"PropertyValueSpecification","valueRequired":true,"valueName":"search_term_string"}}],"inLanguage":"de"},{"@type":"Organization","@id":"https:\/\/marktxxl.de\/markt\/#organization","name":"Markt-XXL","url":"https:\/\/marktxxl.de\/markt\/","logo":{"@type":"ImageObject","inLanguage":"de","@id":"https:\/\/marktxxl.de\/markt\/#\/schema\/logo\/image\/","url":"https:\/\/marktxxl.de\/markt\/wp-content\/uploads\/sites\/3\/2020\/12\/logo.png","contentUrl":"https:\/\/marktxxl.de\/markt\/wp-content\/uploads\/sites\/3\/2020\/12\/logo.png","width":200,"height":70,"caption":"Markt-XXL"},"image":{"@id":"https:\/\/marktxxl.de\/markt\/#\/schema\/logo\/image\/"}}]}},"_links":{"self":[{"href":"https:\/\/marktxxl.de\/markt\/wp-json\/wp\/v2\/product\/83098","targetHints":{"allow":["GET"]}}],"collection":[{"href":"https:\/\/marktxxl.de\/markt\/wp-json\/wp\/v2\/product"}],"about":[{"href":"https:\/\/marktxxl.de\/markt\/wp-json\/wp\/v2\/types\/product"}],"replies":[{"embeddable":true,"href":"https:\/\/marktxxl.de\/markt\/wp-json\/wp\/v2\/comments?post=83098"}],"wp:featuredmedia":[{"embeddable":true,"href":"https:\/\/marktxxl.de\/markt\/wp-json\/wp\/v2\/media\/83099"}],"wp:attachment":[{"href":"https:\/\/marktxxl.de\/markt\/wp-json\/wp\/v2\/media?parent=83098"}],"wp:term":[{"taxonomy":"product_brand","embeddable":true,"href":"https:\/\/marktxxl.de\/markt\/wp-json\/wp\/v2\/product_brand?post=83098"},{"taxonomy":"product_cat","embeddable":true,"href":"https:\/\/marktxxl.de\/markt\/wp-json\/wp\/v2\/product_cat?post=83098"},{"taxonomy":"product_tag","embeddable":true,"href":"https:\/\/marktxxl.de\/markt\/wp-json\/wp\/v2\/product_tag?post=83098"}],"curies":[{"name":"wp","href":"https:\/\/api.w.org\/{rel}","templated":true}]}}