{"id":83080,"date":"2021-12-02T17:24:37","date_gmt":"2021-12-02T16:24:37","guid":{"rendered":"https:\/\/marktxxl.de\/markt\/produkt\/silikon-beckenboden-kegel-dilatator-trainingstrainer-set-von-vwell-komplettes-5-kit-system\/"},"modified":"2023-04-11T02:59:28","modified_gmt":"2023-04-11T00:59:28","slug":"silikon-beckenboden-kegel-dilatator-trainingstrainer-set-von-vwell-komplettes-5-kit-system","status":"publish","type":"product","link":"https:\/\/marktxxl.de\/markt\/produkt\/silikon-beckenboden-kegel-dilatator-trainingstrainer-set-von-vwell-komplettes-5-kit-system\/","title":{"rendered":"Silikon-Beckenboden-Muskel-Dilatator-\u00dcbungs-Trainer-Set von VWELL (komplettes 5-Kit-System)"},"content":{"rendered":"<p>Egal, ob Sie sich beim Verwenden von Tampons, bei intimen Aktivit\u00e4ten oder bei gyn\u00e4kologischen Untersuchungen unwohl f\u00fchlen, der VWELL Beckenbodenmuskeltrainer kann Ihnen helfen. Bringen Sie Komfort mit VWELL zur\u00fcck.<br \/>\nWer ist der Boss? Zeigen Sie ihnen, wer verantwortlich ist. Der bew\u00e4hrte Kegel-Beckenbodentrainer hilft Ihnen dabei, bequem nach Ihrer Wahl von Zeit und Ort dorthin zu gelangen. \u00dcbernimm die Kontrolle mit VWELL zur\u00fcck.<br \/>\nEs bringt dich zum Tango. Entdecken Sie eine Verbindung wieder, die uns bindet und bef\u00e4higt. Genie\u00dfen Sie Gl\u00fcckseligkeit und Jubel, als w\u00fcrden sie aus der Mode kommen. Tango noch ein bisschen mit VWELL.<br \/>\nComfortSense Engineering &#8211; Verj\u00fcngte K\u00f6rperl\u00e4nge (nicht nur Spitze) und seidig glattes medizinisches Silikon-Finish, um den Einf\u00fchrdruck um bis zu 70% zu reduzieren.<br \/>\nFreisprech-Design &#8211; Jeder VWELL-Trainer kann an jeder glatten Oberfl\u00e4che (Fliesen, Glas, Marmor usw.) befestigt werden, um unterschiedliche Trainingspr\u00e4ferenzen zu erm\u00f6glichen.<br \/>\n<div class=\"main-cross-sell\" data-asin=\"B08MT4VWGX\">\n\n\t<div class=\"WooZone-cross-sell-loader\">\n\t\t<div>\n\t\t\t<div id=\"floatingBarsG\">\n\t\t\t\t<div class=\"blockG\" id=\"rotateG_01\"><\/div>\n\t\t\t\t<div class=\"blockG\" id=\"rotateG_02\"><\/div>\n\t\t\t\t<div class=\"blockG\" id=\"rotateG_03\"><\/div>\n\t\t\t\t<div class=\"blockG\" id=\"rotateG_04\"><\/div>\n\t\t\t\t<div class=\"blockG\" id=\"rotateG_05\"><\/div>\n\t\t\t\t<div class=\"blockG\" id=\"rotateG_06\"><\/div>\n\t\t\t\t<div class=\"blockG\" id=\"rotateG_07\"><\/div>\n\t\t\t\t<div class=\"blockG\" id=\"rotateG_08\"><\/div>\n\t\t\t<\/div>\n\t\t\t<div class=\"WooZone-cross-sell-loader-text\"><\/div>\n\t\t<\/div>\n\t<\/div>\n\n\t\t\n<\/div>\n<div style=\"clear:both;\"><\/div><\/p>\n","protected":false},"excerpt":{"rendered":"<p>Egal, ob Sie sich beim Verwenden von Tampons, bei intimen Aktivit\u00e4ten oder bei gyn\u00e4kologischen Untersuchungen unwohl f\u00fchlen, der VWELL Beckenbodenmuskeltrainer kann Ihnen helfen. Bringen Sie Komfort mit VWELL zur\u00fcck.<br \/>\nWer ist der Boss? Zeigen Sie ihnen, wer verantwortlich ist. Der bew\u00e4hrte Kegel-Beckenbodentrainer hilft Ihnen dabei, bequem nach Ihrer Wahl von Zeit und Ort dorthin zu gelangen. \u00dcbernimm die Kontrolle mit VWELL zur\u00fcck.<br \/>\nEs bringt dich zum Tango. Entdecken Sie eine Verbindung wieder, die uns bindet und bef\u00e4higt. Genie\u00dfen Sie Gl\u00fcckseligkeit und Jubel, als w\u00fcrden sie aus der Mode kommen. Tango noch ein bisschen mit VWELL.<\/p>\n","protected":false},"featured_media":83081,"comment_status":"open","ping_status":"closed","template":"","meta":[],"product_brand":[],"product_cat":[652,2977],"product_tag":[],"class_list":{"0":"post-83080","1":"product","2":"type-product","3":"status-publish","4":"has-post-thumbnail","6":"product_cat-erotik-markt-xxl","7":"product_cat-sexspielzeug","8":"pa_binding-badartikel","9":"pa_brand-intimd","10":"pa_manufacturer-intimd","12":"first","13":"instock","14":"shipping-taxable","15":"purchasable","16":"product-type-simple","17":"customify-col","18":"product-has-gallery"},"yoast_head":"<!-- This site is optimized with the Yoast SEO plugin v27.4 - https:\/\/yoast.com\/product\/yoast-seo-wordpress\/ -->\n<title>Silikon-Beckenboden-Muskel-Dilatator-\u00dcbungs-Trainer-Set von VWELL (komplettes 5-Kit-System) - Markt-XXL<\/title>\n<meta name=\"description\" content=\"Markt-XXL Silikon-Beckenboden-Muskel-Dilatator-\u00dcbungs-Trainer-Set von VWELL (komplettes 5-Kit-System)\" \/>\n<meta name=\"robots\" content=\"index, follow, max-snippet:-1, max-image-preview:large, max-video-preview:-1\" \/>\n<link rel=\"canonical\" href=\"https:\/\/marktxxl.de\/markt\/produkt\/silikon-beckenboden-kegel-dilatator-trainingstrainer-set-von-vwell-komplettes-5-kit-system\/\" \/>\n<meta property=\"og:locale\" content=\"de_DE\" \/>\n<meta property=\"og:type\" content=\"article\" \/>\n<meta property=\"og:title\" content=\"Silikon-Beckenboden-Muskel-Dilatator-\u00dcbungs-Trainer-Set von VWELL (komplettes 5-Kit-System) - Markt-XXL\" \/>\n<meta property=\"og:description\" content=\"Markt-XXL Silikon-Beckenboden-Muskel-Dilatator-\u00dcbungs-Trainer-Set von VWELL (komplettes 5-Kit-System)\" \/>\n<meta property=\"og:url\" content=\"https:\/\/marktxxl.de\/markt\/produkt\/silikon-beckenboden-kegel-dilatator-trainingstrainer-set-von-vwell-komplettes-5-kit-system\/\" \/>\n<meta property=\"og:site_name\" content=\"Markt-XXL\" \/>\n<meta property=\"article:modified_time\" content=\"2023-04-11T00:59:28+00:00\" \/>\n<meta property=\"og:image\" content=\"https:\/\/m.media-amazon.com\/images\/I\/41jb9C+ArOS._SL500_.jpg\" \/>\n\t<meta property=\"og:image:width\" content=\"500\" \/>\n\t<meta property=\"og:image:height\" content=\"500\" \/>\n\t<meta property=\"og:image:type\" content=\"image\/jpeg\" \/>\n<meta name=\"twitter:card\" content=\"summary_large_image\" \/>\n<meta name=\"twitter:label1\" content=\"Gesch\u00e4tzte Lesezeit\" \/>\n\t<meta name=\"twitter:data1\" content=\"1\u00a0Minute\" \/>\n<script type=\"application\/ld+json\" class=\"yoast-schema-graph\">{\"@context\":\"https:\\\/\\\/schema.org\",\"@graph\":[{\"@type\":\"WebPage\",\"@id\":\"https:\\\/\\\/marktxxl.de\\\/markt\\\/produkt\\\/silikon-beckenboden-kegel-dilatator-trainingstrainer-set-von-vwell-komplettes-5-kit-system\\\/\",\"url\":\"https:\\\/\\\/marktxxl.de\\\/markt\\\/produkt\\\/silikon-beckenboden-kegel-dilatator-trainingstrainer-set-von-vwell-komplettes-5-kit-system\\\/\",\"name\":\"Silikon-Beckenboden-Muskel-Dilatator-\u00dcbungs-Trainer-Set von VWELL (komplettes 5-Kit-System) - Markt-XXL\",\"isPartOf\":{\"@id\":\"https:\\\/\\\/marktxxl.de\\\/markt\\\/#website\"},\"primaryImageOfPage\":{\"@id\":\"https:\\\/\\\/marktxxl.de\\\/markt\\\/produkt\\\/silikon-beckenboden-kegel-dilatator-trainingstrainer-set-von-vwell-komplettes-5-kit-system\\\/#primaryimage\"},\"image\":{\"@id\":\"https:\\\/\\\/marktxxl.de\\\/markt\\\/produkt\\\/silikon-beckenboden-kegel-dilatator-trainingstrainer-set-von-vwell-komplettes-5-kit-system\\\/#primaryimage\"},\"thumbnailUrl\":\"https:\\\/\\\/m.media-amazon.com\\\/images\\\/I\\\/41jb9C+ArOS._SL500_.jpg\",\"datePublished\":\"2021-12-02T16:24:37+00:00\",\"dateModified\":\"2023-04-11T00:59:28+00:00\",\"description\":\"Markt-XXL Silikon-Beckenboden-Muskel-Dilatator-\u00dcbungs-Trainer-Set von VWELL (komplettes 5-Kit-System)\",\"breadcrumb\":{\"@id\":\"https:\\\/\\\/marktxxl.de\\\/markt\\\/produkt\\\/silikon-beckenboden-kegel-dilatator-trainingstrainer-set-von-vwell-komplettes-5-kit-system\\\/#breadcrumb\"},\"inLanguage\":\"de\",\"potentialAction\":[{\"@type\":\"ReadAction\",\"target\":[\"https:\\\/\\\/marktxxl.de\\\/markt\\\/produkt\\\/silikon-beckenboden-kegel-dilatator-trainingstrainer-set-von-vwell-komplettes-5-kit-system\\\/\"]}]},{\"@type\":\"ImageObject\",\"inLanguage\":\"de\",\"@id\":\"https:\\\/\\\/marktxxl.de\\\/markt\\\/produkt\\\/silikon-beckenboden-kegel-dilatator-trainingstrainer-set-von-vwell-komplettes-5-kit-system\\\/#primaryimage\",\"url\":\"https:\\\/\\\/m.media-amazon.com\\\/images\\\/I\\\/41jb9C+ArOS._SL500_.jpg\",\"contentUrl\":\"https:\\\/\\\/m.media-amazon.com\\\/images\\\/I\\\/41jb9C+ArOS._SL500_.jpg\",\"width\":500,\"height\":500},{\"@type\":\"BreadcrumbList\",\"@id\":\"https:\\\/\\\/marktxxl.de\\\/markt\\\/produkt\\\/silikon-beckenboden-kegel-dilatator-trainingstrainer-set-von-vwell-komplettes-5-kit-system\\\/#breadcrumb\",\"itemListElement\":[{\"@type\":\"ListItem\",\"position\":1,\"name\":\"Startseite\",\"item\":\"https:\\\/\\\/marktxxl.de\\\/markt\\\/\"},{\"@type\":\"ListItem\",\"position\":2,\"name\":\"Markt\",\"item\":\"https:\\\/\\\/marktxxl.de\\\/markt\\\/\"},{\"@type\":\"ListItem\",\"position\":3,\"name\":\"Silikon-Beckenboden-Muskel-Dilatator-\u00dcbungs-Trainer-Set von VWELL (komplettes 5-Kit-System)\"}]},{\"@type\":\"WebSite\",\"@id\":\"https:\\\/\\\/marktxxl.de\\\/markt\\\/#website\",\"url\":\"https:\\\/\\\/marktxxl.de\\\/markt\\\/\",\"name\":\"Markt-XXL\",\"description\":\"Ihr Markt Online\",\"publisher\":{\"@id\":\"https:\\\/\\\/marktxxl.de\\\/markt\\\/#organization\"},\"potentialAction\":[{\"@type\":\"SearchAction\",\"target\":{\"@type\":\"EntryPoint\",\"urlTemplate\":\"https:\\\/\\\/marktxxl.de\\\/markt\\\/?s={search_term_string}\"},\"query-input\":{\"@type\":\"PropertyValueSpecification\",\"valueRequired\":true,\"valueName\":\"search_term_string\"}}],\"inLanguage\":\"de\"},{\"@type\":\"Organization\",\"@id\":\"https:\\\/\\\/marktxxl.de\\\/markt\\\/#organization\",\"name\":\"Markt-XXL\",\"url\":\"https:\\\/\\\/marktxxl.de\\\/markt\\\/\",\"logo\":{\"@type\":\"ImageObject\",\"inLanguage\":\"de\",\"@id\":\"https:\\\/\\\/marktxxl.de\\\/markt\\\/#\\\/schema\\\/logo\\\/image\\\/\",\"url\":\"https:\\\/\\\/marktxxl.de\\\/markt\\\/wp-content\\\/uploads\\\/sites\\\/3\\\/2020\\\/12\\\/logo.png\",\"contentUrl\":\"https:\\\/\\\/marktxxl.de\\\/markt\\\/wp-content\\\/uploads\\\/sites\\\/3\\\/2020\\\/12\\\/logo.png\",\"width\":200,\"height\":70,\"caption\":\"Markt-XXL\"},\"image\":{\"@id\":\"https:\\\/\\\/marktxxl.de\\\/markt\\\/#\\\/schema\\\/logo\\\/image\\\/\"}}]}<\/script>\n<!-- \/ Yoast SEO plugin. -->","yoast_head_json":{"title":"Silikon-Beckenboden-Muskel-Dilatator-\u00dcbungs-Trainer-Set von VWELL (komplettes 5-Kit-System) - Markt-XXL","description":"Markt-XXL Silikon-Beckenboden-Muskel-Dilatator-\u00dcbungs-Trainer-Set von VWELL (komplettes 5-Kit-System)","robots":{"index":"index","follow":"follow","max-snippet":"max-snippet:-1","max-image-preview":"max-image-preview:large","max-video-preview":"max-video-preview:-1"},"canonical":"https:\/\/marktxxl.de\/markt\/produkt\/silikon-beckenboden-kegel-dilatator-trainingstrainer-set-von-vwell-komplettes-5-kit-system\/","og_locale":"de_DE","og_type":"article","og_title":"Silikon-Beckenboden-Muskel-Dilatator-\u00dcbungs-Trainer-Set von VWELL (komplettes 5-Kit-System) - Markt-XXL","og_description":"Markt-XXL Silikon-Beckenboden-Muskel-Dilatator-\u00dcbungs-Trainer-Set von VWELL (komplettes 5-Kit-System)","og_url":"https:\/\/marktxxl.de\/markt\/produkt\/silikon-beckenboden-kegel-dilatator-trainingstrainer-set-von-vwell-komplettes-5-kit-system\/","og_site_name":"Markt-XXL","article_modified_time":"2023-04-11T00:59:28+00:00","og_image":[{"width":500,"height":500,"url":"https:\/\/m.media-amazon.com\/images\/I\/41jb9C+ArOS._SL500_.jpg","type":"image\/jpeg"}],"twitter_card":"summary_large_image","twitter_misc":{"Gesch\u00e4tzte Lesezeit":"1\u00a0Minute"},"schema":{"@context":"https:\/\/schema.org","@graph":[{"@type":"WebPage","@id":"https:\/\/marktxxl.de\/markt\/produkt\/silikon-beckenboden-kegel-dilatator-trainingstrainer-set-von-vwell-komplettes-5-kit-system\/","url":"https:\/\/marktxxl.de\/markt\/produkt\/silikon-beckenboden-kegel-dilatator-trainingstrainer-set-von-vwell-komplettes-5-kit-system\/","name":"Silikon-Beckenboden-Muskel-Dilatator-\u00dcbungs-Trainer-Set von VWELL (komplettes 5-Kit-System) - Markt-XXL","isPartOf":{"@id":"https:\/\/marktxxl.de\/markt\/#website"},"primaryImageOfPage":{"@id":"https:\/\/marktxxl.de\/markt\/produkt\/silikon-beckenboden-kegel-dilatator-trainingstrainer-set-von-vwell-komplettes-5-kit-system\/#primaryimage"},"image":{"@id":"https:\/\/marktxxl.de\/markt\/produkt\/silikon-beckenboden-kegel-dilatator-trainingstrainer-set-von-vwell-komplettes-5-kit-system\/#primaryimage"},"thumbnailUrl":"https:\/\/m.media-amazon.com\/images\/I\/41jb9C+ArOS._SL500_.jpg","datePublished":"2021-12-02T16:24:37+00:00","dateModified":"2023-04-11T00:59:28+00:00","description":"Markt-XXL Silikon-Beckenboden-Muskel-Dilatator-\u00dcbungs-Trainer-Set von VWELL (komplettes 5-Kit-System)","breadcrumb":{"@id":"https:\/\/marktxxl.de\/markt\/produkt\/silikon-beckenboden-kegel-dilatator-trainingstrainer-set-von-vwell-komplettes-5-kit-system\/#breadcrumb"},"inLanguage":"de","potentialAction":[{"@type":"ReadAction","target":["https:\/\/marktxxl.de\/markt\/produkt\/silikon-beckenboden-kegel-dilatator-trainingstrainer-set-von-vwell-komplettes-5-kit-system\/"]}]},{"@type":"ImageObject","inLanguage":"de","@id":"https:\/\/marktxxl.de\/markt\/produkt\/silikon-beckenboden-kegel-dilatator-trainingstrainer-set-von-vwell-komplettes-5-kit-system\/#primaryimage","url":"https:\/\/m.media-amazon.com\/images\/I\/41jb9C+ArOS._SL500_.jpg","contentUrl":"https:\/\/m.media-amazon.com\/images\/I\/41jb9C+ArOS._SL500_.jpg","width":500,"height":500},{"@type":"BreadcrumbList","@id":"https:\/\/marktxxl.de\/markt\/produkt\/silikon-beckenboden-kegel-dilatator-trainingstrainer-set-von-vwell-komplettes-5-kit-system\/#breadcrumb","itemListElement":[{"@type":"ListItem","position":1,"name":"Startseite","item":"https:\/\/marktxxl.de\/markt\/"},{"@type":"ListItem","position":2,"name":"Markt","item":"https:\/\/marktxxl.de\/markt\/"},{"@type":"ListItem","position":3,"name":"Silikon-Beckenboden-Muskel-Dilatator-\u00dcbungs-Trainer-Set von VWELL (komplettes 5-Kit-System)"}]},{"@type":"WebSite","@id":"https:\/\/marktxxl.de\/markt\/#website","url":"https:\/\/marktxxl.de\/markt\/","name":"Markt-XXL","description":"Ihr Markt Online","publisher":{"@id":"https:\/\/marktxxl.de\/markt\/#organization"},"potentialAction":[{"@type":"SearchAction","target":{"@type":"EntryPoint","urlTemplate":"https:\/\/marktxxl.de\/markt\/?s={search_term_string}"},"query-input":{"@type":"PropertyValueSpecification","valueRequired":true,"valueName":"search_term_string"}}],"inLanguage":"de"},{"@type":"Organization","@id":"https:\/\/marktxxl.de\/markt\/#organization","name":"Markt-XXL","url":"https:\/\/marktxxl.de\/markt\/","logo":{"@type":"ImageObject","inLanguage":"de","@id":"https:\/\/marktxxl.de\/markt\/#\/schema\/logo\/image\/","url":"https:\/\/marktxxl.de\/markt\/wp-content\/uploads\/sites\/3\/2020\/12\/logo.png","contentUrl":"https:\/\/marktxxl.de\/markt\/wp-content\/uploads\/sites\/3\/2020\/12\/logo.png","width":200,"height":70,"caption":"Markt-XXL"},"image":{"@id":"https:\/\/marktxxl.de\/markt\/#\/schema\/logo\/image\/"}}]}},"_links":{"self":[{"href":"https:\/\/marktxxl.de\/markt\/wp-json\/wp\/v2\/product\/83080","targetHints":{"allow":["GET"]}}],"collection":[{"href":"https:\/\/marktxxl.de\/markt\/wp-json\/wp\/v2\/product"}],"about":[{"href":"https:\/\/marktxxl.de\/markt\/wp-json\/wp\/v2\/types\/product"}],"replies":[{"embeddable":true,"href":"https:\/\/marktxxl.de\/markt\/wp-json\/wp\/v2\/comments?post=83080"}],"wp:featuredmedia":[{"embeddable":true,"href":"https:\/\/marktxxl.de\/markt\/wp-json\/wp\/v2\/media\/83081"}],"wp:attachment":[{"href":"https:\/\/marktxxl.de\/markt\/wp-json\/wp\/v2\/media?parent=83080"}],"wp:term":[{"taxonomy":"product_brand","embeddable":true,"href":"https:\/\/marktxxl.de\/markt\/wp-json\/wp\/v2\/product_brand?post=83080"},{"taxonomy":"product_cat","embeddable":true,"href":"https:\/\/marktxxl.de\/markt\/wp-json\/wp\/v2\/product_cat?post=83080"},{"taxonomy":"product_tag","embeddable":true,"href":"https:\/\/marktxxl.de\/markt\/wp-json\/wp\/v2\/product_tag?post=83080"}],"curies":[{"name":"wp","href":"https:\/\/api.w.org\/{rel}","templated":true}]}}