{"id":82963,"date":"2021-12-02T17:10:01","date_gmt":"2021-12-02T16:10:01","guid":{"rendered":"https:\/\/marktxxl.de\/markt\/produkt\/5-stueck-3d-maskenhalterung-fuer-bequemes-atmen-wiederverwendbare-waschbare-maskeninnenstuetze-lichtdurchlaessige-kuehlhalterung-sport-zum-schutz-von-lippenstiften-halterung-fuer-mund-und-nase\/"},"modified":"2023-04-11T02:59:27","modified_gmt":"2023-04-11T00:59:27","slug":"5-stueck-3d-maskenhalterung-fuer-bequemes-atmen-wiederverwendbare-waschbare-maskeninnenstuetze-lichtdurchlaessige-kuehlhalterung-sport-zum-schutz-von-lippenstiften-halterung-fuer-mund-und-nase","status":"publish","type":"product","link":"https:\/\/marktxxl.de\/markt\/produkt\/5-stueck-3d-maskenhalterung-fuer-bequemes-atmen-wiederverwendbare-waschbare-maskeninnenstuetze-lichtdurchlaessige-kuehlhalterung-sport-zum-schutz-von-lippenstiften-halterung-fuer-mund-und-nase\/","title":{"rendered":"5 St\u00fcck 3D-Maskenhalterung f\u00fcr bequemes Atmen, wiederverwendbare waschbare Maskeninnenst\u00fctze, lichtdurchl\u00e4ssige\u2026"},"content":{"rendered":"<p>\u3010Hochwertige und sichere Materialien\u3011Unser interner St\u00fctzrahmen besteht aus hochwertigem PE-Material, das sicher und ungiftig ist, waschbar und wiederverwendbar ist. Die 3D Innenhalterung ist auch f\u00fcr alles geeignet.<br \/>\n\u3010Idealer Schutz\u3011 Die 3D-Gesichtsst\u00fctze ist ergonomisch, passt sich dem Gesicht und dem Mund perfekt an, klebt nicht Lippenstift, erweitert den Atemraum, hilft reibungslos zu atmen, sch\u00fctzt Ihr perfektes Make-up vor Verschmutzung. Wenn Sie eine Brille tragen, kann die 3D-Innenhalterung auch verhindern, dass die Linse aufgrund des Beschlagraums beschl\u00e4gt.<br \/>\nVielseitig einsetzbar: Geeignet f\u00fcr Krankenschwestern, Arbeiter, Kinder, M\u00e4nner, Frauen und alle anderen Familienmitglieder. Es ist ausreichend f\u00fcr Ihren t\u00e4glichen Gebrauch. Es ist auch ein praktisches Geschenk f\u00fcr jede enge Person in Ihrem Leben.<br \/>\n\u3010Ausreichende Menge\u3011: Unser Paket enth\u00e4lt 5 Maskenhalter, ausreichende Menge ist genug, um Ihre verschiedenen Bed\u00fcrfnisse zu erf\u00fcllen.<br \/>\n<div class=\"main-cross-sell\" data-asin=\"B08K8XVG6V\">\n\n\t<div class=\"WooZone-cross-sell-loader\">\n\t\t<div>\n\t\t\t<div id=\"floatingBarsG\">\n\t\t\t\t<div class=\"blockG\" id=\"rotateG_01\"><\/div>\n\t\t\t\t<div class=\"blockG\" id=\"rotateG_02\"><\/div>\n\t\t\t\t<div class=\"blockG\" id=\"rotateG_03\"><\/div>\n\t\t\t\t<div class=\"blockG\" id=\"rotateG_04\"><\/div>\n\t\t\t\t<div class=\"blockG\" id=\"rotateG_05\"><\/div>\n\t\t\t\t<div class=\"blockG\" id=\"rotateG_06\"><\/div>\n\t\t\t\t<div class=\"blockG\" id=\"rotateG_07\"><\/div>\n\t\t\t\t<div class=\"blockG\" id=\"rotateG_08\"><\/div>\n\t\t\t<\/div>\n\t\t\t<div class=\"WooZone-cross-sell-loader-text\"><\/div>\n\t\t<\/div>\n\t<\/div>\n\n\t\t\n<\/div>\n<div style=\"clear:both;\"><\/div><\/p>\n","protected":false},"excerpt":{"rendered":"<p>\u3010Hochwertige und sichere Materialien\u3011Unser interner St\u00fctzrahmen besteht aus hochwertigem PE-Material, das sicher und ungiftig ist, waschbar und wiederverwendbar ist. Die 3D Innenhalterung ist auch f\u00fcr alles geeignet.<br \/>\n\u3010Idealer Schutz\u3011 Die 3D-Gesichtsst\u00fctze ist ergonomisch, passt sich dem Gesicht und dem Mund perfekt an, klebt nicht Lippenstift, erweitert den Atemraum, hilft reibungslos zu atmen, sch\u00fctzt Ihr perfektes Make-up vor Verschmutzung. Wenn Sie eine Brille tragen, kann die 3D-Innenhalterung auch verhindern, dass die Linse aufgrund des Beschlagraums beschl\u00e4gt.<br \/>\nVielseitig einsetzbar: Geeignet f\u00fcr Krankenschwestern, Arbeiter, Kinder, M\u00e4nner, Frauen und alle anderen Familienmitglieder. Es ist ausreichend f\u00fcr Ihren t\u00e4glichen Gebrauch. Es ist auch ein praktisches Geschenk f\u00fcr jede enge Person in Ihrem Leben.<\/p>\n","protected":false},"featured_media":82964,"comment_status":"open","ping_status":"closed","template":"","meta":[],"product_brand":[],"product_cat":[652,3064],"product_tag":[],"class_list":{"0":"post-82963","1":"product","2":"type-product","3":"status-publish","4":"has-post-thumbnail","6":"product_cat-erotik-markt-xxl","7":"product_cat-fesseln-bondage","8":"pa_brand-elegant-yay","9":"pa_manufacturer-elegant-yay","11":"first","12":"instock","13":"shipping-taxable","14":"purchasable","15":"product-type-simple","16":"customify-col","17":"product-has-gallery"},"yoast_head":"<!-- This site is optimized with the Yoast SEO plugin v27.4 - https:\/\/yoast.com\/product\/yoast-seo-wordpress\/ -->\n<title>5 St\u00fcck 3D-Maskenhalterung f\u00fcr bequemes Atmen, wiederverwendbare waschbare Maskeninnenst\u00fctze, lichtdurchl\u00e4ssige\u2026 - Markt-XXL<\/title>\n<meta name=\"description\" content=\"Markt-XXL 5 St\u00fcck 3D-Maskenhalterung f\u00fcr bequemes Atmen, wiederverwendbare waschbare Maskeninnenst\u00fctze, lichtdurchl\u00e4ssige\u2026\" \/>\n<meta name=\"robots\" content=\"index, follow, max-snippet:-1, max-image-preview:large, max-video-preview:-1\" \/>\n<link rel=\"canonical\" href=\"https:\/\/marktxxl.de\/markt\/produkt\/5-stueck-3d-maskenhalterung-fuer-bequemes-atmen-wiederverwendbare-waschbare-maskeninnenstuetze-lichtdurchlaessige-kuehlhalterung-sport-zum-schutz-von-lippenstiften-halterung-fuer-mund-und-nase\/\" \/>\n<meta property=\"og:locale\" content=\"de_DE\" \/>\n<meta property=\"og:type\" content=\"article\" \/>\n<meta property=\"og:title\" content=\"5 St\u00fcck 3D-Maskenhalterung f\u00fcr bequemes Atmen, wiederverwendbare waschbare Maskeninnenst\u00fctze, lichtdurchl\u00e4ssige\u2026 - Markt-XXL\" \/>\n<meta property=\"og:description\" content=\"Markt-XXL 5 St\u00fcck 3D-Maskenhalterung f\u00fcr bequemes Atmen, wiederverwendbare waschbare Maskeninnenst\u00fctze, lichtdurchl\u00e4ssige\u2026\" \/>\n<meta property=\"og:url\" content=\"https:\/\/marktxxl.de\/markt\/produkt\/5-stueck-3d-maskenhalterung-fuer-bequemes-atmen-wiederverwendbare-waschbare-maskeninnenstuetze-lichtdurchlaessige-kuehlhalterung-sport-zum-schutz-von-lippenstiften-halterung-fuer-mund-und-nase\/\" \/>\n<meta property=\"og:site_name\" content=\"Markt-XXL\" \/>\n<meta property=\"article:modified_time\" content=\"2023-04-11T00:59:27+00:00\" \/>\n<meta property=\"og:image\" content=\"https:\/\/m.media-amazon.com\/images\/I\/41b-1GMP3FL._SL500_.jpg\" \/>\n\t<meta property=\"og:image:width\" content=\"500\" \/>\n\t<meta property=\"og:image:height\" content=\"499\" \/>\n\t<meta property=\"og:image:type\" content=\"image\/jpeg\" \/>\n<meta name=\"twitter:card\" content=\"summary_large_image\" \/>\n<meta name=\"twitter:label1\" content=\"Gesch\u00e4tzte Lesezeit\" \/>\n\t<meta name=\"twitter:data1\" content=\"1\u00a0Minute\" \/>\n<script type=\"application\/ld+json\" class=\"yoast-schema-graph\">{\"@context\":\"https:\\\/\\\/schema.org\",\"@graph\":[{\"@type\":\"WebPage\",\"@id\":\"https:\\\/\\\/marktxxl.de\\\/markt\\\/produkt\\\/5-stueck-3d-maskenhalterung-fuer-bequemes-atmen-wiederverwendbare-waschbare-maskeninnenstuetze-lichtdurchlaessige-kuehlhalterung-sport-zum-schutz-von-lippenstiften-halterung-fuer-mund-und-nase\\\/\",\"url\":\"https:\\\/\\\/marktxxl.de\\\/markt\\\/produkt\\\/5-stueck-3d-maskenhalterung-fuer-bequemes-atmen-wiederverwendbare-waschbare-maskeninnenstuetze-lichtdurchlaessige-kuehlhalterung-sport-zum-schutz-von-lippenstiften-halterung-fuer-mund-und-nase\\\/\",\"name\":\"5 St\u00fcck 3D-Maskenhalterung f\u00fcr bequemes Atmen, wiederverwendbare waschbare Maskeninnenst\u00fctze, lichtdurchl\u00e4ssige\u2026 - Markt-XXL\",\"isPartOf\":{\"@id\":\"https:\\\/\\\/marktxxl.de\\\/markt\\\/#website\"},\"primaryImageOfPage\":{\"@id\":\"https:\\\/\\\/marktxxl.de\\\/markt\\\/produkt\\\/5-stueck-3d-maskenhalterung-fuer-bequemes-atmen-wiederverwendbare-waschbare-maskeninnenstuetze-lichtdurchlaessige-kuehlhalterung-sport-zum-schutz-von-lippenstiften-halterung-fuer-mund-und-nase\\\/#primaryimage\"},\"image\":{\"@id\":\"https:\\\/\\\/marktxxl.de\\\/markt\\\/produkt\\\/5-stueck-3d-maskenhalterung-fuer-bequemes-atmen-wiederverwendbare-waschbare-maskeninnenstuetze-lichtdurchlaessige-kuehlhalterung-sport-zum-schutz-von-lippenstiften-halterung-fuer-mund-und-nase\\\/#primaryimage\"},\"thumbnailUrl\":\"https:\\\/\\\/m.media-amazon.com\\\/images\\\/I\\\/41b-1GMP3FL._SL500_.jpg\",\"datePublished\":\"2021-12-02T16:10:01+00:00\",\"dateModified\":\"2023-04-11T00:59:27+00:00\",\"description\":\"Markt-XXL 5 St\u00fcck 3D-Maskenhalterung f\u00fcr bequemes Atmen, wiederverwendbare waschbare Maskeninnenst\u00fctze, lichtdurchl\u00e4ssige\u2026\",\"breadcrumb\":{\"@id\":\"https:\\\/\\\/marktxxl.de\\\/markt\\\/produkt\\\/5-stueck-3d-maskenhalterung-fuer-bequemes-atmen-wiederverwendbare-waschbare-maskeninnenstuetze-lichtdurchlaessige-kuehlhalterung-sport-zum-schutz-von-lippenstiften-halterung-fuer-mund-und-nase\\\/#breadcrumb\"},\"inLanguage\":\"de\",\"potentialAction\":[{\"@type\":\"ReadAction\",\"target\":[\"https:\\\/\\\/marktxxl.de\\\/markt\\\/produkt\\\/5-stueck-3d-maskenhalterung-fuer-bequemes-atmen-wiederverwendbare-waschbare-maskeninnenstuetze-lichtdurchlaessige-kuehlhalterung-sport-zum-schutz-von-lippenstiften-halterung-fuer-mund-und-nase\\\/\"]}]},{\"@type\":\"ImageObject\",\"inLanguage\":\"de\",\"@id\":\"https:\\\/\\\/marktxxl.de\\\/markt\\\/produkt\\\/5-stueck-3d-maskenhalterung-fuer-bequemes-atmen-wiederverwendbare-waschbare-maskeninnenstuetze-lichtdurchlaessige-kuehlhalterung-sport-zum-schutz-von-lippenstiften-halterung-fuer-mund-und-nase\\\/#primaryimage\",\"url\":\"https:\\\/\\\/m.media-amazon.com\\\/images\\\/I\\\/41b-1GMP3FL._SL500_.jpg\",\"contentUrl\":\"https:\\\/\\\/m.media-amazon.com\\\/images\\\/I\\\/41b-1GMP3FL._SL500_.jpg\",\"width\":500,\"height\":499},{\"@type\":\"BreadcrumbList\",\"@id\":\"https:\\\/\\\/marktxxl.de\\\/markt\\\/produkt\\\/5-stueck-3d-maskenhalterung-fuer-bequemes-atmen-wiederverwendbare-waschbare-maskeninnenstuetze-lichtdurchlaessige-kuehlhalterung-sport-zum-schutz-von-lippenstiften-halterung-fuer-mund-und-nase\\\/#breadcrumb\",\"itemListElement\":[{\"@type\":\"ListItem\",\"position\":1,\"name\":\"Startseite\",\"item\":\"https:\\\/\\\/marktxxl.de\\\/markt\\\/\"},{\"@type\":\"ListItem\",\"position\":2,\"name\":\"Markt\",\"item\":\"https:\\\/\\\/marktxxl.de\\\/markt\\\/\"},{\"@type\":\"ListItem\",\"position\":3,\"name\":\"5 St\u00fcck 3D-Maskenhalterung f\u00fcr bequemes Atmen, wiederverwendbare waschbare Maskeninnenst\u00fctze, lichtdurchl\u00e4ssige\u2026\"}]},{\"@type\":\"WebSite\",\"@id\":\"https:\\\/\\\/marktxxl.de\\\/markt\\\/#website\",\"url\":\"https:\\\/\\\/marktxxl.de\\\/markt\\\/\",\"name\":\"Markt-XXL\",\"description\":\"Ihr Markt Online\",\"publisher\":{\"@id\":\"https:\\\/\\\/marktxxl.de\\\/markt\\\/#organization\"},\"potentialAction\":[{\"@type\":\"SearchAction\",\"target\":{\"@type\":\"EntryPoint\",\"urlTemplate\":\"https:\\\/\\\/marktxxl.de\\\/markt\\\/?s={search_term_string}\"},\"query-input\":{\"@type\":\"PropertyValueSpecification\",\"valueRequired\":true,\"valueName\":\"search_term_string\"}}],\"inLanguage\":\"de\"},{\"@type\":\"Organization\",\"@id\":\"https:\\\/\\\/marktxxl.de\\\/markt\\\/#organization\",\"name\":\"Markt-XXL\",\"url\":\"https:\\\/\\\/marktxxl.de\\\/markt\\\/\",\"logo\":{\"@type\":\"ImageObject\",\"inLanguage\":\"de\",\"@id\":\"https:\\\/\\\/marktxxl.de\\\/markt\\\/#\\\/schema\\\/logo\\\/image\\\/\",\"url\":\"https:\\\/\\\/marktxxl.de\\\/markt\\\/wp-content\\\/uploads\\\/sites\\\/3\\\/2020\\\/12\\\/logo.png\",\"contentUrl\":\"https:\\\/\\\/marktxxl.de\\\/markt\\\/wp-content\\\/uploads\\\/sites\\\/3\\\/2020\\\/12\\\/logo.png\",\"width\":200,\"height\":70,\"caption\":\"Markt-XXL\"},\"image\":{\"@id\":\"https:\\\/\\\/marktxxl.de\\\/markt\\\/#\\\/schema\\\/logo\\\/image\\\/\"}}]}<\/script>\n<!-- \/ Yoast SEO plugin. -->","yoast_head_json":{"title":"5 St\u00fcck 3D-Maskenhalterung f\u00fcr bequemes Atmen, wiederverwendbare waschbare Maskeninnenst\u00fctze, lichtdurchl\u00e4ssige\u2026 - Markt-XXL","description":"Markt-XXL 5 St\u00fcck 3D-Maskenhalterung f\u00fcr bequemes Atmen, wiederverwendbare waschbare Maskeninnenst\u00fctze, lichtdurchl\u00e4ssige\u2026","robots":{"index":"index","follow":"follow","max-snippet":"max-snippet:-1","max-image-preview":"max-image-preview:large","max-video-preview":"max-video-preview:-1"},"canonical":"https:\/\/marktxxl.de\/markt\/produkt\/5-stueck-3d-maskenhalterung-fuer-bequemes-atmen-wiederverwendbare-waschbare-maskeninnenstuetze-lichtdurchlaessige-kuehlhalterung-sport-zum-schutz-von-lippenstiften-halterung-fuer-mund-und-nase\/","og_locale":"de_DE","og_type":"article","og_title":"5 St\u00fcck 3D-Maskenhalterung f\u00fcr bequemes Atmen, wiederverwendbare waschbare Maskeninnenst\u00fctze, lichtdurchl\u00e4ssige\u2026 - Markt-XXL","og_description":"Markt-XXL 5 St\u00fcck 3D-Maskenhalterung f\u00fcr bequemes Atmen, wiederverwendbare waschbare Maskeninnenst\u00fctze, lichtdurchl\u00e4ssige\u2026","og_url":"https:\/\/marktxxl.de\/markt\/produkt\/5-stueck-3d-maskenhalterung-fuer-bequemes-atmen-wiederverwendbare-waschbare-maskeninnenstuetze-lichtdurchlaessige-kuehlhalterung-sport-zum-schutz-von-lippenstiften-halterung-fuer-mund-und-nase\/","og_site_name":"Markt-XXL","article_modified_time":"2023-04-11T00:59:27+00:00","og_image":[{"width":500,"height":499,"url":"https:\/\/m.media-amazon.com\/images\/I\/41b-1GMP3FL._SL500_.jpg","type":"image\/jpeg"}],"twitter_card":"summary_large_image","twitter_misc":{"Gesch\u00e4tzte Lesezeit":"1\u00a0Minute"},"schema":{"@context":"https:\/\/schema.org","@graph":[{"@type":"WebPage","@id":"https:\/\/marktxxl.de\/markt\/produkt\/5-stueck-3d-maskenhalterung-fuer-bequemes-atmen-wiederverwendbare-waschbare-maskeninnenstuetze-lichtdurchlaessige-kuehlhalterung-sport-zum-schutz-von-lippenstiften-halterung-fuer-mund-und-nase\/","url":"https:\/\/marktxxl.de\/markt\/produkt\/5-stueck-3d-maskenhalterung-fuer-bequemes-atmen-wiederverwendbare-waschbare-maskeninnenstuetze-lichtdurchlaessige-kuehlhalterung-sport-zum-schutz-von-lippenstiften-halterung-fuer-mund-und-nase\/","name":"5 St\u00fcck 3D-Maskenhalterung f\u00fcr bequemes Atmen, wiederverwendbare waschbare Maskeninnenst\u00fctze, lichtdurchl\u00e4ssige\u2026 - Markt-XXL","isPartOf":{"@id":"https:\/\/marktxxl.de\/markt\/#website"},"primaryImageOfPage":{"@id":"https:\/\/marktxxl.de\/markt\/produkt\/5-stueck-3d-maskenhalterung-fuer-bequemes-atmen-wiederverwendbare-waschbare-maskeninnenstuetze-lichtdurchlaessige-kuehlhalterung-sport-zum-schutz-von-lippenstiften-halterung-fuer-mund-und-nase\/#primaryimage"},"image":{"@id":"https:\/\/marktxxl.de\/markt\/produkt\/5-stueck-3d-maskenhalterung-fuer-bequemes-atmen-wiederverwendbare-waschbare-maskeninnenstuetze-lichtdurchlaessige-kuehlhalterung-sport-zum-schutz-von-lippenstiften-halterung-fuer-mund-und-nase\/#primaryimage"},"thumbnailUrl":"https:\/\/m.media-amazon.com\/images\/I\/41b-1GMP3FL._SL500_.jpg","datePublished":"2021-12-02T16:10:01+00:00","dateModified":"2023-04-11T00:59:27+00:00","description":"Markt-XXL 5 St\u00fcck 3D-Maskenhalterung f\u00fcr bequemes Atmen, wiederverwendbare waschbare Maskeninnenst\u00fctze, lichtdurchl\u00e4ssige\u2026","breadcrumb":{"@id":"https:\/\/marktxxl.de\/markt\/produkt\/5-stueck-3d-maskenhalterung-fuer-bequemes-atmen-wiederverwendbare-waschbare-maskeninnenstuetze-lichtdurchlaessige-kuehlhalterung-sport-zum-schutz-von-lippenstiften-halterung-fuer-mund-und-nase\/#breadcrumb"},"inLanguage":"de","potentialAction":[{"@type":"ReadAction","target":["https:\/\/marktxxl.de\/markt\/produkt\/5-stueck-3d-maskenhalterung-fuer-bequemes-atmen-wiederverwendbare-waschbare-maskeninnenstuetze-lichtdurchlaessige-kuehlhalterung-sport-zum-schutz-von-lippenstiften-halterung-fuer-mund-und-nase\/"]}]},{"@type":"ImageObject","inLanguage":"de","@id":"https:\/\/marktxxl.de\/markt\/produkt\/5-stueck-3d-maskenhalterung-fuer-bequemes-atmen-wiederverwendbare-waschbare-maskeninnenstuetze-lichtdurchlaessige-kuehlhalterung-sport-zum-schutz-von-lippenstiften-halterung-fuer-mund-und-nase\/#primaryimage","url":"https:\/\/m.media-amazon.com\/images\/I\/41b-1GMP3FL._SL500_.jpg","contentUrl":"https:\/\/m.media-amazon.com\/images\/I\/41b-1GMP3FL._SL500_.jpg","width":500,"height":499},{"@type":"BreadcrumbList","@id":"https:\/\/marktxxl.de\/markt\/produkt\/5-stueck-3d-maskenhalterung-fuer-bequemes-atmen-wiederverwendbare-waschbare-maskeninnenstuetze-lichtdurchlaessige-kuehlhalterung-sport-zum-schutz-von-lippenstiften-halterung-fuer-mund-und-nase\/#breadcrumb","itemListElement":[{"@type":"ListItem","position":1,"name":"Startseite","item":"https:\/\/marktxxl.de\/markt\/"},{"@type":"ListItem","position":2,"name":"Markt","item":"https:\/\/marktxxl.de\/markt\/"},{"@type":"ListItem","position":3,"name":"5 St\u00fcck 3D-Maskenhalterung f\u00fcr bequemes Atmen, wiederverwendbare waschbare Maskeninnenst\u00fctze, lichtdurchl\u00e4ssige\u2026"}]},{"@type":"WebSite","@id":"https:\/\/marktxxl.de\/markt\/#website","url":"https:\/\/marktxxl.de\/markt\/","name":"Markt-XXL","description":"Ihr Markt Online","publisher":{"@id":"https:\/\/marktxxl.de\/markt\/#organization"},"potentialAction":[{"@type":"SearchAction","target":{"@type":"EntryPoint","urlTemplate":"https:\/\/marktxxl.de\/markt\/?s={search_term_string}"},"query-input":{"@type":"PropertyValueSpecification","valueRequired":true,"valueName":"search_term_string"}}],"inLanguage":"de"},{"@type":"Organization","@id":"https:\/\/marktxxl.de\/markt\/#organization","name":"Markt-XXL","url":"https:\/\/marktxxl.de\/markt\/","logo":{"@type":"ImageObject","inLanguage":"de","@id":"https:\/\/marktxxl.de\/markt\/#\/schema\/logo\/image\/","url":"https:\/\/marktxxl.de\/markt\/wp-content\/uploads\/sites\/3\/2020\/12\/logo.png","contentUrl":"https:\/\/marktxxl.de\/markt\/wp-content\/uploads\/sites\/3\/2020\/12\/logo.png","width":200,"height":70,"caption":"Markt-XXL"},"image":{"@id":"https:\/\/marktxxl.de\/markt\/#\/schema\/logo\/image\/"}}]}},"_links":{"self":[{"href":"https:\/\/marktxxl.de\/markt\/wp-json\/wp\/v2\/product\/82963","targetHints":{"allow":["GET"]}}],"collection":[{"href":"https:\/\/marktxxl.de\/markt\/wp-json\/wp\/v2\/product"}],"about":[{"href":"https:\/\/marktxxl.de\/markt\/wp-json\/wp\/v2\/types\/product"}],"replies":[{"embeddable":true,"href":"https:\/\/marktxxl.de\/markt\/wp-json\/wp\/v2\/comments?post=82963"}],"wp:featuredmedia":[{"embeddable":true,"href":"https:\/\/marktxxl.de\/markt\/wp-json\/wp\/v2\/media\/82964"}],"wp:attachment":[{"href":"https:\/\/marktxxl.de\/markt\/wp-json\/wp\/v2\/media?parent=82963"}],"wp:term":[{"taxonomy":"product_brand","embeddable":true,"href":"https:\/\/marktxxl.de\/markt\/wp-json\/wp\/v2\/product_brand?post=82963"},{"taxonomy":"product_cat","embeddable":true,"href":"https:\/\/marktxxl.de\/markt\/wp-json\/wp\/v2\/product_cat?post=82963"},{"taxonomy":"product_tag","embeddable":true,"href":"https:\/\/marktxxl.de\/markt\/wp-json\/wp\/v2\/product_tag?post=82963"}],"curies":[{"name":"wp","href":"https:\/\/api.w.org\/{rel}","templated":true}]}}