{"id":82715,"date":"2021-11-25T19:30:50","date_gmt":"2021-11-25T18:30:50","guid":{"rendered":"https:\/\/marktxxl.de\/markt\/produkt\/myhappygoods-smudge-kit-raeucherset-weisser-salbei-weisser-salbei-mit-blumen-palo-santo-abalone-muschel-lange-feder-spirituelles-geschenk\/"},"modified":"2023-04-11T02:59:24","modified_gmt":"2023-04-11T00:59:24","slug":"myhappygoods-smudge-kit-raeucherset-weisser-salbei-weisser-salbei-mit-blumen-palo-santo-abalone-muschel-lange-feder-spirituelles-geschenk","status":"publish","type":"product","link":"https:\/\/marktxxl.de\/markt\/produkt\/myhappygoods-smudge-kit-raeucherset-weisser-salbei-weisser-salbei-mit-blumen-palo-santo-abalone-muschel-lange-feder-spirituelles-geschenk\/","title":{"rendered":"Premium R\u00e4ucherset I Weisser Salbei I Salbei r\u00e4uchern, Wei\u00dfer Salbei zum R\u00e4uchern, Palo Santo, Wei\u00dfer Salbei I GRO\u00dfE\u2026"},"content":{"rendered":"<p>\u2665 Energie &amp; Heilung: Das R\u00e4uchern von Heilkr\u00e4utern und H\u00f6lzern f\u00f6rdert die Selbstheilungskraft und setzt positive Energie frei. Besonders das verspr\u00fchen der \u00e4therischen \u00d6le steigert dein Wohlbefinden. Sehr beliebt ist das R\u00e4uchern bei Einzug in ein neues Zuhause, einer bevorstehenden Pr\u00fcfung und auch zur Aufl\u00f6sung von Bakterien in R\u00e4umen.<br \/>\n\u2665 Einzigartige R\u00e4uchermischung: Diese gro\u00dfe Smudge Kit Box beinhaltet eine ganz besondere Zusammenstellung von Heilkr\u00e4utern &amp; H\u00f6lzer f\u00fcr dein pers\u00f6nliches R\u00e4ucherritual. Inhalt: \u26181x Anleitung &amp; Affirmationen zum R\u00e4uchern auf Deutsch und Englisch. \u26181x Abalone Schale: 13-15 cm \u26182x Palo Santo \u26181x wei\u00dfer Salbei mit Trockenblumen<br \/>\n\u2665 Premium Qualit\u00e4t: Die R\u00e4ucherb\u00fcndel werden in Kalifornien in Handarbeit gefertigt und das zertifizierte Palo Santo Holz hat seinen Ursprung in Peru. Diese eignen sich ganz besonders f\u00fcr R\u00e4ucherzeremonien, die bei der indigenen Bev\u00f6lkerung schon seit Jahrhunderten praktiziert werden. \u2618 Ma\u00dfe: Palo Santo Holz &amp; Heilkr\u00e4uter Sticks sind ca. 10-12 cm lang.<br \/>\n\u2665 Perfektes Geschenk: Das energetische Hausreinigung Set ist das perfekte spirituelle Geschenk f\u00fcr Ihre Freunde oder Familie zu Weihnachten, Geburtstag oder Valentinstag.<br \/>\n\u2665 Zuverl\u00e4ssiger Kundenservice: Jederzeit VOLLST\u00c4NDIGE R\u00dcCKERSTATTUNG, ERSATZ oder UMTAUSCH. Unter info@myhappygoods.net sind wir f\u00fcr dich da! Danke das wir dich gl\u00fccklich machen d\u00fcrfen! Dein MyHappyGoods Team.<br \/>\n<div class=\"main-cross-sell\" data-asin=\"B08LSF36XD\">\n\n\t<div class=\"WooZone-cross-sell-loader\">\n\t\t<div>\n\t\t\t<div id=\"floatingBarsG\">\n\t\t\t\t<div class=\"blockG\" id=\"rotateG_01\"><\/div>\n\t\t\t\t<div class=\"blockG\" id=\"rotateG_02\"><\/div>\n\t\t\t\t<div class=\"blockG\" id=\"rotateG_03\"><\/div>\n\t\t\t\t<div class=\"blockG\" id=\"rotateG_04\"><\/div>\n\t\t\t\t<div class=\"blockG\" id=\"rotateG_05\"><\/div>\n\t\t\t\t<div class=\"blockG\" id=\"rotateG_06\"><\/div>\n\t\t\t\t<div class=\"blockG\" id=\"rotateG_07\"><\/div>\n\t\t\t\t<div class=\"blockG\" id=\"rotateG_08\"><\/div>\n\t\t\t<\/div>\n\t\t\t<div class=\"WooZone-cross-sell-loader-text\"><\/div>\n\t\t<\/div>\n\t<\/div>\n\n\t\t\n<\/div>\n<div style=\"clear:both;\"><\/div><\/p>\n","protected":false},"excerpt":{"rendered":"<p>\u2665 Energie &amp; Heilung: Das R\u00e4uchern von Heilkr\u00e4utern und H\u00f6lzern f\u00f6rdert die Selbstheilungskraft und setzt positive Energie frei. Besonders das verspr\u00fchen der \u00e4therischen \u00d6le steigert dein Wohlbefinden. Sehr beliebt ist das R\u00e4uchern bei Einzug in ein neues Zuhause, einer bevorstehenden Pr\u00fcfung und auch zur Aufl\u00f6sung von Bakterien in R\u00e4umen.<br \/>\n\u2665 Einzigartige R\u00e4uchermischung: Diese gro\u00dfe Smudge Kit Box beinhaltet eine ganz besondere Zusammenstellung von Heilkr\u00e4utern &amp; H\u00f6lzer f\u00fcr dein pers\u00f6nliches R\u00e4ucherritual. Inhalt: \u26181x Anleitung &amp; Affirmationen zum R\u00e4uchern auf Deutsch und Englisch. \u26181x Abalone Schale: 13-15 cm \u26182x Palo Santo \u26181x wei\u00dfer Salbei mit Trockenblumen<br \/>\n\u2665 Premium Qualit\u00e4t: Die R\u00e4ucherb\u00fcndel werden in Kalifornien in Handarbeit gefertigt und das zertifizierte Palo Santo Holz hat seinen Ursprung in Peru. Diese eignen sich ganz besonders f\u00fcr R\u00e4ucherzeremonien, die bei der indigenen Bev\u00f6lkerung schon seit Jahrhunderten praktiziert werden. \u2618 Ma\u00dfe: Palo Santo Holz &amp; Heilkr\u00e4uter Sticks sind ca. 10-12 cm lang.<\/p>\n","protected":false},"featured_media":82716,"comment_status":"open","ping_status":"closed","template":"","meta":[],"product_brand":[],"product_cat":[566,6496],"product_tag":[],"class_list":{"0":"post-82715","1":"product","2":"type-product","3":"status-publish","4":"has-post-thumbnail","6":"product_cat-drogerie-koerperpflege","7":"product_cat-wellness","8":"pa_brand-myhappygoods","9":"pa_manufacturer-myhappygoods","11":"first","12":"instock","13":"shipping-taxable","14":"purchasable","15":"product-type-simple","16":"customify-col","17":"product-has-gallery"},"yoast_head":"<!-- This site is optimized with the Yoast SEO plugin v27.4 - https:\/\/yoast.com\/product\/yoast-seo-wordpress\/ -->\n<title>Premium R\u00e4ucherset I Weisser Salbei I Salbei r\u00e4uchern, Wei\u00dfer Salbei zum R\u00e4uchern, Palo Santo, Wei\u00dfer Salbei I GRO\u00dfE\u2026 - Markt-XXL<\/title>\n<meta name=\"description\" content=\"Markt-XXL Premium R\u00e4ucherset I Weisser Salbei I Salbei r\u00e4uchern, Wei\u00dfer Salbei zum R\u00e4uchern, Palo Santo, Wei\u00dfer Salbei I GRO\u00dfE\u2026\" \/>\n<meta name=\"robots\" content=\"index, follow, max-snippet:-1, max-image-preview:large, max-video-preview:-1\" \/>\n<link rel=\"canonical\" href=\"https:\/\/marktxxl.de\/markt\/produkt\/myhappygoods-smudge-kit-raeucherset-weisser-salbei-weisser-salbei-mit-blumen-palo-santo-abalone-muschel-lange-feder-spirituelles-geschenk\/\" \/>\n<meta property=\"og:locale\" content=\"de_DE\" \/>\n<meta property=\"og:type\" content=\"article\" \/>\n<meta property=\"og:title\" content=\"Premium R\u00e4ucherset I Weisser Salbei I Salbei r\u00e4uchern, Wei\u00dfer Salbei zum R\u00e4uchern, Palo Santo, Wei\u00dfer Salbei I GRO\u00dfE\u2026 - Markt-XXL\" \/>\n<meta property=\"og:description\" content=\"Markt-XXL Premium R\u00e4ucherset I Weisser Salbei I Salbei r\u00e4uchern, Wei\u00dfer Salbei zum R\u00e4uchern, Palo Santo, Wei\u00dfer Salbei I GRO\u00dfE\u2026\" \/>\n<meta property=\"og:url\" content=\"https:\/\/marktxxl.de\/markt\/produkt\/myhappygoods-smudge-kit-raeucherset-weisser-salbei-weisser-salbei-mit-blumen-palo-santo-abalone-muschel-lange-feder-spirituelles-geschenk\/\" \/>\n<meta property=\"og:site_name\" content=\"Markt-XXL\" \/>\n<meta property=\"article:modified_time\" content=\"2023-04-11T00:59:24+00:00\" \/>\n<meta property=\"og:image\" content=\"https:\/\/m.media-amazon.com\/images\/I\/51OymEuLcaL._SL500_.jpg\" \/>\n\t<meta property=\"og:image:width\" content=\"500\" \/>\n\t<meta property=\"og:image:height\" content=\"500\" \/>\n\t<meta property=\"og:image:type\" content=\"image\/jpeg\" \/>\n<meta name=\"twitter:card\" content=\"summary_large_image\" \/>\n<meta name=\"twitter:label1\" content=\"Gesch\u00e4tzte Lesezeit\" \/>\n\t<meta name=\"twitter:data1\" content=\"1\u00a0Minute\" \/>\n<script type=\"application\/ld+json\" class=\"yoast-schema-graph\">{\"@context\":\"https:\\\/\\\/schema.org\",\"@graph\":[{\"@type\":\"WebPage\",\"@id\":\"https:\\\/\\\/marktxxl.de\\\/markt\\\/produkt\\\/myhappygoods-smudge-kit-raeucherset-weisser-salbei-weisser-salbei-mit-blumen-palo-santo-abalone-muschel-lange-feder-spirituelles-geschenk\\\/\",\"url\":\"https:\\\/\\\/marktxxl.de\\\/markt\\\/produkt\\\/myhappygoods-smudge-kit-raeucherset-weisser-salbei-weisser-salbei-mit-blumen-palo-santo-abalone-muschel-lange-feder-spirituelles-geschenk\\\/\",\"name\":\"Premium R\u00e4ucherset I Weisser Salbei I Salbei r\u00e4uchern, Wei\u00dfer Salbei zum R\u00e4uchern, Palo Santo, Wei\u00dfer Salbei I GRO\u00dfE\u2026 - Markt-XXL\",\"isPartOf\":{\"@id\":\"https:\\\/\\\/marktxxl.de\\\/markt\\\/#website\"},\"primaryImageOfPage\":{\"@id\":\"https:\\\/\\\/marktxxl.de\\\/markt\\\/produkt\\\/myhappygoods-smudge-kit-raeucherset-weisser-salbei-weisser-salbei-mit-blumen-palo-santo-abalone-muschel-lange-feder-spirituelles-geschenk\\\/#primaryimage\"},\"image\":{\"@id\":\"https:\\\/\\\/marktxxl.de\\\/markt\\\/produkt\\\/myhappygoods-smudge-kit-raeucherset-weisser-salbei-weisser-salbei-mit-blumen-palo-santo-abalone-muschel-lange-feder-spirituelles-geschenk\\\/#primaryimage\"},\"thumbnailUrl\":\"https:\\\/\\\/m.media-amazon.com\\\/images\\\/I\\\/51OymEuLcaL._SL500_.jpg\",\"datePublished\":\"2021-11-25T18:30:50+00:00\",\"dateModified\":\"2023-04-11T00:59:24+00:00\",\"description\":\"Markt-XXL Premium R\u00e4ucherset I Weisser Salbei I Salbei r\u00e4uchern, Wei\u00dfer Salbei zum R\u00e4uchern, Palo Santo, Wei\u00dfer Salbei I GRO\u00dfE\u2026\",\"breadcrumb\":{\"@id\":\"https:\\\/\\\/marktxxl.de\\\/markt\\\/produkt\\\/myhappygoods-smudge-kit-raeucherset-weisser-salbei-weisser-salbei-mit-blumen-palo-santo-abalone-muschel-lange-feder-spirituelles-geschenk\\\/#breadcrumb\"},\"inLanguage\":\"de\",\"potentialAction\":[{\"@type\":\"ReadAction\",\"target\":[\"https:\\\/\\\/marktxxl.de\\\/markt\\\/produkt\\\/myhappygoods-smudge-kit-raeucherset-weisser-salbei-weisser-salbei-mit-blumen-palo-santo-abalone-muschel-lange-feder-spirituelles-geschenk\\\/\"]}]},{\"@type\":\"ImageObject\",\"inLanguage\":\"de\",\"@id\":\"https:\\\/\\\/marktxxl.de\\\/markt\\\/produkt\\\/myhappygoods-smudge-kit-raeucherset-weisser-salbei-weisser-salbei-mit-blumen-palo-santo-abalone-muschel-lange-feder-spirituelles-geschenk\\\/#primaryimage\",\"url\":\"https:\\\/\\\/m.media-amazon.com\\\/images\\\/I\\\/51OymEuLcaL._SL500_.jpg\",\"contentUrl\":\"https:\\\/\\\/m.media-amazon.com\\\/images\\\/I\\\/51OymEuLcaL._SL500_.jpg\",\"width\":500,\"height\":500},{\"@type\":\"BreadcrumbList\",\"@id\":\"https:\\\/\\\/marktxxl.de\\\/markt\\\/produkt\\\/myhappygoods-smudge-kit-raeucherset-weisser-salbei-weisser-salbei-mit-blumen-palo-santo-abalone-muschel-lange-feder-spirituelles-geschenk\\\/#breadcrumb\",\"itemListElement\":[{\"@type\":\"ListItem\",\"position\":1,\"name\":\"Startseite\",\"item\":\"https:\\\/\\\/marktxxl.de\\\/markt\\\/\"},{\"@type\":\"ListItem\",\"position\":2,\"name\":\"Markt\",\"item\":\"https:\\\/\\\/marktxxl.de\\\/markt\\\/\"},{\"@type\":\"ListItem\",\"position\":3,\"name\":\"Premium R\u00e4ucherset I Weisser Salbei I Salbei r\u00e4uchern, Wei\u00dfer Salbei zum R\u00e4uchern, Palo Santo, Wei\u00dfer Salbei I GRO\u00dfE\u2026\"}]},{\"@type\":\"WebSite\",\"@id\":\"https:\\\/\\\/marktxxl.de\\\/markt\\\/#website\",\"url\":\"https:\\\/\\\/marktxxl.de\\\/markt\\\/\",\"name\":\"Markt-XXL\",\"description\":\"Ihr Markt Online\",\"publisher\":{\"@id\":\"https:\\\/\\\/marktxxl.de\\\/markt\\\/#organization\"},\"potentialAction\":[{\"@type\":\"SearchAction\",\"target\":{\"@type\":\"EntryPoint\",\"urlTemplate\":\"https:\\\/\\\/marktxxl.de\\\/markt\\\/?s={search_term_string}\"},\"query-input\":{\"@type\":\"PropertyValueSpecification\",\"valueRequired\":true,\"valueName\":\"search_term_string\"}}],\"inLanguage\":\"de\"},{\"@type\":\"Organization\",\"@id\":\"https:\\\/\\\/marktxxl.de\\\/markt\\\/#organization\",\"name\":\"Markt-XXL\",\"url\":\"https:\\\/\\\/marktxxl.de\\\/markt\\\/\",\"logo\":{\"@type\":\"ImageObject\",\"inLanguage\":\"de\",\"@id\":\"https:\\\/\\\/marktxxl.de\\\/markt\\\/#\\\/schema\\\/logo\\\/image\\\/\",\"url\":\"https:\\\/\\\/marktxxl.de\\\/markt\\\/wp-content\\\/uploads\\\/sites\\\/3\\\/2020\\\/12\\\/logo.png\",\"contentUrl\":\"https:\\\/\\\/marktxxl.de\\\/markt\\\/wp-content\\\/uploads\\\/sites\\\/3\\\/2020\\\/12\\\/logo.png\",\"width\":200,\"height\":70,\"caption\":\"Markt-XXL\"},\"image\":{\"@id\":\"https:\\\/\\\/marktxxl.de\\\/markt\\\/#\\\/schema\\\/logo\\\/image\\\/\"}}]}<\/script>\n<!-- \/ Yoast SEO plugin. -->","yoast_head_json":{"title":"Premium R\u00e4ucherset I Weisser Salbei I Salbei r\u00e4uchern, Wei\u00dfer Salbei zum R\u00e4uchern, Palo Santo, Wei\u00dfer Salbei I GRO\u00dfE\u2026 - Markt-XXL","description":"Markt-XXL Premium R\u00e4ucherset I Weisser Salbei I Salbei r\u00e4uchern, Wei\u00dfer Salbei zum R\u00e4uchern, Palo Santo, Wei\u00dfer Salbei I GRO\u00dfE\u2026","robots":{"index":"index","follow":"follow","max-snippet":"max-snippet:-1","max-image-preview":"max-image-preview:large","max-video-preview":"max-video-preview:-1"},"canonical":"https:\/\/marktxxl.de\/markt\/produkt\/myhappygoods-smudge-kit-raeucherset-weisser-salbei-weisser-salbei-mit-blumen-palo-santo-abalone-muschel-lange-feder-spirituelles-geschenk\/","og_locale":"de_DE","og_type":"article","og_title":"Premium R\u00e4ucherset I Weisser Salbei I Salbei r\u00e4uchern, Wei\u00dfer Salbei zum R\u00e4uchern, Palo Santo, Wei\u00dfer Salbei I GRO\u00dfE\u2026 - Markt-XXL","og_description":"Markt-XXL Premium R\u00e4ucherset I Weisser Salbei I Salbei r\u00e4uchern, Wei\u00dfer Salbei zum R\u00e4uchern, Palo Santo, Wei\u00dfer Salbei I GRO\u00dfE\u2026","og_url":"https:\/\/marktxxl.de\/markt\/produkt\/myhappygoods-smudge-kit-raeucherset-weisser-salbei-weisser-salbei-mit-blumen-palo-santo-abalone-muschel-lange-feder-spirituelles-geschenk\/","og_site_name":"Markt-XXL","article_modified_time":"2023-04-11T00:59:24+00:00","og_image":[{"width":500,"height":500,"url":"https:\/\/m.media-amazon.com\/images\/I\/51OymEuLcaL._SL500_.jpg","type":"image\/jpeg"}],"twitter_card":"summary_large_image","twitter_misc":{"Gesch\u00e4tzte Lesezeit":"1\u00a0Minute"},"schema":{"@context":"https:\/\/schema.org","@graph":[{"@type":"WebPage","@id":"https:\/\/marktxxl.de\/markt\/produkt\/myhappygoods-smudge-kit-raeucherset-weisser-salbei-weisser-salbei-mit-blumen-palo-santo-abalone-muschel-lange-feder-spirituelles-geschenk\/","url":"https:\/\/marktxxl.de\/markt\/produkt\/myhappygoods-smudge-kit-raeucherset-weisser-salbei-weisser-salbei-mit-blumen-palo-santo-abalone-muschel-lange-feder-spirituelles-geschenk\/","name":"Premium R\u00e4ucherset I Weisser Salbei I Salbei r\u00e4uchern, Wei\u00dfer Salbei zum R\u00e4uchern, Palo Santo, Wei\u00dfer Salbei I GRO\u00dfE\u2026 - Markt-XXL","isPartOf":{"@id":"https:\/\/marktxxl.de\/markt\/#website"},"primaryImageOfPage":{"@id":"https:\/\/marktxxl.de\/markt\/produkt\/myhappygoods-smudge-kit-raeucherset-weisser-salbei-weisser-salbei-mit-blumen-palo-santo-abalone-muschel-lange-feder-spirituelles-geschenk\/#primaryimage"},"image":{"@id":"https:\/\/marktxxl.de\/markt\/produkt\/myhappygoods-smudge-kit-raeucherset-weisser-salbei-weisser-salbei-mit-blumen-palo-santo-abalone-muschel-lange-feder-spirituelles-geschenk\/#primaryimage"},"thumbnailUrl":"https:\/\/m.media-amazon.com\/images\/I\/51OymEuLcaL._SL500_.jpg","datePublished":"2021-11-25T18:30:50+00:00","dateModified":"2023-04-11T00:59:24+00:00","description":"Markt-XXL Premium R\u00e4ucherset I Weisser Salbei I Salbei r\u00e4uchern, Wei\u00dfer Salbei zum R\u00e4uchern, Palo Santo, Wei\u00dfer Salbei I GRO\u00dfE\u2026","breadcrumb":{"@id":"https:\/\/marktxxl.de\/markt\/produkt\/myhappygoods-smudge-kit-raeucherset-weisser-salbei-weisser-salbei-mit-blumen-palo-santo-abalone-muschel-lange-feder-spirituelles-geschenk\/#breadcrumb"},"inLanguage":"de","potentialAction":[{"@type":"ReadAction","target":["https:\/\/marktxxl.de\/markt\/produkt\/myhappygoods-smudge-kit-raeucherset-weisser-salbei-weisser-salbei-mit-blumen-palo-santo-abalone-muschel-lange-feder-spirituelles-geschenk\/"]}]},{"@type":"ImageObject","inLanguage":"de","@id":"https:\/\/marktxxl.de\/markt\/produkt\/myhappygoods-smudge-kit-raeucherset-weisser-salbei-weisser-salbei-mit-blumen-palo-santo-abalone-muschel-lange-feder-spirituelles-geschenk\/#primaryimage","url":"https:\/\/m.media-amazon.com\/images\/I\/51OymEuLcaL._SL500_.jpg","contentUrl":"https:\/\/m.media-amazon.com\/images\/I\/51OymEuLcaL._SL500_.jpg","width":500,"height":500},{"@type":"BreadcrumbList","@id":"https:\/\/marktxxl.de\/markt\/produkt\/myhappygoods-smudge-kit-raeucherset-weisser-salbei-weisser-salbei-mit-blumen-palo-santo-abalone-muschel-lange-feder-spirituelles-geschenk\/#breadcrumb","itemListElement":[{"@type":"ListItem","position":1,"name":"Startseite","item":"https:\/\/marktxxl.de\/markt\/"},{"@type":"ListItem","position":2,"name":"Markt","item":"https:\/\/marktxxl.de\/markt\/"},{"@type":"ListItem","position":3,"name":"Premium R\u00e4ucherset I Weisser Salbei I Salbei r\u00e4uchern, Wei\u00dfer Salbei zum R\u00e4uchern, Palo Santo, Wei\u00dfer Salbei I GRO\u00dfE\u2026"}]},{"@type":"WebSite","@id":"https:\/\/marktxxl.de\/markt\/#website","url":"https:\/\/marktxxl.de\/markt\/","name":"Markt-XXL","description":"Ihr Markt Online","publisher":{"@id":"https:\/\/marktxxl.de\/markt\/#organization"},"potentialAction":[{"@type":"SearchAction","target":{"@type":"EntryPoint","urlTemplate":"https:\/\/marktxxl.de\/markt\/?s={search_term_string}"},"query-input":{"@type":"PropertyValueSpecification","valueRequired":true,"valueName":"search_term_string"}}],"inLanguage":"de"},{"@type":"Organization","@id":"https:\/\/marktxxl.de\/markt\/#organization","name":"Markt-XXL","url":"https:\/\/marktxxl.de\/markt\/","logo":{"@type":"ImageObject","inLanguage":"de","@id":"https:\/\/marktxxl.de\/markt\/#\/schema\/logo\/image\/","url":"https:\/\/marktxxl.de\/markt\/wp-content\/uploads\/sites\/3\/2020\/12\/logo.png","contentUrl":"https:\/\/marktxxl.de\/markt\/wp-content\/uploads\/sites\/3\/2020\/12\/logo.png","width":200,"height":70,"caption":"Markt-XXL"},"image":{"@id":"https:\/\/marktxxl.de\/markt\/#\/schema\/logo\/image\/"}}]}},"_links":{"self":[{"href":"https:\/\/marktxxl.de\/markt\/wp-json\/wp\/v2\/product\/82715","targetHints":{"allow":["GET"]}}],"collection":[{"href":"https:\/\/marktxxl.de\/markt\/wp-json\/wp\/v2\/product"}],"about":[{"href":"https:\/\/marktxxl.de\/markt\/wp-json\/wp\/v2\/types\/product"}],"replies":[{"embeddable":true,"href":"https:\/\/marktxxl.de\/markt\/wp-json\/wp\/v2\/comments?post=82715"}],"wp:featuredmedia":[{"embeddable":true,"href":"https:\/\/marktxxl.de\/markt\/wp-json\/wp\/v2\/media\/82716"}],"wp:attachment":[{"href":"https:\/\/marktxxl.de\/markt\/wp-json\/wp\/v2\/media?parent=82715"}],"wp:term":[{"taxonomy":"product_brand","embeddable":true,"href":"https:\/\/marktxxl.de\/markt\/wp-json\/wp\/v2\/product_brand?post=82715"},{"taxonomy":"product_cat","embeddable":true,"href":"https:\/\/marktxxl.de\/markt\/wp-json\/wp\/v2\/product_cat?post=82715"},{"taxonomy":"product_tag","embeddable":true,"href":"https:\/\/marktxxl.de\/markt\/wp-json\/wp\/v2\/product_tag?post=82715"}],"curies":[{"name":"wp","href":"https:\/\/api.w.org\/{rel}","templated":true}]}}