{"id":82441,"date":"2021-11-25T19:15:53","date_gmt":"2021-11-25T18:15:53","guid":{"rendered":"https:\/\/marktxxl.de\/markt\/produkt\/ekupuz-massagepistole-mit-6-massagekoepfen-und-30-einstellbaren-geschwindigkeiten-massagegeraet-fuer-nacken-ruecken-schulter\/"},"modified":"2023-04-11T02:59:18","modified_gmt":"2023-04-11T00:59:18","slug":"ekupuz-massagepistole-mit-6-massagekoepfen-und-30-einstellbaren-geschwindigkeiten-massagegeraet-fuer-nacken-ruecken-schulter","status":"publish","type":"product","link":"https:\/\/marktxxl.de\/markt\/produkt\/ekupuz-massagepistole-mit-6-massagekoepfen-und-30-einstellbaren-geschwindigkeiten-massagegeraet-fuer-nacken-ruecken-schulter\/","title":{"rendered":"EKUPUZ Massagepistole mit 6 Massagek\u00f6pfen und 30 Einstellbaren Geschwindigkeiten, Massageger\u00e4t f\u00fcr Nacken, R\u00fccken\u2026"},"content":{"rendered":"<p>\u301030 Einstellbare Geschwindigkeit\u3011: Der Motor mit hohem Drehmoment f\u00e4hrt 1200 bis 3300 Mal pro Minute und erreicht Ihr Gewebe bis zu 14 mm tief, um die seine Faszien (Bindegewebe) zu lockern, es hilft sehr bei der Muskelentspannung, insbesondere um steife und saure Schmerzen in den Muskeln loszuwerden. Sie k\u00f6nnen eine bevorzugte Geschwindigkeit f\u00fcr Ihre t\u00e4gliche Massage oder Entspannung nach dem Training w\u00e4hlen.<br \/>\n\u30106 Austauschbare Massagek\u00f6pfen\u3011: EKUPUZ Massagepistole ist mit 6 unterschiedlich geformten Massagek\u00f6pfen ausgestattet, die unterschiedlichen Aufs\u00e4tze eignet sie gut f\u00fcr unterschiedliche Muskelgruppen geeignet, und bieten Sie eine gezielte Behandlung f\u00fcr eine schnelle Genesung. Einfache und schnell zu zerlegende Massagek\u00f6pfe in Sekunden.<br \/>\n\u3010Lange Akkulaufzeit und LCD-Touchscreen\u3011: Mit einem hochwertigen Lithium-Akku mit 2400 mAh ausgestattet, das Massage Gun kann ca. 4-6 Stunden nach dem Aufladen weiterarbeiten. LCD-Touch-Display-Steuerung, Sie das Massageger\u00e4t problemlos verwenden und k\u00f6nnen intuitiv die verbleibende Strommenge und die Geschwindigkeitsstufe ablesen.<br \/>\n\u3010Fortschrittliche Ger\u00e4uschreduzierungstechnologie\u3011: Das EKUPUZ Muskel massageger\u00e4t verf\u00fcgt \u00fcber eine fortschrittlicher Technologie und dem ungeb\u00fcrsteten Elektromotor mit hohem Drehmoment werden, die eine hohe Leistung bei geringem Ger\u00e4usch bietet. Es st\u00f6rt andere nicht, wenn es im B\u00fcro oder im Fitnessstudio verwendet wird.<br \/>\n\u3010Tragbares Design\u3011: Der ergonomisch geformte Griff minimiert \u00e4u\u00dfere Vibrationen und der haltbare rutschfeste Silikongriff erleichtert das Halten des Massageger\u00e4ts. Und wird mit einem praktischer tragekoffer, um alle Teile in einwandfreiem Zustand zu halten und es auf Reisen tragbarer zu machen.<br \/>\n<div class=\"main-cross-sell\" data-asin=\"B092MGC2XQ\">\n\n\t<div class=\"WooZone-cross-sell-loader\">\n\t\t<div>\n\t\t\t<div id=\"floatingBarsG\">\n\t\t\t\t<div class=\"blockG\" id=\"rotateG_01\"><\/div>\n\t\t\t\t<div class=\"blockG\" id=\"rotateG_02\"><\/div>\n\t\t\t\t<div class=\"blockG\" id=\"rotateG_03\"><\/div>\n\t\t\t\t<div class=\"blockG\" id=\"rotateG_04\"><\/div>\n\t\t\t\t<div class=\"blockG\" id=\"rotateG_05\"><\/div>\n\t\t\t\t<div class=\"blockG\" id=\"rotateG_06\"><\/div>\n\t\t\t\t<div class=\"blockG\" id=\"rotateG_07\"><\/div>\n\t\t\t\t<div class=\"blockG\" id=\"rotateG_08\"><\/div>\n\t\t\t<\/div>\n\t\t\t<div class=\"WooZone-cross-sell-loader-text\"><\/div>\n\t\t<\/div>\n\t<\/div>\n\n\t\t\n<\/div>\n<div style=\"clear:both;\"><\/div><\/p>\n","protected":false},"excerpt":{"rendered":"<p>\u301030 Einstellbare Geschwindigkeit\u3011: Der Motor mit hohem Drehmoment f\u00e4hrt 1200 bis 3300 Mal pro Minute und erreicht Ihr Gewebe bis zu 14 mm tief, um die seine Faszien (Bindegewebe) zu lockern, es hilft sehr bei der Muskelentspannung, insbesondere um steife und saure Schmerzen in den Muskeln loszuwerden. Sie k\u00f6nnen eine bevorzugte Geschwindigkeit f\u00fcr Ihre t\u00e4gliche Massage oder Entspannung nach dem Training w\u00e4hlen.<br \/>\n\u30106 Austauschbare Massagek\u00f6pfen\u3011: EKUPUZ Massagepistole ist mit 6 unterschiedlich geformten Massagek\u00f6pfen ausgestattet, die unterschiedlichen Aufs\u00e4tze eignet sie gut f\u00fcr unterschiedliche Muskelgruppen geeignet, und bieten Sie eine gezielte Behandlung f\u00fcr eine schnelle Genesung. Einfache und schnell zu zerlegende Massagek\u00f6pfe in Sekunden.<br \/>\n\u3010Lange Akkulaufzeit und LCD-Touchscreen\u3011: Mit einem hochwertigen Lithium-Akku mit 2400 mAh ausgestattet, das Massage Gun kann ca. 4-6 Stunden nach dem Aufladen weiterarbeiten. LCD-Touch-Display-Steuerung, Sie das Massageger\u00e4t problemlos verwenden und k\u00f6nnen intuitiv die verbleibende Strommenge und die Geschwindigkeitsstufe ablesen.<\/p>\n","protected":false},"featured_media":82442,"comment_status":"open","ping_status":"closed","template":"","meta":[],"product_brand":[],"product_cat":[566,6496],"product_tag":[],"class_list":{"0":"post-82441","1":"product","2":"type-product","3":"status-publish","4":"has-post-thumbnail","6":"product_cat-drogerie-koerperpflege","7":"product_cat-wellness","8":"pa_binding-badartikel","9":"pa_brand-ekupuz","10":"pa_color-grau","11":"pa_manufacturer-ekupuz","12":"pa_model-w005","14":"first","15":"instock","16":"shipping-taxable","17":"purchasable","18":"product-type-simple","19":"customify-col","20":"product-has-gallery"},"yoast_head":"<!-- This site is optimized with the Yoast SEO plugin v27.4 - https:\/\/yoast.com\/product\/yoast-seo-wordpress\/ -->\n<title>EKUPUZ Massagepistole mit 6 Massagek\u00f6pfen und 30 Einstellbaren Geschwindigkeiten, Massageger\u00e4t f\u00fcr Nacken, R\u00fccken\u2026 - Markt-XXL<\/title>\n<meta name=\"description\" content=\"Markt-XXL EKUPUZ Massagepistole mit 6 Massagek\u00f6pfen und 30 Einstellbaren Geschwindigkeiten, Massageger\u00e4t f\u00fcr Nacken, R\u00fccken\u2026\" \/>\n<meta name=\"robots\" content=\"index, follow, max-snippet:-1, max-image-preview:large, max-video-preview:-1\" \/>\n<link rel=\"canonical\" href=\"https:\/\/marktxxl.de\/markt\/produkt\/ekupuz-massagepistole-mit-6-massagekoepfen-und-30-einstellbaren-geschwindigkeiten-massagegeraet-fuer-nacken-ruecken-schulter\/\" \/>\n<meta property=\"og:locale\" content=\"de_DE\" \/>\n<meta property=\"og:type\" content=\"article\" \/>\n<meta property=\"og:title\" content=\"EKUPUZ Massagepistole mit 6 Massagek\u00f6pfen und 30 Einstellbaren Geschwindigkeiten, Massageger\u00e4t f\u00fcr Nacken, R\u00fccken\u2026 - Markt-XXL\" \/>\n<meta property=\"og:description\" content=\"Markt-XXL EKUPUZ Massagepistole mit 6 Massagek\u00f6pfen und 30 Einstellbaren Geschwindigkeiten, Massageger\u00e4t f\u00fcr Nacken, R\u00fccken\u2026\" \/>\n<meta property=\"og:url\" content=\"https:\/\/marktxxl.de\/markt\/produkt\/ekupuz-massagepistole-mit-6-massagekoepfen-und-30-einstellbaren-geschwindigkeiten-massagegeraet-fuer-nacken-ruecken-schulter\/\" \/>\n<meta property=\"og:site_name\" content=\"Markt-XXL\" \/>\n<meta property=\"article:modified_time\" content=\"2023-04-11T00:59:18+00:00\" \/>\n<meta property=\"og:image\" content=\"https:\/\/m.media-amazon.com\/images\/I\/41F3+GcAsLS._SL500_.jpg\" \/>\n\t<meta property=\"og:image:width\" content=\"500\" \/>\n\t<meta property=\"og:image:height\" content=\"500\" \/>\n\t<meta property=\"og:image:type\" content=\"image\/jpeg\" \/>\n<meta name=\"twitter:card\" content=\"summary_large_image\" \/>\n<meta name=\"twitter:label1\" content=\"Gesch\u00e4tzte Lesezeit\" \/>\n\t<meta name=\"twitter:data1\" content=\"1\u00a0Minute\" \/>\n<script type=\"application\/ld+json\" class=\"yoast-schema-graph\">{\"@context\":\"https:\\\/\\\/schema.org\",\"@graph\":[{\"@type\":\"WebPage\",\"@id\":\"https:\\\/\\\/marktxxl.de\\\/markt\\\/produkt\\\/ekupuz-massagepistole-mit-6-massagekoepfen-und-30-einstellbaren-geschwindigkeiten-massagegeraet-fuer-nacken-ruecken-schulter\\\/\",\"url\":\"https:\\\/\\\/marktxxl.de\\\/markt\\\/produkt\\\/ekupuz-massagepistole-mit-6-massagekoepfen-und-30-einstellbaren-geschwindigkeiten-massagegeraet-fuer-nacken-ruecken-schulter\\\/\",\"name\":\"EKUPUZ Massagepistole mit 6 Massagek\u00f6pfen und 30 Einstellbaren Geschwindigkeiten, Massageger\u00e4t f\u00fcr Nacken, R\u00fccken\u2026 - Markt-XXL\",\"isPartOf\":{\"@id\":\"https:\\\/\\\/marktxxl.de\\\/markt\\\/#website\"},\"primaryImageOfPage\":{\"@id\":\"https:\\\/\\\/marktxxl.de\\\/markt\\\/produkt\\\/ekupuz-massagepistole-mit-6-massagekoepfen-und-30-einstellbaren-geschwindigkeiten-massagegeraet-fuer-nacken-ruecken-schulter\\\/#primaryimage\"},\"image\":{\"@id\":\"https:\\\/\\\/marktxxl.de\\\/markt\\\/produkt\\\/ekupuz-massagepistole-mit-6-massagekoepfen-und-30-einstellbaren-geschwindigkeiten-massagegeraet-fuer-nacken-ruecken-schulter\\\/#primaryimage\"},\"thumbnailUrl\":\"https:\\\/\\\/m.media-amazon.com\\\/images\\\/I\\\/41F3+GcAsLS._SL500_.jpg\",\"datePublished\":\"2021-11-25T18:15:53+00:00\",\"dateModified\":\"2023-04-11T00:59:18+00:00\",\"description\":\"Markt-XXL EKUPUZ Massagepistole mit 6 Massagek\u00f6pfen und 30 Einstellbaren Geschwindigkeiten, Massageger\u00e4t f\u00fcr Nacken, R\u00fccken\u2026\",\"breadcrumb\":{\"@id\":\"https:\\\/\\\/marktxxl.de\\\/markt\\\/produkt\\\/ekupuz-massagepistole-mit-6-massagekoepfen-und-30-einstellbaren-geschwindigkeiten-massagegeraet-fuer-nacken-ruecken-schulter\\\/#breadcrumb\"},\"inLanguage\":\"de\",\"potentialAction\":[{\"@type\":\"ReadAction\",\"target\":[\"https:\\\/\\\/marktxxl.de\\\/markt\\\/produkt\\\/ekupuz-massagepistole-mit-6-massagekoepfen-und-30-einstellbaren-geschwindigkeiten-massagegeraet-fuer-nacken-ruecken-schulter\\\/\"]}]},{\"@type\":\"ImageObject\",\"inLanguage\":\"de\",\"@id\":\"https:\\\/\\\/marktxxl.de\\\/markt\\\/produkt\\\/ekupuz-massagepistole-mit-6-massagekoepfen-und-30-einstellbaren-geschwindigkeiten-massagegeraet-fuer-nacken-ruecken-schulter\\\/#primaryimage\",\"url\":\"https:\\\/\\\/m.media-amazon.com\\\/images\\\/I\\\/41F3+GcAsLS._SL500_.jpg\",\"contentUrl\":\"https:\\\/\\\/m.media-amazon.com\\\/images\\\/I\\\/41F3+GcAsLS._SL500_.jpg\",\"width\":500,\"height\":500},{\"@type\":\"BreadcrumbList\",\"@id\":\"https:\\\/\\\/marktxxl.de\\\/markt\\\/produkt\\\/ekupuz-massagepistole-mit-6-massagekoepfen-und-30-einstellbaren-geschwindigkeiten-massagegeraet-fuer-nacken-ruecken-schulter\\\/#breadcrumb\",\"itemListElement\":[{\"@type\":\"ListItem\",\"position\":1,\"name\":\"Startseite\",\"item\":\"https:\\\/\\\/marktxxl.de\\\/markt\\\/\"},{\"@type\":\"ListItem\",\"position\":2,\"name\":\"Markt\",\"item\":\"https:\\\/\\\/marktxxl.de\\\/markt\\\/\"},{\"@type\":\"ListItem\",\"position\":3,\"name\":\"EKUPUZ Massagepistole mit 6 Massagek\u00f6pfen und 30 Einstellbaren Geschwindigkeiten, Massageger\u00e4t f\u00fcr Nacken, R\u00fccken\u2026\"}]},{\"@type\":\"WebSite\",\"@id\":\"https:\\\/\\\/marktxxl.de\\\/markt\\\/#website\",\"url\":\"https:\\\/\\\/marktxxl.de\\\/markt\\\/\",\"name\":\"Markt-XXL\",\"description\":\"Ihr Markt Online\",\"publisher\":{\"@id\":\"https:\\\/\\\/marktxxl.de\\\/markt\\\/#organization\"},\"potentialAction\":[{\"@type\":\"SearchAction\",\"target\":{\"@type\":\"EntryPoint\",\"urlTemplate\":\"https:\\\/\\\/marktxxl.de\\\/markt\\\/?s={search_term_string}\"},\"query-input\":{\"@type\":\"PropertyValueSpecification\",\"valueRequired\":true,\"valueName\":\"search_term_string\"}}],\"inLanguage\":\"de\"},{\"@type\":\"Organization\",\"@id\":\"https:\\\/\\\/marktxxl.de\\\/markt\\\/#organization\",\"name\":\"Markt-XXL\",\"url\":\"https:\\\/\\\/marktxxl.de\\\/markt\\\/\",\"logo\":{\"@type\":\"ImageObject\",\"inLanguage\":\"de\",\"@id\":\"https:\\\/\\\/marktxxl.de\\\/markt\\\/#\\\/schema\\\/logo\\\/image\\\/\",\"url\":\"https:\\\/\\\/marktxxl.de\\\/markt\\\/wp-content\\\/uploads\\\/sites\\\/3\\\/2020\\\/12\\\/logo.png\",\"contentUrl\":\"https:\\\/\\\/marktxxl.de\\\/markt\\\/wp-content\\\/uploads\\\/sites\\\/3\\\/2020\\\/12\\\/logo.png\",\"width\":200,\"height\":70,\"caption\":\"Markt-XXL\"},\"image\":{\"@id\":\"https:\\\/\\\/marktxxl.de\\\/markt\\\/#\\\/schema\\\/logo\\\/image\\\/\"}}]}<\/script>\n<!-- \/ Yoast SEO plugin. -->","yoast_head_json":{"title":"EKUPUZ Massagepistole mit 6 Massagek\u00f6pfen und 30 Einstellbaren Geschwindigkeiten, Massageger\u00e4t f\u00fcr Nacken, R\u00fccken\u2026 - Markt-XXL","description":"Markt-XXL EKUPUZ Massagepistole mit 6 Massagek\u00f6pfen und 30 Einstellbaren Geschwindigkeiten, Massageger\u00e4t f\u00fcr Nacken, R\u00fccken\u2026","robots":{"index":"index","follow":"follow","max-snippet":"max-snippet:-1","max-image-preview":"max-image-preview:large","max-video-preview":"max-video-preview:-1"},"canonical":"https:\/\/marktxxl.de\/markt\/produkt\/ekupuz-massagepistole-mit-6-massagekoepfen-und-30-einstellbaren-geschwindigkeiten-massagegeraet-fuer-nacken-ruecken-schulter\/","og_locale":"de_DE","og_type":"article","og_title":"EKUPUZ Massagepistole mit 6 Massagek\u00f6pfen und 30 Einstellbaren Geschwindigkeiten, Massageger\u00e4t f\u00fcr Nacken, R\u00fccken\u2026 - Markt-XXL","og_description":"Markt-XXL EKUPUZ Massagepistole mit 6 Massagek\u00f6pfen und 30 Einstellbaren Geschwindigkeiten, Massageger\u00e4t f\u00fcr Nacken, R\u00fccken\u2026","og_url":"https:\/\/marktxxl.de\/markt\/produkt\/ekupuz-massagepistole-mit-6-massagekoepfen-und-30-einstellbaren-geschwindigkeiten-massagegeraet-fuer-nacken-ruecken-schulter\/","og_site_name":"Markt-XXL","article_modified_time":"2023-04-11T00:59:18+00:00","og_image":[{"width":500,"height":500,"url":"https:\/\/m.media-amazon.com\/images\/I\/41F3+GcAsLS._SL500_.jpg","type":"image\/jpeg"}],"twitter_card":"summary_large_image","twitter_misc":{"Gesch\u00e4tzte Lesezeit":"1\u00a0Minute"},"schema":{"@context":"https:\/\/schema.org","@graph":[{"@type":"WebPage","@id":"https:\/\/marktxxl.de\/markt\/produkt\/ekupuz-massagepistole-mit-6-massagekoepfen-und-30-einstellbaren-geschwindigkeiten-massagegeraet-fuer-nacken-ruecken-schulter\/","url":"https:\/\/marktxxl.de\/markt\/produkt\/ekupuz-massagepistole-mit-6-massagekoepfen-und-30-einstellbaren-geschwindigkeiten-massagegeraet-fuer-nacken-ruecken-schulter\/","name":"EKUPUZ Massagepistole mit 6 Massagek\u00f6pfen und 30 Einstellbaren Geschwindigkeiten, Massageger\u00e4t f\u00fcr Nacken, R\u00fccken\u2026 - Markt-XXL","isPartOf":{"@id":"https:\/\/marktxxl.de\/markt\/#website"},"primaryImageOfPage":{"@id":"https:\/\/marktxxl.de\/markt\/produkt\/ekupuz-massagepistole-mit-6-massagekoepfen-und-30-einstellbaren-geschwindigkeiten-massagegeraet-fuer-nacken-ruecken-schulter\/#primaryimage"},"image":{"@id":"https:\/\/marktxxl.de\/markt\/produkt\/ekupuz-massagepistole-mit-6-massagekoepfen-und-30-einstellbaren-geschwindigkeiten-massagegeraet-fuer-nacken-ruecken-schulter\/#primaryimage"},"thumbnailUrl":"https:\/\/m.media-amazon.com\/images\/I\/41F3+GcAsLS._SL500_.jpg","datePublished":"2021-11-25T18:15:53+00:00","dateModified":"2023-04-11T00:59:18+00:00","description":"Markt-XXL EKUPUZ Massagepistole mit 6 Massagek\u00f6pfen und 30 Einstellbaren Geschwindigkeiten, Massageger\u00e4t f\u00fcr Nacken, R\u00fccken\u2026","breadcrumb":{"@id":"https:\/\/marktxxl.de\/markt\/produkt\/ekupuz-massagepistole-mit-6-massagekoepfen-und-30-einstellbaren-geschwindigkeiten-massagegeraet-fuer-nacken-ruecken-schulter\/#breadcrumb"},"inLanguage":"de","potentialAction":[{"@type":"ReadAction","target":["https:\/\/marktxxl.de\/markt\/produkt\/ekupuz-massagepistole-mit-6-massagekoepfen-und-30-einstellbaren-geschwindigkeiten-massagegeraet-fuer-nacken-ruecken-schulter\/"]}]},{"@type":"ImageObject","inLanguage":"de","@id":"https:\/\/marktxxl.de\/markt\/produkt\/ekupuz-massagepistole-mit-6-massagekoepfen-und-30-einstellbaren-geschwindigkeiten-massagegeraet-fuer-nacken-ruecken-schulter\/#primaryimage","url":"https:\/\/m.media-amazon.com\/images\/I\/41F3+GcAsLS._SL500_.jpg","contentUrl":"https:\/\/m.media-amazon.com\/images\/I\/41F3+GcAsLS._SL500_.jpg","width":500,"height":500},{"@type":"BreadcrumbList","@id":"https:\/\/marktxxl.de\/markt\/produkt\/ekupuz-massagepistole-mit-6-massagekoepfen-und-30-einstellbaren-geschwindigkeiten-massagegeraet-fuer-nacken-ruecken-schulter\/#breadcrumb","itemListElement":[{"@type":"ListItem","position":1,"name":"Startseite","item":"https:\/\/marktxxl.de\/markt\/"},{"@type":"ListItem","position":2,"name":"Markt","item":"https:\/\/marktxxl.de\/markt\/"},{"@type":"ListItem","position":3,"name":"EKUPUZ Massagepistole mit 6 Massagek\u00f6pfen und 30 Einstellbaren Geschwindigkeiten, Massageger\u00e4t f\u00fcr Nacken, R\u00fccken\u2026"}]},{"@type":"WebSite","@id":"https:\/\/marktxxl.de\/markt\/#website","url":"https:\/\/marktxxl.de\/markt\/","name":"Markt-XXL","description":"Ihr Markt Online","publisher":{"@id":"https:\/\/marktxxl.de\/markt\/#organization"},"potentialAction":[{"@type":"SearchAction","target":{"@type":"EntryPoint","urlTemplate":"https:\/\/marktxxl.de\/markt\/?s={search_term_string}"},"query-input":{"@type":"PropertyValueSpecification","valueRequired":true,"valueName":"search_term_string"}}],"inLanguage":"de"},{"@type":"Organization","@id":"https:\/\/marktxxl.de\/markt\/#organization","name":"Markt-XXL","url":"https:\/\/marktxxl.de\/markt\/","logo":{"@type":"ImageObject","inLanguage":"de","@id":"https:\/\/marktxxl.de\/markt\/#\/schema\/logo\/image\/","url":"https:\/\/marktxxl.de\/markt\/wp-content\/uploads\/sites\/3\/2020\/12\/logo.png","contentUrl":"https:\/\/marktxxl.de\/markt\/wp-content\/uploads\/sites\/3\/2020\/12\/logo.png","width":200,"height":70,"caption":"Markt-XXL"},"image":{"@id":"https:\/\/marktxxl.de\/markt\/#\/schema\/logo\/image\/"}}]}},"_links":{"self":[{"href":"https:\/\/marktxxl.de\/markt\/wp-json\/wp\/v2\/product\/82441","targetHints":{"allow":["GET"]}}],"collection":[{"href":"https:\/\/marktxxl.de\/markt\/wp-json\/wp\/v2\/product"}],"about":[{"href":"https:\/\/marktxxl.de\/markt\/wp-json\/wp\/v2\/types\/product"}],"replies":[{"embeddable":true,"href":"https:\/\/marktxxl.de\/markt\/wp-json\/wp\/v2\/comments?post=82441"}],"wp:featuredmedia":[{"embeddable":true,"href":"https:\/\/marktxxl.de\/markt\/wp-json\/wp\/v2\/media\/82442"}],"wp:attachment":[{"href":"https:\/\/marktxxl.de\/markt\/wp-json\/wp\/v2\/media?parent=82441"}],"wp:term":[{"taxonomy":"product_brand","embeddable":true,"href":"https:\/\/marktxxl.de\/markt\/wp-json\/wp\/v2\/product_brand?post=82441"},{"taxonomy":"product_cat","embeddable":true,"href":"https:\/\/marktxxl.de\/markt\/wp-json\/wp\/v2\/product_cat?post=82441"},{"taxonomy":"product_tag","embeddable":true,"href":"https:\/\/marktxxl.de\/markt\/wp-json\/wp\/v2\/product_tag?post=82441"}],"curies":[{"name":"wp","href":"https:\/\/api.w.org\/{rel}","templated":true}]}}