{"id":82410,"date":"2021-11-25T19:15:29","date_gmt":"2021-11-25T18:15:29","guid":{"rendered":"https:\/\/marktxxl.de\/markt\/produkt\/sagl-tirol-holzmanufaktur-zirbenduftset-herz\/"},"modified":"2023-04-10T02:50:18","modified_gmt":"2023-04-10T00:50:18","slug":"sagl-tirol-holzmanufaktur-zirbenduftset-herz","status":"publish","type":"product","link":"https:\/\/marktxxl.de\/markt\/produkt\/sagl-tirol-holzmanufaktur-zirbenduftset-herz\/","title":{"rendered":"sagl.tirol holzmanufaktur Zirbenduftset Herz (Beste Oma)"},"content":{"rendered":"<p>Zirben Herz f\u00fcr besten Raumduft im Schlafzimmer Kinderzimmer Wohnzimmer uvm.<br \/>\nDas Original der Marke sagl.tirol holzmanufaktur<br \/>\nDieses hochwertige Duftset ist nicht nur eine au\u00dfergew\u00f6hnliche Dekoration sondern schafft auch noch eine beruhigende Atmosph\u00e4re.<br \/>\nDas Set besteht aus einem handgeschnitzten Zirben Edelwei\u00df, unserem Zirben \u00d6l und einem kleinen Zirben Herz (12x10x3,5) cm mit einem Loch am Rand wo man das Zirben \u00d6l perfekt verstauen kann.<br \/>\nAuch perfekt als Geschenk<br \/>\n<div class=\"main-cross-sell\" data-asin=\"B078VWJVT9\">\n\n\t<div class=\"WooZone-cross-sell-loader\">\n\t\t<div>\n\t\t\t<div id=\"floatingBarsG\">\n\t\t\t\t<div class=\"blockG\" id=\"rotateG_01\"><\/div>\n\t\t\t\t<div class=\"blockG\" id=\"rotateG_02\"><\/div>\n\t\t\t\t<div class=\"blockG\" id=\"rotateG_03\"><\/div>\n\t\t\t\t<div class=\"blockG\" id=\"rotateG_04\"><\/div>\n\t\t\t\t<div class=\"blockG\" id=\"rotateG_05\"><\/div>\n\t\t\t\t<div class=\"blockG\" id=\"rotateG_06\"><\/div>\n\t\t\t\t<div class=\"blockG\" id=\"rotateG_07\"><\/div>\n\t\t\t\t<div class=\"blockG\" id=\"rotateG_08\"><\/div>\n\t\t\t<\/div>\n\t\t\t<div class=\"WooZone-cross-sell-loader-text\"><\/div>\n\t\t<\/div>\n\t<\/div>\n\n\t\t\n<\/div>\n<div style=\"clear:both;\"><\/div><\/p>\n","protected":false},"excerpt":{"rendered":"<p>Zirben Herz f\u00fcr besten Raumduft im Schlafzimmer Kinderzimmer Wohnzimmer uvm.<br \/>\nDas Original der Marke sagl.tirol holzmanufaktur<br \/>\nDieses hochwertige Duftset ist nicht nur eine au\u00dfergew\u00f6hnliche Dekoration sondern schafft auch noch eine beruhigende Atmosph\u00e4re.<\/p>\n","protected":false},"featured_media":82411,"comment_status":"open","ping_status":"closed","template":"","meta":[],"product_brand":[],"product_cat":[566,6496],"product_tag":[],"class_list":{"0":"post-82410","1":"product","2":"type-product","3":"status-publish","4":"has-post-thumbnail","6":"product_cat-drogerie-koerperpflege","7":"product_cat-wellness","8":"pa_brand-sagl-tirol-holzmanufaktur","9":"pa_height-3-93700787-zoll","10":"pa_length-4-724409444-zoll","11":"pa_manufacturer-sagl-tirol-holzmanufaktur","12":"pa_weight-0-440924524-pfund","13":"pa_width-1-3779527545-zoll","15":"first","16":"instock","17":"shipping-taxable","18":"purchasable","19":"product-type-simple","20":"customify-col","21":"product-has-gallery"},"yoast_head":"<!-- This site is optimized with the Yoast SEO plugin v27.3 - https:\/\/yoast.com\/product\/yoast-seo-wordpress\/ -->\n<title>sagl.tirol holzmanufaktur Zirbenduftset Herz (Beste Oma) - Markt-XXL<\/title>\n<meta name=\"description\" content=\"Markt-XXL sagl.tirol holzmanufaktur Zirbenduftset Herz (Beste Oma)\" \/>\n<meta name=\"robots\" content=\"index, follow, max-snippet:-1, max-image-preview:large, max-video-preview:-1\" \/>\n<link rel=\"canonical\" href=\"https:\/\/marktxxl.de\/markt\/produkt\/sagl-tirol-holzmanufaktur-zirbenduftset-herz\/\" \/>\n<meta property=\"og:locale\" content=\"de_DE\" \/>\n<meta property=\"og:type\" content=\"article\" \/>\n<meta property=\"og:title\" content=\"sagl.tirol holzmanufaktur Zirbenduftset Herz (Beste Oma) - Markt-XXL\" \/>\n<meta property=\"og:description\" content=\"Markt-XXL sagl.tirol holzmanufaktur Zirbenduftset Herz (Beste Oma)\" \/>\n<meta property=\"og:url\" content=\"https:\/\/marktxxl.de\/markt\/produkt\/sagl-tirol-holzmanufaktur-zirbenduftset-herz\/\" \/>\n<meta property=\"og:site_name\" content=\"Markt-XXL\" \/>\n<meta property=\"article:modified_time\" content=\"2023-04-10T00:50:18+00:00\" \/>\n<meta property=\"og:image\" content=\"https:\/\/m.media-amazon.com\/images\/I\/41Qj7D9cHmL._SL500_.jpg\" \/>\n\t<meta property=\"og:image:width\" content=\"500\" \/>\n\t<meta property=\"og:image:height\" content=\"500\" \/>\n\t<meta property=\"og:image:type\" content=\"image\/jpeg\" \/>\n<meta name=\"twitter:card\" content=\"summary_large_image\" \/>\n<script type=\"application\/ld+json\" class=\"yoast-schema-graph\">{\"@context\":\"https:\\\/\\\/schema.org\",\"@graph\":[{\"@type\":\"WebPage\",\"@id\":\"https:\\\/\\\/marktxxl.de\\\/markt\\\/produkt\\\/sagl-tirol-holzmanufaktur-zirbenduftset-herz\\\/\",\"url\":\"https:\\\/\\\/marktxxl.de\\\/markt\\\/produkt\\\/sagl-tirol-holzmanufaktur-zirbenduftset-herz\\\/\",\"name\":\"sagl.tirol holzmanufaktur Zirbenduftset Herz (Beste Oma) - Markt-XXL\",\"isPartOf\":{\"@id\":\"https:\\\/\\\/marktxxl.de\\\/markt\\\/#website\"},\"primaryImageOfPage\":{\"@id\":\"https:\\\/\\\/marktxxl.de\\\/markt\\\/produkt\\\/sagl-tirol-holzmanufaktur-zirbenduftset-herz\\\/#primaryimage\"},\"image\":{\"@id\":\"https:\\\/\\\/marktxxl.de\\\/markt\\\/produkt\\\/sagl-tirol-holzmanufaktur-zirbenduftset-herz\\\/#primaryimage\"},\"thumbnailUrl\":\"https:\\\/\\\/m.media-amazon.com\\\/images\\\/I\\\/41Qj7D9cHmL._SL500_.jpg\",\"datePublished\":\"2021-11-25T18:15:29+00:00\",\"dateModified\":\"2023-04-10T00:50:18+00:00\",\"description\":\"Markt-XXL sagl.tirol holzmanufaktur Zirbenduftset Herz (Beste Oma)\",\"breadcrumb\":{\"@id\":\"https:\\\/\\\/marktxxl.de\\\/markt\\\/produkt\\\/sagl-tirol-holzmanufaktur-zirbenduftset-herz\\\/#breadcrumb\"},\"inLanguage\":\"de\",\"potentialAction\":[{\"@type\":\"ReadAction\",\"target\":[\"https:\\\/\\\/marktxxl.de\\\/markt\\\/produkt\\\/sagl-tirol-holzmanufaktur-zirbenduftset-herz\\\/\"]}]},{\"@type\":\"ImageObject\",\"inLanguage\":\"de\",\"@id\":\"https:\\\/\\\/marktxxl.de\\\/markt\\\/produkt\\\/sagl-tirol-holzmanufaktur-zirbenduftset-herz\\\/#primaryimage\",\"url\":\"https:\\\/\\\/m.media-amazon.com\\\/images\\\/I\\\/41Qj7D9cHmL._SL500_.jpg\",\"contentUrl\":\"https:\\\/\\\/m.media-amazon.com\\\/images\\\/I\\\/41Qj7D9cHmL._SL500_.jpg\",\"width\":500,\"height\":500},{\"@type\":\"BreadcrumbList\",\"@id\":\"https:\\\/\\\/marktxxl.de\\\/markt\\\/produkt\\\/sagl-tirol-holzmanufaktur-zirbenduftset-herz\\\/#breadcrumb\",\"itemListElement\":[{\"@type\":\"ListItem\",\"position\":1,\"name\":\"Startseite\",\"item\":\"https:\\\/\\\/marktxxl.de\\\/markt\\\/\"},{\"@type\":\"ListItem\",\"position\":2,\"name\":\"Markt\",\"item\":\"https:\\\/\\\/marktxxl.de\\\/markt\\\/\"},{\"@type\":\"ListItem\",\"position\":3,\"name\":\"sagl.tirol holzmanufaktur Zirbenduftset Herz (Beste Oma)\"}]},{\"@type\":\"WebSite\",\"@id\":\"https:\\\/\\\/marktxxl.de\\\/markt\\\/#website\",\"url\":\"https:\\\/\\\/marktxxl.de\\\/markt\\\/\",\"name\":\"Markt-XXL\",\"description\":\"Ihr Markt Online\",\"publisher\":{\"@id\":\"https:\\\/\\\/marktxxl.de\\\/markt\\\/#organization\"},\"potentialAction\":[{\"@type\":\"SearchAction\",\"target\":{\"@type\":\"EntryPoint\",\"urlTemplate\":\"https:\\\/\\\/marktxxl.de\\\/markt\\\/?s={search_term_string}\"},\"query-input\":{\"@type\":\"PropertyValueSpecification\",\"valueRequired\":true,\"valueName\":\"search_term_string\"}}],\"inLanguage\":\"de\"},{\"@type\":\"Organization\",\"@id\":\"https:\\\/\\\/marktxxl.de\\\/markt\\\/#organization\",\"name\":\"Markt-XXL\",\"url\":\"https:\\\/\\\/marktxxl.de\\\/markt\\\/\",\"logo\":{\"@type\":\"ImageObject\",\"inLanguage\":\"de\",\"@id\":\"https:\\\/\\\/marktxxl.de\\\/markt\\\/#\\\/schema\\\/logo\\\/image\\\/\",\"url\":\"https:\\\/\\\/marktxxl.de\\\/markt\\\/wp-content\\\/uploads\\\/sites\\\/3\\\/2020\\\/12\\\/logo.png\",\"contentUrl\":\"https:\\\/\\\/marktxxl.de\\\/markt\\\/wp-content\\\/uploads\\\/sites\\\/3\\\/2020\\\/12\\\/logo.png\",\"width\":200,\"height\":70,\"caption\":\"Markt-XXL\"},\"image\":{\"@id\":\"https:\\\/\\\/marktxxl.de\\\/markt\\\/#\\\/schema\\\/logo\\\/image\\\/\"}}]}<\/script>\n<!-- \/ Yoast SEO plugin. -->","yoast_head_json":{"title":"sagl.tirol holzmanufaktur Zirbenduftset Herz (Beste Oma) - Markt-XXL","description":"Markt-XXL sagl.tirol holzmanufaktur Zirbenduftset Herz (Beste Oma)","robots":{"index":"index","follow":"follow","max-snippet":"max-snippet:-1","max-image-preview":"max-image-preview:large","max-video-preview":"max-video-preview:-1"},"canonical":"https:\/\/marktxxl.de\/markt\/produkt\/sagl-tirol-holzmanufaktur-zirbenduftset-herz\/","og_locale":"de_DE","og_type":"article","og_title":"sagl.tirol holzmanufaktur Zirbenduftset Herz (Beste Oma) - Markt-XXL","og_description":"Markt-XXL sagl.tirol holzmanufaktur Zirbenduftset Herz (Beste Oma)","og_url":"https:\/\/marktxxl.de\/markt\/produkt\/sagl-tirol-holzmanufaktur-zirbenduftset-herz\/","og_site_name":"Markt-XXL","article_modified_time":"2023-04-10T00:50:18+00:00","og_image":[{"width":500,"height":500,"url":"https:\/\/m.media-amazon.com\/images\/I\/41Qj7D9cHmL._SL500_.jpg","type":"image\/jpeg"}],"twitter_card":"summary_large_image","schema":{"@context":"https:\/\/schema.org","@graph":[{"@type":"WebPage","@id":"https:\/\/marktxxl.de\/markt\/produkt\/sagl-tirol-holzmanufaktur-zirbenduftset-herz\/","url":"https:\/\/marktxxl.de\/markt\/produkt\/sagl-tirol-holzmanufaktur-zirbenduftset-herz\/","name":"sagl.tirol holzmanufaktur Zirbenduftset Herz (Beste Oma) - Markt-XXL","isPartOf":{"@id":"https:\/\/marktxxl.de\/markt\/#website"},"primaryImageOfPage":{"@id":"https:\/\/marktxxl.de\/markt\/produkt\/sagl-tirol-holzmanufaktur-zirbenduftset-herz\/#primaryimage"},"image":{"@id":"https:\/\/marktxxl.de\/markt\/produkt\/sagl-tirol-holzmanufaktur-zirbenduftset-herz\/#primaryimage"},"thumbnailUrl":"https:\/\/m.media-amazon.com\/images\/I\/41Qj7D9cHmL._SL500_.jpg","datePublished":"2021-11-25T18:15:29+00:00","dateModified":"2023-04-10T00:50:18+00:00","description":"Markt-XXL sagl.tirol holzmanufaktur Zirbenduftset Herz (Beste Oma)","breadcrumb":{"@id":"https:\/\/marktxxl.de\/markt\/produkt\/sagl-tirol-holzmanufaktur-zirbenduftset-herz\/#breadcrumb"},"inLanguage":"de","potentialAction":[{"@type":"ReadAction","target":["https:\/\/marktxxl.de\/markt\/produkt\/sagl-tirol-holzmanufaktur-zirbenduftset-herz\/"]}]},{"@type":"ImageObject","inLanguage":"de","@id":"https:\/\/marktxxl.de\/markt\/produkt\/sagl-tirol-holzmanufaktur-zirbenduftset-herz\/#primaryimage","url":"https:\/\/m.media-amazon.com\/images\/I\/41Qj7D9cHmL._SL500_.jpg","contentUrl":"https:\/\/m.media-amazon.com\/images\/I\/41Qj7D9cHmL._SL500_.jpg","width":500,"height":500},{"@type":"BreadcrumbList","@id":"https:\/\/marktxxl.de\/markt\/produkt\/sagl-tirol-holzmanufaktur-zirbenduftset-herz\/#breadcrumb","itemListElement":[{"@type":"ListItem","position":1,"name":"Startseite","item":"https:\/\/marktxxl.de\/markt\/"},{"@type":"ListItem","position":2,"name":"Markt","item":"https:\/\/marktxxl.de\/markt\/"},{"@type":"ListItem","position":3,"name":"sagl.tirol holzmanufaktur Zirbenduftset Herz (Beste Oma)"}]},{"@type":"WebSite","@id":"https:\/\/marktxxl.de\/markt\/#website","url":"https:\/\/marktxxl.de\/markt\/","name":"Markt-XXL","description":"Ihr Markt Online","publisher":{"@id":"https:\/\/marktxxl.de\/markt\/#organization"},"potentialAction":[{"@type":"SearchAction","target":{"@type":"EntryPoint","urlTemplate":"https:\/\/marktxxl.de\/markt\/?s={search_term_string}"},"query-input":{"@type":"PropertyValueSpecification","valueRequired":true,"valueName":"search_term_string"}}],"inLanguage":"de"},{"@type":"Organization","@id":"https:\/\/marktxxl.de\/markt\/#organization","name":"Markt-XXL","url":"https:\/\/marktxxl.de\/markt\/","logo":{"@type":"ImageObject","inLanguage":"de","@id":"https:\/\/marktxxl.de\/markt\/#\/schema\/logo\/image\/","url":"https:\/\/marktxxl.de\/markt\/wp-content\/uploads\/sites\/3\/2020\/12\/logo.png","contentUrl":"https:\/\/marktxxl.de\/markt\/wp-content\/uploads\/sites\/3\/2020\/12\/logo.png","width":200,"height":70,"caption":"Markt-XXL"},"image":{"@id":"https:\/\/marktxxl.de\/markt\/#\/schema\/logo\/image\/"}}]}},"_links":{"self":[{"href":"https:\/\/marktxxl.de\/markt\/wp-json\/wp\/v2\/product\/82410","targetHints":{"allow":["GET"]}}],"collection":[{"href":"https:\/\/marktxxl.de\/markt\/wp-json\/wp\/v2\/product"}],"about":[{"href":"https:\/\/marktxxl.de\/markt\/wp-json\/wp\/v2\/types\/product"}],"replies":[{"embeddable":true,"href":"https:\/\/marktxxl.de\/markt\/wp-json\/wp\/v2\/comments?post=82410"}],"wp:featuredmedia":[{"embeddable":true,"href":"https:\/\/marktxxl.de\/markt\/wp-json\/wp\/v2\/media\/82411"}],"wp:attachment":[{"href":"https:\/\/marktxxl.de\/markt\/wp-json\/wp\/v2\/media?parent=82410"}],"wp:term":[{"taxonomy":"product_brand","embeddable":true,"href":"https:\/\/marktxxl.de\/markt\/wp-json\/wp\/v2\/product_brand?post=82410"},{"taxonomy":"product_cat","embeddable":true,"href":"https:\/\/marktxxl.de\/markt\/wp-json\/wp\/v2\/product_cat?post=82410"},{"taxonomy":"product_tag","embeddable":true,"href":"https:\/\/marktxxl.de\/markt\/wp-json\/wp\/v2\/product_tag?post=82410"}],"curies":[{"name":"wp","href":"https:\/\/api.w.org\/{rel}","templated":true}]}}