{"id":82387,"date":"2021-11-25T19:15:09","date_gmt":"2021-11-25T18:15:09","guid":{"rendered":"https:\/\/marktxxl.de\/markt\/produkt\/3-stueck-gua-sha-stein-massage-set-gua-sha-anti-falten-werkzeug-anti-aging-beauty-facial-therapie-gua-sha-set-natuerliche-massagestein-fuer-gesichts-halshaut-wangen-hautstraffung\/"},"modified":"2023-04-07T02:13:10","modified_gmt":"2023-04-07T00:13:10","slug":"3-stueck-gua-sha-stein-massage-set-gua-sha-anti-falten-werkzeug-anti-aging-beauty-facial-therapie-gua-sha-set-natuerliche-massagestein-fuer-gesichts-halshaut-wangen-hautstraffung","status":"publish","type":"product","link":"https:\/\/marktxxl.de\/markt\/produkt\/3-stueck-gua-sha-stein-massage-set-gua-sha-anti-falten-werkzeug-anti-aging-beauty-facial-therapie-gua-sha-set-natuerliche-massagestein-fuer-gesichts-halshaut-wangen-hautstraffung\/","title":{"rendered":"3 St\u00fcck Gua Sha Stein Massage Set, Gua Sha Anti-Falten Werkzeug, Anti-Aging Beauty Facial Therapie Gua Sha Set\u2026"},"content":{"rendered":"<p>\u2705Guasha: Eine wissenschaftliche Behandlung der traditionellen chinesischen Medizin, die verwendet wird, um Muskelverspannungen und Verspannungen zu lindern, die menschliche Durchblutung zu verbessern und den Stoffwechsel zu f\u00f6rdern. Es kann eine leichte R\u00f6tung hinterlassen, die jedoch nach 2 Tagen verschwindet. Dieses nat\u00fcrliche Heilmittel-Tool hilft Ihnen, entspannter und energischer zu werden.Wenn Ihr Paket w\u00e4hrend des Transports besch\u00e4digt wurde, k\u00f6nnen Sie uns gerne kontaktieren!<br \/>\n\u2705100% Premium-Rosenquarz: Das OHH-Schabbrett besteht aus Nat\u00fcrliche Quarzstein (reich an einer Vielzahl von Mineralien, die f\u00fcr den menschlichen K\u00f6rper n\u00fctzlich sind) handgeschnitzt und poliert.Es ist antistatisch, langlebig und leicht zu reinigen (Sie k\u00f6nnen warmes Wasser oder H\u00e4ndedesinfektionsmittel verwenden). Das OHH Gua Sha-Set enth\u00e4lt drei Arten von Gua Sha-Werkzeugen: &#8220;Herz&#8221;, &#8220;Kaninchenohr&#8221; und &#8220;Horn&#8221;, die die Massage aller K\u00f6rperteile befriedigen k\u00f6nnen.<br \/>\n\u2705Gesichts- und K\u00f6rperhautmassage: OHH 3 St\u00fcck Gua Sha Stein Massage Set, geeignet f\u00fcr Gesicht, Nacken, R\u00fccken, Kinn, Schultern, H\u00e4nde, Arme, Taille, Kopfhaut und F\u00fc\u00dfe. Die glatte Oberfl\u00e4che und das lange Bogendesign machen das Schabebrett leichter zu halten und schaden der Haut nicht. Empfehlung: Regelm\u00e4\u00dfige Anwendung (2x w\u00f6chentlich, 3 Gruppen\/Zeit, 15-25 Minuten\/Gruppe) hilft Ihnen, die t\u00e4glichen Muskelschmerzen schnell und effektiv zu lindern!<br \/>\n\u2705Exquisite Verpackung und kostenlose Geschenkt\u00fcte: Es ist in einer hochwertigen personalisierten Geschenkbox verpackt, die ein perfektes Geschenk f\u00fcr Eltern, Freunde und Liebhaber ist. Jeder OHH Rosenquarzs guasha set wird vor dem Versand sorgf\u00e4ltig gepr\u00fcft, um sicherzustellen, dass das von Ihnen erhaltene guasha set intakt ist. Die Geschenkbox ist mit einer exquisiten Satin-Kordelzugtasche ausgestattet, die Sie bequem tragen und Kratzer oder Verlust vermeiden k\u00f6nnen.<br \/>\n\u2705Hinweis: Aufgrund der Verwendung nat\u00fcrlicher Rohstoffe kann sich jeder in Farbe und Textur leicht unterscheiden. Egal ob Anf\u00e4nger oder Experte, das OHH GUA SHA Massagewerkzeug-Set sollte Ihre erste Wahl sein. Bitte kontaktieren Sie uns nach Erhalt Ihrer Bestellung per E-Mail, um ein professionelles E-Book (158 Seiten) zu erhalten und Ihre exklusive 6-monatige Garantie zu aktivieren. Komm und starte dein GUA SHA Leben mit OHH.<br \/>\n<div class=\"main-cross-sell\" data-asin=\"B08J2KFP9K\">\n\n\t<div class=\"WooZone-cross-sell-loader\">\n\t\t<div>\n\t\t\t<div id=\"floatingBarsG\">\n\t\t\t\t<div class=\"blockG\" id=\"rotateG_01\"><\/div>\n\t\t\t\t<div class=\"blockG\" id=\"rotateG_02\"><\/div>\n\t\t\t\t<div class=\"blockG\" id=\"rotateG_03\"><\/div>\n\t\t\t\t<div class=\"blockG\" id=\"rotateG_04\"><\/div>\n\t\t\t\t<div class=\"blockG\" id=\"rotateG_05\"><\/div>\n\t\t\t\t<div class=\"blockG\" id=\"rotateG_06\"><\/div>\n\t\t\t\t<div class=\"blockG\" id=\"rotateG_07\"><\/div>\n\t\t\t\t<div class=\"blockG\" id=\"rotateG_08\"><\/div>\n\t\t\t<\/div>\n\t\t\t<div class=\"WooZone-cross-sell-loader-text\"><\/div>\n\t\t<\/div>\n\t<\/div>\n\n\t\t\n<\/div>\n<div style=\"clear:both;\"><\/div><\/p>\n","protected":false},"excerpt":{"rendered":"<p>\u2705Guasha: Eine wissenschaftliche Behandlung der traditionellen chinesischen Medizin, die verwendet wird, um Muskelverspannungen und Verspannungen zu lindern, die menschliche Durchblutung zu verbessern und den Stoffwechsel zu f\u00f6rdern. Es kann eine leichte R\u00f6tung hinterlassen, die jedoch nach 2 Tagen verschwindet. Dieses nat\u00fcrliche Heilmittel-Tool hilft Ihnen, entspannter und energischer zu werden.Wenn Ihr Paket w\u00e4hrend des Transports besch\u00e4digt wurde, k\u00f6nnen Sie uns gerne kontaktieren!<br \/>\n\u2705100% Premium-Rosenquarz: Das OHH-Schabbrett besteht aus Nat\u00fcrliche Quarzstein (reich an einer Vielzahl von Mineralien, die f\u00fcr den menschlichen K\u00f6rper n\u00fctzlich sind) handgeschnitzt und poliert.Es ist antistatisch, langlebig und leicht zu reinigen (Sie k\u00f6nnen warmes Wasser oder H\u00e4ndedesinfektionsmittel verwenden). Das OHH Gua Sha-Set enth\u00e4lt drei Arten von Gua Sha-Werkzeugen: &#8220;Herz&#8221;, &#8220;Kaninchenohr&#8221; und &#8220;Horn&#8221;, die die Massage aller K\u00f6rperteile befriedigen k\u00f6nnen.<br \/>\n\u2705Gesichts- und K\u00f6rperhautmassage: OHH 3 St\u00fcck Gua Sha Stein Massage Set, geeignet f\u00fcr Gesicht, Nacken, R\u00fccken, Kinn, Schultern, H\u00e4nde, Arme, Taille, Kopfhaut und F\u00fc\u00dfe. Die glatte Oberfl\u00e4che und das lange Bogendesign machen das Schabebrett leichter zu halten und schaden der Haut nicht. Empfehlung: Regelm\u00e4\u00dfige Anwendung (2x w\u00f6chentlich, 3 Gruppen\/Zeit, 15-25 Minuten\/Gruppe) hilft Ihnen, die t\u00e4glichen Muskelschmerzen schnell und effektiv zu lindern!<\/p>\n","protected":false},"featured_media":82388,"comment_status":"open","ping_status":"closed","template":"","meta":[],"product_brand":[],"product_cat":[566,6496],"product_tag":[],"class_list":{"0":"post-82387","1":"product","2":"type-product","3":"status-publish","4":"has-post-thumbnail","6":"product_cat-drogerie-koerperpflege","7":"product_cat-wellness","8":"pa_binding-badartikel","9":"pa_brand-ohh","10":"pa_manufacturer-ohh","12":"first","13":"instock","14":"shipping-taxable","15":"purchasable","16":"product-type-simple","17":"customify-col","18":"product-has-gallery"},"yoast_head":"<!-- This site is optimized with the Yoast SEO plugin v27.4 - https:\/\/yoast.com\/product\/yoast-seo-wordpress\/ -->\n<title>3 St\u00fcck Gua Sha Stein Massage Set, Gua Sha Anti-Falten Werkzeug, Anti-Aging Beauty Facial Therapie Gua Sha Set\u2026 - Markt-XXL<\/title>\n<meta name=\"description\" content=\"Markt-XXL 3 St\u00fcck Gua Sha Stein Massage Set, Gua Sha Anti-Falten Werkzeug, Anti-Aging Beauty Facial Therapie Gua Sha Set\u2026\" \/>\n<meta name=\"robots\" content=\"index, follow, max-snippet:-1, max-image-preview:large, max-video-preview:-1\" \/>\n<link rel=\"canonical\" href=\"https:\/\/marktxxl.de\/markt\/produkt\/3-stueck-gua-sha-stein-massage-set-gua-sha-anti-falten-werkzeug-anti-aging-beauty-facial-therapie-gua-sha-set-natuerliche-massagestein-fuer-gesichts-halshaut-wangen-hautstraffung\/\" \/>\n<meta property=\"og:locale\" content=\"de_DE\" \/>\n<meta property=\"og:type\" content=\"article\" \/>\n<meta property=\"og:title\" content=\"3 St\u00fcck Gua Sha Stein Massage Set, Gua Sha Anti-Falten Werkzeug, Anti-Aging Beauty Facial Therapie Gua Sha Set\u2026 - Markt-XXL\" \/>\n<meta property=\"og:description\" content=\"Markt-XXL 3 St\u00fcck Gua Sha Stein Massage Set, Gua Sha Anti-Falten Werkzeug, Anti-Aging Beauty Facial Therapie Gua Sha Set\u2026\" \/>\n<meta property=\"og:url\" content=\"https:\/\/marktxxl.de\/markt\/produkt\/3-stueck-gua-sha-stein-massage-set-gua-sha-anti-falten-werkzeug-anti-aging-beauty-facial-therapie-gua-sha-set-natuerliche-massagestein-fuer-gesichts-halshaut-wangen-hautstraffung\/\" \/>\n<meta property=\"og:site_name\" content=\"Markt-XXL\" \/>\n<meta property=\"article:modified_time\" content=\"2023-04-07T00:13:10+00:00\" \/>\n<meta property=\"og:image\" content=\"https:\/\/m.media-amazon.com\/images\/I\/51BWl8cOtkL._SL500_.jpg\" \/>\n\t<meta property=\"og:image:width\" content=\"500\" \/>\n\t<meta property=\"og:image:height\" content=\"500\" \/>\n\t<meta property=\"og:image:type\" content=\"image\/jpeg\" \/>\n<meta name=\"twitter:card\" content=\"summary_large_image\" \/>\n<meta name=\"twitter:label1\" content=\"Gesch\u00e4tzte Lesezeit\" \/>\n\t<meta name=\"twitter:data1\" content=\"2\u00a0Minuten\" \/>\n<script type=\"application\/ld+json\" class=\"yoast-schema-graph\">{\"@context\":\"https:\\\/\\\/schema.org\",\"@graph\":[{\"@type\":\"WebPage\",\"@id\":\"https:\\\/\\\/marktxxl.de\\\/markt\\\/produkt\\\/3-stueck-gua-sha-stein-massage-set-gua-sha-anti-falten-werkzeug-anti-aging-beauty-facial-therapie-gua-sha-set-natuerliche-massagestein-fuer-gesichts-halshaut-wangen-hautstraffung\\\/\",\"url\":\"https:\\\/\\\/marktxxl.de\\\/markt\\\/produkt\\\/3-stueck-gua-sha-stein-massage-set-gua-sha-anti-falten-werkzeug-anti-aging-beauty-facial-therapie-gua-sha-set-natuerliche-massagestein-fuer-gesichts-halshaut-wangen-hautstraffung\\\/\",\"name\":\"3 St\u00fcck Gua Sha Stein Massage Set, Gua Sha Anti-Falten Werkzeug, Anti-Aging Beauty Facial Therapie Gua Sha Set\u2026 - Markt-XXL\",\"isPartOf\":{\"@id\":\"https:\\\/\\\/marktxxl.de\\\/markt\\\/#website\"},\"primaryImageOfPage\":{\"@id\":\"https:\\\/\\\/marktxxl.de\\\/markt\\\/produkt\\\/3-stueck-gua-sha-stein-massage-set-gua-sha-anti-falten-werkzeug-anti-aging-beauty-facial-therapie-gua-sha-set-natuerliche-massagestein-fuer-gesichts-halshaut-wangen-hautstraffung\\\/#primaryimage\"},\"image\":{\"@id\":\"https:\\\/\\\/marktxxl.de\\\/markt\\\/produkt\\\/3-stueck-gua-sha-stein-massage-set-gua-sha-anti-falten-werkzeug-anti-aging-beauty-facial-therapie-gua-sha-set-natuerliche-massagestein-fuer-gesichts-halshaut-wangen-hautstraffung\\\/#primaryimage\"},\"thumbnailUrl\":\"https:\\\/\\\/m.media-amazon.com\\\/images\\\/I\\\/51BWl8cOtkL._SL500_.jpg\",\"datePublished\":\"2021-11-25T18:15:09+00:00\",\"dateModified\":\"2023-04-07T00:13:10+00:00\",\"description\":\"Markt-XXL 3 St\u00fcck Gua Sha Stein Massage Set, Gua Sha Anti-Falten Werkzeug, Anti-Aging Beauty Facial Therapie Gua Sha Set\u2026\",\"breadcrumb\":{\"@id\":\"https:\\\/\\\/marktxxl.de\\\/markt\\\/produkt\\\/3-stueck-gua-sha-stein-massage-set-gua-sha-anti-falten-werkzeug-anti-aging-beauty-facial-therapie-gua-sha-set-natuerliche-massagestein-fuer-gesichts-halshaut-wangen-hautstraffung\\\/#breadcrumb\"},\"inLanguage\":\"de\",\"potentialAction\":[{\"@type\":\"ReadAction\",\"target\":[\"https:\\\/\\\/marktxxl.de\\\/markt\\\/produkt\\\/3-stueck-gua-sha-stein-massage-set-gua-sha-anti-falten-werkzeug-anti-aging-beauty-facial-therapie-gua-sha-set-natuerliche-massagestein-fuer-gesichts-halshaut-wangen-hautstraffung\\\/\"]}]},{\"@type\":\"ImageObject\",\"inLanguage\":\"de\",\"@id\":\"https:\\\/\\\/marktxxl.de\\\/markt\\\/produkt\\\/3-stueck-gua-sha-stein-massage-set-gua-sha-anti-falten-werkzeug-anti-aging-beauty-facial-therapie-gua-sha-set-natuerliche-massagestein-fuer-gesichts-halshaut-wangen-hautstraffung\\\/#primaryimage\",\"url\":\"https:\\\/\\\/m.media-amazon.com\\\/images\\\/I\\\/51BWl8cOtkL._SL500_.jpg\",\"contentUrl\":\"https:\\\/\\\/m.media-amazon.com\\\/images\\\/I\\\/51BWl8cOtkL._SL500_.jpg\",\"width\":500,\"height\":500},{\"@type\":\"BreadcrumbList\",\"@id\":\"https:\\\/\\\/marktxxl.de\\\/markt\\\/produkt\\\/3-stueck-gua-sha-stein-massage-set-gua-sha-anti-falten-werkzeug-anti-aging-beauty-facial-therapie-gua-sha-set-natuerliche-massagestein-fuer-gesichts-halshaut-wangen-hautstraffung\\\/#breadcrumb\",\"itemListElement\":[{\"@type\":\"ListItem\",\"position\":1,\"name\":\"Startseite\",\"item\":\"https:\\\/\\\/marktxxl.de\\\/markt\\\/\"},{\"@type\":\"ListItem\",\"position\":2,\"name\":\"Markt\",\"item\":\"https:\\\/\\\/marktxxl.de\\\/markt\\\/\"},{\"@type\":\"ListItem\",\"position\":3,\"name\":\"3 St\u00fcck Gua Sha Stein Massage Set, Gua Sha Anti-Falten Werkzeug, Anti-Aging Beauty Facial Therapie Gua Sha Set\u2026\"}]},{\"@type\":\"WebSite\",\"@id\":\"https:\\\/\\\/marktxxl.de\\\/markt\\\/#website\",\"url\":\"https:\\\/\\\/marktxxl.de\\\/markt\\\/\",\"name\":\"Markt-XXL\",\"description\":\"Ihr Markt Online\",\"publisher\":{\"@id\":\"https:\\\/\\\/marktxxl.de\\\/markt\\\/#organization\"},\"potentialAction\":[{\"@type\":\"SearchAction\",\"target\":{\"@type\":\"EntryPoint\",\"urlTemplate\":\"https:\\\/\\\/marktxxl.de\\\/markt\\\/?s={search_term_string}\"},\"query-input\":{\"@type\":\"PropertyValueSpecification\",\"valueRequired\":true,\"valueName\":\"search_term_string\"}}],\"inLanguage\":\"de\"},{\"@type\":\"Organization\",\"@id\":\"https:\\\/\\\/marktxxl.de\\\/markt\\\/#organization\",\"name\":\"Markt-XXL\",\"url\":\"https:\\\/\\\/marktxxl.de\\\/markt\\\/\",\"logo\":{\"@type\":\"ImageObject\",\"inLanguage\":\"de\",\"@id\":\"https:\\\/\\\/marktxxl.de\\\/markt\\\/#\\\/schema\\\/logo\\\/image\\\/\",\"url\":\"https:\\\/\\\/marktxxl.de\\\/markt\\\/wp-content\\\/uploads\\\/sites\\\/3\\\/2020\\\/12\\\/logo.png\",\"contentUrl\":\"https:\\\/\\\/marktxxl.de\\\/markt\\\/wp-content\\\/uploads\\\/sites\\\/3\\\/2020\\\/12\\\/logo.png\",\"width\":200,\"height\":70,\"caption\":\"Markt-XXL\"},\"image\":{\"@id\":\"https:\\\/\\\/marktxxl.de\\\/markt\\\/#\\\/schema\\\/logo\\\/image\\\/\"}}]}<\/script>\n<!-- \/ Yoast SEO plugin. -->","yoast_head_json":{"title":"3 St\u00fcck Gua Sha Stein Massage Set, Gua Sha Anti-Falten Werkzeug, Anti-Aging Beauty Facial Therapie Gua Sha Set\u2026 - Markt-XXL","description":"Markt-XXL 3 St\u00fcck Gua Sha Stein Massage Set, Gua Sha Anti-Falten Werkzeug, Anti-Aging Beauty Facial Therapie Gua Sha Set\u2026","robots":{"index":"index","follow":"follow","max-snippet":"max-snippet:-1","max-image-preview":"max-image-preview:large","max-video-preview":"max-video-preview:-1"},"canonical":"https:\/\/marktxxl.de\/markt\/produkt\/3-stueck-gua-sha-stein-massage-set-gua-sha-anti-falten-werkzeug-anti-aging-beauty-facial-therapie-gua-sha-set-natuerliche-massagestein-fuer-gesichts-halshaut-wangen-hautstraffung\/","og_locale":"de_DE","og_type":"article","og_title":"3 St\u00fcck Gua Sha Stein Massage Set, Gua Sha Anti-Falten Werkzeug, Anti-Aging Beauty Facial Therapie Gua Sha Set\u2026 - Markt-XXL","og_description":"Markt-XXL 3 St\u00fcck Gua Sha Stein Massage Set, Gua Sha Anti-Falten Werkzeug, Anti-Aging Beauty Facial Therapie Gua Sha Set\u2026","og_url":"https:\/\/marktxxl.de\/markt\/produkt\/3-stueck-gua-sha-stein-massage-set-gua-sha-anti-falten-werkzeug-anti-aging-beauty-facial-therapie-gua-sha-set-natuerliche-massagestein-fuer-gesichts-halshaut-wangen-hautstraffung\/","og_site_name":"Markt-XXL","article_modified_time":"2023-04-07T00:13:10+00:00","og_image":[{"width":500,"height":500,"url":"https:\/\/m.media-amazon.com\/images\/I\/51BWl8cOtkL._SL500_.jpg","type":"image\/jpeg"}],"twitter_card":"summary_large_image","twitter_misc":{"Gesch\u00e4tzte Lesezeit":"2\u00a0Minuten"},"schema":{"@context":"https:\/\/schema.org","@graph":[{"@type":"WebPage","@id":"https:\/\/marktxxl.de\/markt\/produkt\/3-stueck-gua-sha-stein-massage-set-gua-sha-anti-falten-werkzeug-anti-aging-beauty-facial-therapie-gua-sha-set-natuerliche-massagestein-fuer-gesichts-halshaut-wangen-hautstraffung\/","url":"https:\/\/marktxxl.de\/markt\/produkt\/3-stueck-gua-sha-stein-massage-set-gua-sha-anti-falten-werkzeug-anti-aging-beauty-facial-therapie-gua-sha-set-natuerliche-massagestein-fuer-gesichts-halshaut-wangen-hautstraffung\/","name":"3 St\u00fcck Gua Sha Stein Massage Set, Gua Sha Anti-Falten Werkzeug, Anti-Aging Beauty Facial Therapie Gua Sha Set\u2026 - Markt-XXL","isPartOf":{"@id":"https:\/\/marktxxl.de\/markt\/#website"},"primaryImageOfPage":{"@id":"https:\/\/marktxxl.de\/markt\/produkt\/3-stueck-gua-sha-stein-massage-set-gua-sha-anti-falten-werkzeug-anti-aging-beauty-facial-therapie-gua-sha-set-natuerliche-massagestein-fuer-gesichts-halshaut-wangen-hautstraffung\/#primaryimage"},"image":{"@id":"https:\/\/marktxxl.de\/markt\/produkt\/3-stueck-gua-sha-stein-massage-set-gua-sha-anti-falten-werkzeug-anti-aging-beauty-facial-therapie-gua-sha-set-natuerliche-massagestein-fuer-gesichts-halshaut-wangen-hautstraffung\/#primaryimage"},"thumbnailUrl":"https:\/\/m.media-amazon.com\/images\/I\/51BWl8cOtkL._SL500_.jpg","datePublished":"2021-11-25T18:15:09+00:00","dateModified":"2023-04-07T00:13:10+00:00","description":"Markt-XXL 3 St\u00fcck Gua Sha Stein Massage Set, Gua Sha Anti-Falten Werkzeug, Anti-Aging Beauty Facial Therapie Gua Sha Set\u2026","breadcrumb":{"@id":"https:\/\/marktxxl.de\/markt\/produkt\/3-stueck-gua-sha-stein-massage-set-gua-sha-anti-falten-werkzeug-anti-aging-beauty-facial-therapie-gua-sha-set-natuerliche-massagestein-fuer-gesichts-halshaut-wangen-hautstraffung\/#breadcrumb"},"inLanguage":"de","potentialAction":[{"@type":"ReadAction","target":["https:\/\/marktxxl.de\/markt\/produkt\/3-stueck-gua-sha-stein-massage-set-gua-sha-anti-falten-werkzeug-anti-aging-beauty-facial-therapie-gua-sha-set-natuerliche-massagestein-fuer-gesichts-halshaut-wangen-hautstraffung\/"]}]},{"@type":"ImageObject","inLanguage":"de","@id":"https:\/\/marktxxl.de\/markt\/produkt\/3-stueck-gua-sha-stein-massage-set-gua-sha-anti-falten-werkzeug-anti-aging-beauty-facial-therapie-gua-sha-set-natuerliche-massagestein-fuer-gesichts-halshaut-wangen-hautstraffung\/#primaryimage","url":"https:\/\/m.media-amazon.com\/images\/I\/51BWl8cOtkL._SL500_.jpg","contentUrl":"https:\/\/m.media-amazon.com\/images\/I\/51BWl8cOtkL._SL500_.jpg","width":500,"height":500},{"@type":"BreadcrumbList","@id":"https:\/\/marktxxl.de\/markt\/produkt\/3-stueck-gua-sha-stein-massage-set-gua-sha-anti-falten-werkzeug-anti-aging-beauty-facial-therapie-gua-sha-set-natuerliche-massagestein-fuer-gesichts-halshaut-wangen-hautstraffung\/#breadcrumb","itemListElement":[{"@type":"ListItem","position":1,"name":"Startseite","item":"https:\/\/marktxxl.de\/markt\/"},{"@type":"ListItem","position":2,"name":"Markt","item":"https:\/\/marktxxl.de\/markt\/"},{"@type":"ListItem","position":3,"name":"3 St\u00fcck Gua Sha Stein Massage Set, Gua Sha Anti-Falten Werkzeug, Anti-Aging Beauty Facial Therapie Gua Sha Set\u2026"}]},{"@type":"WebSite","@id":"https:\/\/marktxxl.de\/markt\/#website","url":"https:\/\/marktxxl.de\/markt\/","name":"Markt-XXL","description":"Ihr Markt Online","publisher":{"@id":"https:\/\/marktxxl.de\/markt\/#organization"},"potentialAction":[{"@type":"SearchAction","target":{"@type":"EntryPoint","urlTemplate":"https:\/\/marktxxl.de\/markt\/?s={search_term_string}"},"query-input":{"@type":"PropertyValueSpecification","valueRequired":true,"valueName":"search_term_string"}}],"inLanguage":"de"},{"@type":"Organization","@id":"https:\/\/marktxxl.de\/markt\/#organization","name":"Markt-XXL","url":"https:\/\/marktxxl.de\/markt\/","logo":{"@type":"ImageObject","inLanguage":"de","@id":"https:\/\/marktxxl.de\/markt\/#\/schema\/logo\/image\/","url":"https:\/\/marktxxl.de\/markt\/wp-content\/uploads\/sites\/3\/2020\/12\/logo.png","contentUrl":"https:\/\/marktxxl.de\/markt\/wp-content\/uploads\/sites\/3\/2020\/12\/logo.png","width":200,"height":70,"caption":"Markt-XXL"},"image":{"@id":"https:\/\/marktxxl.de\/markt\/#\/schema\/logo\/image\/"}}]}},"_links":{"self":[{"href":"https:\/\/marktxxl.de\/markt\/wp-json\/wp\/v2\/product\/82387","targetHints":{"allow":["GET"]}}],"collection":[{"href":"https:\/\/marktxxl.de\/markt\/wp-json\/wp\/v2\/product"}],"about":[{"href":"https:\/\/marktxxl.de\/markt\/wp-json\/wp\/v2\/types\/product"}],"replies":[{"embeddable":true,"href":"https:\/\/marktxxl.de\/markt\/wp-json\/wp\/v2\/comments?post=82387"}],"wp:featuredmedia":[{"embeddable":true,"href":"https:\/\/marktxxl.de\/markt\/wp-json\/wp\/v2\/media\/82388"}],"wp:attachment":[{"href":"https:\/\/marktxxl.de\/markt\/wp-json\/wp\/v2\/media?parent=82387"}],"wp:term":[{"taxonomy":"product_brand","embeddable":true,"href":"https:\/\/marktxxl.de\/markt\/wp-json\/wp\/v2\/product_brand?post=82387"},{"taxonomy":"product_cat","embeddable":true,"href":"https:\/\/marktxxl.de\/markt\/wp-json\/wp\/v2\/product_cat?post=82387"},{"taxonomy":"product_tag","embeddable":true,"href":"https:\/\/marktxxl.de\/markt\/wp-json\/wp\/v2\/product_tag?post=82387"}],"curies":[{"name":"wp","href":"https:\/\/api.w.org\/{rel}","templated":true}]}}