{"id":82196,"date":"2021-11-25T19:03:52","date_gmt":"2021-11-25T18:03:52","guid":{"rendered":"https:\/\/marktxxl.de\/markt\/produkt\/ohr-und-nasenhaartrimmer-clipper-2021-professioneller-schmerzfreier-augenbrauen\/"},"modified":"2023-04-07T02:12:29","modified_gmt":"2023-04-07T00:12:29","slug":"ohr-und-nasenhaartrimmer-clipper-2021-professioneller-schmerzfreier-augenbrauen","status":"publish","type":"product","link":"https:\/\/marktxxl.de\/markt\/produkt\/ohr-und-nasenhaartrimmer-clipper-2021-professioneller-schmerzfreier-augenbrauen\/","title":{"rendered":"Ohr- und Nasenhaartrimmer Clipper &#8211; 2021 Professioneller schmerzfreier Augenbrauen"},"content":{"rendered":"<p>\u3010Vielseitiges Trimmwerkzeug\u3011 Aus hochwertigem Edelstahl, dieser schnurlose Ohr- und Nasenhaarschneider kann effektiv und bequem unerw\u00fcnschte Haare von Nase, Ohren, Augenbrauen, Bart und Gesicht entfernen. Ein-Knopf-Design ist einfach zu bedienen und geeignet f\u00fcr M\u00e4nner und Frauen. Zeigen Sie jederzeit und \u00fcberall die selbstbewusste Seite.<br \/>\n\u3010Zweischneidige Spinning Klingen\u3011 Dieser Nasenhaarschneider verf\u00fcgt \u00fcber ein zweischneidiges Spinning-Klingensystem mit einer Schutzabdeckung, inneres 360\u00b0 drehbares Design, das die Haare glatt und pr\u00e4zise entfernt, ohne schmerzhaftes oder unangenehmes Ziehen zu schmerzen. Es ist bequem und einfach zu bedienen. Zeigen Sie Ihr Bestes bei der Arbeit oder bei Terminen.<br \/>\n\u3010IPX7 wasserdicht und einfach zu reinigen\u3011 Es ist wasserdicht und waschbar, so dass es leicht ist, R\u00fcckst\u00e4nde durch Einweichen oder Duschen zu behandeln. Waschbarer und abnehmbarer Trimmerkopf ist bequem f\u00fcr die Reinigung und Wartung. Benutzerfreundliches handliches K\u00f6rperdesign kommt mit einer staubdichten Abdeckung, um den Trimmerkopf zu sch\u00fctzen.<br \/>\nEnergiesparend und fl\u00fcsterleiser Betrieb: Der verbesserte Motor ist leistungsf\u00e4higer, aber weniger Stromverbrauch um 5%. 1 x AA-Batterie (nicht im Lieferumfang enthalten) kann f\u00fcr mehr als 6 Monate f\u00fcr 5 Minuten laufen. Dieser Nasentrimmer ist f\u00fcr Autofahrten und Reisen geeignet. Mit Betriebsger\u00e4uschen weniger als 50 dB, verwenden Sie die Nasenhaarschneidemaschine frei.<br \/>\n\u3010Sorgenfreie Geld-zur\u00fcck-Garantie\u3011 ZORAMI Nasenhaarschneider kommt mit einer 30-Tage-Geld-zur\u00fcck-Garantie, ohne viel Streitung erforderlich. Bitte z\u00f6gern Sie nicht, uns zu erreichen, wenn Sie Fragen oder Unzufriedenheit haben und wir werden es l\u00f6sen.<br \/>\n<div class=\"main-cross-sell\" data-asin=\"B0994HKZRF\">\n\n\t<div class=\"WooZone-cross-sell-loader\">\n\t\t<div>\n\t\t\t<div id=\"floatingBarsG\">\n\t\t\t\t<div class=\"blockG\" id=\"rotateG_01\"><\/div>\n\t\t\t\t<div class=\"blockG\" id=\"rotateG_02\"><\/div>\n\t\t\t\t<div class=\"blockG\" id=\"rotateG_03\"><\/div>\n\t\t\t\t<div class=\"blockG\" id=\"rotateG_04\"><\/div>\n\t\t\t\t<div class=\"blockG\" id=\"rotateG_05\"><\/div>\n\t\t\t\t<div class=\"blockG\" id=\"rotateG_06\"><\/div>\n\t\t\t\t<div class=\"blockG\" id=\"rotateG_07\"><\/div>\n\t\t\t\t<div class=\"blockG\" id=\"rotateG_08\"><\/div>\n\t\t\t<\/div>\n\t\t\t<div class=\"WooZone-cross-sell-loader-text\"><\/div>\n\t\t<\/div>\n\t<\/div>\n\n\t\t\n<\/div>\n<div style=\"clear:both;\"><\/div><\/p>\n","protected":false},"excerpt":{"rendered":"<p>\u3010Vielseitiges Trimmwerkzeug\u3011 Aus hochwertigem Edelstahl, dieser schnurlose Ohr- und Nasenhaarschneider kann effektiv und bequem unerw\u00fcnschte Haare von Nase, Ohren, Augenbrauen, Bart und Gesicht entfernen. Ein-Knopf-Design ist einfach zu bedienen und geeignet f\u00fcr M\u00e4nner und Frauen. Zeigen Sie jederzeit und \u00fcberall die selbstbewusste Seite.<br \/>\n\u3010Zweischneidige Spinning Klingen\u3011 Dieser Nasenhaarschneider verf\u00fcgt \u00fcber ein zweischneidiges Spinning-Klingensystem mit einer Schutzabdeckung, inneres 360\u00b0 drehbares Design, das die Haare glatt und pr\u00e4zise entfernt, ohne schmerzhaftes oder unangenehmes Ziehen zu schmerzen. Es ist bequem und einfach zu bedienen. Zeigen Sie Ihr Bestes bei der Arbeit oder bei Terminen.<br \/>\n\u3010IPX7 wasserdicht und einfach zu reinigen\u3011 Es ist wasserdicht und waschbar, so dass es leicht ist, R\u00fcckst\u00e4nde durch Einweichen oder Duschen zu behandeln. Waschbarer und abnehmbarer Trimmerkopf ist bequem f\u00fcr die Reinigung und Wartung. Benutzerfreundliches handliches K\u00f6rperdesign kommt mit einer staubdichten Abdeckung, um den Trimmerkopf zu sch\u00fctzen.<\/p>\n","protected":false},"featured_media":82197,"comment_status":"open","ping_status":"closed","template":"","meta":[],"product_brand":[],"product_cat":[566,6190],"product_tag":[],"class_list":{"0":"post-82196","1":"product","2":"type-product","3":"status-publish","4":"has-post-thumbnail","6":"product_cat-drogerie-koerperpflege","7":"product_cat-rasur-enthaarung","8":"pa_brand-aokey","9":"pa_color-white","10":"pa_manufacturer-zorami","12":"first","13":"instock","14":"shipping-taxable","15":"purchasable","16":"product-type-simple","17":"customify-col","18":"product-has-gallery"},"yoast_head":"<!-- This site is optimized with the Yoast SEO plugin v27.4 - https:\/\/yoast.com\/product\/yoast-seo-wordpress\/ -->\n<title>Ohr- und Nasenhaartrimmer Clipper - 2021 Professioneller schmerzfreier Augenbrauen - Markt-XXL<\/title>\n<meta name=\"description\" content=\"Markt-XXL Ohr- und Nasenhaartrimmer Clipper - 2021 Professioneller schmerzfreier Augenbrauen\" \/>\n<meta name=\"robots\" content=\"index, follow, max-snippet:-1, max-image-preview:large, max-video-preview:-1\" \/>\n<link rel=\"canonical\" href=\"https:\/\/marktxxl.de\/markt\/produkt\/ohr-und-nasenhaartrimmer-clipper-2021-professioneller-schmerzfreier-augenbrauen\/\" \/>\n<meta property=\"og:locale\" content=\"de_DE\" \/>\n<meta property=\"og:type\" content=\"article\" \/>\n<meta property=\"og:title\" content=\"Ohr- und Nasenhaartrimmer Clipper - 2021 Professioneller schmerzfreier Augenbrauen - Markt-XXL\" \/>\n<meta property=\"og:description\" content=\"Markt-XXL Ohr- und Nasenhaartrimmer Clipper - 2021 Professioneller schmerzfreier Augenbrauen\" \/>\n<meta property=\"og:url\" content=\"https:\/\/marktxxl.de\/markt\/produkt\/ohr-und-nasenhaartrimmer-clipper-2021-professioneller-schmerzfreier-augenbrauen\/\" \/>\n<meta property=\"og:site_name\" content=\"Markt-XXL\" \/>\n<meta property=\"article:modified_time\" content=\"2023-04-07T00:12:29+00:00\" \/>\n<meta property=\"og:image\" content=\"https:\/\/m.media-amazon.com\/images\/I\/41Z2t+wK-gL._SL500_.jpg\" \/>\n\t<meta property=\"og:image:width\" content=\"500\" \/>\n\t<meta property=\"og:image:height\" content=\"500\" \/>\n\t<meta property=\"og:image:type\" content=\"image\/jpeg\" \/>\n<meta name=\"twitter:card\" content=\"summary_large_image\" \/>\n<meta name=\"twitter:label1\" content=\"Gesch\u00e4tzte Lesezeit\" \/>\n\t<meta name=\"twitter:data1\" content=\"1\u00a0Minute\" \/>\n<script type=\"application\/ld+json\" class=\"yoast-schema-graph\">{\"@context\":\"https:\\\/\\\/schema.org\",\"@graph\":[{\"@type\":\"WebPage\",\"@id\":\"https:\\\/\\\/marktxxl.de\\\/markt\\\/produkt\\\/ohr-und-nasenhaartrimmer-clipper-2021-professioneller-schmerzfreier-augenbrauen\\\/\",\"url\":\"https:\\\/\\\/marktxxl.de\\\/markt\\\/produkt\\\/ohr-und-nasenhaartrimmer-clipper-2021-professioneller-schmerzfreier-augenbrauen\\\/\",\"name\":\"Ohr- und Nasenhaartrimmer Clipper - 2021 Professioneller schmerzfreier Augenbrauen - Markt-XXL\",\"isPartOf\":{\"@id\":\"https:\\\/\\\/marktxxl.de\\\/markt\\\/#website\"},\"primaryImageOfPage\":{\"@id\":\"https:\\\/\\\/marktxxl.de\\\/markt\\\/produkt\\\/ohr-und-nasenhaartrimmer-clipper-2021-professioneller-schmerzfreier-augenbrauen\\\/#primaryimage\"},\"image\":{\"@id\":\"https:\\\/\\\/marktxxl.de\\\/markt\\\/produkt\\\/ohr-und-nasenhaartrimmer-clipper-2021-professioneller-schmerzfreier-augenbrauen\\\/#primaryimage\"},\"thumbnailUrl\":\"https:\\\/\\\/m.media-amazon.com\\\/images\\\/I\\\/41Z2t+wK-gL._SL500_.jpg\",\"datePublished\":\"2021-11-25T18:03:52+00:00\",\"dateModified\":\"2023-04-07T00:12:29+00:00\",\"description\":\"Markt-XXL Ohr- und Nasenhaartrimmer Clipper - 2021 Professioneller schmerzfreier Augenbrauen\",\"breadcrumb\":{\"@id\":\"https:\\\/\\\/marktxxl.de\\\/markt\\\/produkt\\\/ohr-und-nasenhaartrimmer-clipper-2021-professioneller-schmerzfreier-augenbrauen\\\/#breadcrumb\"},\"inLanguage\":\"de\",\"potentialAction\":[{\"@type\":\"ReadAction\",\"target\":[\"https:\\\/\\\/marktxxl.de\\\/markt\\\/produkt\\\/ohr-und-nasenhaartrimmer-clipper-2021-professioneller-schmerzfreier-augenbrauen\\\/\"]}]},{\"@type\":\"ImageObject\",\"inLanguage\":\"de\",\"@id\":\"https:\\\/\\\/marktxxl.de\\\/markt\\\/produkt\\\/ohr-und-nasenhaartrimmer-clipper-2021-professioneller-schmerzfreier-augenbrauen\\\/#primaryimage\",\"url\":\"https:\\\/\\\/m.media-amazon.com\\\/images\\\/I\\\/41Z2t+wK-gL._SL500_.jpg\",\"contentUrl\":\"https:\\\/\\\/m.media-amazon.com\\\/images\\\/I\\\/41Z2t+wK-gL._SL500_.jpg\",\"width\":500,\"height\":500},{\"@type\":\"BreadcrumbList\",\"@id\":\"https:\\\/\\\/marktxxl.de\\\/markt\\\/produkt\\\/ohr-und-nasenhaartrimmer-clipper-2021-professioneller-schmerzfreier-augenbrauen\\\/#breadcrumb\",\"itemListElement\":[{\"@type\":\"ListItem\",\"position\":1,\"name\":\"Startseite\",\"item\":\"https:\\\/\\\/marktxxl.de\\\/markt\\\/\"},{\"@type\":\"ListItem\",\"position\":2,\"name\":\"Markt\",\"item\":\"https:\\\/\\\/marktxxl.de\\\/markt\\\/\"},{\"@type\":\"ListItem\",\"position\":3,\"name\":\"Ohr- und Nasenhaartrimmer Clipper &#8211; 2021 Professioneller schmerzfreier Augenbrauen\"}]},{\"@type\":\"WebSite\",\"@id\":\"https:\\\/\\\/marktxxl.de\\\/markt\\\/#website\",\"url\":\"https:\\\/\\\/marktxxl.de\\\/markt\\\/\",\"name\":\"Markt-XXL\",\"description\":\"Ihr Markt Online\",\"publisher\":{\"@id\":\"https:\\\/\\\/marktxxl.de\\\/markt\\\/#organization\"},\"potentialAction\":[{\"@type\":\"SearchAction\",\"target\":{\"@type\":\"EntryPoint\",\"urlTemplate\":\"https:\\\/\\\/marktxxl.de\\\/markt\\\/?s={search_term_string}\"},\"query-input\":{\"@type\":\"PropertyValueSpecification\",\"valueRequired\":true,\"valueName\":\"search_term_string\"}}],\"inLanguage\":\"de\"},{\"@type\":\"Organization\",\"@id\":\"https:\\\/\\\/marktxxl.de\\\/markt\\\/#organization\",\"name\":\"Markt-XXL\",\"url\":\"https:\\\/\\\/marktxxl.de\\\/markt\\\/\",\"logo\":{\"@type\":\"ImageObject\",\"inLanguage\":\"de\",\"@id\":\"https:\\\/\\\/marktxxl.de\\\/markt\\\/#\\\/schema\\\/logo\\\/image\\\/\",\"url\":\"https:\\\/\\\/marktxxl.de\\\/markt\\\/wp-content\\\/uploads\\\/sites\\\/3\\\/2020\\\/12\\\/logo.png\",\"contentUrl\":\"https:\\\/\\\/marktxxl.de\\\/markt\\\/wp-content\\\/uploads\\\/sites\\\/3\\\/2020\\\/12\\\/logo.png\",\"width\":200,\"height\":70,\"caption\":\"Markt-XXL\"},\"image\":{\"@id\":\"https:\\\/\\\/marktxxl.de\\\/markt\\\/#\\\/schema\\\/logo\\\/image\\\/\"}}]}<\/script>\n<!-- \/ Yoast SEO plugin. -->","yoast_head_json":{"title":"Ohr- und Nasenhaartrimmer Clipper - 2021 Professioneller schmerzfreier Augenbrauen - Markt-XXL","description":"Markt-XXL Ohr- und Nasenhaartrimmer Clipper - 2021 Professioneller schmerzfreier Augenbrauen","robots":{"index":"index","follow":"follow","max-snippet":"max-snippet:-1","max-image-preview":"max-image-preview:large","max-video-preview":"max-video-preview:-1"},"canonical":"https:\/\/marktxxl.de\/markt\/produkt\/ohr-und-nasenhaartrimmer-clipper-2021-professioneller-schmerzfreier-augenbrauen\/","og_locale":"de_DE","og_type":"article","og_title":"Ohr- und Nasenhaartrimmer Clipper - 2021 Professioneller schmerzfreier Augenbrauen - Markt-XXL","og_description":"Markt-XXL Ohr- und Nasenhaartrimmer Clipper - 2021 Professioneller schmerzfreier Augenbrauen","og_url":"https:\/\/marktxxl.de\/markt\/produkt\/ohr-und-nasenhaartrimmer-clipper-2021-professioneller-schmerzfreier-augenbrauen\/","og_site_name":"Markt-XXL","article_modified_time":"2023-04-07T00:12:29+00:00","og_image":[{"width":500,"height":500,"url":"https:\/\/m.media-amazon.com\/images\/I\/41Z2t+wK-gL._SL500_.jpg","type":"image\/jpeg"}],"twitter_card":"summary_large_image","twitter_misc":{"Gesch\u00e4tzte Lesezeit":"1\u00a0Minute"},"schema":{"@context":"https:\/\/schema.org","@graph":[{"@type":"WebPage","@id":"https:\/\/marktxxl.de\/markt\/produkt\/ohr-und-nasenhaartrimmer-clipper-2021-professioneller-schmerzfreier-augenbrauen\/","url":"https:\/\/marktxxl.de\/markt\/produkt\/ohr-und-nasenhaartrimmer-clipper-2021-professioneller-schmerzfreier-augenbrauen\/","name":"Ohr- und Nasenhaartrimmer Clipper - 2021 Professioneller schmerzfreier Augenbrauen - Markt-XXL","isPartOf":{"@id":"https:\/\/marktxxl.de\/markt\/#website"},"primaryImageOfPage":{"@id":"https:\/\/marktxxl.de\/markt\/produkt\/ohr-und-nasenhaartrimmer-clipper-2021-professioneller-schmerzfreier-augenbrauen\/#primaryimage"},"image":{"@id":"https:\/\/marktxxl.de\/markt\/produkt\/ohr-und-nasenhaartrimmer-clipper-2021-professioneller-schmerzfreier-augenbrauen\/#primaryimage"},"thumbnailUrl":"https:\/\/m.media-amazon.com\/images\/I\/41Z2t+wK-gL._SL500_.jpg","datePublished":"2021-11-25T18:03:52+00:00","dateModified":"2023-04-07T00:12:29+00:00","description":"Markt-XXL Ohr- und Nasenhaartrimmer Clipper - 2021 Professioneller schmerzfreier Augenbrauen","breadcrumb":{"@id":"https:\/\/marktxxl.de\/markt\/produkt\/ohr-und-nasenhaartrimmer-clipper-2021-professioneller-schmerzfreier-augenbrauen\/#breadcrumb"},"inLanguage":"de","potentialAction":[{"@type":"ReadAction","target":["https:\/\/marktxxl.de\/markt\/produkt\/ohr-und-nasenhaartrimmer-clipper-2021-professioneller-schmerzfreier-augenbrauen\/"]}]},{"@type":"ImageObject","inLanguage":"de","@id":"https:\/\/marktxxl.de\/markt\/produkt\/ohr-und-nasenhaartrimmer-clipper-2021-professioneller-schmerzfreier-augenbrauen\/#primaryimage","url":"https:\/\/m.media-amazon.com\/images\/I\/41Z2t+wK-gL._SL500_.jpg","contentUrl":"https:\/\/m.media-amazon.com\/images\/I\/41Z2t+wK-gL._SL500_.jpg","width":500,"height":500},{"@type":"BreadcrumbList","@id":"https:\/\/marktxxl.de\/markt\/produkt\/ohr-und-nasenhaartrimmer-clipper-2021-professioneller-schmerzfreier-augenbrauen\/#breadcrumb","itemListElement":[{"@type":"ListItem","position":1,"name":"Startseite","item":"https:\/\/marktxxl.de\/markt\/"},{"@type":"ListItem","position":2,"name":"Markt","item":"https:\/\/marktxxl.de\/markt\/"},{"@type":"ListItem","position":3,"name":"Ohr- und Nasenhaartrimmer Clipper &#8211; 2021 Professioneller schmerzfreier Augenbrauen"}]},{"@type":"WebSite","@id":"https:\/\/marktxxl.de\/markt\/#website","url":"https:\/\/marktxxl.de\/markt\/","name":"Markt-XXL","description":"Ihr Markt Online","publisher":{"@id":"https:\/\/marktxxl.de\/markt\/#organization"},"potentialAction":[{"@type":"SearchAction","target":{"@type":"EntryPoint","urlTemplate":"https:\/\/marktxxl.de\/markt\/?s={search_term_string}"},"query-input":{"@type":"PropertyValueSpecification","valueRequired":true,"valueName":"search_term_string"}}],"inLanguage":"de"},{"@type":"Organization","@id":"https:\/\/marktxxl.de\/markt\/#organization","name":"Markt-XXL","url":"https:\/\/marktxxl.de\/markt\/","logo":{"@type":"ImageObject","inLanguage":"de","@id":"https:\/\/marktxxl.de\/markt\/#\/schema\/logo\/image\/","url":"https:\/\/marktxxl.de\/markt\/wp-content\/uploads\/sites\/3\/2020\/12\/logo.png","contentUrl":"https:\/\/marktxxl.de\/markt\/wp-content\/uploads\/sites\/3\/2020\/12\/logo.png","width":200,"height":70,"caption":"Markt-XXL"},"image":{"@id":"https:\/\/marktxxl.de\/markt\/#\/schema\/logo\/image\/"}}]}},"_links":{"self":[{"href":"https:\/\/marktxxl.de\/markt\/wp-json\/wp\/v2\/product\/82196","targetHints":{"allow":["GET"]}}],"collection":[{"href":"https:\/\/marktxxl.de\/markt\/wp-json\/wp\/v2\/product"}],"about":[{"href":"https:\/\/marktxxl.de\/markt\/wp-json\/wp\/v2\/types\/product"}],"replies":[{"embeddable":true,"href":"https:\/\/marktxxl.de\/markt\/wp-json\/wp\/v2\/comments?post=82196"}],"wp:featuredmedia":[{"embeddable":true,"href":"https:\/\/marktxxl.de\/markt\/wp-json\/wp\/v2\/media\/82197"}],"wp:attachment":[{"href":"https:\/\/marktxxl.de\/markt\/wp-json\/wp\/v2\/media?parent=82196"}],"wp:term":[{"taxonomy":"product_brand","embeddable":true,"href":"https:\/\/marktxxl.de\/markt\/wp-json\/wp\/v2\/product_brand?post=82196"},{"taxonomy":"product_cat","embeddable":true,"href":"https:\/\/marktxxl.de\/markt\/wp-json\/wp\/v2\/product_cat?post=82196"},{"taxonomy":"product_tag","embeddable":true,"href":"https:\/\/marktxxl.de\/markt\/wp-json\/wp\/v2\/product_tag?post=82196"}],"curies":[{"name":"wp","href":"https:\/\/api.w.org\/{rel}","templated":true}]}}