{"id":82040,"date":"2021-11-25T18:57:26","date_gmt":"2021-11-25T17:57:26","guid":{"rendered":"https:\/\/marktxxl.de\/markt\/produkt\/clearblue-clearblue-kinderwunsch-ovulationstest-fortschrittlich-digital-fruchtbarkeitstest-fuer-eisprung-tests\/"},"modified":"2023-04-07T02:12:26","modified_gmt":"2023-04-07T00:12:26","slug":"clearblue-clearblue-kinderwunsch-ovulationstest-fortschrittlich-digital-fruchtbarkeitstest-fuer-eisprung-tests","status":"publish","type":"product","link":"https:\/\/marktxxl.de\/markt\/produkt\/clearblue-clearblue-kinderwunsch-ovulationstest-fortschrittlich-digital-fruchtbarkeitstest-fuer-eisprung-tests\/","title":{"rendered":"Clearblue Kinderwunsch Ovulationstest Kit, 10 Tests + 1 digitale Testhalterung, Fruchtbarkeitstest f\u00fcr Frauen \/ Eisprung\u2026"},"content":{"rendered":"<p>Nachweislich doppelte Chancen, im ersten Anwendungszyklus schwanger zu werden, gg\u00fc. einer Nichtanwendung von Ovulationstests<br \/>\nEindeutige Ergebnisse \u2013 An Ihren fruchtbaren Tagen erscheint der einzigartige l\u00e4chelnde Clearblue Smiley: Wenn Sie an Tagen mit hoher oder maximaler Fruchtbarkeit Geschlechtsverkehr haben, erh\u00f6hen Sie Ihre Chancen, schwanger zu werden, auf ein Maximum<br \/>\nIdentifiziert im Gegensatz zu jedem anderen Test zus\u00e4tzlich Tage hoher Fruchtbarkeit, f\u00fcr mehr M\u00f6glichkeiten, um auf nat\u00fcrliche Weise schwanger zu werden<br \/>\nNr. 1 \u2013 die von Gyn\u00e4kologen meistempfohlene Marke in Deutschland<br \/>\nPasst sich zu jedem Testzeitpunkt Ihrem einzigartigen Hormonprofil an<br \/>\nZu \u00fcber 99 Prozent zuverl\u00e4ssig in der Erkennung des LH-Anstiegs<br \/>\nIm Vergleich zu Teststreifen einfach abzulesen \u2013 In einer in Gro\u00dfbritannien durchgef\u00fchrten Studie gaben 7 von 10 Frauen an, dass \u201eStreifentests\u201c nicht \u201eeinfach abzulesen\u201c seien (111 Frauen verwendeten unterschiedliche Testtypen und lasen die Ergebnisse ab)<br \/>\n<div class=\"main-cross-sell\" data-asin=\"B08FF1542C\">\n\n\t<div class=\"WooZone-cross-sell-loader\">\n\t\t<div>\n\t\t\t<div id=\"floatingBarsG\">\n\t\t\t\t<div class=\"blockG\" id=\"rotateG_01\"><\/div>\n\t\t\t\t<div class=\"blockG\" id=\"rotateG_02\"><\/div>\n\t\t\t\t<div class=\"blockG\" id=\"rotateG_03\"><\/div>\n\t\t\t\t<div class=\"blockG\" id=\"rotateG_04\"><\/div>\n\t\t\t\t<div class=\"blockG\" id=\"rotateG_05\"><\/div>\n\t\t\t\t<div class=\"blockG\" id=\"rotateG_06\"><\/div>\n\t\t\t\t<div class=\"blockG\" id=\"rotateG_07\"><\/div>\n\t\t\t\t<div class=\"blockG\" id=\"rotateG_08\"><\/div>\n\t\t\t<\/div>\n\t\t\t<div class=\"WooZone-cross-sell-loader-text\"><\/div>\n\t\t<\/div>\n\t<\/div>\n\n\t\t\n<\/div>\n<div style=\"clear:both;\"><\/div><\/p>\n","protected":false},"excerpt":{"rendered":"<p>Nachweislich doppelte Chancen, im ersten Anwendungszyklus schwanger zu werden, gg\u00fc. einer Nichtanwendung von Ovulationstests<br \/>\nEindeutige Ergebnisse \u2013 An Ihren fruchtbaren Tagen erscheint der einzigartige l\u00e4chelnde Clearblue Smiley: Wenn Sie an Tagen mit hoher oder maximaler Fruchtbarkeit Geschlechtsverkehr haben, erh\u00f6hen Sie Ihre Chancen, schwanger zu werden, auf ein Maximum<br \/>\nIdentifiziert im Gegensatz zu jedem anderen Test zus\u00e4tzlich Tage hoher Fruchtbarkeit, f\u00fcr mehr M\u00f6glichkeiten, um auf nat\u00fcrliche Weise schwanger zu werden<\/p>\n","protected":false},"featured_media":82041,"comment_status":"open","ping_status":"closed","template":"","meta":[],"product_brand":[],"product_cat":[566,6291],"product_tag":[],"class_list":{"0":"post-82040","1":"product","2":"type-product","3":"status-publish","4":"has-post-thumbnail","6":"product_cat-drogerie-koerperpflege","7":"product_cat-schwangerschaft","8":"pa_binding-badartikel","9":"pa_brand-clearblue","10":"pa_model-26998","12":"first","13":"instock","14":"shipping-taxable","15":"purchasable","16":"product-type-simple","17":"customify-col","18":"product-has-gallery"},"yoast_head":"<!-- This site is optimized with the Yoast SEO plugin v27.4 - https:\/\/yoast.com\/product\/yoast-seo-wordpress\/ -->\n<title>Clearblue Kinderwunsch Ovulationstest Kit, 10 Tests + 1 digitale Testhalterung, Fruchtbarkeitstest f\u00fcr Frauen \/ Eisprung\u2026 - Markt-XXL<\/title>\n<meta name=\"description\" content=\"Markt-XXL Clearblue Kinderwunsch Ovulationstest Kit, 10 Tests + 1 digitale Testhalterung, Fruchtbarkeitstest f\u00fcr Frauen \/ Eisprung\u2026\" \/>\n<meta name=\"robots\" content=\"index, follow, max-snippet:-1, max-image-preview:large, max-video-preview:-1\" \/>\n<link rel=\"canonical\" href=\"https:\/\/marktxxl.de\/markt\/produkt\/clearblue-clearblue-kinderwunsch-ovulationstest-fortschrittlich-digital-fruchtbarkeitstest-fuer-eisprung-tests\/\" \/>\n<meta property=\"og:locale\" content=\"de_DE\" \/>\n<meta property=\"og:type\" content=\"article\" \/>\n<meta property=\"og:title\" content=\"Clearblue Kinderwunsch Ovulationstest Kit, 10 Tests + 1 digitale Testhalterung, Fruchtbarkeitstest f\u00fcr Frauen \/ Eisprung\u2026 - Markt-XXL\" \/>\n<meta property=\"og:description\" content=\"Markt-XXL Clearblue Kinderwunsch Ovulationstest Kit, 10 Tests + 1 digitale Testhalterung, Fruchtbarkeitstest f\u00fcr Frauen \/ Eisprung\u2026\" \/>\n<meta property=\"og:url\" content=\"https:\/\/marktxxl.de\/markt\/produkt\/clearblue-clearblue-kinderwunsch-ovulationstest-fortschrittlich-digital-fruchtbarkeitstest-fuer-eisprung-tests\/\" \/>\n<meta property=\"og:site_name\" content=\"Markt-XXL\" \/>\n<meta property=\"article:modified_time\" content=\"2023-04-07T00:12:26+00:00\" \/>\n<meta property=\"og:image\" content=\"https:\/\/m.media-amazon.com\/images\/I\/51CkIYq-10L._SL500_.jpg\" \/>\n\t<meta property=\"og:image:width\" content=\"500\" \/>\n\t<meta property=\"og:image:height\" content=\"500\" \/>\n\t<meta property=\"og:image:type\" content=\"image\/jpeg\" \/>\n<meta name=\"twitter:card\" content=\"summary_large_image\" \/>\n<meta name=\"twitter:label1\" content=\"Gesch\u00e4tzte Lesezeit\" \/>\n\t<meta name=\"twitter:data1\" content=\"1\u00a0Minute\" \/>\n<script type=\"application\/ld+json\" class=\"yoast-schema-graph\">{\"@context\":\"https:\\\/\\\/schema.org\",\"@graph\":[{\"@type\":\"WebPage\",\"@id\":\"https:\\\/\\\/marktxxl.de\\\/markt\\\/produkt\\\/clearblue-clearblue-kinderwunsch-ovulationstest-fortschrittlich-digital-fruchtbarkeitstest-fuer-eisprung-tests\\\/\",\"url\":\"https:\\\/\\\/marktxxl.de\\\/markt\\\/produkt\\\/clearblue-clearblue-kinderwunsch-ovulationstest-fortschrittlich-digital-fruchtbarkeitstest-fuer-eisprung-tests\\\/\",\"name\":\"Clearblue Kinderwunsch Ovulationstest Kit, 10 Tests + 1 digitale Testhalterung, Fruchtbarkeitstest f\u00fcr Frauen \\\/ Eisprung\u2026 - Markt-XXL\",\"isPartOf\":{\"@id\":\"https:\\\/\\\/marktxxl.de\\\/markt\\\/#website\"},\"primaryImageOfPage\":{\"@id\":\"https:\\\/\\\/marktxxl.de\\\/markt\\\/produkt\\\/clearblue-clearblue-kinderwunsch-ovulationstest-fortschrittlich-digital-fruchtbarkeitstest-fuer-eisprung-tests\\\/#primaryimage\"},\"image\":{\"@id\":\"https:\\\/\\\/marktxxl.de\\\/markt\\\/produkt\\\/clearblue-clearblue-kinderwunsch-ovulationstest-fortschrittlich-digital-fruchtbarkeitstest-fuer-eisprung-tests\\\/#primaryimage\"},\"thumbnailUrl\":\"https:\\\/\\\/m.media-amazon.com\\\/images\\\/I\\\/51CkIYq-10L._SL500_.jpg\",\"datePublished\":\"2021-11-25T17:57:26+00:00\",\"dateModified\":\"2023-04-07T00:12:26+00:00\",\"description\":\"Markt-XXL Clearblue Kinderwunsch Ovulationstest Kit, 10 Tests + 1 digitale Testhalterung, Fruchtbarkeitstest f\u00fcr Frauen \\\/ Eisprung\u2026\",\"breadcrumb\":{\"@id\":\"https:\\\/\\\/marktxxl.de\\\/markt\\\/produkt\\\/clearblue-clearblue-kinderwunsch-ovulationstest-fortschrittlich-digital-fruchtbarkeitstest-fuer-eisprung-tests\\\/#breadcrumb\"},\"inLanguage\":\"de\",\"potentialAction\":[{\"@type\":\"ReadAction\",\"target\":[\"https:\\\/\\\/marktxxl.de\\\/markt\\\/produkt\\\/clearblue-clearblue-kinderwunsch-ovulationstest-fortschrittlich-digital-fruchtbarkeitstest-fuer-eisprung-tests\\\/\"]}]},{\"@type\":\"ImageObject\",\"inLanguage\":\"de\",\"@id\":\"https:\\\/\\\/marktxxl.de\\\/markt\\\/produkt\\\/clearblue-clearblue-kinderwunsch-ovulationstest-fortschrittlich-digital-fruchtbarkeitstest-fuer-eisprung-tests\\\/#primaryimage\",\"url\":\"https:\\\/\\\/m.media-amazon.com\\\/images\\\/I\\\/51CkIYq-10L._SL500_.jpg\",\"contentUrl\":\"https:\\\/\\\/m.media-amazon.com\\\/images\\\/I\\\/51CkIYq-10L._SL500_.jpg\",\"width\":500,\"height\":500},{\"@type\":\"BreadcrumbList\",\"@id\":\"https:\\\/\\\/marktxxl.de\\\/markt\\\/produkt\\\/clearblue-clearblue-kinderwunsch-ovulationstest-fortschrittlich-digital-fruchtbarkeitstest-fuer-eisprung-tests\\\/#breadcrumb\",\"itemListElement\":[{\"@type\":\"ListItem\",\"position\":1,\"name\":\"Startseite\",\"item\":\"https:\\\/\\\/marktxxl.de\\\/markt\\\/\"},{\"@type\":\"ListItem\",\"position\":2,\"name\":\"Markt\",\"item\":\"https:\\\/\\\/marktxxl.de\\\/markt\\\/\"},{\"@type\":\"ListItem\",\"position\":3,\"name\":\"Clearblue Kinderwunsch Ovulationstest Kit, 10 Tests + 1 digitale Testhalterung, Fruchtbarkeitstest f\u00fcr Frauen \\\/ Eisprung\u2026\"}]},{\"@type\":\"WebSite\",\"@id\":\"https:\\\/\\\/marktxxl.de\\\/markt\\\/#website\",\"url\":\"https:\\\/\\\/marktxxl.de\\\/markt\\\/\",\"name\":\"Markt-XXL\",\"description\":\"Ihr Markt Online\",\"publisher\":{\"@id\":\"https:\\\/\\\/marktxxl.de\\\/markt\\\/#organization\"},\"potentialAction\":[{\"@type\":\"SearchAction\",\"target\":{\"@type\":\"EntryPoint\",\"urlTemplate\":\"https:\\\/\\\/marktxxl.de\\\/markt\\\/?s={search_term_string}\"},\"query-input\":{\"@type\":\"PropertyValueSpecification\",\"valueRequired\":true,\"valueName\":\"search_term_string\"}}],\"inLanguage\":\"de\"},{\"@type\":\"Organization\",\"@id\":\"https:\\\/\\\/marktxxl.de\\\/markt\\\/#organization\",\"name\":\"Markt-XXL\",\"url\":\"https:\\\/\\\/marktxxl.de\\\/markt\\\/\",\"logo\":{\"@type\":\"ImageObject\",\"inLanguage\":\"de\",\"@id\":\"https:\\\/\\\/marktxxl.de\\\/markt\\\/#\\\/schema\\\/logo\\\/image\\\/\",\"url\":\"https:\\\/\\\/marktxxl.de\\\/markt\\\/wp-content\\\/uploads\\\/sites\\\/3\\\/2020\\\/12\\\/logo.png\",\"contentUrl\":\"https:\\\/\\\/marktxxl.de\\\/markt\\\/wp-content\\\/uploads\\\/sites\\\/3\\\/2020\\\/12\\\/logo.png\",\"width\":200,\"height\":70,\"caption\":\"Markt-XXL\"},\"image\":{\"@id\":\"https:\\\/\\\/marktxxl.de\\\/markt\\\/#\\\/schema\\\/logo\\\/image\\\/\"}}]}<\/script>\n<!-- \/ Yoast SEO plugin. -->","yoast_head_json":{"title":"Clearblue Kinderwunsch Ovulationstest Kit, 10 Tests + 1 digitale Testhalterung, Fruchtbarkeitstest f\u00fcr Frauen \/ Eisprung\u2026 - Markt-XXL","description":"Markt-XXL Clearblue Kinderwunsch Ovulationstest Kit, 10 Tests + 1 digitale Testhalterung, Fruchtbarkeitstest f\u00fcr Frauen \/ Eisprung\u2026","robots":{"index":"index","follow":"follow","max-snippet":"max-snippet:-1","max-image-preview":"max-image-preview:large","max-video-preview":"max-video-preview:-1"},"canonical":"https:\/\/marktxxl.de\/markt\/produkt\/clearblue-clearblue-kinderwunsch-ovulationstest-fortschrittlich-digital-fruchtbarkeitstest-fuer-eisprung-tests\/","og_locale":"de_DE","og_type":"article","og_title":"Clearblue Kinderwunsch Ovulationstest Kit, 10 Tests + 1 digitale Testhalterung, Fruchtbarkeitstest f\u00fcr Frauen \/ Eisprung\u2026 - Markt-XXL","og_description":"Markt-XXL Clearblue Kinderwunsch Ovulationstest Kit, 10 Tests + 1 digitale Testhalterung, Fruchtbarkeitstest f\u00fcr Frauen \/ Eisprung\u2026","og_url":"https:\/\/marktxxl.de\/markt\/produkt\/clearblue-clearblue-kinderwunsch-ovulationstest-fortschrittlich-digital-fruchtbarkeitstest-fuer-eisprung-tests\/","og_site_name":"Markt-XXL","article_modified_time":"2023-04-07T00:12:26+00:00","og_image":[{"width":500,"height":500,"url":"https:\/\/m.media-amazon.com\/images\/I\/51CkIYq-10L._SL500_.jpg","type":"image\/jpeg"}],"twitter_card":"summary_large_image","twitter_misc":{"Gesch\u00e4tzte Lesezeit":"1\u00a0Minute"},"schema":{"@context":"https:\/\/schema.org","@graph":[{"@type":"WebPage","@id":"https:\/\/marktxxl.de\/markt\/produkt\/clearblue-clearblue-kinderwunsch-ovulationstest-fortschrittlich-digital-fruchtbarkeitstest-fuer-eisprung-tests\/","url":"https:\/\/marktxxl.de\/markt\/produkt\/clearblue-clearblue-kinderwunsch-ovulationstest-fortschrittlich-digital-fruchtbarkeitstest-fuer-eisprung-tests\/","name":"Clearblue Kinderwunsch Ovulationstest Kit, 10 Tests + 1 digitale Testhalterung, Fruchtbarkeitstest f\u00fcr Frauen \/ Eisprung\u2026 - Markt-XXL","isPartOf":{"@id":"https:\/\/marktxxl.de\/markt\/#website"},"primaryImageOfPage":{"@id":"https:\/\/marktxxl.de\/markt\/produkt\/clearblue-clearblue-kinderwunsch-ovulationstest-fortschrittlich-digital-fruchtbarkeitstest-fuer-eisprung-tests\/#primaryimage"},"image":{"@id":"https:\/\/marktxxl.de\/markt\/produkt\/clearblue-clearblue-kinderwunsch-ovulationstest-fortschrittlich-digital-fruchtbarkeitstest-fuer-eisprung-tests\/#primaryimage"},"thumbnailUrl":"https:\/\/m.media-amazon.com\/images\/I\/51CkIYq-10L._SL500_.jpg","datePublished":"2021-11-25T17:57:26+00:00","dateModified":"2023-04-07T00:12:26+00:00","description":"Markt-XXL Clearblue Kinderwunsch Ovulationstest Kit, 10 Tests + 1 digitale Testhalterung, Fruchtbarkeitstest f\u00fcr Frauen \/ Eisprung\u2026","breadcrumb":{"@id":"https:\/\/marktxxl.de\/markt\/produkt\/clearblue-clearblue-kinderwunsch-ovulationstest-fortschrittlich-digital-fruchtbarkeitstest-fuer-eisprung-tests\/#breadcrumb"},"inLanguage":"de","potentialAction":[{"@type":"ReadAction","target":["https:\/\/marktxxl.de\/markt\/produkt\/clearblue-clearblue-kinderwunsch-ovulationstest-fortschrittlich-digital-fruchtbarkeitstest-fuer-eisprung-tests\/"]}]},{"@type":"ImageObject","inLanguage":"de","@id":"https:\/\/marktxxl.de\/markt\/produkt\/clearblue-clearblue-kinderwunsch-ovulationstest-fortschrittlich-digital-fruchtbarkeitstest-fuer-eisprung-tests\/#primaryimage","url":"https:\/\/m.media-amazon.com\/images\/I\/51CkIYq-10L._SL500_.jpg","contentUrl":"https:\/\/m.media-amazon.com\/images\/I\/51CkIYq-10L._SL500_.jpg","width":500,"height":500},{"@type":"BreadcrumbList","@id":"https:\/\/marktxxl.de\/markt\/produkt\/clearblue-clearblue-kinderwunsch-ovulationstest-fortschrittlich-digital-fruchtbarkeitstest-fuer-eisprung-tests\/#breadcrumb","itemListElement":[{"@type":"ListItem","position":1,"name":"Startseite","item":"https:\/\/marktxxl.de\/markt\/"},{"@type":"ListItem","position":2,"name":"Markt","item":"https:\/\/marktxxl.de\/markt\/"},{"@type":"ListItem","position":3,"name":"Clearblue Kinderwunsch Ovulationstest Kit, 10 Tests + 1 digitale Testhalterung, Fruchtbarkeitstest f\u00fcr Frauen \/ Eisprung\u2026"}]},{"@type":"WebSite","@id":"https:\/\/marktxxl.de\/markt\/#website","url":"https:\/\/marktxxl.de\/markt\/","name":"Markt-XXL","description":"Ihr Markt Online","publisher":{"@id":"https:\/\/marktxxl.de\/markt\/#organization"},"potentialAction":[{"@type":"SearchAction","target":{"@type":"EntryPoint","urlTemplate":"https:\/\/marktxxl.de\/markt\/?s={search_term_string}"},"query-input":{"@type":"PropertyValueSpecification","valueRequired":true,"valueName":"search_term_string"}}],"inLanguage":"de"},{"@type":"Organization","@id":"https:\/\/marktxxl.de\/markt\/#organization","name":"Markt-XXL","url":"https:\/\/marktxxl.de\/markt\/","logo":{"@type":"ImageObject","inLanguage":"de","@id":"https:\/\/marktxxl.de\/markt\/#\/schema\/logo\/image\/","url":"https:\/\/marktxxl.de\/markt\/wp-content\/uploads\/sites\/3\/2020\/12\/logo.png","contentUrl":"https:\/\/marktxxl.de\/markt\/wp-content\/uploads\/sites\/3\/2020\/12\/logo.png","width":200,"height":70,"caption":"Markt-XXL"},"image":{"@id":"https:\/\/marktxxl.de\/markt\/#\/schema\/logo\/image\/"}}]}},"_links":{"self":[{"href":"https:\/\/marktxxl.de\/markt\/wp-json\/wp\/v2\/product\/82040","targetHints":{"allow":["GET"]}}],"collection":[{"href":"https:\/\/marktxxl.de\/markt\/wp-json\/wp\/v2\/product"}],"about":[{"href":"https:\/\/marktxxl.de\/markt\/wp-json\/wp\/v2\/types\/product"}],"replies":[{"embeddable":true,"href":"https:\/\/marktxxl.de\/markt\/wp-json\/wp\/v2\/comments?post=82040"}],"wp:featuredmedia":[{"embeddable":true,"href":"https:\/\/marktxxl.de\/markt\/wp-json\/wp\/v2\/media\/82041"}],"wp:attachment":[{"href":"https:\/\/marktxxl.de\/markt\/wp-json\/wp\/v2\/media?parent=82040"}],"wp:term":[{"taxonomy":"product_brand","embeddable":true,"href":"https:\/\/marktxxl.de\/markt\/wp-json\/wp\/v2\/product_brand?post=82040"},{"taxonomy":"product_cat","embeddable":true,"href":"https:\/\/marktxxl.de\/markt\/wp-json\/wp\/v2\/product_cat?post=82040"},{"taxonomy":"product_tag","embeddable":true,"href":"https:\/\/marktxxl.de\/markt\/wp-json\/wp\/v2\/product_tag?post=82040"}],"curies":[{"name":"wp","href":"https:\/\/api.w.org\/{rel}","templated":true}]}}