{"id":81983,"date":"2021-11-25T18:54:43","date_gmt":"2021-11-25T17:54:43","guid":{"rendered":"https:\/\/marktxxl.de\/markt\/produkt\/femometer-20-ovulationstest-5-schwangerschaftstest-25-miu-ml-optimaler-sensitivitaet-mit-urinbecher\/"},"modified":"2023-04-07T02:12:25","modified_gmt":"2023-04-07T00:12:25","slug":"femometer-20-ovulationstest-5-schwangerschaftstest-25-miu-ml-optimaler-sensitivitaet-mit-urinbecher","status":"publish","type":"product","link":"https:\/\/marktxxl.de\/markt\/produkt\/femometer-20-ovulationstest-5-schwangerschaftstest-25-miu-ml-optimaler-sensitivitaet-mit-urinbecher\/","title":{"rendered":"Femometer 20 ovulationstest + 5 Schwangerschaftstest 25 miu\/ml optimaler Sensitivit\u00e4t mit Urinbecher"},"content":{"rendered":"<p>99% Genauigkeit: Die Level des LH sind so niedrig wie 25miu\/ml und k\u00f6nnen mit 99% Genauigkeit innerhalb von 5 Minuten erkannt werden.<br \/>\nEinfache Tests mit der LH20+HCG5 Kombo: Die Teststreifen sind 3.5 mm breit und einfach abzulesen. Mit dieser Kombo sparen Sie Zeit und Geld beim Schwangerwerden.<br \/>\nSpeziell designet f\u00fcr Frauen mit Kinderwunsch, die auf nat\u00fcrlichem Weg schwanger werden wollen: Ovulationstests geben Frauen eine gr\u00f6\u00dfere Chance die fruchtbaren Tage ihres Zyklus vorherzusagen, auch wenn die Zyklusl\u00e4nge variiert. Die Schwangerschaftstests k\u00f6nnen eine Schwangerschaft erkennen noch bevor die Periode ausbleibt.<br \/>\n100 % Kundenzufriedenheit: Wir bieten 1 Jahr Service bez\u00fcglich qualit\u00e4tsbezogener Probleme. Wir akzeptieren R\u00fccksendungen und bieten eine Kostenr\u00fcckerstattung. Wir bieten Ihnen den Femometer App Service auf Lebenszeit, um sicherzustellen, dass Ihr Problem gel\u00f6st wurde. Bei Fragen kontaktieren Sie uns bitte jederzeit.<br \/>\n<div class=\"main-cross-sell\" data-asin=\"B0839FC7W9\">\n\n\t<div class=\"WooZone-cross-sell-loader\">\n\t\t<div>\n\t\t\t<div id=\"floatingBarsG\">\n\t\t\t\t<div class=\"blockG\" id=\"rotateG_01\"><\/div>\n\t\t\t\t<div class=\"blockG\" id=\"rotateG_02\"><\/div>\n\t\t\t\t<div class=\"blockG\" id=\"rotateG_03\"><\/div>\n\t\t\t\t<div class=\"blockG\" id=\"rotateG_04\"><\/div>\n\t\t\t\t<div class=\"blockG\" id=\"rotateG_05\"><\/div>\n\t\t\t\t<div class=\"blockG\" id=\"rotateG_06\"><\/div>\n\t\t\t\t<div class=\"blockG\" id=\"rotateG_07\"><\/div>\n\t\t\t\t<div class=\"blockG\" id=\"rotateG_08\"><\/div>\n\t\t\t<\/div>\n\t\t\t<div class=\"WooZone-cross-sell-loader-text\"><\/div>\n\t\t<\/div>\n\t<\/div>\n\n\t\t\n<\/div>\n<div style=\"clear:both;\"><\/div><\/p>\n","protected":false},"excerpt":{"rendered":"<p>99% Genauigkeit: Die Level des LH sind so niedrig wie 25miu\/ml und k\u00f6nnen mit 99% Genauigkeit innerhalb von 5 Minuten erkannt werden.<br \/>\nEinfache Tests mit der LH20+HCG5 Kombo: Die Teststreifen sind 3.5 mm breit und einfach abzulesen. Mit dieser Kombo sparen Sie Zeit und Geld beim Schwangerwerden.<br \/>\nSpeziell designet f\u00fcr Frauen mit Kinderwunsch, die auf nat\u00fcrlichem Weg schwanger werden wollen: Ovulationstests geben Frauen eine gr\u00f6\u00dfere Chance die fruchtbaren Tage ihres Zyklus vorherzusagen, auch wenn die Zyklusl\u00e4nge variiert. Die Schwangerschaftstests k\u00f6nnen eine Schwangerschaft erkennen noch bevor die Periode ausbleibt.<\/p>\n","protected":false},"featured_media":81984,"comment_status":"open","ping_status":"closed","template":"","meta":[],"product_brand":[],"product_cat":[566,6291],"product_tag":[],"class_list":{"0":"post-81983","1":"product","2":"type-product","3":"status-publish","4":"has-post-thumbnail","6":"product_cat-drogerie-koerperpflege","7":"product_cat-schwangerschaft","8":"pa_brand-femometer","9":"pa_manufacturer-hangzhou-clongene-biotech-co-ltd","10":"pa_size-1-stueck-1er-pack","12":"first","13":"instock","14":"shipping-taxable","15":"purchasable","16":"product-type-simple","17":"customify-col","18":"product-has-gallery"},"yoast_head":"<!-- This site is optimized with the Yoast SEO plugin v27.3 - https:\/\/yoast.com\/product\/yoast-seo-wordpress\/ -->\n<title>Femometer 20 ovulationstest + 5 Schwangerschaftstest 25 miu\/ml optimaler Sensitivit\u00e4t mit Urinbecher - Markt-XXL<\/title>\n<meta name=\"description\" content=\"Markt-XXL Femometer 20 ovulationstest + 5 Schwangerschaftstest 25 miu\/ml optimaler Sensitivit\u00e4t mit Urinbecher\" \/>\n<meta name=\"robots\" content=\"index, follow, max-snippet:-1, max-image-preview:large, max-video-preview:-1\" \/>\n<link rel=\"canonical\" href=\"https:\/\/marktxxl.de\/markt\/produkt\/femometer-20-ovulationstest-5-schwangerschaftstest-25-miu-ml-optimaler-sensitivitaet-mit-urinbecher\/\" \/>\n<meta property=\"og:locale\" content=\"de_DE\" \/>\n<meta property=\"og:type\" content=\"article\" \/>\n<meta property=\"og:title\" content=\"Femometer 20 ovulationstest + 5 Schwangerschaftstest 25 miu\/ml optimaler Sensitivit\u00e4t mit Urinbecher - Markt-XXL\" \/>\n<meta property=\"og:description\" content=\"Markt-XXL Femometer 20 ovulationstest + 5 Schwangerschaftstest 25 miu\/ml optimaler Sensitivit\u00e4t mit Urinbecher\" \/>\n<meta property=\"og:url\" content=\"https:\/\/marktxxl.de\/markt\/produkt\/femometer-20-ovulationstest-5-schwangerschaftstest-25-miu-ml-optimaler-sensitivitaet-mit-urinbecher\/\" \/>\n<meta property=\"og:site_name\" content=\"Markt-XXL\" \/>\n<meta property=\"article:modified_time\" content=\"2023-04-07T00:12:25+00:00\" \/>\n<meta property=\"og:image\" content=\"https:\/\/m.media-amazon.com\/images\/I\/413OWAfOy6L._SL500_.jpg\" \/>\n\t<meta property=\"og:image:width\" content=\"500\" \/>\n\t<meta property=\"og:image:height\" content=\"500\" \/>\n\t<meta property=\"og:image:type\" content=\"image\/jpeg\" \/>\n<meta name=\"twitter:card\" content=\"summary_large_image\" \/>\n<meta name=\"twitter:label1\" content=\"Gesch\u00e4tzte Lesezeit\" \/>\n\t<meta name=\"twitter:data1\" content=\"1\u00a0Minute\" \/>\n<script type=\"application\/ld+json\" class=\"yoast-schema-graph\">{\"@context\":\"https:\\\/\\\/schema.org\",\"@graph\":[{\"@type\":\"WebPage\",\"@id\":\"https:\\\/\\\/marktxxl.de\\\/markt\\\/produkt\\\/femometer-20-ovulationstest-5-schwangerschaftstest-25-miu-ml-optimaler-sensitivitaet-mit-urinbecher\\\/\",\"url\":\"https:\\\/\\\/marktxxl.de\\\/markt\\\/produkt\\\/femometer-20-ovulationstest-5-schwangerschaftstest-25-miu-ml-optimaler-sensitivitaet-mit-urinbecher\\\/\",\"name\":\"Femometer 20 ovulationstest + 5 Schwangerschaftstest 25 miu\\\/ml optimaler Sensitivit\u00e4t mit Urinbecher - Markt-XXL\",\"isPartOf\":{\"@id\":\"https:\\\/\\\/marktxxl.de\\\/markt\\\/#website\"},\"primaryImageOfPage\":{\"@id\":\"https:\\\/\\\/marktxxl.de\\\/markt\\\/produkt\\\/femometer-20-ovulationstest-5-schwangerschaftstest-25-miu-ml-optimaler-sensitivitaet-mit-urinbecher\\\/#primaryimage\"},\"image\":{\"@id\":\"https:\\\/\\\/marktxxl.de\\\/markt\\\/produkt\\\/femometer-20-ovulationstest-5-schwangerschaftstest-25-miu-ml-optimaler-sensitivitaet-mit-urinbecher\\\/#primaryimage\"},\"thumbnailUrl\":\"https:\\\/\\\/m.media-amazon.com\\\/images\\\/I\\\/413OWAfOy6L._SL500_.jpg\",\"datePublished\":\"2021-11-25T17:54:43+00:00\",\"dateModified\":\"2023-04-07T00:12:25+00:00\",\"description\":\"Markt-XXL Femometer 20 ovulationstest + 5 Schwangerschaftstest 25 miu\\\/ml optimaler Sensitivit\u00e4t mit Urinbecher\",\"breadcrumb\":{\"@id\":\"https:\\\/\\\/marktxxl.de\\\/markt\\\/produkt\\\/femometer-20-ovulationstest-5-schwangerschaftstest-25-miu-ml-optimaler-sensitivitaet-mit-urinbecher\\\/#breadcrumb\"},\"inLanguage\":\"de\",\"potentialAction\":[{\"@type\":\"ReadAction\",\"target\":[\"https:\\\/\\\/marktxxl.de\\\/markt\\\/produkt\\\/femometer-20-ovulationstest-5-schwangerschaftstest-25-miu-ml-optimaler-sensitivitaet-mit-urinbecher\\\/\"]}]},{\"@type\":\"ImageObject\",\"inLanguage\":\"de\",\"@id\":\"https:\\\/\\\/marktxxl.de\\\/markt\\\/produkt\\\/femometer-20-ovulationstest-5-schwangerschaftstest-25-miu-ml-optimaler-sensitivitaet-mit-urinbecher\\\/#primaryimage\",\"url\":\"https:\\\/\\\/m.media-amazon.com\\\/images\\\/I\\\/413OWAfOy6L._SL500_.jpg\",\"contentUrl\":\"https:\\\/\\\/m.media-amazon.com\\\/images\\\/I\\\/413OWAfOy6L._SL500_.jpg\",\"width\":500,\"height\":500},{\"@type\":\"BreadcrumbList\",\"@id\":\"https:\\\/\\\/marktxxl.de\\\/markt\\\/produkt\\\/femometer-20-ovulationstest-5-schwangerschaftstest-25-miu-ml-optimaler-sensitivitaet-mit-urinbecher\\\/#breadcrumb\",\"itemListElement\":[{\"@type\":\"ListItem\",\"position\":1,\"name\":\"Startseite\",\"item\":\"https:\\\/\\\/marktxxl.de\\\/markt\\\/\"},{\"@type\":\"ListItem\",\"position\":2,\"name\":\"Markt\",\"item\":\"https:\\\/\\\/marktxxl.de\\\/markt\\\/\"},{\"@type\":\"ListItem\",\"position\":3,\"name\":\"Femometer 20 ovulationstest + 5 Schwangerschaftstest 25 miu\\\/ml optimaler Sensitivit\u00e4t mit Urinbecher\"}]},{\"@type\":\"WebSite\",\"@id\":\"https:\\\/\\\/marktxxl.de\\\/markt\\\/#website\",\"url\":\"https:\\\/\\\/marktxxl.de\\\/markt\\\/\",\"name\":\"Markt-XXL\",\"description\":\"Ihr Markt Online\",\"publisher\":{\"@id\":\"https:\\\/\\\/marktxxl.de\\\/markt\\\/#organization\"},\"potentialAction\":[{\"@type\":\"SearchAction\",\"target\":{\"@type\":\"EntryPoint\",\"urlTemplate\":\"https:\\\/\\\/marktxxl.de\\\/markt\\\/?s={search_term_string}\"},\"query-input\":{\"@type\":\"PropertyValueSpecification\",\"valueRequired\":true,\"valueName\":\"search_term_string\"}}],\"inLanguage\":\"de\"},{\"@type\":\"Organization\",\"@id\":\"https:\\\/\\\/marktxxl.de\\\/markt\\\/#organization\",\"name\":\"Markt-XXL\",\"url\":\"https:\\\/\\\/marktxxl.de\\\/markt\\\/\",\"logo\":{\"@type\":\"ImageObject\",\"inLanguage\":\"de\",\"@id\":\"https:\\\/\\\/marktxxl.de\\\/markt\\\/#\\\/schema\\\/logo\\\/image\\\/\",\"url\":\"https:\\\/\\\/marktxxl.de\\\/markt\\\/wp-content\\\/uploads\\\/sites\\\/3\\\/2020\\\/12\\\/logo.png\",\"contentUrl\":\"https:\\\/\\\/marktxxl.de\\\/markt\\\/wp-content\\\/uploads\\\/sites\\\/3\\\/2020\\\/12\\\/logo.png\",\"width\":200,\"height\":70,\"caption\":\"Markt-XXL\"},\"image\":{\"@id\":\"https:\\\/\\\/marktxxl.de\\\/markt\\\/#\\\/schema\\\/logo\\\/image\\\/\"}}]}<\/script>\n<!-- \/ Yoast SEO plugin. -->","yoast_head_json":{"title":"Femometer 20 ovulationstest + 5 Schwangerschaftstest 25 miu\/ml optimaler Sensitivit\u00e4t mit Urinbecher - Markt-XXL","description":"Markt-XXL Femometer 20 ovulationstest + 5 Schwangerschaftstest 25 miu\/ml optimaler Sensitivit\u00e4t mit Urinbecher","robots":{"index":"index","follow":"follow","max-snippet":"max-snippet:-1","max-image-preview":"max-image-preview:large","max-video-preview":"max-video-preview:-1"},"canonical":"https:\/\/marktxxl.de\/markt\/produkt\/femometer-20-ovulationstest-5-schwangerschaftstest-25-miu-ml-optimaler-sensitivitaet-mit-urinbecher\/","og_locale":"de_DE","og_type":"article","og_title":"Femometer 20 ovulationstest + 5 Schwangerschaftstest 25 miu\/ml optimaler Sensitivit\u00e4t mit Urinbecher - Markt-XXL","og_description":"Markt-XXL Femometer 20 ovulationstest + 5 Schwangerschaftstest 25 miu\/ml optimaler Sensitivit\u00e4t mit Urinbecher","og_url":"https:\/\/marktxxl.de\/markt\/produkt\/femometer-20-ovulationstest-5-schwangerschaftstest-25-miu-ml-optimaler-sensitivitaet-mit-urinbecher\/","og_site_name":"Markt-XXL","article_modified_time":"2023-04-07T00:12:25+00:00","og_image":[{"width":500,"height":500,"url":"https:\/\/m.media-amazon.com\/images\/I\/413OWAfOy6L._SL500_.jpg","type":"image\/jpeg"}],"twitter_card":"summary_large_image","twitter_misc":{"Gesch\u00e4tzte Lesezeit":"1\u00a0Minute"},"schema":{"@context":"https:\/\/schema.org","@graph":[{"@type":"WebPage","@id":"https:\/\/marktxxl.de\/markt\/produkt\/femometer-20-ovulationstest-5-schwangerschaftstest-25-miu-ml-optimaler-sensitivitaet-mit-urinbecher\/","url":"https:\/\/marktxxl.de\/markt\/produkt\/femometer-20-ovulationstest-5-schwangerschaftstest-25-miu-ml-optimaler-sensitivitaet-mit-urinbecher\/","name":"Femometer 20 ovulationstest + 5 Schwangerschaftstest 25 miu\/ml optimaler Sensitivit\u00e4t mit Urinbecher - Markt-XXL","isPartOf":{"@id":"https:\/\/marktxxl.de\/markt\/#website"},"primaryImageOfPage":{"@id":"https:\/\/marktxxl.de\/markt\/produkt\/femometer-20-ovulationstest-5-schwangerschaftstest-25-miu-ml-optimaler-sensitivitaet-mit-urinbecher\/#primaryimage"},"image":{"@id":"https:\/\/marktxxl.de\/markt\/produkt\/femometer-20-ovulationstest-5-schwangerschaftstest-25-miu-ml-optimaler-sensitivitaet-mit-urinbecher\/#primaryimage"},"thumbnailUrl":"https:\/\/m.media-amazon.com\/images\/I\/413OWAfOy6L._SL500_.jpg","datePublished":"2021-11-25T17:54:43+00:00","dateModified":"2023-04-07T00:12:25+00:00","description":"Markt-XXL Femometer 20 ovulationstest + 5 Schwangerschaftstest 25 miu\/ml optimaler Sensitivit\u00e4t mit Urinbecher","breadcrumb":{"@id":"https:\/\/marktxxl.de\/markt\/produkt\/femometer-20-ovulationstest-5-schwangerschaftstest-25-miu-ml-optimaler-sensitivitaet-mit-urinbecher\/#breadcrumb"},"inLanguage":"de","potentialAction":[{"@type":"ReadAction","target":["https:\/\/marktxxl.de\/markt\/produkt\/femometer-20-ovulationstest-5-schwangerschaftstest-25-miu-ml-optimaler-sensitivitaet-mit-urinbecher\/"]}]},{"@type":"ImageObject","inLanguage":"de","@id":"https:\/\/marktxxl.de\/markt\/produkt\/femometer-20-ovulationstest-5-schwangerschaftstest-25-miu-ml-optimaler-sensitivitaet-mit-urinbecher\/#primaryimage","url":"https:\/\/m.media-amazon.com\/images\/I\/413OWAfOy6L._SL500_.jpg","contentUrl":"https:\/\/m.media-amazon.com\/images\/I\/413OWAfOy6L._SL500_.jpg","width":500,"height":500},{"@type":"BreadcrumbList","@id":"https:\/\/marktxxl.de\/markt\/produkt\/femometer-20-ovulationstest-5-schwangerschaftstest-25-miu-ml-optimaler-sensitivitaet-mit-urinbecher\/#breadcrumb","itemListElement":[{"@type":"ListItem","position":1,"name":"Startseite","item":"https:\/\/marktxxl.de\/markt\/"},{"@type":"ListItem","position":2,"name":"Markt","item":"https:\/\/marktxxl.de\/markt\/"},{"@type":"ListItem","position":3,"name":"Femometer 20 ovulationstest + 5 Schwangerschaftstest 25 miu\/ml optimaler Sensitivit\u00e4t mit Urinbecher"}]},{"@type":"WebSite","@id":"https:\/\/marktxxl.de\/markt\/#website","url":"https:\/\/marktxxl.de\/markt\/","name":"Markt-XXL","description":"Ihr Markt Online","publisher":{"@id":"https:\/\/marktxxl.de\/markt\/#organization"},"potentialAction":[{"@type":"SearchAction","target":{"@type":"EntryPoint","urlTemplate":"https:\/\/marktxxl.de\/markt\/?s={search_term_string}"},"query-input":{"@type":"PropertyValueSpecification","valueRequired":true,"valueName":"search_term_string"}}],"inLanguage":"de"},{"@type":"Organization","@id":"https:\/\/marktxxl.de\/markt\/#organization","name":"Markt-XXL","url":"https:\/\/marktxxl.de\/markt\/","logo":{"@type":"ImageObject","inLanguage":"de","@id":"https:\/\/marktxxl.de\/markt\/#\/schema\/logo\/image\/","url":"https:\/\/marktxxl.de\/markt\/wp-content\/uploads\/sites\/3\/2020\/12\/logo.png","contentUrl":"https:\/\/marktxxl.de\/markt\/wp-content\/uploads\/sites\/3\/2020\/12\/logo.png","width":200,"height":70,"caption":"Markt-XXL"},"image":{"@id":"https:\/\/marktxxl.de\/markt\/#\/schema\/logo\/image\/"}}]}},"_links":{"self":[{"href":"https:\/\/marktxxl.de\/markt\/wp-json\/wp\/v2\/product\/81983","targetHints":{"allow":["GET"]}}],"collection":[{"href":"https:\/\/marktxxl.de\/markt\/wp-json\/wp\/v2\/product"}],"about":[{"href":"https:\/\/marktxxl.de\/markt\/wp-json\/wp\/v2\/types\/product"}],"replies":[{"embeddable":true,"href":"https:\/\/marktxxl.de\/markt\/wp-json\/wp\/v2\/comments?post=81983"}],"wp:featuredmedia":[{"embeddable":true,"href":"https:\/\/marktxxl.de\/markt\/wp-json\/wp\/v2\/media\/81984"}],"wp:attachment":[{"href":"https:\/\/marktxxl.de\/markt\/wp-json\/wp\/v2\/media?parent=81983"}],"wp:term":[{"taxonomy":"product_brand","embeddable":true,"href":"https:\/\/marktxxl.de\/markt\/wp-json\/wp\/v2\/product_brand?post=81983"},{"taxonomy":"product_cat","embeddable":true,"href":"https:\/\/marktxxl.de\/markt\/wp-json\/wp\/v2\/product_cat?post=81983"},{"taxonomy":"product_tag","embeddable":true,"href":"https:\/\/marktxxl.de\/markt\/wp-json\/wp\/v2\/product_tag?post=81983"}],"curies":[{"name":"wp","href":"https:\/\/api.w.org\/{rel}","templated":true}]}}