{"id":81845,"date":"2021-11-25T18:51:02","date_gmt":"2021-11-25T17:51:02","guid":{"rendered":"https:\/\/marktxxl.de\/markt\/produkt\/bartmanie-bartstyling-set-inklusive-t-shirt-bestehend-aus-bartwachs-50ml-bartbuerste-3-teiliges-geschenkset-fuer-maenner-perfekte-vollbart-pflege-styling\/"},"modified":"2023-04-07T02:12:23","modified_gmt":"2023-04-07T00:12:23","slug":"bartmanie-bartstyling-set-inklusive-t-shirt-bestehend-aus-bartwachs-50ml-bartbuerste-3-teiliges-geschenkset-fuer-maenner-perfekte-vollbart-pflege-styling","status":"publish","type":"product","link":"https:\/\/marktxxl.de\/markt\/produkt\/bartmanie-bartstyling-set-inklusive-t-shirt-bestehend-aus-bartwachs-50ml-bartbuerste-3-teiliges-geschenkset-fuer-maenner-perfekte-vollbart-pflege-styling\/","title":{"rendered":"Bartmanie Bartstyling-Set INKLUSIVE T-SHIRT bestehend aus Bartwachs (50ml) &amp; Bartb\u00fcrste, 3 teiliges Geschenkset f\u00fcr\u2026"},"content":{"rendered":"<p>?? PROFESSIONELLE BARTPFLEGE &amp; STATEMENT T-SHIRT &#8211; Wir haben das perfekte Stylingset f\u00fcr den Bart zusammengestellt, bestehend aus einem hochwertigen, nat\u00fcrlichen Bartwachs, einer weichen Bartb\u00fcrste &amp; einem exklusiven Bartmanie T-Shirt! Ideal als kleine Aufmerksamkeit f\u00fcr alle Barttr\u00e4ger!<br \/>\n?? 100% PFLEGE MADE IN GERMANY &#8211; Unser Bartwachs auf Bienenwachsbasis macht das Barthaar wunderbar weich und geschmeidig, sodass es sich optimal stylen l\u00e4sst. Gleichzeitig pflegt es das Haar und die Gesichtshaut mit wertvollen Stoffen aus s\u00fc\u00dfer Mandel, Olive, Jojoba, Avocado und Kokosnuss<br \/>\n?? HANDLICH &amp; HANDGEFERTIGT &#8211; Mit den weichen Rosshaar-Borsten der Bartb\u00fcrste wird das Wachs gleichm\u00e4\u00dfig und m\u00fchelos im Bart verteilt wodurch er sich beliebig formen l\u00e4sst. Der warme Echtholzkopf liegt dabei gut in der Hand und sorgt f\u00fcr ein komfortables Handling<br \/>\n?? IDEALE GESCHENKIDEE &#8211; Deshalb ist dieses Duo das perfekte Team f\u00fcr den Bart \u2013 oder ein hervorragendes Geschenk f\u00fcr einen echten Bartfan<br \/>\n?? PRODUKTDATEN &#8211; T-Shirt: Gr\u00f6\u00dfe L: L\u00e4nge 72 cm, Breite (unter den \u00c4rmeln) 52 cm; Inhalt Bartwachs: 50ml; Bartb\u00fcrste: L\u00e4nge 11,5 cm, Breite 6,6 cm, Gewicht 78 g<br \/>\n<div class=\"main-cross-sell\" data-asin=\"B079YCXD19\">\n\n\t<div class=\"WooZone-cross-sell-loader\">\n\t\t<div>\n\t\t\t<div id=\"floatingBarsG\">\n\t\t\t\t<div class=\"blockG\" id=\"rotateG_01\"><\/div>\n\t\t\t\t<div class=\"blockG\" id=\"rotateG_02\"><\/div>\n\t\t\t\t<div class=\"blockG\" id=\"rotateG_03\"><\/div>\n\t\t\t\t<div class=\"blockG\" id=\"rotateG_04\"><\/div>\n\t\t\t\t<div class=\"blockG\" id=\"rotateG_05\"><\/div>\n\t\t\t\t<div class=\"blockG\" id=\"rotateG_06\"><\/div>\n\t\t\t\t<div class=\"blockG\" id=\"rotateG_07\"><\/div>\n\t\t\t\t<div class=\"blockG\" id=\"rotateG_08\"><\/div>\n\t\t\t<\/div>\n\t\t\t<div class=\"WooZone-cross-sell-loader-text\"><\/div>\n\t\t<\/div>\n\t<\/div>\n\n\t\t\n<\/div>\n<div style=\"clear:both;\"><\/div><\/p>\n","protected":false},"excerpt":{"rendered":"<p>?? PROFESSIONELLE BARTPFLEGE &amp; STATEMENT T-SHIRT &#8211; Wir haben das perfekte Stylingset f\u00fcr den Bart zusammengestellt, bestehend aus einem hochwertigen, nat\u00fcrlichen Bartwachs, einer weichen Bartb\u00fcrste &amp; einem exklusiven Bartmanie T-Shirt! Ideal als kleine Aufmerksamkeit f\u00fcr alle Barttr\u00e4ger!<br \/>\n?? 100% PFLEGE MADE IN GERMANY &#8211; Unser Bartwachs auf Bienenwachsbasis macht das Barthaar wunderbar weich und geschmeidig, sodass es sich optimal stylen l\u00e4sst. Gleichzeitig pflegt es das Haar und die Gesichtshaut mit wertvollen Stoffen aus s\u00fc\u00dfer Mandel, Olive, Jojoba, Avocado und Kokosnuss<br \/>\n?? HANDLICH &amp; HANDGEFERTIGT &#8211; Mit den weichen Rosshaar-Borsten der Bartb\u00fcrste wird das Wachs gleichm\u00e4\u00dfig und m\u00fchelos im Bart verteilt wodurch er sich beliebig formen l\u00e4sst. Der warme Echtholzkopf liegt dabei gut in der Hand und sorgt f\u00fcr ein komfortables Handling<\/p>\n","protected":false},"featured_media":81846,"comment_status":"open","ping_status":"closed","template":"","meta":[],"product_brand":[],"product_cat":[566,6190],"product_tag":[],"class_list":{"0":"post-81845","1":"product","2":"type-product","3":"status-publish","4":"has-post-thumbnail","6":"product_cat-drogerie-koerperpflege","7":"product_cat-rasur-enthaarung","8":"pa_binding-misc","9":"pa_brand-bartmanie","10":"pa_color-styling-set","11":"pa_manufacturer-bartmanie","13":"first","14":"instock","15":"shipping-taxable","16":"purchasable","17":"product-type-simple","18":"customify-col","19":"product-has-gallery"},"yoast_head":"<!-- This site is optimized with the Yoast SEO plugin v27.4 - https:\/\/yoast.com\/product\/yoast-seo-wordpress\/ -->\n<title>Bartmanie Bartstyling-Set INKLUSIVE T-SHIRT bestehend aus Bartwachs (50ml) &amp; Bartb\u00fcrste, 3 teiliges Geschenkset f\u00fcr\u2026 - Markt-XXL<\/title>\n<meta name=\"description\" content=\"Markt-XXL Bartmanie Bartstyling-Set INKLUSIVE T-SHIRT bestehend aus Bartwachs (50ml) &amp; Bartb\u00fcrste, 3 teiliges Geschenkset f\u00fcr\u2026\" \/>\n<meta name=\"robots\" content=\"index, follow, max-snippet:-1, max-image-preview:large, max-video-preview:-1\" \/>\n<link rel=\"canonical\" href=\"https:\/\/marktxxl.de\/markt\/produkt\/bartmanie-bartstyling-set-inklusive-t-shirt-bestehend-aus-bartwachs-50ml-bartbuerste-3-teiliges-geschenkset-fuer-maenner-perfekte-vollbart-pflege-styling\/\" \/>\n<meta property=\"og:locale\" content=\"de_DE\" \/>\n<meta property=\"og:type\" content=\"article\" \/>\n<meta property=\"og:title\" content=\"Bartmanie Bartstyling-Set INKLUSIVE T-SHIRT bestehend aus Bartwachs (50ml) &amp; Bartb\u00fcrste, 3 teiliges Geschenkset f\u00fcr\u2026 - Markt-XXL\" \/>\n<meta property=\"og:description\" content=\"Markt-XXL Bartmanie Bartstyling-Set INKLUSIVE T-SHIRT bestehend aus Bartwachs (50ml) &amp; Bartb\u00fcrste, 3 teiliges Geschenkset f\u00fcr\u2026\" \/>\n<meta property=\"og:url\" content=\"https:\/\/marktxxl.de\/markt\/produkt\/bartmanie-bartstyling-set-inklusive-t-shirt-bestehend-aus-bartwachs-50ml-bartbuerste-3-teiliges-geschenkset-fuer-maenner-perfekte-vollbart-pflege-styling\/\" \/>\n<meta property=\"og:site_name\" content=\"Markt-XXL\" \/>\n<meta property=\"article:modified_time\" content=\"2023-04-07T00:12:23+00:00\" \/>\n<meta property=\"og:image\" content=\"https:\/\/m.media-amazon.com\/images\/I\/51-3gDzpdRL._SL500_.jpg\" \/>\n\t<meta property=\"og:image:width\" content=\"500\" \/>\n\t<meta property=\"og:image:height\" content=\"500\" \/>\n\t<meta property=\"og:image:type\" content=\"image\/jpeg\" \/>\n<meta name=\"twitter:card\" content=\"summary_large_image\" \/>\n<meta name=\"twitter:label1\" content=\"Gesch\u00e4tzte Lesezeit\" \/>\n\t<meta name=\"twitter:data1\" content=\"1\u00a0Minute\" \/>\n<script type=\"application\/ld+json\" class=\"yoast-schema-graph\">{\"@context\":\"https:\\\/\\\/schema.org\",\"@graph\":[{\"@type\":\"WebPage\",\"@id\":\"https:\\\/\\\/marktxxl.de\\\/markt\\\/produkt\\\/bartmanie-bartstyling-set-inklusive-t-shirt-bestehend-aus-bartwachs-50ml-bartbuerste-3-teiliges-geschenkset-fuer-maenner-perfekte-vollbart-pflege-styling\\\/\",\"url\":\"https:\\\/\\\/marktxxl.de\\\/markt\\\/produkt\\\/bartmanie-bartstyling-set-inklusive-t-shirt-bestehend-aus-bartwachs-50ml-bartbuerste-3-teiliges-geschenkset-fuer-maenner-perfekte-vollbart-pflege-styling\\\/\",\"name\":\"Bartmanie Bartstyling-Set INKLUSIVE T-SHIRT bestehend aus Bartwachs (50ml) &amp; Bartb\u00fcrste, 3 teiliges Geschenkset f\u00fcr\u2026 - Markt-XXL\",\"isPartOf\":{\"@id\":\"https:\\\/\\\/marktxxl.de\\\/markt\\\/#website\"},\"primaryImageOfPage\":{\"@id\":\"https:\\\/\\\/marktxxl.de\\\/markt\\\/produkt\\\/bartmanie-bartstyling-set-inklusive-t-shirt-bestehend-aus-bartwachs-50ml-bartbuerste-3-teiliges-geschenkset-fuer-maenner-perfekte-vollbart-pflege-styling\\\/#primaryimage\"},\"image\":{\"@id\":\"https:\\\/\\\/marktxxl.de\\\/markt\\\/produkt\\\/bartmanie-bartstyling-set-inklusive-t-shirt-bestehend-aus-bartwachs-50ml-bartbuerste-3-teiliges-geschenkset-fuer-maenner-perfekte-vollbart-pflege-styling\\\/#primaryimage\"},\"thumbnailUrl\":\"https:\\\/\\\/m.media-amazon.com\\\/images\\\/I\\\/51-3gDzpdRL._SL500_.jpg\",\"datePublished\":\"2021-11-25T17:51:02+00:00\",\"dateModified\":\"2023-04-07T00:12:23+00:00\",\"description\":\"Markt-XXL Bartmanie Bartstyling-Set INKLUSIVE T-SHIRT bestehend aus Bartwachs (50ml) &amp; Bartb\u00fcrste, 3 teiliges Geschenkset f\u00fcr\u2026\",\"breadcrumb\":{\"@id\":\"https:\\\/\\\/marktxxl.de\\\/markt\\\/produkt\\\/bartmanie-bartstyling-set-inklusive-t-shirt-bestehend-aus-bartwachs-50ml-bartbuerste-3-teiliges-geschenkset-fuer-maenner-perfekte-vollbart-pflege-styling\\\/#breadcrumb\"},\"inLanguage\":\"de\",\"potentialAction\":[{\"@type\":\"ReadAction\",\"target\":[\"https:\\\/\\\/marktxxl.de\\\/markt\\\/produkt\\\/bartmanie-bartstyling-set-inklusive-t-shirt-bestehend-aus-bartwachs-50ml-bartbuerste-3-teiliges-geschenkset-fuer-maenner-perfekte-vollbart-pflege-styling\\\/\"]}]},{\"@type\":\"ImageObject\",\"inLanguage\":\"de\",\"@id\":\"https:\\\/\\\/marktxxl.de\\\/markt\\\/produkt\\\/bartmanie-bartstyling-set-inklusive-t-shirt-bestehend-aus-bartwachs-50ml-bartbuerste-3-teiliges-geschenkset-fuer-maenner-perfekte-vollbart-pflege-styling\\\/#primaryimage\",\"url\":\"https:\\\/\\\/m.media-amazon.com\\\/images\\\/I\\\/51-3gDzpdRL._SL500_.jpg\",\"contentUrl\":\"https:\\\/\\\/m.media-amazon.com\\\/images\\\/I\\\/51-3gDzpdRL._SL500_.jpg\",\"width\":500,\"height\":500},{\"@type\":\"BreadcrumbList\",\"@id\":\"https:\\\/\\\/marktxxl.de\\\/markt\\\/produkt\\\/bartmanie-bartstyling-set-inklusive-t-shirt-bestehend-aus-bartwachs-50ml-bartbuerste-3-teiliges-geschenkset-fuer-maenner-perfekte-vollbart-pflege-styling\\\/#breadcrumb\",\"itemListElement\":[{\"@type\":\"ListItem\",\"position\":1,\"name\":\"Startseite\",\"item\":\"https:\\\/\\\/marktxxl.de\\\/markt\\\/\"},{\"@type\":\"ListItem\",\"position\":2,\"name\":\"Markt\",\"item\":\"https:\\\/\\\/marktxxl.de\\\/markt\\\/\"},{\"@type\":\"ListItem\",\"position\":3,\"name\":\"Bartmanie Bartstyling-Set INKLUSIVE T-SHIRT bestehend aus Bartwachs (50ml) &amp; Bartb\u00fcrste, 3 teiliges Geschenkset f\u00fcr\u2026\"}]},{\"@type\":\"WebSite\",\"@id\":\"https:\\\/\\\/marktxxl.de\\\/markt\\\/#website\",\"url\":\"https:\\\/\\\/marktxxl.de\\\/markt\\\/\",\"name\":\"Markt-XXL\",\"description\":\"Ihr Markt Online\",\"publisher\":{\"@id\":\"https:\\\/\\\/marktxxl.de\\\/markt\\\/#organization\"},\"potentialAction\":[{\"@type\":\"SearchAction\",\"target\":{\"@type\":\"EntryPoint\",\"urlTemplate\":\"https:\\\/\\\/marktxxl.de\\\/markt\\\/?s={search_term_string}\"},\"query-input\":{\"@type\":\"PropertyValueSpecification\",\"valueRequired\":true,\"valueName\":\"search_term_string\"}}],\"inLanguage\":\"de\"},{\"@type\":\"Organization\",\"@id\":\"https:\\\/\\\/marktxxl.de\\\/markt\\\/#organization\",\"name\":\"Markt-XXL\",\"url\":\"https:\\\/\\\/marktxxl.de\\\/markt\\\/\",\"logo\":{\"@type\":\"ImageObject\",\"inLanguage\":\"de\",\"@id\":\"https:\\\/\\\/marktxxl.de\\\/markt\\\/#\\\/schema\\\/logo\\\/image\\\/\",\"url\":\"https:\\\/\\\/marktxxl.de\\\/markt\\\/wp-content\\\/uploads\\\/sites\\\/3\\\/2020\\\/12\\\/logo.png\",\"contentUrl\":\"https:\\\/\\\/marktxxl.de\\\/markt\\\/wp-content\\\/uploads\\\/sites\\\/3\\\/2020\\\/12\\\/logo.png\",\"width\":200,\"height\":70,\"caption\":\"Markt-XXL\"},\"image\":{\"@id\":\"https:\\\/\\\/marktxxl.de\\\/markt\\\/#\\\/schema\\\/logo\\\/image\\\/\"}}]}<\/script>\n<!-- \/ Yoast SEO plugin. -->","yoast_head_json":{"title":"Bartmanie Bartstyling-Set INKLUSIVE T-SHIRT bestehend aus Bartwachs (50ml) &amp; Bartb\u00fcrste, 3 teiliges Geschenkset f\u00fcr\u2026 - Markt-XXL","description":"Markt-XXL Bartmanie Bartstyling-Set INKLUSIVE T-SHIRT bestehend aus Bartwachs (50ml) &amp; Bartb\u00fcrste, 3 teiliges Geschenkset f\u00fcr\u2026","robots":{"index":"index","follow":"follow","max-snippet":"max-snippet:-1","max-image-preview":"max-image-preview:large","max-video-preview":"max-video-preview:-1"},"canonical":"https:\/\/marktxxl.de\/markt\/produkt\/bartmanie-bartstyling-set-inklusive-t-shirt-bestehend-aus-bartwachs-50ml-bartbuerste-3-teiliges-geschenkset-fuer-maenner-perfekte-vollbart-pflege-styling\/","og_locale":"de_DE","og_type":"article","og_title":"Bartmanie Bartstyling-Set INKLUSIVE T-SHIRT bestehend aus Bartwachs (50ml) &amp; Bartb\u00fcrste, 3 teiliges Geschenkset f\u00fcr\u2026 - Markt-XXL","og_description":"Markt-XXL Bartmanie Bartstyling-Set INKLUSIVE T-SHIRT bestehend aus Bartwachs (50ml) &amp; Bartb\u00fcrste, 3 teiliges Geschenkset f\u00fcr\u2026","og_url":"https:\/\/marktxxl.de\/markt\/produkt\/bartmanie-bartstyling-set-inklusive-t-shirt-bestehend-aus-bartwachs-50ml-bartbuerste-3-teiliges-geschenkset-fuer-maenner-perfekte-vollbart-pflege-styling\/","og_site_name":"Markt-XXL","article_modified_time":"2023-04-07T00:12:23+00:00","og_image":[{"width":500,"height":500,"url":"https:\/\/m.media-amazon.com\/images\/I\/51-3gDzpdRL._SL500_.jpg","type":"image\/jpeg"}],"twitter_card":"summary_large_image","twitter_misc":{"Gesch\u00e4tzte Lesezeit":"1\u00a0Minute"},"schema":{"@context":"https:\/\/schema.org","@graph":[{"@type":"WebPage","@id":"https:\/\/marktxxl.de\/markt\/produkt\/bartmanie-bartstyling-set-inklusive-t-shirt-bestehend-aus-bartwachs-50ml-bartbuerste-3-teiliges-geschenkset-fuer-maenner-perfekte-vollbart-pflege-styling\/","url":"https:\/\/marktxxl.de\/markt\/produkt\/bartmanie-bartstyling-set-inklusive-t-shirt-bestehend-aus-bartwachs-50ml-bartbuerste-3-teiliges-geschenkset-fuer-maenner-perfekte-vollbart-pflege-styling\/","name":"Bartmanie Bartstyling-Set INKLUSIVE T-SHIRT bestehend aus Bartwachs (50ml) &amp; Bartb\u00fcrste, 3 teiliges Geschenkset f\u00fcr\u2026 - Markt-XXL","isPartOf":{"@id":"https:\/\/marktxxl.de\/markt\/#website"},"primaryImageOfPage":{"@id":"https:\/\/marktxxl.de\/markt\/produkt\/bartmanie-bartstyling-set-inklusive-t-shirt-bestehend-aus-bartwachs-50ml-bartbuerste-3-teiliges-geschenkset-fuer-maenner-perfekte-vollbart-pflege-styling\/#primaryimage"},"image":{"@id":"https:\/\/marktxxl.de\/markt\/produkt\/bartmanie-bartstyling-set-inklusive-t-shirt-bestehend-aus-bartwachs-50ml-bartbuerste-3-teiliges-geschenkset-fuer-maenner-perfekte-vollbart-pflege-styling\/#primaryimage"},"thumbnailUrl":"https:\/\/m.media-amazon.com\/images\/I\/51-3gDzpdRL._SL500_.jpg","datePublished":"2021-11-25T17:51:02+00:00","dateModified":"2023-04-07T00:12:23+00:00","description":"Markt-XXL Bartmanie Bartstyling-Set INKLUSIVE T-SHIRT bestehend aus Bartwachs (50ml) &amp; Bartb\u00fcrste, 3 teiliges Geschenkset f\u00fcr\u2026","breadcrumb":{"@id":"https:\/\/marktxxl.de\/markt\/produkt\/bartmanie-bartstyling-set-inklusive-t-shirt-bestehend-aus-bartwachs-50ml-bartbuerste-3-teiliges-geschenkset-fuer-maenner-perfekte-vollbart-pflege-styling\/#breadcrumb"},"inLanguage":"de","potentialAction":[{"@type":"ReadAction","target":["https:\/\/marktxxl.de\/markt\/produkt\/bartmanie-bartstyling-set-inklusive-t-shirt-bestehend-aus-bartwachs-50ml-bartbuerste-3-teiliges-geschenkset-fuer-maenner-perfekte-vollbart-pflege-styling\/"]}]},{"@type":"ImageObject","inLanguage":"de","@id":"https:\/\/marktxxl.de\/markt\/produkt\/bartmanie-bartstyling-set-inklusive-t-shirt-bestehend-aus-bartwachs-50ml-bartbuerste-3-teiliges-geschenkset-fuer-maenner-perfekte-vollbart-pflege-styling\/#primaryimage","url":"https:\/\/m.media-amazon.com\/images\/I\/51-3gDzpdRL._SL500_.jpg","contentUrl":"https:\/\/m.media-amazon.com\/images\/I\/51-3gDzpdRL._SL500_.jpg","width":500,"height":500},{"@type":"BreadcrumbList","@id":"https:\/\/marktxxl.de\/markt\/produkt\/bartmanie-bartstyling-set-inklusive-t-shirt-bestehend-aus-bartwachs-50ml-bartbuerste-3-teiliges-geschenkset-fuer-maenner-perfekte-vollbart-pflege-styling\/#breadcrumb","itemListElement":[{"@type":"ListItem","position":1,"name":"Startseite","item":"https:\/\/marktxxl.de\/markt\/"},{"@type":"ListItem","position":2,"name":"Markt","item":"https:\/\/marktxxl.de\/markt\/"},{"@type":"ListItem","position":3,"name":"Bartmanie Bartstyling-Set INKLUSIVE T-SHIRT bestehend aus Bartwachs (50ml) &amp; Bartb\u00fcrste, 3 teiliges Geschenkset f\u00fcr\u2026"}]},{"@type":"WebSite","@id":"https:\/\/marktxxl.de\/markt\/#website","url":"https:\/\/marktxxl.de\/markt\/","name":"Markt-XXL","description":"Ihr Markt Online","publisher":{"@id":"https:\/\/marktxxl.de\/markt\/#organization"},"potentialAction":[{"@type":"SearchAction","target":{"@type":"EntryPoint","urlTemplate":"https:\/\/marktxxl.de\/markt\/?s={search_term_string}"},"query-input":{"@type":"PropertyValueSpecification","valueRequired":true,"valueName":"search_term_string"}}],"inLanguage":"de"},{"@type":"Organization","@id":"https:\/\/marktxxl.de\/markt\/#organization","name":"Markt-XXL","url":"https:\/\/marktxxl.de\/markt\/","logo":{"@type":"ImageObject","inLanguage":"de","@id":"https:\/\/marktxxl.de\/markt\/#\/schema\/logo\/image\/","url":"https:\/\/marktxxl.de\/markt\/wp-content\/uploads\/sites\/3\/2020\/12\/logo.png","contentUrl":"https:\/\/marktxxl.de\/markt\/wp-content\/uploads\/sites\/3\/2020\/12\/logo.png","width":200,"height":70,"caption":"Markt-XXL"},"image":{"@id":"https:\/\/marktxxl.de\/markt\/#\/schema\/logo\/image\/"}}]}},"_links":{"self":[{"href":"https:\/\/marktxxl.de\/markt\/wp-json\/wp\/v2\/product\/81845","targetHints":{"allow":["GET"]}}],"collection":[{"href":"https:\/\/marktxxl.de\/markt\/wp-json\/wp\/v2\/product"}],"about":[{"href":"https:\/\/marktxxl.de\/markt\/wp-json\/wp\/v2\/types\/product"}],"replies":[{"embeddable":true,"href":"https:\/\/marktxxl.de\/markt\/wp-json\/wp\/v2\/comments?post=81845"}],"wp:featuredmedia":[{"embeddable":true,"href":"https:\/\/marktxxl.de\/markt\/wp-json\/wp\/v2\/media\/81846"}],"wp:attachment":[{"href":"https:\/\/marktxxl.de\/markt\/wp-json\/wp\/v2\/media?parent=81845"}],"wp:term":[{"taxonomy":"product_brand","embeddable":true,"href":"https:\/\/marktxxl.de\/markt\/wp-json\/wp\/v2\/product_brand?post=81845"},{"taxonomy":"product_cat","embeddable":true,"href":"https:\/\/marktxxl.de\/markt\/wp-json\/wp\/v2\/product_cat?post=81845"},{"taxonomy":"product_tag","embeddable":true,"href":"https:\/\/marktxxl.de\/markt\/wp-json\/wp\/v2\/product_tag?post=81845"}],"curies":[{"name":"wp","href":"https:\/\/api.w.org\/{rel}","templated":true}]}}