{"id":81801,"date":"2021-11-25T18:48:03","date_gmt":"2021-11-25T17:48:03","guid":{"rendered":"https:\/\/marktxxl.de\/markt\/produkt\/2-x-wilkinson-quattro-for-women-rasierer-und-6-x-klingen-mit-papaya-pearl-complex\/"},"modified":"2023-04-07T02:12:22","modified_gmt":"2023-04-07T00:12:22","slug":"2-x-wilkinson-quattro-for-women-rasierer-und-6-x-klingen-mit-papaya-pearl-complex","status":"publish","type":"product","link":"https:\/\/marktxxl.de\/markt\/produkt\/2-x-wilkinson-quattro-for-women-rasierer-und-6-x-klingen-mit-papaya-pearl-complex\/","title":{"rendered":"2 x Wilkinson Quattro for Women Rasierer und 6 x Klingen mit Papaya &amp; Pearl Complex"},"content":{"rendered":"<p>Vier ultrad\u00fcnne Klingen mit beweglichem Schwingkopf sorgen f\u00fcr tagelang samtweiche Haut an Achseln, Beinen und im Bereich der Bikinizone.<br \/>\nDie Gleitstreifen mit Papaya und Pearl Complex lassen den Rasierer sanft \u00fcber die Haut gleiten.<br \/>\nSpezielle Schutzb\u00fcgel vor den Klingen bieten zus\u00e4tzlichen Schutz vor Hautirritationen.<br \/>\nDer bewegliche Schwingkopf sorgt f\u00fcr eine einfache Handhabung und passt sich auch an schwer erreichbaren Stellen der weiblichen K\u00f6rperform an.<br \/>\nWilkinson Quattro for Women erm\u00f6glicht eine gr\u00fcndliche Rasur, die tagelang f\u00fcr samtweiche Haut sorgt.<br \/>\n<div class=\"main-cross-sell\" data-asin=\"B077RDFM1B\">\n\n\t<div class=\"WooZone-cross-sell-loader\">\n\t\t<div>\n\t\t\t<div id=\"floatingBarsG\">\n\t\t\t\t<div class=\"blockG\" id=\"rotateG_01\"><\/div>\n\t\t\t\t<div class=\"blockG\" id=\"rotateG_02\"><\/div>\n\t\t\t\t<div class=\"blockG\" id=\"rotateG_03\"><\/div>\n\t\t\t\t<div class=\"blockG\" id=\"rotateG_04\"><\/div>\n\t\t\t\t<div class=\"blockG\" id=\"rotateG_05\"><\/div>\n\t\t\t\t<div class=\"blockG\" id=\"rotateG_06\"><\/div>\n\t\t\t\t<div class=\"blockG\" id=\"rotateG_07\"><\/div>\n\t\t\t\t<div class=\"blockG\" id=\"rotateG_08\"><\/div>\n\t\t\t<\/div>\n\t\t\t<div class=\"WooZone-cross-sell-loader-text\"><\/div>\n\t\t<\/div>\n\t<\/div>\n\n\t\t\n<\/div>\n<div style=\"clear:both;\"><\/div><\/p>\n","protected":false},"excerpt":{"rendered":"<p>Vier ultrad\u00fcnne Klingen mit beweglichem Schwingkopf sorgen f\u00fcr tagelang samtweiche Haut an Achseln, Beinen und im Bereich der Bikinizone.<br \/>\nDie Gleitstreifen mit Papaya und Pearl Complex lassen den Rasierer sanft \u00fcber die Haut gleiten.<br \/>\nSpezielle Schutzb\u00fcgel vor den Klingen bieten zus\u00e4tzlichen Schutz vor Hautirritationen.<\/p>\n","protected":false},"featured_media":81802,"comment_status":"open","ping_status":"closed","template":"","meta":[],"product_brand":[],"product_cat":[566,6190],"product_tag":[],"class_list":{"0":"post-81801","1":"product","2":"type-product","3":"status-publish","4":"has-post-thumbnail","6":"product_cat-drogerie-koerperpflege","7":"product_cat-rasur-enthaarung","8":"pa_brand-wilkinson","9":"pa_manufacturer-wilkinson","10":"pa_size-3-stueck-2er-pack","12":"first","13":"instock","14":"shipping-taxable","15":"purchasable","16":"product-type-simple","17":"customify-col","18":"product-has-gallery"},"yoast_head":"<!-- This site is optimized with the Yoast SEO plugin v27.3 - https:\/\/yoast.com\/product\/yoast-seo-wordpress\/ -->\n<title>2 x Wilkinson Quattro for Women Rasierer und 6 x Klingen mit Papaya &amp; Pearl Complex - Markt-XXL<\/title>\n<meta name=\"description\" content=\"Markt-XXL 2 x Wilkinson Quattro for Women Rasierer und 6 x Klingen mit Papaya &amp; Pearl Complex\" \/>\n<meta name=\"robots\" content=\"index, follow, max-snippet:-1, max-image-preview:large, max-video-preview:-1\" \/>\n<link rel=\"canonical\" href=\"https:\/\/marktxxl.de\/markt\/produkt\/2-x-wilkinson-quattro-for-women-rasierer-und-6-x-klingen-mit-papaya-pearl-complex\/\" \/>\n<meta property=\"og:locale\" content=\"de_DE\" \/>\n<meta property=\"og:type\" content=\"article\" \/>\n<meta property=\"og:title\" content=\"2 x Wilkinson Quattro for Women Rasierer und 6 x Klingen mit Papaya &amp; Pearl Complex - Markt-XXL\" \/>\n<meta property=\"og:description\" content=\"Markt-XXL 2 x Wilkinson Quattro for Women Rasierer und 6 x Klingen mit Papaya &amp; Pearl Complex\" \/>\n<meta property=\"og:url\" content=\"https:\/\/marktxxl.de\/markt\/produkt\/2-x-wilkinson-quattro-for-women-rasierer-und-6-x-klingen-mit-papaya-pearl-complex\/\" \/>\n<meta property=\"og:site_name\" content=\"Markt-XXL\" \/>\n<meta property=\"article:modified_time\" content=\"2023-04-07T00:12:22+00:00\" \/>\n<meta property=\"og:image\" content=\"https:\/\/m.media-amazon.com\/images\/I\/51gKhPp9xhL._SL500_.jpg\" \/>\n\t<meta property=\"og:image:width\" content=\"500\" \/>\n\t<meta property=\"og:image:height\" content=\"500\" \/>\n\t<meta property=\"og:image:type\" content=\"image\/jpeg\" \/>\n<meta name=\"twitter:card\" content=\"summary_large_image\" \/>\n<script type=\"application\/ld+json\" class=\"yoast-schema-graph\">{\"@context\":\"https:\\\/\\\/schema.org\",\"@graph\":[{\"@type\":\"WebPage\",\"@id\":\"https:\\\/\\\/marktxxl.de\\\/markt\\\/produkt\\\/2-x-wilkinson-quattro-for-women-rasierer-und-6-x-klingen-mit-papaya-pearl-complex\\\/\",\"url\":\"https:\\\/\\\/marktxxl.de\\\/markt\\\/produkt\\\/2-x-wilkinson-quattro-for-women-rasierer-und-6-x-klingen-mit-papaya-pearl-complex\\\/\",\"name\":\"2 x Wilkinson Quattro for Women Rasierer und 6 x Klingen mit Papaya &amp; Pearl Complex - Markt-XXL\",\"isPartOf\":{\"@id\":\"https:\\\/\\\/marktxxl.de\\\/markt\\\/#website\"},\"primaryImageOfPage\":{\"@id\":\"https:\\\/\\\/marktxxl.de\\\/markt\\\/produkt\\\/2-x-wilkinson-quattro-for-women-rasierer-und-6-x-klingen-mit-papaya-pearl-complex\\\/#primaryimage\"},\"image\":{\"@id\":\"https:\\\/\\\/marktxxl.de\\\/markt\\\/produkt\\\/2-x-wilkinson-quattro-for-women-rasierer-und-6-x-klingen-mit-papaya-pearl-complex\\\/#primaryimage\"},\"thumbnailUrl\":\"https:\\\/\\\/m.media-amazon.com\\\/images\\\/I\\\/51gKhPp9xhL._SL500_.jpg\",\"datePublished\":\"2021-11-25T17:48:03+00:00\",\"dateModified\":\"2023-04-07T00:12:22+00:00\",\"description\":\"Markt-XXL 2 x Wilkinson Quattro for Women Rasierer und 6 x Klingen mit Papaya &amp; Pearl Complex\",\"breadcrumb\":{\"@id\":\"https:\\\/\\\/marktxxl.de\\\/markt\\\/produkt\\\/2-x-wilkinson-quattro-for-women-rasierer-und-6-x-klingen-mit-papaya-pearl-complex\\\/#breadcrumb\"},\"inLanguage\":\"de\",\"potentialAction\":[{\"@type\":\"ReadAction\",\"target\":[\"https:\\\/\\\/marktxxl.de\\\/markt\\\/produkt\\\/2-x-wilkinson-quattro-for-women-rasierer-und-6-x-klingen-mit-papaya-pearl-complex\\\/\"]}]},{\"@type\":\"ImageObject\",\"inLanguage\":\"de\",\"@id\":\"https:\\\/\\\/marktxxl.de\\\/markt\\\/produkt\\\/2-x-wilkinson-quattro-for-women-rasierer-und-6-x-klingen-mit-papaya-pearl-complex\\\/#primaryimage\",\"url\":\"https:\\\/\\\/m.media-amazon.com\\\/images\\\/I\\\/51gKhPp9xhL._SL500_.jpg\",\"contentUrl\":\"https:\\\/\\\/m.media-amazon.com\\\/images\\\/I\\\/51gKhPp9xhL._SL500_.jpg\",\"width\":500,\"height\":500},{\"@type\":\"BreadcrumbList\",\"@id\":\"https:\\\/\\\/marktxxl.de\\\/markt\\\/produkt\\\/2-x-wilkinson-quattro-for-women-rasierer-und-6-x-klingen-mit-papaya-pearl-complex\\\/#breadcrumb\",\"itemListElement\":[{\"@type\":\"ListItem\",\"position\":1,\"name\":\"Startseite\",\"item\":\"https:\\\/\\\/marktxxl.de\\\/markt\\\/\"},{\"@type\":\"ListItem\",\"position\":2,\"name\":\"Markt\",\"item\":\"https:\\\/\\\/marktxxl.de\\\/markt\\\/\"},{\"@type\":\"ListItem\",\"position\":3,\"name\":\"2 x Wilkinson Quattro for Women Rasierer und 6 x Klingen mit Papaya &amp; Pearl Complex\"}]},{\"@type\":\"WebSite\",\"@id\":\"https:\\\/\\\/marktxxl.de\\\/markt\\\/#website\",\"url\":\"https:\\\/\\\/marktxxl.de\\\/markt\\\/\",\"name\":\"Markt-XXL\",\"description\":\"Ihr Markt Online\",\"publisher\":{\"@id\":\"https:\\\/\\\/marktxxl.de\\\/markt\\\/#organization\"},\"potentialAction\":[{\"@type\":\"SearchAction\",\"target\":{\"@type\":\"EntryPoint\",\"urlTemplate\":\"https:\\\/\\\/marktxxl.de\\\/markt\\\/?s={search_term_string}\"},\"query-input\":{\"@type\":\"PropertyValueSpecification\",\"valueRequired\":true,\"valueName\":\"search_term_string\"}}],\"inLanguage\":\"de\"},{\"@type\":\"Organization\",\"@id\":\"https:\\\/\\\/marktxxl.de\\\/markt\\\/#organization\",\"name\":\"Markt-XXL\",\"url\":\"https:\\\/\\\/marktxxl.de\\\/markt\\\/\",\"logo\":{\"@type\":\"ImageObject\",\"inLanguage\":\"de\",\"@id\":\"https:\\\/\\\/marktxxl.de\\\/markt\\\/#\\\/schema\\\/logo\\\/image\\\/\",\"url\":\"https:\\\/\\\/marktxxl.de\\\/markt\\\/wp-content\\\/uploads\\\/sites\\\/3\\\/2020\\\/12\\\/logo.png\",\"contentUrl\":\"https:\\\/\\\/marktxxl.de\\\/markt\\\/wp-content\\\/uploads\\\/sites\\\/3\\\/2020\\\/12\\\/logo.png\",\"width\":200,\"height\":70,\"caption\":\"Markt-XXL\"},\"image\":{\"@id\":\"https:\\\/\\\/marktxxl.de\\\/markt\\\/#\\\/schema\\\/logo\\\/image\\\/\"}}]}<\/script>\n<!-- \/ Yoast SEO plugin. -->","yoast_head_json":{"title":"2 x Wilkinson Quattro for Women Rasierer und 6 x Klingen mit Papaya &amp; Pearl Complex - Markt-XXL","description":"Markt-XXL 2 x Wilkinson Quattro for Women Rasierer und 6 x Klingen mit Papaya &amp; Pearl Complex","robots":{"index":"index","follow":"follow","max-snippet":"max-snippet:-1","max-image-preview":"max-image-preview:large","max-video-preview":"max-video-preview:-1"},"canonical":"https:\/\/marktxxl.de\/markt\/produkt\/2-x-wilkinson-quattro-for-women-rasierer-und-6-x-klingen-mit-papaya-pearl-complex\/","og_locale":"de_DE","og_type":"article","og_title":"2 x Wilkinson Quattro for Women Rasierer und 6 x Klingen mit Papaya &amp; Pearl Complex - Markt-XXL","og_description":"Markt-XXL 2 x Wilkinson Quattro for Women Rasierer und 6 x Klingen mit Papaya &amp; Pearl Complex","og_url":"https:\/\/marktxxl.de\/markt\/produkt\/2-x-wilkinson-quattro-for-women-rasierer-und-6-x-klingen-mit-papaya-pearl-complex\/","og_site_name":"Markt-XXL","article_modified_time":"2023-04-07T00:12:22+00:00","og_image":[{"width":500,"height":500,"url":"https:\/\/m.media-amazon.com\/images\/I\/51gKhPp9xhL._SL500_.jpg","type":"image\/jpeg"}],"twitter_card":"summary_large_image","schema":{"@context":"https:\/\/schema.org","@graph":[{"@type":"WebPage","@id":"https:\/\/marktxxl.de\/markt\/produkt\/2-x-wilkinson-quattro-for-women-rasierer-und-6-x-klingen-mit-papaya-pearl-complex\/","url":"https:\/\/marktxxl.de\/markt\/produkt\/2-x-wilkinson-quattro-for-women-rasierer-und-6-x-klingen-mit-papaya-pearl-complex\/","name":"2 x Wilkinson Quattro for Women Rasierer und 6 x Klingen mit Papaya &amp; Pearl Complex - Markt-XXL","isPartOf":{"@id":"https:\/\/marktxxl.de\/markt\/#website"},"primaryImageOfPage":{"@id":"https:\/\/marktxxl.de\/markt\/produkt\/2-x-wilkinson-quattro-for-women-rasierer-und-6-x-klingen-mit-papaya-pearl-complex\/#primaryimage"},"image":{"@id":"https:\/\/marktxxl.de\/markt\/produkt\/2-x-wilkinson-quattro-for-women-rasierer-und-6-x-klingen-mit-papaya-pearl-complex\/#primaryimage"},"thumbnailUrl":"https:\/\/m.media-amazon.com\/images\/I\/51gKhPp9xhL._SL500_.jpg","datePublished":"2021-11-25T17:48:03+00:00","dateModified":"2023-04-07T00:12:22+00:00","description":"Markt-XXL 2 x Wilkinson Quattro for Women Rasierer und 6 x Klingen mit Papaya &amp; Pearl Complex","breadcrumb":{"@id":"https:\/\/marktxxl.de\/markt\/produkt\/2-x-wilkinson-quattro-for-women-rasierer-und-6-x-klingen-mit-papaya-pearl-complex\/#breadcrumb"},"inLanguage":"de","potentialAction":[{"@type":"ReadAction","target":["https:\/\/marktxxl.de\/markt\/produkt\/2-x-wilkinson-quattro-for-women-rasierer-und-6-x-klingen-mit-papaya-pearl-complex\/"]}]},{"@type":"ImageObject","inLanguage":"de","@id":"https:\/\/marktxxl.de\/markt\/produkt\/2-x-wilkinson-quattro-for-women-rasierer-und-6-x-klingen-mit-papaya-pearl-complex\/#primaryimage","url":"https:\/\/m.media-amazon.com\/images\/I\/51gKhPp9xhL._SL500_.jpg","contentUrl":"https:\/\/m.media-amazon.com\/images\/I\/51gKhPp9xhL._SL500_.jpg","width":500,"height":500},{"@type":"BreadcrumbList","@id":"https:\/\/marktxxl.de\/markt\/produkt\/2-x-wilkinson-quattro-for-women-rasierer-und-6-x-klingen-mit-papaya-pearl-complex\/#breadcrumb","itemListElement":[{"@type":"ListItem","position":1,"name":"Startseite","item":"https:\/\/marktxxl.de\/markt\/"},{"@type":"ListItem","position":2,"name":"Markt","item":"https:\/\/marktxxl.de\/markt\/"},{"@type":"ListItem","position":3,"name":"2 x Wilkinson Quattro for Women Rasierer und 6 x Klingen mit Papaya &amp; Pearl Complex"}]},{"@type":"WebSite","@id":"https:\/\/marktxxl.de\/markt\/#website","url":"https:\/\/marktxxl.de\/markt\/","name":"Markt-XXL","description":"Ihr Markt Online","publisher":{"@id":"https:\/\/marktxxl.de\/markt\/#organization"},"potentialAction":[{"@type":"SearchAction","target":{"@type":"EntryPoint","urlTemplate":"https:\/\/marktxxl.de\/markt\/?s={search_term_string}"},"query-input":{"@type":"PropertyValueSpecification","valueRequired":true,"valueName":"search_term_string"}}],"inLanguage":"de"},{"@type":"Organization","@id":"https:\/\/marktxxl.de\/markt\/#organization","name":"Markt-XXL","url":"https:\/\/marktxxl.de\/markt\/","logo":{"@type":"ImageObject","inLanguage":"de","@id":"https:\/\/marktxxl.de\/markt\/#\/schema\/logo\/image\/","url":"https:\/\/marktxxl.de\/markt\/wp-content\/uploads\/sites\/3\/2020\/12\/logo.png","contentUrl":"https:\/\/marktxxl.de\/markt\/wp-content\/uploads\/sites\/3\/2020\/12\/logo.png","width":200,"height":70,"caption":"Markt-XXL"},"image":{"@id":"https:\/\/marktxxl.de\/markt\/#\/schema\/logo\/image\/"}}]}},"_links":{"self":[{"href":"https:\/\/marktxxl.de\/markt\/wp-json\/wp\/v2\/product\/81801","targetHints":{"allow":["GET"]}}],"collection":[{"href":"https:\/\/marktxxl.de\/markt\/wp-json\/wp\/v2\/product"}],"about":[{"href":"https:\/\/marktxxl.de\/markt\/wp-json\/wp\/v2\/types\/product"}],"replies":[{"embeddable":true,"href":"https:\/\/marktxxl.de\/markt\/wp-json\/wp\/v2\/comments?post=81801"}],"wp:featuredmedia":[{"embeddable":true,"href":"https:\/\/marktxxl.de\/markt\/wp-json\/wp\/v2\/media\/81802"}],"wp:attachment":[{"href":"https:\/\/marktxxl.de\/markt\/wp-json\/wp\/v2\/media?parent=81801"}],"wp:term":[{"taxonomy":"product_brand","embeddable":true,"href":"https:\/\/marktxxl.de\/markt\/wp-json\/wp\/v2\/product_brand?post=81801"},{"taxonomy":"product_cat","embeddable":true,"href":"https:\/\/marktxxl.de\/markt\/wp-json\/wp\/v2\/product_cat?post=81801"},{"taxonomy":"product_tag","embeddable":true,"href":"https:\/\/marktxxl.de\/markt\/wp-json\/wp\/v2\/product_tag?post=81801"}],"curies":[{"name":"wp","href":"https:\/\/api.w.org\/{rel}","templated":true}]}}